{"id":2291,"date":"2015-08-28T13:53:29","date_gmt":"2015-08-28T13:53:29","guid":{"rendered":"http:\/\/www.ahmadiyya-islam.org\/se\/?page_id=2291"},"modified":"2015-08-28T14:01:48","modified_gmt":"2015-08-28T14:01:48","slug":"den-heliga-koranen","status":"publish","type":"page","link":"https:\/\/www.ahmadiyya-islam.org\/se\/islam_old\/den-heliga-koranen\/","title":{"rendered":"Den heliga Koranen"},"content":{"rendered":"<h1><\/h1>\n<p>Den heliga Koranen \u00e4r en sammanst\u00e4llning av de verbala uppenbarelserna som presenterades till den Heliga Profeten Muhammad (saw) under en period av tjugotre \u00e5r. Den Heliga Koranen \u00e4r muslimernas Heliga Bok eller Heliga Skrifter. Den fastst\u00e4ller f\u00f6r dem lagen och buden, koder f\u00f6r deras sociala och moraliska beteende samt inneh\u00e5ller en omfattande religi\u00f6s filosofi . Spr\u00e5ket i Koranen \u00e4r arabiska.<\/p>\n<p>F\u00f6rutom dess r\u00e4tta namn, \u00e4r Koranen \u00e4ven k\u00e4nd under namnen: al Kitab (Boken); al Furqan (\u00c5tskiljandet); al Dhikr (Expositionen); al Bayan (F\u00f6rklaringen); al Burhan (Argumentet); al Haqq (Sanningen); al Tanzil (Uppenbarelsen); al Hikmat (Visheten); al Huda (Guiden); al Hukm (Domen); al Mau&#8217;izah (Tillr\u00e4ttavisningen); al Rahmat (Barmh\u00e4rtigheten); al &#8211; Noor (Ljuset); al Rooh (Ordet).<\/p>\n<h2>Suror och verser<\/h2>\n<p>Den heliga Koranen \u00e4r indelad i 114 Suror eller Kapitel och varje Kapitel best\u00e5r av enskilda Ayaat eller verser. Det finns totalt 6,348 verser i den Heliga Koranen. Surorna \u00e4r av varierande l\u00e4ngd, en del best\u00e5r av n\u00e5gra f\u00e5r rader medan andra forts\u00e4tter \u00f6ver flera sidor. Sura al Baqarah (Kapitel 2) \u00e4r det l\u00e4ngsta kapitelet som omfattar 287 verser medan Sura al Kauthar (Kapitel 108) \u00e4r den kortaste med endast fyra verser.<\/p>\n<p>Texten i den Heliga Koranen har f\u00f6rblivit of\u00f6r\u00e4ndrat under de senaste 1400 \u00e5ren. De miljontals exemplar av Koranen, som cirkulerar i v\u00e4rlden idag, \u00e4r alla identiska ned till vartenda en bokstav. Och det \u00e4r inte s\u00e5 konstigt eftersom Gud s\u00e4ger i den Heliga Koranen att Han sj\u00e4lv kommer att bevaka denna bok:<\/p>\n<p><strong>\u201c<\/strong><strong>Det <\/strong><strong>\u00e4<\/strong><strong>r i sanning Vi Som har s<\/strong><strong>\u00e4<\/strong><strong>nt ned denna F<\/strong><strong>\u00f6<\/strong><strong>rmaning, och Vi <\/strong><strong>\u00e4<\/strong><strong>r helt f<\/strong><strong>\u00f6<\/strong><strong>rvisso dess Beskyddare.<\/strong><strong>\u201d<\/strong><strong> (<\/strong><a href=\"http:\/\/www.alislam.org\/quran\/tafseer\/?verse=15:10\"><strong>15:10<\/strong><\/a><strong>)<\/strong><\/p>\n<h2>Vad inneh\u00e5ller den Heliga Koranen<\/h2>\n<p>F\u00f6r muslimerna \u00e4r Koranen Guds Ord och inneh\u00e5ller en fullst\u00e4ndig v\u00e4gledning f\u00f6r m\u00e4nskligheten. En stor del av Koranen handlar om Gud, Hans attribut och m\u00e4nniskans f\u00f6rh\u00e5llande till Honom. Men den inneh\u00e5ller ocks\u00e5 direktiv f\u00f6r dess anh\u00e4ngare, historiska redog\u00f6relse av vissa profeter och folk, argument f\u00f6r att acceptera Muhammed som en autentisk Profet och goda nyheter f\u00f6r de troende och varningar f\u00f6r de icke troende. I stora drag, kan inneh\u00e5llet i den heliga Koranen delas in i fem huvudkategorier:<\/p>\n<ol>\n<li>Karakt\u00e4ren av den Andliga V\u00e4rlden<\/li>\n<li>Lagen och budorden<\/li>\n<li>Historiska redog\u00f6relser<\/li>\n<li>Visheten<\/li>\n<li>Profetior (uppenbarelser)<\/li>\n<\/ol>\n","protected":false},"excerpt":{"rendered":"<p>Den heliga Koranen \u00e4r en sammanst\u00e4llning av de verbala uppenbarelserna som presenterades till den Heliga Profeten Muhammad (saw) under en period av tjugotre \u00e5r. Den Heliga Koranen \u00e4r muslimernas Heliga Bok eller Heliga Skrifter. Den fastst\u00e4ller f\u00f6r dem lagen och buden, koder f\u00f6r deras sociala och moraliska beteende samt inneh\u00e5ller en omfattande religi\u00f6s filosofi .<\/p>\n","protected":false},"author":13,"featured_media":0,"parent":322,"menu_order":0,"comment_status":"open","ping_status":"closed","template":"","meta":{"_acf_changed":false,"footnotes":""},"class_list":["post-2291","page","type-page","status-publish","hentry"],"acf":[],"yoast_head":"<!-- This site is optimized with the Yoast SEO Premium plugin v21.1 (Yoast SEO v27.0) - https:\/\/yoast.com\/product\/yoast-seo-premium-wordpress\/ -->\n<title>Den heliga Koranen - Islams Ahmadiyya F\u00f6rsamling<\/title>\n<meta name=\"robots\" content=\"index, follow, max-snippet:-1, max-image-preview:large, max-video-preview:-1\" \/>\n<link rel=\"canonical\" href=\"https:\/\/www.ahmadiyya-islam.org\/se\/islam_old\/den-heliga-koranen\/\" \/>\n<meta property=\"og:locale\" content=\"sv_SE\" \/>\n<meta property=\"og:type\" content=\"article\" \/>\n<meta property=\"og:title\" content=\"Den heliga Koranen\" \/>\n<meta property=\"og:description\" content=\"Den heliga Koranen \u00e4r en sammanst\u00e4llning av de verbala uppenbarelserna som presenterades till den Heliga Profeten Muhammad (saw) under en period av tjugotre \u00e5r. Den Heliga Koranen \u00e4r muslimernas Heliga Bok eller Heliga Skrifter. Den fastst\u00e4ller f\u00f6r dem lagen och buden, koder f\u00f6r deras sociala och moraliska beteende samt inneh\u00e5ller en omfattande religi\u00f6s filosofi .\" \/>\n<meta property=\"og:url\" content=\"https:\/\/www.ahmadiyya-islam.org\/se\/islam_old\/den-heliga-koranen\/\" \/>\n<meta property=\"og:site_name\" content=\"Islams Ahmadiyya F\u00f6rsamling\" \/>\n<meta property=\"article:modified_time\" content=\"2015-08-28T14:01:48+00:00\" \/>\n<meta name=\"twitter:card\" content=\"summary_large_image\" \/>\n<meta name=\"twitter:label1\" content=\"Ber\u00e4knad l\u00e4stid\" \/>\n\t<meta name=\"twitter:data1\" content=\"2 minuter\" \/>\n<script type=\"application\/ld+json\" class=\"yoast-schema-graph\">{\"@context\":\"https:\/\/schema.org\",\"@graph\":[{\"@type\":\"WebPage\",\"@id\":\"https:\/\/www.ahmadiyya-islam.org\/se\/islam_old\/den-heliga-koranen\/\",\"url\":\"https:\/\/www.ahmadiyya-islam.org\/se\/islam_old\/den-heliga-koranen\/\",\"name\":\"Den heliga Koranen - Islams Ahmadiyya F\u00f6rsamling\",\"isPartOf\":{\"@id\":\"https:\/\/www.ahmadiyya-islam.org\/se\/#website\"},\"datePublished\":\"2015-08-28T13:53:29+00:00\",\"dateModified\":\"2015-08-28T14:01:48+00:00\",\"breadcrumb\":{\"@id\":\"https:\/\/www.ahmadiyya-islam.org\/se\/islam_old\/den-heliga-koranen\/#breadcrumb\"},\"inLanguage\":\"sv-SE\",\"potentialAction\":[{\"@type\":\"ReadAction\",\"target\":[\"https:\/\/www.ahmadiyya-islam.org\/se\/islam_old\/den-heliga-koranen\/\"]}]},{\"@type\":\"BreadcrumbList\",\"@id\":\"https:\/\/www.ahmadiyya-islam.org\/se\/islam_old\/den-heliga-koranen\/#breadcrumb\",\"itemListElement\":[{\"@type\":\"ListItem\",\"position\":1,\"name\":\"Home\",\"item\":\"https:\/\/www.ahmadiyya-islam.org\/se\/\"},{\"@type\":\"ListItem\",\"position\":2,\"name\":\"Islam\",\"item\":\"https:\/\/www.ahmadiyya-islam.org\/se\/islam_old\/\"},{\"@type\":\"ListItem\",\"position\":3,\"name\":\"Den heliga Koranen\"}]},{\"@type\":\"WebSite\",\"@id\":\"https:\/\/www.ahmadiyya-islam.org\/se\/#website\",\"url\":\"https:\/\/www.ahmadiyya-islam.org\/se\/\",\"name\":\"Islams Ahmadiyya F\u00f6rsamling\",\"description\":\"Sverige\",\"potentialAction\":[{\"@type\":\"SearchAction\",\"target\":{\"@type\":\"EntryPoint\",\"urlTemplate\":\"https:\/\/www.ahmadiyya-islam.org\/se\/?s={search_term_string}\"},\"query-input\":{\"@type\":\"PropertyValueSpecification\",\"valueRequired\":true,\"valueName\":\"search_term_string\"}}],\"inLanguage\":\"sv-SE\"}]}<\/script>\n<!-- \/ Yoast SEO Premium plugin. -->","yoast_head_json":{"title":"Den heliga Koranen - Islams Ahmadiyya F\u00f6rsamling","robots":{"index":"index","follow":"follow","max-snippet":"max-snippet:-1","max-image-preview":"max-image-preview:large","max-video-preview":"max-video-preview:-1"},"canonical":"https:\/\/www.ahmadiyya-islam.org\/se\/islam_old\/den-heliga-koranen\/","og_locale":"sv_SE","og_type":"article","og_title":"Den heliga Koranen","og_description":"Den heliga Koranen \u00e4r en sammanst\u00e4llning av de verbala uppenbarelserna som presenterades till den Heliga Profeten Muhammad (saw) under en period av tjugotre \u00e5r. Den Heliga Koranen \u00e4r muslimernas Heliga Bok eller Heliga Skrifter. Den fastst\u00e4ller f\u00f6r dem lagen och buden, koder f\u00f6r deras sociala och moraliska beteende samt inneh\u00e5ller en omfattande religi\u00f6s filosofi .","og_url":"https:\/\/www.ahmadiyya-islam.org\/se\/islam_old\/den-heliga-koranen\/","og_site_name":"Islams Ahmadiyya F\u00f6rsamling","article_modified_time":"2015-08-28T14:01:48+00:00","twitter_card":"summary_large_image","twitter_misc":{"Ber\u00e4knad l\u00e4stid":"2 minuter"},"schema":{"@context":"https:\/\/schema.org","@graph":[{"@type":"WebPage","@id":"https:\/\/www.ahmadiyya-islam.org\/se\/islam_old\/den-heliga-koranen\/","url":"https:\/\/www.ahmadiyya-islam.org\/se\/islam_old\/den-heliga-koranen\/","name":"Den heliga Koranen - Islams Ahmadiyya F\u00f6rsamling","isPartOf":{"@id":"https:\/\/www.ahmadiyya-islam.org\/se\/#website"},"datePublished":"2015-08-28T13:53:29+00:00","dateModified":"2015-08-28T14:01:48+00:00","breadcrumb":{"@id":"https:\/\/www.ahmadiyya-islam.org\/se\/islam_old\/den-heliga-koranen\/#breadcrumb"},"inLanguage":"sv-SE","potentialAction":[{"@type":"ReadAction","target":["https:\/\/www.ahmadiyya-islam.org\/se\/islam_old\/den-heliga-koranen\/"]}]},{"@type":"BreadcrumbList","@id":"https:\/\/www.ahmadiyya-islam.org\/se\/islam_old\/den-heliga-koranen\/#breadcrumb","itemListElement":[{"@type":"ListItem","position":1,"name":"Home","item":"https:\/\/www.ahmadiyya-islam.org\/se\/"},{"@type":"ListItem","position":2,"name":"Islam","item":"https:\/\/www.ahmadiyya-islam.org\/se\/islam_old\/"},{"@type":"ListItem","position":3,"name":"Den heliga Koranen"}]},{"@type":"WebSite","@id":"https:\/\/www.ahmadiyya-islam.org\/se\/#website","url":"https:\/\/www.ahmadiyya-islam.org\/se\/","name":"Islams Ahmadiyya F\u00f6rsamling","description":"Sverige","potentialAction":[{"@type":"SearchAction","target":{"@type":"EntryPoint","urlTemplate":"https:\/\/www.ahmadiyya-islam.org\/se\/?s={search_term_string}"},"query-input":{"@type":"PropertyValueSpecification","valueRequired":true,"valueName":"search_term_string"}}],"inLanguage":"sv-SE"}]}},"_links":{"self":[{"href":"https:\/\/www.ahmadiyya-islam.org\/se\/wp-json\/wp\/v2\/pages\/2291","targetHints":{"allow":["GET"]}}],"collection":[{"href":"https:\/\/www.ahmadiyya-islam.org\/se\/wp-json\/wp\/v2\/pages"}],"about":[{"href":"https:\/\/www.ahmadiyya-islam.org\/se\/wp-json\/wp\/v2\/types\/page"}],"author":[{"embeddable":true,"href":"https:\/\/www.ahmadiyya-islam.org\/se\/wp-json\/wp\/v2\/users\/13"}],"replies":[{"embeddable":true,"href":"https:\/\/www.ahmadiyya-islam.org\/se\/wp-json\/wp\/v2\/comments?post=2291"}],"version-history":[{"count":0,"href":"https:\/\/www.ahmadiyya-islam.org\/se\/wp-json\/wp\/v2\/pages\/2291\/revisions"}],"up":[{"embeddable":true,"href":"https:\/\/www.ahmadiyya-islam.org\/se\/wp-json\/wp\/v2\/pages\/322"}],"wp:attachment":[{"href":"https:\/\/www.ahmadiyya-islam.org\/se\/wp-json\/wp\/v2\/media?parent=2291"}],"curies":[{"name":"wp","href":"https:\/\/api.w.org\/{rel}","templated":true}]}}