{"id":2227,"date":"2015-07-31T09:24:44","date_gmt":"2015-07-31T09:24:44","guid":{"rendered":"http:\/\/www.ahmadiyya-islam.org\/se\/?page_id=2227"},"modified":"2023-03-09T22:59:19","modified_gmt":"2023-03-09T22:59:19","slug":"waqf-e-nau","status":"publish","type":"page","link":"https:\/\/www.ahmadiyya-islam.org\/se\/medlem\/waqf-e-nau\/","title":{"rendered":"Waqf-e-nau"},"content":{"rendered":"<hr \/>\n<p><b><u>Kursplan<\/u><\/b><br \/>\n<a href=\"http:\/\/www.ahmadiyya-islam.org\/se\/wp-content\/uploads\/sites\/5\/2015\/07\/2014_Sweden_Waqf-e-Nau_book_Swedish_20140620.pdf\">Waqf-e-Nau Kursplan (Svenska)<\/a><\/p>\n<hr \/>\n<p><b><u>Kontakta Waqf-e-Nau ansvarig<\/u><\/b><\/p>\n<p>Nationell: waqfenau@ahmadiyya.se<\/p>\n<p>Stockholm: waqfenau_stockholm@ahmadiyya.se<\/p>\n<p>G\u00f6teborg: waqfenau_goteborg@ahmadiyya.se<\/p>\n<p>Malm\u00f6: waqfenau_malmo@ahmadiyya.se<\/p>\n<p>Lule\u00e5: waqfenau_lulea@ahmadiyya.se<\/p>\n<p>Kalmar:\u00a0 waqfenau_kalmar@ahmadiyya.se<\/p>\n","protected":false},"excerpt":{"rendered":"<p>Kursplan Waqf-e-Nau Kursplan (Svenska) Kontakta Waqf-e-Nau ansvarig Nationell: waqfenau@ahmadiyya.se Stockholm: waqfenau_stockholm@ahmadiyya.se G\u00f6teborg: waqfenau_goteborg@ahmadiyya.se Malm\u00f6: waqfenau_malmo@ahmadiyya.se Lule\u00e5: waqfenau_lulea@ahmadiyya.se Kalmar:\u00a0 waqfenau_kalmar@ahmadiyya.se<\/p>\n","protected":false},"author":13,"featured_media":0,"parent":2046,"menu_order":5,"comment_status":"closed","ping_status":"closed","template":"","meta":{"_acf_changed":false,"footnotes":""},"class_list":["post-2227","page","type-page","status-publish","hentry"],"acf":[],"yoast_head":"<!-- This site is optimized with the Yoast SEO Premium plugin v21.1 (Yoast SEO v27.4) - https:\/\/yoast.com\/product\/yoast-seo-premium-wordpress\/ -->\n<title>Waqf-e-nau - Islams Ahmadiyya F\u00f6rsamling<\/title>\n<meta name=\"robots\" content=\"index, follow, max-snippet:-1, max-image-preview:large, max-video-preview:-1\" \/>\n<link rel=\"canonical\" href=\"https:\/\/www.ahmadiyya-islam.org\/se\/medlem\/waqf-e-nau\/\" \/>\n<meta property=\"og:locale\" content=\"sv_SE\" \/>\n<meta property=\"og:type\" content=\"article\" \/>\n<meta property=\"og:title\" content=\"Waqf-e-nau\" \/>\n<meta property=\"og:description\" content=\"Kursplan Waqf-e-Nau Kursplan (Svenska) Kontakta Waqf-e-Nau ansvarig Nationell: waqfenau@ahmadiyya.se Stockholm: waqfenau_stockholm@ahmadiyya.se G\u00f6teborg: waqfenau_goteborg@ahmadiyya.se Malm\u00f6: waqfenau_malmo@ahmadiyya.se Lule\u00e5: waqfenau_lulea@ahmadiyya.se Kalmar:\u00a0 waqfenau_kalmar@ahmadiyya.se\" \/>\n<meta property=\"og:url\" content=\"https:\/\/www.ahmadiyya-islam.org\/se\/medlem\/waqf-e-nau\/\" \/>\n<meta property=\"og:site_name\" content=\"Islams Ahmadiyya F\u00f6rsamling\" \/>\n<meta property=\"article:modified_time\" content=\"2023-03-09T22:59:19+00:00\" \/>\n<meta name=\"twitter:card\" content=\"summary_large_image\" \/>\n<meta name=\"twitter:label1\" content=\"Ber\u00e4knad l\u00e4stid\" \/>\n\t<meta name=\"twitter:data1\" content=\"1 minut\" \/>\n<script type=\"application\/ld+json\" class=\"yoast-schema-graph\">{\"@context\":\"https:\\\/\\\/schema.org\",\"@graph\":[{\"@type\":\"WebPage\",\"@id\":\"https:\\\/\\\/www.ahmadiyya-islam.org\\\/se\\\/medlem\\\/waqf-e-nau\\\/\",\"url\":\"https:\\\/\\\/www.ahmadiyya-islam.org\\\/se\\\/medlem\\\/waqf-e-nau\\\/\",\"name\":\"Waqf-e-nau - Islams Ahmadiyya F\u00f6rsamling\",\"isPartOf\":{\"@id\":\"https:\\\/\\\/www.ahmadiyya-islam.org\\\/se\\\/#website\"},\"datePublished\":\"2015-07-31T09:24:44+00:00\",\"dateModified\":\"2023-03-09T22:59:19+00:00\",\"breadcrumb\":{\"@id\":\"https:\\\/\\\/www.ahmadiyya-islam.org\\\/se\\\/medlem\\\/waqf-e-nau\\\/#breadcrumb\"},\"inLanguage\":\"sv-SE\",\"potentialAction\":[{\"@type\":\"ReadAction\",\"target\":[\"https:\\\/\\\/www.ahmadiyya-islam.org\\\/se\\\/medlem\\\/waqf-e-nau\\\/\"]}]},{\"@type\":\"BreadcrumbList\",\"@id\":\"https:\\\/\\\/www.ahmadiyya-islam.org\\\/se\\\/medlem\\\/waqf-e-nau\\\/#breadcrumb\",\"itemListElement\":[{\"@type\":\"ListItem\",\"position\":1,\"name\":\"Home\",\"item\":\"https:\\\/\\\/www.ahmadiyya-islam.org\\\/se\\\/\"},{\"@type\":\"ListItem\",\"position\":2,\"name\":\"Medlem\",\"item\":\"https:\\\/\\\/www.ahmadiyya-islam.org\\\/se\\\/medlem\\\/\"},{\"@type\":\"ListItem\",\"position\":3,\"name\":\"Waqf-e-nau\"}]},{\"@type\":\"WebSite\",\"@id\":\"https:\\\/\\\/www.ahmadiyya-islam.org\\\/se\\\/#website\",\"url\":\"https:\\\/\\\/www.ahmadiyya-islam.org\\\/se\\\/\",\"name\":\"Islams Ahmadiyya F\u00f6rsamling\",\"description\":\"Sverige\",\"potentialAction\":[{\"@type\":\"SearchAction\",\"target\":{\"@type\":\"EntryPoint\",\"urlTemplate\":\"https:\\\/\\\/www.ahmadiyya-islam.org\\\/se\\\/?s={search_term_string}\"},\"query-input\":{\"@type\":\"PropertyValueSpecification\",\"valueRequired\":true,\"valueName\":\"search_term_string\"}}],\"inLanguage\":\"sv-SE\"}]}<\/script>\n<!-- \/ Yoast SEO Premium plugin. -->","yoast_head_json":{"title":"Waqf-e-nau - Islams Ahmadiyya F\u00f6rsamling","robots":{"index":"index","follow":"follow","max-snippet":"max-snippet:-1","max-image-preview":"max-image-preview:large","max-video-preview":"max-video-preview:-1"},"canonical":"https:\/\/www.ahmadiyya-islam.org\/se\/medlem\/waqf-e-nau\/","og_locale":"sv_SE","og_type":"article","og_title":"Waqf-e-nau","og_description":"Kursplan Waqf-e-Nau Kursplan (Svenska) Kontakta Waqf-e-Nau ansvarig Nationell: waqfenau@ahmadiyya.se Stockholm: waqfenau_stockholm@ahmadiyya.se G\u00f6teborg: waqfenau_goteborg@ahmadiyya.se Malm\u00f6: waqfenau_malmo@ahmadiyya.se Lule\u00e5: waqfenau_lulea@ahmadiyya.se Kalmar:\u00a0 waqfenau_kalmar@ahmadiyya.se","og_url":"https:\/\/www.ahmadiyya-islam.org\/se\/medlem\/waqf-e-nau\/","og_site_name":"Islams Ahmadiyya F\u00f6rsamling","article_modified_time":"2023-03-09T22:59:19+00:00","twitter_card":"summary_large_image","twitter_misc":{"Ber\u00e4knad l\u00e4stid":"1 minut"},"schema":{"@context":"https:\/\/schema.org","@graph":[{"@type":"WebPage","@id":"https:\/\/www.ahmadiyya-islam.org\/se\/medlem\/waqf-e-nau\/","url":"https:\/\/www.ahmadiyya-islam.org\/se\/medlem\/waqf-e-nau\/","name":"Waqf-e-nau - Islams Ahmadiyya F\u00f6rsamling","isPartOf":{"@id":"https:\/\/www.ahmadiyya-islam.org\/se\/#website"},"datePublished":"2015-07-31T09:24:44+00:00","dateModified":"2023-03-09T22:59:19+00:00","breadcrumb":{"@id":"https:\/\/www.ahmadiyya-islam.org\/se\/medlem\/waqf-e-nau\/#breadcrumb"},"inLanguage":"sv-SE","potentialAction":[{"@type":"ReadAction","target":["https:\/\/www.ahmadiyya-islam.org\/se\/medlem\/waqf-e-nau\/"]}]},{"@type":"BreadcrumbList","@id":"https:\/\/www.ahmadiyya-islam.org\/se\/medlem\/waqf-e-nau\/#breadcrumb","itemListElement":[{"@type":"ListItem","position":1,"name":"Home","item":"https:\/\/www.ahmadiyya-islam.org\/se\/"},{"@type":"ListItem","position":2,"name":"Medlem","item":"https:\/\/www.ahmadiyya-islam.org\/se\/medlem\/"},{"@type":"ListItem","position":3,"name":"Waqf-e-nau"}]},{"@type":"WebSite","@id":"https:\/\/www.ahmadiyya-islam.org\/se\/#website","url":"https:\/\/www.ahmadiyya-islam.org\/se\/","name":"Islams Ahmadiyya F\u00f6rsamling","description":"Sverige","potentialAction":[{"@type":"SearchAction","target":{"@type":"EntryPoint","urlTemplate":"https:\/\/www.ahmadiyya-islam.org\/se\/?s={search_term_string}"},"query-input":{"@type":"PropertyValueSpecification","valueRequired":true,"valueName":"search_term_string"}}],"inLanguage":"sv-SE"}]}},"_links":{"self":[{"href":"https:\/\/www.ahmadiyya-islam.org\/se\/wp-json\/wp\/v2\/pages\/2227","targetHints":{"allow":["GET"]}}],"collection":[{"href":"https:\/\/www.ahmadiyya-islam.org\/se\/wp-json\/wp\/v2\/pages"}],"about":[{"href":"https:\/\/www.ahmadiyya-islam.org\/se\/wp-json\/wp\/v2\/types\/page"}],"author":[{"embeddable":true,"href":"https:\/\/www.ahmadiyya-islam.org\/se\/wp-json\/wp\/v2\/users\/13"}],"replies":[{"embeddable":true,"href":"https:\/\/www.ahmadiyya-islam.org\/se\/wp-json\/wp\/v2\/comments?post=2227"}],"version-history":[{"count":1,"href":"https:\/\/www.ahmadiyya-islam.org\/se\/wp-json\/wp\/v2\/pages\/2227\/revisions"}],"predecessor-version":[{"id":3454,"href":"https:\/\/www.ahmadiyya-islam.org\/se\/wp-json\/wp\/v2\/pages\/2227\/revisions\/3454"}],"up":[{"embeddable":true,"href":"https:\/\/www.ahmadiyya-islam.org\/se\/wp-json\/wp\/v2\/pages\/2046"}],"wp:attachment":[{"href":"https:\/\/www.ahmadiyya-islam.org\/se\/wp-json\/wp\/v2\/media?parent=2227"}],"curies":[{"name":"wp","href":"https:\/\/api.w.org\/{rel}","templated":true}]}}