{"id":2138,"date":"2015-07-28T14:06:35","date_gmt":"2015-07-28T14:06:35","guid":{"rendered":"http:\/\/www.ahmadiyya-islam.org\/se\/?page_id=2138"},"modified":"2026-01-20T16:21:54","modified_gmt":"2026-01-20T16:21:54","slug":"fastetider-2026","status":"publish","type":"page","link":"https:\/\/www.ahmadiyya-islam.org\/se\/medlem\/fastetider-2026\/","title":{"rendered":"Fastetider 2026"},"content":{"rendered":"<p><img loading=\"lazy\" decoding=\"async\" class=\"aligncenter wp-image-3939\" src=\"https:\/\/www.ahmadiyya-islam.org\/se\/wp-content\/uploads\/sites\/5\/2026\/01\/463682a9-9790-4b74-9bb9-3ff76d465c02-e1768926041123.png\" alt=\"\" width=\"322\" height=\"336\" srcset=\"https:\/\/www.ahmadiyya-islam.org\/se\/wp-content\/uploads\/sites\/5\/2026\/01\/463682a9-9790-4b74-9bb9-3ff76d465c02-e1768926041123.png 1024w, https:\/\/www.ahmadiyya-islam.org\/se\/wp-content\/uploads\/sites\/5\/2026\/01\/463682a9-9790-4b74-9bb9-3ff76d465c02-e1768926041123-288x300.png 288w, https:\/\/www.ahmadiyya-islam.org\/se\/wp-content\/uploads\/sites\/5\/2026\/01\/463682a9-9790-4b74-9bb9-3ff76d465c02-e1768926041123-982x1024.png 982w, https:\/\/www.ahmadiyya-islam.org\/se\/wp-content\/uploads\/sites\/5\/2026\/01\/463682a9-9790-4b74-9bb9-3ff76d465c02-e1768926041123-768x801.png 768w\" sizes=\"auto, (max-width: 322px) 100vw, 322px\" \/><\/p>\n<ul>\n<li><a href=\"https:\/\/www.ahmadiyya-islam.org\/se\/wp-content\/uploads\/sites\/5\/2026\/01\/fastetider2026-Goteborg.pdf\" target=\"_blank\" rel=\"noopener\">G\u00f6teborg<\/a><\/li>\n<li><a href=\"https:\/\/www.ahmadiyya-islam.org\/se\/wp-content\/uploads\/sites\/5\/2026\/01\/fastetider2026-Malmo.pdf\" target=\"_blank\" rel=\"noopener\">Malm\u00f6<\/a><\/li>\n<li><a href=\"https:\/\/www.ahmadiyya-islam.org\/se\/wp-content\/uploads\/sites\/5\/2026\/01\/fastetider2026-Stockholm.pdf\" target=\"_blank\" rel=\"noopener\">Stockholm<\/a><\/li>\n<li><a href=\"https:\/\/www.ahmadiyya-islam.org\/se\/wp-content\/uploads\/sites\/5\/2026\/01\/fastetider2026-Kalmar.pdf\" target=\"_blank\" rel=\"noopener\">Kalmar<\/a><\/li>\n<li><a href=\"https:\/\/www.ahmadiyya-islam.org\/se\/wp-content\/uploads\/sites\/5\/2026\/01\/fastetider2026-Jonkoping.pdf\" target=\"_blank\" rel=\"noopener\">J\u00f6nk\u00f6ping<\/a><\/li>\n<li><a href=\"https:\/\/www.ahmadiyya-islam.org\/se\/wp-content\/uploads\/sites\/5\/2026\/01\/fastetider2026-Lulea.pdf\" target=\"_blank\" rel=\"noopener\">Lule\u00e5<\/a><\/li>\n<li><a href=\"https:\/\/www.ahmadiyya-islam.org\/se\/wp-content\/uploads\/sites\/5\/2026\/01\/fastetider2026-Umea.pdf\" target=\"_blank\" rel=\"noopener\">Ume\u00e5<br \/>\n<\/a><\/li>\n<li><a href=\"https:\/\/www.ahmadiyya-islam.org\/se\/wp-content\/uploads\/sites\/5\/2026\/01\/fastetider2026-Kiruna.pdf\" target=\"_blank\" rel=\"noopener\">Kiruna<\/a><\/li>\n<\/ul>\n","protected":false},"excerpt":{"rendered":"<p>G\u00f6teborg Malm\u00f6 Stockholm Kalmar J\u00f6nk\u00f6ping Lule\u00e5 Ume\u00e5 Kiruna<\/p>\n","protected":false},"author":13,"featured_media":0,"parent":2046,"menu_order":2,"comment_status":"closed","ping_status":"closed","template":"","meta":{"_acf_changed":false,"footnotes":""},"class_list":["post-2138","page","type-page","status-publish","hentry"],"acf":[],"yoast_head":"<!-- This site is optimized with the Yoast SEO Premium plugin v21.1 (Yoast SEO v27.0) - https:\/\/yoast.com\/product\/yoast-seo-premium-wordpress\/ -->\n<title>Fastetider 2026 - Islams Ahmadiyya F\u00f6rsamling<\/title>\n<meta name=\"robots\" content=\"index, follow, max-snippet:-1, max-image-preview:large, max-video-preview:-1\" \/>\n<link rel=\"canonical\" href=\"https:\/\/www.ahmadiyya-islam.org\/se\/medlem\/fastetider-2026\/\" \/>\n<meta property=\"og:locale\" content=\"sv_SE\" \/>\n<meta property=\"og:type\" content=\"article\" \/>\n<meta property=\"og:title\" content=\"Fastetider 2026\" \/>\n<meta property=\"og:description\" content=\"G\u00f6teborg Malm\u00f6 Stockholm Kalmar J\u00f6nk\u00f6ping Lule\u00e5 Ume\u00e5 Kiruna\" \/>\n<meta property=\"og:url\" content=\"https:\/\/www.ahmadiyya-islam.org\/se\/medlem\/fastetider-2026\/\" \/>\n<meta property=\"og:site_name\" content=\"Islams Ahmadiyya F\u00f6rsamling\" \/>\n<meta property=\"article:modified_time\" content=\"2026-01-20T16:21:54+00:00\" \/>\n<meta property=\"og:image\" content=\"https:\/\/www.ahmadiyya-islam.org\/se\/wp-content\/uploads\/sites\/5\/2026\/01\/463682a9-9790-4b74-9bb9-3ff76d465c02-e1768926041123-982x1024.png\" \/>\n\t<meta property=\"og:image:width\" content=\"982\" \/>\n\t<meta property=\"og:image:height\" content=\"1024\" \/>\n\t<meta property=\"og:image:type\" content=\"image\/png\" \/>\n<meta name=\"twitter:card\" content=\"summary_large_image\" \/>\n<meta name=\"twitter:label1\" content=\"Ber\u00e4knad l\u00e4stid\" \/>\n\t<meta name=\"twitter:data1\" content=\"1 minut\" \/>\n<script type=\"application\/ld+json\" class=\"yoast-schema-graph\">{\"@context\":\"https:\/\/schema.org\",\"@graph\":[{\"@type\":\"WebPage\",\"@id\":\"https:\/\/www.ahmadiyya-islam.org\/se\/medlem\/fastetider-2026\/\",\"url\":\"https:\/\/www.ahmadiyya-islam.org\/se\/medlem\/fastetider-2026\/\",\"name\":\"Fastetider 2026 - Islams Ahmadiyya F\u00f6rsamling\",\"isPartOf\":{\"@id\":\"https:\/\/www.ahmadiyya-islam.org\/se\/#website\"},\"primaryImageOfPage\":{\"@id\":\"https:\/\/www.ahmadiyya-islam.org\/se\/medlem\/fastetider-2026\/#primaryimage\"},\"image\":{\"@id\":\"https:\/\/www.ahmadiyya-islam.org\/se\/medlem\/fastetider-2026\/#primaryimage\"},\"thumbnailUrl\":\"https:\/\/www.ahmadiyya-islam.org\/se\/wp-content\/uploads\/sites\/5\/2026\/01\/463682a9-9790-4b74-9bb9-3ff76d465c02-e1768926041123.png\",\"datePublished\":\"2015-07-28T14:06:35+00:00\",\"dateModified\":\"2026-01-20T16:21:54+00:00\",\"breadcrumb\":{\"@id\":\"https:\/\/www.ahmadiyya-islam.org\/se\/medlem\/fastetider-2026\/#breadcrumb\"},\"inLanguage\":\"sv-SE\",\"potentialAction\":[{\"@type\":\"ReadAction\",\"target\":[\"https:\/\/www.ahmadiyya-islam.org\/se\/medlem\/fastetider-2026\/\"]}]},{\"@type\":\"ImageObject\",\"inLanguage\":\"sv-SE\",\"@id\":\"https:\/\/www.ahmadiyya-islam.org\/se\/medlem\/fastetider-2026\/#primaryimage\",\"url\":\"https:\/\/www.ahmadiyya-islam.org\/se\/wp-content\/uploads\/sites\/5\/2026\/01\/463682a9-9790-4b74-9bb9-3ff76d465c02-e1768926041123.png\",\"contentUrl\":\"https:\/\/www.ahmadiyya-islam.org\/se\/wp-content\/uploads\/sites\/5\/2026\/01\/463682a9-9790-4b74-9bb9-3ff76d465c02-e1768926041123.png\",\"width\":1024,\"height\":1068},{\"@type\":\"BreadcrumbList\",\"@id\":\"https:\/\/www.ahmadiyya-islam.org\/se\/medlem\/fastetider-2026\/#breadcrumb\",\"itemListElement\":[{\"@type\":\"ListItem\",\"position\":1,\"name\":\"Home\",\"item\":\"https:\/\/www.ahmadiyya-islam.org\/se\/\"},{\"@type\":\"ListItem\",\"position\":2,\"name\":\"Medlem\",\"item\":\"https:\/\/www.ahmadiyya-islam.org\/se\/medlem\/\"},{\"@type\":\"ListItem\",\"position\":3,\"name\":\"Fastetider 2026\"}]},{\"@type\":\"WebSite\",\"@id\":\"https:\/\/www.ahmadiyya-islam.org\/se\/#website\",\"url\":\"https:\/\/www.ahmadiyya-islam.org\/se\/\",\"name\":\"Islams Ahmadiyya F\u00f6rsamling\",\"description\":\"Sverige\",\"potentialAction\":[{\"@type\":\"SearchAction\",\"target\":{\"@type\":\"EntryPoint\",\"urlTemplate\":\"https:\/\/www.ahmadiyya-islam.org\/se\/?s={search_term_string}\"},\"query-input\":{\"@type\":\"PropertyValueSpecification\",\"valueRequired\":true,\"valueName\":\"search_term_string\"}}],\"inLanguage\":\"sv-SE\"}]}<\/script>\n<!-- \/ Yoast SEO Premium plugin. -->","yoast_head_json":{"title":"Fastetider 2026 - Islams Ahmadiyya F\u00f6rsamling","robots":{"index":"index","follow":"follow","max-snippet":"max-snippet:-1","max-image-preview":"max-image-preview:large","max-video-preview":"max-video-preview:-1"},"canonical":"https:\/\/www.ahmadiyya-islam.org\/se\/medlem\/fastetider-2026\/","og_locale":"sv_SE","og_type":"article","og_title":"Fastetider 2026","og_description":"G\u00f6teborg Malm\u00f6 Stockholm Kalmar J\u00f6nk\u00f6ping Lule\u00e5 Ume\u00e5 Kiruna","og_url":"https:\/\/www.ahmadiyya-islam.org\/se\/medlem\/fastetider-2026\/","og_site_name":"Islams Ahmadiyya F\u00f6rsamling","article_modified_time":"2026-01-20T16:21:54+00:00","og_image":[{"width":982,"height":1024,"url":"https:\/\/www.ahmadiyya-islam.org\/se\/wp-content\/uploads\/sites\/5\/2026\/01\/463682a9-9790-4b74-9bb9-3ff76d465c02-e1768926041123-982x1024.png","type":"image\/png"}],"twitter_card":"summary_large_image","twitter_misc":{"Ber\u00e4knad l\u00e4stid":"1 minut"},"schema":{"@context":"https:\/\/schema.org","@graph":[{"@type":"WebPage","@id":"https:\/\/www.ahmadiyya-islam.org\/se\/medlem\/fastetider-2026\/","url":"https:\/\/www.ahmadiyya-islam.org\/se\/medlem\/fastetider-2026\/","name":"Fastetider 2026 - Islams Ahmadiyya F\u00f6rsamling","isPartOf":{"@id":"https:\/\/www.ahmadiyya-islam.org\/se\/#website"},"primaryImageOfPage":{"@id":"https:\/\/www.ahmadiyya-islam.org\/se\/medlem\/fastetider-2026\/#primaryimage"},"image":{"@id":"https:\/\/www.ahmadiyya-islam.org\/se\/medlem\/fastetider-2026\/#primaryimage"},"thumbnailUrl":"https:\/\/www.ahmadiyya-islam.org\/se\/wp-content\/uploads\/sites\/5\/2026\/01\/463682a9-9790-4b74-9bb9-3ff76d465c02-e1768926041123.png","datePublished":"2015-07-28T14:06:35+00:00","dateModified":"2026-01-20T16:21:54+00:00","breadcrumb":{"@id":"https:\/\/www.ahmadiyya-islam.org\/se\/medlem\/fastetider-2026\/#breadcrumb"},"inLanguage":"sv-SE","potentialAction":[{"@type":"ReadAction","target":["https:\/\/www.ahmadiyya-islam.org\/se\/medlem\/fastetider-2026\/"]}]},{"@type":"ImageObject","inLanguage":"sv-SE","@id":"https:\/\/www.ahmadiyya-islam.org\/se\/medlem\/fastetider-2026\/#primaryimage","url":"https:\/\/www.ahmadiyya-islam.org\/se\/wp-content\/uploads\/sites\/5\/2026\/01\/463682a9-9790-4b74-9bb9-3ff76d465c02-e1768926041123.png","contentUrl":"https:\/\/www.ahmadiyya-islam.org\/se\/wp-content\/uploads\/sites\/5\/2026\/01\/463682a9-9790-4b74-9bb9-3ff76d465c02-e1768926041123.png","width":1024,"height":1068},{"@type":"BreadcrumbList","@id":"https:\/\/www.ahmadiyya-islam.org\/se\/medlem\/fastetider-2026\/#breadcrumb","itemListElement":[{"@type":"ListItem","position":1,"name":"Home","item":"https:\/\/www.ahmadiyya-islam.org\/se\/"},{"@type":"ListItem","position":2,"name":"Medlem","item":"https:\/\/www.ahmadiyya-islam.org\/se\/medlem\/"},{"@type":"ListItem","position":3,"name":"Fastetider 2026"}]},{"@type":"WebSite","@id":"https:\/\/www.ahmadiyya-islam.org\/se\/#website","url":"https:\/\/www.ahmadiyya-islam.org\/se\/","name":"Islams Ahmadiyya F\u00f6rsamling","description":"Sverige","potentialAction":[{"@type":"SearchAction","target":{"@type":"EntryPoint","urlTemplate":"https:\/\/www.ahmadiyya-islam.org\/se\/?s={search_term_string}"},"query-input":{"@type":"PropertyValueSpecification","valueRequired":true,"valueName":"search_term_string"}}],"inLanguage":"sv-SE"}]}},"_links":{"self":[{"href":"https:\/\/www.ahmadiyya-islam.org\/se\/wp-json\/wp\/v2\/pages\/2138","targetHints":{"allow":["GET"]}}],"collection":[{"href":"https:\/\/www.ahmadiyya-islam.org\/se\/wp-json\/wp\/v2\/pages"}],"about":[{"href":"https:\/\/www.ahmadiyya-islam.org\/se\/wp-json\/wp\/v2\/types\/page"}],"author":[{"embeddable":true,"href":"https:\/\/www.ahmadiyya-islam.org\/se\/wp-json\/wp\/v2\/users\/13"}],"replies":[{"embeddable":true,"href":"https:\/\/www.ahmadiyya-islam.org\/se\/wp-json\/wp\/v2\/comments?post=2138"}],"version-history":[{"count":2,"href":"https:\/\/www.ahmadiyya-islam.org\/se\/wp-json\/wp\/v2\/pages\/2138\/revisions"}],"predecessor-version":[{"id":3940,"href":"https:\/\/www.ahmadiyya-islam.org\/se\/wp-json\/wp\/v2\/pages\/2138\/revisions\/3940"}],"up":[{"embeddable":true,"href":"https:\/\/www.ahmadiyya-islam.org\/se\/wp-json\/wp\/v2\/pages\/2046"}],"wp:attachment":[{"href":"https:\/\/www.ahmadiyya-islam.org\/se\/wp-json\/wp\/v2\/media?parent=2138"}],"curies":[{"name":"wp","href":"https:\/\/api.w.org\/{rel}","templated":true}]}}