{"id":2019,"date":"2015-06-02T19:38:11","date_gmt":"2015-06-02T19:38:11","guid":{"rendered":"http:\/\/www.ahmadiyya-islam.org\/se\/?page_id=2019"},"modified":"2024-12-16T21:10:53","modified_gmt":"2024-12-16T21:10:53","slug":"studiebesok","status":"publish","type":"page","link":"https:\/\/www.ahmadiyya-islam.org\/se\/kontakt\/studiebesok\/","title":{"rendered":"Studiebes\u00f6k"},"content":{"rendered":"<p>Om ni har \u00f6nskem\u00e5l att komma p\u00e5 ett kostnadsfritt studiebes\u00f6k s\u00e5 kan ni g\u00f6ra en f\u00f6rfr\u00e5gan antingen online l\u00e4ngst ner p\u00e5 sidan genom att klicka p\u00e5 l\u00e4nken \u201dStudiebes\u00f6k\u201d eller genom att ringa p\u00e5 n\u00e5got av f\u00f6ljande telefonnummer:<\/p>\n<p><b>G\u00f6teborg<\/b><br \/>\n031 \u2013 741 64 80 (Kontor)<br \/>\n073 \u2013 529 16 92 (Imam \/ Mission\u00e4r)<br \/>\n<b><\/b><\/p>\n<p><b>Malm\u00f6<\/b><br \/>\n070 \u2013 4231 701 (Imam &amp; Mission\u00e4r)<\/p>\n<p><b>Stockholm<\/b><br \/>\n070- 741 64 91 (Imam &amp; Mission\u00e4rsansvarig)<\/p>\n<p><b>Lule\u00e5<\/b><br \/>\n076 \u2013 55 22 225 (Imam &amp; Mission\u00e4r)<\/p>\n<p>Vi har \u00e4ven m\u00f6jlighet att bes\u00f6ka er skola eller organisation kostnadsfritt.<\/p>\n<hr \/>\n","protected":false},"excerpt":{"rendered":"<p>Om ni har \u00f6nskem\u00e5l att komma p\u00e5 ett kostnadsfritt studiebes\u00f6k s\u00e5 kan ni g\u00f6ra en f\u00f6rfr\u00e5gan antingen online l\u00e4ngst ner p\u00e5 sidan genom att klicka p\u00e5 l\u00e4nken \u201dStudiebes\u00f6k\u201d eller genom att ringa p\u00e5 n\u00e5got av f\u00f6ljande telefonnummer: G\u00f6teborg 031 \u2013 741 64 80 (Kontor) 073 \u2013 529 16 92 (Imam \/ Mission\u00e4r) Malm\u00f6 070 \u2013<\/p>\n","protected":false},"author":13,"featured_media":0,"parent":1885,"menu_order":0,"comment_status":"closed","ping_status":"closed","template":"","meta":{"_acf_changed":false,"footnotes":""},"class_list":["post-2019","page","type-page","status-publish","hentry"],"acf":[],"yoast_head":"<!-- This site is optimized with the Yoast SEO Premium plugin v21.1 (Yoast SEO v27.4) - https:\/\/yoast.com\/product\/yoast-seo-premium-wordpress\/ -->\n<title>Studiebes\u00f6k - Islams Ahmadiyya F\u00f6rsamling<\/title>\n<meta name=\"robots\" content=\"index, follow, max-snippet:-1, max-image-preview:large, max-video-preview:-1\" \/>\n<link rel=\"canonical\" href=\"https:\/\/www.ahmadiyya-islam.org\/se\/kontakt\/studiebesok\/\" \/>\n<meta property=\"og:locale\" content=\"sv_SE\" \/>\n<meta property=\"og:type\" content=\"article\" \/>\n<meta property=\"og:title\" content=\"Studiebes\u00f6k\" \/>\n<meta property=\"og:description\" content=\"Om ni har \u00f6nskem\u00e5l att komma p\u00e5 ett kostnadsfritt studiebes\u00f6k s\u00e5 kan ni g\u00f6ra en f\u00f6rfr\u00e5gan antingen online l\u00e4ngst ner p\u00e5 sidan genom att klicka p\u00e5 l\u00e4nken \u201dStudiebes\u00f6k\u201d eller genom att ringa p\u00e5 n\u00e5got av f\u00f6ljande telefonnummer: G\u00f6teborg 031 \u2013 741 64 80 (Kontor) 073 \u2013 529 16 92 (Imam \/ Mission\u00e4r) Malm\u00f6 070 \u2013\" \/>\n<meta property=\"og:url\" content=\"https:\/\/www.ahmadiyya-islam.org\/se\/kontakt\/studiebesok\/\" \/>\n<meta property=\"og:site_name\" content=\"Islams Ahmadiyya F\u00f6rsamling\" \/>\n<meta property=\"article:modified_time\" content=\"2024-12-16T21:10:53+00:00\" \/>\n<meta name=\"twitter:card\" content=\"summary_large_image\" \/>\n<meta name=\"twitter:label1\" content=\"Ber\u00e4knad l\u00e4stid\" \/>\n\t<meta name=\"twitter:data1\" content=\"1 minut\" \/>\n<script type=\"application\/ld+json\" class=\"yoast-schema-graph\">{\"@context\":\"https:\\\/\\\/schema.org\",\"@graph\":[{\"@type\":\"WebPage\",\"@id\":\"https:\\\/\\\/www.ahmadiyya-islam.org\\\/se\\\/kontakt\\\/studiebesok\\\/\",\"url\":\"https:\\\/\\\/www.ahmadiyya-islam.org\\\/se\\\/kontakt\\\/studiebesok\\\/\",\"name\":\"Studiebes\u00f6k - Islams Ahmadiyya F\u00f6rsamling\",\"isPartOf\":{\"@id\":\"https:\\\/\\\/www.ahmadiyya-islam.org\\\/se\\\/#website\"},\"datePublished\":\"2015-06-02T19:38:11+00:00\",\"dateModified\":\"2024-12-16T21:10:53+00:00\",\"breadcrumb\":{\"@id\":\"https:\\\/\\\/www.ahmadiyya-islam.org\\\/se\\\/kontakt\\\/studiebesok\\\/#breadcrumb\"},\"inLanguage\":\"sv-SE\",\"potentialAction\":[{\"@type\":\"ReadAction\",\"target\":[\"https:\\\/\\\/www.ahmadiyya-islam.org\\\/se\\\/kontakt\\\/studiebesok\\\/\"]}]},{\"@type\":\"BreadcrumbList\",\"@id\":\"https:\\\/\\\/www.ahmadiyya-islam.org\\\/se\\\/kontakt\\\/studiebesok\\\/#breadcrumb\",\"itemListElement\":[{\"@type\":\"ListItem\",\"position\":1,\"name\":\"Home\",\"item\":\"https:\\\/\\\/www.ahmadiyya-islam.org\\\/se\\\/\"},{\"@type\":\"ListItem\",\"position\":2,\"name\":\"Kontakt\",\"item\":\"https:\\\/\\\/www.ahmadiyya-islam.org\\\/se\\\/kontakt\\\/\"},{\"@type\":\"ListItem\",\"position\":3,\"name\":\"Studiebes\u00f6k\"}]},{\"@type\":\"WebSite\",\"@id\":\"https:\\\/\\\/www.ahmadiyya-islam.org\\\/se\\\/#website\",\"url\":\"https:\\\/\\\/www.ahmadiyya-islam.org\\\/se\\\/\",\"name\":\"Islams Ahmadiyya F\u00f6rsamling\",\"description\":\"Sverige\",\"potentialAction\":[{\"@type\":\"SearchAction\",\"target\":{\"@type\":\"EntryPoint\",\"urlTemplate\":\"https:\\\/\\\/www.ahmadiyya-islam.org\\\/se\\\/?s={search_term_string}\"},\"query-input\":{\"@type\":\"PropertyValueSpecification\",\"valueRequired\":true,\"valueName\":\"search_term_string\"}}],\"inLanguage\":\"sv-SE\"}]}<\/script>\n<!-- \/ Yoast SEO Premium plugin. -->","yoast_head_json":{"title":"Studiebes\u00f6k - Islams Ahmadiyya F\u00f6rsamling","robots":{"index":"index","follow":"follow","max-snippet":"max-snippet:-1","max-image-preview":"max-image-preview:large","max-video-preview":"max-video-preview:-1"},"canonical":"https:\/\/www.ahmadiyya-islam.org\/se\/kontakt\/studiebesok\/","og_locale":"sv_SE","og_type":"article","og_title":"Studiebes\u00f6k","og_description":"Om ni har \u00f6nskem\u00e5l att komma p\u00e5 ett kostnadsfritt studiebes\u00f6k s\u00e5 kan ni g\u00f6ra en f\u00f6rfr\u00e5gan antingen online l\u00e4ngst ner p\u00e5 sidan genom att klicka p\u00e5 l\u00e4nken \u201dStudiebes\u00f6k\u201d eller genom att ringa p\u00e5 n\u00e5got av f\u00f6ljande telefonnummer: G\u00f6teborg 031 \u2013 741 64 80 (Kontor) 073 \u2013 529 16 92 (Imam \/ Mission\u00e4r) Malm\u00f6 070 \u2013","og_url":"https:\/\/www.ahmadiyya-islam.org\/se\/kontakt\/studiebesok\/","og_site_name":"Islams Ahmadiyya F\u00f6rsamling","article_modified_time":"2024-12-16T21:10:53+00:00","twitter_card":"summary_large_image","twitter_misc":{"Ber\u00e4knad l\u00e4stid":"1 minut"},"schema":{"@context":"https:\/\/schema.org","@graph":[{"@type":"WebPage","@id":"https:\/\/www.ahmadiyya-islam.org\/se\/kontakt\/studiebesok\/","url":"https:\/\/www.ahmadiyya-islam.org\/se\/kontakt\/studiebesok\/","name":"Studiebes\u00f6k - Islams Ahmadiyya F\u00f6rsamling","isPartOf":{"@id":"https:\/\/www.ahmadiyya-islam.org\/se\/#website"},"datePublished":"2015-06-02T19:38:11+00:00","dateModified":"2024-12-16T21:10:53+00:00","breadcrumb":{"@id":"https:\/\/www.ahmadiyya-islam.org\/se\/kontakt\/studiebesok\/#breadcrumb"},"inLanguage":"sv-SE","potentialAction":[{"@type":"ReadAction","target":["https:\/\/www.ahmadiyya-islam.org\/se\/kontakt\/studiebesok\/"]}]},{"@type":"BreadcrumbList","@id":"https:\/\/www.ahmadiyya-islam.org\/se\/kontakt\/studiebesok\/#breadcrumb","itemListElement":[{"@type":"ListItem","position":1,"name":"Home","item":"https:\/\/www.ahmadiyya-islam.org\/se\/"},{"@type":"ListItem","position":2,"name":"Kontakt","item":"https:\/\/www.ahmadiyya-islam.org\/se\/kontakt\/"},{"@type":"ListItem","position":3,"name":"Studiebes\u00f6k"}]},{"@type":"WebSite","@id":"https:\/\/www.ahmadiyya-islam.org\/se\/#website","url":"https:\/\/www.ahmadiyya-islam.org\/se\/","name":"Islams Ahmadiyya F\u00f6rsamling","description":"Sverige","potentialAction":[{"@type":"SearchAction","target":{"@type":"EntryPoint","urlTemplate":"https:\/\/www.ahmadiyya-islam.org\/se\/?s={search_term_string}"},"query-input":{"@type":"PropertyValueSpecification","valueRequired":true,"valueName":"search_term_string"}}],"inLanguage":"sv-SE"}]}},"_links":{"self":[{"href":"https:\/\/www.ahmadiyya-islam.org\/se\/wp-json\/wp\/v2\/pages\/2019","targetHints":{"allow":["GET"]}}],"collection":[{"href":"https:\/\/www.ahmadiyya-islam.org\/se\/wp-json\/wp\/v2\/pages"}],"about":[{"href":"https:\/\/www.ahmadiyya-islam.org\/se\/wp-json\/wp\/v2\/types\/page"}],"author":[{"embeddable":true,"href":"https:\/\/www.ahmadiyya-islam.org\/se\/wp-json\/wp\/v2\/users\/13"}],"replies":[{"embeddable":true,"href":"https:\/\/www.ahmadiyya-islam.org\/se\/wp-json\/wp\/v2\/comments?post=2019"}],"version-history":[{"count":2,"href":"https:\/\/www.ahmadiyya-islam.org\/se\/wp-json\/wp\/v2\/pages\/2019\/revisions"}],"predecessor-version":[{"id":3765,"href":"https:\/\/www.ahmadiyya-islam.org\/se\/wp-json\/wp\/v2\/pages\/2019\/revisions\/3765"}],"up":[{"embeddable":true,"href":"https:\/\/www.ahmadiyya-islam.org\/se\/wp-json\/wp\/v2\/pages\/1885"}],"wp:attachment":[{"href":"https:\/\/www.ahmadiyya-islam.org\/se\/wp-json\/wp\/v2\/media?parent=2019"}],"curies":[{"name":"wp","href":"https:\/\/api.w.org\/{rel}","templated":true}]}}