{"id":1305,"date":"2013-12-12T19:24:28","date_gmt":"2013-12-12T19:24:28","guid":{"rendered":"http:\/\/www.ahmadiyya-islam.org\/se\/?page_id=1305"},"modified":"2017-07-23T18:57:01","modified_gmt":"2017-07-23T18:57:01","slug":"den-nuvarande-khalifa","status":"publish","type":"page","link":"https:\/\/www.ahmadiyya-islam.org\/se\/ahmadiyya\/den-nuvarande-khalifa\/","title":{"rendered":"Khalifat-ul-Masih"},"content":{"rendered":"<p><strong>Om Hans Helighet<\/strong><br \/>\nHans Helighet Mirza Masroor Ahmad, \u00e4r den femte Kalifen (Khalifat-ul-Masih) av Ahmadiyya Muslimska Samfundet. Vald till den h\u00e4r livsl\u00e5nga st\u00e4llningen den 22:a april 2003, tj\u00e4nar han som den globala andliga och administrativa ledaren f\u00f6r en internationell religi\u00f6s organisation med ett medlemskap som \u00f6verstiger tiotals miljoner m\u00e4nniskor spridda i \u00f6ver 200 nationer.<\/p>\n<p><strong>Initiativ<\/strong><br \/>\nHans Helighet \u00e4r en ledande global muslimsk ledare med att aktivt fr\u00e4mja fred och interreligi\u00f6s harmoni. Genom sina predikningar, f\u00f6rel\u00e4sningar, b\u00f6cker och personliga m\u00f6ten, f\u00f6respr\u00e5kar Hans Helighet st\u00e4ndigt dyrkan av Gud den Allsm\u00e4ktige och att tj\u00e4na m\u00e4nskligheten. Han f\u00f6respr\u00e5kar \u00e4ven etablerandet av de universella m\u00e4nskliga r\u00e4ttigheterna, ett r\u00e4ttvist samh\u00e4lle och en s\u00e4rskiljning mellan religion och stat.<br \/>\nSedan han valdes till Khalifat-ul-Masih, har Hans Helighet lett en v\u00e4rldsomfattande kampanj f\u00f6r att f\u00f6rmedla det fredliga budskapet av Islam. Under hans ledarskap har lokala, nationella f\u00f6rgreningar av Ahmadiyya Muslimska Samfundet lanserat kampanjer som \u00e5terspeglar den verkliga och fredliga av Islam l\u00e4ror i alla l\u00e4nder d\u00e4r AMS \u00e4r etablerat. Ahmadiyyamuslimer v\u00e4rlden \u00f6ver \u00e4r engagerade i att distribuera miljontals broshyrer med fredsbudskap till b\u00e5de muslimer och icke-muslimer, och anordnandet av\u00a0 interreligi\u00f6sa- och fredssymposier, och har \u00f6versatt Islams heliga skrift, Qur&#8217;anen till ett flertal spr\u00e5k<\/p>\n<p><a href=\"https:\/\/www.alislam.org\/quran\/\">https:\/\/www.alislam.org\/quran\/<\/a><\/p>\n<p>De h\u00e4r kampanjerna har f\u00e5tt v\u00e4rldsomfattande mediabevakning och demonstrerar att Islam fr\u00e4mjar fred, lojalitet och betj\u00e4nandet av m\u00e4nskligheten.<\/p>\n<p>Under 2004 lanserade Hans Helighet det \u00e5rliga National Peace Symposium d\u00e4r g\u00e4ster fr\u00e5n alla samh\u00e4llsgrupper samlas f\u00f6r att utbyta id\u00e9er om fr\u00e4mjande av fred och harmoni. Varje \u00e5r lockar symposiet m\u00e5nga tj\u00e4nstg\u00f6rande ministrar, parlamentariker, politiker, religi\u00f6sa ledare och andra dignit\u00e4rer. Under 2009, lanserade Hans Helighet \u00e4ven den \u00e5rliga \u201cAhmadiyya Muslim Peace Price\u201d, en internationell fredsutm\u00e4rkelse f\u00f6r individer eller organisationer som har demonstrerat ett enast\u00e5ende engagemang f\u00f6r fred och medm\u00e4nsklighet.<\/p>\n<p><strong>Bes\u00f6k vid Capitiol Hill och EU-parlamentet<\/strong><\/p>\n<p>Den 27 juni 2012 v\u00e4lkomnades Hazrat Mirza Masroor Ahmad till Capitol Hill i Washington DC, d\u00e4r han h\u00f6ll ett anf\u00f6rande med rubriken, \u201cV\u00e4gen till fred \u2013 R\u00e4ttvisa Relationer mellan Nationerna\u201d, till en publik med mer \u00e4n 30 medlemmar av USAs kongress. I f\u00f6rbindelse med det h\u00e4r historiska evenemanget, introducerades en bipartisan resolution i Representanthuset i \u00e4ran av Hans helighets bes\u00f6k<\/p>\n<p><a href=\"http:\/\/www.reviewofreligions.org\/7854\/the-path-to-peace-just-relations-between-nations\/\">http:\/\/www.reviewofreligions.org\/7854\/the-path-to-peace-just-relations-between-nations\/<\/a><\/p>\n<p>Den 4 december 2012 h\u00f6ll Hans helighet \u00e4nnu ett historisk anf\u00f6rande vid Europaparlamentet i Bryssel inf\u00f6r en fullsatt publik med mer \u00e4n 350 g\u00e4ster som representerade 30 l\u00e4nder, d\u00e4ribland Europaparlamentets talman. Under sitt trettiofem minuter l\u00e5nga tal, uppmanade Hans helighet EU att bevara sin enighet och att uppr\u00e4tta j\u00e4mlikhet och r\u00e4ttvisa i de internationella relationerna.<\/p>\n<p>Den 11 februari 2014 levererade Hans Helighet ett anf\u00f6rande vid <em>The Conference of World Religions<\/em> som h\u00f6lls i Guildhall i London. Under sitt anf\u00f6rande, ber\u00e4ttade Hans Helighet om Islams f\u00f6reskrifter om att fr\u00e4mja \u00f6msesidig f\u00f6rst\u00e5else, tolerans och respekt baserade p\u00e5 l\u00e4ror fr\u00e5n den Heliga Qur&#8217;anen och den Helige Profeten Muhammeds (frid vare med honom) liv.<\/p>\n<p>https:\/\/www.khalifaofislam.com\/videos\/london-uk-the-conference-of-world-religions\/<\/p>\n<p><strong>Humanit\u00e4r tj\u00e4nst<\/strong><\/p>\n<p>Hans Helighet har rest v\u00e4rlden \u00f6ver f\u00f6r att fr\u00e4mja och st\u00f6dja filantropi och medm\u00e4nsklighet. Han tr\u00e4ffar regelbundet presidenter, premi\u00e4rministrar, andra statschefer, parlamentariker och ambassad\u00f6rer i detta syfte.<\/p>\n<p>Tal vid Capitol Hill -USA: \u00a0<a href=\"https:\/\/www.youtube.com\/watch?v=BjbPFDA0Qnc\">video<\/a><br \/>\nTal vid EU-parlamentet: <a href=\"https:\/\/www.youtube.com\/watch?v=nVn2dwIoI4k\">video<\/a><br \/>\nTal vid Netherl\u00e4nd parlamentet: <a href=\"https:\/\/www.youtube.com\/watch?v=fcZezDdO07M\">video<\/a><br \/>\nTal vid Kanada parlamentet: <a href=\"https:\/\/www.youtube.com\/watch?v=6kUk0BMu3bE\">video<\/a><\/p>\n<p>Hans helighet har ett s\u00e4rskilt intresse av att minska lidandet i utvecklingsl\u00e4nder, genom att bidra till att f\u00f6rb\u00e4ttra deras jordbruk och underl\u00e4tta tillg\u00e5ng till mat, rent vatten och elektricitet. Han \u00f6vervakar arbetet i Internationella Associationen f\u00f6r Ahmadiyya Arkitekter och Ingenj\u00f6rer (<a href=\"http:\/\/iaaae.org\/\">IAAAE<\/a>), en organisation som leder olika humanit\u00e4ra och utvecklingsprojekt, i avl\u00e4gsna delar av v\u00e4rlden. Omfattningen och kompetensen av denna organisation har vuxit i snabb takt under hans ledning. Likas\u00e5 st\u00f6djer Hans Helighet arbetet av \u201cHumanity First\u201d, en internationell ideell hj\u00e4lporganisation och \u00e4ven andra liknande organisationer.<\/p>\n<p>Under ledning av Hans Helighet har Ahmadiyya Muslimska Samfundet byggt ett antal skolor och sjukhus med h\u00f6gklassiga anl\u00e4ggningar i avl\u00e4gsna delar av v\u00e4rlden. Och genom olika projekt inom Ahmadiyya Muslimska Samfundet, har Hans Helighet finansierat undervisning och utbildning av ett stort antal utsatta studenter runt om i v\u00e4rlden, oavsett deras religi\u00f6sa bakgrund.<\/p>\n<p><strong>Kommunikation med Ahmadiyyamuslimerna<\/strong><\/p>\n<p>Hans Helighet f\u00e5r varje dag, tusentals brev fr\u00e5n anh\u00e4ngare runtom i v\u00e4rlden som s\u00f6ker hans v\u00e4gledning och b\u00f6ner. F\u00f6rutom att svara p\u00e5 alla s\u00e5dana brev, m\u00f6ter Hans Helighet \u00e4ven varje dag med enskilda medlemmar av samfundet.<\/p>\n<p>Varje vecka levererar Hans helighet en fredagspredikan d\u00e4r han riktar sig till alla medlemmar i Ahmadiyya Muslimska Samfundet v\u00e4rlden \u00f6ver<\/p>\n<p><a href=\"https:\/\/www.alislam.org\/archives\/ky.html\">https:\/\/www.alislam.org\/archives\/ky.html<\/a><\/p>\n<p>Predikan direkts\u00e4nds p\u00e5 MTA International, en Ahmadi muslimsk satellit tv-station som grundades 1994, och \u00f6vers\u00e4tts till olika spr\u00e5k. MTA Internationnellt direkts\u00e4nds \u00e4ven p\u00e5 mta.tv och Al Islam. Fredagspredikan g\u00e5r att f\u00f6lja i \u00f6ver 18 spr\u00e5k i Video on Demand-format.<\/p>\n<p><strong>Svar p\u00e5 f\u00f6rf\u00f6ljelsen<\/strong><\/p>\n<p>Efter \u00e5r 2003, tvingades Hans Helighet i exil fr\u00e5n Pakistan, hans hemland. Pakistans konstitution och lagar begr\u00e4nsar medlemmar i Ahmadiyya Muslimska Samfundet fr\u00e5n att ut\u00f6va eller associeras med Islam, eller ens identifiera sig som muslimer. Brott mot dessa repressiva lagar resulterar i b\u00f6ter, f\u00e4ngelse och potentiellt d\u00f6dsstraff. F\u00f6ljaktligen, f\u00f6rhindrar denna lagstiftning Hans \u06beelighet fr\u00e5n att fullg\u00f6ra sitt uppdrag som chef f\u00f6r samfundet och och kan d\u00e4rf\u00f6r inte\u00a0 \u00e5terv\u00e4nda till Pakistan.<\/p>\n<p>Trots den fortsatta sekteristiska f\u00f6rf\u00f6ljelse som Ahmadiyyamuslimer uts\u00e4tts f\u00f6r i olika muslimska majoritetsnationer, har Hans Helighet uttryckligen f\u00f6rbjudit alla former av v\u00e5lds- och h\u00e4mndaktioner. Den 28:e maj 2010 attackerade terrorister tv\u00e5 mosk\u00e9er som tillh\u00f6r Ahmadiyya Muslimska Samfundet i Lahore, Pakistan. 86 Ahmadiyya-muslimer led martyrd\u00f6den under fredagsb\u00f6nen, medan m\u00e5nga fler skadades. Trots detta upps\u00e5tliga brottet mot m\u00e4nskligheten, instruerade Hans helighet anh\u00e4ngare v\u00e4rlden \u00f6ver att endast svara genom b\u00f6ner och fredliga medel.<\/p>\n<p><strong>Personligt <\/strong><strong>b<\/strong><strong>iografi<\/strong><strong>\u00a0<\/strong><br \/>\nHans Helighet f\u00f6ddes den 15:e september 1950 i Rabwah, Pakistan. Hans f\u00f6r\u00e4ldrar hette Mirza Mansoor Ahmad och Nasira Begum. Efter att ha avslutat sin masterexamen i jordbruksekonoimi 1977 fr\u00e5n universitet i Faisalabad, Pakistan, dedikerade Hans helighet formellt sitt liv \u00e5t att tj\u00e4na Islam.<br \/>\nMellan \u00e5ren 1977 till 1985, tj\u00e4nade Hans Helighet i Ghana. D\u00e4r var han engagerad i sociala, utbildnings- och jordbruksutvecklings projekt. Han\u00a0 ackrediteras med framg\u00e5ngsrikt odlande av vete p\u00e5 Ghanas mark f\u00f6r f\u00f6rsta g\u00e5ngen i landets historia. Hans helighet \u00e5terv\u00e4nde till Pakistan \u00e5r 1985 och tj\u00e4nstgjorde i diverse ledande administrativa tj\u00e4nster inom Samfundet under de n\u00e4rmaste 18 \u00e5ren, bland annat som verkst\u00e4llande direkt\u00f6r f\u00f6r Ahmadiyya Muslimska Samfundet i Pakistan fr\u00e5n 1997 till valet som Khalifat-ul-Masih.<\/p>\n<p>Hans helighet \u00e4r bosatt i London, Storbritannien med sin fru, Amtul Sabooh Ahmad. Han har tv\u00e5 barn och tre barnbarn.<\/p>\n<p>Hans fritidsintressen inkluderar tr\u00e4dg\u00e5rdsarbete, l\u00e4sning, fotografering och promenader.<\/p>\n<p>Institutionen av Khilafat \u00e4r k\u00e4llan till samfundets enighet, livfullhet, organisation, framsteg och dess fokus p\u00e5 fred. Hans Helighet Mirza Masroor Ahmad \u00e4r den femte kalifen av Ahmadiyya Muslimska Samfundet. Trots att Khilafat \u00e4r inte p\u00e5 n\u00e5got s\u00e4tt en \u00e4rftlig institution, har Hans Helighet Mirza Masroor Ahmad ocks\u00e5 den distinkta \u00e4ran att vara fr\u00e5n familjen av grundaren av Ahmadiyya Muslimska samfundet.<\/p>\n","protected":false},"excerpt":{"rendered":"<p>Om Hans Helighet Hans Helighet Mirza Masroor Ahmad, \u00e4r den femte Kalifen (Khalifat-ul-Masih) av Ahmadiyya Muslimska Samfundet. Vald till den h\u00e4r livsl\u00e5nga st\u00e4llningen den 22:a april 2003, tj\u00e4nar han som den globala andliga och administrativa ledaren f\u00f6r en internationell religi\u00f6s organisation med ett medlemskap som \u00f6verstiger tiotals miljoner m\u00e4nniskor spridda i \u00f6ver 200 nationer. Initiativ<\/p>\n","protected":false},"author":1,"featured_media":0,"parent":1291,"menu_order":2,"comment_status":"open","ping_status":"closed","template":"","meta":{"_acf_changed":false,"footnotes":""},"class_list":["post-1305","page","type-page","status-publish","hentry"],"acf":[],"yoast_head":"<!-- This site is optimized with the Yoast SEO Premium plugin v21.1 (Yoast SEO v27.4) - https:\/\/yoast.com\/product\/yoast-seo-premium-wordpress\/ -->\n<title>Khalifat-ul-Masih - Islams Ahmadiyya F\u00f6rsamling<\/title>\n<meta name=\"robots\" content=\"index, follow, max-snippet:-1, max-image-preview:large, max-video-preview:-1\" \/>\n<link rel=\"canonical\" href=\"https:\/\/www.ahmadiyya-islam.org\/se\/ahmadiyya\/den-nuvarande-khalifa\/\" \/>\n<meta property=\"og:locale\" content=\"sv_SE\" \/>\n<meta property=\"og:type\" content=\"article\" \/>\n<meta property=\"og:title\" content=\"Khalifat-ul-Masih\" \/>\n<meta property=\"og:description\" content=\"Om Hans Helighet Hans Helighet Mirza Masroor Ahmad, \u00e4r den femte Kalifen (Khalifat-ul-Masih) av Ahmadiyya Muslimska Samfundet. Vald till den h\u00e4r livsl\u00e5nga st\u00e4llningen den 22:a april 2003, tj\u00e4nar han som den globala andliga och administrativa ledaren f\u00f6r en internationell religi\u00f6s organisation med ett medlemskap som \u00f6verstiger tiotals miljoner m\u00e4nniskor spridda i \u00f6ver 200 nationer. Initiativ\" \/>\n<meta property=\"og:url\" content=\"https:\/\/www.ahmadiyya-islam.org\/se\/ahmadiyya\/den-nuvarande-khalifa\/\" \/>\n<meta property=\"og:site_name\" content=\"Islams Ahmadiyya F\u00f6rsamling\" \/>\n<meta property=\"article:modified_time\" content=\"2017-07-23T18:57:01+00:00\" \/>\n<meta name=\"twitter:card\" content=\"summary_large_image\" \/>\n<meta name=\"twitter:label1\" content=\"Ber\u00e4knad l\u00e4stid\" \/>\n\t<meta name=\"twitter:data1\" content=\"6 minuter\" \/>\n<script type=\"application\/ld+json\" class=\"yoast-schema-graph\">{\"@context\":\"https:\\\/\\\/schema.org\",\"@graph\":[{\"@type\":\"WebPage\",\"@id\":\"https:\\\/\\\/www.ahmadiyya-islam.org\\\/se\\\/ahmadiyya\\\/den-nuvarande-khalifa\\\/\",\"url\":\"https:\\\/\\\/www.ahmadiyya-islam.org\\\/se\\\/ahmadiyya\\\/den-nuvarande-khalifa\\\/\",\"name\":\"Khalifat-ul-Masih - Islams Ahmadiyya F\u00f6rsamling\",\"isPartOf\":{\"@id\":\"https:\\\/\\\/www.ahmadiyya-islam.org\\\/se\\\/#website\"},\"datePublished\":\"2013-12-12T19:24:28+00:00\",\"dateModified\":\"2017-07-23T18:57:01+00:00\",\"breadcrumb\":{\"@id\":\"https:\\\/\\\/www.ahmadiyya-islam.org\\\/se\\\/ahmadiyya\\\/den-nuvarande-khalifa\\\/#breadcrumb\"},\"inLanguage\":\"sv-SE\",\"potentialAction\":[{\"@type\":\"ReadAction\",\"target\":[\"https:\\\/\\\/www.ahmadiyya-islam.org\\\/se\\\/ahmadiyya\\\/den-nuvarande-khalifa\\\/\"]}]},{\"@type\":\"BreadcrumbList\",\"@id\":\"https:\\\/\\\/www.ahmadiyya-islam.org\\\/se\\\/ahmadiyya\\\/den-nuvarande-khalifa\\\/#breadcrumb\",\"itemListElement\":[{\"@type\":\"ListItem\",\"position\":1,\"name\":\"Home\",\"item\":\"https:\\\/\\\/www.ahmadiyya-islam.org\\\/se\\\/\"},{\"@type\":\"ListItem\",\"position\":2,\"name\":\"Ahmadiyya\",\"item\":\"https:\\\/\\\/www.ahmadiyya-islam.org\\\/se\\\/ahmadiyya\\\/\"},{\"@type\":\"ListItem\",\"position\":3,\"name\":\"Khalifat-ul-Masih\"}]},{\"@type\":\"WebSite\",\"@id\":\"https:\\\/\\\/www.ahmadiyya-islam.org\\\/se\\\/#website\",\"url\":\"https:\\\/\\\/www.ahmadiyya-islam.org\\\/se\\\/\",\"name\":\"Islams Ahmadiyya F\u00f6rsamling\",\"description\":\"Sverige\",\"potentialAction\":[{\"@type\":\"SearchAction\",\"target\":{\"@type\":\"EntryPoint\",\"urlTemplate\":\"https:\\\/\\\/www.ahmadiyya-islam.org\\\/se\\\/?s={search_term_string}\"},\"query-input\":{\"@type\":\"PropertyValueSpecification\",\"valueRequired\":true,\"valueName\":\"search_term_string\"}}],\"inLanguage\":\"sv-SE\"}]}<\/script>\n<!-- \/ Yoast SEO Premium plugin. -->","yoast_head_json":{"title":"Khalifat-ul-Masih - Islams Ahmadiyya F\u00f6rsamling","robots":{"index":"index","follow":"follow","max-snippet":"max-snippet:-1","max-image-preview":"max-image-preview:large","max-video-preview":"max-video-preview:-1"},"canonical":"https:\/\/www.ahmadiyya-islam.org\/se\/ahmadiyya\/den-nuvarande-khalifa\/","og_locale":"sv_SE","og_type":"article","og_title":"Khalifat-ul-Masih","og_description":"Om Hans Helighet Hans Helighet Mirza Masroor Ahmad, \u00e4r den femte Kalifen (Khalifat-ul-Masih) av Ahmadiyya Muslimska Samfundet. Vald till den h\u00e4r livsl\u00e5nga st\u00e4llningen den 22:a april 2003, tj\u00e4nar han som den globala andliga och administrativa ledaren f\u00f6r en internationell religi\u00f6s organisation med ett medlemskap som \u00f6verstiger tiotals miljoner m\u00e4nniskor spridda i \u00f6ver 200 nationer. Initiativ","og_url":"https:\/\/www.ahmadiyya-islam.org\/se\/ahmadiyya\/den-nuvarande-khalifa\/","og_site_name":"Islams Ahmadiyya F\u00f6rsamling","article_modified_time":"2017-07-23T18:57:01+00:00","twitter_card":"summary_large_image","twitter_misc":{"Ber\u00e4knad l\u00e4stid":"6 minuter"},"schema":{"@context":"https:\/\/schema.org","@graph":[{"@type":"WebPage","@id":"https:\/\/www.ahmadiyya-islam.org\/se\/ahmadiyya\/den-nuvarande-khalifa\/","url":"https:\/\/www.ahmadiyya-islam.org\/se\/ahmadiyya\/den-nuvarande-khalifa\/","name":"Khalifat-ul-Masih - Islams Ahmadiyya F\u00f6rsamling","isPartOf":{"@id":"https:\/\/www.ahmadiyya-islam.org\/se\/#website"},"datePublished":"2013-12-12T19:24:28+00:00","dateModified":"2017-07-23T18:57:01+00:00","breadcrumb":{"@id":"https:\/\/www.ahmadiyya-islam.org\/se\/ahmadiyya\/den-nuvarande-khalifa\/#breadcrumb"},"inLanguage":"sv-SE","potentialAction":[{"@type":"ReadAction","target":["https:\/\/www.ahmadiyya-islam.org\/se\/ahmadiyya\/den-nuvarande-khalifa\/"]}]},{"@type":"BreadcrumbList","@id":"https:\/\/www.ahmadiyya-islam.org\/se\/ahmadiyya\/den-nuvarande-khalifa\/#breadcrumb","itemListElement":[{"@type":"ListItem","position":1,"name":"Home","item":"https:\/\/www.ahmadiyya-islam.org\/se\/"},{"@type":"ListItem","position":2,"name":"Ahmadiyya","item":"https:\/\/www.ahmadiyya-islam.org\/se\/ahmadiyya\/"},{"@type":"ListItem","position":3,"name":"Khalifat-ul-Masih"}]},{"@type":"WebSite","@id":"https:\/\/www.ahmadiyya-islam.org\/se\/#website","url":"https:\/\/www.ahmadiyya-islam.org\/se\/","name":"Islams Ahmadiyya F\u00f6rsamling","description":"Sverige","potentialAction":[{"@type":"SearchAction","target":{"@type":"EntryPoint","urlTemplate":"https:\/\/www.ahmadiyya-islam.org\/se\/?s={search_term_string}"},"query-input":{"@type":"PropertyValueSpecification","valueRequired":true,"valueName":"search_term_string"}}],"inLanguage":"sv-SE"}]}},"_links":{"self":[{"href":"https:\/\/www.ahmadiyya-islam.org\/se\/wp-json\/wp\/v2\/pages\/1305","targetHints":{"allow":["GET"]}}],"collection":[{"href":"https:\/\/www.ahmadiyya-islam.org\/se\/wp-json\/wp\/v2\/pages"}],"about":[{"href":"https:\/\/www.ahmadiyya-islam.org\/se\/wp-json\/wp\/v2\/types\/page"}],"author":[{"embeddable":true,"href":"https:\/\/www.ahmadiyya-islam.org\/se\/wp-json\/wp\/v2\/users\/1"}],"replies":[{"embeddable":true,"href":"https:\/\/www.ahmadiyya-islam.org\/se\/wp-json\/wp\/v2\/comments?post=1305"}],"version-history":[{"count":0,"href":"https:\/\/www.ahmadiyya-islam.org\/se\/wp-json\/wp\/v2\/pages\/1305\/revisions"}],"up":[{"embeddable":true,"href":"https:\/\/www.ahmadiyya-islam.org\/se\/wp-json\/wp\/v2\/pages\/1291"}],"wp:attachment":[{"href":"https:\/\/www.ahmadiyya-islam.org\/se\/wp-json\/wp\/v2\/media?parent=1305"}],"curies":[{"name":"wp","href":"https:\/\/api.w.org\/{rel}","templated":true}]}}