{"id":1297,"date":"2013-12-12T19:14:05","date_gmt":"2013-12-12T19:14:05","guid":{"rendered":"http:\/\/www.ahmadiyya-islam.org\/se\/?page_id=1297"},"modified":"2017-07-19T16:47:15","modified_gmt":"2017-07-19T16:47:15","slug":"den-utlovade-messias","status":"publish","type":"page","link":"https:\/\/www.ahmadiyya-islam.org\/se\/ahmadiyya\/den-utlovade-messias\/","title":{"rendered":"Den utlovade Messias"},"content":{"rendered":"<p style=\"text-align: center\"><img loading=\"lazy\" decoding=\"async\" class=\"aligncenter wp-image-2302 size-medium\" src=\"http:\/\/www.ahmadiyya-islam.org\/se\/wp-content\/uploads\/sites\/5\/2015\/08\/utlovade-Messias-211x300.jpg\" alt=\"\" width=\"211\" height=\"300\" srcset=\"https:\/\/www.ahmadiyya-islam.org\/se\/wp-content\/uploads\/sites\/5\/2015\/08\/utlovade-Messias-211x300.jpg 211w, https:\/\/www.ahmadiyya-islam.org\/se\/wp-content\/uploads\/sites\/5\/2015\/08\/utlovade-Messias-720x1024.jpg 720w, https:\/\/www.ahmadiyya-islam.org\/se\/wp-content\/uploads\/sites\/5\/2015\/08\/utlovade-Messias.jpg 900w\" sizes=\"auto, (max-width: 211px) 100vw, 211px\" \/><\/p>\n<p style=\"text-align: center\"><strong>Hans Helighet Mirza Ghulam Ahmad fr\u00e5n Qadian (1835-1908)<\/strong><br \/>\nGrundaren av Ahmadiyya Muslimska Samfundet<br \/>\nDen Utlovade Messias och Imam Mahdi<\/p>\n<p align=\"justify\">Det v\u00e4rldsomsp\u00e4nnande Ahmadiyya muslimska samfundet grundades \u00e5r 1889. Dess grundare, Hans Helighet Mirza Ghulam Ahmad (frid vare med honom) fr\u00e5n Qadian i Indien gjorde anspr\u00e5k p\u00e5 att vara den Utlovade Messias och den Reformator vars ankomst var v\u00e4ntad under olika namn och titlar av de olika v\u00e4rldsreligionernas anh\u00e4ngare. Under gudomlig v\u00e4gledning klargjorde Hans Helighet Mirza Ghulam Ahmad (frid vare med honom) att endast en s\u00e5dan Reformator skulle komma och att hans syfte var att sammanf\u00f6ra m\u00e4nskligheten under taket av en enda universell religion, n\u00e4mligen Islam. Detta f\u00f6r att etablera tron p\u00e5 en enda Gud och att f\u00e5 m\u00e4nniskor att komma n\u00e4rmare sin Skapare, s\u00e5 att m\u00e4nskligheten inte skall falla i ett m\u00f6rker av el\u00e4nde och lidande utan ist\u00e4llet uppn\u00e5 frid med sig sj\u00e4lva, sin omgivning och hela v\u00e4rlden. Han framh\u00f6ll ocks\u00e5 att denna Utlovade Messias skulle vara en underordnad och en anh\u00e4ngare till Islams Helige Profet Muhammad (Allahs frid och v\u00e4lsignelser vare med honom). Detta i enlighet med Muhammads (Allahs frid och v\u00e4lsignelser vare med honom) profetior g\u00e4llande Messias andra \u00e5terkomst och ankomsten av Imam Mahdi fr\u00e5n bland muslimerna. Han gjorde anspr\u00e5k p\u00e5 att vara den person i vilka alla dessa profetior uppfylldes.<\/p>\n<p>&nbsp;<\/p>\n<p><em>\u201dOch f\u00f6rfattaren har f\u00e5tt k\u00e4nnedom om att han \u00e4r tidens reformator, och att hans andliga utm\u00e4rkelser liknar Jesus, Marias sons, utm\u00e4rkelser &#8211; och att den ene har sl\u00e5ende liknelser med den andre &#8211; och att han givits utm\u00e4rkelse \u00f6ver flera av de stora fromma m\u00e4n som f\u00f6rflutit, likt utvalda profeter och s\u00e4ndebud, och detta enbart genom v\u00e4lsignelserna av att ha efterlevt den b\u00e4ste bland skapelsen och det fr\u00e4msta s\u00e4ndebudet (sa), och att vandra i hans v\u00e4g leder till fr\u00e4lsning, lycka och v\u00e4lsignelse, och att g\u00e5 emot honom leder till avl\u00e4gsnande och ber\u00f6velse.\u201d <\/em>[Surma Chashm Ariya, Ruhani Khazain volym 2 sidan 319]<\/p>\n<p><em>\u201dDet \u00e4r enbart jag som \u00e4r ljuset av denna m\u00f6rka tid. Den som f\u00f6ljer mig kommer att skyddas fr\u00e5n de gropar och vallgravar som satan berett f\u00f6r dem som vandrar i m\u00f6rkret. Det \u00e4r Han som har skickat mig s\u00e5 att jag med fred och f\u00f6rdragsamhet ska v\u00e4gleda v\u00e4rlden till den Sanne Guden, och \u00e5teruppr\u00e4tta islams moraliska v\u00e4rderingar. Och Han har \u00e4ven givit mig himmelska tecken f\u00f6r att tillfredsst\u00e4lla s\u00f6kare efter sanningen, och Han har visat underliga verk i mitt st\u00f6d, och blottlagt dolda ting och framtida hemligheter som enligt Guds heliga skrifter \u00e4r korrekta kriterier f\u00f6r att k\u00e4nna igen den sannf\u00e4rdige. Och Han har givit mig heliga insikter och kunskaper. D\u00e4rf\u00f6r har de sj\u00e4lar som inte \u00f6nskar sanningen och som \u00e4r bel\u00e5tna med m\u00f6rker varit mina fiender. Men jag har \u00f6nskat visa medk\u00e4nsla f\u00f6r m\u00e4nskligheten s\u00e5 gott jag f\u00f6rm\u00e5r.\u201d <\/em>[Masih Hindustan Mein, Ruhani Khazain volym 15 sidan 13]<\/p>\n<p><a href=\"#_ftnref1\" name=\"_ftn1\"><\/a><\/p>\n","protected":false},"excerpt":{"rendered":"<p>Hans Helighet Mirza Ghulam Ahmad fr\u00e5n Qadian (1835-1908) Grundaren av Ahmadiyya Muslimska Samfundet Den Utlovade Messias och Imam Mahdi Det v\u00e4rldsomsp\u00e4nnande Ahmadiyya muslimska samfundet grundades \u00e5r 1889. Dess grundare, Hans Helighet Mirza Ghulam Ahmad (frid vare med honom) fr\u00e5n Qadian i Indien gjorde anspr\u00e5k p\u00e5 att vara den Utlovade Messias och den Reformator vars ankomst<\/p>\n","protected":false},"author":1,"featured_media":0,"parent":1291,"menu_order":1,"comment_status":"open","ping_status":"closed","template":"","meta":{"_acf_changed":false,"footnotes":""},"class_list":["post-1297","page","type-page","status-publish","hentry"],"acf":[],"yoast_head":"<!-- This site is optimized with the Yoast SEO Premium plugin v21.1 (Yoast SEO v27.4) - https:\/\/yoast.com\/product\/yoast-seo-premium-wordpress\/ -->\n<title>Den utlovade Messias - Islams Ahmadiyya F\u00f6rsamling<\/title>\n<meta name=\"robots\" content=\"index, follow, max-snippet:-1, max-image-preview:large, max-video-preview:-1\" \/>\n<link rel=\"canonical\" href=\"https:\/\/www.ahmadiyya-islam.org\/se\/ahmadiyya\/den-utlovade-messias\/\" \/>\n<meta property=\"og:locale\" content=\"sv_SE\" \/>\n<meta property=\"og:type\" content=\"article\" \/>\n<meta property=\"og:title\" content=\"Den utlovade Messias\" \/>\n<meta property=\"og:description\" content=\"Hans Helighet Mirza Ghulam Ahmad fr\u00e5n Qadian (1835-1908) Grundaren av Ahmadiyya Muslimska Samfundet Den Utlovade Messias och Imam Mahdi Det v\u00e4rldsomsp\u00e4nnande Ahmadiyya muslimska samfundet grundades \u00e5r 1889. Dess grundare, Hans Helighet Mirza Ghulam Ahmad (frid vare med honom) fr\u00e5n Qadian i Indien gjorde anspr\u00e5k p\u00e5 att vara den Utlovade Messias och den Reformator vars ankomst\" \/>\n<meta property=\"og:url\" content=\"https:\/\/www.ahmadiyya-islam.org\/se\/ahmadiyya\/den-utlovade-messias\/\" \/>\n<meta property=\"og:site_name\" content=\"Islams Ahmadiyya F\u00f6rsamling\" \/>\n<meta property=\"article:modified_time\" content=\"2017-07-19T16:47:15+00:00\" \/>\n<meta property=\"og:image\" content=\"http:\/\/www.ahmadiyya-islam.org\/se\/wp-content\/uploads\/sites\/5\/2015\/08\/utlovade-Messias-211x300.jpg\" \/>\n<meta name=\"twitter:card\" content=\"summary_large_image\" \/>\n<meta name=\"twitter:label1\" content=\"Ber\u00e4knad l\u00e4stid\" \/>\n\t<meta name=\"twitter:data1\" content=\"3 minuter\" \/>\n<script type=\"application\/ld+json\" class=\"yoast-schema-graph\">{\"@context\":\"https:\\\/\\\/schema.org\",\"@graph\":[{\"@type\":\"WebPage\",\"@id\":\"https:\\\/\\\/www.ahmadiyya-islam.org\\\/se\\\/ahmadiyya\\\/den-utlovade-messias\\\/\",\"url\":\"https:\\\/\\\/www.ahmadiyya-islam.org\\\/se\\\/ahmadiyya\\\/den-utlovade-messias\\\/\",\"name\":\"Den utlovade Messias - Islams Ahmadiyya F\u00f6rsamling\",\"isPartOf\":{\"@id\":\"https:\\\/\\\/www.ahmadiyya-islam.org\\\/se\\\/#website\"},\"primaryImageOfPage\":{\"@id\":\"https:\\\/\\\/www.ahmadiyya-islam.org\\\/se\\\/ahmadiyya\\\/den-utlovade-messias\\\/#primaryimage\"},\"image\":{\"@id\":\"https:\\\/\\\/www.ahmadiyya-islam.org\\\/se\\\/ahmadiyya\\\/den-utlovade-messias\\\/#primaryimage\"},\"thumbnailUrl\":\"http:\\\/\\\/www.ahmadiyya-islam.org\\\/se\\\/wp-content\\\/uploads\\\/sites\\\/5\\\/2015\\\/08\\\/utlovade-Messias-211x300.jpg\",\"datePublished\":\"2013-12-12T19:14:05+00:00\",\"dateModified\":\"2017-07-19T16:47:15+00:00\",\"breadcrumb\":{\"@id\":\"https:\\\/\\\/www.ahmadiyya-islam.org\\\/se\\\/ahmadiyya\\\/den-utlovade-messias\\\/#breadcrumb\"},\"inLanguage\":\"sv-SE\",\"potentialAction\":[{\"@type\":\"ReadAction\",\"target\":[\"https:\\\/\\\/www.ahmadiyya-islam.org\\\/se\\\/ahmadiyya\\\/den-utlovade-messias\\\/\"]}]},{\"@type\":\"ImageObject\",\"inLanguage\":\"sv-SE\",\"@id\":\"https:\\\/\\\/www.ahmadiyya-islam.org\\\/se\\\/ahmadiyya\\\/den-utlovade-messias\\\/#primaryimage\",\"url\":\"http:\\\/\\\/www.ahmadiyya-islam.org\\\/se\\\/wp-content\\\/uploads\\\/sites\\\/5\\\/2015\\\/08\\\/utlovade-Messias-211x300.jpg\",\"contentUrl\":\"http:\\\/\\\/www.ahmadiyya-islam.org\\\/se\\\/wp-content\\\/uploads\\\/sites\\\/5\\\/2015\\\/08\\\/utlovade-Messias-211x300.jpg\"},{\"@type\":\"BreadcrumbList\",\"@id\":\"https:\\\/\\\/www.ahmadiyya-islam.org\\\/se\\\/ahmadiyya\\\/den-utlovade-messias\\\/#breadcrumb\",\"itemListElement\":[{\"@type\":\"ListItem\",\"position\":1,\"name\":\"Home\",\"item\":\"https:\\\/\\\/www.ahmadiyya-islam.org\\\/se\\\/\"},{\"@type\":\"ListItem\",\"position\":2,\"name\":\"Ahmadiyya\",\"item\":\"https:\\\/\\\/www.ahmadiyya-islam.org\\\/se\\\/ahmadiyya\\\/\"},{\"@type\":\"ListItem\",\"position\":3,\"name\":\"Den utlovade Messias\"}]},{\"@type\":\"WebSite\",\"@id\":\"https:\\\/\\\/www.ahmadiyya-islam.org\\\/se\\\/#website\",\"url\":\"https:\\\/\\\/www.ahmadiyya-islam.org\\\/se\\\/\",\"name\":\"Islams Ahmadiyya F\u00f6rsamling\",\"description\":\"Sverige\",\"potentialAction\":[{\"@type\":\"SearchAction\",\"target\":{\"@type\":\"EntryPoint\",\"urlTemplate\":\"https:\\\/\\\/www.ahmadiyya-islam.org\\\/se\\\/?s={search_term_string}\"},\"query-input\":{\"@type\":\"PropertyValueSpecification\",\"valueRequired\":true,\"valueName\":\"search_term_string\"}}],\"inLanguage\":\"sv-SE\"}]}<\/script>\n<!-- \/ Yoast SEO Premium plugin. -->","yoast_head_json":{"title":"Den utlovade Messias - Islams Ahmadiyya F\u00f6rsamling","robots":{"index":"index","follow":"follow","max-snippet":"max-snippet:-1","max-image-preview":"max-image-preview:large","max-video-preview":"max-video-preview:-1"},"canonical":"https:\/\/www.ahmadiyya-islam.org\/se\/ahmadiyya\/den-utlovade-messias\/","og_locale":"sv_SE","og_type":"article","og_title":"Den utlovade Messias","og_description":"Hans Helighet Mirza Ghulam Ahmad fr\u00e5n Qadian (1835-1908) Grundaren av Ahmadiyya Muslimska Samfundet Den Utlovade Messias och Imam Mahdi Det v\u00e4rldsomsp\u00e4nnande Ahmadiyya muslimska samfundet grundades \u00e5r 1889. Dess grundare, Hans Helighet Mirza Ghulam Ahmad (frid vare med honom) fr\u00e5n Qadian i Indien gjorde anspr\u00e5k p\u00e5 att vara den Utlovade Messias och den Reformator vars ankomst","og_url":"https:\/\/www.ahmadiyya-islam.org\/se\/ahmadiyya\/den-utlovade-messias\/","og_site_name":"Islams Ahmadiyya F\u00f6rsamling","article_modified_time":"2017-07-19T16:47:15+00:00","og_image":[{"url":"http:\/\/www.ahmadiyya-islam.org\/se\/wp-content\/uploads\/sites\/5\/2015\/08\/utlovade-Messias-211x300.jpg","type":"","width":"","height":""}],"twitter_card":"summary_large_image","twitter_misc":{"Ber\u00e4knad l\u00e4stid":"3 minuter"},"schema":{"@context":"https:\/\/schema.org","@graph":[{"@type":"WebPage","@id":"https:\/\/www.ahmadiyya-islam.org\/se\/ahmadiyya\/den-utlovade-messias\/","url":"https:\/\/www.ahmadiyya-islam.org\/se\/ahmadiyya\/den-utlovade-messias\/","name":"Den utlovade Messias - Islams Ahmadiyya F\u00f6rsamling","isPartOf":{"@id":"https:\/\/www.ahmadiyya-islam.org\/se\/#website"},"primaryImageOfPage":{"@id":"https:\/\/www.ahmadiyya-islam.org\/se\/ahmadiyya\/den-utlovade-messias\/#primaryimage"},"image":{"@id":"https:\/\/www.ahmadiyya-islam.org\/se\/ahmadiyya\/den-utlovade-messias\/#primaryimage"},"thumbnailUrl":"http:\/\/www.ahmadiyya-islam.org\/se\/wp-content\/uploads\/sites\/5\/2015\/08\/utlovade-Messias-211x300.jpg","datePublished":"2013-12-12T19:14:05+00:00","dateModified":"2017-07-19T16:47:15+00:00","breadcrumb":{"@id":"https:\/\/www.ahmadiyya-islam.org\/se\/ahmadiyya\/den-utlovade-messias\/#breadcrumb"},"inLanguage":"sv-SE","potentialAction":[{"@type":"ReadAction","target":["https:\/\/www.ahmadiyya-islam.org\/se\/ahmadiyya\/den-utlovade-messias\/"]}]},{"@type":"ImageObject","inLanguage":"sv-SE","@id":"https:\/\/www.ahmadiyya-islam.org\/se\/ahmadiyya\/den-utlovade-messias\/#primaryimage","url":"http:\/\/www.ahmadiyya-islam.org\/se\/wp-content\/uploads\/sites\/5\/2015\/08\/utlovade-Messias-211x300.jpg","contentUrl":"http:\/\/www.ahmadiyya-islam.org\/se\/wp-content\/uploads\/sites\/5\/2015\/08\/utlovade-Messias-211x300.jpg"},{"@type":"BreadcrumbList","@id":"https:\/\/www.ahmadiyya-islam.org\/se\/ahmadiyya\/den-utlovade-messias\/#breadcrumb","itemListElement":[{"@type":"ListItem","position":1,"name":"Home","item":"https:\/\/www.ahmadiyya-islam.org\/se\/"},{"@type":"ListItem","position":2,"name":"Ahmadiyya","item":"https:\/\/www.ahmadiyya-islam.org\/se\/ahmadiyya\/"},{"@type":"ListItem","position":3,"name":"Den utlovade Messias"}]},{"@type":"WebSite","@id":"https:\/\/www.ahmadiyya-islam.org\/se\/#website","url":"https:\/\/www.ahmadiyya-islam.org\/se\/","name":"Islams Ahmadiyya F\u00f6rsamling","description":"Sverige","potentialAction":[{"@type":"SearchAction","target":{"@type":"EntryPoint","urlTemplate":"https:\/\/www.ahmadiyya-islam.org\/se\/?s={search_term_string}"},"query-input":{"@type":"PropertyValueSpecification","valueRequired":true,"valueName":"search_term_string"}}],"inLanguage":"sv-SE"}]}},"_links":{"self":[{"href":"https:\/\/www.ahmadiyya-islam.org\/se\/wp-json\/wp\/v2\/pages\/1297","targetHints":{"allow":["GET"]}}],"collection":[{"href":"https:\/\/www.ahmadiyya-islam.org\/se\/wp-json\/wp\/v2\/pages"}],"about":[{"href":"https:\/\/www.ahmadiyya-islam.org\/se\/wp-json\/wp\/v2\/types\/page"}],"author":[{"embeddable":true,"href":"https:\/\/www.ahmadiyya-islam.org\/se\/wp-json\/wp\/v2\/users\/1"}],"replies":[{"embeddable":true,"href":"https:\/\/www.ahmadiyya-islam.org\/se\/wp-json\/wp\/v2\/comments?post=1297"}],"version-history":[{"count":0,"href":"https:\/\/www.ahmadiyya-islam.org\/se\/wp-json\/wp\/v2\/pages\/1297\/revisions"}],"up":[{"embeddable":true,"href":"https:\/\/www.ahmadiyya-islam.org\/se\/wp-json\/wp\/v2\/pages\/1291"}],"wp:attachment":[{"href":"https:\/\/www.ahmadiyya-islam.org\/se\/wp-json\/wp\/v2\/media?parent=1297"}],"curies":[{"name":"wp","href":"https:\/\/api.w.org\/{rel}","templated":true}]}}