{"id":1291,"date":"2013-12-12T19:06:42","date_gmt":"2013-12-12T19:06:42","guid":{"rendered":"http:\/\/www.ahmadiyya-islam.org\/se\/?page_id=1291"},"modified":"2017-07-19T16:44:56","modified_gmt":"2017-07-19T16:44:56","slug":"ahmadiyya","status":"publish","type":"page","link":"https:\/\/www.ahmadiyya-islam.org\/se\/ahmadiyya\/","title":{"rendered":"Ahmadiyya"},"content":{"rendered":"<p style=\"background: white;margin: .25in 0in .25in 0in\"><span lang=\"SV\" style=\"font-family: 'Lato',serif;color: #373b41\">Det Ahmadiyya Muslimska Samfundet \u00e4r en dynamiskt, snabbt v\u00e4xande internationell v\u00e4ckelser\u00f6relse inom Islam. Det grundades \u00e5r 1889, och finns idag representerat i 209 nationer med ett medlemskap p\u00e5 tiotals miljoner. Dess nuvarande h\u00f6gkvarter \u00e4r i London.<\/span><\/p>\n<p style=\"background: white;margin: 0in 0in 7.5pt 0in\"><span lang=\"SV\" style=\"font-family: 'Lato',serif;color: #373b41\">Det Ahmadiyya Muslimska Samfundet \u00e4r det enda muslimska samfund som tror att den Utlovade Messias har kommit, genom Mirza Ghulam Ahmad (1835-1908) av Qadian. Ahmad (frid vare med honom) gjorde anspr\u00e5k om att vara den metaforiska \u00e5terkomsten av Jesus (frid vare med honom) av Nasaret, och en Gudomlig v\u00e4gledare (<i>mahdi<\/i>) vars ankomst f\u00f6ruts\u00e5gs av Islam profet Muhammad (Allahs frid och v\u00e4lsignelser vare med honom). Det Ahmadiyya Muslimska Samfundet tror att Gud skickade Ahmad f\u00f6r att, likt Jesus, s\u00e4tta stopp f\u00f6r religi\u00f6sa krig, f\u00f6rd\u00f6ma blodsutgjutelse och \u00e5terinstifta moraliltet, r\u00e4ttvisa och fred. <\/span><\/p>\n<p style=\"background: white;margin: 0in 0in 7.5pt 0in\"><span lang=\"SV\" style=\"font-family: 'Lato',serif;color: #373b41\">Ahmads ankomst har \u00e5stadkommit en era av muslimsk v\u00e4ckelse som saknar motstycke. Han renade Islam fr\u00e5n fanatiska dogmer och praktiker genom att f\u00f6respr\u00e5ka Islams sanna och essentiella l\u00e4ror. <\/span><\/p>\n<p style=\"background: white;margin: 0in 0in 7.5pt 0in\"><span lang=\"SV\" style=\"font-family: 'Lato',serif;color: #373b41\">Det Ahmadiyya Muslimska Samfundet \u00e4r en ledande muslimsk organisation i att kategoriskt f\u00f6rd\u00f6ma terrorism i alla dess former. F\u00f6r \u00f6ver ett sekel sedan s\u00e5 deklarerade Ahmad med emfas att ett aggressivt \u201djihad av sv\u00e4rdet\u201d inte har n\u00e5got st\u00f6d i islam. Ist\u00e4llet l\u00e4rde han sina f\u00f6ljare att utk\u00e4mpa ett icke-blodigt, intellektuellt \u201dJihad av pennan\u201d f\u00f6r att f\u00f6rsvara Islam. Ahmad f\u00f6rfattade \u00f6ver 90 b\u00f6cker, skrev tiotusentals brev, gav hundratals f\u00f6rel\u00e4sningar och medverkade i ett flertal offentliga debatter. Hans rigor\u00f6sa och rationella f\u00f6rsvarande av Islam utmanade konventionellt muslimsk t\u00e4nkande. Som en del av dess str\u00e4van f\u00f6r att \u00e5teruppliva Islam, s\u00e5 forts\u00e4tter det Ahmadiyya Muslimska Samfundet att sprida Ahmads l\u00e4ror av moderation och \u00e5terh\u00e5llsamhet trots bitter opposition fr\u00e5n delar av den muslimska v\u00e4rlden. <\/span><\/p>\n<p style=\"background: white;margin: 0in 0in 7.5pt 0in\"><span lang=\"SV\" style=\"font-family: 'Lato',serif;color: #373b41\">Det Ahmadiyya Muslimska Samfundet \u00e4r \u00e4ven den enda muslimska organisationen som st\u00f6djer separationen av mosk\u00e9n och staten. F\u00f6r \u00f6ver ett sekel sedan, s\u00e5 l\u00e4rde Ahmad sina anh\u00e4ngare att f\u00f6rsvara b\u00e5de religionens och statens helgd genom att bli r\u00e4ttf\u00e4rdiga sj\u00e4lar och likas\u00e5 lojala medborgare. Han varnade f\u00f6r irrationella tolkningar av Qur\u2019anen och feltill\u00e4mpningar av islamiska lagar. Han var st\u00e4ndigt angel\u00e4gen om att f\u00f6rsvara r\u00e4ttigheterna av Guds skapelser. \u00c4n idag forts\u00e4tter samfundet verka f\u00f6r universella m\u00e4nskliga r\u00e4ttigheter. Det f\u00f6respr\u00e5kar kvinnors r\u00e4ttigheter och utbildning. Dess medlemmar \u00e4r bland de mest laglydiga, utbildade och engagerade muslimerna i hela v\u00e4rlden.<\/span><\/p>\n","protected":false},"excerpt":{"rendered":"<p>Det Ahmadiyya Muslimska Samfundet \u00e4r en dynamiskt, snabbt v\u00e4xande internationell v\u00e4ckelser\u00f6relse inom Islam. Det grundades \u00e5r 1889, och finns idag representerat i 209 nationer med ett medlemskap p\u00e5 tiotals miljoner. Dess nuvarande h\u00f6gkvarter \u00e4r i London. Det Ahmadiyya Muslimska Samfundet \u00e4r det enda muslimska samfund som tror att den Utlovade Messias har kommit, genom Mirza<\/p>\n","protected":false},"author":1,"featured_media":0,"parent":0,"menu_order":10,"comment_status":"open","ping_status":"closed","template":"","meta":{"_acf_changed":false,"footnotes":""},"class_list":["post-1291","page","type-page","status-publish","hentry"],"acf":[],"yoast_head":"<!-- This site is optimized with the Yoast SEO Premium plugin v21.1 (Yoast SEO v27.4) - https:\/\/yoast.com\/product\/yoast-seo-premium-wordpress\/ -->\n<title>Ahmadiyya - Islams Ahmadiyya F\u00f6rsamling<\/title>\n<meta name=\"robots\" content=\"index, follow, max-snippet:-1, max-image-preview:large, max-video-preview:-1\" \/>\n<link rel=\"canonical\" href=\"https:\/\/www.ahmadiyya-islam.org\/se\/ahmadiyya\/\" \/>\n<meta property=\"og:locale\" content=\"sv_SE\" \/>\n<meta property=\"og:type\" content=\"article\" \/>\n<meta property=\"og:title\" content=\"Ahmadiyya\" \/>\n<meta property=\"og:description\" content=\"Det Ahmadiyya Muslimska Samfundet \u00e4r en dynamiskt, snabbt v\u00e4xande internationell v\u00e4ckelser\u00f6relse inom Islam. Det grundades \u00e5r 1889, och finns idag representerat i 209 nationer med ett medlemskap p\u00e5 tiotals miljoner. Dess nuvarande h\u00f6gkvarter \u00e4r i London. Det Ahmadiyya Muslimska Samfundet \u00e4r det enda muslimska samfund som tror att den Utlovade Messias har kommit, genom Mirza\" \/>\n<meta property=\"og:url\" content=\"https:\/\/www.ahmadiyya-islam.org\/se\/ahmadiyya\/\" \/>\n<meta property=\"og:site_name\" content=\"Islams Ahmadiyya F\u00f6rsamling\" \/>\n<meta property=\"article:modified_time\" content=\"2017-07-19T16:44:56+00:00\" \/>\n<meta name=\"twitter:card\" content=\"summary_large_image\" \/>\n<meta name=\"twitter:label1\" content=\"Ber\u00e4knad l\u00e4stid\" \/>\n\t<meta name=\"twitter:data1\" content=\"2 minuter\" \/>\n<script type=\"application\/ld+json\" class=\"yoast-schema-graph\">{\"@context\":\"https:\\\/\\\/schema.org\",\"@graph\":[{\"@type\":\"WebPage\",\"@id\":\"https:\\\/\\\/www.ahmadiyya-islam.org\\\/se\\\/ahmadiyya\\\/\",\"url\":\"https:\\\/\\\/www.ahmadiyya-islam.org\\\/se\\\/ahmadiyya\\\/\",\"name\":\"Ahmadiyya - Islams Ahmadiyya F\u00f6rsamling\",\"isPartOf\":{\"@id\":\"https:\\\/\\\/www.ahmadiyya-islam.org\\\/se\\\/#website\"},\"datePublished\":\"2013-12-12T19:06:42+00:00\",\"dateModified\":\"2017-07-19T16:44:56+00:00\",\"breadcrumb\":{\"@id\":\"https:\\\/\\\/www.ahmadiyya-islam.org\\\/se\\\/ahmadiyya\\\/#breadcrumb\"},\"inLanguage\":\"sv-SE\",\"potentialAction\":[{\"@type\":\"ReadAction\",\"target\":[\"https:\\\/\\\/www.ahmadiyya-islam.org\\\/se\\\/ahmadiyya\\\/\"]}]},{\"@type\":\"BreadcrumbList\",\"@id\":\"https:\\\/\\\/www.ahmadiyya-islam.org\\\/se\\\/ahmadiyya\\\/#breadcrumb\",\"itemListElement\":[{\"@type\":\"ListItem\",\"position\":1,\"name\":\"Home\",\"item\":\"https:\\\/\\\/www.ahmadiyya-islam.org\\\/se\\\/\"},{\"@type\":\"ListItem\",\"position\":2,\"name\":\"Ahmadiyya\"}]},{\"@type\":\"WebSite\",\"@id\":\"https:\\\/\\\/www.ahmadiyya-islam.org\\\/se\\\/#website\",\"url\":\"https:\\\/\\\/www.ahmadiyya-islam.org\\\/se\\\/\",\"name\":\"Islams Ahmadiyya F\u00f6rsamling\",\"description\":\"Sverige\",\"potentialAction\":[{\"@type\":\"SearchAction\",\"target\":{\"@type\":\"EntryPoint\",\"urlTemplate\":\"https:\\\/\\\/www.ahmadiyya-islam.org\\\/se\\\/?s={search_term_string}\"},\"query-input\":{\"@type\":\"PropertyValueSpecification\",\"valueRequired\":true,\"valueName\":\"search_term_string\"}}],\"inLanguage\":\"sv-SE\"}]}<\/script>\n<!-- \/ Yoast SEO Premium plugin. -->","yoast_head_json":{"title":"Ahmadiyya - Islams Ahmadiyya F\u00f6rsamling","robots":{"index":"index","follow":"follow","max-snippet":"max-snippet:-1","max-image-preview":"max-image-preview:large","max-video-preview":"max-video-preview:-1"},"canonical":"https:\/\/www.ahmadiyya-islam.org\/se\/ahmadiyya\/","og_locale":"sv_SE","og_type":"article","og_title":"Ahmadiyya","og_description":"Det Ahmadiyya Muslimska Samfundet \u00e4r en dynamiskt, snabbt v\u00e4xande internationell v\u00e4ckelser\u00f6relse inom Islam. Det grundades \u00e5r 1889, och finns idag representerat i 209 nationer med ett medlemskap p\u00e5 tiotals miljoner. Dess nuvarande h\u00f6gkvarter \u00e4r i London. Det Ahmadiyya Muslimska Samfundet \u00e4r det enda muslimska samfund som tror att den Utlovade Messias har kommit, genom Mirza","og_url":"https:\/\/www.ahmadiyya-islam.org\/se\/ahmadiyya\/","og_site_name":"Islams Ahmadiyya F\u00f6rsamling","article_modified_time":"2017-07-19T16:44:56+00:00","twitter_card":"summary_large_image","twitter_misc":{"Ber\u00e4knad l\u00e4stid":"2 minuter"},"schema":{"@context":"https:\/\/schema.org","@graph":[{"@type":"WebPage","@id":"https:\/\/www.ahmadiyya-islam.org\/se\/ahmadiyya\/","url":"https:\/\/www.ahmadiyya-islam.org\/se\/ahmadiyya\/","name":"Ahmadiyya - Islams Ahmadiyya F\u00f6rsamling","isPartOf":{"@id":"https:\/\/www.ahmadiyya-islam.org\/se\/#website"},"datePublished":"2013-12-12T19:06:42+00:00","dateModified":"2017-07-19T16:44:56+00:00","breadcrumb":{"@id":"https:\/\/www.ahmadiyya-islam.org\/se\/ahmadiyya\/#breadcrumb"},"inLanguage":"sv-SE","potentialAction":[{"@type":"ReadAction","target":["https:\/\/www.ahmadiyya-islam.org\/se\/ahmadiyya\/"]}]},{"@type":"BreadcrumbList","@id":"https:\/\/www.ahmadiyya-islam.org\/se\/ahmadiyya\/#breadcrumb","itemListElement":[{"@type":"ListItem","position":1,"name":"Home","item":"https:\/\/www.ahmadiyya-islam.org\/se\/"},{"@type":"ListItem","position":2,"name":"Ahmadiyya"}]},{"@type":"WebSite","@id":"https:\/\/www.ahmadiyya-islam.org\/se\/#website","url":"https:\/\/www.ahmadiyya-islam.org\/se\/","name":"Islams Ahmadiyya F\u00f6rsamling","description":"Sverige","potentialAction":[{"@type":"SearchAction","target":{"@type":"EntryPoint","urlTemplate":"https:\/\/www.ahmadiyya-islam.org\/se\/?s={search_term_string}"},"query-input":{"@type":"PropertyValueSpecification","valueRequired":true,"valueName":"search_term_string"}}],"inLanguage":"sv-SE"}]}},"_links":{"self":[{"href":"https:\/\/www.ahmadiyya-islam.org\/se\/wp-json\/wp\/v2\/pages\/1291","targetHints":{"allow":["GET"]}}],"collection":[{"href":"https:\/\/www.ahmadiyya-islam.org\/se\/wp-json\/wp\/v2\/pages"}],"about":[{"href":"https:\/\/www.ahmadiyya-islam.org\/se\/wp-json\/wp\/v2\/types\/page"}],"author":[{"embeddable":true,"href":"https:\/\/www.ahmadiyya-islam.org\/se\/wp-json\/wp\/v2\/users\/1"}],"replies":[{"embeddable":true,"href":"https:\/\/www.ahmadiyya-islam.org\/se\/wp-json\/wp\/v2\/comments?post=1291"}],"version-history":[{"count":0,"href":"https:\/\/www.ahmadiyya-islam.org\/se\/wp-json\/wp\/v2\/pages\/1291\/revisions"}],"wp:attachment":[{"href":"https:\/\/www.ahmadiyya-islam.org\/se\/wp-json\/wp\/v2\/media?parent=1291"}],"curies":[{"name":"wp","href":"https:\/\/api.w.org\/{rel}","templated":true}]}}