{"id":1280,"date":"2013-12-12T18:39:17","date_gmt":"2013-12-12T18:39:17","guid":{"rendered":"http:\/\/www.ahmadiyya-islam.org\/se\/?page_id=1280"},"modified":"2013-12-12T18:39:17","modified_gmt":"2013-12-12T18:39:17","slug":"allmosegivandet","status":"publish","type":"page","link":"https:\/\/www.ahmadiyya-islam.org\/se\/islam_old\/islams-fem-grundpelare\/allmosegivandet\/","title":{"rendered":"Allmosegivandet"},"content":{"rendered":"<p>V\u00e4lg\u00f6renhet mot m\u00e4nniskan, i ordets vidaste betydelse, \u00e4r h\u00f6rnstenen i det muslimska samh\u00e4llet och ett st\u00e4ndigt tema i de Qur&#8217;aniska l\u00e4rorna. det finns tv\u00e5 slags v\u00e4lg\u00f6renheter i Islam: obligatoriska och frivilliga. Den obligatoriska kallas Allmosegivandet(Zakat) medans den frivilliga heter Sadaqah.<\/p>\n<p>Konceptet med Allmosegivandet var inte helt nytt f\u00f6r Islam; liknande allmosor hade \u00e4ven f\u00f6reskrivits israelerna och de kristna. Inom Islam, har \u00e4r Allmosegivandet ett f\u00f6reskrivet bidrag baserad p\u00e5 en persons f\u00f6rm\u00f6genhet och inkomst. Beloppet av bidraget skiljer sig f\u00f6r olika slags egendomar men, \u00e4r i genomsnitt tv\u00e5 och en halv procent av hela v\u00e4rdet. int\u00e4kterna fr\u00e5n Allmosegivandet \u00e4r syftade till f\u00f6ljande \u00e4ndam\u00e5l:<\/p>\n<p>&#8211; lindra fattigdom och n\u00f6dst\u00e4lldhet &#8211; hj\u00e4lpa skuldsatta<br \/>\n&#8211; tillhandah\u00e5lla v\u00e4lst\u00e5nd och underl\u00e4ttelse f\u00f6r resande<br \/>\n&#8211; tillhandah\u00e5lla stipendier<br \/>\n&#8211; tillhandah\u00e5lla l\u00f6sen f\u00f6r krigsf\u00e5ngar<br \/>\n&#8211; propagerandet av Islam<br \/>\n&#8211; bem\u00f6ta omkostnaderna f\u00f6r insamlandet av Allmosegivandet .<br \/>\n&#8211; andra v\u00e4lg\u00f6rande \u00e4ndam\u00e5l f\u00f6r samh\u00e4llet<\/p>\n<p>Allmosegivandet \u00e4r d\u00e4rf\u00f6r ett p\u00e5bud f\u00f6reskrivet av Gud f\u00f6r samh\u00e4llets b\u00e4sta. N\u00e4r \u00e5 ena sidan dessa v\u00e4lg\u00f6rande bist\u00e5nd f\u00f6rser samh\u00e4llets behov, renar \u00e4ven sj\u00e4lva handlingen att ge v\u00e4lg\u00f6renhet i Guds namn hj\u00e4rtat av v\u00e4lg\u00f6raren fr\u00e5n sj\u00e4lviskhet och lystnad.<\/p>\n","protected":false},"excerpt":{"rendered":"<p>V\u00e4lg\u00f6renhet mot m\u00e4nniskan, i ordets vidaste betydelse, \u00e4r h\u00f6rnstenen i det muslimska samh\u00e4llet och ett st\u00e4ndigt tema i de Qur&#8217;aniska l\u00e4rorna. det finns tv\u00e5 slags v\u00e4lg\u00f6renheter i Islam: obligatoriska och frivilliga. Den obligatoriska kallas Allmosegivandet(Zakat) medans den frivilliga heter Sadaqah. Konceptet med Allmosegivandet var inte helt nytt f\u00f6r Islam; liknande allmosor hade \u00e4ven f\u00f6reskrivits israelerna<\/p>\n","protected":false},"author":1,"featured_media":0,"parent":1264,"menu_order":4,"comment_status":"open","ping_status":"closed","template":"","meta":{"_acf_changed":false,"footnotes":""},"class_list":["post-1280","page","type-page","status-publish","hentry"],"acf":[],"yoast_head":"<!-- This site is optimized with the Yoast SEO Premium plugin v21.1 (Yoast SEO v27.0) - https:\/\/yoast.com\/product\/yoast-seo-premium-wordpress\/ -->\n<title>Allmosegivandet - Islams Ahmadiyya F\u00f6rsamling<\/title>\n<meta name=\"robots\" content=\"index, follow, max-snippet:-1, max-image-preview:large, max-video-preview:-1\" \/>\n<link rel=\"canonical\" href=\"https:\/\/www.ahmadiyya-islam.org\/se\/islam_old\/islams-fem-grundpelare\/allmosegivandet\/\" \/>\n<meta property=\"og:locale\" content=\"sv_SE\" \/>\n<meta property=\"og:type\" content=\"article\" \/>\n<meta property=\"og:title\" content=\"Allmosegivandet\" \/>\n<meta property=\"og:description\" content=\"V\u00e4lg\u00f6renhet mot m\u00e4nniskan, i ordets vidaste betydelse, \u00e4r h\u00f6rnstenen i det muslimska samh\u00e4llet och ett st\u00e4ndigt tema i de Qur&#8217;aniska l\u00e4rorna. det finns tv\u00e5 slags v\u00e4lg\u00f6renheter i Islam: obligatoriska och frivilliga. Den obligatoriska kallas Allmosegivandet(Zakat) medans den frivilliga heter Sadaqah. Konceptet med Allmosegivandet var inte helt nytt f\u00f6r Islam; liknande allmosor hade \u00e4ven f\u00f6reskrivits israelerna\" \/>\n<meta property=\"og:url\" content=\"https:\/\/www.ahmadiyya-islam.org\/se\/islam_old\/islams-fem-grundpelare\/allmosegivandet\/\" \/>\n<meta property=\"og:site_name\" content=\"Islams Ahmadiyya F\u00f6rsamling\" \/>\n<meta name=\"twitter:card\" content=\"summary_large_image\" \/>\n<meta name=\"twitter:label1\" content=\"Ber\u00e4knad l\u00e4stid\" \/>\n\t<meta name=\"twitter:data1\" content=\"1 minut\" \/>\n<script type=\"application\/ld+json\" class=\"yoast-schema-graph\">{\"@context\":\"https:\/\/schema.org\",\"@graph\":[{\"@type\":\"WebPage\",\"@id\":\"https:\/\/www.ahmadiyya-islam.org\/se\/islam_old\/islams-fem-grundpelare\/allmosegivandet\/\",\"url\":\"https:\/\/www.ahmadiyya-islam.org\/se\/islam_old\/islams-fem-grundpelare\/allmosegivandet\/\",\"name\":\"Allmosegivandet - Islams Ahmadiyya F\u00f6rsamling\",\"isPartOf\":{\"@id\":\"https:\/\/www.ahmadiyya-islam.org\/se\/#website\"},\"datePublished\":\"2013-12-12T18:39:17+00:00\",\"breadcrumb\":{\"@id\":\"https:\/\/www.ahmadiyya-islam.org\/se\/islam_old\/islams-fem-grundpelare\/allmosegivandet\/#breadcrumb\"},\"inLanguage\":\"sv-SE\",\"potentialAction\":[{\"@type\":\"ReadAction\",\"target\":[\"https:\/\/www.ahmadiyya-islam.org\/se\/islam_old\/islams-fem-grundpelare\/allmosegivandet\/\"]}]},{\"@type\":\"BreadcrumbList\",\"@id\":\"https:\/\/www.ahmadiyya-islam.org\/se\/islam_old\/islams-fem-grundpelare\/allmosegivandet\/#breadcrumb\",\"itemListElement\":[{\"@type\":\"ListItem\",\"position\":1,\"name\":\"Home\",\"item\":\"https:\/\/www.ahmadiyya-islam.org\/se\/\"},{\"@type\":\"ListItem\",\"position\":2,\"name\":\"Islam\",\"item\":\"https:\/\/www.ahmadiyya-islam.org\/se\/islam_old\/\"},{\"@type\":\"ListItem\",\"position\":3,\"name\":\"Islams fem grundpelare\",\"item\":\"https:\/\/www.ahmadiyya-islam.org\/se\/islam_old\/islams-fem-grundpelare\/\"},{\"@type\":\"ListItem\",\"position\":4,\"name\":\"Allmosegivandet\"}]},{\"@type\":\"WebSite\",\"@id\":\"https:\/\/www.ahmadiyya-islam.org\/se\/#website\",\"url\":\"https:\/\/www.ahmadiyya-islam.org\/se\/\",\"name\":\"Islams Ahmadiyya F\u00f6rsamling\",\"description\":\"Sverige\",\"potentialAction\":[{\"@type\":\"SearchAction\",\"target\":{\"@type\":\"EntryPoint\",\"urlTemplate\":\"https:\/\/www.ahmadiyya-islam.org\/se\/?s={search_term_string}\"},\"query-input\":{\"@type\":\"PropertyValueSpecification\",\"valueRequired\":true,\"valueName\":\"search_term_string\"}}],\"inLanguage\":\"sv-SE\"}]}<\/script>\n<!-- \/ Yoast SEO Premium plugin. -->","yoast_head_json":{"title":"Allmosegivandet - Islams Ahmadiyya F\u00f6rsamling","robots":{"index":"index","follow":"follow","max-snippet":"max-snippet:-1","max-image-preview":"max-image-preview:large","max-video-preview":"max-video-preview:-1"},"canonical":"https:\/\/www.ahmadiyya-islam.org\/se\/islam_old\/islams-fem-grundpelare\/allmosegivandet\/","og_locale":"sv_SE","og_type":"article","og_title":"Allmosegivandet","og_description":"V\u00e4lg\u00f6renhet mot m\u00e4nniskan, i ordets vidaste betydelse, \u00e4r h\u00f6rnstenen i det muslimska samh\u00e4llet och ett st\u00e4ndigt tema i de Qur&#8217;aniska l\u00e4rorna. det finns tv\u00e5 slags v\u00e4lg\u00f6renheter i Islam: obligatoriska och frivilliga. Den obligatoriska kallas Allmosegivandet(Zakat) medans den frivilliga heter Sadaqah. Konceptet med Allmosegivandet var inte helt nytt f\u00f6r Islam; liknande allmosor hade \u00e4ven f\u00f6reskrivits israelerna","og_url":"https:\/\/www.ahmadiyya-islam.org\/se\/islam_old\/islams-fem-grundpelare\/allmosegivandet\/","og_site_name":"Islams Ahmadiyya F\u00f6rsamling","twitter_card":"summary_large_image","twitter_misc":{"Ber\u00e4knad l\u00e4stid":"1 minut"},"schema":{"@context":"https:\/\/schema.org","@graph":[{"@type":"WebPage","@id":"https:\/\/www.ahmadiyya-islam.org\/se\/islam_old\/islams-fem-grundpelare\/allmosegivandet\/","url":"https:\/\/www.ahmadiyya-islam.org\/se\/islam_old\/islams-fem-grundpelare\/allmosegivandet\/","name":"Allmosegivandet - Islams Ahmadiyya F\u00f6rsamling","isPartOf":{"@id":"https:\/\/www.ahmadiyya-islam.org\/se\/#website"},"datePublished":"2013-12-12T18:39:17+00:00","breadcrumb":{"@id":"https:\/\/www.ahmadiyya-islam.org\/se\/islam_old\/islams-fem-grundpelare\/allmosegivandet\/#breadcrumb"},"inLanguage":"sv-SE","potentialAction":[{"@type":"ReadAction","target":["https:\/\/www.ahmadiyya-islam.org\/se\/islam_old\/islams-fem-grundpelare\/allmosegivandet\/"]}]},{"@type":"BreadcrumbList","@id":"https:\/\/www.ahmadiyya-islam.org\/se\/islam_old\/islams-fem-grundpelare\/allmosegivandet\/#breadcrumb","itemListElement":[{"@type":"ListItem","position":1,"name":"Home","item":"https:\/\/www.ahmadiyya-islam.org\/se\/"},{"@type":"ListItem","position":2,"name":"Islam","item":"https:\/\/www.ahmadiyya-islam.org\/se\/islam_old\/"},{"@type":"ListItem","position":3,"name":"Islams fem grundpelare","item":"https:\/\/www.ahmadiyya-islam.org\/se\/islam_old\/islams-fem-grundpelare\/"},{"@type":"ListItem","position":4,"name":"Allmosegivandet"}]},{"@type":"WebSite","@id":"https:\/\/www.ahmadiyya-islam.org\/se\/#website","url":"https:\/\/www.ahmadiyya-islam.org\/se\/","name":"Islams Ahmadiyya F\u00f6rsamling","description":"Sverige","potentialAction":[{"@type":"SearchAction","target":{"@type":"EntryPoint","urlTemplate":"https:\/\/www.ahmadiyya-islam.org\/se\/?s={search_term_string}"},"query-input":{"@type":"PropertyValueSpecification","valueRequired":true,"valueName":"search_term_string"}}],"inLanguage":"sv-SE"}]}},"_links":{"self":[{"href":"https:\/\/www.ahmadiyya-islam.org\/se\/wp-json\/wp\/v2\/pages\/1280","targetHints":{"allow":["GET"]}}],"collection":[{"href":"https:\/\/www.ahmadiyya-islam.org\/se\/wp-json\/wp\/v2\/pages"}],"about":[{"href":"https:\/\/www.ahmadiyya-islam.org\/se\/wp-json\/wp\/v2\/types\/page"}],"author":[{"embeddable":true,"href":"https:\/\/www.ahmadiyya-islam.org\/se\/wp-json\/wp\/v2\/users\/1"}],"replies":[{"embeddable":true,"href":"https:\/\/www.ahmadiyya-islam.org\/se\/wp-json\/wp\/v2\/comments?post=1280"}],"version-history":[{"count":0,"href":"https:\/\/www.ahmadiyya-islam.org\/se\/wp-json\/wp\/v2\/pages\/1280\/revisions"}],"up":[{"embeddable":true,"href":"https:\/\/www.ahmadiyya-islam.org\/se\/wp-json\/wp\/v2\/pages\/1264"}],"wp:attachment":[{"href":"https:\/\/www.ahmadiyya-islam.org\/se\/wp-json\/wp\/v2\/media?parent=1280"}],"curies":[{"name":"wp","href":"https:\/\/api.w.org\/{rel}","templated":true}]}}