{"id":1266,"date":"2013-12-12T18:25:56","date_gmt":"2013-12-12T18:25:56","guid":{"rendered":"http:\/\/www.ahmadiyya-islam.org\/se\/?page_id=1266"},"modified":"2017-07-19T16:42:09","modified_gmt":"2017-07-19T16:42:09","slug":"trosbekannelsen","status":"publish","type":"page","link":"https:\/\/www.ahmadiyya-islam.org\/se\/islam_old\/islams-fem-grundpelare\/trosbekannelsen\/","title":{"rendered":"Trosbek\u00e4nnelsen"},"content":{"rendered":"<p style=\"background: white;margin: .25in 0in .25in 0in\"><span lang=\"SV\" style=\"font-family: 'Lato',serif;color: #373b41\">Det f\u00f6rsta steget av intr\u00e4det i Islam \u00e4r att bek\u00e4nna den nya religionen. Trosbek\u00e4nnelsen b\u00e4r andemeningen av Islam i dess tv\u00e5 korta meningar:<\/span><\/p>\n<p style=\"text-align: center;background: white;margin: .25in 0in .25in 0in\" align=\"center\"><em><span lang=\"SV\" style=\"font-family: 'Lato',serif;color: #373b41\">\u201cDet finns ingen v\u00e4rdig tillbedjan f\u00f6rutom Gud<\/span><\/em><i><span lang=\"SV\" style=\"font-family: 'Lato',serif;color: #373b41\"><br \/>\n<em><span style=\"font-family: 'Lato',serif\">Muhammad \u00e4r Guds S\u00e4ndebud\u201d<\/span><\/em><\/span><\/i><\/p>\n<p style=\"background: white;margin: .25in 0in .25in 0in\"><span lang=\"SV\" style=\"font-family: 'Lato',serif;color: #373b41\">I det tidiga Islam, n\u00e4r man reciterade trosbek\u00e4nnelsen, s\u00e5 var detta ett tecken p\u00e5 att man konverterat till den nya tron och blivit muslim. <\/span><\/p>\n","protected":false},"excerpt":{"rendered":"<p>Det f\u00f6rsta steget av intr\u00e4det i Islam \u00e4r att bek\u00e4nna den nya religionen. Trosbek\u00e4nnelsen b\u00e4r andemeningen av Islam i dess tv\u00e5 korta meningar: \u201cDet finns ingen v\u00e4rdig tillbedjan f\u00f6rutom Gud Muhammad \u00e4r Guds S\u00e4ndebud\u201d I det tidiga Islam, n\u00e4r man reciterade trosbek\u00e4nnelsen, s\u00e5 var detta ett tecken p\u00e5 att man konverterat till den nya tron<\/p>\n","protected":false},"author":1,"featured_media":0,"parent":1264,"menu_order":1,"comment_status":"open","ping_status":"closed","template":"","meta":{"_acf_changed":false,"footnotes":""},"class_list":["post-1266","page","type-page","status-publish","hentry"],"acf":[],"yoast_head":"<!-- This site is optimized with the Yoast SEO Premium plugin v21.1 (Yoast SEO v27.4) - https:\/\/yoast.com\/product\/yoast-seo-premium-wordpress\/ -->\n<title>Trosbek\u00e4nnelsen - Islams Ahmadiyya F\u00f6rsamling<\/title>\n<meta name=\"robots\" content=\"index, follow, max-snippet:-1, max-image-preview:large, max-video-preview:-1\" \/>\n<link rel=\"canonical\" href=\"https:\/\/www.ahmadiyya-islam.org\/se\/islam_old\/islams-fem-grundpelare\/trosbekannelsen\/\" \/>\n<meta property=\"og:locale\" content=\"sv_SE\" \/>\n<meta property=\"og:type\" content=\"article\" \/>\n<meta property=\"og:title\" content=\"Trosbek\u00e4nnelsen\" \/>\n<meta property=\"og:description\" content=\"Det f\u00f6rsta steget av intr\u00e4det i Islam \u00e4r att bek\u00e4nna den nya religionen. Trosbek\u00e4nnelsen b\u00e4r andemeningen av Islam i dess tv\u00e5 korta meningar: \u201cDet finns ingen v\u00e4rdig tillbedjan f\u00f6rutom Gud Muhammad \u00e4r Guds S\u00e4ndebud\u201d I det tidiga Islam, n\u00e4r man reciterade trosbek\u00e4nnelsen, s\u00e5 var detta ett tecken p\u00e5 att man konverterat till den nya tron\" \/>\n<meta property=\"og:url\" content=\"https:\/\/www.ahmadiyya-islam.org\/se\/islam_old\/islams-fem-grundpelare\/trosbekannelsen\/\" \/>\n<meta property=\"og:site_name\" content=\"Islams Ahmadiyya F\u00f6rsamling\" \/>\n<meta property=\"article:modified_time\" content=\"2017-07-19T16:42:09+00:00\" \/>\n<meta name=\"twitter:card\" content=\"summary_large_image\" \/>\n<script type=\"application\/ld+json\" class=\"yoast-schema-graph\">{\"@context\":\"https:\\\/\\\/schema.org\",\"@graph\":[{\"@type\":\"WebPage\",\"@id\":\"https:\\\/\\\/www.ahmadiyya-islam.org\\\/se\\\/islam_old\\\/islams-fem-grundpelare\\\/trosbekannelsen\\\/\",\"url\":\"https:\\\/\\\/www.ahmadiyya-islam.org\\\/se\\\/islam_old\\\/islams-fem-grundpelare\\\/trosbekannelsen\\\/\",\"name\":\"Trosbek\u00e4nnelsen - Islams Ahmadiyya F\u00f6rsamling\",\"isPartOf\":{\"@id\":\"https:\\\/\\\/www.ahmadiyya-islam.org\\\/se\\\/#website\"},\"datePublished\":\"2013-12-12T18:25:56+00:00\",\"dateModified\":\"2017-07-19T16:42:09+00:00\",\"breadcrumb\":{\"@id\":\"https:\\\/\\\/www.ahmadiyya-islam.org\\\/se\\\/islam_old\\\/islams-fem-grundpelare\\\/trosbekannelsen\\\/#breadcrumb\"},\"inLanguage\":\"sv-SE\",\"potentialAction\":[{\"@type\":\"ReadAction\",\"target\":[\"https:\\\/\\\/www.ahmadiyya-islam.org\\\/se\\\/islam_old\\\/islams-fem-grundpelare\\\/trosbekannelsen\\\/\"]}]},{\"@type\":\"BreadcrumbList\",\"@id\":\"https:\\\/\\\/www.ahmadiyya-islam.org\\\/se\\\/islam_old\\\/islams-fem-grundpelare\\\/trosbekannelsen\\\/#breadcrumb\",\"itemListElement\":[{\"@type\":\"ListItem\",\"position\":1,\"name\":\"Home\",\"item\":\"https:\\\/\\\/www.ahmadiyya-islam.org\\\/se\\\/\"},{\"@type\":\"ListItem\",\"position\":2,\"name\":\"Islam\",\"item\":\"https:\\\/\\\/www.ahmadiyya-islam.org\\\/se\\\/islam_old\\\/\"},{\"@type\":\"ListItem\",\"position\":3,\"name\":\"Islams fem grundpelare\",\"item\":\"https:\\\/\\\/www.ahmadiyya-islam.org\\\/se\\\/islam_old\\\/islams-fem-grundpelare\\\/\"},{\"@type\":\"ListItem\",\"position\":4,\"name\":\"Trosbek\u00e4nnelsen\"}]},{\"@type\":\"WebSite\",\"@id\":\"https:\\\/\\\/www.ahmadiyya-islam.org\\\/se\\\/#website\",\"url\":\"https:\\\/\\\/www.ahmadiyya-islam.org\\\/se\\\/\",\"name\":\"Islams Ahmadiyya F\u00f6rsamling\",\"description\":\"Sverige\",\"potentialAction\":[{\"@type\":\"SearchAction\",\"target\":{\"@type\":\"EntryPoint\",\"urlTemplate\":\"https:\\\/\\\/www.ahmadiyya-islam.org\\\/se\\\/?s={search_term_string}\"},\"query-input\":{\"@type\":\"PropertyValueSpecification\",\"valueRequired\":true,\"valueName\":\"search_term_string\"}}],\"inLanguage\":\"sv-SE\"}]}<\/script>\n<!-- \/ Yoast SEO Premium plugin. -->","yoast_head_json":{"title":"Trosbek\u00e4nnelsen - Islams Ahmadiyya F\u00f6rsamling","robots":{"index":"index","follow":"follow","max-snippet":"max-snippet:-1","max-image-preview":"max-image-preview:large","max-video-preview":"max-video-preview:-1"},"canonical":"https:\/\/www.ahmadiyya-islam.org\/se\/islam_old\/islams-fem-grundpelare\/trosbekannelsen\/","og_locale":"sv_SE","og_type":"article","og_title":"Trosbek\u00e4nnelsen","og_description":"Det f\u00f6rsta steget av intr\u00e4det i Islam \u00e4r att bek\u00e4nna den nya religionen. Trosbek\u00e4nnelsen b\u00e4r andemeningen av Islam i dess tv\u00e5 korta meningar: \u201cDet finns ingen v\u00e4rdig tillbedjan f\u00f6rutom Gud Muhammad \u00e4r Guds S\u00e4ndebud\u201d I det tidiga Islam, n\u00e4r man reciterade trosbek\u00e4nnelsen, s\u00e5 var detta ett tecken p\u00e5 att man konverterat till den nya tron","og_url":"https:\/\/www.ahmadiyya-islam.org\/se\/islam_old\/islams-fem-grundpelare\/trosbekannelsen\/","og_site_name":"Islams Ahmadiyya F\u00f6rsamling","article_modified_time":"2017-07-19T16:42:09+00:00","twitter_card":"summary_large_image","schema":{"@context":"https:\/\/schema.org","@graph":[{"@type":"WebPage","@id":"https:\/\/www.ahmadiyya-islam.org\/se\/islam_old\/islams-fem-grundpelare\/trosbekannelsen\/","url":"https:\/\/www.ahmadiyya-islam.org\/se\/islam_old\/islams-fem-grundpelare\/trosbekannelsen\/","name":"Trosbek\u00e4nnelsen - Islams Ahmadiyya F\u00f6rsamling","isPartOf":{"@id":"https:\/\/www.ahmadiyya-islam.org\/se\/#website"},"datePublished":"2013-12-12T18:25:56+00:00","dateModified":"2017-07-19T16:42:09+00:00","breadcrumb":{"@id":"https:\/\/www.ahmadiyya-islam.org\/se\/islam_old\/islams-fem-grundpelare\/trosbekannelsen\/#breadcrumb"},"inLanguage":"sv-SE","potentialAction":[{"@type":"ReadAction","target":["https:\/\/www.ahmadiyya-islam.org\/se\/islam_old\/islams-fem-grundpelare\/trosbekannelsen\/"]}]},{"@type":"BreadcrumbList","@id":"https:\/\/www.ahmadiyya-islam.org\/se\/islam_old\/islams-fem-grundpelare\/trosbekannelsen\/#breadcrumb","itemListElement":[{"@type":"ListItem","position":1,"name":"Home","item":"https:\/\/www.ahmadiyya-islam.org\/se\/"},{"@type":"ListItem","position":2,"name":"Islam","item":"https:\/\/www.ahmadiyya-islam.org\/se\/islam_old\/"},{"@type":"ListItem","position":3,"name":"Islams fem grundpelare","item":"https:\/\/www.ahmadiyya-islam.org\/se\/islam_old\/islams-fem-grundpelare\/"},{"@type":"ListItem","position":4,"name":"Trosbek\u00e4nnelsen"}]},{"@type":"WebSite","@id":"https:\/\/www.ahmadiyya-islam.org\/se\/#website","url":"https:\/\/www.ahmadiyya-islam.org\/se\/","name":"Islams Ahmadiyya F\u00f6rsamling","description":"Sverige","potentialAction":[{"@type":"SearchAction","target":{"@type":"EntryPoint","urlTemplate":"https:\/\/www.ahmadiyya-islam.org\/se\/?s={search_term_string}"},"query-input":{"@type":"PropertyValueSpecification","valueRequired":true,"valueName":"search_term_string"}}],"inLanguage":"sv-SE"}]}},"_links":{"self":[{"href":"https:\/\/www.ahmadiyya-islam.org\/se\/wp-json\/wp\/v2\/pages\/1266","targetHints":{"allow":["GET"]}}],"collection":[{"href":"https:\/\/www.ahmadiyya-islam.org\/se\/wp-json\/wp\/v2\/pages"}],"about":[{"href":"https:\/\/www.ahmadiyya-islam.org\/se\/wp-json\/wp\/v2\/types\/page"}],"author":[{"embeddable":true,"href":"https:\/\/www.ahmadiyya-islam.org\/se\/wp-json\/wp\/v2\/users\/1"}],"replies":[{"embeddable":true,"href":"https:\/\/www.ahmadiyya-islam.org\/se\/wp-json\/wp\/v2\/comments?post=1266"}],"version-history":[{"count":0,"href":"https:\/\/www.ahmadiyya-islam.org\/se\/wp-json\/wp\/v2\/pages\/1266\/revisions"}],"up":[{"embeddable":true,"href":"https:\/\/www.ahmadiyya-islam.org\/se\/wp-json\/wp\/v2\/pages\/1264"}],"wp:attachment":[{"href":"https:\/\/www.ahmadiyya-islam.org\/se\/wp-json\/wp\/v2\/media?parent=1266"}],"curies":[{"name":"wp","href":"https:\/\/api.w.org\/{rel}","templated":true}]}}