{"id":1115,"date":"2013-12-12T18:10:53","date_gmt":"2013-12-12T18:10:53","guid":{"rendered":"http:\/\/www.ahmadiyya-islam.org\/se\/?page_id=1115"},"modified":"2013-12-12T18:10:53","modified_gmt":"2013-12-12T18:10:53","slug":"tron-pa-guds-forordning","status":"publish","type":"page","link":"https:\/\/www.ahmadiyya-islam.org\/se\/islam_old\/sex-trosartiklar-i-islam\/tron-pa-guds-forordning\/","title":{"rendered":"Tron p\u00e5 Guds f\u00f6rordning"},"content":{"rendered":"<p>Vi har i detalj n\u00e4mnt de fundamentala trosartiklarna i Islam. det finns hursomhelst m\u00e5nga andra som ocks\u00e5 \u00e4r v\u00e4ldigt viktiga i Islam. vi n\u00e4mner n\u00e5gra f\u00e5 utav dem nedan:<\/p>\n<p><em>(vi)<\/em> En muslim tror p\u00e5 &#8217;taqdir&#8217;, eller den Gudomliga f\u00f6rutbest\u00e4mmelsen, som kontrollerar resultatet av alla handlingar i universum.<\/p>\n<p><em>(vii)<\/em> En muslim tror att varje m\u00e4nniska f\u00f6ds oskyldig och fri fr\u00e5n synd. Synd \u00e4r en medveten \u00f6vertr\u00e4delse av en Gudomlig f\u00f6rordning, som framlagts av Profeten, eller utav ens eget intellekt, en Gudsben\u00e5den f\u00f6rm\u00e5ga. Endast d\u00e5 en person n\u00e5r mognad kan han fr\u00e5nskilja r\u00e4tt och fel, och b\u00e4ra ansvaret f\u00f6r sina handlingar.<\/p>\n<p><em>(viii)<\/em> En muslim tror att Gud inte h\u00e5ller n\u00e5gon ansvarig s\u00e5vida Han inte har visat honom den r\u00e4tta v\u00e4gen. Det \u00e4r d\u00e4rf\u00f6r som Gud har skickat s\u00e5 m\u00e5nga budb\u00e4rare och uppenbarelser. Gud skickar alltid Sin v\u00e4gledning och varning f\u00f6re det att Han tillfogar sitt straff p\u00e5 folket.<\/p>\n<p><em>(ix)<\/em> en muslim tror att tron inte \u00e4r betydelsefull om den f\u00f6ljs blint, utan resonerande och f\u00f6rst\u00e5else. en person b\u00f6r anv\u00e4nda sina resoneande krafter och reflektera Guds l\u00e4ror.<\/p>\n<p><em>(x)<\/em> En muslim tror att varje person ansvarar f\u00f6r sina egna handlingar och att ingen kan b\u00e4ra n\u00e5gon annans b\u00f6rda. P\u00e5 Domens Dag kommer ingen f\u00f6rmedling att accepteras f\u00f6r n\u00e5gon annan och varje sj\u00e4l kommer att bel\u00f6nas f\u00f6r vad den f\u00f6rtj\u00e4nat.<\/p>\n<p><em>(xi)<\/em> En muslim tror att alla profeter var s\u00e4nda fr\u00e5n Gud och att ingen \u00e5tskillnad b\u00f6r g\u00f6ras mellan dem ang\u00e5ende detta.<\/p>\n","protected":false},"excerpt":{"rendered":"<p>Vi har i detalj n\u00e4mnt de fundamentala trosartiklarna i Islam. det finns hursomhelst m\u00e5nga andra som ocks\u00e5 \u00e4r v\u00e4ldigt viktiga i Islam. vi n\u00e4mner n\u00e5gra f\u00e5 utav dem nedan: (vi) En muslim tror p\u00e5 &#8217;taqdir&#8217;, eller den Gudomliga f\u00f6rutbest\u00e4mmelsen, som kontrollerar resultatet av alla handlingar i universum. (vii) En muslim tror att varje m\u00e4nniska f\u00f6ds<\/p>\n","protected":false},"author":1,"featured_media":0,"parent":1106,"menu_order":8,"comment_status":"open","ping_status":"closed","template":"","meta":{"_acf_changed":false,"footnotes":""},"class_list":["post-1115","page","type-page","status-publish","hentry"],"acf":[],"yoast_head":"<!-- This site is optimized with the Yoast SEO Premium plugin v21.1 (Yoast SEO v27.4) - https:\/\/yoast.com\/product\/yoast-seo-premium-wordpress\/ -->\n<title>Tron p\u00e5 Guds f\u00f6rordning - Islams Ahmadiyya F\u00f6rsamling<\/title>\n<meta name=\"robots\" content=\"index, follow, max-snippet:-1, max-image-preview:large, max-video-preview:-1\" \/>\n<link rel=\"canonical\" href=\"https:\/\/www.ahmadiyya-islam.org\/se\/islam_old\/sex-trosartiklar-i-islam\/tron-pa-guds-forordning\/\" \/>\n<meta property=\"og:locale\" content=\"sv_SE\" \/>\n<meta property=\"og:type\" content=\"article\" \/>\n<meta property=\"og:title\" content=\"Tron p\u00e5 Guds f\u00f6rordning\" \/>\n<meta property=\"og:description\" content=\"Vi har i detalj n\u00e4mnt de fundamentala trosartiklarna i Islam. det finns hursomhelst m\u00e5nga andra som ocks\u00e5 \u00e4r v\u00e4ldigt viktiga i Islam. vi n\u00e4mner n\u00e5gra f\u00e5 utav dem nedan: (vi) En muslim tror p\u00e5 &#8217;taqdir&#8217;, eller den Gudomliga f\u00f6rutbest\u00e4mmelsen, som kontrollerar resultatet av alla handlingar i universum. (vii) En muslim tror att varje m\u00e4nniska f\u00f6ds\" \/>\n<meta property=\"og:url\" content=\"https:\/\/www.ahmadiyya-islam.org\/se\/islam_old\/sex-trosartiklar-i-islam\/tron-pa-guds-forordning\/\" \/>\n<meta property=\"og:site_name\" content=\"Islams Ahmadiyya F\u00f6rsamling\" \/>\n<meta name=\"twitter:card\" content=\"summary_large_image\" \/>\n<meta name=\"twitter:label1\" content=\"Ber\u00e4knad l\u00e4stid\" \/>\n\t<meta name=\"twitter:data1\" content=\"1 minut\" \/>\n<script type=\"application\/ld+json\" class=\"yoast-schema-graph\">{\"@context\":\"https:\\\/\\\/schema.org\",\"@graph\":[{\"@type\":\"WebPage\",\"@id\":\"https:\\\/\\\/www.ahmadiyya-islam.org\\\/se\\\/islam_old\\\/sex-trosartiklar-i-islam\\\/tron-pa-guds-forordning\\\/\",\"url\":\"https:\\\/\\\/www.ahmadiyya-islam.org\\\/se\\\/islam_old\\\/sex-trosartiklar-i-islam\\\/tron-pa-guds-forordning\\\/\",\"name\":\"Tron p\u00e5 Guds f\u00f6rordning - Islams Ahmadiyya F\u00f6rsamling\",\"isPartOf\":{\"@id\":\"https:\\\/\\\/www.ahmadiyya-islam.org\\\/se\\\/#website\"},\"datePublished\":\"2013-12-12T18:10:53+00:00\",\"breadcrumb\":{\"@id\":\"https:\\\/\\\/www.ahmadiyya-islam.org\\\/se\\\/islam_old\\\/sex-trosartiklar-i-islam\\\/tron-pa-guds-forordning\\\/#breadcrumb\"},\"inLanguage\":\"sv-SE\",\"potentialAction\":[{\"@type\":\"ReadAction\",\"target\":[\"https:\\\/\\\/www.ahmadiyya-islam.org\\\/se\\\/islam_old\\\/sex-trosartiklar-i-islam\\\/tron-pa-guds-forordning\\\/\"]}]},{\"@type\":\"BreadcrumbList\",\"@id\":\"https:\\\/\\\/www.ahmadiyya-islam.org\\\/se\\\/islam_old\\\/sex-trosartiklar-i-islam\\\/tron-pa-guds-forordning\\\/#breadcrumb\",\"itemListElement\":[{\"@type\":\"ListItem\",\"position\":1,\"name\":\"Home\",\"item\":\"https:\\\/\\\/www.ahmadiyya-islam.org\\\/se\\\/\"},{\"@type\":\"ListItem\",\"position\":2,\"name\":\"Islam\",\"item\":\"https:\\\/\\\/www.ahmadiyya-islam.org\\\/se\\\/islam_old\\\/\"},{\"@type\":\"ListItem\",\"position\":3,\"name\":\"Islams trosartiklar\",\"item\":\"https:\\\/\\\/www.ahmadiyya-islam.org\\\/se\\\/islam_old\\\/sex-trosartiklar-i-islam\\\/\"},{\"@type\":\"ListItem\",\"position\":4,\"name\":\"Tron p\u00e5 Guds f\u00f6rordning\"}]},{\"@type\":\"WebSite\",\"@id\":\"https:\\\/\\\/www.ahmadiyya-islam.org\\\/se\\\/#website\",\"url\":\"https:\\\/\\\/www.ahmadiyya-islam.org\\\/se\\\/\",\"name\":\"Islams Ahmadiyya F\u00f6rsamling\",\"description\":\"Sverige\",\"potentialAction\":[{\"@type\":\"SearchAction\",\"target\":{\"@type\":\"EntryPoint\",\"urlTemplate\":\"https:\\\/\\\/www.ahmadiyya-islam.org\\\/se\\\/?s={search_term_string}\"},\"query-input\":{\"@type\":\"PropertyValueSpecification\",\"valueRequired\":true,\"valueName\":\"search_term_string\"}}],\"inLanguage\":\"sv-SE\"}]}<\/script>\n<!-- \/ Yoast SEO Premium plugin. -->","yoast_head_json":{"title":"Tron p\u00e5 Guds f\u00f6rordning - Islams Ahmadiyya F\u00f6rsamling","robots":{"index":"index","follow":"follow","max-snippet":"max-snippet:-1","max-image-preview":"max-image-preview:large","max-video-preview":"max-video-preview:-1"},"canonical":"https:\/\/www.ahmadiyya-islam.org\/se\/islam_old\/sex-trosartiklar-i-islam\/tron-pa-guds-forordning\/","og_locale":"sv_SE","og_type":"article","og_title":"Tron p\u00e5 Guds f\u00f6rordning","og_description":"Vi har i detalj n\u00e4mnt de fundamentala trosartiklarna i Islam. det finns hursomhelst m\u00e5nga andra som ocks\u00e5 \u00e4r v\u00e4ldigt viktiga i Islam. vi n\u00e4mner n\u00e5gra f\u00e5 utav dem nedan: (vi) En muslim tror p\u00e5 &#8217;taqdir&#8217;, eller den Gudomliga f\u00f6rutbest\u00e4mmelsen, som kontrollerar resultatet av alla handlingar i universum. (vii) En muslim tror att varje m\u00e4nniska f\u00f6ds","og_url":"https:\/\/www.ahmadiyya-islam.org\/se\/islam_old\/sex-trosartiklar-i-islam\/tron-pa-guds-forordning\/","og_site_name":"Islams Ahmadiyya F\u00f6rsamling","twitter_card":"summary_large_image","twitter_misc":{"Ber\u00e4knad l\u00e4stid":"1 minut"},"schema":{"@context":"https:\/\/schema.org","@graph":[{"@type":"WebPage","@id":"https:\/\/www.ahmadiyya-islam.org\/se\/islam_old\/sex-trosartiklar-i-islam\/tron-pa-guds-forordning\/","url":"https:\/\/www.ahmadiyya-islam.org\/se\/islam_old\/sex-trosartiklar-i-islam\/tron-pa-guds-forordning\/","name":"Tron p\u00e5 Guds f\u00f6rordning - Islams Ahmadiyya F\u00f6rsamling","isPartOf":{"@id":"https:\/\/www.ahmadiyya-islam.org\/se\/#website"},"datePublished":"2013-12-12T18:10:53+00:00","breadcrumb":{"@id":"https:\/\/www.ahmadiyya-islam.org\/se\/islam_old\/sex-trosartiklar-i-islam\/tron-pa-guds-forordning\/#breadcrumb"},"inLanguage":"sv-SE","potentialAction":[{"@type":"ReadAction","target":["https:\/\/www.ahmadiyya-islam.org\/se\/islam_old\/sex-trosartiklar-i-islam\/tron-pa-guds-forordning\/"]}]},{"@type":"BreadcrumbList","@id":"https:\/\/www.ahmadiyya-islam.org\/se\/islam_old\/sex-trosartiklar-i-islam\/tron-pa-guds-forordning\/#breadcrumb","itemListElement":[{"@type":"ListItem","position":1,"name":"Home","item":"https:\/\/www.ahmadiyya-islam.org\/se\/"},{"@type":"ListItem","position":2,"name":"Islam","item":"https:\/\/www.ahmadiyya-islam.org\/se\/islam_old\/"},{"@type":"ListItem","position":3,"name":"Islams trosartiklar","item":"https:\/\/www.ahmadiyya-islam.org\/se\/islam_old\/sex-trosartiklar-i-islam\/"},{"@type":"ListItem","position":4,"name":"Tron p\u00e5 Guds f\u00f6rordning"}]},{"@type":"WebSite","@id":"https:\/\/www.ahmadiyya-islam.org\/se\/#website","url":"https:\/\/www.ahmadiyya-islam.org\/se\/","name":"Islams Ahmadiyya F\u00f6rsamling","description":"Sverige","potentialAction":[{"@type":"SearchAction","target":{"@type":"EntryPoint","urlTemplate":"https:\/\/www.ahmadiyya-islam.org\/se\/?s={search_term_string}"},"query-input":{"@type":"PropertyValueSpecification","valueRequired":true,"valueName":"search_term_string"}}],"inLanguage":"sv-SE"}]}},"_links":{"self":[{"href":"https:\/\/www.ahmadiyya-islam.org\/se\/wp-json\/wp\/v2\/pages\/1115","targetHints":{"allow":["GET"]}}],"collection":[{"href":"https:\/\/www.ahmadiyya-islam.org\/se\/wp-json\/wp\/v2\/pages"}],"about":[{"href":"https:\/\/www.ahmadiyya-islam.org\/se\/wp-json\/wp\/v2\/types\/page"}],"author":[{"embeddable":true,"href":"https:\/\/www.ahmadiyya-islam.org\/se\/wp-json\/wp\/v2\/users\/1"}],"replies":[{"embeddable":true,"href":"https:\/\/www.ahmadiyya-islam.org\/se\/wp-json\/wp\/v2\/comments?post=1115"}],"version-history":[{"count":0,"href":"https:\/\/www.ahmadiyya-islam.org\/se\/wp-json\/wp\/v2\/pages\/1115\/revisions"}],"up":[{"embeddable":true,"href":"https:\/\/www.ahmadiyya-islam.org\/se\/wp-json\/wp\/v2\/pages\/1106"}],"wp:attachment":[{"href":"https:\/\/www.ahmadiyya-islam.org\/se\/wp-json\/wp\/v2\/media?parent=1115"}],"curies":[{"name":"wp","href":"https:\/\/api.w.org\/{rel}","templated":true}]}}