{"id":1111,"date":"2013-12-09T22:36:19","date_gmt":"2013-12-09T22:36:19","guid":{"rendered":"http:\/\/www.ahmadiyya-islam.org\/se\/?page_id=1111"},"modified":"2013-12-09T22:36:19","modified_gmt":"2013-12-09T22:36:19","slug":"tron-pa-anglarna","status":"publish","type":"page","link":"https:\/\/www.ahmadiyya-islam.org\/se\/islam_old\/sex-trosartiklar-i-islam\/tron-pa-anglarna\/","title":{"rendered":"Tron p\u00e5 \u00c4nglarna"},"content":{"rendered":"<p>\u00c4nglarnas existens \u00e4r en universellt accepterad l\u00e4ra i olika religioner och l\u00e4nder. Hursomhelst diskuteras de ibland under olika titlar, skillnaden best\u00e5ende endast av terminologi.<\/p>\n<p>Likadant \u00e4r \u00e4nglarnas natur f\u00f6rst\u00e5dd p\u00e5 olika s\u00e4tt av olika religi\u00f6sa anh\u00e4ngare. Islam talar om \u00e4nglarna som himmelska varelser av en spirituell natur som har dess egna v\u00e4sen som personer. Den st\u00f6rsta rollen de spelar \u00e4r som \u00f6verf\u00f6rare av budskap fr\u00e5n Gud till m\u00e4nniskor. Men de \u00e4r missf\u00f6rst\u00e5dda av m\u00e5nga, \u00e4ven inom Islam, f\u00f6r att ha m\u00e4nsklig skepnad eller n\u00e5gon form alls, vilket egentligen \u00e4r en oskiljaktig ide fr\u00e5n den materiella existensen. Materia m\u00e5ste ha en form och en v\u00e4l best\u00e4md gr\u00e4nslinje. Men sj\u00e4len ligger bortom de fem m\u00e4nskliga dimensionerna av m\u00e4nsklig f\u00f6rst\u00e5else. Man kan bara tro p\u00e5 sj\u00e4lens existens om man \u00e4r troende, annars \u00e4r det bortom all r\u00e4ckh\u00e5ll att f\u00f6rst\u00e5 skepnaden och sj\u00e4lens form. Kanske \u00e4r det f\u00f6r att l\u00f6sa detta problem och f\u00f6r att g\u00f6ra det l\u00e4ttare f\u00f6r m\u00e4nniskorna att f\u00f6rest\u00e4lla sig \u00e4nglarna som de ibland n\u00e4mns i religi\u00f6sa b\u00f6cker f\u00f6r att ha visat sig f\u00f6r heliga m\u00e4nniskor i m\u00e4nsklig form. Inte bara det, det \u00e4r ocks\u00e5 k\u00e4nt att de har framtr\u00e4tt i olika f\u00e5glars form f\u00f6r vissa Guds budb\u00e4rare. Den Helige Anden visade sig f\u00f6r Jesus i form av en duva:<\/p>\n<blockquote><p><em>\u201dN\u00e4r Jesus hade blivit d\u00f6pt, steg han upp ur vattnet. Himlen \u00f6ppnade sig, och han s\u00e5g Guds Ande komma ner som en duva och s\u00e4nka sig \u00f6ver honom.\u201d (Matteus 3:16)<\/em><\/p><\/blockquote>\n<p>Dessa olika referenser som \u00e4r funna i religi\u00f6sa b\u00f6cker \u00e4r kanske ansvariga f\u00f6r missuppfattningen om \u00e4nglarnas skepnad och natur bland anh\u00e4ngare till olika religioner. Utav \u00e4nglarna, i vissa religioner, var gudar skapade, medan de originella b\u00f6ckerna kanske bara hade n\u00e4mnt dem som agenturer specifikt skapade av Gud f\u00f6r att utf\u00f6ra vissa uppdrag i universum. Av detta har vi omfattande bevis i m\u00e5nga gudomliga b\u00f6cker. S\u00e5 det \u00e4r inte helt osannolikt att n\u00e5gra m\u00e4nniskor missf\u00f6rstod betydelsen av dessa yttranden och b\u00f6rjade behandla \u00e4nglarna som l\u00e4gre partners till Gud.<\/p>\n<p>L\u00e5t oss nu f\u00f6rs\u00f6ka att f\u00f6rst\u00e5 \u00e4nglarnas natur enbart med referens till Qur\u2019anen och den Helige Profetens (sa) traditioner, och inte med hj\u00e4lp av den allm\u00e4nna uppfattningen. Enligt Qur\u2019anen \u00e4r hela det materiella universumet och hela det religi\u00f6sa universumet styrt av n\u00e5gra andliga krafter, vilka n\u00e4mns som \u00e4nglarna. \u00c4ven om vissa \u00e4nglar n\u00e4mns som enstaka personer &#8211; som Gabriel, Mikael och Israel &#8211; arbetar de inte ensamma. F\u00f6r varje funktion finns det en ledare eller \u00f6verh\u00f6ghet som styr funktionen och under honom arbetar en h\u00e4r av \u00e4nglar, som \u00e4r n\u00e4mnda som Herrens Junood i den Heliga Qur\u2019anen. Vad de \u00e4n g\u00f6r s\u00e5 \u00e4r det helt under lydnad till Guds vilja och planering som Han har skapat f\u00f6r sakerna. De kan inte g\u00f6ra den minsta avvikning fr\u00e5n kursen som har givits dem, eller fr\u00e5n den \u00f6vergripande plan av saker, skapad av Gud. Enligt Qur\u2019anen \u00e4r det tv\u00e5 \u00e4nglar som har f\u00e5tt i uppgift att f\u00f6r varje m\u00e4nniska h\u00e5lla uppteckning av goda och d\u00e5liga g\u00e4rningar som m\u00e4nniskan g\u00f6r. P\u00e5 detta s\u00e4tt \u00e4r det \u00e4nglarnas uppgift att organisera det mest invecklade och djupsinniga uppteckningssystem. Det betyder inte att varje \u00e4ngel har en bok i sin hand, antecknande allt denne observerar. Faktum \u00e4r att \u00e4nglarna \u00e4r ansvariga f\u00f6r att f\u00f6rteckna ett v\u00e4ldigt invecklat registreringssystem, de registrerar hur m\u00e4nniskans g\u00e4rningar p\u00e5verkar dennes sj\u00e4l och personlighet, s\u00e5 att en god m\u00e4nniska utvecklar en h\u00e4lsosam sj\u00e4l och en ond m\u00e4nniska alstrar en oh\u00e4lsosam sj\u00e4l. Sj\u00e4len tar form \u00e4nda tills m\u00e4nniskan d\u00f6r, d\u00e4rf\u00f6r beh\u00f6ver den en medveten organisat\u00f6r som \u00f6verf\u00f6r effekterna utav m\u00e4nskliga tankar, handlingar o.s.v. till sj\u00e4len. Detta \u00e4r en invecklad process som inte kan f\u00f6rst\u00e5s av m\u00e4nniskan. Vi ser delvis detta n\u00e4r det g\u00e4ller brottslingar som f\u00e5r ett annorlunda ansikte \u00e4n de som upptr\u00e4der \u00e4delt. Det \u00e4r inte helt om\u00f6jligt f\u00f6r n\u00e5gon att observera en s\u00e5dan skillnad, \u00e4nd\u00e5 g\u00e5r det inte att beskriva det i svart eller vitt, eller andra materiella termer. Det enorma universums administration, \u00e4nda fr\u00e5n b\u00f6rjan genom miljarder \u00e5r av evolution kr\u00e4ver en enorm organisation av konstant uppm\u00e4rksamhet och kontroll. Detta \u00e4r utf\u00f6rt av ett antal or\u00e4kneliga \u00e4nglar, som bokstavligen styr det v\u00e4ldiga universumet och dess invecklade lagsystem, som Guds agenter.<\/p>\n<p>S\u00e5 l\u00e5ngt som traditionerna g\u00e5r kan vi till en viss del f\u00f6rst\u00e5 \u00e4nglarnas m\u00e5ngsidighet, att de kan f\u00f6rkroppsliga sig i olika former som inte har n\u00e5got f\u00f6rh\u00e5llande till deras verkliga form eller tillvaro, vilken \u00e4r bortom m\u00e4nniskans f\u00f6rst\u00e5else och har olika dimensioner som inte \u00e4r k\u00e4nda f\u00f6r oss.<\/p>\n<p>Det rapporteras att det en g\u00e5ng tr\u00e4dde fram en fr\u00e4mling in i mosk\u00e9n d\u00e4r den Helige Profeten (sa) och hans f\u00f6ljeslagare satt. Denna man n\u00e4rmade sig samlingen, satte sig respektfullt ner i f\u00f6rsta l\u00e4ngan och b\u00f6rjade fr\u00e5ga fr\u00e5gor ang\u00e5ende Islam. N\u00e4r hans fr\u00e5gor tog slut, l\u00e4mnade han s\u00e4llskapet. De som var n\u00e4rvarande var mycket f\u00f6rv\u00e5nade eftersom han var en fr\u00e4mling och m\u00e5ste ha rest l\u00e5ngt f\u00f6r att komma till mosk\u00e9n. I sm\u00e5 st\u00e4der g\u00e5r det inte att d\u00f6lja s\u00e5dana bes\u00f6k och alla verkar veta vem som kommit och i vilket \u00e4rende denne kommit. I detta fall var ankomsten s\u00e5 pl\u00f6tslig att det verkade mystiskt. F\u00f6r det andra fanns det inga sp\u00e5r p\u00e5 hans kl\u00e4der som avsl\u00f6jade att han rest en l\u00e4ngre str\u00e4cka. En fr\u00e4sch herre, med en obefl\u00e4ckad kl\u00e4dsel. Och s\u00e4ttet han b\u00f6rjade fr\u00e5ga fr\u00e5gor p\u00e5, utan att presentera sig, och hans snabba avf\u00e4rd var extremt ovanlig.<\/p>\n<p>Innan den Helige Profetens (sa) f\u00f6ljeslagare hann s\u00e4ga n\u00e5got, informerade den Helige Profeten (sa) sina f\u00f6ljeslagare om att personen var \u00e4ngeln Gabriel, som hade fr\u00e5gat de inledande fr\u00e5gorna s\u00e5 att f\u00f6ljeslagarna skulle kunna bekanta sig med det fakta som svaren inneh\u00f6ll. Dolt, sprang n\u00e5gra av f\u00f6ljeslagarna ut ur mosk\u00e9n f\u00f6r att kunna se honom, men det fanns inget sp\u00e5r av honom. Ingen i stadsomr\u00e5det hade sett honom. Eftersom denna incident rapporteras i de h\u00f6gt autentiska b\u00f6ckerna som inneh\u00e5ller traditionerna, kan vi med all s\u00e4kerhet dra slutsatsen att \u00e4nglar ibland framtr\u00e4der i m\u00e4nsklig form f\u00f6r att utr\u00e4tta diverse \u00e4renden. Vi finner \u00e4nglarna n\u00e4mnda i m\u00e5nga andra traditioner, speciellt i samband med slaget vid Badr och Uhad, men det skulle inte vara passande att b\u00f6rja med ett l\u00e5ngtg\u00e5ende f\u00f6redrag i detta \u00e4mne.<\/p>\n<p>S\u00e5 emot den Qur\u2019aniska synen ovan f\u00f6rklarad finns det n\u00e4stan i varje land en allm\u00e4n syn p\u00e5 \u00e4nglarna bland olika religioners f\u00f6ljeslagare mer likt en saga \u00e4n att \u00e4nglarna tillh\u00f6r en himmelsk form av tillvaro. Det s\u00e4gs att de har vingar likt f\u00e5glar eller \u00e4lvor, flaxande p\u00e5 sina vingar flyger de fr\u00e5n plats till plats. Denna missuppfattning kommer kanske fr\u00e5n att bokstavligen ha f\u00f6ljt den religi\u00f6sa terminologin, som \u00e4r mystisk och mycket ofta med en metaforisk h\u00e4nsyftning. Vi finner att det \u00e4r n\u00e4mnt i den Heliga Qur\u2019anen att \u00e4nglarna har vingar, tv\u00e5, tre och fyra.<\/p>\n<blockquote><p><em>All lovprisning tillh\u00f6r Allah, Upphovet till himlarna och jorden. Som har \u00e4nglarna i sin tj\u00e4nst som S\u00e4ndebud, med vingar, tv\u00e5, tre och fyra. Allt han \u00f6nskar l\u00e4gger Han till (Sin) skapelse, ty Allah har makt \u00f6ver alla ting. (Den Heliga Qur&#8217;anen 35:2)<\/em><\/p><\/blockquote>\n<p>Den Heliga Qur\u2019anen har en v\u00e4ldigt speciellt s\u00e4tt n\u00e4r det g\u00e4ller att undg\u00e5 alla passage d\u00e4r det finns en risk f\u00f6r otydlighet &#8211; Qur\u2019anen g\u00f6r det med hj\u00e4lp av ett likadant anv\u00e4ndande. Till exempel n\u00e4r det g\u00e4ller vingarna. Vi finner vingar n\u00e4mnda i en relation mellan en sons attityd mot dennes \u00e4ldre f\u00f6r\u00e4ldrar. Byggande p\u00e5 detta \u00e4mne f\u00f6rmanar den Heliga Qur\u2019anen sonen att s\u00e4nka sina vingar av barmh\u00e4rtighet p\u00e5 sina f\u00f6r\u00e4ldrar, eftersom de uppfostrat honom sedan barndomen. \u201cVingar\u201c betyder bara egenskaper och krafter, detta \u00e4r vad vi tror menas med vingar n\u00e4r de tillskrivs \u00e4nglar eller personer som g\u00f6r anspr\u00e5k p\u00e5 gudomlig manifestation fr\u00e5n olika religioner. T ex i Gita \u00e4r Krishna k\u00e4nd f\u00f6r att ha fyra armar ist\u00e4llet f\u00f6r tv\u00e5, d\u00e4r har de tv\u00e5 extra armarna samma betydelse som \u00e4r funnet i andra gudomliga b\u00f6cker.<\/p>\n<p>\u00c4nglarna \u00e4r ansvariga f\u00f6r att kontrollera och underh\u00e5lla naturens lagar. Virus och bakterier \u00e4r styrda, organiserade och underh\u00e5llna av specifika \u00e4nglar, som arbetar i harmoni med varandra f\u00f6r att uppr\u00e4tth\u00e5lla en perfekt balans. Likadant \u00e4r ekosystemet inte kaotiskt utan reglerat av de osynliga, spirituella liv som vi kallar f\u00f6r \u00e4nglar.<\/p>\n<p><strong>Fallet om den fallna \u00e4ngeln<\/strong><\/p>\n<p>Det finns en annan mycket missf\u00f6rst\u00e5dd episod ang\u00e5ende Satan. Det har sagts, och det \u00e4r trott, att innan hans fall tillh\u00f6rde han \u00e4nglarnas kategori. Den Heliga Qur\u2019anen f\u00f6rkastar denna \u00e5sikt och presenterar Satan som en som innehar ett gl\u00f6dande v\u00e4sen, tillh\u00f6rande s\u00e5dana livsformer som \u00e4r skapade fr\u00e5n eld, exempelvis Djinnerna.<\/p>\n","protected":false},"excerpt":{"rendered":"<p>\u00c4nglarnas existens \u00e4r en universellt accepterad l\u00e4ra i olika religioner och l\u00e4nder. Hursomhelst diskuteras de ibland under olika titlar, skillnaden best\u00e5ende endast av terminologi. Likadant \u00e4r \u00e4nglarnas natur f\u00f6rst\u00e5dd p\u00e5 olika s\u00e4tt av olika religi\u00f6sa anh\u00e4ngare. Islam talar om \u00e4nglarna som himmelska varelser av en spirituell natur som har dess egna v\u00e4sen som personer. Den<\/p>\n","protected":false},"author":1,"featured_media":0,"parent":1106,"menu_order":3,"comment_status":"open","ping_status":"closed","template":"","meta":{"_acf_changed":false,"footnotes":""},"class_list":["post-1111","page","type-page","status-publish","hentry"],"acf":[],"yoast_head":"<!-- This site is optimized with the Yoast SEO Premium plugin v21.1 (Yoast SEO v27.4) - https:\/\/yoast.com\/product\/yoast-seo-premium-wordpress\/ -->\n<title>Tron p\u00e5 \u00c4nglarna - Islams Ahmadiyya F\u00f6rsamling<\/title>\n<meta name=\"robots\" content=\"index, follow, max-snippet:-1, max-image-preview:large, max-video-preview:-1\" \/>\n<link rel=\"canonical\" href=\"https:\/\/www.ahmadiyya-islam.org\/se\/islam_old\/sex-trosartiklar-i-islam\/tron-pa-anglarna\/\" \/>\n<meta property=\"og:locale\" content=\"sv_SE\" \/>\n<meta property=\"og:type\" content=\"article\" \/>\n<meta property=\"og:title\" content=\"Tron p\u00e5 \u00c4nglarna\" \/>\n<meta property=\"og:description\" content=\"\u00c4nglarnas existens \u00e4r en universellt accepterad l\u00e4ra i olika religioner och l\u00e4nder. Hursomhelst diskuteras de ibland under olika titlar, skillnaden best\u00e5ende endast av terminologi. Likadant \u00e4r \u00e4nglarnas natur f\u00f6rst\u00e5dd p\u00e5 olika s\u00e4tt av olika religi\u00f6sa anh\u00e4ngare. Islam talar om \u00e4nglarna som himmelska varelser av en spirituell natur som har dess egna v\u00e4sen som personer. Den\" \/>\n<meta property=\"og:url\" content=\"https:\/\/www.ahmadiyya-islam.org\/se\/islam_old\/sex-trosartiklar-i-islam\/tron-pa-anglarna\/\" \/>\n<meta property=\"og:site_name\" content=\"Islams Ahmadiyya F\u00f6rsamling\" \/>\n<meta name=\"twitter:card\" content=\"summary_large_image\" \/>\n<meta name=\"twitter:label1\" content=\"Ber\u00e4knad l\u00e4stid\" \/>\n\t<meta name=\"twitter:data1\" content=\"8 minuter\" \/>\n<script type=\"application\/ld+json\" class=\"yoast-schema-graph\">{\"@context\":\"https:\\\/\\\/schema.org\",\"@graph\":[{\"@type\":\"WebPage\",\"@id\":\"https:\\\/\\\/www.ahmadiyya-islam.org\\\/se\\\/islam_old\\\/sex-trosartiklar-i-islam\\\/tron-pa-anglarna\\\/\",\"url\":\"https:\\\/\\\/www.ahmadiyya-islam.org\\\/se\\\/islam_old\\\/sex-trosartiklar-i-islam\\\/tron-pa-anglarna\\\/\",\"name\":\"Tron p\u00e5 \u00c4nglarna - Islams Ahmadiyya F\u00f6rsamling\",\"isPartOf\":{\"@id\":\"https:\\\/\\\/www.ahmadiyya-islam.org\\\/se\\\/#website\"},\"datePublished\":\"2013-12-09T22:36:19+00:00\",\"breadcrumb\":{\"@id\":\"https:\\\/\\\/www.ahmadiyya-islam.org\\\/se\\\/islam_old\\\/sex-trosartiklar-i-islam\\\/tron-pa-anglarna\\\/#breadcrumb\"},\"inLanguage\":\"sv-SE\",\"potentialAction\":[{\"@type\":\"ReadAction\",\"target\":[\"https:\\\/\\\/www.ahmadiyya-islam.org\\\/se\\\/islam_old\\\/sex-trosartiklar-i-islam\\\/tron-pa-anglarna\\\/\"]}]},{\"@type\":\"BreadcrumbList\",\"@id\":\"https:\\\/\\\/www.ahmadiyya-islam.org\\\/se\\\/islam_old\\\/sex-trosartiklar-i-islam\\\/tron-pa-anglarna\\\/#breadcrumb\",\"itemListElement\":[{\"@type\":\"ListItem\",\"position\":1,\"name\":\"Home\",\"item\":\"https:\\\/\\\/www.ahmadiyya-islam.org\\\/se\\\/\"},{\"@type\":\"ListItem\",\"position\":2,\"name\":\"Islam\",\"item\":\"https:\\\/\\\/www.ahmadiyya-islam.org\\\/se\\\/islam_old\\\/\"},{\"@type\":\"ListItem\",\"position\":3,\"name\":\"Islams trosartiklar\",\"item\":\"https:\\\/\\\/www.ahmadiyya-islam.org\\\/se\\\/islam_old\\\/sex-trosartiklar-i-islam\\\/\"},{\"@type\":\"ListItem\",\"position\":4,\"name\":\"Tron p\u00e5 \u00c4nglarna\"}]},{\"@type\":\"WebSite\",\"@id\":\"https:\\\/\\\/www.ahmadiyya-islam.org\\\/se\\\/#website\",\"url\":\"https:\\\/\\\/www.ahmadiyya-islam.org\\\/se\\\/\",\"name\":\"Islams Ahmadiyya F\u00f6rsamling\",\"description\":\"Sverige\",\"potentialAction\":[{\"@type\":\"SearchAction\",\"target\":{\"@type\":\"EntryPoint\",\"urlTemplate\":\"https:\\\/\\\/www.ahmadiyya-islam.org\\\/se\\\/?s={search_term_string}\"},\"query-input\":{\"@type\":\"PropertyValueSpecification\",\"valueRequired\":true,\"valueName\":\"search_term_string\"}}],\"inLanguage\":\"sv-SE\"}]}<\/script>\n<!-- \/ Yoast SEO Premium plugin. -->","yoast_head_json":{"title":"Tron p\u00e5 \u00c4nglarna - Islams Ahmadiyya F\u00f6rsamling","robots":{"index":"index","follow":"follow","max-snippet":"max-snippet:-1","max-image-preview":"max-image-preview:large","max-video-preview":"max-video-preview:-1"},"canonical":"https:\/\/www.ahmadiyya-islam.org\/se\/islam_old\/sex-trosartiklar-i-islam\/tron-pa-anglarna\/","og_locale":"sv_SE","og_type":"article","og_title":"Tron p\u00e5 \u00c4nglarna","og_description":"\u00c4nglarnas existens \u00e4r en universellt accepterad l\u00e4ra i olika religioner och l\u00e4nder. Hursomhelst diskuteras de ibland under olika titlar, skillnaden best\u00e5ende endast av terminologi. Likadant \u00e4r \u00e4nglarnas natur f\u00f6rst\u00e5dd p\u00e5 olika s\u00e4tt av olika religi\u00f6sa anh\u00e4ngare. Islam talar om \u00e4nglarna som himmelska varelser av en spirituell natur som har dess egna v\u00e4sen som personer. Den","og_url":"https:\/\/www.ahmadiyya-islam.org\/se\/islam_old\/sex-trosartiklar-i-islam\/tron-pa-anglarna\/","og_site_name":"Islams Ahmadiyya F\u00f6rsamling","twitter_card":"summary_large_image","twitter_misc":{"Ber\u00e4knad l\u00e4stid":"8 minuter"},"schema":{"@context":"https:\/\/schema.org","@graph":[{"@type":"WebPage","@id":"https:\/\/www.ahmadiyya-islam.org\/se\/islam_old\/sex-trosartiklar-i-islam\/tron-pa-anglarna\/","url":"https:\/\/www.ahmadiyya-islam.org\/se\/islam_old\/sex-trosartiklar-i-islam\/tron-pa-anglarna\/","name":"Tron p\u00e5 \u00c4nglarna - Islams Ahmadiyya F\u00f6rsamling","isPartOf":{"@id":"https:\/\/www.ahmadiyya-islam.org\/se\/#website"},"datePublished":"2013-12-09T22:36:19+00:00","breadcrumb":{"@id":"https:\/\/www.ahmadiyya-islam.org\/se\/islam_old\/sex-trosartiklar-i-islam\/tron-pa-anglarna\/#breadcrumb"},"inLanguage":"sv-SE","potentialAction":[{"@type":"ReadAction","target":["https:\/\/www.ahmadiyya-islam.org\/se\/islam_old\/sex-trosartiklar-i-islam\/tron-pa-anglarna\/"]}]},{"@type":"BreadcrumbList","@id":"https:\/\/www.ahmadiyya-islam.org\/se\/islam_old\/sex-trosartiklar-i-islam\/tron-pa-anglarna\/#breadcrumb","itemListElement":[{"@type":"ListItem","position":1,"name":"Home","item":"https:\/\/www.ahmadiyya-islam.org\/se\/"},{"@type":"ListItem","position":2,"name":"Islam","item":"https:\/\/www.ahmadiyya-islam.org\/se\/islam_old\/"},{"@type":"ListItem","position":3,"name":"Islams trosartiklar","item":"https:\/\/www.ahmadiyya-islam.org\/se\/islam_old\/sex-trosartiklar-i-islam\/"},{"@type":"ListItem","position":4,"name":"Tron p\u00e5 \u00c4nglarna"}]},{"@type":"WebSite","@id":"https:\/\/www.ahmadiyya-islam.org\/se\/#website","url":"https:\/\/www.ahmadiyya-islam.org\/se\/","name":"Islams Ahmadiyya F\u00f6rsamling","description":"Sverige","potentialAction":[{"@type":"SearchAction","target":{"@type":"EntryPoint","urlTemplate":"https:\/\/www.ahmadiyya-islam.org\/se\/?s={search_term_string}"},"query-input":{"@type":"PropertyValueSpecification","valueRequired":true,"valueName":"search_term_string"}}],"inLanguage":"sv-SE"}]}},"_links":{"self":[{"href":"https:\/\/www.ahmadiyya-islam.org\/se\/wp-json\/wp\/v2\/pages\/1111","targetHints":{"allow":["GET"]}}],"collection":[{"href":"https:\/\/www.ahmadiyya-islam.org\/se\/wp-json\/wp\/v2\/pages"}],"about":[{"href":"https:\/\/www.ahmadiyya-islam.org\/se\/wp-json\/wp\/v2\/types\/page"}],"author":[{"embeddable":true,"href":"https:\/\/www.ahmadiyya-islam.org\/se\/wp-json\/wp\/v2\/users\/1"}],"replies":[{"embeddable":true,"href":"https:\/\/www.ahmadiyya-islam.org\/se\/wp-json\/wp\/v2\/comments?post=1111"}],"version-history":[{"count":0,"href":"https:\/\/www.ahmadiyya-islam.org\/se\/wp-json\/wp\/v2\/pages\/1111\/revisions"}],"up":[{"embeddable":true,"href":"https:\/\/www.ahmadiyya-islam.org\/se\/wp-json\/wp\/v2\/pages\/1106"}],"wp:attachment":[{"href":"https:\/\/www.ahmadiyya-islam.org\/se\/wp-json\/wp\/v2\/media?parent=1111"}],"curies":[{"name":"wp","href":"https:\/\/api.w.org\/{rel}","templated":true}]}}