{"id":1106,"date":"2013-12-09T22:29:14","date_gmt":"2013-12-09T22:29:14","guid":{"rendered":"http:\/\/www.ahmadiyya-islam.org\/se\/?page_id=1106"},"modified":"2013-12-09T22:29:14","modified_gmt":"2013-12-09T22:29:14","slug":"sex-trosartiklar-i-islam","status":"publish","type":"page","link":"https:\/\/www.ahmadiyya-islam.org\/se\/islam_old\/sex-trosartiklar-i-islam\/","title":{"rendered":"Islams trosartiklar"},"content":{"rendered":"<p><strong>Sex trosartiklar i Islam<\/strong><\/p>\n<p>1. Att tro p\u00e5 Guds enhet<br \/>\n2. Att tro p\u00e5 alla Hans \u00e4nglar<br \/>\n3. Att tro p\u00e5 alla Hans b\u00f6cker<br \/>\n4. Att tro p\u00e5 alla Hans profeter<br \/>\n5. Att tro p\u00e5 \u00c5teruppst\u00e5ndelsens dag<br \/>\n6. Att tro p\u00e5 Guds f\u00f6rordning<\/p>\n","protected":false},"excerpt":{"rendered":"<p>Sex trosartiklar i Islam 1. Att tro p\u00e5 Guds enhet 2. Att tro p\u00e5 alla Hans \u00e4nglar 3. Att tro p\u00e5 alla Hans b\u00f6cker 4. Att tro p\u00e5 alla Hans profeter 5. Att tro p\u00e5 \u00c5teruppst\u00e5ndelsens dag 6. Att tro p\u00e5 Guds f\u00f6rordning<\/p>\n","protected":false},"author":1,"featured_media":0,"parent":322,"menu_order":-1,"comment_status":"open","ping_status":"closed","template":"","meta":{"_acf_changed":false,"footnotes":""},"class_list":["post-1106","page","type-page","status-publish","hentry"],"acf":[],"yoast_head":"<!-- This site is optimized with the Yoast SEO Premium plugin v21.1 (Yoast SEO v27.4) - https:\/\/yoast.com\/product\/yoast-seo-premium-wordpress\/ -->\n<title>Islams trosartiklar - Islams Ahmadiyya F\u00f6rsamling<\/title>\n<meta name=\"robots\" content=\"index, follow, max-snippet:-1, max-image-preview:large, max-video-preview:-1\" \/>\n<link rel=\"canonical\" href=\"https:\/\/www.ahmadiyya-islam.org\/se\/islam_old\/sex-trosartiklar-i-islam\/\" \/>\n<meta property=\"og:locale\" content=\"sv_SE\" \/>\n<meta property=\"og:type\" content=\"article\" \/>\n<meta property=\"og:title\" content=\"Islams trosartiklar\" \/>\n<meta property=\"og:description\" content=\"Sex trosartiklar i Islam 1. Att tro p\u00e5 Guds enhet 2. Att tro p\u00e5 alla Hans \u00e4nglar 3. Att tro p\u00e5 alla Hans b\u00f6cker 4. Att tro p\u00e5 alla Hans profeter 5. Att tro p\u00e5 \u00c5teruppst\u00e5ndelsens dag 6. Att tro p\u00e5 Guds f\u00f6rordning\" \/>\n<meta property=\"og:url\" content=\"https:\/\/www.ahmadiyya-islam.org\/se\/islam_old\/sex-trosartiklar-i-islam\/\" \/>\n<meta property=\"og:site_name\" content=\"Islams Ahmadiyya F\u00f6rsamling\" \/>\n<meta name=\"twitter:card\" content=\"summary_large_image\" \/>\n<script type=\"application\/ld+json\" class=\"yoast-schema-graph\">{\"@context\":\"https:\\\/\\\/schema.org\",\"@graph\":[{\"@type\":\"WebPage\",\"@id\":\"https:\\\/\\\/www.ahmadiyya-islam.org\\\/se\\\/islam_old\\\/sex-trosartiklar-i-islam\\\/\",\"url\":\"https:\\\/\\\/www.ahmadiyya-islam.org\\\/se\\\/islam_old\\\/sex-trosartiklar-i-islam\\\/\",\"name\":\"Islams trosartiklar - Islams Ahmadiyya F\u00f6rsamling\",\"isPartOf\":{\"@id\":\"https:\\\/\\\/www.ahmadiyya-islam.org\\\/se\\\/#website\"},\"datePublished\":\"2013-12-09T22:29:14+00:00\",\"breadcrumb\":{\"@id\":\"https:\\\/\\\/www.ahmadiyya-islam.org\\\/se\\\/islam_old\\\/sex-trosartiklar-i-islam\\\/#breadcrumb\"},\"inLanguage\":\"sv-SE\",\"potentialAction\":[{\"@type\":\"ReadAction\",\"target\":[\"https:\\\/\\\/www.ahmadiyya-islam.org\\\/se\\\/islam_old\\\/sex-trosartiklar-i-islam\\\/\"]}]},{\"@type\":\"BreadcrumbList\",\"@id\":\"https:\\\/\\\/www.ahmadiyya-islam.org\\\/se\\\/islam_old\\\/sex-trosartiklar-i-islam\\\/#breadcrumb\",\"itemListElement\":[{\"@type\":\"ListItem\",\"position\":1,\"name\":\"Home\",\"item\":\"https:\\\/\\\/www.ahmadiyya-islam.org\\\/se\\\/\"},{\"@type\":\"ListItem\",\"position\":2,\"name\":\"Islam\",\"item\":\"https:\\\/\\\/www.ahmadiyya-islam.org\\\/se\\\/islam_old\\\/\"},{\"@type\":\"ListItem\",\"position\":3,\"name\":\"Islams trosartiklar\"}]},{\"@type\":\"WebSite\",\"@id\":\"https:\\\/\\\/www.ahmadiyya-islam.org\\\/se\\\/#website\",\"url\":\"https:\\\/\\\/www.ahmadiyya-islam.org\\\/se\\\/\",\"name\":\"Islams Ahmadiyya F\u00f6rsamling\",\"description\":\"Sverige\",\"potentialAction\":[{\"@type\":\"SearchAction\",\"target\":{\"@type\":\"EntryPoint\",\"urlTemplate\":\"https:\\\/\\\/www.ahmadiyya-islam.org\\\/se\\\/?s={search_term_string}\"},\"query-input\":{\"@type\":\"PropertyValueSpecification\",\"valueRequired\":true,\"valueName\":\"search_term_string\"}}],\"inLanguage\":\"sv-SE\"}]}<\/script>\n<!-- \/ Yoast SEO Premium plugin. -->","yoast_head_json":{"title":"Islams trosartiklar - Islams Ahmadiyya F\u00f6rsamling","robots":{"index":"index","follow":"follow","max-snippet":"max-snippet:-1","max-image-preview":"max-image-preview:large","max-video-preview":"max-video-preview:-1"},"canonical":"https:\/\/www.ahmadiyya-islam.org\/se\/islam_old\/sex-trosartiklar-i-islam\/","og_locale":"sv_SE","og_type":"article","og_title":"Islams trosartiklar","og_description":"Sex trosartiklar i Islam 1. Att tro p\u00e5 Guds enhet 2. Att tro p\u00e5 alla Hans \u00e4nglar 3. Att tro p\u00e5 alla Hans b\u00f6cker 4. Att tro p\u00e5 alla Hans profeter 5. Att tro p\u00e5 \u00c5teruppst\u00e5ndelsens dag 6. Att tro p\u00e5 Guds f\u00f6rordning","og_url":"https:\/\/www.ahmadiyya-islam.org\/se\/islam_old\/sex-trosartiklar-i-islam\/","og_site_name":"Islams Ahmadiyya F\u00f6rsamling","twitter_card":"summary_large_image","schema":{"@context":"https:\/\/schema.org","@graph":[{"@type":"WebPage","@id":"https:\/\/www.ahmadiyya-islam.org\/se\/islam_old\/sex-trosartiklar-i-islam\/","url":"https:\/\/www.ahmadiyya-islam.org\/se\/islam_old\/sex-trosartiklar-i-islam\/","name":"Islams trosartiklar - Islams Ahmadiyya F\u00f6rsamling","isPartOf":{"@id":"https:\/\/www.ahmadiyya-islam.org\/se\/#website"},"datePublished":"2013-12-09T22:29:14+00:00","breadcrumb":{"@id":"https:\/\/www.ahmadiyya-islam.org\/se\/islam_old\/sex-trosartiklar-i-islam\/#breadcrumb"},"inLanguage":"sv-SE","potentialAction":[{"@type":"ReadAction","target":["https:\/\/www.ahmadiyya-islam.org\/se\/islam_old\/sex-trosartiklar-i-islam\/"]}]},{"@type":"BreadcrumbList","@id":"https:\/\/www.ahmadiyya-islam.org\/se\/islam_old\/sex-trosartiklar-i-islam\/#breadcrumb","itemListElement":[{"@type":"ListItem","position":1,"name":"Home","item":"https:\/\/www.ahmadiyya-islam.org\/se\/"},{"@type":"ListItem","position":2,"name":"Islam","item":"https:\/\/www.ahmadiyya-islam.org\/se\/islam_old\/"},{"@type":"ListItem","position":3,"name":"Islams trosartiklar"}]},{"@type":"WebSite","@id":"https:\/\/www.ahmadiyya-islam.org\/se\/#website","url":"https:\/\/www.ahmadiyya-islam.org\/se\/","name":"Islams Ahmadiyya F\u00f6rsamling","description":"Sverige","potentialAction":[{"@type":"SearchAction","target":{"@type":"EntryPoint","urlTemplate":"https:\/\/www.ahmadiyya-islam.org\/se\/?s={search_term_string}"},"query-input":{"@type":"PropertyValueSpecification","valueRequired":true,"valueName":"search_term_string"}}],"inLanguage":"sv-SE"}]}},"_links":{"self":[{"href":"https:\/\/www.ahmadiyya-islam.org\/se\/wp-json\/wp\/v2\/pages\/1106","targetHints":{"allow":["GET"]}}],"collection":[{"href":"https:\/\/www.ahmadiyya-islam.org\/se\/wp-json\/wp\/v2\/pages"}],"about":[{"href":"https:\/\/www.ahmadiyya-islam.org\/se\/wp-json\/wp\/v2\/types\/page"}],"author":[{"embeddable":true,"href":"https:\/\/www.ahmadiyya-islam.org\/se\/wp-json\/wp\/v2\/users\/1"}],"replies":[{"embeddable":true,"href":"https:\/\/www.ahmadiyya-islam.org\/se\/wp-json\/wp\/v2\/comments?post=1106"}],"version-history":[{"count":0,"href":"https:\/\/www.ahmadiyya-islam.org\/se\/wp-json\/wp\/v2\/pages\/1106\/revisions"}],"up":[{"embeddable":true,"href":"https:\/\/www.ahmadiyya-islam.org\/se\/wp-json\/wp\/v2\/pages\/322"}],"wp:attachment":[{"href":"https:\/\/www.ahmadiyya-islam.org\/se\/wp-json\/wp\/v2\/media?parent=1106"}],"curies":[{"name":"wp","href":"https:\/\/api.w.org\/{rel}","templated":true}]}}