{"id":90,"date":"2021-02-04T11:57:25","date_gmt":"2021-02-04T10:57:25","guid":{"rendered":"https:\/\/www.ahmadiyya-islam.org\/pl\/?page_id=90"},"modified":"2025-11-13T19:53:37","modified_gmt":"2025-11-13T18:53:37","slug":"home","status":"publish","type":"page","link":"https:\/\/www.ahmadiyya-islam.org\/pl\/","title":{"rendered":"Strona G\u0142\u00f3wna"},"content":{"rendered":"","protected":false},"excerpt":{"rendered":"","protected":false},"author":1,"featured_media":0,"parent":0,"menu_order":0,"comment_status":"closed","ping_status":"closed","template":"pages\/template-home.php","meta":{"_acf_changed":false,"footnotes":""},"class_list":["post-90","page","type-page","status-publish","hentry"],"acf":[],"yoast_head":"<!-- This site is optimized with the Yoast SEO Premium plugin v21.1 (Yoast SEO v27.0) - https:\/\/yoast.com\/product\/yoast-seo-premium-wordpress\/ -->\n<title>Oficjalna strona - Islam Ahmadiyya Polska | Czego uczy islam?<\/title>\n<meta name=\"description\" content=\"Dowiedz si\u0119 wi\u0119cej o prawdziwych naukach islamu wed\u0142ug Koranu i proroka Muhammada | Islam | Allah | Koran | Muhammad | Religia | Ahmadiyya | Mesjasz\" \/>\n<meta name=\"robots\" content=\"index, follow, max-snippet:-1, max-image-preview:large, max-video-preview:-1\" \/>\n<link rel=\"canonical\" href=\"https:\/\/www.ahmadiyya-islam.org\/pl\/\" \/>\n<meta property=\"og:locale\" content=\"pl_PL\" \/>\n<meta property=\"og:type\" content=\"article\" \/>\n<meta property=\"og:title\" content=\"Strona G\u0142\u00f3wna\" \/>\n<meta property=\"og:description\" content=\"Dowiedz si\u0119 wi\u0119cej o prawdziwych naukach islamu wed\u0142ug Koranu i proroka Muhammada | Islam | Allah | Koran | Muhammad | Religia | Ahmadiyya | Mesjasz\" \/>\n<meta property=\"og:url\" content=\"https:\/\/www.ahmadiyya-islam.org\/pl\/\" \/>\n<meta property=\"og:site_name\" content=\"Stowarzyszenie Muzu\u0142ma\u0144skie Ahmadiyya\" \/>\n<meta property=\"article:modified_time\" content=\"2025-11-13T18:53:37+00:00\" \/>\n<meta name=\"twitter:card\" content=\"summary_large_image\" \/>\n<script type=\"application\/ld+json\" class=\"yoast-schema-graph\">{\"@context\":\"https:\/\/schema.org\",\"@graph\":[{\"@type\":\"WebPage\",\"@id\":\"https:\/\/www.ahmadiyya-islam.org\/pl\/\",\"url\":\"https:\/\/www.ahmadiyya-islam.org\/pl\/\",\"name\":\"Oficjalna strona - Islam Ahmadiyya Polska | Czego uczy islam?\",\"isPartOf\":{\"@id\":\"https:\/\/www.ahmadiyya-islam.org\/pl\/#website\"},\"datePublished\":\"2021-02-04T10:57:25+00:00\",\"dateModified\":\"2025-11-13T18:53:37+00:00\",\"description\":\"Dowiedz si\u0119 wi\u0119cej o prawdziwych naukach islamu wed\u0142ug Koranu i proroka Muhammada | Islam | Allah | Koran | Muhammad | Religia | Ahmadiyya | Mesjasz\",\"breadcrumb\":{\"@id\":\"https:\/\/www.ahmadiyya-islam.org\/pl\/#breadcrumb\"},\"inLanguage\":\"pl-PL\",\"potentialAction\":[{\"@type\":\"ReadAction\",\"target\":[\"https:\/\/www.ahmadiyya-islam.org\/pl\/\"]}]},{\"@type\":\"BreadcrumbList\",\"@id\":\"https:\/\/www.ahmadiyya-islam.org\/pl\/#breadcrumb\",\"itemListElement\":[{\"@type\":\"ListItem\",\"position\":1,\"name\":\"Home\",\"item\":\"https:\/\/www.ahmadiyya-islam.org\/pl\/\"},{\"@type\":\"ListItem\",\"position\":2,\"name\":\"Strona G\u0142\u00f3wna\"}]},{\"@type\":\"WebSite\",\"@id\":\"https:\/\/www.ahmadiyya-islam.org\/pl\/#website\",\"url\":\"https:\/\/www.ahmadiyya-islam.org\/pl\/\",\"name\":\"Stowarzyszenie Muzu\u0142ma\u0144skie Ahmadiyya\",\"description\":\"Polska\",\"potentialAction\":[{\"@type\":\"SearchAction\",\"target\":{\"@type\":\"EntryPoint\",\"urlTemplate\":\"https:\/\/www.ahmadiyya-islam.org\/pl\/?s={search_term_string}\"},\"query-input\":{\"@type\":\"PropertyValueSpecification\",\"valueRequired\":true,\"valueName\":\"search_term_string\"}}],\"inLanguage\":\"pl-PL\"}]}<\/script>\n<!-- \/ Yoast SEO Premium plugin. -->","yoast_head_json":{"title":"Oficjalna strona - Islam Ahmadiyya Polska | Czego uczy islam?","description":"Dowiedz si\u0119 wi\u0119cej o prawdziwych naukach islamu wed\u0142ug Koranu i proroka Muhammada | Islam | Allah | Koran | Muhammad | Religia | Ahmadiyya | Mesjasz","robots":{"index":"index","follow":"follow","max-snippet":"max-snippet:-1","max-image-preview":"max-image-preview:large","max-video-preview":"max-video-preview:-1"},"canonical":"https:\/\/www.ahmadiyya-islam.org\/pl\/","og_locale":"pl_PL","og_type":"article","og_title":"Strona G\u0142\u00f3wna","og_description":"Dowiedz si\u0119 wi\u0119cej o prawdziwych naukach islamu wed\u0142ug Koranu i proroka Muhammada | Islam | Allah | Koran | Muhammad | Religia | Ahmadiyya | Mesjasz","og_url":"https:\/\/www.ahmadiyya-islam.org\/pl\/","og_site_name":"Stowarzyszenie Muzu\u0142ma\u0144skie Ahmadiyya","article_modified_time":"2025-11-13T18:53:37+00:00","twitter_card":"summary_large_image","schema":{"@context":"https:\/\/schema.org","@graph":[{"@type":"WebPage","@id":"https:\/\/www.ahmadiyya-islam.org\/pl\/","url":"https:\/\/www.ahmadiyya-islam.org\/pl\/","name":"Oficjalna strona - Islam Ahmadiyya Polska | Czego uczy islam?","isPartOf":{"@id":"https:\/\/www.ahmadiyya-islam.org\/pl\/#website"},"datePublished":"2021-02-04T10:57:25+00:00","dateModified":"2025-11-13T18:53:37+00:00","description":"Dowiedz si\u0119 wi\u0119cej o prawdziwych naukach islamu wed\u0142ug Koranu i proroka Muhammada | Islam | Allah | Koran | Muhammad | Religia | Ahmadiyya | Mesjasz","breadcrumb":{"@id":"https:\/\/www.ahmadiyya-islam.org\/pl\/#breadcrumb"},"inLanguage":"pl-PL","potentialAction":[{"@type":"ReadAction","target":["https:\/\/www.ahmadiyya-islam.org\/pl\/"]}]},{"@type":"BreadcrumbList","@id":"https:\/\/www.ahmadiyya-islam.org\/pl\/#breadcrumb","itemListElement":[{"@type":"ListItem","position":1,"name":"Home","item":"https:\/\/www.ahmadiyya-islam.org\/pl\/"},{"@type":"ListItem","position":2,"name":"Strona G\u0142\u00f3wna"}]},{"@type":"WebSite","@id":"https:\/\/www.ahmadiyya-islam.org\/pl\/#website","url":"https:\/\/www.ahmadiyya-islam.org\/pl\/","name":"Stowarzyszenie Muzu\u0142ma\u0144skie Ahmadiyya","description":"Polska","potentialAction":[{"@type":"SearchAction","target":{"@type":"EntryPoint","urlTemplate":"https:\/\/www.ahmadiyya-islam.org\/pl\/?s={search_term_string}"},"query-input":{"@type":"PropertyValueSpecification","valueRequired":true,"valueName":"search_term_string"}}],"inLanguage":"pl-PL"}]}},"_links":{"self":[{"href":"https:\/\/www.ahmadiyya-islam.org\/pl\/wp-json\/wp\/v2\/pages\/90","targetHints":{"allow":["GET"]}}],"collection":[{"href":"https:\/\/www.ahmadiyya-islam.org\/pl\/wp-json\/wp\/v2\/pages"}],"about":[{"href":"https:\/\/www.ahmadiyya-islam.org\/pl\/wp-json\/wp\/v2\/types\/page"}],"author":[{"embeddable":true,"href":"https:\/\/www.ahmadiyya-islam.org\/pl\/wp-json\/wp\/v2\/users\/1"}],"replies":[{"embeddable":true,"href":"https:\/\/www.ahmadiyya-islam.org\/pl\/wp-json\/wp\/v2\/comments?post=90"}],"version-history":[{"count":2,"href":"https:\/\/www.ahmadiyya-islam.org\/pl\/wp-json\/wp\/v2\/pages\/90\/revisions"}],"predecessor-version":[{"id":3100,"href":"https:\/\/www.ahmadiyya-islam.org\/pl\/wp-json\/wp\/v2\/pages\/90\/revisions\/3100"}],"wp:attachment":[{"href":"https:\/\/www.ahmadiyya-islam.org\/pl\/wp-json\/wp\/v2\/media?parent=90"}],"curies":[{"name":"wp","href":"https:\/\/api.w.org\/{rel}","templated":true}]}}