{"id":419,"date":"2021-03-12T16:41:29","date_gmt":"2021-03-12T15:41:29","guid":{"rendered":"https:\/\/www.ahmadiyya-islam.org\/pl\/?page_id=419"},"modified":"2021-05-07T11:39:57","modified_gmt":"2021-05-07T09:39:57","slug":"kontakt","status":"publish","type":"page","link":"https:\/\/www.ahmadiyya-islam.org\/pl\/kontakt\/","title":{"rendered":"Kontakt"},"content":{"rendered":"<p><strong>Prosz\u0119 skontaktuj si\u0119 z nami:<\/strong><\/p>\n<ul>\n<li>SMS-em lub przez\u00a0<em>Whatsapp, telegram\u00a0lub <\/em><em>Viber <\/em>na nasz numer:\u00a0 \u00a0 (<strong>+48) 731 549 236<\/strong><\/li>\n<li><em>Facebook Messenger:\u00a0<\/em><strong><a href=\"http:\/\/m.me\/AhmadiyyaPL\" target=\"_blank\" rel=\"noopener\">AhmadiyyaPL<\/a><\/strong><\/li>\n<li><em>Email :<\/em><strong>\u00a0 \u00a0<a href=\"mailto:info@alislam.pl\">info@alislam.pl<\/a><\/strong><\/li>\n<\/ul>\n<p>lub znajd\u017a nas pod poni\u017cszym adresem. Witamy!<\/p>\n<p><strong>Stowarzyszenie Muzu\u0142ma\u0144skie Ahmadiyya\u00a0<\/strong><\/p>\n<p><strong>Siedziba<\/strong>: ul. Dymna 17,\u00a0 02-411\u00a0 Warszawa,\u00a0 Polska<\/p>\n<ul>\n<li><strong>tel.<\/strong>:\u00a0\u00a0\u00a0+48 [22] 863 8892,<\/li>\n<li><strong>fax.<\/strong>:\u00a0\u00a0 +48 [22] 863 8893<\/li>\n<\/ul>\n<hr \/>\n<p><strong>W sprawie publikacji:<\/strong><\/p>\n<ul>\n<li><em>sklep@alislam.pl<\/em><\/li>\n<\/ul>\n<hr \/>\n<p><strong>Pod\u0105\u017caj za nami &#8211; <\/strong><em>Ahmadiyya_pl<\/em><\/p>\n<div id=\"socials\"><a href=\"https:\/\/www.facebook.com\/AhmadiyyaPL\" target=\"_blank\" rel=\"noopener\"><img loading=\"lazy\" decoding=\"async\" class=\"alignnone size-medium wp-image-1013\" src=\"http:\/\/www.ahmadiyya-islam.org\/pl\/wp-content\/uploads\/sites\/25\/2021\/04\/267px-F_icon.svg_.png\" alt=\"\" width=\"40\" height=\"30\" \/>\u00a0 <\/a> <a href=\"https:\/\/twitter.com\/Ahmadiyya_Pl\" target=\"_blank\" rel=\"noopener\"><img loading=\"lazy\" decoding=\"async\" class=\"alignnone size-medium wp-image-1013\" src=\"http:\/\/www.ahmadiyya-islam.org\/pl\/wp-content\/uploads\/sites\/25\/2021\/04\/10wmt-articleLarge-v4-300x218.jpg\" alt=\"\" width=\"50\" height=\"50\" srcset=\"https:\/\/www.ahmadiyya-islam.org\/pl\/wp-content\/uploads\/sites\/25\/2021\/04\/10wmt-articleLarge-v4-150x150.jpg 150w, https:\/\/www.ahmadiyya-islam.org\/pl\/wp-content\/uploads\/sites\/25\/2021\/04\/10wmt-articleLarge-v4-50x50.jpg 50w\" sizes=\"auto, (max-width: 50px) 100vw, 50px\" \/><\/a><a href=\"https:\/\/www.instagram.com\/ahmadiyya_pl\/?hl=pl\" target=\"_blank\" rel=\"noopener\"><img loading=\"lazy\" decoding=\"async\" class=\"alignnone size-medium wp-image-1013\" src=\"http:\/\/www.ahmadiyya-islam.org\/pl\/wp-content\/uploads\/sites\/25\/2021\/04\/instagram.jpg\" alt=\"\" width=\"50\" height=\"50\" \/><\/a><a href=\"https:\/\/www.youtube.com\/channel\/UCpRq0QXCjDnSCgFk4M5o4Vw\" target=\"_blank\" rel=\"noopener\"><img loading=\"lazy\" decoding=\"async\" class=\"alignnone size-medium wp-image-1013\" src=\"http:\/\/www.ahmadiyya-islam.org\/pl\/wp-content\/uploads\/sites\/25\/2021\/04\/youtube-eckig.jpg\" alt=\"\" width=\"50\" height=\"50\" \/><\/a><\/div>\n","protected":false},"excerpt":{"rendered":"<p>Prosz\u0119 skontaktuj si\u0119 z nami: SMS-em lub przez\u00a0Whatsapp, telegram\u00a0lub Viber na nasz numer:\u00a0 \u00a0 (+48) 731 549 236 Facebook Messenger:\u00a0AhmadiyyaPL Email :\u00a0 \u00a0info@alislam.pl lub znajd\u017a nas pod poni\u017cszym adresem. Witamy! Stowarzyszenie Muzu\u0142ma\u0144skie Ahmadiyya\u00a0 Siedziba: ul. Dymna 17,\u00a0 02-411\u00a0 Warszawa,\u00a0 Polska tel.:\u00a0\u00a0\u00a0+48 [22] 863 8892, fax.:\u00a0\u00a0 +48 [22] 863 8893 W sprawie publikacji: sklep@alislam.pl Pod\u0105\u017caj za<\/p>\n","protected":false},"author":85,"featured_media":0,"parent":0,"menu_order":0,"comment_status":"closed","ping_status":"closed","template":"","meta":{"_acf_changed":false,"footnotes":""},"class_list":["post-419","page","type-page","status-publish","hentry"],"acf":[],"yoast_head":"<!-- This site is optimized with the Yoast SEO Premium plugin v21.1 (Yoast SEO v27.0) - https:\/\/yoast.com\/product\/yoast-seo-premium-wordpress\/ -->\n<title>Kontakt - Stowarzyszenie Muzu\u0142ma\u0144skie Ahmadiyya<\/title>\n<meta name=\"description\" content=\"Prosz\u0119 skontaktuj si\u0119 z nami: E-mail:\u00a0\u00a0info@alislam.pllub znajd\u017a nas pod poni\u017cszym adresem. ul. Dymna 17,\u00a0 02-411\u00a0 Warszawa Polska\" \/>\n<meta name=\"robots\" content=\"index, follow, max-snippet:-1, max-image-preview:large, max-video-preview:-1\" \/>\n<link rel=\"canonical\" href=\"https:\/\/www.ahmadiyya-islam.org\/pl\/kontakt\/\" \/>\n<meta property=\"og:locale\" content=\"pl_PL\" \/>\n<meta property=\"og:type\" content=\"article\" \/>\n<meta property=\"og:title\" content=\"Kontakt\" \/>\n<meta property=\"og:description\" content=\"Prosz\u0119 skontaktuj si\u0119 z nami: E-mail:\u00a0\u00a0info@alislam.pllub znajd\u017a nas pod poni\u017cszym adresem. ul. Dymna 17,\u00a0 02-411\u00a0 Warszawa Polska\" \/>\n<meta property=\"og:url\" content=\"https:\/\/www.ahmadiyya-islam.org\/pl\/kontakt\/\" \/>\n<meta property=\"og:site_name\" content=\"Stowarzyszenie Muzu\u0142ma\u0144skie Ahmadiyya\" \/>\n<meta property=\"article:modified_time\" content=\"2021-05-07T09:39:57+00:00\" \/>\n<meta property=\"og:image\" content=\"http:\/\/www.ahmadiyya-islam.org\/pl\/wp-content\/uploads\/sites\/25\/2021\/04\/267px-F_icon.svg_.png\" \/>\n<meta name=\"twitter:card\" content=\"summary_large_image\" \/>\n<meta name=\"twitter:label1\" content=\"Szacowany czas czytania\" \/>\n\t<meta name=\"twitter:data1\" content=\"2 minuty\" \/>\n<script type=\"application\/ld+json\" class=\"yoast-schema-graph\">{\"@context\":\"https:\/\/schema.org\",\"@graph\":[{\"@type\":\"WebPage\",\"@id\":\"https:\/\/www.ahmadiyya-islam.org\/pl\/kontakt\/\",\"url\":\"https:\/\/www.ahmadiyya-islam.org\/pl\/kontakt\/\",\"name\":\"Kontakt - Stowarzyszenie Muzu\u0142ma\u0144skie Ahmadiyya\",\"isPartOf\":{\"@id\":\"https:\/\/www.ahmadiyya-islam.org\/pl\/#website\"},\"primaryImageOfPage\":{\"@id\":\"https:\/\/www.ahmadiyya-islam.org\/pl\/kontakt\/#primaryimage\"},\"image\":{\"@id\":\"https:\/\/www.ahmadiyya-islam.org\/pl\/kontakt\/#primaryimage\"},\"thumbnailUrl\":\"http:\/\/www.ahmadiyya-islam.org\/pl\/wp-content\/uploads\/sites\/25\/2021\/04\/267px-F_icon.svg_.png\",\"datePublished\":\"2021-03-12T15:41:29+00:00\",\"dateModified\":\"2021-05-07T09:39:57+00:00\",\"description\":\"Prosz\u0119 skontaktuj si\u0119 z nami: E-mail:\u00a0\u00a0info@alislam.pllub znajd\u017a nas pod poni\u017cszym adresem. ul. Dymna 17,\u00a0 02-411\u00a0 Warszawa Polska\",\"breadcrumb\":{\"@id\":\"https:\/\/www.ahmadiyya-islam.org\/pl\/kontakt\/#breadcrumb\"},\"inLanguage\":\"pl-PL\",\"potentialAction\":[{\"@type\":\"ReadAction\",\"target\":[\"https:\/\/www.ahmadiyya-islam.org\/pl\/kontakt\/\"]}]},{\"@type\":\"ImageObject\",\"inLanguage\":\"pl-PL\",\"@id\":\"https:\/\/www.ahmadiyya-islam.org\/pl\/kontakt\/#primaryimage\",\"url\":\"http:\/\/www.ahmadiyya-islam.org\/pl\/wp-content\/uploads\/sites\/25\/2021\/04\/267px-F_icon.svg_.png\",\"contentUrl\":\"http:\/\/www.ahmadiyya-islam.org\/pl\/wp-content\/uploads\/sites\/25\/2021\/04\/267px-F_icon.svg_.png\"},{\"@type\":\"BreadcrumbList\",\"@id\":\"https:\/\/www.ahmadiyya-islam.org\/pl\/kontakt\/#breadcrumb\",\"itemListElement\":[{\"@type\":\"ListItem\",\"position\":1,\"name\":\"Home\",\"item\":\"https:\/\/www.ahmadiyya-islam.org\/pl\/\"},{\"@type\":\"ListItem\",\"position\":2,\"name\":\"Kontakt\"}]},{\"@type\":\"WebSite\",\"@id\":\"https:\/\/www.ahmadiyya-islam.org\/pl\/#website\",\"url\":\"https:\/\/www.ahmadiyya-islam.org\/pl\/\",\"name\":\"Stowarzyszenie Muzu\u0142ma\u0144skie Ahmadiyya\",\"description\":\"Polska\",\"potentialAction\":[{\"@type\":\"SearchAction\",\"target\":{\"@type\":\"EntryPoint\",\"urlTemplate\":\"https:\/\/www.ahmadiyya-islam.org\/pl\/?s={search_term_string}\"},\"query-input\":{\"@type\":\"PropertyValueSpecification\",\"valueRequired\":true,\"valueName\":\"search_term_string\"}}],\"inLanguage\":\"pl-PL\"}]}<\/script>\n<!-- \/ Yoast SEO Premium plugin. -->","yoast_head_json":{"title":"Kontakt - Stowarzyszenie Muzu\u0142ma\u0144skie Ahmadiyya","description":"Prosz\u0119 skontaktuj si\u0119 z nami: E-mail:\u00a0\u00a0info@alislam.pllub znajd\u017a nas pod poni\u017cszym adresem. ul. Dymna 17,\u00a0 02-411\u00a0 Warszawa Polska","robots":{"index":"index","follow":"follow","max-snippet":"max-snippet:-1","max-image-preview":"max-image-preview:large","max-video-preview":"max-video-preview:-1"},"canonical":"https:\/\/www.ahmadiyya-islam.org\/pl\/kontakt\/","og_locale":"pl_PL","og_type":"article","og_title":"Kontakt","og_description":"Prosz\u0119 skontaktuj si\u0119 z nami: E-mail:\u00a0\u00a0info@alislam.pllub znajd\u017a nas pod poni\u017cszym adresem. ul. Dymna 17,\u00a0 02-411\u00a0 Warszawa Polska","og_url":"https:\/\/www.ahmadiyya-islam.org\/pl\/kontakt\/","og_site_name":"Stowarzyszenie Muzu\u0142ma\u0144skie Ahmadiyya","article_modified_time":"2021-05-07T09:39:57+00:00","og_image":[{"url":"http:\/\/www.ahmadiyya-islam.org\/pl\/wp-content\/uploads\/sites\/25\/2021\/04\/267px-F_icon.svg_.png","type":"","width":"","height":""}],"twitter_card":"summary_large_image","twitter_misc":{"Szacowany czas czytania":"2 minuty"},"schema":{"@context":"https:\/\/schema.org","@graph":[{"@type":"WebPage","@id":"https:\/\/www.ahmadiyya-islam.org\/pl\/kontakt\/","url":"https:\/\/www.ahmadiyya-islam.org\/pl\/kontakt\/","name":"Kontakt - Stowarzyszenie Muzu\u0142ma\u0144skie Ahmadiyya","isPartOf":{"@id":"https:\/\/www.ahmadiyya-islam.org\/pl\/#website"},"primaryImageOfPage":{"@id":"https:\/\/www.ahmadiyya-islam.org\/pl\/kontakt\/#primaryimage"},"image":{"@id":"https:\/\/www.ahmadiyya-islam.org\/pl\/kontakt\/#primaryimage"},"thumbnailUrl":"http:\/\/www.ahmadiyya-islam.org\/pl\/wp-content\/uploads\/sites\/25\/2021\/04\/267px-F_icon.svg_.png","datePublished":"2021-03-12T15:41:29+00:00","dateModified":"2021-05-07T09:39:57+00:00","description":"Prosz\u0119 skontaktuj si\u0119 z nami: E-mail:\u00a0\u00a0info@alislam.pllub znajd\u017a nas pod poni\u017cszym adresem. ul. Dymna 17,\u00a0 02-411\u00a0 Warszawa Polska","breadcrumb":{"@id":"https:\/\/www.ahmadiyya-islam.org\/pl\/kontakt\/#breadcrumb"},"inLanguage":"pl-PL","potentialAction":[{"@type":"ReadAction","target":["https:\/\/www.ahmadiyya-islam.org\/pl\/kontakt\/"]}]},{"@type":"ImageObject","inLanguage":"pl-PL","@id":"https:\/\/www.ahmadiyya-islam.org\/pl\/kontakt\/#primaryimage","url":"http:\/\/www.ahmadiyya-islam.org\/pl\/wp-content\/uploads\/sites\/25\/2021\/04\/267px-F_icon.svg_.png","contentUrl":"http:\/\/www.ahmadiyya-islam.org\/pl\/wp-content\/uploads\/sites\/25\/2021\/04\/267px-F_icon.svg_.png"},{"@type":"BreadcrumbList","@id":"https:\/\/www.ahmadiyya-islam.org\/pl\/kontakt\/#breadcrumb","itemListElement":[{"@type":"ListItem","position":1,"name":"Home","item":"https:\/\/www.ahmadiyya-islam.org\/pl\/"},{"@type":"ListItem","position":2,"name":"Kontakt"}]},{"@type":"WebSite","@id":"https:\/\/www.ahmadiyya-islam.org\/pl\/#website","url":"https:\/\/www.ahmadiyya-islam.org\/pl\/","name":"Stowarzyszenie Muzu\u0142ma\u0144skie Ahmadiyya","description":"Polska","potentialAction":[{"@type":"SearchAction","target":{"@type":"EntryPoint","urlTemplate":"https:\/\/www.ahmadiyya-islam.org\/pl\/?s={search_term_string}"},"query-input":{"@type":"PropertyValueSpecification","valueRequired":true,"valueName":"search_term_string"}}],"inLanguage":"pl-PL"}]}},"_links":{"self":[{"href":"https:\/\/www.ahmadiyya-islam.org\/pl\/wp-json\/wp\/v2\/pages\/419","targetHints":{"allow":["GET"]}}],"collection":[{"href":"https:\/\/www.ahmadiyya-islam.org\/pl\/wp-json\/wp\/v2\/pages"}],"about":[{"href":"https:\/\/www.ahmadiyya-islam.org\/pl\/wp-json\/wp\/v2\/types\/page"}],"author":[{"embeddable":true,"href":"https:\/\/www.ahmadiyya-islam.org\/pl\/wp-json\/wp\/v2\/users\/85"}],"replies":[{"embeddable":true,"href":"https:\/\/www.ahmadiyya-islam.org\/pl\/wp-json\/wp\/v2\/comments?post=419"}],"version-history":[{"count":0,"href":"https:\/\/www.ahmadiyya-islam.org\/pl\/wp-json\/wp\/v2\/pages\/419\/revisions"}],"wp:attachment":[{"href":"https:\/\/www.ahmadiyya-islam.org\/pl\/wp-json\/wp\/v2\/media?parent=419"}],"curies":[{"name":"wp","href":"https:\/\/api.w.org\/{rel}","templated":true}]}}