{"id":222,"date":"2021-02-06T13:32:48","date_gmt":"2021-02-06T12:32:48","guid":{"rendered":"https:\/\/www.ahmadiyya-islam.org\/pl\/?page_id=222"},"modified":"2025-02-16T16:58:12","modified_gmt":"2025-02-16T15:58:12","slug":"czas-modlitwy-czas-salah-dla-calego-swiata","status":"publish","type":"page","link":"https:\/\/www.ahmadiyya-islam.org\/pl\/czas-modlitwy-czas-salah-dla-calego-swiata\/","title":{"rendered":"Czas Modlitw"},"content":{"rendered":"<p>Czas Modlitw<\/p>\n","protected":false},"excerpt":{"rendered":"<p>Czas Modlitw<\/p>\n","protected":false},"author":85,"featured_media":0,"parent":0,"menu_order":0,"comment_status":"closed","ping_status":"closed","template":"pages\/template-namazplan-new.php","meta":{"_acf_changed":false,"footnotes":""},"class_list":["post-222","page","type-page","status-publish","hentry"],"acf":[],"yoast_head":"<!-- This site is optimized with the Yoast SEO Premium plugin v21.1 (Yoast SEO v27.0) - https:\/\/yoast.com\/product\/yoast-seo-premium-wordpress\/ -->\n<title>Czas Modlitw - Czas Salah dla ca\u0142ego \u015bwiata - Harmonogram miesi\u0119czny<\/title>\n<meta name=\"description\" content=\"Czas Modlitw | Pory Modlitw dla ca\u0142ego \u015bwiata | Wydrukuj Harmonogram Salah | nauczy\u0107 si\u0119, jak i kiedy si\u0119 modli\u0107 | Islam | Kalendarz Ramadan\" \/>\n<meta name=\"robots\" content=\"index, follow, max-snippet:-1, max-image-preview:large, max-video-preview:-1\" \/>\n<link rel=\"canonical\" href=\"https:\/\/www.ahmadiyya-islam.org\/pl\/czas-modlitwy-czas-salah-dla-calego-swiata\/\" \/>\n<meta property=\"og:locale\" content=\"pl_PL\" \/>\n<meta property=\"og:type\" content=\"article\" \/>\n<meta property=\"og:title\" content=\"Czas Modlitw\" \/>\n<meta property=\"og:description\" content=\"Czas Modlitw | Pory Modlitw dla ca\u0142ego \u015bwiata | Wydrukuj Harmonogram Salah | nauczy\u0107 si\u0119, jak i kiedy si\u0119 modli\u0107 | Islam | Kalendarz Ramadan\" \/>\n<meta property=\"og:url\" content=\"https:\/\/www.ahmadiyya-islam.org\/pl\/czas-modlitwy-czas-salah-dla-calego-swiata\/\" \/>\n<meta property=\"og:site_name\" content=\"Stowarzyszenie Muzu\u0142ma\u0144skie Ahmadiyya\" \/>\n<meta property=\"article:modified_time\" content=\"2025-02-16T15:58:12+00:00\" \/>\n<meta name=\"twitter:card\" content=\"summary_large_image\" \/>\n<meta name=\"twitter:label1\" content=\"Szacowany czas czytania\" \/>\n\t<meta name=\"twitter:data1\" content=\"1 minuta\" \/>\n<script type=\"application\/ld+json\" class=\"yoast-schema-graph\">{\"@context\":\"https:\/\/schema.org\",\"@graph\":[{\"@type\":\"WebPage\",\"@id\":\"https:\/\/www.ahmadiyya-islam.org\/pl\/czas-modlitwy-czas-salah-dla-calego-swiata\/\",\"url\":\"https:\/\/www.ahmadiyya-islam.org\/pl\/czas-modlitwy-czas-salah-dla-calego-swiata\/\",\"name\":\"Czas Modlitw - Czas Salah dla ca\u0142ego \u015bwiata - Harmonogram miesi\u0119czny\",\"isPartOf\":{\"@id\":\"https:\/\/www.ahmadiyya-islam.org\/pl\/#website\"},\"datePublished\":\"2021-02-06T12:32:48+00:00\",\"dateModified\":\"2025-02-16T15:58:12+00:00\",\"description\":\"Czas Modlitw | Pory Modlitw dla ca\u0142ego \u015bwiata | Wydrukuj Harmonogram Salah | nauczy\u0107 si\u0119, jak i kiedy si\u0119 modli\u0107 | Islam | Kalendarz Ramadan\",\"breadcrumb\":{\"@id\":\"https:\/\/www.ahmadiyya-islam.org\/pl\/czas-modlitwy-czas-salah-dla-calego-swiata\/#breadcrumb\"},\"inLanguage\":\"pl-PL\",\"potentialAction\":[{\"@type\":\"ReadAction\",\"target\":[\"https:\/\/www.ahmadiyya-islam.org\/pl\/czas-modlitwy-czas-salah-dla-calego-swiata\/\"]}]},{\"@type\":\"BreadcrumbList\",\"@id\":\"https:\/\/www.ahmadiyya-islam.org\/pl\/czas-modlitwy-czas-salah-dla-calego-swiata\/#breadcrumb\",\"itemListElement\":[{\"@type\":\"ListItem\",\"position\":1,\"name\":\"Home\",\"item\":\"https:\/\/www.ahmadiyya-islam.org\/pl\/\"},{\"@type\":\"ListItem\",\"position\":2,\"name\":\"Czas Modlitw\"}]},{\"@type\":\"WebSite\",\"@id\":\"https:\/\/www.ahmadiyya-islam.org\/pl\/#website\",\"url\":\"https:\/\/www.ahmadiyya-islam.org\/pl\/\",\"name\":\"Stowarzyszenie Muzu\u0142ma\u0144skie Ahmadiyya\",\"description\":\"Polska\",\"potentialAction\":[{\"@type\":\"SearchAction\",\"target\":{\"@type\":\"EntryPoint\",\"urlTemplate\":\"https:\/\/www.ahmadiyya-islam.org\/pl\/?s={search_term_string}\"},\"query-input\":{\"@type\":\"PropertyValueSpecification\",\"valueRequired\":true,\"valueName\":\"search_term_string\"}}],\"inLanguage\":\"pl-PL\"}]}<\/script>\n<!-- \/ Yoast SEO Premium plugin. -->","yoast_head_json":{"title":"Czas Modlitw - Czas Salah dla ca\u0142ego \u015bwiata - Harmonogram miesi\u0119czny","description":"Czas Modlitw | Pory Modlitw dla ca\u0142ego \u015bwiata | Wydrukuj Harmonogram Salah | nauczy\u0107 si\u0119, jak i kiedy si\u0119 modli\u0107 | Islam | Kalendarz Ramadan","robots":{"index":"index","follow":"follow","max-snippet":"max-snippet:-1","max-image-preview":"max-image-preview:large","max-video-preview":"max-video-preview:-1"},"canonical":"https:\/\/www.ahmadiyya-islam.org\/pl\/czas-modlitwy-czas-salah-dla-calego-swiata\/","og_locale":"pl_PL","og_type":"article","og_title":"Czas Modlitw","og_description":"Czas Modlitw | Pory Modlitw dla ca\u0142ego \u015bwiata | Wydrukuj Harmonogram Salah | nauczy\u0107 si\u0119, jak i kiedy si\u0119 modli\u0107 | Islam | Kalendarz Ramadan","og_url":"https:\/\/www.ahmadiyya-islam.org\/pl\/czas-modlitwy-czas-salah-dla-calego-swiata\/","og_site_name":"Stowarzyszenie Muzu\u0142ma\u0144skie Ahmadiyya","article_modified_time":"2025-02-16T15:58:12+00:00","twitter_card":"summary_large_image","twitter_misc":{"Szacowany czas czytania":"1 minuta"},"schema":{"@context":"https:\/\/schema.org","@graph":[{"@type":"WebPage","@id":"https:\/\/www.ahmadiyya-islam.org\/pl\/czas-modlitwy-czas-salah-dla-calego-swiata\/","url":"https:\/\/www.ahmadiyya-islam.org\/pl\/czas-modlitwy-czas-salah-dla-calego-swiata\/","name":"Czas Modlitw - Czas Salah dla ca\u0142ego \u015bwiata - Harmonogram miesi\u0119czny","isPartOf":{"@id":"https:\/\/www.ahmadiyya-islam.org\/pl\/#website"},"datePublished":"2021-02-06T12:32:48+00:00","dateModified":"2025-02-16T15:58:12+00:00","description":"Czas Modlitw | Pory Modlitw dla ca\u0142ego \u015bwiata | Wydrukuj Harmonogram Salah | nauczy\u0107 si\u0119, jak i kiedy si\u0119 modli\u0107 | Islam | Kalendarz Ramadan","breadcrumb":{"@id":"https:\/\/www.ahmadiyya-islam.org\/pl\/czas-modlitwy-czas-salah-dla-calego-swiata\/#breadcrumb"},"inLanguage":"pl-PL","potentialAction":[{"@type":"ReadAction","target":["https:\/\/www.ahmadiyya-islam.org\/pl\/czas-modlitwy-czas-salah-dla-calego-swiata\/"]}]},{"@type":"BreadcrumbList","@id":"https:\/\/www.ahmadiyya-islam.org\/pl\/czas-modlitwy-czas-salah-dla-calego-swiata\/#breadcrumb","itemListElement":[{"@type":"ListItem","position":1,"name":"Home","item":"https:\/\/www.ahmadiyya-islam.org\/pl\/"},{"@type":"ListItem","position":2,"name":"Czas Modlitw"}]},{"@type":"WebSite","@id":"https:\/\/www.ahmadiyya-islam.org\/pl\/#website","url":"https:\/\/www.ahmadiyya-islam.org\/pl\/","name":"Stowarzyszenie Muzu\u0142ma\u0144skie Ahmadiyya","description":"Polska","potentialAction":[{"@type":"SearchAction","target":{"@type":"EntryPoint","urlTemplate":"https:\/\/www.ahmadiyya-islam.org\/pl\/?s={search_term_string}"},"query-input":{"@type":"PropertyValueSpecification","valueRequired":true,"valueName":"search_term_string"}}],"inLanguage":"pl-PL"}]}},"_links":{"self":[{"href":"https:\/\/www.ahmadiyya-islam.org\/pl\/wp-json\/wp\/v2\/pages\/222","targetHints":{"allow":["GET"]}}],"collection":[{"href":"https:\/\/www.ahmadiyya-islam.org\/pl\/wp-json\/wp\/v2\/pages"}],"about":[{"href":"https:\/\/www.ahmadiyya-islam.org\/pl\/wp-json\/wp\/v2\/types\/page"}],"author":[{"embeddable":true,"href":"https:\/\/www.ahmadiyya-islam.org\/pl\/wp-json\/wp\/v2\/users\/85"}],"replies":[{"embeddable":true,"href":"https:\/\/www.ahmadiyya-islam.org\/pl\/wp-json\/wp\/v2\/comments?post=222"}],"version-history":[{"count":1,"href":"https:\/\/www.ahmadiyya-islam.org\/pl\/wp-json\/wp\/v2\/pages\/222\/revisions"}],"predecessor-version":[{"id":2375,"href":"https:\/\/www.ahmadiyya-islam.org\/pl\/wp-json\/wp\/v2\/pages\/222\/revisions\/2375"}],"wp:attachment":[{"href":"https:\/\/www.ahmadiyya-islam.org\/pl\/wp-json\/wp\/v2\/media?parent=222"}],"curies":[{"name":"wp","href":"https:\/\/api.w.org\/{rel}","templated":true}]}}