{"id":129,"date":"2021-02-05T16:14:54","date_gmt":"2021-02-05T15:14:54","guid":{"rendered":"https:\/\/www.ahmadiyya-islam.org\/pl\/?page_id=129"},"modified":"2021-04-14T18:52:58","modified_gmt":"2021-04-14T16:52:58","slug":"islam","status":"publish","type":"page","link":"https:\/\/www.ahmadiyya-islam.org\/pl\/islam\/","title":{"rendered":"Islam"},"content":{"rendered":"<h2><strong>O islamie<\/strong><\/h2>\n<p>Islam religia doskona\u0142a, kt\u00f3ra reprezentuje szczyt ewolucji religijnej.<\/p>\n<p><a href=\"https:\/\/www.ahmadiyya-islam.org\/pl\/ksiazki\/allah-w-nauce-islamu\/\">Allah<\/a> nazwa\u0142 t\u0119 religi\u0119 s\u0142owem Islam (<a href=\"https:\/\/www.alislam.org\/quran\/view\/?page=243&amp;region=PL&amp;CR=\" target=\"_blank\" rel=\"noopener\">Koran, 5:4<\/a>).<\/p>\n<p>Po arabsku oznacza ono dos\u0142ownie pok\u00f3j i\u00a0pos\u0142usze\u0144stwo. Pochodzi od arabskiego rdzenia\u00a0<strong><em>SALEMA<\/em><\/strong>,\u00a0<strong>czyli pok\u00f3j, czysto\u015b\u0107, poddanie i\u00a0pos\u0142usze\u0144stwo<\/strong>. A zatem \u201e<a href=\"https:\/\/www.ahmadiyya-islam.org\/pl\/tematy\/islam\/\">islam<\/a>\u201d to droga cz\u0142owieka, kt\u00f3ry jest pos\u0142uszny Bogu i\u00a0pozostaje w\u00a0pokojowych relacjach zar\u00f3wno z\u00a0nim, jak i\u00a0wszystkimi Jego istotami. Wyznawcy islamu nazywaj\u0105 si\u0119 <a href=\"https:\/\/www.ahmadiyya-islam.org\/pl\/artykul\/definicja-muzulmanina\/\">muzu\u0142manami<\/a>.<\/p>\n<p>Nie jest to religia nowa. Generalnie to samo przes\u0142anie i\u00a0te same wskaz\u00f3wki B\u00f3g przekaza\u0142 wszystkim prorokom poprzedzaj\u0105cym Proroka Muhammada (pok\u00f3j z\u00a0nim). B\u00f3g za po\u015brednictwem Koranu twierdzi:<\/p>\n<blockquote><p><strong><em>Powiedz: \u201eWierzymy w Allaha i w to, co zosta\u0142o nam objawione, jak i to, co zosta\u0142o objawione Abrahamowi, Izmaelowi, Izaakowi, Jakubowi i ich plemionom, oraz w to, co dane by\u0142o Moj\u017ceszowi i Jezusowi i innym Prorokom od ich Pana. Nie czynimy r\u00f3\u017cnic mi\u0119dzy nimi i Jemu si\u0119 oddajemy.\u00a0<\/em><\/strong>(<a href=\"https:\/\/www.alislam.org\/quran\/view\/?page=151&amp;region=PL&amp;CR=\" target=\"_blank\" rel=\"noopener\">Koran, 3:85<\/a>)<\/p><\/blockquote>\n<p>Religia islamu zosta\u0142a za\u0142o\u017cona przez\u00a0 <a href=\"https:\/\/www.ahmadiyya-islam.org\/pl\/ksiazki\/zycie-proroka-muhammada\/\">Proroka Muhammada(saw)<\/a>\u00a0 ponad 1400 lat temu w Arabii. Prorok Muhammad<span style=\"font-size: 13.3333px\"> (saw)<\/span>\u00a0 otrzyma\u0142 objawienie od Allaha \u017ce islam jest ostatni\u0105 i najbardziej kompletn\u0105 religi\u0105 dla ludzko\u015bci.<\/p>\n<p>\u015awi\u0119t\u0105 ksi\u0119g\u0105 islamu jest\u00a0\u00a0\u015awi\u0119ty Koran \u00a0i zosta\u0142o to objawione przez Allaha Prorokowi Muhammadowi<span style=\"font-size: 13.3333px\"> (saw)<\/span> . Koran jest \u017ar\u00f3d\u0142em kompletnych wskaz\u00f3wek. Jego nauki s\u0105 zgodne z ludzk\u0105 natur\u0105.<\/p>\n<h2>Sze\u015b\u0107 dogmaty wiary<\/h2>\n<ol>\n<li><a href=\"https:\/\/www.ahmadiyya-islam.org\/pl\/ksiazki\/elementarne-studium-islamu\/wiara-w-jednosc-boga\/\">Wiara w\u00a0Jedno\u015b\u0107 Boga<\/a><\/li>\n<li><a href=\"https:\/\/www.ahmadiyya-islam.org\/pl\/ksiazki\/elementarne-studium-islamu\/wiara-w-anioly\/\">Wiara we wszystkie Jego anio\u0142y<\/a><\/li>\n<li><a href=\"https:\/\/www.ahmadiyya-islam.org\/pl\/ksiazki\/elementarne-studium-islamu\/wiara-we-wszystkie-ksiegi\/\">Wiara we wszystkie Jego ksi\u0119gi<\/a><\/li>\n<li><a href=\"https:\/\/www.ahmadiyya-islam.org\/pl\/ksiazki\/elementarne-studium-islamu\/wiara-we-wszystkich-prorokow\/\">Wiara we wszystkich Jego prorok\u00f3w<\/a><\/li>\n<li><a href=\"https:\/\/www.ahmadiyya-islam.org\/pl\/artykul\/wiara-w-dzien-sadu\/\">Wiara w\u00a0Dzie\u0144 S\u0105du Ostatecznego<\/a><\/li>\n<li><a href=\"https:\/\/www.ahmadiyya-islam.org\/pl\/ksiazki\/elementarne-studium-islamu\/predestiny-i-wolna-wola\/\">Wiara w\u00a0Wyroki Boga<\/a><\/li>\n<\/ol>\n<h2>Pi\u0119\u0107 filar\u00f3w islamu<\/h2>\n<p><strong>Pi\u0119\u0107 filar\u00f3w islamu<\/strong><\/p>\n<p>Aby znale\u017a\u0107 si\u0119 na \u0142onie islamu, czyli zosta\u0107 muzu\u0142maninem, trzeba zna\u0107 pi\u0119\u0107 podstawowych zasad (filar\u00f3w), na kt\u00f3rych opiera si\u0119 islam, wierzy\u0107 w\u00a0nie, ca\u0142kowicie akceptowa\u0107 i\u00a0szczerze stosowa\u0107.<\/p>\n<p>Ibn Umar opowiada, \u017ce Pos\u0142aniec Boga &#8211; Prorok Muhammad (pok\u00f3j z\u00a0nim) powiedzia\u0142: islam opiera si\u0119 na pi\u0119ciu nast\u0119puj\u0105cych filarach:<\/p>\n<ol>\n<li><a href=\"https:\/\/www.ahmadiyya-islam.org\/pl\/artykul\/jednosc-boga\/\">Wiara, \u017ce nie ma Boga pr\u00f3cz Allaha, a Muhammad jest Pos\u0142a\u0144cem Allaha<\/a><\/li>\n<li><a href=\"https:\/\/www.ahmadiyya-islam.org\/pl\/artykul\/salat-modlitwa-w-islamie\/\">Przestrzeganie Modlitwy<\/a><\/li>\n<li><a href=\"https:\/\/www.ahmadiyya-islam.org\/pl\/ksiazki\/kilka-znaczacych-cech-islamu\/zakat-contra-interes\/\">P\u0142acenia Zakat<\/a><\/li>\n<li><a href=\"https:\/\/www.ahmadiyya-islam.org\/pl\/artykul\/post-w-islamie-al-saum\/\">Poszczenie podczas Ramadanu<\/a><\/li>\n<li><a href=\"https:\/\/www.ahmadiyya-islam.org\/pl\/artykul\/hadzdz-pielgrzymka-filar-islamu\/\">Pielgrzymka do Mekki<\/a><\/li>\n<\/ol>\n<h2>Cz\u0119sto Zadawane Pytania<\/h2>\n<ul>\n<li><a href=\"https:\/\/www.ahmadiyya-islam.org\/pl\/artykul\/dlaczego-wierze-w-islam\/\">Dlaczego wierz\u0119 w islam?<\/a><\/li>\n<li><a href=\"https:\/\/www.ahmadiyya-islam.org\/pl\/artykul\/zarys-islamu\/\">Zarys Islamu<\/a><\/li>\n<li><a href=\"https:\/\/www.ahmadiyya-islam.org\/pl\/tematy\/islam\/\">Wi\u0119cej na temat islam<\/a><\/li>\n<\/ul>\n","protected":false},"excerpt":{"rendered":"<p>O islamie Islam religia doskona\u0142a, kt\u00f3ra reprezentuje szczyt ewolucji religijnej. Allah nazwa\u0142 t\u0119 religi\u0119 s\u0142owem Islam (Koran, 5:4). Po arabsku oznacza ono dos\u0142ownie pok\u00f3j i\u00a0pos\u0142usze\u0144stwo. Pochodzi od arabskiego rdzenia\u00a0SALEMA,\u00a0czyli pok\u00f3j, czysto\u015b\u0107, poddanie i\u00a0pos\u0142usze\u0144stwo. A zatem \u201eislam\u201d to droga cz\u0142owieka, kt\u00f3ry jest pos\u0142uszny Bogu i\u00a0pozostaje w\u00a0pokojowych relacjach zar\u00f3wno z\u00a0nim, jak i\u00a0wszystkimi Jego istotami. Wyznawcy islamu nazywaj\u0105<\/p>\n","protected":false},"author":85,"featured_media":130,"parent":0,"menu_order":0,"comment_status":"closed","ping_status":"closed","template":"","meta":{"_acf_changed":false,"footnotes":""},"class_list":["post-129","page","type-page","status-publish","has-post-thumbnail","hentry"],"acf":[],"yoast_head":"<!-- This site is optimized with the Yoast SEO Premium plugin v21.1 (Yoast SEO v27.0) - https:\/\/yoast.com\/product\/yoast-seo-premium-wordpress\/ -->\n<title>Islam religia doskona\u0142a - Dogmaty wiary, Pi\u0119\u0107 filar\u00f3w islamu - Religia Islam<\/title>\n<meta name=\"description\" content=\"Islam religia doskona\u0142a - kt\u00f3ra reprezentuje szczyt ewolucji religijnej. Allah nazwa\u0142 t\u0119 religi\u0119 s\u0142owem Islam (Koran, 5:4)\" \/>\n<meta name=\"robots\" content=\"index, follow, max-snippet:-1, max-image-preview:large, max-video-preview:-1\" \/>\n<link rel=\"canonical\" href=\"https:\/\/www.ahmadiyya-islam.org\/pl\/islam\/\" \/>\n<meta property=\"og:locale\" content=\"pl_PL\" \/>\n<meta property=\"og:type\" content=\"article\" \/>\n<meta property=\"og:title\" content=\"Islam\" \/>\n<meta property=\"og:description\" content=\"Islam religia doskona\u0142a - kt\u00f3ra reprezentuje szczyt ewolucji religijnej. Allah nazwa\u0142 t\u0119 religi\u0119 s\u0142owem Islam (Koran, 5:4)\" \/>\n<meta property=\"og:url\" content=\"https:\/\/www.ahmadiyya-islam.org\/pl\/islam\/\" \/>\n<meta property=\"og:site_name\" content=\"Stowarzyszenie Muzu\u0142ma\u0144skie Ahmadiyya\" \/>\n<meta property=\"article:modified_time\" content=\"2021-04-14T16:52:58+00:00\" \/>\n<meta property=\"og:image\" content=\"https:\/\/www.ahmadiyya-islam.org\/pl\/wp-content\/uploads\/sites\/25\/2021\/02\/Pokoj.jpg\" \/>\n\t<meta property=\"og:image:width\" content=\"1698\" \/>\n\t<meta property=\"og:image:height\" content=\"669\" \/>\n\t<meta property=\"og:image:type\" content=\"image\/jpeg\" \/>\n<meta name=\"twitter:card\" content=\"summary_large_image\" \/>\n<meta name=\"twitter:label1\" content=\"Szacowany czas czytania\" \/>\n\t<meta name=\"twitter:data1\" content=\"2 minuty\" \/>\n<script type=\"application\/ld+json\" class=\"yoast-schema-graph\">{\"@context\":\"https:\/\/schema.org\",\"@graph\":[{\"@type\":\"WebPage\",\"@id\":\"https:\/\/www.ahmadiyya-islam.org\/pl\/islam\/\",\"url\":\"https:\/\/www.ahmadiyya-islam.org\/pl\/islam\/\",\"name\":\"Islam religia doskona\u0142a - Dogmaty wiary, Pi\u0119\u0107 filar\u00f3w islamu - Religia Islam\",\"isPartOf\":{\"@id\":\"https:\/\/www.ahmadiyya-islam.org\/pl\/#website\"},\"primaryImageOfPage\":{\"@id\":\"https:\/\/www.ahmadiyya-islam.org\/pl\/islam\/#primaryimage\"},\"image\":{\"@id\":\"https:\/\/www.ahmadiyya-islam.org\/pl\/islam\/#primaryimage\"},\"thumbnailUrl\":\"https:\/\/www.ahmadiyya-islam.org\/pl\/wp-content\/uploads\/sites\/25\/2021\/02\/Pokoj.jpg\",\"datePublished\":\"2021-02-05T15:14:54+00:00\",\"dateModified\":\"2021-04-14T16:52:58+00:00\",\"description\":\"Islam religia doskona\u0142a - kt\u00f3ra reprezentuje szczyt ewolucji religijnej. Allah nazwa\u0142 t\u0119 religi\u0119 s\u0142owem Islam (Koran, 5:4)\",\"breadcrumb\":{\"@id\":\"https:\/\/www.ahmadiyya-islam.org\/pl\/islam\/#breadcrumb\"},\"inLanguage\":\"pl-PL\",\"potentialAction\":[{\"@type\":\"ReadAction\",\"target\":[\"https:\/\/www.ahmadiyya-islam.org\/pl\/islam\/\"]}]},{\"@type\":\"ImageObject\",\"inLanguage\":\"pl-PL\",\"@id\":\"https:\/\/www.ahmadiyya-islam.org\/pl\/islam\/#primaryimage\",\"url\":\"https:\/\/www.ahmadiyya-islam.org\/pl\/wp-content\/uploads\/sites\/25\/2021\/02\/Pokoj.jpg\",\"contentUrl\":\"https:\/\/www.ahmadiyya-islam.org\/pl\/wp-content\/uploads\/sites\/25\/2021\/02\/Pokoj.jpg\",\"width\":1698,\"height\":669,\"caption\":\"Islam religia doskona\u0142a\"},{\"@type\":\"BreadcrumbList\",\"@id\":\"https:\/\/www.ahmadiyya-islam.org\/pl\/islam\/#breadcrumb\",\"itemListElement\":[{\"@type\":\"ListItem\",\"position\":1,\"name\":\"Home\",\"item\":\"https:\/\/www.ahmadiyya-islam.org\/pl\/\"},{\"@type\":\"ListItem\",\"position\":2,\"name\":\"Islam\"}]},{\"@type\":\"WebSite\",\"@id\":\"https:\/\/www.ahmadiyya-islam.org\/pl\/#website\",\"url\":\"https:\/\/www.ahmadiyya-islam.org\/pl\/\",\"name\":\"Stowarzyszenie Muzu\u0142ma\u0144skie Ahmadiyya\",\"description\":\"Polska\",\"potentialAction\":[{\"@type\":\"SearchAction\",\"target\":{\"@type\":\"EntryPoint\",\"urlTemplate\":\"https:\/\/www.ahmadiyya-islam.org\/pl\/?s={search_term_string}\"},\"query-input\":{\"@type\":\"PropertyValueSpecification\",\"valueRequired\":true,\"valueName\":\"search_term_string\"}}],\"inLanguage\":\"pl-PL\"}]}<\/script>\n<!-- \/ Yoast SEO Premium plugin. -->","yoast_head_json":{"title":"Islam religia doskona\u0142a - Dogmaty wiary, Pi\u0119\u0107 filar\u00f3w islamu - Religia Islam","description":"Islam religia doskona\u0142a - kt\u00f3ra reprezentuje szczyt ewolucji religijnej. Allah nazwa\u0142 t\u0119 religi\u0119 s\u0142owem Islam (Koran, 5:4)","robots":{"index":"index","follow":"follow","max-snippet":"max-snippet:-1","max-image-preview":"max-image-preview:large","max-video-preview":"max-video-preview:-1"},"canonical":"https:\/\/www.ahmadiyya-islam.org\/pl\/islam\/","og_locale":"pl_PL","og_type":"article","og_title":"Islam","og_description":"Islam religia doskona\u0142a - kt\u00f3ra reprezentuje szczyt ewolucji religijnej. Allah nazwa\u0142 t\u0119 religi\u0119 s\u0142owem Islam (Koran, 5:4)","og_url":"https:\/\/www.ahmadiyya-islam.org\/pl\/islam\/","og_site_name":"Stowarzyszenie Muzu\u0142ma\u0144skie Ahmadiyya","article_modified_time":"2021-04-14T16:52:58+00:00","og_image":[{"width":1698,"height":669,"url":"https:\/\/www.ahmadiyya-islam.org\/pl\/wp-content\/uploads\/sites\/25\/2021\/02\/Pokoj.jpg","type":"image\/jpeg"}],"twitter_card":"summary_large_image","twitter_misc":{"Szacowany czas czytania":"2 minuty"},"schema":{"@context":"https:\/\/schema.org","@graph":[{"@type":"WebPage","@id":"https:\/\/www.ahmadiyya-islam.org\/pl\/islam\/","url":"https:\/\/www.ahmadiyya-islam.org\/pl\/islam\/","name":"Islam religia doskona\u0142a - Dogmaty wiary, Pi\u0119\u0107 filar\u00f3w islamu - Religia Islam","isPartOf":{"@id":"https:\/\/www.ahmadiyya-islam.org\/pl\/#website"},"primaryImageOfPage":{"@id":"https:\/\/www.ahmadiyya-islam.org\/pl\/islam\/#primaryimage"},"image":{"@id":"https:\/\/www.ahmadiyya-islam.org\/pl\/islam\/#primaryimage"},"thumbnailUrl":"https:\/\/www.ahmadiyya-islam.org\/pl\/wp-content\/uploads\/sites\/25\/2021\/02\/Pokoj.jpg","datePublished":"2021-02-05T15:14:54+00:00","dateModified":"2021-04-14T16:52:58+00:00","description":"Islam religia doskona\u0142a - kt\u00f3ra reprezentuje szczyt ewolucji religijnej. Allah nazwa\u0142 t\u0119 religi\u0119 s\u0142owem Islam (Koran, 5:4)","breadcrumb":{"@id":"https:\/\/www.ahmadiyya-islam.org\/pl\/islam\/#breadcrumb"},"inLanguage":"pl-PL","potentialAction":[{"@type":"ReadAction","target":["https:\/\/www.ahmadiyya-islam.org\/pl\/islam\/"]}]},{"@type":"ImageObject","inLanguage":"pl-PL","@id":"https:\/\/www.ahmadiyya-islam.org\/pl\/islam\/#primaryimage","url":"https:\/\/www.ahmadiyya-islam.org\/pl\/wp-content\/uploads\/sites\/25\/2021\/02\/Pokoj.jpg","contentUrl":"https:\/\/www.ahmadiyya-islam.org\/pl\/wp-content\/uploads\/sites\/25\/2021\/02\/Pokoj.jpg","width":1698,"height":669,"caption":"Islam religia doskona\u0142a"},{"@type":"BreadcrumbList","@id":"https:\/\/www.ahmadiyya-islam.org\/pl\/islam\/#breadcrumb","itemListElement":[{"@type":"ListItem","position":1,"name":"Home","item":"https:\/\/www.ahmadiyya-islam.org\/pl\/"},{"@type":"ListItem","position":2,"name":"Islam"}]},{"@type":"WebSite","@id":"https:\/\/www.ahmadiyya-islam.org\/pl\/#website","url":"https:\/\/www.ahmadiyya-islam.org\/pl\/","name":"Stowarzyszenie Muzu\u0142ma\u0144skie Ahmadiyya","description":"Polska","potentialAction":[{"@type":"SearchAction","target":{"@type":"EntryPoint","urlTemplate":"https:\/\/www.ahmadiyya-islam.org\/pl\/?s={search_term_string}"},"query-input":{"@type":"PropertyValueSpecification","valueRequired":true,"valueName":"search_term_string"}}],"inLanguage":"pl-PL"}]}},"_links":{"self":[{"href":"https:\/\/www.ahmadiyya-islam.org\/pl\/wp-json\/wp\/v2\/pages\/129","targetHints":{"allow":["GET"]}}],"collection":[{"href":"https:\/\/www.ahmadiyya-islam.org\/pl\/wp-json\/wp\/v2\/pages"}],"about":[{"href":"https:\/\/www.ahmadiyya-islam.org\/pl\/wp-json\/wp\/v2\/types\/page"}],"author":[{"embeddable":true,"href":"https:\/\/www.ahmadiyya-islam.org\/pl\/wp-json\/wp\/v2\/users\/85"}],"replies":[{"embeddable":true,"href":"https:\/\/www.ahmadiyya-islam.org\/pl\/wp-json\/wp\/v2\/comments?post=129"}],"version-history":[{"count":0,"href":"https:\/\/www.ahmadiyya-islam.org\/pl\/wp-json\/wp\/v2\/pages\/129\/revisions"}],"wp:featuredmedia":[{"embeddable":true,"href":"https:\/\/www.ahmadiyya-islam.org\/pl\/wp-json\/wp\/v2\/media\/130"}],"wp:attachment":[{"href":"https:\/\/www.ahmadiyya-islam.org\/pl\/wp-json\/wp\/v2\/media?parent=129"}],"curies":[{"name":"wp","href":"https:\/\/api.w.org\/{rel}","templated":true}]}}