{"id":392,"date":"2025-12-08T23:08:18","date_gmt":"2025-12-08T21:08:18","guid":{"rendered":"https:\/\/www.ahmadiyya-islam.org\/lt\/?page_id=392"},"modified":"2025-12-12T13:04:38","modified_gmt":"2025-12-12T11:04:38","slug":"taikos-simpoziumas","status":"publish","type":"page","link":"https:\/\/www.ahmadiyya-islam.org\/lt\/apie-mus\/taikos-simpoziumas\/","title":{"rendered":"Taikos Simpoziumas"},"content":{"rendered":"<p>Nacionalinis Taikos Simpoziumas yra pagrindinis Ahmadijos Musulmon\u0173 bendruomen\u0117s renginys visame pasaulyje. Organizuojant Taikos Simpoziumus siekiama skatinti gilesn\u012f supratim\u0105 apie Islamo ir kitus tik\u0117jimus ir \u012fkv\u0117pti bendromis pastangomis i\u0161saugoti ilgalaik\u0119 taik\u0105. Renginiai vyksta reguliariai visame pasaulyje ir pritraukia \u0161imtus sve\u010di\u0173 i\u0161 vis\u0173 visuomen\u0117s sluoksni\u0173, \u012fskaitant auk\u0161to rango valstyb\u0117s atstovus, diplomatus, parlamentarus ir religinius lyderius.<\/p>\n<p><img loading=\"lazy\" decoding=\"async\" class=\"alignnone size-full wp-image-613\" src=\"http:\/\/www.ahmadiyya-islam.org\/lt\/wp-content\/uploads\/sites\/29\/2025\/12\/47183422_726838627701594_4760741290772004864_o.jpg\" alt=\"\" width=\"1920\" height=\"1080\" srcset=\"https:\/\/www.ahmadiyya-islam.org\/lt\/wp-content\/uploads\/sites\/29\/2025\/12\/47183422_726838627701594_4760741290772004864_o.jpg 1920w, https:\/\/www.ahmadiyya-islam.org\/lt\/wp-content\/uploads\/sites\/29\/2025\/12\/47183422_726838627701594_4760741290772004864_o-300x169.jpg 300w, https:\/\/www.ahmadiyya-islam.org\/lt\/wp-content\/uploads\/sites\/29\/2025\/12\/47183422_726838627701594_4760741290772004864_o-1024x576.jpg 1024w, https:\/\/www.ahmadiyya-islam.org\/lt\/wp-content\/uploads\/sites\/29\/2025\/12\/47183422_726838627701594_4760741290772004864_o-768x432.jpg 768w, https:\/\/www.ahmadiyya-islam.org\/lt\/wp-content\/uploads\/sites\/29\/2025\/12\/47183422_726838627701594_4760741290772004864_o-1536x864.jpg 1536w, https:\/\/www.ahmadiyya-islam.org\/lt\/wp-content\/uploads\/sites\/29\/2025\/12\/47183422_726838627701594_4760741290772004864_o-400x225.jpg 400w\" sizes=\"auto, (max-width: 1920px) 100vw, 1920px\" \/><\/p>\n<p><img loading=\"lazy\" decoding=\"async\" class=\"alignnone size-full wp-image-614\" src=\"http:\/\/www.ahmadiyya-islam.org\/lt\/wp-content\/uploads\/sites\/29\/2025\/12\/47392932_726838007701656_5069250243342630912_o.jpg\" alt=\"\" width=\"1920\" height=\"1080\" srcset=\"https:\/\/www.ahmadiyya-islam.org\/lt\/wp-content\/uploads\/sites\/29\/2025\/12\/47392932_726838007701656_5069250243342630912_o.jpg 1920w, https:\/\/www.ahmadiyya-islam.org\/lt\/wp-content\/uploads\/sites\/29\/2025\/12\/47392932_726838007701656_5069250243342630912_o-300x169.jpg 300w, https:\/\/www.ahmadiyya-islam.org\/lt\/wp-content\/uploads\/sites\/29\/2025\/12\/47392932_726838007701656_5069250243342630912_o-1024x576.jpg 1024w, https:\/\/www.ahmadiyya-islam.org\/lt\/wp-content\/uploads\/sites\/29\/2025\/12\/47392932_726838007701656_5069250243342630912_o-768x432.jpg 768w, https:\/\/www.ahmadiyya-islam.org\/lt\/wp-content\/uploads\/sites\/29\/2025\/12\/47392932_726838007701656_5069250243342630912_o-1536x864.jpg 1536w, https:\/\/www.ahmadiyya-islam.org\/lt\/wp-content\/uploads\/sites\/29\/2025\/12\/47392932_726838007701656_5069250243342630912_o-400x225.jpg 400w\" sizes=\"auto, (max-width: 1920px) 100vw, 1920px\" \/><\/p>\n","protected":false},"excerpt":{"rendered":"<p>Nacionalinis Taikos Simpoziumas yra pagrindinis Ahmadijos Musulmon\u0173 bendruomen\u0117s renginys visame pasaulyje. Organizuojant Taikos Simpoziumus siekiama skatinti gilesn\u012f supratim\u0105 apie Islamo ir kitus tik\u0117jimus ir \u012fkv\u0117pti bendromis pastangomis i\u0161saugoti ilgalaik\u0119 taik\u0105. Renginiai vyksta reguliariai visame pasaulyje ir pritraukia \u0161imtus sve\u010di\u0173 i\u0161 vis\u0173 visuomen\u0117s sluoksni\u0173, \u012fskaitant auk\u0161to rango valstyb\u0117s atstovus, diplomatus, parlamentarus ir religinius lyderius.<\/p>\n","protected":false},"author":90,"featured_media":612,"parent":376,"menu_order":3,"comment_status":"closed","ping_status":"closed","template":"","meta":{"_acf_changed":false,"footnotes":""},"class_list":["post-392","page","type-page","status-publish","has-post-thumbnail","hentry"],"acf":[],"yoast_head":"<!-- This site is optimized with the Yoast SEO Premium plugin v21.1 (Yoast SEO v27.4) - https:\/\/yoast.com\/product\/yoast-seo-premium-wordpress\/ -->\n<title>Taikos Simpoziumas - Asociacija Ahmadija<\/title>\n<meta name=\"robots\" content=\"noindex, follow, max-snippet:-1, max-image-preview:large, max-video-preview:-1\" \/>\n<meta property=\"og:locale\" content=\"lt_LT\" \/>\n<meta property=\"og:type\" content=\"article\" \/>\n<meta property=\"og:title\" content=\"Taikos Simpoziumas\" \/>\n<meta property=\"og:description\" content=\"Nacionalinis Taikos Simpoziumas yra pagrindinis Ahmadijos Musulmon\u0173 bendruomen\u0117s renginys visame pasaulyje. Organizuojant Taikos Simpoziumus siekiama skatinti gilesn\u012f supratim\u0105 apie Islamo ir kitus tik\u0117jimus ir \u012fkv\u0117pti bendromis pastangomis i\u0161saugoti ilgalaik\u0119 taik\u0105. Renginiai vyksta reguliariai visame pasaulyje ir pritraukia \u0161imtus sve\u010di\u0173 i\u0161 vis\u0173 visuomen\u0117s sluoksni\u0173, \u012fskaitant auk\u0161to rango valstyb\u0117s atstovus, diplomatus, parlamentarus ir religinius lyderius.\" \/>\n<meta property=\"og:url\" content=\"https:\/\/www.ahmadiyya-islam.org\/lt\/apie-mus\/taikos-simpoziumas\/\" \/>\n<meta property=\"og:site_name\" content=\"Asociacija Ahmadija\" \/>\n<meta property=\"article:modified_time\" content=\"2025-12-12T11:04:38+00:00\" \/>\n<meta property=\"og:image\" content=\"http:\/\/www.ahmadiyya-islam.org\/lt\/wp-content\/uploads\/sites\/29\/2025\/12\/47422737_726838364368287_2022594846664949760_o.jpg\" \/>\n\t<meta property=\"og:image:width\" content=\"1920\" \/>\n\t<meta property=\"og:image:height\" content=\"1080\" \/>\n\t<meta property=\"og:image:type\" content=\"image\/jpeg\" \/>\n<meta name=\"twitter:card\" content=\"summary_large_image\" \/>\n<meta name=\"twitter:label1\" content=\"Est. reading time\" \/>\n\t<meta name=\"twitter:data1\" content=\"1 minut\u0117\" \/>\n<script type=\"application\/ld+json\" class=\"yoast-schema-graph\">{\"@context\":\"https:\\\/\\\/schema.org\",\"@graph\":[{\"@type\":\"WebPage\",\"@id\":\"https:\\\/\\\/www.ahmadiyya-islam.org\\\/lt\\\/apie-mus\\\/taikos-simpoziumas\\\/\",\"url\":\"https:\\\/\\\/www.ahmadiyya-islam.org\\\/lt\\\/apie-mus\\\/taikos-simpoziumas\\\/\",\"name\":\"Taikos Simpoziumas - Asociacija Ahmadija\",\"isPartOf\":{\"@id\":\"https:\\\/\\\/www.ahmadiyya-islam.org\\\/lt\\\/#website\"},\"primaryImageOfPage\":{\"@id\":\"https:\\\/\\\/www.ahmadiyya-islam.org\\\/lt\\\/apie-mus\\\/taikos-simpoziumas\\\/#primaryimage\"},\"image\":{\"@id\":\"https:\\\/\\\/www.ahmadiyya-islam.org\\\/lt\\\/apie-mus\\\/taikos-simpoziumas\\\/#primaryimage\"},\"thumbnailUrl\":\"https:\\\/\\\/www.ahmadiyya-islam.org\\\/lt\\\/wp-content\\\/uploads\\\/sites\\\/29\\\/2025\\\/12\\\/47422737_726838364368287_2022594846664949760_o.jpg\",\"datePublished\":\"2025-12-08T21:08:18+00:00\",\"dateModified\":\"2025-12-12T11:04:38+00:00\",\"breadcrumb\":{\"@id\":\"https:\\\/\\\/www.ahmadiyya-islam.org\\\/lt\\\/apie-mus\\\/taikos-simpoziumas\\\/#breadcrumb\"},\"inLanguage\":\"lt-LT\",\"potentialAction\":[{\"@type\":\"ReadAction\",\"target\":[\"https:\\\/\\\/www.ahmadiyya-islam.org\\\/lt\\\/apie-mus\\\/taikos-simpoziumas\\\/\"]}]},{\"@type\":\"ImageObject\",\"inLanguage\":\"lt-LT\",\"@id\":\"https:\\\/\\\/www.ahmadiyya-islam.org\\\/lt\\\/apie-mus\\\/taikos-simpoziumas\\\/#primaryimage\",\"url\":\"https:\\\/\\\/www.ahmadiyya-islam.org\\\/lt\\\/wp-content\\\/uploads\\\/sites\\\/29\\\/2025\\\/12\\\/47422737_726838364368287_2022594846664949760_o.jpg\",\"contentUrl\":\"https:\\\/\\\/www.ahmadiyya-islam.org\\\/lt\\\/wp-content\\\/uploads\\\/sites\\\/29\\\/2025\\\/12\\\/47422737_726838364368287_2022594846664949760_o.jpg\",\"width\":1920,\"height\":1080},{\"@type\":\"BreadcrumbList\",\"@id\":\"https:\\\/\\\/www.ahmadiyya-islam.org\\\/lt\\\/apie-mus\\\/taikos-simpoziumas\\\/#breadcrumb\",\"itemListElement\":[{\"@type\":\"ListItem\",\"position\":1,\"name\":\"Home\",\"item\":\"https:\\\/\\\/www.ahmadiyya-islam.org\\\/lt\\\/\"},{\"@type\":\"ListItem\",\"position\":2,\"name\":\"Apie mus &#8222;Ahmadija&#8221;\",\"item\":\"https:\\\/\\\/www.ahmadiyya-islam.org\\\/lt\\\/apie-mus\\\/\"},{\"@type\":\"ListItem\",\"position\":3,\"name\":\"Taikos Simpoziumas\"}]},{\"@type\":\"WebSite\",\"@id\":\"https:\\\/\\\/www.ahmadiyya-islam.org\\\/lt\\\/#website\",\"url\":\"https:\\\/\\\/www.ahmadiyya-islam.org\\\/lt\\\/\",\"name\":\"Asociacija Ahmadija\",\"description\":\"Lietuva\",\"potentialAction\":[{\"@type\":\"SearchAction\",\"target\":{\"@type\":\"EntryPoint\",\"urlTemplate\":\"https:\\\/\\\/www.ahmadiyya-islam.org\\\/lt\\\/?s={search_term_string}\"},\"query-input\":{\"@type\":\"PropertyValueSpecification\",\"valueRequired\":true,\"valueName\":\"search_term_string\"}}],\"inLanguage\":\"lt-LT\"}]}<\/script>\n<!-- \/ Yoast SEO Premium plugin. -->","yoast_head_json":{"title":"Taikos Simpoziumas - Asociacija Ahmadija","robots":{"index":"noindex","follow":"follow","max-snippet":"max-snippet:-1","max-image-preview":"max-image-preview:large","max-video-preview":"max-video-preview:-1"},"og_locale":"lt_LT","og_type":"article","og_title":"Taikos Simpoziumas","og_description":"Nacionalinis Taikos Simpoziumas yra pagrindinis Ahmadijos Musulmon\u0173 bendruomen\u0117s renginys visame pasaulyje. Organizuojant Taikos Simpoziumus siekiama skatinti gilesn\u012f supratim\u0105 apie Islamo ir kitus tik\u0117jimus ir \u012fkv\u0117pti bendromis pastangomis i\u0161saugoti ilgalaik\u0119 taik\u0105. Renginiai vyksta reguliariai visame pasaulyje ir pritraukia \u0161imtus sve\u010di\u0173 i\u0161 vis\u0173 visuomen\u0117s sluoksni\u0173, \u012fskaitant auk\u0161to rango valstyb\u0117s atstovus, diplomatus, parlamentarus ir religinius lyderius.","og_url":"https:\/\/www.ahmadiyya-islam.org\/lt\/apie-mus\/taikos-simpoziumas\/","og_site_name":"Asociacija Ahmadija","article_modified_time":"2025-12-12T11:04:38+00:00","og_image":[{"width":1920,"height":1080,"url":"http:\/\/www.ahmadiyya-islam.org\/lt\/wp-content\/uploads\/sites\/29\/2025\/12\/47422737_726838364368287_2022594846664949760_o.jpg","type":"image\/jpeg"}],"twitter_card":"summary_large_image","twitter_misc":{"Est. reading time":"1 minut\u0117"},"schema":{"@context":"https:\/\/schema.org","@graph":[{"@type":"WebPage","@id":"https:\/\/www.ahmadiyya-islam.org\/lt\/apie-mus\/taikos-simpoziumas\/","url":"https:\/\/www.ahmadiyya-islam.org\/lt\/apie-mus\/taikos-simpoziumas\/","name":"Taikos Simpoziumas - Asociacija Ahmadija","isPartOf":{"@id":"https:\/\/www.ahmadiyya-islam.org\/lt\/#website"},"primaryImageOfPage":{"@id":"https:\/\/www.ahmadiyya-islam.org\/lt\/apie-mus\/taikos-simpoziumas\/#primaryimage"},"image":{"@id":"https:\/\/www.ahmadiyya-islam.org\/lt\/apie-mus\/taikos-simpoziumas\/#primaryimage"},"thumbnailUrl":"https:\/\/www.ahmadiyya-islam.org\/lt\/wp-content\/uploads\/sites\/29\/2025\/12\/47422737_726838364368287_2022594846664949760_o.jpg","datePublished":"2025-12-08T21:08:18+00:00","dateModified":"2025-12-12T11:04:38+00:00","breadcrumb":{"@id":"https:\/\/www.ahmadiyya-islam.org\/lt\/apie-mus\/taikos-simpoziumas\/#breadcrumb"},"inLanguage":"lt-LT","potentialAction":[{"@type":"ReadAction","target":["https:\/\/www.ahmadiyya-islam.org\/lt\/apie-mus\/taikos-simpoziumas\/"]}]},{"@type":"ImageObject","inLanguage":"lt-LT","@id":"https:\/\/www.ahmadiyya-islam.org\/lt\/apie-mus\/taikos-simpoziumas\/#primaryimage","url":"https:\/\/www.ahmadiyya-islam.org\/lt\/wp-content\/uploads\/sites\/29\/2025\/12\/47422737_726838364368287_2022594846664949760_o.jpg","contentUrl":"https:\/\/www.ahmadiyya-islam.org\/lt\/wp-content\/uploads\/sites\/29\/2025\/12\/47422737_726838364368287_2022594846664949760_o.jpg","width":1920,"height":1080},{"@type":"BreadcrumbList","@id":"https:\/\/www.ahmadiyya-islam.org\/lt\/apie-mus\/taikos-simpoziumas\/#breadcrumb","itemListElement":[{"@type":"ListItem","position":1,"name":"Home","item":"https:\/\/www.ahmadiyya-islam.org\/lt\/"},{"@type":"ListItem","position":2,"name":"Apie mus &#8222;Ahmadija&#8221;","item":"https:\/\/www.ahmadiyya-islam.org\/lt\/apie-mus\/"},{"@type":"ListItem","position":3,"name":"Taikos Simpoziumas"}]},{"@type":"WebSite","@id":"https:\/\/www.ahmadiyya-islam.org\/lt\/#website","url":"https:\/\/www.ahmadiyya-islam.org\/lt\/","name":"Asociacija Ahmadija","description":"Lietuva","potentialAction":[{"@type":"SearchAction","target":{"@type":"EntryPoint","urlTemplate":"https:\/\/www.ahmadiyya-islam.org\/lt\/?s={search_term_string}"},"query-input":{"@type":"PropertyValueSpecification","valueRequired":true,"valueName":"search_term_string"}}],"inLanguage":"lt-LT"}]}},"_links":{"self":[{"href":"https:\/\/www.ahmadiyya-islam.org\/lt\/wp-json\/wp\/v2\/pages\/392","targetHints":{"allow":["GET"]}}],"collection":[{"href":"https:\/\/www.ahmadiyya-islam.org\/lt\/wp-json\/wp\/v2\/pages"}],"about":[{"href":"https:\/\/www.ahmadiyya-islam.org\/lt\/wp-json\/wp\/v2\/types\/page"}],"author":[{"embeddable":true,"href":"https:\/\/www.ahmadiyya-islam.org\/lt\/wp-json\/wp\/v2\/users\/90"}],"replies":[{"embeddable":true,"href":"https:\/\/www.ahmadiyya-islam.org\/lt\/wp-json\/wp\/v2\/comments?post=392"}],"version-history":[{"count":2,"href":"https:\/\/www.ahmadiyya-islam.org\/lt\/wp-json\/wp\/v2\/pages\/392\/revisions"}],"predecessor-version":[{"id":617,"href":"https:\/\/www.ahmadiyya-islam.org\/lt\/wp-json\/wp\/v2\/pages\/392\/revisions\/617"}],"up":[{"embeddable":true,"href":"https:\/\/www.ahmadiyya-islam.org\/lt\/wp-json\/wp\/v2\/pages\/376"}],"wp:featuredmedia":[{"embeddable":true,"href":"https:\/\/www.ahmadiyya-islam.org\/lt\/wp-json\/wp\/v2\/media\/612"}],"wp:attachment":[{"href":"https:\/\/www.ahmadiyya-islam.org\/lt\/wp-json\/wp\/v2\/media?parent=392"}],"curies":[{"name":"wp","href":"https:\/\/api.w.org\/{rel}","templated":true}]}}