{"id":389,"date":"2025-12-08T23:04:12","date_gmt":"2025-12-08T21:04:12","guid":{"rendered":"https:\/\/www.ahmadiyya-islam.org\/lt\/?page_id=389"},"modified":"2025-12-12T13:07:19","modified_gmt":"2025-12-12T11:07:19","slug":"knygu-muge","status":"publish","type":"page","link":"https:\/\/www.ahmadiyya-islam.org\/lt\/apie-mus\/knygu-muge\/","title":{"rendered":"Knyg\u0173 Mug\u0117"},"content":{"rendered":"<p>Asociacija Ahmadija pirm\u0105 kart\u0105 dalyvavo Knyg\u0173 Mug\u0117je, kuri \u012fvyko vasario 20-23 dienomis Litexpo parod\u0173 ir kongres\u0173 centre LITEXPO. Asociacija Ahmadija pristat\u0117 knygas \u012fvairiomis kalbomis: lietuvi\u0173, angl\u0173, arab\u0173, r\u016bs\u0173 ir vokie\u010di\u0173. Daug \u017emoni\u0173 aplank\u0117 asociacijos stend\u0105, klausin\u0117jo \u012fvairi\u0173 dalyk\u0173 apie Ahmadijos bendruomen\u0119, Islamo tradicijas, veikl\u0105, literat\u016br\u0105, maldas, tik\u0117jim\u0105 ir kitus kasdienio gyvenimo aspektus. M\u016bs\u0173 manymu, \u017einojimas padeda daug geriau suprasti vieni kitus. Tikim\u0117s, kad ir ateinan\u010diais metais gal\u0117sime dalyvauti Knyg\u0173 Mug\u0117je.<\/p>\n<p><img loading=\"lazy\" decoding=\"async\" class=\"alignnone size-full wp-image-619\" src=\"http:\/\/www.ahmadiyya-islam.org\/lt\/wp-content\/uploads\/sites\/29\/2025\/12\/WhatsApp-Image-2020-06-14-at-13.45.00.jpeg\" alt=\"\" width=\"1600\" height=\"921\" srcset=\"https:\/\/www.ahmadiyya-islam.org\/lt\/wp-content\/uploads\/sites\/29\/2025\/12\/WhatsApp-Image-2020-06-14-at-13.45.00.jpeg 1600w, https:\/\/www.ahmadiyya-islam.org\/lt\/wp-content\/uploads\/sites\/29\/2025\/12\/WhatsApp-Image-2020-06-14-at-13.45.00-300x173.jpeg 300w, https:\/\/www.ahmadiyya-islam.org\/lt\/wp-content\/uploads\/sites\/29\/2025\/12\/WhatsApp-Image-2020-06-14-at-13.45.00-1024x589.jpeg 1024w, https:\/\/www.ahmadiyya-islam.org\/lt\/wp-content\/uploads\/sites\/29\/2025\/12\/WhatsApp-Image-2020-06-14-at-13.45.00-768x442.jpeg 768w, https:\/\/www.ahmadiyya-islam.org\/lt\/wp-content\/uploads\/sites\/29\/2025\/12\/WhatsApp-Image-2020-06-14-at-13.45.00-1536x884.jpeg 1536w\" sizes=\"auto, (max-width: 1600px) 100vw, 1600px\" \/><\/p>\n<p><img loading=\"lazy\" decoding=\"async\" class=\"alignnone size-full wp-image-621\" src=\"http:\/\/www.ahmadiyya-islam.org\/lt\/wp-content\/uploads\/sites\/29\/2025\/12\/WhatsApp-Image-2020-06-14-at-13.45.06-1.jpeg\" alt=\"\" width=\"1600\" height=\"961\" srcset=\"https:\/\/www.ahmadiyya-islam.org\/lt\/wp-content\/uploads\/sites\/29\/2025\/12\/WhatsApp-Image-2020-06-14-at-13.45.06-1.jpeg 1600w, https:\/\/www.ahmadiyya-islam.org\/lt\/wp-content\/uploads\/sites\/29\/2025\/12\/WhatsApp-Image-2020-06-14-at-13.45.06-1-300x180.jpeg 300w, https:\/\/www.ahmadiyya-islam.org\/lt\/wp-content\/uploads\/sites\/29\/2025\/12\/WhatsApp-Image-2020-06-14-at-13.45.06-1-1024x615.jpeg 1024w, https:\/\/www.ahmadiyya-islam.org\/lt\/wp-content\/uploads\/sites\/29\/2025\/12\/WhatsApp-Image-2020-06-14-at-13.45.06-1-768x461.jpeg 768w, https:\/\/www.ahmadiyya-islam.org\/lt\/wp-content\/uploads\/sites\/29\/2025\/12\/WhatsApp-Image-2020-06-14-at-13.45.06-1-1536x923.jpeg 1536w\" sizes=\"auto, (max-width: 1600px) 100vw, 1600px\" \/><\/p>\n","protected":false},"excerpt":{"rendered":"<p>Asociacija Ahmadija pirm\u0105 kart\u0105 dalyvavo Knyg\u0173 Mug\u0117je, kuri \u012fvyko vasario 20-23 dienomis Litexpo parod\u0173 ir kongres\u0173 centre LITEXPO. Asociacija Ahmadija pristat\u0117 knygas \u012fvairiomis kalbomis: lietuvi\u0173, angl\u0173, arab\u0173, r\u016bs\u0173 ir vokie\u010di\u0173. Daug \u017emoni\u0173 aplank\u0117 asociacijos stend\u0105, klausin\u0117jo \u012fvairi\u0173 dalyk\u0173 apie Ahmadijos bendruomen\u0119, Islamo tradicijas, veikl\u0105, literat\u016br\u0105, maldas, tik\u0117jim\u0105 ir kitus kasdienio gyvenimo aspektus. M\u016bs\u0173 manymu, \u017einojimas<\/p>\n","protected":false},"author":90,"featured_media":618,"parent":376,"menu_order":4,"comment_status":"closed","ping_status":"closed","template":"","meta":{"_acf_changed":false,"footnotes":""},"class_list":["post-389","page","type-page","status-publish","has-post-thumbnail","hentry"],"acf":[],"yoast_head":"<!-- This site is optimized with the Yoast SEO Premium plugin v21.1 (Yoast SEO v27.4) - https:\/\/yoast.com\/product\/yoast-seo-premium-wordpress\/ -->\n<title>Knyg\u0173 Mug\u0117 - Asociacija Ahmadija<\/title>\n<meta name=\"robots\" content=\"noindex, follow, max-snippet:-1, max-image-preview:large, max-video-preview:-1\" \/>\n<meta property=\"og:locale\" content=\"lt_LT\" \/>\n<meta property=\"og:type\" content=\"article\" \/>\n<meta property=\"og:title\" content=\"Knyg\u0173 Mug\u0117\" \/>\n<meta property=\"og:description\" content=\"Asociacija Ahmadija pirm\u0105 kart\u0105 dalyvavo Knyg\u0173 Mug\u0117je, kuri \u012fvyko vasario 20-23 dienomis Litexpo parod\u0173 ir kongres\u0173 centre LITEXPO. Asociacija Ahmadija pristat\u0117 knygas \u012fvairiomis kalbomis: lietuvi\u0173, angl\u0173, arab\u0173, r\u016bs\u0173 ir vokie\u010di\u0173. Daug \u017emoni\u0173 aplank\u0117 asociacijos stend\u0105, klausin\u0117jo \u012fvairi\u0173 dalyk\u0173 apie Ahmadijos bendruomen\u0119, Islamo tradicijas, veikl\u0105, literat\u016br\u0105, maldas, tik\u0117jim\u0105 ir kitus kasdienio gyvenimo aspektus. M\u016bs\u0173 manymu, \u017einojimas\" \/>\n<meta property=\"og:url\" content=\"https:\/\/www.ahmadiyya-islam.org\/lt\/apie-mus\/knygu-muge\/\" \/>\n<meta property=\"og:site_name\" content=\"Asociacija Ahmadija\" \/>\n<meta property=\"article:modified_time\" content=\"2025-12-12T11:07:19+00:00\" \/>\n<meta property=\"og:image\" content=\"http:\/\/www.ahmadiyya-islam.org\/lt\/wp-content\/uploads\/sites\/29\/2025\/12\/WhatsApp-Image-2020-06-14-at-13.44.58-1.jpeg\" \/>\n\t<meta property=\"og:image:width\" content=\"1600\" \/>\n\t<meta property=\"og:image:height\" content=\"1093\" \/>\n\t<meta property=\"og:image:type\" content=\"image\/jpeg\" \/>\n<meta name=\"twitter:card\" content=\"summary_large_image\" \/>\n<meta name=\"twitter:label1\" content=\"Est. reading time\" \/>\n\t<meta name=\"twitter:data1\" content=\"1 minut\u0117\" \/>\n<script type=\"application\/ld+json\" class=\"yoast-schema-graph\">{\"@context\":\"https:\\\/\\\/schema.org\",\"@graph\":[{\"@type\":\"WebPage\",\"@id\":\"https:\\\/\\\/www.ahmadiyya-islam.org\\\/lt\\\/apie-mus\\\/knygu-muge\\\/\",\"url\":\"https:\\\/\\\/www.ahmadiyya-islam.org\\\/lt\\\/apie-mus\\\/knygu-muge\\\/\",\"name\":\"Knyg\u0173 Mug\u0117 - Asociacija Ahmadija\",\"isPartOf\":{\"@id\":\"https:\\\/\\\/www.ahmadiyya-islam.org\\\/lt\\\/#website\"},\"primaryImageOfPage\":{\"@id\":\"https:\\\/\\\/www.ahmadiyya-islam.org\\\/lt\\\/apie-mus\\\/knygu-muge\\\/#primaryimage\"},\"image\":{\"@id\":\"https:\\\/\\\/www.ahmadiyya-islam.org\\\/lt\\\/apie-mus\\\/knygu-muge\\\/#primaryimage\"},\"thumbnailUrl\":\"https:\\\/\\\/www.ahmadiyya-islam.org\\\/lt\\\/wp-content\\\/uploads\\\/sites\\\/29\\\/2025\\\/12\\\/WhatsApp-Image-2020-06-14-at-13.44.58-1.jpeg\",\"datePublished\":\"2025-12-08T21:04:12+00:00\",\"dateModified\":\"2025-12-12T11:07:19+00:00\",\"breadcrumb\":{\"@id\":\"https:\\\/\\\/www.ahmadiyya-islam.org\\\/lt\\\/apie-mus\\\/knygu-muge\\\/#breadcrumb\"},\"inLanguage\":\"lt-LT\",\"potentialAction\":[{\"@type\":\"ReadAction\",\"target\":[\"https:\\\/\\\/www.ahmadiyya-islam.org\\\/lt\\\/apie-mus\\\/knygu-muge\\\/\"]}]},{\"@type\":\"ImageObject\",\"inLanguage\":\"lt-LT\",\"@id\":\"https:\\\/\\\/www.ahmadiyya-islam.org\\\/lt\\\/apie-mus\\\/knygu-muge\\\/#primaryimage\",\"url\":\"https:\\\/\\\/www.ahmadiyya-islam.org\\\/lt\\\/wp-content\\\/uploads\\\/sites\\\/29\\\/2025\\\/12\\\/WhatsApp-Image-2020-06-14-at-13.44.58-1.jpeg\",\"contentUrl\":\"https:\\\/\\\/www.ahmadiyya-islam.org\\\/lt\\\/wp-content\\\/uploads\\\/sites\\\/29\\\/2025\\\/12\\\/WhatsApp-Image-2020-06-14-at-13.44.58-1.jpeg\",\"width\":1600,\"height\":1093},{\"@type\":\"BreadcrumbList\",\"@id\":\"https:\\\/\\\/www.ahmadiyya-islam.org\\\/lt\\\/apie-mus\\\/knygu-muge\\\/#breadcrumb\",\"itemListElement\":[{\"@type\":\"ListItem\",\"position\":1,\"name\":\"Home\",\"item\":\"https:\\\/\\\/www.ahmadiyya-islam.org\\\/lt\\\/\"},{\"@type\":\"ListItem\",\"position\":2,\"name\":\"Apie mus &#8222;Ahmadija&#8221;\",\"item\":\"https:\\\/\\\/www.ahmadiyya-islam.org\\\/lt\\\/apie-mus\\\/\"},{\"@type\":\"ListItem\",\"position\":3,\"name\":\"Knyg\u0173 Mug\u0117\"}]},{\"@type\":\"WebSite\",\"@id\":\"https:\\\/\\\/www.ahmadiyya-islam.org\\\/lt\\\/#website\",\"url\":\"https:\\\/\\\/www.ahmadiyya-islam.org\\\/lt\\\/\",\"name\":\"Asociacija Ahmadija\",\"description\":\"Lietuva\",\"potentialAction\":[{\"@type\":\"SearchAction\",\"target\":{\"@type\":\"EntryPoint\",\"urlTemplate\":\"https:\\\/\\\/www.ahmadiyya-islam.org\\\/lt\\\/?s={search_term_string}\"},\"query-input\":{\"@type\":\"PropertyValueSpecification\",\"valueRequired\":true,\"valueName\":\"search_term_string\"}}],\"inLanguage\":\"lt-LT\"}]}<\/script>\n<!-- \/ Yoast SEO Premium plugin. -->","yoast_head_json":{"title":"Knyg\u0173 Mug\u0117 - Asociacija Ahmadija","robots":{"index":"noindex","follow":"follow","max-snippet":"max-snippet:-1","max-image-preview":"max-image-preview:large","max-video-preview":"max-video-preview:-1"},"og_locale":"lt_LT","og_type":"article","og_title":"Knyg\u0173 Mug\u0117","og_description":"Asociacija Ahmadija pirm\u0105 kart\u0105 dalyvavo Knyg\u0173 Mug\u0117je, kuri \u012fvyko vasario 20-23 dienomis Litexpo parod\u0173 ir kongres\u0173 centre LITEXPO. Asociacija Ahmadija pristat\u0117 knygas \u012fvairiomis kalbomis: lietuvi\u0173, angl\u0173, arab\u0173, r\u016bs\u0173 ir vokie\u010di\u0173. Daug \u017emoni\u0173 aplank\u0117 asociacijos stend\u0105, klausin\u0117jo \u012fvairi\u0173 dalyk\u0173 apie Ahmadijos bendruomen\u0119, Islamo tradicijas, veikl\u0105, literat\u016br\u0105, maldas, tik\u0117jim\u0105 ir kitus kasdienio gyvenimo aspektus. M\u016bs\u0173 manymu, \u017einojimas","og_url":"https:\/\/www.ahmadiyya-islam.org\/lt\/apie-mus\/knygu-muge\/","og_site_name":"Asociacija Ahmadija","article_modified_time":"2025-12-12T11:07:19+00:00","og_image":[{"width":1600,"height":1093,"url":"http:\/\/www.ahmadiyya-islam.org\/lt\/wp-content\/uploads\/sites\/29\/2025\/12\/WhatsApp-Image-2020-06-14-at-13.44.58-1.jpeg","type":"image\/jpeg"}],"twitter_card":"summary_large_image","twitter_misc":{"Est. reading time":"1 minut\u0117"},"schema":{"@context":"https:\/\/schema.org","@graph":[{"@type":"WebPage","@id":"https:\/\/www.ahmadiyya-islam.org\/lt\/apie-mus\/knygu-muge\/","url":"https:\/\/www.ahmadiyya-islam.org\/lt\/apie-mus\/knygu-muge\/","name":"Knyg\u0173 Mug\u0117 - Asociacija Ahmadija","isPartOf":{"@id":"https:\/\/www.ahmadiyya-islam.org\/lt\/#website"},"primaryImageOfPage":{"@id":"https:\/\/www.ahmadiyya-islam.org\/lt\/apie-mus\/knygu-muge\/#primaryimage"},"image":{"@id":"https:\/\/www.ahmadiyya-islam.org\/lt\/apie-mus\/knygu-muge\/#primaryimage"},"thumbnailUrl":"https:\/\/www.ahmadiyya-islam.org\/lt\/wp-content\/uploads\/sites\/29\/2025\/12\/WhatsApp-Image-2020-06-14-at-13.44.58-1.jpeg","datePublished":"2025-12-08T21:04:12+00:00","dateModified":"2025-12-12T11:07:19+00:00","breadcrumb":{"@id":"https:\/\/www.ahmadiyya-islam.org\/lt\/apie-mus\/knygu-muge\/#breadcrumb"},"inLanguage":"lt-LT","potentialAction":[{"@type":"ReadAction","target":["https:\/\/www.ahmadiyya-islam.org\/lt\/apie-mus\/knygu-muge\/"]}]},{"@type":"ImageObject","inLanguage":"lt-LT","@id":"https:\/\/www.ahmadiyya-islam.org\/lt\/apie-mus\/knygu-muge\/#primaryimage","url":"https:\/\/www.ahmadiyya-islam.org\/lt\/wp-content\/uploads\/sites\/29\/2025\/12\/WhatsApp-Image-2020-06-14-at-13.44.58-1.jpeg","contentUrl":"https:\/\/www.ahmadiyya-islam.org\/lt\/wp-content\/uploads\/sites\/29\/2025\/12\/WhatsApp-Image-2020-06-14-at-13.44.58-1.jpeg","width":1600,"height":1093},{"@type":"BreadcrumbList","@id":"https:\/\/www.ahmadiyya-islam.org\/lt\/apie-mus\/knygu-muge\/#breadcrumb","itemListElement":[{"@type":"ListItem","position":1,"name":"Home","item":"https:\/\/www.ahmadiyya-islam.org\/lt\/"},{"@type":"ListItem","position":2,"name":"Apie mus &#8222;Ahmadija&#8221;","item":"https:\/\/www.ahmadiyya-islam.org\/lt\/apie-mus\/"},{"@type":"ListItem","position":3,"name":"Knyg\u0173 Mug\u0117"}]},{"@type":"WebSite","@id":"https:\/\/www.ahmadiyya-islam.org\/lt\/#website","url":"https:\/\/www.ahmadiyya-islam.org\/lt\/","name":"Asociacija Ahmadija","description":"Lietuva","potentialAction":[{"@type":"SearchAction","target":{"@type":"EntryPoint","urlTemplate":"https:\/\/www.ahmadiyya-islam.org\/lt\/?s={search_term_string}"},"query-input":{"@type":"PropertyValueSpecification","valueRequired":true,"valueName":"search_term_string"}}],"inLanguage":"lt-LT"}]}},"_links":{"self":[{"href":"https:\/\/www.ahmadiyya-islam.org\/lt\/wp-json\/wp\/v2\/pages\/389","targetHints":{"allow":["GET"]}}],"collection":[{"href":"https:\/\/www.ahmadiyya-islam.org\/lt\/wp-json\/wp\/v2\/pages"}],"about":[{"href":"https:\/\/www.ahmadiyya-islam.org\/lt\/wp-json\/wp\/v2\/types\/page"}],"author":[{"embeddable":true,"href":"https:\/\/www.ahmadiyya-islam.org\/lt\/wp-json\/wp\/v2\/users\/90"}],"replies":[{"embeddable":true,"href":"https:\/\/www.ahmadiyya-islam.org\/lt\/wp-json\/wp\/v2\/comments?post=389"}],"version-history":[{"count":2,"href":"https:\/\/www.ahmadiyya-islam.org\/lt\/wp-json\/wp\/v2\/pages\/389\/revisions"}],"predecessor-version":[{"id":623,"href":"https:\/\/www.ahmadiyya-islam.org\/lt\/wp-json\/wp\/v2\/pages\/389\/revisions\/623"}],"up":[{"embeddable":true,"href":"https:\/\/www.ahmadiyya-islam.org\/lt\/wp-json\/wp\/v2\/pages\/376"}],"wp:featuredmedia":[{"embeddable":true,"href":"https:\/\/www.ahmadiyya-islam.org\/lt\/wp-json\/wp\/v2\/media\/618"}],"wp:attachment":[{"href":"https:\/\/www.ahmadiyya-islam.org\/lt\/wp-json\/wp\/v2\/media?parent=389"}],"curies":[{"name":"wp","href":"https:\/\/api.w.org\/{rel}","templated":true}]}}