{"id":386,"date":"2025-12-08T23:00:16","date_gmt":"2025-12-08T21:00:16","guid":{"rendered":"https:\/\/www.ahmadiyya-islam.org\/lt\/?page_id=386"},"modified":"2025-12-12T13:01:58","modified_gmt":"2025-12-12T11:01:58","slug":"jalsa-salana-metinis-suvaziavimas","status":"publish","type":"page","link":"https:\/\/www.ahmadiyya-islam.org\/lt\/apie-mus\/jalsa-salana-metinis-suvaziavimas\/","title":{"rendered":"Jalsa Salana (Metinis Suva\u017eiavimas)"},"content":{"rendered":"<p>Jalsa Salana (kasmetinis suva\u017eiavimas) yra vienas i\u0161 pagrindini\u0173 rengin\u0173 Ahmadiyya Musulmon\u0173 bendruomen\u0117s pasauliniu mastu, kuris yra rengiamas skirtingu laiku, skirtingose \u0161alyse. Pirmoji Ahmadiyya Musulmon\u0173 bendruomen\u0117s Jalsa Salana \u012fvyko 1891m. Qadian (mieste Indijoje). 2019m \u012fvyko Pirmasis Baltijos \u0161ali\u0173 suva\u017eiavimas Jalsa Salana, kurio tikslas buvo supa\u017eindinti su Ahmadiyya Musulmon\u0173 bendruomene, Islamo po\u017ei\u016briu \u012f Diev\u0105, prana\u0161us, d\u017eihad\u0105, taikos siekim\u0105, lygiateisi\u0161kum\u0105, santykius \u0161eimoje ir moters viet\u0105 visuomen\u0117je. Daugelyje \u0161ali\u0173 Jalsa Salana vyksta kas metai, o Lietuvoje tai vyko pirm\u0105 kart\u0105. \u0160itame suva\u017eiavime dalyvavo Ahmadiyya Musulmon\u0173 bendruomeni\u0173 nariai ir sve\u010diai i\u0161 Lietuvos, Latvijos, Estijos, Gruzijos, Lenkijos, Anglijos, Austrijos ir Vokietijos.<\/p>\n<p><img loading=\"lazy\" decoding=\"async\" class=\"alignnone size-full wp-image-609\" src=\"http:\/\/www.ahmadiyya-islam.org\/lt\/wp-content\/uploads\/sites\/29\/2025\/12\/DSC04945-scaled-1.jpg\" alt=\"\" width=\"2048\" height=\"1152\" srcset=\"https:\/\/www.ahmadiyya-islam.org\/lt\/wp-content\/uploads\/sites\/29\/2025\/12\/DSC04945-scaled-1.jpg 2048w, https:\/\/www.ahmadiyya-islam.org\/lt\/wp-content\/uploads\/sites\/29\/2025\/12\/DSC04945-scaled-1-300x169.jpg 300w, https:\/\/www.ahmadiyya-islam.org\/lt\/wp-content\/uploads\/sites\/29\/2025\/12\/DSC04945-scaled-1-1024x576.jpg 1024w, https:\/\/www.ahmadiyya-islam.org\/lt\/wp-content\/uploads\/sites\/29\/2025\/12\/DSC04945-scaled-1-768x432.jpg 768w, https:\/\/www.ahmadiyya-islam.org\/lt\/wp-content\/uploads\/sites\/29\/2025\/12\/DSC04945-scaled-1-1536x864.jpg 1536w, https:\/\/www.ahmadiyya-islam.org\/lt\/wp-content\/uploads\/sites\/29\/2025\/12\/DSC04945-scaled-1-400x225.jpg 400w\" sizes=\"auto, (max-width: 2048px) 100vw, 2048px\" \/><\/p>\n","protected":false},"excerpt":{"rendered":"<p>Jalsa Salana (kasmetinis suva\u017eiavimas) yra vienas i\u0161 pagrindini\u0173 rengin\u0173 Ahmadiyya Musulmon\u0173 bendruomen\u0117s pasauliniu mastu, kuris yra rengiamas skirtingu laiku, skirtingose \u0161alyse. Pirmoji Ahmadiyya Musulmon\u0173 bendruomen\u0117s Jalsa Salana \u012fvyko 1891m. Qadian (mieste Indijoje). 2019m \u012fvyko Pirmasis Baltijos \u0161ali\u0173 suva\u017eiavimas Jalsa Salana, kurio tikslas buvo supa\u017eindinti su Ahmadiyya Musulmon\u0173 bendruomene, Islamo po\u017ei\u016briu \u012f Diev\u0105, prana\u0161us, d\u017eihad\u0105, taikos<\/p>\n","protected":false},"author":90,"featured_media":581,"parent":376,"menu_order":3,"comment_status":"closed","ping_status":"closed","template":"","meta":{"_acf_changed":false,"footnotes":""},"class_list":["post-386","page","type-page","status-publish","has-post-thumbnail","hentry"],"acf":[],"yoast_head":"<!-- This site is optimized with the Yoast SEO Premium plugin v21.1 (Yoast SEO v27.4) - https:\/\/yoast.com\/product\/yoast-seo-premium-wordpress\/ -->\n<title>Jalsa Salana (Metinis Suva\u017eiavimas) - Asociacija Ahmadija<\/title>\n<meta name=\"robots\" content=\"noindex, follow, max-snippet:-1, max-image-preview:large, max-video-preview:-1\" \/>\n<meta property=\"og:locale\" content=\"lt_LT\" \/>\n<meta property=\"og:type\" content=\"article\" \/>\n<meta property=\"og:title\" content=\"Jalsa Salana (Metinis Suva\u017eiavimas)\" \/>\n<meta property=\"og:description\" content=\"Jalsa Salana (kasmetinis suva\u017eiavimas) yra vienas i\u0161 pagrindini\u0173 rengin\u0173 Ahmadiyya Musulmon\u0173 bendruomen\u0117s pasauliniu mastu, kuris yra rengiamas skirtingu laiku, skirtingose \u0161alyse. Pirmoji Ahmadiyya Musulmon\u0173 bendruomen\u0117s Jalsa Salana \u012fvyko 1891m. Qadian (mieste Indijoje). 2019m \u012fvyko Pirmasis Baltijos \u0161ali\u0173 suva\u017eiavimas Jalsa Salana, kurio tikslas buvo supa\u017eindinti su Ahmadiyya Musulmon\u0173 bendruomene, Islamo po\u017ei\u016briu \u012f Diev\u0105, prana\u0161us, d\u017eihad\u0105, taikos\" \/>\n<meta property=\"og:url\" content=\"https:\/\/www.ahmadiyya-islam.org\/lt\/apie-mus\/jalsa-salana-metinis-suvaziavimas\/\" \/>\n<meta property=\"og:site_name\" content=\"Asociacija Ahmadija\" \/>\n<meta property=\"article:modified_time\" content=\"2025-12-12T11:01:58+00:00\" \/>\n<meta property=\"og:image\" content=\"http:\/\/www.ahmadiyya-islam.org\/lt\/wp-content\/uploads\/sites\/29\/2025\/12\/7.jpg\" \/>\n\t<meta property=\"og:image:width\" content=\"2048\" \/>\n\t<meta property=\"og:image:height\" content=\"789\" \/>\n\t<meta property=\"og:image:type\" content=\"image\/jpeg\" \/>\n<meta name=\"twitter:card\" content=\"summary_large_image\" \/>\n<meta name=\"twitter:label1\" content=\"Est. reading time\" \/>\n\t<meta name=\"twitter:data1\" content=\"1 minut\u0117\" \/>\n<script type=\"application\/ld+json\" class=\"yoast-schema-graph\">{\"@context\":\"https:\\\/\\\/schema.org\",\"@graph\":[{\"@type\":\"WebPage\",\"@id\":\"https:\\\/\\\/www.ahmadiyya-islam.org\\\/lt\\\/apie-mus\\\/jalsa-salana-metinis-suvaziavimas\\\/\",\"url\":\"https:\\\/\\\/www.ahmadiyya-islam.org\\\/lt\\\/apie-mus\\\/jalsa-salana-metinis-suvaziavimas\\\/\",\"name\":\"Jalsa Salana (Metinis Suva\u017eiavimas) - Asociacija Ahmadija\",\"isPartOf\":{\"@id\":\"https:\\\/\\\/www.ahmadiyya-islam.org\\\/lt\\\/#website\"},\"primaryImageOfPage\":{\"@id\":\"https:\\\/\\\/www.ahmadiyya-islam.org\\\/lt\\\/apie-mus\\\/jalsa-salana-metinis-suvaziavimas\\\/#primaryimage\"},\"image\":{\"@id\":\"https:\\\/\\\/www.ahmadiyya-islam.org\\\/lt\\\/apie-mus\\\/jalsa-salana-metinis-suvaziavimas\\\/#primaryimage\"},\"thumbnailUrl\":\"https:\\\/\\\/www.ahmadiyya-islam.org\\\/lt\\\/wp-content\\\/uploads\\\/sites\\\/29\\\/2025\\\/12\\\/7.jpg\",\"datePublished\":\"2025-12-08T21:00:16+00:00\",\"dateModified\":\"2025-12-12T11:01:58+00:00\",\"breadcrumb\":{\"@id\":\"https:\\\/\\\/www.ahmadiyya-islam.org\\\/lt\\\/apie-mus\\\/jalsa-salana-metinis-suvaziavimas\\\/#breadcrumb\"},\"inLanguage\":\"lt-LT\",\"potentialAction\":[{\"@type\":\"ReadAction\",\"target\":[\"https:\\\/\\\/www.ahmadiyya-islam.org\\\/lt\\\/apie-mus\\\/jalsa-salana-metinis-suvaziavimas\\\/\"]}]},{\"@type\":\"ImageObject\",\"inLanguage\":\"lt-LT\",\"@id\":\"https:\\\/\\\/www.ahmadiyya-islam.org\\\/lt\\\/apie-mus\\\/jalsa-salana-metinis-suvaziavimas\\\/#primaryimage\",\"url\":\"https:\\\/\\\/www.ahmadiyya-islam.org\\\/lt\\\/wp-content\\\/uploads\\\/sites\\\/29\\\/2025\\\/12\\\/7.jpg\",\"contentUrl\":\"https:\\\/\\\/www.ahmadiyya-islam.org\\\/lt\\\/wp-content\\\/uploads\\\/sites\\\/29\\\/2025\\\/12\\\/7.jpg\",\"width\":2048,\"height\":789},{\"@type\":\"BreadcrumbList\",\"@id\":\"https:\\\/\\\/www.ahmadiyya-islam.org\\\/lt\\\/apie-mus\\\/jalsa-salana-metinis-suvaziavimas\\\/#breadcrumb\",\"itemListElement\":[{\"@type\":\"ListItem\",\"position\":1,\"name\":\"Home\",\"item\":\"https:\\\/\\\/www.ahmadiyya-islam.org\\\/lt\\\/\"},{\"@type\":\"ListItem\",\"position\":2,\"name\":\"Apie mus &#8222;Ahmadija&#8221;\",\"item\":\"https:\\\/\\\/www.ahmadiyya-islam.org\\\/lt\\\/apie-mus\\\/\"},{\"@type\":\"ListItem\",\"position\":3,\"name\":\"Jalsa Salana (Metinis Suva\u017eiavimas)\"}]},{\"@type\":\"WebSite\",\"@id\":\"https:\\\/\\\/www.ahmadiyya-islam.org\\\/lt\\\/#website\",\"url\":\"https:\\\/\\\/www.ahmadiyya-islam.org\\\/lt\\\/\",\"name\":\"Asociacija Ahmadija\",\"description\":\"Lietuva\",\"potentialAction\":[{\"@type\":\"SearchAction\",\"target\":{\"@type\":\"EntryPoint\",\"urlTemplate\":\"https:\\\/\\\/www.ahmadiyya-islam.org\\\/lt\\\/?s={search_term_string}\"},\"query-input\":{\"@type\":\"PropertyValueSpecification\",\"valueRequired\":true,\"valueName\":\"search_term_string\"}}],\"inLanguage\":\"lt-LT\"}]}<\/script>\n<!-- \/ Yoast SEO Premium plugin. -->","yoast_head_json":{"title":"Jalsa Salana (Metinis Suva\u017eiavimas) - Asociacija Ahmadija","robots":{"index":"noindex","follow":"follow","max-snippet":"max-snippet:-1","max-image-preview":"max-image-preview:large","max-video-preview":"max-video-preview:-1"},"og_locale":"lt_LT","og_type":"article","og_title":"Jalsa Salana (Metinis Suva\u017eiavimas)","og_description":"Jalsa Salana (kasmetinis suva\u017eiavimas) yra vienas i\u0161 pagrindini\u0173 rengin\u0173 Ahmadiyya Musulmon\u0173 bendruomen\u0117s pasauliniu mastu, kuris yra rengiamas skirtingu laiku, skirtingose \u0161alyse. Pirmoji Ahmadiyya Musulmon\u0173 bendruomen\u0117s Jalsa Salana \u012fvyko 1891m. Qadian (mieste Indijoje). 2019m \u012fvyko Pirmasis Baltijos \u0161ali\u0173 suva\u017eiavimas Jalsa Salana, kurio tikslas buvo supa\u017eindinti su Ahmadiyya Musulmon\u0173 bendruomene, Islamo po\u017ei\u016briu \u012f Diev\u0105, prana\u0161us, d\u017eihad\u0105, taikos","og_url":"https:\/\/www.ahmadiyya-islam.org\/lt\/apie-mus\/jalsa-salana-metinis-suvaziavimas\/","og_site_name":"Asociacija Ahmadija","article_modified_time":"2025-12-12T11:01:58+00:00","og_image":[{"width":2048,"height":789,"url":"http:\/\/www.ahmadiyya-islam.org\/lt\/wp-content\/uploads\/sites\/29\/2025\/12\/7.jpg","type":"image\/jpeg"}],"twitter_card":"summary_large_image","twitter_misc":{"Est. reading time":"1 minut\u0117"},"schema":{"@context":"https:\/\/schema.org","@graph":[{"@type":"WebPage","@id":"https:\/\/www.ahmadiyya-islam.org\/lt\/apie-mus\/jalsa-salana-metinis-suvaziavimas\/","url":"https:\/\/www.ahmadiyya-islam.org\/lt\/apie-mus\/jalsa-salana-metinis-suvaziavimas\/","name":"Jalsa Salana (Metinis Suva\u017eiavimas) - Asociacija Ahmadija","isPartOf":{"@id":"https:\/\/www.ahmadiyya-islam.org\/lt\/#website"},"primaryImageOfPage":{"@id":"https:\/\/www.ahmadiyya-islam.org\/lt\/apie-mus\/jalsa-salana-metinis-suvaziavimas\/#primaryimage"},"image":{"@id":"https:\/\/www.ahmadiyya-islam.org\/lt\/apie-mus\/jalsa-salana-metinis-suvaziavimas\/#primaryimage"},"thumbnailUrl":"https:\/\/www.ahmadiyya-islam.org\/lt\/wp-content\/uploads\/sites\/29\/2025\/12\/7.jpg","datePublished":"2025-12-08T21:00:16+00:00","dateModified":"2025-12-12T11:01:58+00:00","breadcrumb":{"@id":"https:\/\/www.ahmadiyya-islam.org\/lt\/apie-mus\/jalsa-salana-metinis-suvaziavimas\/#breadcrumb"},"inLanguage":"lt-LT","potentialAction":[{"@type":"ReadAction","target":["https:\/\/www.ahmadiyya-islam.org\/lt\/apie-mus\/jalsa-salana-metinis-suvaziavimas\/"]}]},{"@type":"ImageObject","inLanguage":"lt-LT","@id":"https:\/\/www.ahmadiyya-islam.org\/lt\/apie-mus\/jalsa-salana-metinis-suvaziavimas\/#primaryimage","url":"https:\/\/www.ahmadiyya-islam.org\/lt\/wp-content\/uploads\/sites\/29\/2025\/12\/7.jpg","contentUrl":"https:\/\/www.ahmadiyya-islam.org\/lt\/wp-content\/uploads\/sites\/29\/2025\/12\/7.jpg","width":2048,"height":789},{"@type":"BreadcrumbList","@id":"https:\/\/www.ahmadiyya-islam.org\/lt\/apie-mus\/jalsa-salana-metinis-suvaziavimas\/#breadcrumb","itemListElement":[{"@type":"ListItem","position":1,"name":"Home","item":"https:\/\/www.ahmadiyya-islam.org\/lt\/"},{"@type":"ListItem","position":2,"name":"Apie mus &#8222;Ahmadija&#8221;","item":"https:\/\/www.ahmadiyya-islam.org\/lt\/apie-mus\/"},{"@type":"ListItem","position":3,"name":"Jalsa Salana (Metinis Suva\u017eiavimas)"}]},{"@type":"WebSite","@id":"https:\/\/www.ahmadiyya-islam.org\/lt\/#website","url":"https:\/\/www.ahmadiyya-islam.org\/lt\/","name":"Asociacija Ahmadija","description":"Lietuva","potentialAction":[{"@type":"SearchAction","target":{"@type":"EntryPoint","urlTemplate":"https:\/\/www.ahmadiyya-islam.org\/lt\/?s={search_term_string}"},"query-input":{"@type":"PropertyValueSpecification","valueRequired":true,"valueName":"search_term_string"}}],"inLanguage":"lt-LT"}]}},"_links":{"self":[{"href":"https:\/\/www.ahmadiyya-islam.org\/lt\/wp-json\/wp\/v2\/pages\/386","targetHints":{"allow":["GET"]}}],"collection":[{"href":"https:\/\/www.ahmadiyya-islam.org\/lt\/wp-json\/wp\/v2\/pages"}],"about":[{"href":"https:\/\/www.ahmadiyya-islam.org\/lt\/wp-json\/wp\/v2\/types\/page"}],"author":[{"embeddable":true,"href":"https:\/\/www.ahmadiyya-islam.org\/lt\/wp-json\/wp\/v2\/users\/90"}],"replies":[{"embeddable":true,"href":"https:\/\/www.ahmadiyya-islam.org\/lt\/wp-json\/wp\/v2\/comments?post=386"}],"version-history":[{"count":2,"href":"https:\/\/www.ahmadiyya-islam.org\/lt\/wp-json\/wp\/v2\/pages\/386\/revisions"}],"predecessor-version":[{"id":611,"href":"https:\/\/www.ahmadiyya-islam.org\/lt\/wp-json\/wp\/v2\/pages\/386\/revisions\/611"}],"up":[{"embeddable":true,"href":"https:\/\/www.ahmadiyya-islam.org\/lt\/wp-json\/wp\/v2\/pages\/376"}],"wp:featuredmedia":[{"embeddable":true,"href":"https:\/\/www.ahmadiyya-islam.org\/lt\/wp-json\/wp\/v2\/media\/581"}],"wp:attachment":[{"href":"https:\/\/www.ahmadiyya-islam.org\/lt\/wp-json\/wp\/v2\/media?parent=386"}],"curies":[{"name":"wp","href":"https:\/\/api.w.org\/{rel}","templated":true}]}}