{"id":381,"date":"2025-12-08T22:59:09","date_gmt":"2025-12-08T20:59:09","guid":{"rendered":"https:\/\/www.ahmadiyya-islam.org\/lt\/?page_id=381"},"modified":"2025-12-12T13:00:14","modified_gmt":"2025-12-12T11:00:14","slug":"kraujo-donoryste","status":"publish","type":"page","link":"https:\/\/www.ahmadiyya-islam.org\/lt\/apie-mus\/kraujo-donoryste\/","title":{"rendered":"Kraujo donoryst\u0117"},"content":{"rendered":"<p>\u201cKas i\u0161gelb\u0117ja gyvyb\u0119, yra lyg jie b\u016bt\u0173 i\u0161gelb\u0117j\u0119 vis\u0105 \u017emonij\u0105\u201d (\u0160ventas Koranas). Pagal \u0160ventojo Korano mokymus asociacija Ahmadija tiki \u012f \u017emoni\u0173 tarnavim\u0105 ir gyvybi\u0173 i\u0161gelb\u0117jim\u0105 visomis \u012fmanomomis priemon\u0117mis. Nuo 2017 m. kasmet asociacija Ahmadija organizuoja kraujo donoryst\u0117s akcij\u0105, kurijoje dalyvauja savanoriai i\u0161 Lietuvos, Pakistano, Anglijos, Vokietijos, Latvijos ir Estijos kartu su vietinais gyventojais ir dovanoja krauj\u0105 bei i\u0161gelb\u0117ja gyvybes. \u0160ia akcija organizuojama koordinuojant su Nacionaliniu Kraujo Centru Vilniuje. Visus geros valios \u017emones kvie\u010diame kiekvienais metais prisijungti prie \u0161ios akcijos.<\/p>\n<p><img loading=\"lazy\" decoding=\"async\" class=\"alignnone size-full wp-image-522\" src=\"http:\/\/www.ahmadiyya-islam.org\/lt\/wp-content\/uploads\/sites\/29\/2025\/12\/Kraujo-donorystes-akcija-2022-1-e1765399523534.jpg\" alt=\"\" width=\"1824\" height=\"1234\" srcset=\"https:\/\/www.ahmadiyya-islam.org\/lt\/wp-content\/uploads\/sites\/29\/2025\/12\/Kraujo-donorystes-akcija-2022-1-e1765399523534.jpg 1824w, https:\/\/www.ahmadiyya-islam.org\/lt\/wp-content\/uploads\/sites\/29\/2025\/12\/Kraujo-donorystes-akcija-2022-1-e1765399523534-300x203.jpg 300w, https:\/\/www.ahmadiyya-islam.org\/lt\/wp-content\/uploads\/sites\/29\/2025\/12\/Kraujo-donorystes-akcija-2022-1-e1765399523534-1024x693.jpg 1024w, https:\/\/www.ahmadiyya-islam.org\/lt\/wp-content\/uploads\/sites\/29\/2025\/12\/Kraujo-donorystes-akcija-2022-1-e1765399523534-768x520.jpg 768w, https:\/\/www.ahmadiyya-islam.org\/lt\/wp-content\/uploads\/sites\/29\/2025\/12\/Kraujo-donorystes-akcija-2022-1-e1765399523534-1536x1039.jpg 1536w\" sizes=\"auto, (max-width: 1824px) 100vw, 1824px\" \/><\/p>\n","protected":false},"excerpt":{"rendered":"<p>\u201cKas i\u0161gelb\u0117ja gyvyb\u0119, yra lyg jie b\u016bt\u0173 i\u0161gelb\u0117j\u0119 vis\u0105 \u017emonij\u0105\u201d (\u0160ventas Koranas). Pagal \u0160ventojo Korano mokymus asociacija Ahmadija tiki \u012f \u017emoni\u0173 tarnavim\u0105 ir gyvybi\u0173 i\u0161gelb\u0117jim\u0105 visomis \u012fmanomomis priemon\u0117mis. Nuo 2017 m. kasmet asociacija Ahmadija organizuoja kraujo donoryst\u0117s akcij\u0105, kurijoje dalyvauja savanoriai i\u0161 Lietuvos, Pakistano, Anglijos, Vokietijos, Latvijos ir Estijos kartu su vietinais gyventojais ir dovanoja<\/p>\n","protected":false},"author":90,"featured_media":523,"parent":376,"menu_order":2,"comment_status":"closed","ping_status":"closed","template":"","meta":{"_acf_changed":false,"footnotes":""},"class_list":["post-381","page","type-page","status-publish","has-post-thumbnail","hentry"],"acf":[],"yoast_head":"<!-- This site is optimized with the Yoast SEO Premium plugin v21.1 (Yoast SEO v27.4) - https:\/\/yoast.com\/product\/yoast-seo-premium-wordpress\/ -->\n<title>Kraujo donoryst\u0117 - Asociacija Ahmadija<\/title>\n<meta name=\"robots\" content=\"noindex, follow, max-snippet:-1, max-image-preview:large, max-video-preview:-1\" \/>\n<meta property=\"og:locale\" content=\"lt_LT\" \/>\n<meta property=\"og:type\" content=\"article\" \/>\n<meta property=\"og:title\" content=\"Kraujo donoryst\u0117\" \/>\n<meta property=\"og:description\" content=\"\u201cKas i\u0161gelb\u0117ja gyvyb\u0119, yra lyg jie b\u016bt\u0173 i\u0161gelb\u0117j\u0119 vis\u0105 \u017emonij\u0105\u201d (\u0160ventas Koranas). Pagal \u0160ventojo Korano mokymus asociacija Ahmadija tiki \u012f \u017emoni\u0173 tarnavim\u0105 ir gyvybi\u0173 i\u0161gelb\u0117jim\u0105 visomis \u012fmanomomis priemon\u0117mis. Nuo 2017 m. kasmet asociacija Ahmadija organizuoja kraujo donoryst\u0117s akcij\u0105, kurijoje dalyvauja savanoriai i\u0161 Lietuvos, Pakistano, Anglijos, Vokietijos, Latvijos ir Estijos kartu su vietinais gyventojais ir dovanoja\" \/>\n<meta property=\"og:url\" content=\"https:\/\/www.ahmadiyya-islam.org\/lt\/apie-mus\/kraujo-donoryste\/\" \/>\n<meta property=\"og:site_name\" content=\"Asociacija Ahmadija\" \/>\n<meta property=\"article:modified_time\" content=\"2025-12-12T11:00:14+00:00\" \/>\n<meta property=\"og:image\" content=\"http:\/\/www.ahmadiyya-islam.org\/lt\/wp-content\/uploads\/sites\/29\/2025\/12\/Kraujo-donorystes-akcija-2022-2.jpg\" \/>\n\t<meta property=\"og:image:width\" content=\"1824\" \/>\n\t<meta property=\"og:image:height\" content=\"1368\" \/>\n\t<meta property=\"og:image:type\" content=\"image\/jpeg\" \/>\n<meta name=\"twitter:card\" content=\"summary_large_image\" \/>\n<meta name=\"twitter:label1\" content=\"Est. reading time\" \/>\n\t<meta name=\"twitter:data1\" content=\"1 minut\u0117\" \/>\n<script type=\"application\/ld+json\" class=\"yoast-schema-graph\">{\"@context\":\"https:\\\/\\\/schema.org\",\"@graph\":[{\"@type\":\"WebPage\",\"@id\":\"https:\\\/\\\/www.ahmadiyya-islam.org\\\/lt\\\/apie-mus\\\/kraujo-donoryste\\\/\",\"url\":\"https:\\\/\\\/www.ahmadiyya-islam.org\\\/lt\\\/apie-mus\\\/kraujo-donoryste\\\/\",\"name\":\"Kraujo donoryst\u0117 - Asociacija Ahmadija\",\"isPartOf\":{\"@id\":\"https:\\\/\\\/www.ahmadiyya-islam.org\\\/lt\\\/#website\"},\"primaryImageOfPage\":{\"@id\":\"https:\\\/\\\/www.ahmadiyya-islam.org\\\/lt\\\/apie-mus\\\/kraujo-donoryste\\\/#primaryimage\"},\"image\":{\"@id\":\"https:\\\/\\\/www.ahmadiyya-islam.org\\\/lt\\\/apie-mus\\\/kraujo-donoryste\\\/#primaryimage\"},\"thumbnailUrl\":\"https:\\\/\\\/www.ahmadiyya-islam.org\\\/lt\\\/wp-content\\\/uploads\\\/sites\\\/29\\\/2025\\\/12\\\/Kraujo-donorystes-akcija-2022-2.jpg\",\"datePublished\":\"2025-12-08T20:59:09+00:00\",\"dateModified\":\"2025-12-12T11:00:14+00:00\",\"breadcrumb\":{\"@id\":\"https:\\\/\\\/www.ahmadiyya-islam.org\\\/lt\\\/apie-mus\\\/kraujo-donoryste\\\/#breadcrumb\"},\"inLanguage\":\"lt-LT\",\"potentialAction\":[{\"@type\":\"ReadAction\",\"target\":[\"https:\\\/\\\/www.ahmadiyya-islam.org\\\/lt\\\/apie-mus\\\/kraujo-donoryste\\\/\"]}]},{\"@type\":\"ImageObject\",\"inLanguage\":\"lt-LT\",\"@id\":\"https:\\\/\\\/www.ahmadiyya-islam.org\\\/lt\\\/apie-mus\\\/kraujo-donoryste\\\/#primaryimage\",\"url\":\"https:\\\/\\\/www.ahmadiyya-islam.org\\\/lt\\\/wp-content\\\/uploads\\\/sites\\\/29\\\/2025\\\/12\\\/Kraujo-donorystes-akcija-2022-2.jpg\",\"contentUrl\":\"https:\\\/\\\/www.ahmadiyya-islam.org\\\/lt\\\/wp-content\\\/uploads\\\/sites\\\/29\\\/2025\\\/12\\\/Kraujo-donorystes-akcija-2022-2.jpg\",\"width\":1824,\"height\":1368},{\"@type\":\"BreadcrumbList\",\"@id\":\"https:\\\/\\\/www.ahmadiyya-islam.org\\\/lt\\\/apie-mus\\\/kraujo-donoryste\\\/#breadcrumb\",\"itemListElement\":[{\"@type\":\"ListItem\",\"position\":1,\"name\":\"Home\",\"item\":\"https:\\\/\\\/www.ahmadiyya-islam.org\\\/lt\\\/\"},{\"@type\":\"ListItem\",\"position\":2,\"name\":\"Apie mus &#8222;Ahmadija&#8221;\",\"item\":\"https:\\\/\\\/www.ahmadiyya-islam.org\\\/lt\\\/apie-mus\\\/\"},{\"@type\":\"ListItem\",\"position\":3,\"name\":\"Kraujo donoryst\u0117\"}]},{\"@type\":\"WebSite\",\"@id\":\"https:\\\/\\\/www.ahmadiyya-islam.org\\\/lt\\\/#website\",\"url\":\"https:\\\/\\\/www.ahmadiyya-islam.org\\\/lt\\\/\",\"name\":\"Asociacija Ahmadija\",\"description\":\"Lietuva\",\"potentialAction\":[{\"@type\":\"SearchAction\",\"target\":{\"@type\":\"EntryPoint\",\"urlTemplate\":\"https:\\\/\\\/www.ahmadiyya-islam.org\\\/lt\\\/?s={search_term_string}\"},\"query-input\":{\"@type\":\"PropertyValueSpecification\",\"valueRequired\":true,\"valueName\":\"search_term_string\"}}],\"inLanguage\":\"lt-LT\"}]}<\/script>\n<!-- \/ Yoast SEO Premium plugin. -->","yoast_head_json":{"title":"Kraujo donoryst\u0117 - Asociacija Ahmadija","robots":{"index":"noindex","follow":"follow","max-snippet":"max-snippet:-1","max-image-preview":"max-image-preview:large","max-video-preview":"max-video-preview:-1"},"og_locale":"lt_LT","og_type":"article","og_title":"Kraujo donoryst\u0117","og_description":"\u201cKas i\u0161gelb\u0117ja gyvyb\u0119, yra lyg jie b\u016bt\u0173 i\u0161gelb\u0117j\u0119 vis\u0105 \u017emonij\u0105\u201d (\u0160ventas Koranas). Pagal \u0160ventojo Korano mokymus asociacija Ahmadija tiki \u012f \u017emoni\u0173 tarnavim\u0105 ir gyvybi\u0173 i\u0161gelb\u0117jim\u0105 visomis \u012fmanomomis priemon\u0117mis. Nuo 2017 m. kasmet asociacija Ahmadija organizuoja kraujo donoryst\u0117s akcij\u0105, kurijoje dalyvauja savanoriai i\u0161 Lietuvos, Pakistano, Anglijos, Vokietijos, Latvijos ir Estijos kartu su vietinais gyventojais ir dovanoja","og_url":"https:\/\/www.ahmadiyya-islam.org\/lt\/apie-mus\/kraujo-donoryste\/","og_site_name":"Asociacija Ahmadija","article_modified_time":"2025-12-12T11:00:14+00:00","og_image":[{"width":1824,"height":1368,"url":"http:\/\/www.ahmadiyya-islam.org\/lt\/wp-content\/uploads\/sites\/29\/2025\/12\/Kraujo-donorystes-akcija-2022-2.jpg","type":"image\/jpeg"}],"twitter_card":"summary_large_image","twitter_misc":{"Est. reading time":"1 minut\u0117"},"schema":{"@context":"https:\/\/schema.org","@graph":[{"@type":"WebPage","@id":"https:\/\/www.ahmadiyya-islam.org\/lt\/apie-mus\/kraujo-donoryste\/","url":"https:\/\/www.ahmadiyya-islam.org\/lt\/apie-mus\/kraujo-donoryste\/","name":"Kraujo donoryst\u0117 - Asociacija Ahmadija","isPartOf":{"@id":"https:\/\/www.ahmadiyya-islam.org\/lt\/#website"},"primaryImageOfPage":{"@id":"https:\/\/www.ahmadiyya-islam.org\/lt\/apie-mus\/kraujo-donoryste\/#primaryimage"},"image":{"@id":"https:\/\/www.ahmadiyya-islam.org\/lt\/apie-mus\/kraujo-donoryste\/#primaryimage"},"thumbnailUrl":"https:\/\/www.ahmadiyya-islam.org\/lt\/wp-content\/uploads\/sites\/29\/2025\/12\/Kraujo-donorystes-akcija-2022-2.jpg","datePublished":"2025-12-08T20:59:09+00:00","dateModified":"2025-12-12T11:00:14+00:00","breadcrumb":{"@id":"https:\/\/www.ahmadiyya-islam.org\/lt\/apie-mus\/kraujo-donoryste\/#breadcrumb"},"inLanguage":"lt-LT","potentialAction":[{"@type":"ReadAction","target":["https:\/\/www.ahmadiyya-islam.org\/lt\/apie-mus\/kraujo-donoryste\/"]}]},{"@type":"ImageObject","inLanguage":"lt-LT","@id":"https:\/\/www.ahmadiyya-islam.org\/lt\/apie-mus\/kraujo-donoryste\/#primaryimage","url":"https:\/\/www.ahmadiyya-islam.org\/lt\/wp-content\/uploads\/sites\/29\/2025\/12\/Kraujo-donorystes-akcija-2022-2.jpg","contentUrl":"https:\/\/www.ahmadiyya-islam.org\/lt\/wp-content\/uploads\/sites\/29\/2025\/12\/Kraujo-donorystes-akcija-2022-2.jpg","width":1824,"height":1368},{"@type":"BreadcrumbList","@id":"https:\/\/www.ahmadiyya-islam.org\/lt\/apie-mus\/kraujo-donoryste\/#breadcrumb","itemListElement":[{"@type":"ListItem","position":1,"name":"Home","item":"https:\/\/www.ahmadiyya-islam.org\/lt\/"},{"@type":"ListItem","position":2,"name":"Apie mus &#8222;Ahmadija&#8221;","item":"https:\/\/www.ahmadiyya-islam.org\/lt\/apie-mus\/"},{"@type":"ListItem","position":3,"name":"Kraujo donoryst\u0117"}]},{"@type":"WebSite","@id":"https:\/\/www.ahmadiyya-islam.org\/lt\/#website","url":"https:\/\/www.ahmadiyya-islam.org\/lt\/","name":"Asociacija Ahmadija","description":"Lietuva","potentialAction":[{"@type":"SearchAction","target":{"@type":"EntryPoint","urlTemplate":"https:\/\/www.ahmadiyya-islam.org\/lt\/?s={search_term_string}"},"query-input":{"@type":"PropertyValueSpecification","valueRequired":true,"valueName":"search_term_string"}}],"inLanguage":"lt-LT"}]}},"_links":{"self":[{"href":"https:\/\/www.ahmadiyya-islam.org\/lt\/wp-json\/wp\/v2\/pages\/381","targetHints":{"allow":["GET"]}}],"collection":[{"href":"https:\/\/www.ahmadiyya-islam.org\/lt\/wp-json\/wp\/v2\/pages"}],"about":[{"href":"https:\/\/www.ahmadiyya-islam.org\/lt\/wp-json\/wp\/v2\/types\/page"}],"author":[{"embeddable":true,"href":"https:\/\/www.ahmadiyya-islam.org\/lt\/wp-json\/wp\/v2\/users\/90"}],"replies":[{"embeddable":true,"href":"https:\/\/www.ahmadiyya-islam.org\/lt\/wp-json\/wp\/v2\/comments?post=381"}],"version-history":[{"count":1,"href":"https:\/\/www.ahmadiyya-islam.org\/lt\/wp-json\/wp\/v2\/pages\/381\/revisions"}],"predecessor-version":[{"id":608,"href":"https:\/\/www.ahmadiyya-islam.org\/lt\/wp-json\/wp\/v2\/pages\/381\/revisions\/608"}],"up":[{"embeddable":true,"href":"https:\/\/www.ahmadiyya-islam.org\/lt\/wp-json\/wp\/v2\/pages\/376"}],"wp:featuredmedia":[{"embeddable":true,"href":"https:\/\/www.ahmadiyya-islam.org\/lt\/wp-json\/wp\/v2\/media\/523"}],"wp:attachment":[{"href":"https:\/\/www.ahmadiyya-islam.org\/lt\/wp-json\/wp\/v2\/media?parent=381"}],"curies":[{"name":"wp","href":"https:\/\/api.w.org\/{rel}","templated":true}]}}