{"id":379,"date":"2023-12-22T17:00:11","date_gmt":"2023-12-22T15:00:11","guid":{"rendered":"https:\/\/www.ahmadiyya-islam.org\/lt\/?page_id=379"},"modified":"2025-12-12T13:09:09","modified_gmt":"2025-12-12T11:09:09","slug":"naujuju-metu-tvarkymosi-akcija","status":"publish","type":"page","link":"https:\/\/www.ahmadiyya-islam.org\/lt\/apie-mus\/naujuju-metu-tvarkymosi-akcija\/","title":{"rendered":"Nauj\u0173j\u0173 met\u0173 tvarkymosi akcija"},"content":{"rendered":"<p>Nauj\u0173j\u0173 met\u0173 tvarkymosi akcija yra Ahmadija Musulmon\u0173 bendruomen\u0117s tarptautin\u0117 savanori\u0161ka veikla.\u00a0 Nuo 2017m asociacija Ahmadija Lietuvoje organizuoja \u0161i\u0105 veikl\u0105 prie Katedros Aik\u0161t\u0117s Vilniuje. \u0160ioje akcijoje dalyvauja savanoriai i\u0161 Lietuvos, Pakistano, Vokietijos, Prancuzijos, Latvijos ir Estijos kartu su vietiniais gyventojais ir savanori\u0161kai tvarko Katedros Aik\u0161t\u0119 po nauj\u0173j\u0173 met\u0173 \u0161vent\u0117s. \u0160ia akcija organizuojama gavus Vilniaus miesto savivaldyb\u0117s leidim\u0105. Seimo pirmininkas bei Seimo nariai labai palaiko \u0161i\u0105 akcij\u0105. LNK, TV3 j\u0105 parod\u0117 per \u017einias ir \u012fvairius laikra\u0161\u010diai para\u0161\u0117 straipsnius.<\/p>\n<p><img loading=\"lazy\" decoding=\"async\" class=\"alignnone size-full wp-image-510\" src=\"http:\/\/www.ahmadiyya-islam.org\/lt\/wp-content\/uploads\/sites\/29\/2025\/12\/Naujuju-Metu-tvarkymosi-akcija-2024-4.jpg\" alt=\"\" width=\"1600\" height=\"900\" srcset=\"https:\/\/www.ahmadiyya-islam.org\/lt\/wp-content\/uploads\/sites\/29\/2025\/12\/Naujuju-Metu-tvarkymosi-akcija-2024-4.jpg 1600w, https:\/\/www.ahmadiyya-islam.org\/lt\/wp-content\/uploads\/sites\/29\/2025\/12\/Naujuju-Metu-tvarkymosi-akcija-2024-4-300x169.jpg 300w, https:\/\/www.ahmadiyya-islam.org\/lt\/wp-content\/uploads\/sites\/29\/2025\/12\/Naujuju-Metu-tvarkymosi-akcija-2024-4-1024x576.jpg 1024w, https:\/\/www.ahmadiyya-islam.org\/lt\/wp-content\/uploads\/sites\/29\/2025\/12\/Naujuju-Metu-tvarkymosi-akcija-2024-4-768x432.jpg 768w, https:\/\/www.ahmadiyya-islam.org\/lt\/wp-content\/uploads\/sites\/29\/2025\/12\/Naujuju-Metu-tvarkymosi-akcija-2024-4-1536x864.jpg 1536w, https:\/\/www.ahmadiyya-islam.org\/lt\/wp-content\/uploads\/sites\/29\/2025\/12\/Naujuju-Metu-tvarkymosi-akcija-2024-4-400x225.jpg 400w\" sizes=\"auto, (max-width: 1600px) 100vw, 1600px\" \/><\/p>\n<p><img loading=\"lazy\" decoding=\"async\" class=\"alignnone size-full wp-image-484\" src=\"http:\/\/www.ahmadiyya-islam.org\/lt\/wp-content\/uploads\/sites\/29\/2025\/12\/484932693_659461623398100_8312298593261249715_n.jpg\" alt=\"\" width=\"1600\" height=\"1066\" srcset=\"https:\/\/www.ahmadiyya-islam.org\/lt\/wp-content\/uploads\/sites\/29\/2025\/12\/484932693_659461623398100_8312298593261249715_n.jpg 1600w, https:\/\/www.ahmadiyya-islam.org\/lt\/wp-content\/uploads\/sites\/29\/2025\/12\/484932693_659461623398100_8312298593261249715_n-300x200.jpg 300w, https:\/\/www.ahmadiyya-islam.org\/lt\/wp-content\/uploads\/sites\/29\/2025\/12\/484932693_659461623398100_8312298593261249715_n-1024x682.jpg 1024w, https:\/\/www.ahmadiyya-islam.org\/lt\/wp-content\/uploads\/sites\/29\/2025\/12\/484932693_659461623398100_8312298593261249715_n-768x512.jpg 768w, https:\/\/www.ahmadiyya-islam.org\/lt\/wp-content\/uploads\/sites\/29\/2025\/12\/484932693_659461623398100_8312298593261249715_n-1536x1023.jpg 1536w\" sizes=\"auto, (max-width: 1600px) 100vw, 1600px\" \/><\/p>\n<p><img loading=\"lazy\" decoding=\"async\" class=\"alignnone size-full wp-image-511\" src=\"http:\/\/www.ahmadiyya-islam.org\/lt\/wp-content\/uploads\/sites\/29\/2025\/12\/Naujuju-Metu-tvarkymosi-akcija-2024-5.jpg\" alt=\"\" width=\"1599\" height=\"899\" srcset=\"https:\/\/www.ahmadiyya-islam.org\/lt\/wp-content\/uploads\/sites\/29\/2025\/12\/Naujuju-Metu-tvarkymosi-akcija-2024-5.jpg 1599w, https:\/\/www.ahmadiyya-islam.org\/lt\/wp-content\/uploads\/sites\/29\/2025\/12\/Naujuju-Metu-tvarkymosi-akcija-2024-5-300x169.jpg 300w, https:\/\/www.ahmadiyya-islam.org\/lt\/wp-content\/uploads\/sites\/29\/2025\/12\/Naujuju-Metu-tvarkymosi-akcija-2024-5-1024x576.jpg 1024w, https:\/\/www.ahmadiyya-islam.org\/lt\/wp-content\/uploads\/sites\/29\/2025\/12\/Naujuju-Metu-tvarkymosi-akcija-2024-5-768x432.jpg 768w, https:\/\/www.ahmadiyya-islam.org\/lt\/wp-content\/uploads\/sites\/29\/2025\/12\/Naujuju-Metu-tvarkymosi-akcija-2024-5-1536x864.jpg 1536w, https:\/\/www.ahmadiyya-islam.org\/lt\/wp-content\/uploads\/sites\/29\/2025\/12\/Naujuju-Metu-tvarkymosi-akcija-2024-5-400x225.jpg 400w\" sizes=\"auto, (max-width: 1599px) 100vw, 1599px\" \/><\/p>\n","protected":false},"excerpt":{"rendered":"<p>Nauj\u0173j\u0173 met\u0173 tvarkymosi akcija yra Ahmadija Musulmon\u0173 bendruomen\u0117s tarptautin\u0117 savanori\u0161ka veikla.\u00a0 Nuo 2017m asociacija Ahmadija Lietuvoje organizuoja \u0161i\u0105 veikl\u0105 prie Katedros Aik\u0161t\u0117s Vilniuje. \u0160ioje akcijoje dalyvauja savanoriai i\u0161 Lietuvos, Pakistano, Vokietijos, Prancuzijos, Latvijos ir Estijos kartu su vietiniais gyventojais ir savanori\u0161kai tvarko Katedros Aik\u0161t\u0119 po nauj\u0173j\u0173 met\u0173 \u0161vent\u0117s. \u0160ia akcija organizuojama gavus Vilniaus miesto savivaldyb\u0117s<\/p>\n","protected":false},"author":90,"featured_media":488,"parent":376,"menu_order":1,"comment_status":"closed","ping_status":"closed","template":"","meta":{"_acf_changed":false,"footnotes":""},"class_list":["post-379","page","type-page","status-publish","has-post-thumbnail","hentry"],"acf":[],"yoast_head":"<!-- This site is optimized with the Yoast SEO Premium plugin v21.1 (Yoast SEO v27.4) - https:\/\/yoast.com\/product\/yoast-seo-premium-wordpress\/ -->\n<title>Nauj\u0173j\u0173 met\u0173 tvarkymosi akcija - Asociacija Ahmadija<\/title>\n<meta name=\"robots\" content=\"noindex, follow, max-snippet:-1, max-image-preview:large, max-video-preview:-1\" \/>\n<meta property=\"og:locale\" content=\"lt_LT\" \/>\n<meta property=\"og:type\" content=\"article\" \/>\n<meta property=\"og:title\" content=\"Nauj\u0173j\u0173 met\u0173 tvarkymosi akcija\" \/>\n<meta property=\"og:description\" content=\"Nauj\u0173j\u0173 met\u0173 tvarkymosi akcija yra Ahmadija Musulmon\u0173 bendruomen\u0117s tarptautin\u0117 savanori\u0161ka veikla.\u00a0 Nuo 2017m asociacija Ahmadija Lietuvoje organizuoja \u0161i\u0105 veikl\u0105 prie Katedros Aik\u0161t\u0117s Vilniuje. \u0160ioje akcijoje dalyvauja savanoriai i\u0161 Lietuvos, Pakistano, Vokietijos, Prancuzijos, Latvijos ir Estijos kartu su vietiniais gyventojais ir savanori\u0161kai tvarko Katedros Aik\u0161t\u0119 po nauj\u0173j\u0173 met\u0173 \u0161vent\u0117s. \u0160ia akcija organizuojama gavus Vilniaus miesto savivaldyb\u0117s\" \/>\n<meta property=\"og:url\" content=\"https:\/\/www.ahmadiyya-islam.org\/lt\/apie-mus\/naujuju-metu-tvarkymosi-akcija\/\" \/>\n<meta property=\"og:site_name\" content=\"Asociacija Ahmadija\" \/>\n<meta property=\"article:modified_time\" content=\"2025-12-12T11:09:09+00:00\" \/>\n<meta property=\"og:image\" content=\"http:\/\/www.ahmadiyya-islam.org\/lt\/wp-content\/uploads\/sites\/29\/2025\/12\/485363481_659461500064779_3747882895003444195_n.jpg\" \/>\n\t<meta property=\"og:image:width\" content=\"1600\" \/>\n\t<meta property=\"og:image:height\" content=\"747\" \/>\n\t<meta property=\"og:image:type\" content=\"image\/jpeg\" \/>\n<meta name=\"twitter:card\" content=\"summary_large_image\" \/>\n<meta name=\"twitter:label1\" content=\"Est. reading time\" \/>\n\t<meta name=\"twitter:data1\" content=\"2 minut\u0117s\" \/>\n<script type=\"application\/ld+json\" class=\"yoast-schema-graph\">{\"@context\":\"https:\\\/\\\/schema.org\",\"@graph\":[{\"@type\":\"WebPage\",\"@id\":\"https:\\\/\\\/www.ahmadiyya-islam.org\\\/lt\\\/apie-mus\\\/naujuju-metu-tvarkymosi-akcija\\\/\",\"url\":\"https:\\\/\\\/www.ahmadiyya-islam.org\\\/lt\\\/apie-mus\\\/naujuju-metu-tvarkymosi-akcija\\\/\",\"name\":\"Nauj\u0173j\u0173 met\u0173 tvarkymosi akcija - Asociacija Ahmadija\",\"isPartOf\":{\"@id\":\"https:\\\/\\\/www.ahmadiyya-islam.org\\\/lt\\\/#website\"},\"primaryImageOfPage\":{\"@id\":\"https:\\\/\\\/www.ahmadiyya-islam.org\\\/lt\\\/apie-mus\\\/naujuju-metu-tvarkymosi-akcija\\\/#primaryimage\"},\"image\":{\"@id\":\"https:\\\/\\\/www.ahmadiyya-islam.org\\\/lt\\\/apie-mus\\\/naujuju-metu-tvarkymosi-akcija\\\/#primaryimage\"},\"thumbnailUrl\":\"https:\\\/\\\/www.ahmadiyya-islam.org\\\/lt\\\/wp-content\\\/uploads\\\/sites\\\/29\\\/2025\\\/12\\\/485363481_659461500064779_3747882895003444195_n.jpg\",\"datePublished\":\"2023-12-22T15:00:11+00:00\",\"dateModified\":\"2025-12-12T11:09:09+00:00\",\"breadcrumb\":{\"@id\":\"https:\\\/\\\/www.ahmadiyya-islam.org\\\/lt\\\/apie-mus\\\/naujuju-metu-tvarkymosi-akcija\\\/#breadcrumb\"},\"inLanguage\":\"lt-LT\",\"potentialAction\":[{\"@type\":\"ReadAction\",\"target\":[\"https:\\\/\\\/www.ahmadiyya-islam.org\\\/lt\\\/apie-mus\\\/naujuju-metu-tvarkymosi-akcija\\\/\"]}]},{\"@type\":\"ImageObject\",\"inLanguage\":\"lt-LT\",\"@id\":\"https:\\\/\\\/www.ahmadiyya-islam.org\\\/lt\\\/apie-mus\\\/naujuju-metu-tvarkymosi-akcija\\\/#primaryimage\",\"url\":\"https:\\\/\\\/www.ahmadiyya-islam.org\\\/lt\\\/wp-content\\\/uploads\\\/sites\\\/29\\\/2025\\\/12\\\/485363481_659461500064779_3747882895003444195_n.jpg\",\"contentUrl\":\"https:\\\/\\\/www.ahmadiyya-islam.org\\\/lt\\\/wp-content\\\/uploads\\\/sites\\\/29\\\/2025\\\/12\\\/485363481_659461500064779_3747882895003444195_n.jpg\",\"width\":1600,\"height\":747},{\"@type\":\"BreadcrumbList\",\"@id\":\"https:\\\/\\\/www.ahmadiyya-islam.org\\\/lt\\\/apie-mus\\\/naujuju-metu-tvarkymosi-akcija\\\/#breadcrumb\",\"itemListElement\":[{\"@type\":\"ListItem\",\"position\":1,\"name\":\"Home\",\"item\":\"https:\\\/\\\/www.ahmadiyya-islam.org\\\/lt\\\/\"},{\"@type\":\"ListItem\",\"position\":2,\"name\":\"Apie mus &#8222;Ahmadija&#8221;\",\"item\":\"https:\\\/\\\/www.ahmadiyya-islam.org\\\/lt\\\/apie-mus\\\/\"},{\"@type\":\"ListItem\",\"position\":3,\"name\":\"Nauj\u0173j\u0173 met\u0173 tvarkymosi akcija\"}]},{\"@type\":\"WebSite\",\"@id\":\"https:\\\/\\\/www.ahmadiyya-islam.org\\\/lt\\\/#website\",\"url\":\"https:\\\/\\\/www.ahmadiyya-islam.org\\\/lt\\\/\",\"name\":\"Asociacija Ahmadija\",\"description\":\"Lietuva\",\"potentialAction\":[{\"@type\":\"SearchAction\",\"target\":{\"@type\":\"EntryPoint\",\"urlTemplate\":\"https:\\\/\\\/www.ahmadiyya-islam.org\\\/lt\\\/?s={search_term_string}\"},\"query-input\":{\"@type\":\"PropertyValueSpecification\",\"valueRequired\":true,\"valueName\":\"search_term_string\"}}],\"inLanguage\":\"lt-LT\"}]}<\/script>\n<!-- \/ Yoast SEO Premium plugin. -->","yoast_head_json":{"title":"Nauj\u0173j\u0173 met\u0173 tvarkymosi akcija - Asociacija Ahmadija","robots":{"index":"noindex","follow":"follow","max-snippet":"max-snippet:-1","max-image-preview":"max-image-preview:large","max-video-preview":"max-video-preview:-1"},"og_locale":"lt_LT","og_type":"article","og_title":"Nauj\u0173j\u0173 met\u0173 tvarkymosi akcija","og_description":"Nauj\u0173j\u0173 met\u0173 tvarkymosi akcija yra Ahmadija Musulmon\u0173 bendruomen\u0117s tarptautin\u0117 savanori\u0161ka veikla.\u00a0 Nuo 2017m asociacija Ahmadija Lietuvoje organizuoja \u0161i\u0105 veikl\u0105 prie Katedros Aik\u0161t\u0117s Vilniuje. \u0160ioje akcijoje dalyvauja savanoriai i\u0161 Lietuvos, Pakistano, Vokietijos, Prancuzijos, Latvijos ir Estijos kartu su vietiniais gyventojais ir savanori\u0161kai tvarko Katedros Aik\u0161t\u0119 po nauj\u0173j\u0173 met\u0173 \u0161vent\u0117s. \u0160ia akcija organizuojama gavus Vilniaus miesto savivaldyb\u0117s","og_url":"https:\/\/www.ahmadiyya-islam.org\/lt\/apie-mus\/naujuju-metu-tvarkymosi-akcija\/","og_site_name":"Asociacija Ahmadija","article_modified_time":"2025-12-12T11:09:09+00:00","og_image":[{"width":1600,"height":747,"url":"http:\/\/www.ahmadiyya-islam.org\/lt\/wp-content\/uploads\/sites\/29\/2025\/12\/485363481_659461500064779_3747882895003444195_n.jpg","type":"image\/jpeg"}],"twitter_card":"summary_large_image","twitter_misc":{"Est. reading time":"2 minut\u0117s"},"schema":{"@context":"https:\/\/schema.org","@graph":[{"@type":"WebPage","@id":"https:\/\/www.ahmadiyya-islam.org\/lt\/apie-mus\/naujuju-metu-tvarkymosi-akcija\/","url":"https:\/\/www.ahmadiyya-islam.org\/lt\/apie-mus\/naujuju-metu-tvarkymosi-akcija\/","name":"Nauj\u0173j\u0173 met\u0173 tvarkymosi akcija - Asociacija Ahmadija","isPartOf":{"@id":"https:\/\/www.ahmadiyya-islam.org\/lt\/#website"},"primaryImageOfPage":{"@id":"https:\/\/www.ahmadiyya-islam.org\/lt\/apie-mus\/naujuju-metu-tvarkymosi-akcija\/#primaryimage"},"image":{"@id":"https:\/\/www.ahmadiyya-islam.org\/lt\/apie-mus\/naujuju-metu-tvarkymosi-akcija\/#primaryimage"},"thumbnailUrl":"https:\/\/www.ahmadiyya-islam.org\/lt\/wp-content\/uploads\/sites\/29\/2025\/12\/485363481_659461500064779_3747882895003444195_n.jpg","datePublished":"2023-12-22T15:00:11+00:00","dateModified":"2025-12-12T11:09:09+00:00","breadcrumb":{"@id":"https:\/\/www.ahmadiyya-islam.org\/lt\/apie-mus\/naujuju-metu-tvarkymosi-akcija\/#breadcrumb"},"inLanguage":"lt-LT","potentialAction":[{"@type":"ReadAction","target":["https:\/\/www.ahmadiyya-islam.org\/lt\/apie-mus\/naujuju-metu-tvarkymosi-akcija\/"]}]},{"@type":"ImageObject","inLanguage":"lt-LT","@id":"https:\/\/www.ahmadiyya-islam.org\/lt\/apie-mus\/naujuju-metu-tvarkymosi-akcija\/#primaryimage","url":"https:\/\/www.ahmadiyya-islam.org\/lt\/wp-content\/uploads\/sites\/29\/2025\/12\/485363481_659461500064779_3747882895003444195_n.jpg","contentUrl":"https:\/\/www.ahmadiyya-islam.org\/lt\/wp-content\/uploads\/sites\/29\/2025\/12\/485363481_659461500064779_3747882895003444195_n.jpg","width":1600,"height":747},{"@type":"BreadcrumbList","@id":"https:\/\/www.ahmadiyya-islam.org\/lt\/apie-mus\/naujuju-metu-tvarkymosi-akcija\/#breadcrumb","itemListElement":[{"@type":"ListItem","position":1,"name":"Home","item":"https:\/\/www.ahmadiyya-islam.org\/lt\/"},{"@type":"ListItem","position":2,"name":"Apie mus &#8222;Ahmadija&#8221;","item":"https:\/\/www.ahmadiyya-islam.org\/lt\/apie-mus\/"},{"@type":"ListItem","position":3,"name":"Nauj\u0173j\u0173 met\u0173 tvarkymosi akcija"}]},{"@type":"WebSite","@id":"https:\/\/www.ahmadiyya-islam.org\/lt\/#website","url":"https:\/\/www.ahmadiyya-islam.org\/lt\/","name":"Asociacija Ahmadija","description":"Lietuva","potentialAction":[{"@type":"SearchAction","target":{"@type":"EntryPoint","urlTemplate":"https:\/\/www.ahmadiyya-islam.org\/lt\/?s={search_term_string}"},"query-input":{"@type":"PropertyValueSpecification","valueRequired":true,"valueName":"search_term_string"}}],"inLanguage":"lt-LT"}]}},"_links":{"self":[{"href":"https:\/\/www.ahmadiyya-islam.org\/lt\/wp-json\/wp\/v2\/pages\/379","targetHints":{"allow":["GET"]}}],"collection":[{"href":"https:\/\/www.ahmadiyya-islam.org\/lt\/wp-json\/wp\/v2\/pages"}],"about":[{"href":"https:\/\/www.ahmadiyya-islam.org\/lt\/wp-json\/wp\/v2\/types\/page"}],"author":[{"embeddable":true,"href":"https:\/\/www.ahmadiyya-islam.org\/lt\/wp-json\/wp\/v2\/users\/90"}],"replies":[{"embeddable":true,"href":"https:\/\/www.ahmadiyya-islam.org\/lt\/wp-json\/wp\/v2\/comments?post=379"}],"version-history":[{"count":2,"href":"https:\/\/www.ahmadiyya-islam.org\/lt\/wp-json\/wp\/v2\/pages\/379\/revisions"}],"predecessor-version":[{"id":625,"href":"https:\/\/www.ahmadiyya-islam.org\/lt\/wp-json\/wp\/v2\/pages\/379\/revisions\/625"}],"up":[{"embeddable":true,"href":"https:\/\/www.ahmadiyya-islam.org\/lt\/wp-json\/wp\/v2\/pages\/376"}],"wp:featuredmedia":[{"embeddable":true,"href":"https:\/\/www.ahmadiyya-islam.org\/lt\/wp-json\/wp\/v2\/media\/488"}],"wp:attachment":[{"href":"https:\/\/www.ahmadiyya-islam.org\/lt\/wp-json\/wp\/v2\/media?parent=379"}],"curies":[{"name":"wp","href":"https:\/\/api.w.org\/{rel}","templated":true}]}}