{"id":374,"date":"2025-12-08T22:05:49","date_gmt":"2025-12-08T20:05:49","guid":{"rendered":"https:\/\/www.ahmadiyya-islam.org\/lt\/?page_id=374"},"modified":"2025-12-18T15:57:07","modified_gmt":"2025-12-18T13:57:07","slug":"sventasis-pranasas-sa","status":"publish","type":"page","link":"https:\/\/www.ahmadiyya-islam.org\/lt\/sventasis-pranasas-sa\/","title":{"rendered":"\u0160ventasis Prana\u0161as (sa)"},"content":{"rendered":"<p>\u0160ventasis Prana\u0161as Muhammadas (sa) buvo Islamo \u012fk\u016br\u0117jas, kuriam Allahas atskleid\u0117 galutin\u0119 religij\u0105. Jis gim\u0117 kilmingoje \u0161eimoje 570-aisiais metais po Kr. Mekoje, Arabijoje, ir buvo Prana\u0161o Abraomo palikuonis (as). \u017dodis <em>Muhammadas <\/em>pa\u017eod\u017eiui rei\u0161kia \u201epagirtinas\u201c.<\/p>\n<h3><strong><a>Gyvenimas prie\u0161 tapim\u0105 Prana\u0161u<\/a><\/strong><\/h3>\n<p>Jo t\u0117vas Abdula mir\u0117 likus keliems m\u0117nesiams iki jo gimimo, o jo motina Amena mir\u0117 kai jam tebuvo \u0161e\u0161eri metai. Tada juo r\u016bpinosi senelis Abdul-Mutalibas, kuris taip pat mir\u0117 po dviej\u0173 met\u0173. Tuomet Muhammad\u0105 (sa)<sup>\u00a0<\/sup>pri\u017ei\u016br\u0117jo jo d\u0117d\u0117 Abu-Talibas.<\/p>\n<p>Nepaisant patirt\u0173 varg\u0173, Muhammadas (sa) i\u0161augo s\u0105\u017einingu, garbingu, teisingu ir protingu \u017emogumi. Jis taipogi pad\u0117jo d\u0117dei prekiauti, kartais lyd\u0117davo j\u012f kelion\u0117se po kitus kra\u0161tus.<\/p>\n<p>Muhammadas (sa) gyveno pamald\u017eiai ir paprastai, buvo \u017einomas kaip noriai padedantis kitiems. Jo elgesys peln\u0117 jam tokius titulus kaip As-Siddique (kas rei\u0161kia\u00a0<em>teisingiausias<\/em>) ir Al-Amin (rei\u0161kia\u00a0<em>ver\u010diausias pasitik\u0117jimo<\/em>).<\/p>\n<p>B\u016bdamas dvide\u0161imt penkeri\u0173 met\u0173, Muhammadas (sa) ved\u0117 garbing\u0105 na\u0161l\u0119 vardu Khadija, kuri buvo penkiolika met\u0173 vyresn\u0117. J\u0105 taip su\u017eav\u0117jo jo garbingas charakteris, kad ji patik\u0117jo jam valdyti savo turtus ir vergus \u2013 kuriuos jis paleido. \u0160ventasis Prana\u0161as (sa)\u00a0taip pat i\u0161dalino daug turto skurstantiesiems ir vargstantiems.<\/p>\n<p><em>Hiros urvas yra \u0161alia Mekos, kur \u0160ventasis Prana\u0161as Muhammadas (sa)\u00a0da\u017enai medituodavo ir kur jis patyr\u0117 pirm\u0105j\u012f Korano aprei\u0161kim\u0105.<\/em><\/p>\n<h3><strong><a>Aprei\u0161kimas<\/a><\/strong><\/h3>\n<p>Muhammadas (sa) daug laiko praleisdavo min\u0117damas Allah\u0105 (<em>Allahas \u2013 <\/em>arabi\u0161kas \u017eodis, rei\u0161kiantis\u00a0<em>Vienas Dievas<\/em>). Jis da\u017enai medituodavo Hiros urve u\u017e keli\u0173 myli\u0173 nuo Mekos. Kai jam buvo keturiasde\u0161imt met\u0173, j\u012f aplank\u0117 vizija, kurioje pasirod\u0117 angelas Gabrielius ir perdav\u0117 jam pirm\u0105j\u012f Korano aprei\u0161kim\u0105 i\u0161 Allaho tokiais \u017eod\u017eiais:<\/p>\n<p><em>\u201cSakyk! (Skaityk!) Vard\u0105 savojo Dievo, kuris suk\u016br\u0117. Suk\u016br\u0117 \u017emog\u0173 i\u0161 lipnaus gumul\u0117lio. Sakyk! (Skaityk!) Ir tavo Dievas yra didingiausias, kuris i\u0161mok\u0117 \u017emog\u0173 per plunksn\u0105. I\u0161mok\u0117 to, ko jis ne\u017einojo\u201d.\u00a0<\/em>(\u0160ventasis Koranas. skyrius 96)<\/p>\n<p>Muhammadas (sa) tiek i\u0161sigand\u0119s \u0161io patyrimo, kad nuskub\u0117jo namo ir visa tai apsak\u0117 savo \u017emonai Khadijai (rs). Ji j\u012f nuved\u0117 pas savo pusbrol\u012f Waraqabin Naufal, krik\u0161\u010dioni\u0173 atsiskyr\u0117l\u012f. I\u0161gird\u0119s kas nutiko, Waraqa pasak\u0117: \u201eEsu tikras, jog ant tav\u0119s nu\u017eeng\u0119s angelas yra tas pats, kuris anks\u010diau nu\u017eeng\u0117 ant Moz\u0117s\u201c. Jis tur\u0117jo galvoje prana\u0161yst\u0119 i\u0161 Pakartoto \u012estatymo knygos 18:18 <em>(\u201eA\u0161 pakelsiu i\u0161 j\u0173 broli\u0173 Prana\u0161\u0105, kaip tave, ir \u012fd\u0117siu savo \u017eod\u017eius \u012f jo l\u016bpas. Jis kalb\u0117s jiems, k\u0105 jam \u012fsakysiu.\u201c)<\/em> ir taip i\u0161 prana\u0161avo did\u017eiojo prana\u0161o at\u0117jim\u0105. Ties\u0105 sakant, tai \u017eym\u0117jo Muhammado (sa), kaip prana\u0161o ir Allaho pasiuntinio misijos prad\u017ei\u0105.<\/p>\n<p>Vir\u0161uje pamin\u0117tos eilut\u0117s yra pirmos \u0160ventojo Korano eilut\u0117s, atskleistos Muhammadui (sa). Per kitus 23 metus jam buvo apreik\u0161tas visas Koranas ir iki \u0161ios dienos \u0161is tekstas i\u0161liko visi\u0161kai nekeistas.<\/p>\n<h3><strong><a>Jo Misija<\/a><\/strong><\/h3>\n<p>Prana\u0161as Muhammadas (sa) skelb\u0117 pamokslus apie Dievo vienov\u0119. Jis teig\u0117, kad visos dievi\u0161kosios religijos skleid\u017eia t\u0105 pa\u010di\u0105 Dievo vienov\u0117s \u017eini\u0105 ir kad pasiekt\u0173 ramyb\u0119, \u017emogus turi vykdyti savo pareigas tiek Dievui, tiek \u017emonijai. Muhammadas (sa)\u00a0pad\u0117davo skurstantiesiems, i\u0161laisvindavo vergus, gindavo silpnuosius nuo i\u0161naudojimo ir nustat\u0117 lygias teises moterims. Jis liep\u0117 savo pasek\u0117jams b\u016bti kantriems u\u017eklupus sunkumams, melstis Allahui ir juo pasitik\u0117ti. Jo misija buvo i\u0161rauti blog\u012f bei neteisyb\u0119, \u012fvesti gerum\u0105 ir pamaldum\u0105 pasaulyje. \u0160tai kod\u0117l Korane jis vadinamas \u201evisos \u017emonijos gailestingumu\u201c.<\/p>\n<h3><strong><a>Kova ir s\u0117km\u0117<\/a><\/strong><\/h3>\n<p>Mekos stabmeld\u017eiai nesiklaus\u0117 Muhammado (sa) ir visaip jam prie\u0161inosi. Jis ir jo pasek\u0117jai buvo smarkiai persekiojami, ta\u010diau jie visk\u0105 i\u0161tv\u0117r\u0117 savo tvirtumu bei pavyzdine kantrybe, neatsikirsdami atgal. Jie patyr\u0117 visokius \u012f\u017eeidin\u0117jimus, o musulmonais tap\u0119 vergai buvo ypa\u010d niekinami. Po trylikos met\u0173 persekiojimo mekie\u010di\u0173 rankose, Muhammadui\u00a0(sa) Allahas liep\u0117 persikelti \u012f Medin\u0105, beveik u\u017e 260 myli\u0173 \u012f \u0161iaur\u0119 nuo Mekos. Ta\u010diau net ir tenai mekie\u010diai nepaliko jo ramyb\u0117je.<\/p>\n<p>Jie daug kart\u0173 stojo su juo \u012f kov\u0105, ta\u010diau buvo nugal\u0117ti. Muhammadas (sa)\u00a0kovojo tik gindamasis, o laim\u0117j\u0119s su prie\u0161ais elgdavosi gailestingai ir atlaid\u017eiai.<\/p>\n<p>V\u0117liau Meka galiausiai buvo Muhammado (sa) u\u017eimta, tai \u012fvyko taikiai, be kovos. Be to, Muhammadas (sa)\u00a0buvo ypatingai atlaidus ir kilnia\u0161irdi\u0161kas savo prie\u0161ams.<\/p>\n<p>Muhammadas (sa) pakviet\u0117 vis\u0105 pasaul\u012f atsiversti \u012f Islam\u0105, ta\u010diau tuo pa\u010diu suteik\u0117 visiems laisv\u0119 i\u0161pa\u017einti savo tik\u0117jim\u0105 Islamo globoje.<\/p>\n<p>\u0160ventojo Prana\u0161o (sa)\u00a0gyvenimas i\u0161 ties\u0173 ypatingas, nes per savo \u0161e\u0161iasde\u0161imt trejus gyvenimo metus jis patyr\u0117 visus \u012fmanomus \u017emogi\u0161kus i\u0161m\u0117ginimus \u2013 nuo skurdo iki turto, nuo nes\u0117km\u0117s iki s\u0117km\u0117s, nuo vieni\u0161o balso, skelbian\u010dio teisingum\u0105 ir taik\u0105, iki did\u017eiausios galios, nuo persekiojimo iki karaliaus autoriteto.<\/p>\n<p>Jam teko pab\u016bti na\u0161lai\u010diu, mielu \u012fvaikiu, s\u0105\u017einingu prekeiviu, mylin\u010diu vyru, geru t\u0117vu, r\u016bpestingu kaimynu, pasi\u017eym\u0117jusiu lyderiu, teisingu teis\u0117ju ir \u012fstatym\u0173 skelb\u0117ju, apsi\u0161vietusiu valstyb\u0117s tarnautoju, i\u0161tikimu draugu, o labiausiai \u2013 Prana\u0161u ir Allaho \u017dod\u017eio skleid\u0117ju.<\/p>\n<p>\u0160ventasis Prana\u0161as (sa)\u00a0mir\u0117 622-aisiais metais po Kr., po sav\u0119s palik\u0119s labai pamald\u017ei\u0105 ir teising\u0105 bendruomen\u0119 tikin\u010di\u0173j\u0173, t\u0119susi\u0173 jo misij\u0105 skleisti Islam\u0105 visuose pasaulio kra\u0161tuose, nepaisant i\u0161kylan\u010di\u0173 sunkum\u0173. \u0160iandien pasaulyje yra daugiau nei vienas milijardas musulmon\u0173.<\/p>\n<p><em>Al-Masjidal-Nabvi \u201ePrana\u0161o me\u010det\u0117\u201c yra Medinos mieste. Jos komplekse taip pat yra galutin\u0117 \u0160ventojo Prana\u0161o (sa) atilsio vieta. Me\u010det\u0117 yra antra \u0161ven\u010diausia Islamo vieta ir viena i\u0161 did\u017eiausi\u0173 me\u010de\u010di\u0173 pasaulyje.<\/em><\/p>\n<h3><strong><a>\u0160ventojo Prana\u0161o posakiai (sa)<\/a><\/strong><\/h3>\n<p><b>Lygyb\u0117<\/b><\/p>\n<p>Visi j\u016bs esate lyg\u016bs. Visi, kad ir kokiai tautai ar gen\u010diai priklausytum\u0117t, kad ir kokios pad\u0117ties b\u016btum\u0117t. Niekas neturi vir\u0161enyb\u0117s prie\u0161 kit\u0105. Arabas neturi vir\u0161enyb\u0117s prie\u0161 ne-arab\u0105, taip pat ne-arabas neturi vir\u0161enyb\u0117s prie\u0161 arab\u0105. Baltasis \u017emogus jokiu b\u016bdu n\u0117ra vir\u0161esnis u\u017e juod\u0105j\u012f \u017emog\u0173, nei juodasis u\u017e balt\u0105j\u012f. Tiktai tuo at\u017evilgiu, kuriuo \u017emogus vykdo savo prievoles Dievui ir \u017emonijai, garbingiausieji i\u0161 j\u016bs\u0173 tie, kurie doriausi. (<em>\u0160ventojo Prana\u0161o atsisveikinimo pamokslas)<\/em><\/p>\n<p><strong>Labdara<\/strong><\/p>\n<p>Labdara privaloma kiekvienam \u017emogui kiekvien\u0105 dien\u0105, kuri\u0105 tik pateka saul\u0117. Vien tik atne\u0161ti susitaikym\u0105 besivar\u017eantiesiems yra labdara. Pad\u0117ti \u017emogui u\u017es\u0117sti ant savo gyvulio, arba u\u017ekrauti na\u0161t\u0105 jam ant nugaros yra labdara. Geras \u017eodis \u2013 labdara. Kiekvienas \u017eingsnis me\u010det\u0117s link\u00a0<em>salatui\u00a0<\/em>(maldai) yra labdara. Patraukti nuo gatv\u0117s bet k\u0105, kas trukdo praeiti, yra labdara. (<em>Bukhariand Muslim)<\/em><\/p>\n<p><strong>\u017dini\u0173 siekimas<\/strong><\/p>\n<p>Kekvieno musulmono ir kiekvienos musulmon\u0117s pareiga \u2013 siekti \u017eini\u0173<em>. (Ibne Maajah)<\/em><\/p>\n<p><strong>Myl\u0117k savo kaimyn\u0105<\/strong><\/p>\n<p>Tas, kuris tiki Allahu ir paskutiniojo teismo diena, neturi apsunkinti savo kaimyno. (<em>Bukhari)<\/em><\/p>\n<p><strong>Lojalumas<\/strong><\/p>\n<p>Lojalumas savo \u0161aliai yra tik\u0117jimo dalis. (<em>Sakhavi)<\/em><\/p>\n<p><strong>Elgesys su kitais<\/strong><\/p>\n<p>Tikras tikintysis yra tas, kuris linki kitiems to, ko linki pats sau. (<em>Bukhari)<\/em><\/p>\n<p><strong>S\u0105\u017einingumas<\/strong><\/p>\n<p>Palikite t\u0105, kas kelia jums abejon\u0119 ir laikykit\u0117s to, kas nekelia abejoni\u0173, nes tiesa guod\u017eia, o netiesa atima ramyb\u0119. (<em>Tirmidhi)<\/em><\/p>\n<p><strong>Pagarba vaikams<\/strong><\/p>\n<p>Gerbkite savo vaikus ir ugdykite juose geriausi\u0105 elges\u012f. (<em>Ibne Maajah)<\/em><\/p>\n<p><strong>D\u0117kingumas<\/strong><\/p>\n<p>Tas, kuris ned\u0117kingas \u017emon\u0117ms, ned\u0117kingas Dievui. (<em>Tirmidhi)<\/em><\/p>\n<p><strong>Atlaidumas<\/strong><\/p>\n<p>Allahas suteikia garb\u0119 ir i\u0161auk\u0161tina t\u0105, kuris atleid\u017eia jam padarytas neteisybes ir nesielgia su prasi\u017eengusiuoju i\u0161did\u017eiai. (<em>Musnad Ahmad)<\/em><\/p>\n","protected":false},"excerpt":{"rendered":"<p>\u0160ventasis Prana\u0161as Muhammadas (sa) buvo Islamo \u012fk\u016br\u0117jas, kuriam Allahas atskleid\u0117 galutin\u0119 religij\u0105. Jis gim\u0117 kilmingoje \u0161eimoje 570-aisiais metais po Kr. Mekoje, Arabijoje, ir buvo Prana\u0161o Abraomo palikuonis (as). \u017dodis Muhammadas pa\u017eod\u017eiui rei\u0161kia \u201epagirtinas\u201c. Gyvenimas prie\u0161 tapim\u0105 Prana\u0161u Jo t\u0117vas Abdula mir\u0117 likus keliems m\u0117nesiams iki jo gimimo, o jo motina Amena mir\u0117 kai jam tebuvo<\/p>\n","protected":false},"author":90,"featured_media":635,"parent":0,"menu_order":0,"comment_status":"closed","ping_status":"closed","template":"","meta":{"_acf_changed":false,"footnotes":""},"class_list":["post-374","page","type-page","status-publish","has-post-thumbnail","hentry"],"acf":[],"yoast_head":"<!-- This site is optimized with the Yoast SEO Premium plugin v21.1 (Yoast SEO v27.0) - https:\/\/yoast.com\/product\/yoast-seo-premium-wordpress\/ -->\n<title>\u0160ventasis Prana\u0161as (sa) - Asociacija Ahmadija<\/title>\n<meta name=\"robots\" content=\"noindex, follow, max-snippet:-1, max-image-preview:large, max-video-preview:-1\" \/>\n<meta property=\"og:locale\" content=\"lt_LT\" \/>\n<meta property=\"og:type\" content=\"article\" \/>\n<meta property=\"og:title\" content=\"\u0160ventasis Prana\u0161as (sa)\" \/>\n<meta property=\"og:description\" content=\"\u0160ventasis Prana\u0161as Muhammadas (sa) buvo Islamo \u012fk\u016br\u0117jas, kuriam Allahas atskleid\u0117 galutin\u0119 religij\u0105. Jis gim\u0117 kilmingoje \u0161eimoje 570-aisiais metais po Kr. Mekoje, Arabijoje, ir buvo Prana\u0161o Abraomo palikuonis (as). \u017dodis Muhammadas pa\u017eod\u017eiui rei\u0161kia \u201epagirtinas\u201c. Gyvenimas prie\u0161 tapim\u0105 Prana\u0161u Jo t\u0117vas Abdula mir\u0117 likus keliems m\u0117nesiams iki jo gimimo, o jo motina Amena mir\u0117 kai jam tebuvo\" \/>\n<meta property=\"og:url\" content=\"https:\/\/www.ahmadiyya-islam.org\/lt\/sventasis-pranasas-sa\/\" \/>\n<meta property=\"og:site_name\" content=\"Asociacija Ahmadija\" \/>\n<meta property=\"article:modified_time\" content=\"2025-12-18T13:57:07+00:00\" \/>\n<meta name=\"twitter:card\" content=\"summary_large_image\" \/>\n<meta name=\"twitter:label1\" content=\"Est. reading time\" \/>\n\t<meta name=\"twitter:data1\" content=\"6 minut\u0117s\" \/>\n<script type=\"application\/ld+json\" class=\"yoast-schema-graph\">{\"@context\":\"https:\/\/schema.org\",\"@graph\":[{\"@type\":\"WebPage\",\"@id\":\"https:\/\/www.ahmadiyya-islam.org\/lt\/sventasis-pranasas-sa\/\",\"url\":\"https:\/\/www.ahmadiyya-islam.org\/lt\/sventasis-pranasas-sa\/\",\"name\":\"\u0160ventasis Prana\u0161as (sa) - Asociacija Ahmadija\",\"isPartOf\":{\"@id\":\"https:\/\/www.ahmadiyya-islam.org\/lt\/#website\"},\"primaryImageOfPage\":{\"@id\":\"https:\/\/www.ahmadiyya-islam.org\/lt\/sventasis-pranasas-sa\/#primaryimage\"},\"image\":{\"@id\":\"https:\/\/www.ahmadiyya-islam.org\/lt\/sventasis-pranasas-sa\/#primaryimage\"},\"thumbnailUrl\":\"https:\/\/www.ahmadiyya-islam.org\/lt\/wp-content\/uploads\/sites\/29\/2025\/12\/muhammad-g8ddc9acfe_1920-1536x1446-1.avif\",\"datePublished\":\"2025-12-08T20:05:49+00:00\",\"dateModified\":\"2025-12-18T13:57:07+00:00\",\"breadcrumb\":{\"@id\":\"https:\/\/www.ahmadiyya-islam.org\/lt\/sventasis-pranasas-sa\/#breadcrumb\"},\"inLanguage\":\"lt-LT\",\"potentialAction\":[{\"@type\":\"ReadAction\",\"target\":[\"https:\/\/www.ahmadiyya-islam.org\/lt\/sventasis-pranasas-sa\/\"]}]},{\"@type\":\"ImageObject\",\"inLanguage\":\"lt-LT\",\"@id\":\"https:\/\/www.ahmadiyya-islam.org\/lt\/sventasis-pranasas-sa\/#primaryimage\",\"url\":\"https:\/\/www.ahmadiyya-islam.org\/lt\/wp-content\/uploads\/sites\/29\/2025\/12\/muhammad-g8ddc9acfe_1920-1536x1446-1.avif\",\"contentUrl\":\"https:\/\/www.ahmadiyya-islam.org\/lt\/wp-content\/uploads\/sites\/29\/2025\/12\/muhammad-g8ddc9acfe_1920-1536x1446-1.avif\",\"width\":1536,\"height\":1446},{\"@type\":\"BreadcrumbList\",\"@id\":\"https:\/\/www.ahmadiyya-islam.org\/lt\/sventasis-pranasas-sa\/#breadcrumb\",\"itemListElement\":[{\"@type\":\"ListItem\",\"position\":1,\"name\":\"Home\",\"item\":\"https:\/\/www.ahmadiyya-islam.org\/lt\/\"},{\"@type\":\"ListItem\",\"position\":2,\"name\":\"\u0160ventasis Prana\u0161as (sa)\"}]},{\"@type\":\"WebSite\",\"@id\":\"https:\/\/www.ahmadiyya-islam.org\/lt\/#website\",\"url\":\"https:\/\/www.ahmadiyya-islam.org\/lt\/\",\"name\":\"Asociacija Ahmadija\",\"description\":\"Lietuva\",\"potentialAction\":[{\"@type\":\"SearchAction\",\"target\":{\"@type\":\"EntryPoint\",\"urlTemplate\":\"https:\/\/www.ahmadiyya-islam.org\/lt\/?s={search_term_string}\"},\"query-input\":{\"@type\":\"PropertyValueSpecification\",\"valueRequired\":true,\"valueName\":\"search_term_string\"}}],\"inLanguage\":\"lt-LT\"}]}<\/script>\n<!-- \/ Yoast SEO Premium plugin. -->","yoast_head_json":{"title":"\u0160ventasis Prana\u0161as (sa) - Asociacija Ahmadija","robots":{"index":"noindex","follow":"follow","max-snippet":"max-snippet:-1","max-image-preview":"max-image-preview:large","max-video-preview":"max-video-preview:-1"},"og_locale":"lt_LT","og_type":"article","og_title":"\u0160ventasis Prana\u0161as (sa)","og_description":"\u0160ventasis Prana\u0161as Muhammadas (sa) buvo Islamo \u012fk\u016br\u0117jas, kuriam Allahas atskleid\u0117 galutin\u0119 religij\u0105. Jis gim\u0117 kilmingoje \u0161eimoje 570-aisiais metais po Kr. Mekoje, Arabijoje, ir buvo Prana\u0161o Abraomo palikuonis (as). \u017dodis Muhammadas pa\u017eod\u017eiui rei\u0161kia \u201epagirtinas\u201c. Gyvenimas prie\u0161 tapim\u0105 Prana\u0161u Jo t\u0117vas Abdula mir\u0117 likus keliems m\u0117nesiams iki jo gimimo, o jo motina Amena mir\u0117 kai jam tebuvo","og_url":"https:\/\/www.ahmadiyya-islam.org\/lt\/sventasis-pranasas-sa\/","og_site_name":"Asociacija Ahmadija","article_modified_time":"2025-12-18T13:57:07+00:00","twitter_card":"summary_large_image","twitter_misc":{"Est. reading time":"6 minut\u0117s"},"schema":{"@context":"https:\/\/schema.org","@graph":[{"@type":"WebPage","@id":"https:\/\/www.ahmadiyya-islam.org\/lt\/sventasis-pranasas-sa\/","url":"https:\/\/www.ahmadiyya-islam.org\/lt\/sventasis-pranasas-sa\/","name":"\u0160ventasis Prana\u0161as (sa) - Asociacija Ahmadija","isPartOf":{"@id":"https:\/\/www.ahmadiyya-islam.org\/lt\/#website"},"primaryImageOfPage":{"@id":"https:\/\/www.ahmadiyya-islam.org\/lt\/sventasis-pranasas-sa\/#primaryimage"},"image":{"@id":"https:\/\/www.ahmadiyya-islam.org\/lt\/sventasis-pranasas-sa\/#primaryimage"},"thumbnailUrl":"https:\/\/www.ahmadiyya-islam.org\/lt\/wp-content\/uploads\/sites\/29\/2025\/12\/muhammad-g8ddc9acfe_1920-1536x1446-1.avif","datePublished":"2025-12-08T20:05:49+00:00","dateModified":"2025-12-18T13:57:07+00:00","breadcrumb":{"@id":"https:\/\/www.ahmadiyya-islam.org\/lt\/sventasis-pranasas-sa\/#breadcrumb"},"inLanguage":"lt-LT","potentialAction":[{"@type":"ReadAction","target":["https:\/\/www.ahmadiyya-islam.org\/lt\/sventasis-pranasas-sa\/"]}]},{"@type":"ImageObject","inLanguage":"lt-LT","@id":"https:\/\/www.ahmadiyya-islam.org\/lt\/sventasis-pranasas-sa\/#primaryimage","url":"https:\/\/www.ahmadiyya-islam.org\/lt\/wp-content\/uploads\/sites\/29\/2025\/12\/muhammad-g8ddc9acfe_1920-1536x1446-1.avif","contentUrl":"https:\/\/www.ahmadiyya-islam.org\/lt\/wp-content\/uploads\/sites\/29\/2025\/12\/muhammad-g8ddc9acfe_1920-1536x1446-1.avif","width":1536,"height":1446},{"@type":"BreadcrumbList","@id":"https:\/\/www.ahmadiyya-islam.org\/lt\/sventasis-pranasas-sa\/#breadcrumb","itemListElement":[{"@type":"ListItem","position":1,"name":"Home","item":"https:\/\/www.ahmadiyya-islam.org\/lt\/"},{"@type":"ListItem","position":2,"name":"\u0160ventasis Prana\u0161as (sa)"}]},{"@type":"WebSite","@id":"https:\/\/www.ahmadiyya-islam.org\/lt\/#website","url":"https:\/\/www.ahmadiyya-islam.org\/lt\/","name":"Asociacija Ahmadija","description":"Lietuva","potentialAction":[{"@type":"SearchAction","target":{"@type":"EntryPoint","urlTemplate":"https:\/\/www.ahmadiyya-islam.org\/lt\/?s={search_term_string}"},"query-input":{"@type":"PropertyValueSpecification","valueRequired":true,"valueName":"search_term_string"}}],"inLanguage":"lt-LT"}]}},"_links":{"self":[{"href":"https:\/\/www.ahmadiyya-islam.org\/lt\/wp-json\/wp\/v2\/pages\/374","targetHints":{"allow":["GET"]}}],"collection":[{"href":"https:\/\/www.ahmadiyya-islam.org\/lt\/wp-json\/wp\/v2\/pages"}],"about":[{"href":"https:\/\/www.ahmadiyya-islam.org\/lt\/wp-json\/wp\/v2\/types\/page"}],"author":[{"embeddable":true,"href":"https:\/\/www.ahmadiyya-islam.org\/lt\/wp-json\/wp\/v2\/users\/90"}],"replies":[{"embeddable":true,"href":"https:\/\/www.ahmadiyya-islam.org\/lt\/wp-json\/wp\/v2\/comments?post=374"}],"version-history":[{"count":1,"href":"https:\/\/www.ahmadiyya-islam.org\/lt\/wp-json\/wp\/v2\/pages\/374\/revisions"}],"predecessor-version":[{"id":766,"href":"https:\/\/www.ahmadiyya-islam.org\/lt\/wp-json\/wp\/v2\/pages\/374\/revisions\/766"}],"wp:featuredmedia":[{"embeddable":true,"href":"https:\/\/www.ahmadiyya-islam.org\/lt\/wp-json\/wp\/v2\/media\/635"}],"wp:attachment":[{"href":"https:\/\/www.ahmadiyya-islam.org\/lt\/wp-json\/wp\/v2\/media?parent=374"}],"curies":[{"name":"wp","href":"https:\/\/api.w.org\/{rel}","templated":true}]}}