{"id":372,"date":"2025-12-08T21:43:44","date_gmt":"2025-12-08T19:43:44","guid":{"rendered":"https:\/\/www.ahmadiyya-islam.org\/lt\/?page_id=372"},"modified":"2025-12-12T18:41:20","modified_gmt":"2025-12-12T16:41:20","slug":"sventasis-koranas","status":"publish","type":"page","link":"https:\/\/www.ahmadiyya-islam.org\/lt\/sventasis-koranas\/","title":{"rendered":"\u0160ventasis Koranas"},"content":{"rendered":"<p>\u0160ventasis Koranas yra \u0160ventoji Knyga arba \u0160ventasis musulmon\u0173 Ra\u0161tas. Jame musulmonams para\u0161yti \u012fstatymai ir \u012fsakymai, elgesio normos socialiniam bei moraliniam elgimuisi, ir jame yra visapusi\u0161ka religin\u0117 filosofija. Koranas yra para\u0161ytas arab\u0173 kalba. Tai yra rinkinys sudarytas i\u0161 \u017eodini\u0173 aprei\u0161kim\u0173 duot\u0173 \u0160ventajam Prana\u0161am Muhammadui (sa) per 23-is metus.<\/p>\n<p>\u0160ventasis Koranas yra padalintas \u012f 114 skyrius, ir kiekvienas skyrius sudarytas i\u0161 individuali\u0173 posm\u0173. Skyriai (arabi\u0161kai vadinami Surah) yra skirting\u0173 ilgi\u0173, kaikurie sudaryti i\u0161 keli\u0173 eilu\u010di\u0173 kai tuo tarp\u0173 kiti gali t\u0119stis per daugyb\u0119 puslapi\u0173. Tekstas \u0160ventajame Korane i\u0161liko nepasikeit\u0119s per pastaruosius 1500 met\u0173. Milijonai \u0160ventojo Korano kopij\u0173 cirkuliuojan\u010di\u0173 \u0161iandien pasaulyje yra visi identi\u0161ki iki pat paskutin\u0117s raid\u0117s. Ir tai n\u0117ra keista, nes Dievas \u0160ventajame Korane sako, kad Jis Pats apsaugos \u0161i\u0105 knyg\u0105:\u00a0\u201eTikrai Mes, kurie atsiunt\u0117me Pamokym\u0105, ir neabejotinai Mes j\u012f saugosime. (15:10)\u201c<\/p>\n<p>Musulmonams, Koranas yra Dievo \u017dodis ir sudaro u\u017ebaigtus mokymus \u017emonijai. Didel\u0117 dalis Korano yra apie Diev\u0105, Jo po\u017eymius ir \u017emogaus santyk\u012f su Juo. Bet jis taip pat turi instrukcijas jo pasiekiejams, istorinius paskojimus apie tam tikrus prana\u0161us bei \u017emones, argumentus priimti Muhammad\u0105 (sa) kaip tikr\u0105j\u012f Prana\u0161\u0105 ir geras naujienas tikintiesiems ir isp\u0117jimus netikintiesiems.<\/p>\n","protected":false},"excerpt":{"rendered":"<p>\u0160ventasis Koranas yra \u0160ventoji Knyga arba \u0160ventasis musulmon\u0173 Ra\u0161tas. Jame musulmonams para\u0161yti \u012fstatymai ir \u012fsakymai, elgesio normos socialiniam bei moraliniam elgimuisi, ir jame yra visapusi\u0161ka religin\u0117 filosofija. Koranas yra para\u0161ytas arab\u0173 kalba. Tai yra rinkinys sudarytas i\u0161 \u017eodini\u0173 aprei\u0161kim\u0173 duot\u0173 \u0160ventajam Prana\u0161am Muhammadui (sa) per 23-is metus. \u0160ventasis Koranas yra padalintas \u012f 114 skyrius, ir<\/p>\n","protected":false},"author":90,"featured_media":669,"parent":0,"menu_order":0,"comment_status":"closed","ping_status":"closed","template":"","meta":{"_acf_changed":false,"footnotes":""},"class_list":["post-372","page","type-page","status-publish","has-post-thumbnail","hentry"],"acf":[],"yoast_head":"<!-- This site is optimized with the Yoast SEO Premium plugin v21.1 (Yoast SEO v27.4) - https:\/\/yoast.com\/product\/yoast-seo-premium-wordpress\/ -->\n<title>\u0160ventasis Koranas - Asociacija Ahmadija<\/title>\n<meta name=\"robots\" content=\"noindex, follow, max-snippet:-1, max-image-preview:large, max-video-preview:-1\" \/>\n<meta property=\"og:locale\" content=\"lt_LT\" \/>\n<meta property=\"og:type\" content=\"article\" \/>\n<meta property=\"og:title\" content=\"\u0160ventasis Koranas\" \/>\n<meta property=\"og:description\" content=\"\u0160ventasis Koranas yra \u0160ventoji Knyga arba \u0160ventasis musulmon\u0173 Ra\u0161tas. Jame musulmonams para\u0161yti \u012fstatymai ir \u012fsakymai, elgesio normos socialiniam bei moraliniam elgimuisi, ir jame yra visapusi\u0161ka religin\u0117 filosofija. Koranas yra para\u0161ytas arab\u0173 kalba. Tai yra rinkinys sudarytas i\u0161 \u017eodini\u0173 aprei\u0161kim\u0173 duot\u0173 \u0160ventajam Prana\u0161am Muhammadui (sa) per 23-is metus. \u0160ventasis Koranas yra padalintas \u012f 114 skyrius, ir\" \/>\n<meta property=\"og:url\" content=\"https:\/\/www.ahmadiyya-islam.org\/lt\/sventasis-koranas\/\" \/>\n<meta property=\"og:site_name\" content=\"Asociacija Ahmadija\" \/>\n<meta property=\"article:modified_time\" content=\"2025-12-12T16:41:20+00:00\" \/>\n<meta property=\"og:image\" content=\"http:\/\/www.ahmadiyya-islam.org\/lt\/wp-content\/uploads\/sites\/29\/2025\/12\/Koranas.jpg\" \/>\n\t<meta property=\"og:image:width\" content=\"1052\" \/>\n\t<meta property=\"og:image:height\" content=\"585\" \/>\n\t<meta property=\"og:image:type\" content=\"image\/jpeg\" \/>\n<meta name=\"twitter:card\" content=\"summary_large_image\" \/>\n<meta name=\"twitter:label1\" content=\"Est. reading time\" \/>\n\t<meta name=\"twitter:data1\" content=\"2 minut\u0117s\" \/>\n<script type=\"application\/ld+json\" class=\"yoast-schema-graph\">{\"@context\":\"https:\\\/\\\/schema.org\",\"@graph\":[{\"@type\":\"WebPage\",\"@id\":\"https:\\\/\\\/www.ahmadiyya-islam.org\\\/lt\\\/sventasis-koranas\\\/\",\"url\":\"https:\\\/\\\/www.ahmadiyya-islam.org\\\/lt\\\/sventasis-koranas\\\/\",\"name\":\"\u0160ventasis Koranas - Asociacija Ahmadija\",\"isPartOf\":{\"@id\":\"https:\\\/\\\/www.ahmadiyya-islam.org\\\/lt\\\/#website\"},\"primaryImageOfPage\":{\"@id\":\"https:\\\/\\\/www.ahmadiyya-islam.org\\\/lt\\\/sventasis-koranas\\\/#primaryimage\"},\"image\":{\"@id\":\"https:\\\/\\\/www.ahmadiyya-islam.org\\\/lt\\\/sventasis-koranas\\\/#primaryimage\"},\"thumbnailUrl\":\"https:\\\/\\\/www.ahmadiyya-islam.org\\\/lt\\\/wp-content\\\/uploads\\\/sites\\\/29\\\/2025\\\/12\\\/Koranas.jpg\",\"datePublished\":\"2025-12-08T19:43:44+00:00\",\"dateModified\":\"2025-12-12T16:41:20+00:00\",\"breadcrumb\":{\"@id\":\"https:\\\/\\\/www.ahmadiyya-islam.org\\\/lt\\\/sventasis-koranas\\\/#breadcrumb\"},\"inLanguage\":\"lt-LT\",\"potentialAction\":[{\"@type\":\"ReadAction\",\"target\":[\"https:\\\/\\\/www.ahmadiyya-islam.org\\\/lt\\\/sventasis-koranas\\\/\"]}]},{\"@type\":\"ImageObject\",\"inLanguage\":\"lt-LT\",\"@id\":\"https:\\\/\\\/www.ahmadiyya-islam.org\\\/lt\\\/sventasis-koranas\\\/#primaryimage\",\"url\":\"https:\\\/\\\/www.ahmadiyya-islam.org\\\/lt\\\/wp-content\\\/uploads\\\/sites\\\/29\\\/2025\\\/12\\\/Koranas.jpg\",\"contentUrl\":\"https:\\\/\\\/www.ahmadiyya-islam.org\\\/lt\\\/wp-content\\\/uploads\\\/sites\\\/29\\\/2025\\\/12\\\/Koranas.jpg\",\"width\":1052,\"height\":585},{\"@type\":\"BreadcrumbList\",\"@id\":\"https:\\\/\\\/www.ahmadiyya-islam.org\\\/lt\\\/sventasis-koranas\\\/#breadcrumb\",\"itemListElement\":[{\"@type\":\"ListItem\",\"position\":1,\"name\":\"Home\",\"item\":\"https:\\\/\\\/www.ahmadiyya-islam.org\\\/lt\\\/\"},{\"@type\":\"ListItem\",\"position\":2,\"name\":\"\u0160ventasis Koranas\"}]},{\"@type\":\"WebSite\",\"@id\":\"https:\\\/\\\/www.ahmadiyya-islam.org\\\/lt\\\/#website\",\"url\":\"https:\\\/\\\/www.ahmadiyya-islam.org\\\/lt\\\/\",\"name\":\"Asociacija Ahmadija\",\"description\":\"Lietuva\",\"potentialAction\":[{\"@type\":\"SearchAction\",\"target\":{\"@type\":\"EntryPoint\",\"urlTemplate\":\"https:\\\/\\\/www.ahmadiyya-islam.org\\\/lt\\\/?s={search_term_string}\"},\"query-input\":{\"@type\":\"PropertyValueSpecification\",\"valueRequired\":true,\"valueName\":\"search_term_string\"}}],\"inLanguage\":\"lt-LT\"}]}<\/script>\n<!-- \/ Yoast SEO Premium plugin. -->","yoast_head_json":{"title":"\u0160ventasis Koranas - Asociacija Ahmadija","robots":{"index":"noindex","follow":"follow","max-snippet":"max-snippet:-1","max-image-preview":"max-image-preview:large","max-video-preview":"max-video-preview:-1"},"og_locale":"lt_LT","og_type":"article","og_title":"\u0160ventasis Koranas","og_description":"\u0160ventasis Koranas yra \u0160ventoji Knyga arba \u0160ventasis musulmon\u0173 Ra\u0161tas. Jame musulmonams para\u0161yti \u012fstatymai ir \u012fsakymai, elgesio normos socialiniam bei moraliniam elgimuisi, ir jame yra visapusi\u0161ka religin\u0117 filosofija. Koranas yra para\u0161ytas arab\u0173 kalba. Tai yra rinkinys sudarytas i\u0161 \u017eodini\u0173 aprei\u0161kim\u0173 duot\u0173 \u0160ventajam Prana\u0161am Muhammadui (sa) per 23-is metus. \u0160ventasis Koranas yra padalintas \u012f 114 skyrius, ir","og_url":"https:\/\/www.ahmadiyya-islam.org\/lt\/sventasis-koranas\/","og_site_name":"Asociacija Ahmadija","article_modified_time":"2025-12-12T16:41:20+00:00","og_image":[{"width":1052,"height":585,"url":"http:\/\/www.ahmadiyya-islam.org\/lt\/wp-content\/uploads\/sites\/29\/2025\/12\/Koranas.jpg","type":"image\/jpeg"}],"twitter_card":"summary_large_image","twitter_misc":{"Est. reading time":"2 minut\u0117s"},"schema":{"@context":"https:\/\/schema.org","@graph":[{"@type":"WebPage","@id":"https:\/\/www.ahmadiyya-islam.org\/lt\/sventasis-koranas\/","url":"https:\/\/www.ahmadiyya-islam.org\/lt\/sventasis-koranas\/","name":"\u0160ventasis Koranas - Asociacija Ahmadija","isPartOf":{"@id":"https:\/\/www.ahmadiyya-islam.org\/lt\/#website"},"primaryImageOfPage":{"@id":"https:\/\/www.ahmadiyya-islam.org\/lt\/sventasis-koranas\/#primaryimage"},"image":{"@id":"https:\/\/www.ahmadiyya-islam.org\/lt\/sventasis-koranas\/#primaryimage"},"thumbnailUrl":"https:\/\/www.ahmadiyya-islam.org\/lt\/wp-content\/uploads\/sites\/29\/2025\/12\/Koranas.jpg","datePublished":"2025-12-08T19:43:44+00:00","dateModified":"2025-12-12T16:41:20+00:00","breadcrumb":{"@id":"https:\/\/www.ahmadiyya-islam.org\/lt\/sventasis-koranas\/#breadcrumb"},"inLanguage":"lt-LT","potentialAction":[{"@type":"ReadAction","target":["https:\/\/www.ahmadiyya-islam.org\/lt\/sventasis-koranas\/"]}]},{"@type":"ImageObject","inLanguage":"lt-LT","@id":"https:\/\/www.ahmadiyya-islam.org\/lt\/sventasis-koranas\/#primaryimage","url":"https:\/\/www.ahmadiyya-islam.org\/lt\/wp-content\/uploads\/sites\/29\/2025\/12\/Koranas.jpg","contentUrl":"https:\/\/www.ahmadiyya-islam.org\/lt\/wp-content\/uploads\/sites\/29\/2025\/12\/Koranas.jpg","width":1052,"height":585},{"@type":"BreadcrumbList","@id":"https:\/\/www.ahmadiyya-islam.org\/lt\/sventasis-koranas\/#breadcrumb","itemListElement":[{"@type":"ListItem","position":1,"name":"Home","item":"https:\/\/www.ahmadiyya-islam.org\/lt\/"},{"@type":"ListItem","position":2,"name":"\u0160ventasis Koranas"}]},{"@type":"WebSite","@id":"https:\/\/www.ahmadiyya-islam.org\/lt\/#website","url":"https:\/\/www.ahmadiyya-islam.org\/lt\/","name":"Asociacija Ahmadija","description":"Lietuva","potentialAction":[{"@type":"SearchAction","target":{"@type":"EntryPoint","urlTemplate":"https:\/\/www.ahmadiyya-islam.org\/lt\/?s={search_term_string}"},"query-input":{"@type":"PropertyValueSpecification","valueRequired":true,"valueName":"search_term_string"}}],"inLanguage":"lt-LT"}]}},"_links":{"self":[{"href":"https:\/\/www.ahmadiyya-islam.org\/lt\/wp-json\/wp\/v2\/pages\/372","targetHints":{"allow":["GET"]}}],"collection":[{"href":"https:\/\/www.ahmadiyya-islam.org\/lt\/wp-json\/wp\/v2\/pages"}],"about":[{"href":"https:\/\/www.ahmadiyya-islam.org\/lt\/wp-json\/wp\/v2\/types\/page"}],"author":[{"embeddable":true,"href":"https:\/\/www.ahmadiyya-islam.org\/lt\/wp-json\/wp\/v2\/users\/90"}],"replies":[{"embeddable":true,"href":"https:\/\/www.ahmadiyya-islam.org\/lt\/wp-json\/wp\/v2\/comments?post=372"}],"version-history":[{"count":1,"href":"https:\/\/www.ahmadiyya-islam.org\/lt\/wp-json\/wp\/v2\/pages\/372\/revisions"}],"predecessor-version":[{"id":373,"href":"https:\/\/www.ahmadiyya-islam.org\/lt\/wp-json\/wp\/v2\/pages\/372\/revisions\/373"}],"wp:featuredmedia":[{"embeddable":true,"href":"https:\/\/www.ahmadiyya-islam.org\/lt\/wp-json\/wp\/v2\/media\/669"}],"wp:attachment":[{"href":"https:\/\/www.ahmadiyya-islam.org\/lt\/wp-json\/wp\/v2\/media?parent=372"}],"curies":[{"name":"wp","href":"https:\/\/api.w.org\/{rel}","templated":true}]}}