{"id":366,"date":"2025-12-08T20:28:27","date_gmt":"2025-12-08T18:28:27","guid":{"rendered":"https:\/\/www.ahmadiyya-islam.org\/lt\/?page_id=366"},"modified":"2025-12-12T18:44:46","modified_gmt":"2025-12-12T16:44:46","slug":"ahmadijos-musulmonu-bendruomene","status":"publish","type":"page","link":"https:\/\/www.ahmadiyya-islam.org\/lt\/ahmadijos-musulmonu-bendruomene\/","title":{"rendered":"Ahmadiyya"},"content":{"rendered":"<p><strong>Ahmadijos Musulmon\u0173 bendruomen\u0117<\/strong><\/p>\n<p>Bendruomen\u0117, kuri aktyviai dirba skleisdami taiki\u0105 Islamo \u017eini\u0105 visame pasaulyje. Islamas skatina religin\u0119 santarv\u0119 ir bendradarbiavim\u0105; \u0161i bendruomen\u0117 tiki, kad tolerancija ir pagarba yra taikios visuomen\u0117s pagrindas. Bendruomen\u0117 atsid\u0117jusi darbui su vis\u0173 tik\u0117jim\u0173 \u017emon\u0117mis, kad kiekvienas gal\u0117t\u0173 be kli\u016b\u010di\u0173 praktikuoti savo religij\u0105. Ji \u012fsipareigojusi tarnauti visuomenei, ar tai b\u016bt\u0173 l\u0117\u0161\u0173 rinkimas labdaros tikslais ar laikas, paskirtas i\u0161valyti m\u016bs\u0173 aplink\u0105. Bendruomen\u0117s nariai tiki, kad musulmon\u0173 pareiga yra tarnauti \u0161aliai, kurioje jie gyvena.<\/p>\n<p>\u012evairiose \u0161alyse bendruomen\u0117 organizuoja kasmetinius labdaros renginius, siekdama surinkti pinig\u0173 vietiniams, tautiniams ar tarptautiniams tikslams. Visos administravimo i\u0161laidos padengiamos bendruomen\u0117s, kad tiesiogiai visos surinktos aukos atitekt\u0173 labdarai.<\/p>\n","protected":false},"excerpt":{"rendered":"<p>Ahmadijos Musulmon\u0173 bendruomen\u0117 Bendruomen\u0117, kuri aktyviai dirba skleisdami taiki\u0105 Islamo \u017eini\u0105 visame pasaulyje. Islamas skatina religin\u0119 santarv\u0119 ir bendradarbiavim\u0105; \u0161i bendruomen\u0117 tiki, kad tolerancija ir pagarba yra taikios visuomen\u0117s pagrindas. Bendruomen\u0117 atsid\u0117jusi darbui su vis\u0173 tik\u0117jim\u0173 \u017emon\u0117mis, kad kiekvienas gal\u0117t\u0173 be kli\u016b\u010di\u0173 praktikuoti savo religij\u0105. Ji \u012fsipareigojusi tarnauti visuomenei, ar tai b\u016bt\u0173 l\u0117\u0161\u0173 rinkimas labdaros<\/p>\n","protected":false},"author":90,"featured_media":670,"parent":0,"menu_order":0,"comment_status":"closed","ping_status":"closed","template":"","meta":{"_acf_changed":false,"footnotes":""},"class_list":["post-366","page","type-page","status-publish","has-post-thumbnail","hentry"],"acf":[],"yoast_head":"<!-- This site is optimized with the Yoast SEO Premium plugin v21.1 (Yoast SEO v27.0) - https:\/\/yoast.com\/product\/yoast-seo-premium-wordpress\/ -->\n<title>Ahmadiyya - Asociacija Ahmadija<\/title>\n<meta name=\"robots\" content=\"noindex, follow, max-snippet:-1, max-image-preview:large, max-video-preview:-1\" \/>\n<meta property=\"og:locale\" content=\"lt_LT\" \/>\n<meta property=\"og:type\" content=\"article\" \/>\n<meta property=\"og:title\" content=\"Ahmadiyya\" \/>\n<meta property=\"og:description\" content=\"Ahmadijos Musulmon\u0173 bendruomen\u0117 Bendruomen\u0117, kuri aktyviai dirba skleisdami taiki\u0105 Islamo \u017eini\u0105 visame pasaulyje. Islamas skatina religin\u0119 santarv\u0119 ir bendradarbiavim\u0105; \u0161i bendruomen\u0117 tiki, kad tolerancija ir pagarba yra taikios visuomen\u0117s pagrindas. Bendruomen\u0117 atsid\u0117jusi darbui su vis\u0173 tik\u0117jim\u0173 \u017emon\u0117mis, kad kiekvienas gal\u0117t\u0173 be kli\u016b\u010di\u0173 praktikuoti savo religij\u0105. Ji \u012fsipareigojusi tarnauti visuomenei, ar tai b\u016bt\u0173 l\u0117\u0161\u0173 rinkimas labdaros\" \/>\n<meta property=\"og:url\" content=\"https:\/\/www.ahmadiyya-islam.org\/lt\/ahmadijos-musulmonu-bendruomene\/\" \/>\n<meta property=\"og:site_name\" content=\"Asociacija Ahmadija\" \/>\n<meta property=\"article:modified_time\" content=\"2025-12-12T16:44:46+00:00\" \/>\n<meta name=\"twitter:card\" content=\"summary_large_image\" \/>\n<meta name=\"twitter:label1\" content=\"Est. reading time\" \/>\n\t<meta name=\"twitter:data1\" content=\"1 minut\u0117\" \/>\n<script type=\"application\/ld+json\" class=\"yoast-schema-graph\">{\"@context\":\"https:\/\/schema.org\",\"@graph\":[{\"@type\":\"WebPage\",\"@id\":\"https:\/\/www.ahmadiyya-islam.org\/lt\/ahmadijos-musulmonu-bendruomene\/\",\"url\":\"https:\/\/www.ahmadiyya-islam.org\/lt\/ahmadijos-musulmonu-bendruomene\/\",\"name\":\"Ahmadiyya - Asociacija Ahmadija\",\"isPartOf\":{\"@id\":\"https:\/\/www.ahmadiyya-islam.org\/lt\/#website\"},\"primaryImageOfPage\":{\"@id\":\"https:\/\/www.ahmadiyya-islam.org\/lt\/ahmadijos-musulmonu-bendruomene\/#primaryimage\"},\"image\":{\"@id\":\"https:\/\/www.ahmadiyya-islam.org\/lt\/ahmadijos-musulmonu-bendruomene\/#primaryimage\"},\"thumbnailUrl\":\"https:\/\/www.ahmadiyya-islam.org\/lt\/wp-content\/uploads\/sites\/29\/2025\/12\/Islamabad_8.avif\",\"datePublished\":\"2025-12-08T18:28:27+00:00\",\"dateModified\":\"2025-12-12T16:44:46+00:00\",\"breadcrumb\":{\"@id\":\"https:\/\/www.ahmadiyya-islam.org\/lt\/ahmadijos-musulmonu-bendruomene\/#breadcrumb\"},\"inLanguage\":\"lt-LT\",\"potentialAction\":[{\"@type\":\"ReadAction\",\"target\":[\"https:\/\/www.ahmadiyya-islam.org\/lt\/ahmadijos-musulmonu-bendruomene\/\"]}]},{\"@type\":\"ImageObject\",\"inLanguage\":\"lt-LT\",\"@id\":\"https:\/\/www.ahmadiyya-islam.org\/lt\/ahmadijos-musulmonu-bendruomene\/#primaryimage\",\"url\":\"https:\/\/www.ahmadiyya-islam.org\/lt\/wp-content\/uploads\/sites\/29\/2025\/12\/Islamabad_8.avif\",\"contentUrl\":\"https:\/\/www.ahmadiyya-islam.org\/lt\/wp-content\/uploads\/sites\/29\/2025\/12\/Islamabad_8.avif\",\"width\":997,\"height\":664},{\"@type\":\"BreadcrumbList\",\"@id\":\"https:\/\/www.ahmadiyya-islam.org\/lt\/ahmadijos-musulmonu-bendruomene\/#breadcrumb\",\"itemListElement\":[{\"@type\":\"ListItem\",\"position\":1,\"name\":\"Home\",\"item\":\"https:\/\/www.ahmadiyya-islam.org\/lt\/\"},{\"@type\":\"ListItem\",\"position\":2,\"name\":\"Ahmadiyya\"}]},{\"@type\":\"WebSite\",\"@id\":\"https:\/\/www.ahmadiyya-islam.org\/lt\/#website\",\"url\":\"https:\/\/www.ahmadiyya-islam.org\/lt\/\",\"name\":\"Asociacija Ahmadija\",\"description\":\"Lietuva\",\"potentialAction\":[{\"@type\":\"SearchAction\",\"target\":{\"@type\":\"EntryPoint\",\"urlTemplate\":\"https:\/\/www.ahmadiyya-islam.org\/lt\/?s={search_term_string}\"},\"query-input\":{\"@type\":\"PropertyValueSpecification\",\"valueRequired\":true,\"valueName\":\"search_term_string\"}}],\"inLanguage\":\"lt-LT\"}]}<\/script>\n<!-- \/ Yoast SEO Premium plugin. -->","yoast_head_json":{"title":"Ahmadiyya - Asociacija Ahmadija","robots":{"index":"noindex","follow":"follow","max-snippet":"max-snippet:-1","max-image-preview":"max-image-preview:large","max-video-preview":"max-video-preview:-1"},"og_locale":"lt_LT","og_type":"article","og_title":"Ahmadiyya","og_description":"Ahmadijos Musulmon\u0173 bendruomen\u0117 Bendruomen\u0117, kuri aktyviai dirba skleisdami taiki\u0105 Islamo \u017eini\u0105 visame pasaulyje. Islamas skatina religin\u0119 santarv\u0119 ir bendradarbiavim\u0105; \u0161i bendruomen\u0117 tiki, kad tolerancija ir pagarba yra taikios visuomen\u0117s pagrindas. Bendruomen\u0117 atsid\u0117jusi darbui su vis\u0173 tik\u0117jim\u0173 \u017emon\u0117mis, kad kiekvienas gal\u0117t\u0173 be kli\u016b\u010di\u0173 praktikuoti savo religij\u0105. Ji \u012fsipareigojusi tarnauti visuomenei, ar tai b\u016bt\u0173 l\u0117\u0161\u0173 rinkimas labdaros","og_url":"https:\/\/www.ahmadiyya-islam.org\/lt\/ahmadijos-musulmonu-bendruomene\/","og_site_name":"Asociacija Ahmadija","article_modified_time":"2025-12-12T16:44:46+00:00","twitter_card":"summary_large_image","twitter_misc":{"Est. reading time":"1 minut\u0117"},"schema":{"@context":"https:\/\/schema.org","@graph":[{"@type":"WebPage","@id":"https:\/\/www.ahmadiyya-islam.org\/lt\/ahmadijos-musulmonu-bendruomene\/","url":"https:\/\/www.ahmadiyya-islam.org\/lt\/ahmadijos-musulmonu-bendruomene\/","name":"Ahmadiyya - Asociacija Ahmadija","isPartOf":{"@id":"https:\/\/www.ahmadiyya-islam.org\/lt\/#website"},"primaryImageOfPage":{"@id":"https:\/\/www.ahmadiyya-islam.org\/lt\/ahmadijos-musulmonu-bendruomene\/#primaryimage"},"image":{"@id":"https:\/\/www.ahmadiyya-islam.org\/lt\/ahmadijos-musulmonu-bendruomene\/#primaryimage"},"thumbnailUrl":"https:\/\/www.ahmadiyya-islam.org\/lt\/wp-content\/uploads\/sites\/29\/2025\/12\/Islamabad_8.avif","datePublished":"2025-12-08T18:28:27+00:00","dateModified":"2025-12-12T16:44:46+00:00","breadcrumb":{"@id":"https:\/\/www.ahmadiyya-islam.org\/lt\/ahmadijos-musulmonu-bendruomene\/#breadcrumb"},"inLanguage":"lt-LT","potentialAction":[{"@type":"ReadAction","target":["https:\/\/www.ahmadiyya-islam.org\/lt\/ahmadijos-musulmonu-bendruomene\/"]}]},{"@type":"ImageObject","inLanguage":"lt-LT","@id":"https:\/\/www.ahmadiyya-islam.org\/lt\/ahmadijos-musulmonu-bendruomene\/#primaryimage","url":"https:\/\/www.ahmadiyya-islam.org\/lt\/wp-content\/uploads\/sites\/29\/2025\/12\/Islamabad_8.avif","contentUrl":"https:\/\/www.ahmadiyya-islam.org\/lt\/wp-content\/uploads\/sites\/29\/2025\/12\/Islamabad_8.avif","width":997,"height":664},{"@type":"BreadcrumbList","@id":"https:\/\/www.ahmadiyya-islam.org\/lt\/ahmadijos-musulmonu-bendruomene\/#breadcrumb","itemListElement":[{"@type":"ListItem","position":1,"name":"Home","item":"https:\/\/www.ahmadiyya-islam.org\/lt\/"},{"@type":"ListItem","position":2,"name":"Ahmadiyya"}]},{"@type":"WebSite","@id":"https:\/\/www.ahmadiyya-islam.org\/lt\/#website","url":"https:\/\/www.ahmadiyya-islam.org\/lt\/","name":"Asociacija Ahmadija","description":"Lietuva","potentialAction":[{"@type":"SearchAction","target":{"@type":"EntryPoint","urlTemplate":"https:\/\/www.ahmadiyya-islam.org\/lt\/?s={search_term_string}"},"query-input":{"@type":"PropertyValueSpecification","valueRequired":true,"valueName":"search_term_string"}}],"inLanguage":"lt-LT"}]}},"_links":{"self":[{"href":"https:\/\/www.ahmadiyya-islam.org\/lt\/wp-json\/wp\/v2\/pages\/366","targetHints":{"allow":["GET"]}}],"collection":[{"href":"https:\/\/www.ahmadiyya-islam.org\/lt\/wp-json\/wp\/v2\/pages"}],"about":[{"href":"https:\/\/www.ahmadiyya-islam.org\/lt\/wp-json\/wp\/v2\/types\/page"}],"author":[{"embeddable":true,"href":"https:\/\/www.ahmadiyya-islam.org\/lt\/wp-json\/wp\/v2\/users\/90"}],"replies":[{"embeddable":true,"href":"https:\/\/www.ahmadiyya-islam.org\/lt\/wp-json\/wp\/v2\/comments?post=366"}],"version-history":[{"count":1,"href":"https:\/\/www.ahmadiyya-islam.org\/lt\/wp-json\/wp\/v2\/pages\/366\/revisions"}],"predecessor-version":[{"id":397,"href":"https:\/\/www.ahmadiyya-islam.org\/lt\/wp-json\/wp\/v2\/pages\/366\/revisions\/397"}],"wp:featuredmedia":[{"embeddable":true,"href":"https:\/\/www.ahmadiyya-islam.org\/lt\/wp-json\/wp\/v2\/media\/670"}],"wp:attachment":[{"href":"https:\/\/www.ahmadiyya-islam.org\/lt\/wp-json\/wp\/v2\/media?parent=366"}],"curies":[{"name":"wp","href":"https:\/\/api.w.org\/{rel}","templated":true}]}}