{"id":339,"date":"2025-12-08T19:24:51","date_gmt":"2025-12-08T17:24:51","guid":{"rendered":"https:\/\/www.ahmadiyya-islam.org\/lt\/?page_id=339"},"modified":"2025-12-08T20:36:05","modified_gmt":"2025-12-08T18:36:05","slug":"sventasis-karas","status":"publish","type":"page","link":"https:\/\/www.ahmadiyya-islam.org\/lt\/islamas\/sventasis-karas\/","title":{"rendered":"\u0160ventasis karas"},"content":{"rendered":"<p>Tai yra labai svarbi tema susijusi su skleidimu vis\u0173 dievi\u0161k\u0173j\u0173 \u017einu\u010di\u0173. Tai susij\u0119 su instrumentu informacijos sklidimo. Beveik vis\u0173 religij\u0173 \u0161alininkai, kai jie tolsta nuo \u0161altinio, visada yra \u017einomi pasitelk\u0119 prievart\u0105 arba i\u0161laikyti \u017emones toje religijoje arba konvertuoti \u017emones i\u0161 kit\u0173 religij\u0173 \u012f j\u0173 religij\u0105. Bet pasak, \u0160ventojo Korano, tai jokiu b\u016bdu neatspindi j\u0173 religijos po\u017ei\u016brio tokiam smurtui. Jokia religija jos \u0161altinyje (i\u0161takose) neleido jokiu b\u016bdu naudoti j\u0117g\u0105 prievartai bet kokia forma. I\u0161tikro, visos religijos buvo padarytos prievartos taikiniais ir jokios pastangos nebuvo pagail\u0117tos j\u0173 oponent\u0173 sulaikyti religij\u0173 augim\u0105 j\u0173 prad\u017eioje ir sunaikinti jas visi\u0161kai. Kiekvien\u0105 kart\u0105 at\u0117jus naujam prana\u0161ui, visada budavo atliekami bandymai prie\u0161\u0173 sustabdyti jo skleid\u017eiam\u0105 \u017eini\u0105 naudojant j\u0117g\u0105 ir prievart\u0105 ir negailestingus persekiojimus. Yra tragi\u0161kiausia ironija, kad i\u0161 vis\u0173 knyg\u0173, \u0160ventasis Koranas yra i\u0161skiriamas \u0161iandien\u0105 kaip prievartos vartojimo \u0161alininkas jo \u017einut\u0117s skleidimui. Net didesn\u0117 tragedija yra tai, kad b\u016btent musulmon\u0173 dvasininkai patys garsiai skelbia \u0161\u012f po\u017ei\u016br\u012f akivaizd\u017eiai priskirdami tai \u0160ventajam Koranui.<\/p>\n<p>Tur\u0117t\u0173 b\u016bti prisimenama, kad \u0160ventasis Koranas yra vienintel\u0117 knyga, kuri i\u0161teisina visus \u0161io pasaulio prana\u0161us, nesvarbu kur ir kokiame am\u017eiuje jie b\u016bt\u0173 gim\u0119, nuo nusikaltimo vartojimo prievartos j\u0173 \u017einut\u0117s skleidimui. Tod\u0117l yra nesuvokiama, kad \u0160ventasis Koranas tur\u0117t\u0173 pristatyti \u0160ventaj\u012f Prana\u0161\u0105 (sa) kaip ne\u0161\u0117j\u0119 eros kraujo praliejimo, taikos ir neapykantos vardu ir Dievo vardu. Tai n\u0117ra vieta aptarti \u012fmantrias diskusijas, tad \u0161is trumpas pristatymas tur\u0117t\u0173 b\u016bti tinkamas \u010dia. Pasak Korano, \u0160ventasis Karas, taip vadinamasis D\u017eihadas, realyb\u0117je yra \u0161ventasis \u017eygis, kuris naudoja Korano pagalb\u0105 siekiant atne\u0161ti dvasin\u0119 revoliucij\u0105 pasaulyje.<\/p>\n<blockquote>\n<p style=\"text-align: center\"><span class=\"quranic\">\u0648\u064e\u062c\u064e\u0627\u06c1\u0650\u062f\u06e1\u06c1\u064f\u0645\u06e1\u00a0\u0628\u0650\u06c1\u0656\u00a0\u062c\u0650\u06c1\u064e\u0627\u062f\u064b\u0627\u00a0\u06a9\u064e\u0628\u0650\u06cc\u06e1\u0631\u064b\u0627<\/span><\/p>\n<p style=\"text-align: center\"><em>ta\u010diau stenkit\u0117s su juo (Koranu) prie\u0161 juos did\u017eiai stengtis. <\/em><em>(\u0160ventasis Koranas 25:53)<\/em><\/p>\n<\/blockquote>\n<p>Tai yra Korano \u017eod\u017eiai, kurie ap\u0161vie\u010dia tikraj\u0105 D\u017eihado prigimt\u012f. D\u017eihadas turi b\u016bti kovojamas vien tik Korano ir korani\u0161kosios \u017einut\u0117s pagalba. V\u0117lgi, prisijaukinti \u017emogaus mai\u0161ting\u0105 prigimt\u012f \u012f visi\u0161k\u0105 nuolankum\u0105 Dievui yra kita D\u017eihado forma, kuri i\u0161tikro yra didesnis d\u017eihadas, pasak Islamo \u0160ventojo Prana\u0161o (sa).<\/p>\n<p>Gr\u012f\u017edamas i\u0161 kovos, jis yra pasak\u0119s:<\/p>\n<blockquote><p><em><span class=\"quranic arabic\">\u0631\u064e\u062c\u064e\u0639\u0652\u0646\u064e\u0627 \u0645\u0650\u0646\u064e \u0627\u0644\u062c\u0650\u0647\u064e\u0627\u062f\u0650 \u0627\u0644\u0623\u064e\u0635\u0652\u063a\u064e\u0631\u0650 \u0625\u0650\u0644\u064e\u0649 \u0627\u0644\u062c\u0650\u0647\u064e\u0627\u062f\u0650 \u0627\u0644\u0623\u064e\u0643\u0652\u0628\u064e\u0631\u0650<\/span><\/em><\/p>\n<p style=\"text-align: center\">Mes sugry\u017etame i\u0161 ma\u017eesnio d\u017eihado \u012f didesn\u012f d\u017eihad\u0105.<\/p>\n<\/blockquote>\n<p>\u017dinoma, gynamasis karas yra leid\u017eiamas su s\u0105lyga, kad prie\u0161ai inicijuoja karo veiksmus ir pakelia kard\u0105 prie\u0161 silpnus, negalin\u010dius apsiginti \u017emones kurie padar\u0117 tik vien\u0105 nusikaltim\u0105 \u2013 paskelbdami, kad Dievas yra j\u0173 Vie\u0161pats. Visi puolamieji karai pasak Islamo yra nuod\u0117mingi.<\/p>\n","protected":false},"excerpt":{"rendered":"<p>Tai yra labai svarbi tema susijusi su skleidimu vis\u0173 dievi\u0161k\u0173j\u0173 \u017einu\u010di\u0173. Tai susij\u0119 su instrumentu informacijos sklidimo. Beveik vis\u0173 religij\u0173 \u0161alininkai, kai jie tolsta nuo \u0161altinio, visada yra \u017einomi pasitelk\u0119 prievart\u0105 arba i\u0161laikyti \u017emones toje religijoje arba konvertuoti \u017emones i\u0161 kit\u0173 religij\u0173 \u012f j\u0173 religij\u0105. Bet pasak, \u0160ventojo Korano, tai jokiu b\u016bdu neatspindi j\u0173 religijos<\/p>\n","protected":false},"author":90,"featured_media":0,"parent":305,"menu_order":9,"comment_status":"closed","ping_status":"closed","template":"","meta":{"_acf_changed":false,"footnotes":""},"class_list":["post-339","page","type-page","status-publish","hentry"],"acf":[],"yoast_head":"<!-- This site is optimized with the Yoast SEO Premium plugin v21.1 (Yoast SEO v27.4) - https:\/\/yoast.com\/product\/yoast-seo-premium-wordpress\/ -->\n<title>\u0160ventasis karas - Asociacija Ahmadija<\/title>\n<meta name=\"robots\" content=\"noindex, follow, max-snippet:-1, max-image-preview:large, max-video-preview:-1\" \/>\n<meta property=\"og:locale\" content=\"lt_LT\" \/>\n<meta property=\"og:type\" content=\"article\" \/>\n<meta property=\"og:title\" content=\"\u0160ventasis karas\" \/>\n<meta property=\"og:description\" content=\"Tai yra labai svarbi tema susijusi su skleidimu vis\u0173 dievi\u0161k\u0173j\u0173 \u017einu\u010di\u0173. Tai susij\u0119 su instrumentu informacijos sklidimo. Beveik vis\u0173 religij\u0173 \u0161alininkai, kai jie tolsta nuo \u0161altinio, visada yra \u017einomi pasitelk\u0119 prievart\u0105 arba i\u0161laikyti \u017emones toje religijoje arba konvertuoti \u017emones i\u0161 kit\u0173 religij\u0173 \u012f j\u0173 religij\u0105. Bet pasak, \u0160ventojo Korano, tai jokiu b\u016bdu neatspindi j\u0173 religijos\" \/>\n<meta property=\"og:url\" content=\"https:\/\/www.ahmadiyya-islam.org\/lt\/islamas\/sventasis-karas\/\" \/>\n<meta property=\"og:site_name\" content=\"Asociacija Ahmadija\" \/>\n<meta property=\"article:modified_time\" content=\"2025-12-08T18:36:05+00:00\" \/>\n<meta name=\"twitter:card\" content=\"summary_large_image\" \/>\n<meta name=\"twitter:label1\" content=\"Est. reading time\" \/>\n\t<meta name=\"twitter:data1\" content=\"2 minut\u0117s\" \/>\n<script type=\"application\/ld+json\" class=\"yoast-schema-graph\">{\"@context\":\"https:\\\/\\\/schema.org\",\"@graph\":[{\"@type\":\"WebPage\",\"@id\":\"https:\\\/\\\/www.ahmadiyya-islam.org\\\/lt\\\/islamas\\\/sventasis-karas\\\/\",\"url\":\"https:\\\/\\\/www.ahmadiyya-islam.org\\\/lt\\\/islamas\\\/sventasis-karas\\\/\",\"name\":\"\u0160ventasis karas - Asociacija Ahmadija\",\"isPartOf\":{\"@id\":\"https:\\\/\\\/www.ahmadiyya-islam.org\\\/lt\\\/#website\"},\"datePublished\":\"2025-12-08T17:24:51+00:00\",\"dateModified\":\"2025-12-08T18:36:05+00:00\",\"breadcrumb\":{\"@id\":\"https:\\\/\\\/www.ahmadiyya-islam.org\\\/lt\\\/islamas\\\/sventasis-karas\\\/#breadcrumb\"},\"inLanguage\":\"lt-LT\",\"potentialAction\":[{\"@type\":\"ReadAction\",\"target\":[\"https:\\\/\\\/www.ahmadiyya-islam.org\\\/lt\\\/islamas\\\/sventasis-karas\\\/\"]}]},{\"@type\":\"BreadcrumbList\",\"@id\":\"https:\\\/\\\/www.ahmadiyya-islam.org\\\/lt\\\/islamas\\\/sventasis-karas\\\/#breadcrumb\",\"itemListElement\":[{\"@type\":\"ListItem\",\"position\":1,\"name\":\"Home\",\"item\":\"https:\\\/\\\/www.ahmadiyya-islam.org\\\/lt\\\/\"},{\"@type\":\"ListItem\",\"position\":2,\"name\":\"Islamas\",\"item\":\"https:\\\/\\\/www.ahmadiyya-islam.org\\\/lt\\\/islamas\\\/\"},{\"@type\":\"ListItem\",\"position\":3,\"name\":\"\u0160ventasis karas\"}]},{\"@type\":\"WebSite\",\"@id\":\"https:\\\/\\\/www.ahmadiyya-islam.org\\\/lt\\\/#website\",\"url\":\"https:\\\/\\\/www.ahmadiyya-islam.org\\\/lt\\\/\",\"name\":\"Asociacija Ahmadija\",\"description\":\"Lietuva\",\"potentialAction\":[{\"@type\":\"SearchAction\",\"target\":{\"@type\":\"EntryPoint\",\"urlTemplate\":\"https:\\\/\\\/www.ahmadiyya-islam.org\\\/lt\\\/?s={search_term_string}\"},\"query-input\":{\"@type\":\"PropertyValueSpecification\",\"valueRequired\":true,\"valueName\":\"search_term_string\"}}],\"inLanguage\":\"lt-LT\"}]}<\/script>\n<!-- \/ Yoast SEO Premium plugin. -->","yoast_head_json":{"title":"\u0160ventasis karas - Asociacija Ahmadija","robots":{"index":"noindex","follow":"follow","max-snippet":"max-snippet:-1","max-image-preview":"max-image-preview:large","max-video-preview":"max-video-preview:-1"},"og_locale":"lt_LT","og_type":"article","og_title":"\u0160ventasis karas","og_description":"Tai yra labai svarbi tema susijusi su skleidimu vis\u0173 dievi\u0161k\u0173j\u0173 \u017einu\u010di\u0173. Tai susij\u0119 su instrumentu informacijos sklidimo. Beveik vis\u0173 religij\u0173 \u0161alininkai, kai jie tolsta nuo \u0161altinio, visada yra \u017einomi pasitelk\u0119 prievart\u0105 arba i\u0161laikyti \u017emones toje religijoje arba konvertuoti \u017emones i\u0161 kit\u0173 religij\u0173 \u012f j\u0173 religij\u0105. Bet pasak, \u0160ventojo Korano, tai jokiu b\u016bdu neatspindi j\u0173 religijos","og_url":"https:\/\/www.ahmadiyya-islam.org\/lt\/islamas\/sventasis-karas\/","og_site_name":"Asociacija Ahmadija","article_modified_time":"2025-12-08T18:36:05+00:00","twitter_card":"summary_large_image","twitter_misc":{"Est. reading time":"2 minut\u0117s"},"schema":{"@context":"https:\/\/schema.org","@graph":[{"@type":"WebPage","@id":"https:\/\/www.ahmadiyya-islam.org\/lt\/islamas\/sventasis-karas\/","url":"https:\/\/www.ahmadiyya-islam.org\/lt\/islamas\/sventasis-karas\/","name":"\u0160ventasis karas - Asociacija Ahmadija","isPartOf":{"@id":"https:\/\/www.ahmadiyya-islam.org\/lt\/#website"},"datePublished":"2025-12-08T17:24:51+00:00","dateModified":"2025-12-08T18:36:05+00:00","breadcrumb":{"@id":"https:\/\/www.ahmadiyya-islam.org\/lt\/islamas\/sventasis-karas\/#breadcrumb"},"inLanguage":"lt-LT","potentialAction":[{"@type":"ReadAction","target":["https:\/\/www.ahmadiyya-islam.org\/lt\/islamas\/sventasis-karas\/"]}]},{"@type":"BreadcrumbList","@id":"https:\/\/www.ahmadiyya-islam.org\/lt\/islamas\/sventasis-karas\/#breadcrumb","itemListElement":[{"@type":"ListItem","position":1,"name":"Home","item":"https:\/\/www.ahmadiyya-islam.org\/lt\/"},{"@type":"ListItem","position":2,"name":"Islamas","item":"https:\/\/www.ahmadiyya-islam.org\/lt\/islamas\/"},{"@type":"ListItem","position":3,"name":"\u0160ventasis karas"}]},{"@type":"WebSite","@id":"https:\/\/www.ahmadiyya-islam.org\/lt\/#website","url":"https:\/\/www.ahmadiyya-islam.org\/lt\/","name":"Asociacija Ahmadija","description":"Lietuva","potentialAction":[{"@type":"SearchAction","target":{"@type":"EntryPoint","urlTemplate":"https:\/\/www.ahmadiyya-islam.org\/lt\/?s={search_term_string}"},"query-input":{"@type":"PropertyValueSpecification","valueRequired":true,"valueName":"search_term_string"}}],"inLanguage":"lt-LT"}]}},"_links":{"self":[{"href":"https:\/\/www.ahmadiyya-islam.org\/lt\/wp-json\/wp\/v2\/pages\/339","targetHints":{"allow":["GET"]}}],"collection":[{"href":"https:\/\/www.ahmadiyya-islam.org\/lt\/wp-json\/wp\/v2\/pages"}],"about":[{"href":"https:\/\/www.ahmadiyya-islam.org\/lt\/wp-json\/wp\/v2\/types\/page"}],"author":[{"embeddable":true,"href":"https:\/\/www.ahmadiyya-islam.org\/lt\/wp-json\/wp\/v2\/users\/90"}],"replies":[{"embeddable":true,"href":"https:\/\/www.ahmadiyya-islam.org\/lt\/wp-json\/wp\/v2\/comments?post=339"}],"version-history":[{"count":2,"href":"https:\/\/www.ahmadiyya-islam.org\/lt\/wp-json\/wp\/v2\/pages\/339\/revisions"}],"predecessor-version":[{"id":361,"href":"https:\/\/www.ahmadiyya-islam.org\/lt\/wp-json\/wp\/v2\/pages\/339\/revisions\/361"}],"up":[{"embeddable":true,"href":"https:\/\/www.ahmadiyya-islam.org\/lt\/wp-json\/wp\/v2\/pages\/305"}],"wp:attachment":[{"href":"https:\/\/www.ahmadiyya-islam.org\/lt\/wp-json\/wp\/v2\/media?parent=339"}],"curies":[{"name":"wp","href":"https:\/\/api.w.org\/{rel}","templated":true}]}}