{"id":335,"date":"2025-12-08T19:01:43","date_gmt":"2025-12-08T17:01:43","guid":{"rendered":"https:\/\/www.ahmadiyya-islam.org\/lt\/?page_id=335"},"modified":"2025-12-18T18:53:47","modified_gmt":"2025-12-18T16:53:47","slug":"hadz","status":"publish","type":"page","link":"https:\/\/www.ahmadiyya-islam.org\/lt\/islamas\/hadz\/","title":{"rendered":"Had\u017e"},"content":{"rendered":"<p>Dar vienas pavyzdys, kuris demonstruoja Islamo draudim\u0173 universalum\u0105 susijus\u012f su religija yra\u00a0<em>Had\u017e<\/em>, piligrimyst\u0117. Piligrimyst\u0117s \u012fvedim\u0105 galime rasti visose pasaulio religijose, bet piligrimyst\u0117s vietos yra i\u0161sim\u0117\u010diusios skirtingose vietose, vienoje ar keliose \u0161alyse. \u017dmogus negali rasti vienos centrin\u0117s vietos, kuri\u0105 visi religijos siek\u0117jai turi aplankyti bent vien\u0105 kart\u0105 j\u0173 gyvenime. Yra nuostabu, kad Islame mes randame b\u016btent toki\u0105 viet\u0105 Mecca (Meka), kur yra tikimasi i\u0161 musulmon\u0173 visame pasaulyje susirinkti ir praleisti apie de\u0161imt dien\u0173 visi\u0161kai paskirt\u0173 Dievo atminimui. Piligrimai i\u0161 vis\u0173 \u0161ali\u0173, taut\u0173 ir vis\u0173 rasi\u0173 bei am\u017ei\u0173, vyrai, moterys ir vaikai, jie visi susirenka vien\u0105 kart\u0105 metuose fantastiniam raliui, kuris kartais yra skai\u010diuojamas milijonais. \u0160is didis atvaizdavimas universalumo n\u0117ra matomas jokioje kitoje religijoje. Tod\u0117l, visi tie pir\u0161tai, kurie buvo pakeliami skirtingose Islamo mokymo srityse, nurodo \u012f t\u0105 pa\u010di\u0105 \u017emoni\u0173 susivienijimo \u017einute \u017eem\u0117je po Dievo Vienumu.<\/p>\n<p>Piligrimyst\u0117s \u012fvedimas gali b\u016bti atsektas iki Abraomo (as) laik\u0173. Korane yra labai ai\u0161k\u016bs parei\u0161kimai apib\u016bdinantys tai kaip senovin\u0119 institucij\u0105, prasid\u0117jusi\u0105 nuo neatmenam\u0173 laik\u0173 kai pirmasis Dievo Namas buvo pastatytas Mekoje. Senoviniais laikais Meka buvo tariama kaip <em>Baka<\/em>, taigi \u0160ventasis Koranas nurodo pirm\u0105j\u012f nam\u0105 pastatyt\u0105 ne Mekoje, bet\u00a0<em>Baka<\/em>. Tai taip pat yra vadinamas\u00a0<em>Bait-ul-Ateeq<\/em>, arba seniausias namas. Abraomas (as) prik\u0117l\u0117 j\u012f i\u0161 griuv\u0117si\u0173, kuriuos jis rado sekdamas dievi\u0161kuosius nurodymus, ir jis buvo pasakytas Dievo atstatyti su savo sunaus Ismaelio (as) pagalba. Tai, taip pat, yra ta pati vieta, kur jis paliko savo \u017emon\u0105 Hagar ir k\u016bdik\u012f s\u016bn\u0173 Ismael\u012f (as), v\u0117lgi su dievi\u0161k\u0105ja instrukcija. Bet darbas reikalingas atlikti Dievo Namui lauk\u0117 d\u0117mesio iki kol Ismaelis (as) paaugo iki am\u017eiaus, kur jis gal\u0117jo pad\u0117ti savo t\u0117vui. Taigi, abu jie dirbo kartu siekdami atstatyti nam\u0105 ir prad\u0117ti piligrimyst\u0117s \u012fvedim\u0105.<\/p>\n<p>Daug apeig\u0173 atliekam\u0173 per piligrimyst\u0119 yra i\u0161si\u0161aknyje tose ankstyvosiose dienose Dievo Namo atstatymo, ir kai kurios net prie\u0161 jas. Pavyzd\u017eiui, b\u0117gimas tarp\u00a0<em>Safa\u00a0<\/em>ir\u00a0<em>Marwah\u00a0<\/em>dvej\u0173 ma\u017e\u0173 kalv\u0173 arti Dievo Namo, yra daromas siekiant prisiminti, kai Hagar ie\u0161kojo \u017emogaus p\u0117dsak\u0173 \u017eenkl\u0173 pad\u0117ti jai ir jos vaikui sunkiomis valandomis. Vaikas yra apib\u016bdinamas , kaip labai neramus d\u0117l agonijos tro\u0161kulio, ir net spyr\u0117 su koja \u012f \u017eem\u0119 i\u0161 tos nevilties. Toje vietoje, sakoma i\u0161try\u0161ko fontanas, kuris egzistuoja ir dabar. V\u0117liau \u0161ulinys buvo padarytas aplink t\u0105 viet\u0105 ir jo vanduo yra laikomas palaimintu vandeniu. Dauguma piligrim\u0173, kurie atlieka Had\u017e bando pasiimti \u0161iek tiek vandens i\u0161 ten nor\u0117dami palaiminti savo gimines bei draugus.<\/p>\n<p>Yra ir kitos apeigos ir tradicijos kurios tur\u0117t\u0173 b\u016bti trumpai paai\u0161kintos. Atlikdami Had\u017e piligrimai ned\u0117vi joki\u0173 siut\u0173 drabu\u017ei\u0173, jie rengiasi dvejomis laisvomis paklod\u0117mis. Tai nurodo, kad \u0161i tradicija yra senovin\u0117.\u00a0 Taip pat nurodo, kad Had\u017e institucija prasid\u0117jo tais laikais kai \u017emogus dar nubuvo i\u0161mok\u0119s pasi\u016bti drabu\u017ei\u0173. \u017dmon\u0117s tik prad\u0117jo save pridengti. Tod\u0117l atrodo, kad nor\u0117dami atminti tuos senovinius \u017emones, kurie \u0117jo ratais apie pirm\u0105j\u012f nam\u0105 pastatyt\u0105 garbinti Diev\u0105 vilk\u0117dami tokias primityvias sukneles, piligrimai yra reikalaujami daryti t\u0105 pat\u012f. Taip pat galvos skutimas yra svarbus bruo\u017eas, kuris yra universaliai randamas kaip simbolis atsidavimo tarp vienuoli\u0173, dvasinink\u0173, atsiskyr\u0117li\u0173 ir vi\u0161n\u0173. Tai tik toliau prideda prie universalumo to charakterio. Moterys yra i\u0161imtis nuo galvos skutimo, ta\u010diau simboli\u0161kai jos nusikerpa savo plaukus kaip atminimo dovan\u0105. Taip pat vietose, kur Hazrat Abraomas (as) yra \u017einomas prisimin\u0119s Diev\u0105 jausmingai ir i\u0161auk\u0161tin\u0119s Jo \u0161lov\u0119 garsiai melsdamasis, piligrimai yra reikalaujami daryti t\u0105 pat\u012f tose pat vietose.<\/p>\n","protected":false},"excerpt":{"rendered":"<p>Dar vienas pavyzdys, kuris demonstruoja Islamo draudim\u0173 universalum\u0105 susijus\u012f su religija yra\u00a0Had\u017e, piligrimyst\u0117. Piligrimyst\u0117s \u012fvedim\u0105 galime rasti visose pasaulio religijose, bet piligrimyst\u0117s vietos yra i\u0161sim\u0117\u010diusios skirtingose vietose, vienoje ar keliose \u0161alyse. \u017dmogus negali rasti vienos centrin\u0117s vietos, kuri\u0105 visi religijos siek\u0117jai turi aplankyti bent vien\u0105 kart\u0105 j\u0173 gyvenime. Yra nuostabu, kad Islame mes randame b\u016btent<\/p>\n","protected":false},"author":90,"featured_media":667,"parent":305,"menu_order":7,"comment_status":"closed","ping_status":"closed","template":"","meta":{"_acf_changed":false,"footnotes":""},"class_list":["post-335","page","type-page","status-publish","has-post-thumbnail","hentry"],"acf":[],"yoast_head":"<!-- This site is optimized with the Yoast SEO Premium plugin v21.1 (Yoast SEO v27.4) - https:\/\/yoast.com\/product\/yoast-seo-premium-wordpress\/ -->\n<title>Had\u017e - Asociacija Ahmadija<\/title>\n<meta name=\"robots\" content=\"noindex, follow, max-snippet:-1, max-image-preview:large, max-video-preview:-1\" \/>\n<meta property=\"og:locale\" content=\"lt_LT\" \/>\n<meta property=\"og:type\" content=\"article\" \/>\n<meta property=\"og:title\" content=\"Had\u017e\" \/>\n<meta property=\"og:description\" content=\"Dar vienas pavyzdys, kuris demonstruoja Islamo draudim\u0173 universalum\u0105 susijus\u012f su religija yra\u00a0Had\u017e, piligrimyst\u0117. Piligrimyst\u0117s \u012fvedim\u0105 galime rasti visose pasaulio religijose, bet piligrimyst\u0117s vietos yra i\u0161sim\u0117\u010diusios skirtingose vietose, vienoje ar keliose \u0161alyse. \u017dmogus negali rasti vienos centrin\u0117s vietos, kuri\u0105 visi religijos siek\u0117jai turi aplankyti bent vien\u0105 kart\u0105 j\u0173 gyvenime. Yra nuostabu, kad Islame mes randame b\u016btent\" \/>\n<meta property=\"og:url\" content=\"https:\/\/www.ahmadiyya-islam.org\/lt\/islamas\/hadz\/\" \/>\n<meta property=\"og:site_name\" content=\"Asociacija Ahmadija\" \/>\n<meta property=\"article:modified_time\" content=\"2025-12-18T16:53:47+00:00\" \/>\n<meta property=\"og:image\" content=\"http:\/\/www.ahmadiyya-islam.org\/lt\/wp-content\/uploads\/sites\/29\/2025\/12\/Kaaba-at-Night.jpg\" \/>\n\t<meta property=\"og:image:width\" content=\"2000\" \/>\n\t<meta property=\"og:image:height\" content=\"1439\" \/>\n\t<meta property=\"og:image:type\" content=\"image\/jpeg\" \/>\n<meta name=\"twitter:card\" content=\"summary_large_image\" \/>\n<meta name=\"twitter:label1\" content=\"Est. reading time\" \/>\n\t<meta name=\"twitter:data1\" content=\"4 minut\u0117s\" \/>\n<script type=\"application\/ld+json\" class=\"yoast-schema-graph\">{\"@context\":\"https:\\\/\\\/schema.org\",\"@graph\":[{\"@type\":\"WebPage\",\"@id\":\"https:\\\/\\\/www.ahmadiyya-islam.org\\\/lt\\\/islamas\\\/hadz\\\/\",\"url\":\"https:\\\/\\\/www.ahmadiyya-islam.org\\\/lt\\\/islamas\\\/hadz\\\/\",\"name\":\"Had\u017e - Asociacija Ahmadija\",\"isPartOf\":{\"@id\":\"https:\\\/\\\/www.ahmadiyya-islam.org\\\/lt\\\/#website\"},\"primaryImageOfPage\":{\"@id\":\"https:\\\/\\\/www.ahmadiyya-islam.org\\\/lt\\\/islamas\\\/hadz\\\/#primaryimage\"},\"image\":{\"@id\":\"https:\\\/\\\/www.ahmadiyya-islam.org\\\/lt\\\/islamas\\\/hadz\\\/#primaryimage\"},\"thumbnailUrl\":\"https:\\\/\\\/www.ahmadiyya-islam.org\\\/lt\\\/wp-content\\\/uploads\\\/sites\\\/29\\\/2025\\\/12\\\/Kaaba-at-Night.jpg\",\"datePublished\":\"2025-12-08T17:01:43+00:00\",\"dateModified\":\"2025-12-18T16:53:47+00:00\",\"breadcrumb\":{\"@id\":\"https:\\\/\\\/www.ahmadiyya-islam.org\\\/lt\\\/islamas\\\/hadz\\\/#breadcrumb\"},\"inLanguage\":\"lt-LT\",\"potentialAction\":[{\"@type\":\"ReadAction\",\"target\":[\"https:\\\/\\\/www.ahmadiyya-islam.org\\\/lt\\\/islamas\\\/hadz\\\/\"]}]},{\"@type\":\"ImageObject\",\"inLanguage\":\"lt-LT\",\"@id\":\"https:\\\/\\\/www.ahmadiyya-islam.org\\\/lt\\\/islamas\\\/hadz\\\/#primaryimage\",\"url\":\"https:\\\/\\\/www.ahmadiyya-islam.org\\\/lt\\\/wp-content\\\/uploads\\\/sites\\\/29\\\/2025\\\/12\\\/Kaaba-at-Night.jpg\",\"contentUrl\":\"https:\\\/\\\/www.ahmadiyya-islam.org\\\/lt\\\/wp-content\\\/uploads\\\/sites\\\/29\\\/2025\\\/12\\\/Kaaba-at-Night.jpg\",\"width\":2000,\"height\":1439},{\"@type\":\"BreadcrumbList\",\"@id\":\"https:\\\/\\\/www.ahmadiyya-islam.org\\\/lt\\\/islamas\\\/hadz\\\/#breadcrumb\",\"itemListElement\":[{\"@type\":\"ListItem\",\"position\":1,\"name\":\"Home\",\"item\":\"https:\\\/\\\/www.ahmadiyya-islam.org\\\/lt\\\/\"},{\"@type\":\"ListItem\",\"position\":2,\"name\":\"Islamas\",\"item\":\"https:\\\/\\\/www.ahmadiyya-islam.org\\\/lt\\\/islamas\\\/\"},{\"@type\":\"ListItem\",\"position\":3,\"name\":\"Had\u017e\"}]},{\"@type\":\"WebSite\",\"@id\":\"https:\\\/\\\/www.ahmadiyya-islam.org\\\/lt\\\/#website\",\"url\":\"https:\\\/\\\/www.ahmadiyya-islam.org\\\/lt\\\/\",\"name\":\"Asociacija Ahmadija\",\"description\":\"Lietuva\",\"potentialAction\":[{\"@type\":\"SearchAction\",\"target\":{\"@type\":\"EntryPoint\",\"urlTemplate\":\"https:\\\/\\\/www.ahmadiyya-islam.org\\\/lt\\\/?s={search_term_string}\"},\"query-input\":{\"@type\":\"PropertyValueSpecification\",\"valueRequired\":true,\"valueName\":\"search_term_string\"}}],\"inLanguage\":\"lt-LT\"}]}<\/script>\n<!-- \/ Yoast SEO Premium plugin. -->","yoast_head_json":{"title":"Had\u017e - Asociacija Ahmadija","robots":{"index":"noindex","follow":"follow","max-snippet":"max-snippet:-1","max-image-preview":"max-image-preview:large","max-video-preview":"max-video-preview:-1"},"og_locale":"lt_LT","og_type":"article","og_title":"Had\u017e","og_description":"Dar vienas pavyzdys, kuris demonstruoja Islamo draudim\u0173 universalum\u0105 susijus\u012f su religija yra\u00a0Had\u017e, piligrimyst\u0117. Piligrimyst\u0117s \u012fvedim\u0105 galime rasti visose pasaulio religijose, bet piligrimyst\u0117s vietos yra i\u0161sim\u0117\u010diusios skirtingose vietose, vienoje ar keliose \u0161alyse. \u017dmogus negali rasti vienos centrin\u0117s vietos, kuri\u0105 visi religijos siek\u0117jai turi aplankyti bent vien\u0105 kart\u0105 j\u0173 gyvenime. Yra nuostabu, kad Islame mes randame b\u016btent","og_url":"https:\/\/www.ahmadiyya-islam.org\/lt\/islamas\/hadz\/","og_site_name":"Asociacija Ahmadija","article_modified_time":"2025-12-18T16:53:47+00:00","og_image":[{"width":2000,"height":1439,"url":"http:\/\/www.ahmadiyya-islam.org\/lt\/wp-content\/uploads\/sites\/29\/2025\/12\/Kaaba-at-Night.jpg","type":"image\/jpeg"}],"twitter_card":"summary_large_image","twitter_misc":{"Est. reading time":"4 minut\u0117s"},"schema":{"@context":"https:\/\/schema.org","@graph":[{"@type":"WebPage","@id":"https:\/\/www.ahmadiyya-islam.org\/lt\/islamas\/hadz\/","url":"https:\/\/www.ahmadiyya-islam.org\/lt\/islamas\/hadz\/","name":"Had\u017e - Asociacija Ahmadija","isPartOf":{"@id":"https:\/\/www.ahmadiyya-islam.org\/lt\/#website"},"primaryImageOfPage":{"@id":"https:\/\/www.ahmadiyya-islam.org\/lt\/islamas\/hadz\/#primaryimage"},"image":{"@id":"https:\/\/www.ahmadiyya-islam.org\/lt\/islamas\/hadz\/#primaryimage"},"thumbnailUrl":"https:\/\/www.ahmadiyya-islam.org\/lt\/wp-content\/uploads\/sites\/29\/2025\/12\/Kaaba-at-Night.jpg","datePublished":"2025-12-08T17:01:43+00:00","dateModified":"2025-12-18T16:53:47+00:00","breadcrumb":{"@id":"https:\/\/www.ahmadiyya-islam.org\/lt\/islamas\/hadz\/#breadcrumb"},"inLanguage":"lt-LT","potentialAction":[{"@type":"ReadAction","target":["https:\/\/www.ahmadiyya-islam.org\/lt\/islamas\/hadz\/"]}]},{"@type":"ImageObject","inLanguage":"lt-LT","@id":"https:\/\/www.ahmadiyya-islam.org\/lt\/islamas\/hadz\/#primaryimage","url":"https:\/\/www.ahmadiyya-islam.org\/lt\/wp-content\/uploads\/sites\/29\/2025\/12\/Kaaba-at-Night.jpg","contentUrl":"https:\/\/www.ahmadiyya-islam.org\/lt\/wp-content\/uploads\/sites\/29\/2025\/12\/Kaaba-at-Night.jpg","width":2000,"height":1439},{"@type":"BreadcrumbList","@id":"https:\/\/www.ahmadiyya-islam.org\/lt\/islamas\/hadz\/#breadcrumb","itemListElement":[{"@type":"ListItem","position":1,"name":"Home","item":"https:\/\/www.ahmadiyya-islam.org\/lt\/"},{"@type":"ListItem","position":2,"name":"Islamas","item":"https:\/\/www.ahmadiyya-islam.org\/lt\/islamas\/"},{"@type":"ListItem","position":3,"name":"Had\u017e"}]},{"@type":"WebSite","@id":"https:\/\/www.ahmadiyya-islam.org\/lt\/#website","url":"https:\/\/www.ahmadiyya-islam.org\/lt\/","name":"Asociacija Ahmadija","description":"Lietuva","potentialAction":[{"@type":"SearchAction","target":{"@type":"EntryPoint","urlTemplate":"https:\/\/www.ahmadiyya-islam.org\/lt\/?s={search_term_string}"},"query-input":{"@type":"PropertyValueSpecification","valueRequired":true,"valueName":"search_term_string"}}],"inLanguage":"lt-LT"}]}},"_links":{"self":[{"href":"https:\/\/www.ahmadiyya-islam.org\/lt\/wp-json\/wp\/v2\/pages\/335","targetHints":{"allow":["GET"]}}],"collection":[{"href":"https:\/\/www.ahmadiyya-islam.org\/lt\/wp-json\/wp\/v2\/pages"}],"about":[{"href":"https:\/\/www.ahmadiyya-islam.org\/lt\/wp-json\/wp\/v2\/types\/page"}],"author":[{"embeddable":true,"href":"https:\/\/www.ahmadiyya-islam.org\/lt\/wp-json\/wp\/v2\/users\/90"}],"replies":[{"embeddable":true,"href":"https:\/\/www.ahmadiyya-islam.org\/lt\/wp-json\/wp\/v2\/comments?post=335"}],"version-history":[{"count":2,"href":"https:\/\/www.ahmadiyya-islam.org\/lt\/wp-json\/wp\/v2\/pages\/335\/revisions"}],"predecessor-version":[{"id":789,"href":"https:\/\/www.ahmadiyya-islam.org\/lt\/wp-json\/wp\/v2\/pages\/335\/revisions\/789"}],"up":[{"embeddable":true,"href":"https:\/\/www.ahmadiyya-islam.org\/lt\/wp-json\/wp\/v2\/pages\/305"}],"wp:featuredmedia":[{"embeddable":true,"href":"https:\/\/www.ahmadiyya-islam.org\/lt\/wp-json\/wp\/v2\/media\/667"}],"wp:attachment":[{"href":"https:\/\/www.ahmadiyya-islam.org\/lt\/wp-json\/wp\/v2\/media?parent=335"}],"curies":[{"name":"wp","href":"https:\/\/api.w.org\/{rel}","templated":true}]}}