{"id":332,"date":"2025-12-08T18:58:32","date_gmt":"2025-12-08T16:58:32","guid":{"rendered":"https:\/\/www.ahmadiyya-islam.org\/lt\/?page_id=332"},"modified":"2025-12-08T20:34:56","modified_gmt":"2025-12-08T18:34:56","slug":"pinigu-leidimas-vardan-allaho","status":"publish","type":"page","link":"https:\/\/www.ahmadiyya-islam.org\/lt\/islamas\/pinigu-leidimas-vardan-allaho\/","title":{"rendered":"Pinig\u0173 leidimas vardan Allaho"},"content":{"rendered":"<p>Kalbant apie labdar\u0105 ir visus kitus pinig\u0173 i\u0161leidimus susijusius su filantropiniais tikslais, visos religijos atrodo tai skatina vienu ar kitu b\u016bdu. Kai kuriose religijose pinig\u0173 leidimas vardan Allaho yra surenkant de\u0161imt\u0105 dal\u012f pajam\u0173. Kitose, \u0161is metodas yra paliktas laisvai pasirinkti individui kiek ir kaip i\u0161leisti. V\u0117lgi, \u0161i sritis Islamo mokymuose yra universali ir tai galime matyti analizuodami Koran\u0105 bei tradicijas ir praktikas \u0160ventojo Islamo Prana\u0161o (sa). \u0160i tema yra tokia plati, kad ji apima visas galimas \u017emoni\u0173 dom\u0117jimosi sritis.<\/p>\n<p>Islame mes randame institucin\u012f pinig\u0173 i\u0161leidimo model\u012f, taip ir pat neinstitucin\u012f, su j\u0173 atitinkamom sferomis smulkiai apib\u016bdintomis. Bet Islamas nepalieka \u0161ito taip paprastai. Islame yra kalbama apie visus galimus reikalavimus ir j\u0173 atitinkam\u0105 svarbum\u0105. Islamas\u00a0 eina toliau ir nurodo \u017emogui i\u0161leisti pinigus vardan Allaho turint galvoje visus \u201edaryti\u201c ir \u201enedaryti\u201c minimus Korane. \u0160ventasis Koranas yra labai ai\u0161kus apie pinig\u0173 leidim\u0105 vardan Allaho, kuris suteiks Jo malon\u0119, ir kuris bus atmestas. \u0160i tema yra tokia plati, kaip ir minima auk\u0161\u010diau, kad yra u\u017e \u0161ios knygut\u0117s apimties ir negalima apimti kiekvieno to aspekto. Ta\u010diau vienas dalykas yra tvirtas, kad charakteris universalumo \u0161io mokymo tampa vis labiau matomas, kai \u017emogus pradeda suvokti jo form\u0105 ir dvasi\u0105. Islamas taip pat ai\u0161kiai apib\u016bdina leidimo sritis nustatytas religini\u0173 auk\u0173 ir nepalieka joki\u0173 dviprasmybi\u0173.<\/p>\n","protected":false},"excerpt":{"rendered":"<p>Kalbant apie labdar\u0105 ir visus kitus pinig\u0173 i\u0161leidimus susijusius su filantropiniais tikslais, visos religijos atrodo tai skatina vienu ar kitu b\u016bdu. Kai kuriose religijose pinig\u0173 leidimas vardan Allaho yra surenkant de\u0161imt\u0105 dal\u012f pajam\u0173. Kitose, \u0161is metodas yra paliktas laisvai pasirinkti individui kiek ir kaip i\u0161leisti. V\u0117lgi, \u0161i sritis Islamo mokymuose yra universali ir tai galime<\/p>\n","protected":false},"author":90,"featured_media":0,"parent":305,"menu_order":6,"comment_status":"closed","ping_status":"closed","template":"","meta":{"_acf_changed":false,"footnotes":""},"class_list":["post-332","page","type-page","status-publish","hentry"],"acf":[],"yoast_head":"<!-- This site is optimized with the Yoast SEO Premium plugin v21.1 (Yoast SEO v27.4) - https:\/\/yoast.com\/product\/yoast-seo-premium-wordpress\/ -->\n<title>Pinig\u0173 leidimas vardan Allaho - Asociacija Ahmadija<\/title>\n<meta name=\"robots\" content=\"noindex, follow, max-snippet:-1, max-image-preview:large, max-video-preview:-1\" \/>\n<meta property=\"og:locale\" content=\"lt_LT\" \/>\n<meta property=\"og:type\" content=\"article\" \/>\n<meta property=\"og:title\" content=\"Pinig\u0173 leidimas vardan Allaho\" \/>\n<meta property=\"og:description\" content=\"Kalbant apie labdar\u0105 ir visus kitus pinig\u0173 i\u0161leidimus susijusius su filantropiniais tikslais, visos religijos atrodo tai skatina vienu ar kitu b\u016bdu. Kai kuriose religijose pinig\u0173 leidimas vardan Allaho yra surenkant de\u0161imt\u0105 dal\u012f pajam\u0173. Kitose, \u0161is metodas yra paliktas laisvai pasirinkti individui kiek ir kaip i\u0161leisti. V\u0117lgi, \u0161i sritis Islamo mokymuose yra universali ir tai galime\" \/>\n<meta property=\"og:url\" content=\"https:\/\/www.ahmadiyya-islam.org\/lt\/islamas\/pinigu-leidimas-vardan-allaho\/\" \/>\n<meta property=\"og:site_name\" content=\"Asociacija Ahmadija\" \/>\n<meta property=\"article:modified_time\" content=\"2025-12-08T18:34:56+00:00\" \/>\n<meta name=\"twitter:card\" content=\"summary_large_image\" \/>\n<meta name=\"twitter:label1\" content=\"Est. reading time\" \/>\n\t<meta name=\"twitter:data1\" content=\"2 minut\u0117s\" \/>\n<script type=\"application\/ld+json\" class=\"yoast-schema-graph\">{\"@context\":\"https:\\\/\\\/schema.org\",\"@graph\":[{\"@type\":\"WebPage\",\"@id\":\"https:\\\/\\\/www.ahmadiyya-islam.org\\\/lt\\\/islamas\\\/pinigu-leidimas-vardan-allaho\\\/\",\"url\":\"https:\\\/\\\/www.ahmadiyya-islam.org\\\/lt\\\/islamas\\\/pinigu-leidimas-vardan-allaho\\\/\",\"name\":\"Pinig\u0173 leidimas vardan Allaho - Asociacija Ahmadija\",\"isPartOf\":{\"@id\":\"https:\\\/\\\/www.ahmadiyya-islam.org\\\/lt\\\/#website\"},\"datePublished\":\"2025-12-08T16:58:32+00:00\",\"dateModified\":\"2025-12-08T18:34:56+00:00\",\"breadcrumb\":{\"@id\":\"https:\\\/\\\/www.ahmadiyya-islam.org\\\/lt\\\/islamas\\\/pinigu-leidimas-vardan-allaho\\\/#breadcrumb\"},\"inLanguage\":\"lt-LT\",\"potentialAction\":[{\"@type\":\"ReadAction\",\"target\":[\"https:\\\/\\\/www.ahmadiyya-islam.org\\\/lt\\\/islamas\\\/pinigu-leidimas-vardan-allaho\\\/\"]}]},{\"@type\":\"BreadcrumbList\",\"@id\":\"https:\\\/\\\/www.ahmadiyya-islam.org\\\/lt\\\/islamas\\\/pinigu-leidimas-vardan-allaho\\\/#breadcrumb\",\"itemListElement\":[{\"@type\":\"ListItem\",\"position\":1,\"name\":\"Home\",\"item\":\"https:\\\/\\\/www.ahmadiyya-islam.org\\\/lt\\\/\"},{\"@type\":\"ListItem\",\"position\":2,\"name\":\"Islamas\",\"item\":\"https:\\\/\\\/www.ahmadiyya-islam.org\\\/lt\\\/islamas\\\/\"},{\"@type\":\"ListItem\",\"position\":3,\"name\":\"Pinig\u0173 leidimas vardan Allaho\"}]},{\"@type\":\"WebSite\",\"@id\":\"https:\\\/\\\/www.ahmadiyya-islam.org\\\/lt\\\/#website\",\"url\":\"https:\\\/\\\/www.ahmadiyya-islam.org\\\/lt\\\/\",\"name\":\"Asociacija Ahmadija\",\"description\":\"Lietuva\",\"potentialAction\":[{\"@type\":\"SearchAction\",\"target\":{\"@type\":\"EntryPoint\",\"urlTemplate\":\"https:\\\/\\\/www.ahmadiyya-islam.org\\\/lt\\\/?s={search_term_string}\"},\"query-input\":{\"@type\":\"PropertyValueSpecification\",\"valueRequired\":true,\"valueName\":\"search_term_string\"}}],\"inLanguage\":\"lt-LT\"}]}<\/script>\n<!-- \/ Yoast SEO Premium plugin. -->","yoast_head_json":{"title":"Pinig\u0173 leidimas vardan Allaho - Asociacija Ahmadija","robots":{"index":"noindex","follow":"follow","max-snippet":"max-snippet:-1","max-image-preview":"max-image-preview:large","max-video-preview":"max-video-preview:-1"},"og_locale":"lt_LT","og_type":"article","og_title":"Pinig\u0173 leidimas vardan Allaho","og_description":"Kalbant apie labdar\u0105 ir visus kitus pinig\u0173 i\u0161leidimus susijusius su filantropiniais tikslais, visos religijos atrodo tai skatina vienu ar kitu b\u016bdu. Kai kuriose religijose pinig\u0173 leidimas vardan Allaho yra surenkant de\u0161imt\u0105 dal\u012f pajam\u0173. Kitose, \u0161is metodas yra paliktas laisvai pasirinkti individui kiek ir kaip i\u0161leisti. V\u0117lgi, \u0161i sritis Islamo mokymuose yra universali ir tai galime","og_url":"https:\/\/www.ahmadiyya-islam.org\/lt\/islamas\/pinigu-leidimas-vardan-allaho\/","og_site_name":"Asociacija Ahmadija","article_modified_time":"2025-12-08T18:34:56+00:00","twitter_card":"summary_large_image","twitter_misc":{"Est. reading time":"2 minut\u0117s"},"schema":{"@context":"https:\/\/schema.org","@graph":[{"@type":"WebPage","@id":"https:\/\/www.ahmadiyya-islam.org\/lt\/islamas\/pinigu-leidimas-vardan-allaho\/","url":"https:\/\/www.ahmadiyya-islam.org\/lt\/islamas\/pinigu-leidimas-vardan-allaho\/","name":"Pinig\u0173 leidimas vardan Allaho - Asociacija Ahmadija","isPartOf":{"@id":"https:\/\/www.ahmadiyya-islam.org\/lt\/#website"},"datePublished":"2025-12-08T16:58:32+00:00","dateModified":"2025-12-08T18:34:56+00:00","breadcrumb":{"@id":"https:\/\/www.ahmadiyya-islam.org\/lt\/islamas\/pinigu-leidimas-vardan-allaho\/#breadcrumb"},"inLanguage":"lt-LT","potentialAction":[{"@type":"ReadAction","target":["https:\/\/www.ahmadiyya-islam.org\/lt\/islamas\/pinigu-leidimas-vardan-allaho\/"]}]},{"@type":"BreadcrumbList","@id":"https:\/\/www.ahmadiyya-islam.org\/lt\/islamas\/pinigu-leidimas-vardan-allaho\/#breadcrumb","itemListElement":[{"@type":"ListItem","position":1,"name":"Home","item":"https:\/\/www.ahmadiyya-islam.org\/lt\/"},{"@type":"ListItem","position":2,"name":"Islamas","item":"https:\/\/www.ahmadiyya-islam.org\/lt\/islamas\/"},{"@type":"ListItem","position":3,"name":"Pinig\u0173 leidimas vardan Allaho"}]},{"@type":"WebSite","@id":"https:\/\/www.ahmadiyya-islam.org\/lt\/#website","url":"https:\/\/www.ahmadiyya-islam.org\/lt\/","name":"Asociacija Ahmadija","description":"Lietuva","potentialAction":[{"@type":"SearchAction","target":{"@type":"EntryPoint","urlTemplate":"https:\/\/www.ahmadiyya-islam.org\/lt\/?s={search_term_string}"},"query-input":{"@type":"PropertyValueSpecification","valueRequired":true,"valueName":"search_term_string"}}],"inLanguage":"lt-LT"}]}},"_links":{"self":[{"href":"https:\/\/www.ahmadiyya-islam.org\/lt\/wp-json\/wp\/v2\/pages\/332","targetHints":{"allow":["GET"]}}],"collection":[{"href":"https:\/\/www.ahmadiyya-islam.org\/lt\/wp-json\/wp\/v2\/pages"}],"about":[{"href":"https:\/\/www.ahmadiyya-islam.org\/lt\/wp-json\/wp\/v2\/types\/page"}],"author":[{"embeddable":true,"href":"https:\/\/www.ahmadiyya-islam.org\/lt\/wp-json\/wp\/v2\/users\/90"}],"replies":[{"embeddable":true,"href":"https:\/\/www.ahmadiyya-islam.org\/lt\/wp-json\/wp\/v2\/comments?post=332"}],"version-history":[{"count":1,"href":"https:\/\/www.ahmadiyya-islam.org\/lt\/wp-json\/wp\/v2\/pages\/332\/revisions"}],"predecessor-version":[{"id":333,"href":"https:\/\/www.ahmadiyya-islam.org\/lt\/wp-json\/wp\/v2\/pages\/332\/revisions\/333"}],"up":[{"embeddable":true,"href":"https:\/\/www.ahmadiyya-islam.org\/lt\/wp-json\/wp\/v2\/pages\/305"}],"wp:attachment":[{"href":"https:\/\/www.ahmadiyya-islam.org\/lt\/wp-json\/wp\/v2\/media?parent=332"}],"curies":[{"name":"wp","href":"https:\/\/api.w.org\/{rel}","templated":true}]}}