{"id":103,"date":"2019-10-17T00:37:36","date_gmt":"2019-10-17T00:37:36","guid":{"rendered":"https:\/\/www.ahmadiyya-islam.org\/hr\/?page_id=103"},"modified":"2026-02-07T12:54:24","modified_gmt":"2026-02-07T12:54:24","slug":"home","status":"publish","type":"page","link":"https:\/\/www.ahmadiyya-islam.org\/hr\/","title":{"rendered":"Po\u010detna"},"content":{"rendered":"","protected":false},"excerpt":{"rendered":"","protected":false},"author":1,"featured_media":0,"parent":0,"menu_order":0,"comment_status":"closed","ping_status":"closed","template":"pages\/template-home.php","meta":{"_acf_changed":false,"footnotes":""},"class_list":["post-103","page","type-page","status-publish","hentry"],"acf":[],"yoast_head":"<!-- This site is optimized with the Yoast SEO Premium plugin v21.1 (Yoast SEO v27.4) - https:\/\/yoast.com\/product\/yoast-seo-premium-wordpress\/ -->\n<title>Po\u010detna - Ahmadija muslimanski d\u017eamat u Hrvatskoj<\/title>\n<meta name=\"description\" content=\"\u0160irimo poruku mira s sloganom &quot;Ljubav za sve mr\u017enja ni za koga&quot;. Do\u0161ao je Reformator doba, Obe\u0107ani Mesija i Mahdi, Hazrat Mirza Ghulam Ahmad\" \/>\n<meta name=\"robots\" content=\"index, follow, max-snippet:-1, max-image-preview:large, max-video-preview:-1\" \/>\n<link rel=\"canonical\" href=\"https:\/\/www.ahmadiyya-islam.org\/hr\/\" \/>\n<meta property=\"og:locale\" content=\"hr_HR\" \/>\n<meta property=\"og:type\" content=\"article\" \/>\n<meta property=\"og:title\" content=\"Po\u010detna\" \/>\n<meta property=\"og:description\" content=\"\u0160irimo poruku mira s sloganom &quot;Ljubav za sve mr\u017enja ni za koga&quot;. Do\u0161ao je Reformator doba, Obe\u0107ani Mesija i Mahdi, Hazrat Mirza Ghulam Ahmad\" \/>\n<meta property=\"og:url\" content=\"https:\/\/www.ahmadiyya-islam.org\/hr\/\" \/>\n<meta property=\"og:site_name\" content=\"Ahmadija muslimanski d\u017eamat\" \/>\n<meta property=\"article:modified_time\" content=\"2026-02-07T12:54:24+00:00\" \/>\n<meta name=\"twitter:card\" content=\"summary_large_image\" \/>\n<script type=\"application\/ld+json\" class=\"yoast-schema-graph\">{\"@context\":\"https:\\\/\\\/schema.org\",\"@graph\":[{\"@type\":\"WebPage\",\"@id\":\"https:\\\/\\\/www.ahmadiyya-islam.org\\\/hr\\\/\",\"url\":\"https:\\\/\\\/www.ahmadiyya-islam.org\\\/hr\\\/\",\"name\":\"Po\u010detna - Ahmadija muslimanski d\u017eamat u Hrvatskoj\",\"isPartOf\":{\"@id\":\"https:\\\/\\\/www.ahmadiyya-islam.org\\\/hr\\\/#website\"},\"datePublished\":\"2019-10-17T00:37:36+00:00\",\"dateModified\":\"2026-02-07T12:54:24+00:00\",\"description\":\"\u0160irimo poruku mira s sloganom \\\"Ljubav za sve mr\u017enja ni za koga\\\". Do\u0161ao je Reformator doba, Obe\u0107ani Mesija i Mahdi, Hazrat Mirza Ghulam Ahmad\",\"breadcrumb\":{\"@id\":\"https:\\\/\\\/www.ahmadiyya-islam.org\\\/hr\\\/#breadcrumb\"},\"inLanguage\":\"hr\",\"potentialAction\":[{\"@type\":\"ReadAction\",\"target\":[\"https:\\\/\\\/www.ahmadiyya-islam.org\\\/hr\\\/\"]}]},{\"@type\":\"BreadcrumbList\",\"@id\":\"https:\\\/\\\/www.ahmadiyya-islam.org\\\/hr\\\/#breadcrumb\",\"itemListElement\":[{\"@type\":\"ListItem\",\"position\":1,\"name\":\"Home\",\"item\":\"https:\\\/\\\/www.ahmadiyya-islam.org\\\/hr\\\/\"},{\"@type\":\"ListItem\",\"position\":2,\"name\":\"Po\u010detna\"}]},{\"@type\":\"WebSite\",\"@id\":\"https:\\\/\\\/www.ahmadiyya-islam.org\\\/hr\\\/#website\",\"url\":\"https:\\\/\\\/www.ahmadiyya-islam.org\\\/hr\\\/\",\"name\":\"Ahmadija muslimanski d\u017eamat\",\"description\":\"Hrvatska\",\"potentialAction\":[{\"@type\":\"SearchAction\",\"target\":{\"@type\":\"EntryPoint\",\"urlTemplate\":\"https:\\\/\\\/www.ahmadiyya-islam.org\\\/hr\\\/?s={search_term_string}\"},\"query-input\":{\"@type\":\"PropertyValueSpecification\",\"valueRequired\":true,\"valueName\":\"search_term_string\"}}],\"inLanguage\":\"hr\"}]}<\/script>\n<!-- \/ Yoast SEO Premium plugin. -->","yoast_head_json":{"title":"Po\u010detna - Ahmadija muslimanski d\u017eamat u Hrvatskoj","description":"\u0160irimo poruku mira s sloganom \"Ljubav za sve mr\u017enja ni za koga\". Do\u0161ao je Reformator doba, Obe\u0107ani Mesija i Mahdi, Hazrat Mirza Ghulam Ahmad","robots":{"index":"index","follow":"follow","max-snippet":"max-snippet:-1","max-image-preview":"max-image-preview:large","max-video-preview":"max-video-preview:-1"},"canonical":"https:\/\/www.ahmadiyya-islam.org\/hr\/","og_locale":"hr_HR","og_type":"article","og_title":"Po\u010detna","og_description":"\u0160irimo poruku mira s sloganom \"Ljubav za sve mr\u017enja ni za koga\". Do\u0161ao je Reformator doba, Obe\u0107ani Mesija i Mahdi, Hazrat Mirza Ghulam Ahmad","og_url":"https:\/\/www.ahmadiyya-islam.org\/hr\/","og_site_name":"Ahmadija muslimanski d\u017eamat","article_modified_time":"2026-02-07T12:54:24+00:00","twitter_card":"summary_large_image","schema":{"@context":"https:\/\/schema.org","@graph":[{"@type":"WebPage","@id":"https:\/\/www.ahmadiyya-islam.org\/hr\/","url":"https:\/\/www.ahmadiyya-islam.org\/hr\/","name":"Po\u010detna - Ahmadija muslimanski d\u017eamat u Hrvatskoj","isPartOf":{"@id":"https:\/\/www.ahmadiyya-islam.org\/hr\/#website"},"datePublished":"2019-10-17T00:37:36+00:00","dateModified":"2026-02-07T12:54:24+00:00","description":"\u0160irimo poruku mira s sloganom \"Ljubav za sve mr\u017enja ni za koga\". Do\u0161ao je Reformator doba, Obe\u0107ani Mesija i Mahdi, Hazrat Mirza Ghulam Ahmad","breadcrumb":{"@id":"https:\/\/www.ahmadiyya-islam.org\/hr\/#breadcrumb"},"inLanguage":"hr","potentialAction":[{"@type":"ReadAction","target":["https:\/\/www.ahmadiyya-islam.org\/hr\/"]}]},{"@type":"BreadcrumbList","@id":"https:\/\/www.ahmadiyya-islam.org\/hr\/#breadcrumb","itemListElement":[{"@type":"ListItem","position":1,"name":"Home","item":"https:\/\/www.ahmadiyya-islam.org\/hr\/"},{"@type":"ListItem","position":2,"name":"Po\u010detna"}]},{"@type":"WebSite","@id":"https:\/\/www.ahmadiyya-islam.org\/hr\/#website","url":"https:\/\/www.ahmadiyya-islam.org\/hr\/","name":"Ahmadija muslimanski d\u017eamat","description":"Hrvatska","potentialAction":[{"@type":"SearchAction","target":{"@type":"EntryPoint","urlTemplate":"https:\/\/www.ahmadiyya-islam.org\/hr\/?s={search_term_string}"},"query-input":{"@type":"PropertyValueSpecification","valueRequired":true,"valueName":"search_term_string"}}],"inLanguage":"hr"}]}},"_links":{"self":[{"href":"https:\/\/www.ahmadiyya-islam.org\/hr\/wp-json\/wp\/v2\/pages\/103","targetHints":{"allow":["GET"]}}],"collection":[{"href":"https:\/\/www.ahmadiyya-islam.org\/hr\/wp-json\/wp\/v2\/pages"}],"about":[{"href":"https:\/\/www.ahmadiyya-islam.org\/hr\/wp-json\/wp\/v2\/types\/page"}],"author":[{"embeddable":true,"href":"https:\/\/www.ahmadiyya-islam.org\/hr\/wp-json\/wp\/v2\/users\/1"}],"replies":[{"embeddable":true,"href":"https:\/\/www.ahmadiyya-islam.org\/hr\/wp-json\/wp\/v2\/comments?post=103"}],"version-history":[{"count":1,"href":"https:\/\/www.ahmadiyya-islam.org\/hr\/wp-json\/wp\/v2\/pages\/103\/revisions"}],"predecessor-version":[{"id":2977,"href":"https:\/\/www.ahmadiyya-islam.org\/hr\/wp-json\/wp\/v2\/pages\/103\/revisions\/2977"}],"wp:attachment":[{"href":"https:\/\/www.ahmadiyya-islam.org\/hr\/wp-json\/wp\/v2\/media?parent=103"}],"curies":[{"name":"wp","href":"https:\/\/api.w.org\/{rel}","templated":true}]}}