{"id":91,"date":"2015-06-18T14:58:27","date_gmt":"2015-06-18T14:58:27","guid":{"rendered":"http:\/\/www.ahmadiyya-islam.org\/es\/?page_id=91"},"modified":"2021-06-16T16:53:57","modified_gmt":"2021-06-16T16:53:57","slug":"ahmadia","status":"publish","type":"page","link":"https:\/\/www.ahmadiyya-islam.org\/es\/ahmadia\/","title":{"rendered":"Ahmad\u00eda"},"content":{"rendered":"<h2>Introducci\u00f3n<\/h2>\n<p>La Comunidad Musulmana Ahmad\u00eda es una de las comunidades musulmanas moderadas, m\u00e1s positivas y din\u00e1micas del mundo.\u00a0Nuestro lema es \u201camor para todos, odio para nadie\u201d. Trabajamos con diferentes naciones, gente de todas las razas, credos y religiones para promover la armon\u00eda tan necesitada en los pueblos y ciudades donde vivimos. Nuestro inter\u00e9s es muy claro: crear una comunidad de valores morales y \u00e9ticos s\u00f3lidos.<\/p>\n<p><iframe loading=\"lazy\" title=\"\u00bfQui\u00e9nes somos? | Introducci\u00f3n a la Comunidad Musulmana Ahmad\u00eda\" width=\"900\" height=\"506\" src=\"https:\/\/www.youtube.com\/embed\/X8Q16D5zRuY?feature=oembed\" frameborder=\"0\" allow=\"accelerometer; autoplay; clipboard-write; encrypted-media; gyroscope; picture-in-picture\" allowfullscreen><\/iframe><\/p>\n<p>La Comunidad Musulmana Ahmad\u00eda es una organizaci\u00f3n isl\u00e1mica pionera en rechazar categ\u00f3ricamente el terrorismo. Nos basamos en la educaci\u00f3n para reformar pac\u00edficamente a los musulmanes y revivir el islam en todo el mundo.<\/p>\n<p>Adem\u00e1s, la Comunidad Musulmana Ahmad\u00eda defiende la separaci\u00f3n de estado y religi\u00f3n. A pesar de ser una comunidad perseguida en numerosos pa\u00edses de mayor\u00eda musulmana, la Comunidad Musulmana Ahmad\u00eda contin\u00faa defendiendo los derechos humanos universales para todas las minor\u00edas religiosas. Adem\u00e1s, promueve en gran medida la igualdad de derechos, educaci\u00f3n y empoderamiento de las mujeres.<\/p>\n<p>Durante m\u00e1s de 100 a\u00f1os, la Comunidad Musulmana Ahmad\u00eda ha liderado el renacimiento pac\u00edfico del islam. Desde que se fund\u00f3 en la India en 1889 ha promovido continuamente la paz y las sociedades inclusivas.<\/p>\n<h2>La Comunidad Ahmad\u00eda &#8211; Amor para todos, odio para nadie<\/h2>\n<p>La Comunidad Musulmana Ahmad\u00eda es una organizaci\u00f3n religiosa de \u00e1mbito internacional, establecida en 206 pa\u00edses de \u00c1frica, Am\u00e9rica del Norte y del Sur, Asia Australia y Europa. En la actualidad su n\u00famero total de miembros Ahmadis supera las decenas de millones en todo el mundo, y estas cifras se incrementan diariamente. Es la agrupaci\u00f3n musulmana m\u00e1s din\u00e1mica de la historia moderna. La Comunidad musulmana Ahmad\u00eda fue fundada en 1889 por Hadhrat Mirza Ghulam Ahmad (1835-1908) en una peque\u00f1a y remota aldea, Qadian, situada en el Punjab, (India). Hadhrat Mirza Ghulam Ahmad afirm\u00f3 ser el Reformador y Mes\u00edas esperado de los \u00daltimos d\u00edas, el Esperado por todas las comunidades religiosas del mundo (el Mahdi y el Mes\u00edas). La Comunidad que inici\u00f3 es un compendio del mensaje conciliador del Islam: paz, hermandad universal y sumisi\u00f3n a la Voluntad de Dios, en su pureza original. Hazrat Ahmad declar\u00f3 que el Islam era la religi\u00f3n del hombre:<\/p>\n<blockquote><p><strong>\u201cLa religi\u00f3n de la gente del camino recto\u201d (98:6)<\/strong><\/p><\/blockquote>\n<p>Con esta convicci\u00f3n, la Comunidad\u00a0musulmana Ahmad\u00eda, fundada por el Mes\u00edas Prometido en un solo siglo, ha llegado a todos los rincones de la Tierra. Dondequiera que la Comunidad\u00a0se establece, intenta ejercer una influencia isl\u00e1mica constructiva a trav\u00e9s de proyectos sociales, instituciones educativas, servicios sanitarios, publicaciones isl\u00e1micas y construcci\u00f3n de mezquitas; y ello a pesar de sufrir una dura persecuci\u00f3n en diversos pa\u00edses. Los musulmanes \u00e1hmadis se han ganado la distinci\u00f3n de ser considerados una comunidad pac\u00edfica, respetuosa con la ley, perseverante y humanitaria.<\/p>\n<p>La Comunidad\u00a0musulmana Ahmad\u00eda fue fundada por el Mes\u00edas Prometido bajo la gu\u00eda divina con el objetivo de rejuvenecer los valores isl\u00e1micos morales y espirituales. Favorece y estimula el dialogo interreligioso y se esfuerza en defender al Islam, corrigiendo los malentendidos existentes sobre esta religi\u00f3n en Occidente. Aboga por la paz, la tolerancia, el mutuo afecto y el entendimiento entre los seguidores de distintas religiones. Cree firmemente y act\u00faa de acuerdo con la ense\u00f1anza cor\u00e1nica:<\/p>\n<blockquote><p><strong> \u201cNo ha de existir coacci\u00f3n en la religi\u00f3n\u201d (2:257)<\/strong><\/p><\/blockquote>\n<p>y condena tajantemente la violencia y el terrorismo sea cual sea su forma u origen.<\/p>\n<p>La Comunidad\u00a0musulmana Ahmad\u00eda ofrece una presentaci\u00f3n clara de la sabidur\u00eda isl\u00e1mica, su filosof\u00eda, su moral y espiritualidad tal y como se desprende del Santo Cor\u00e1n y de la pr\u00e1ctica (Sunnah) del Santo Profeta del Islam, Mohammad, (la paz y bendiciones de Dios sean con \u00e9l). Algunos miembros \u00e1hmadis como el difunto Sir Muhammad Zafrullah Khan (primer ministro de Asuntos Exteriores del Pakist\u00e1n, Presidente de la 17\u00aa Asamblea General de la O.N.U.; Presidente y Juez del Tribunal de Justicia de la Haya) y el Dr. Abdus Salam (Premio Nobel de F\u00edsica en 1979) tambi\u00e9n han sido reconocidos por la comunidad internacional por sus brillantes \u00e9xitos y servicios.<\/p>\n<p>Tras el fallecimiento de su fundador, la Comunidad\u00a0musulmana Ahmad\u00eda ha sido liderada por sus sucesores elegidos (Jalifas). El l\u00edder actual\u00a0de la Comunidad, Hadhrat Mirza Masrur Ahmad, fue elegido en el a\u00f1o 2003. Su t\u00edtulo oficial es el de Jalifatul Masih V.<\/p>\n","protected":false},"excerpt":{"rendered":"<p>Introducci\u00f3n La Comunidad Musulmana Ahmad\u00eda es una de las comunidades musulmanas moderadas, m\u00e1s positivas y din\u00e1micas del mundo.\u00a0Nuestro lema es \u201camor para todos, odio para nadie\u201d. Trabajamos con diferentes naciones, gente de todas las razas, credos y religiones para promover la armon\u00eda tan necesitada en los pueblos y ciudades donde vivimos. Nuestro inter\u00e9s es muy<\/p>\n","protected":false},"author":1,"featured_media":14673,"parent":0,"menu_order":0,"comment_status":"closed","ping_status":"closed","template":"","meta":{"_acf_changed":false,"footnotes":""},"class_list":["post-91","page","type-page","status-publish","has-post-thumbnail","hentry"],"acf":[],"yoast_head":"<!-- This site is optimized with the Yoast SEO Premium plugin v21.1 (Yoast SEO v27.0) - https:\/\/yoast.com\/product\/yoast-seo-premium-wordpress\/ -->\n<title>Ahmad\u00eda<\/title>\n<meta name=\"description\" content=\"La Comunidad musulmana Ahmad\u00eda es una organizaci\u00f3n religiosa de \u00e1mbito internacional, establecida en 206 pa\u00edses de \u00c1frica, Am\u00e9rica del Norte y del Sur, Asia Australia y Europa.\" \/>\n<meta name=\"robots\" content=\"index, follow, max-snippet:-1, max-image-preview:large, max-video-preview:-1\" \/>\n<link rel=\"canonical\" href=\"https:\/\/www.ahmadiyya-islam.org\/es\/ahmadia\/\" \/>\n<meta property=\"og:locale\" content=\"es_ES\" \/>\n<meta property=\"og:type\" content=\"article\" \/>\n<meta property=\"og:title\" content=\"Ahmad\u00eda\" \/>\n<meta property=\"og:description\" content=\"La Comunidad musulmana Ahmad\u00eda es una organizaci\u00f3n religiosa de \u00e1mbito internacional, establecida en 206 pa\u00edses de \u00c1frica, Am\u00e9rica del Norte y del Sur, Asia Australia y Europa.\" \/>\n<meta property=\"og:url\" content=\"https:\/\/www.ahmadiyya-islam.org\/es\/ahmadia\/\" \/>\n<meta property=\"og:site_name\" content=\"Comunidad Musulmana Ahmad\u00eda\" \/>\n<meta property=\"article:modified_time\" content=\"2021-06-16T16:53:57+00:00\" \/>\n<meta property=\"og:image\" content=\"https:\/\/www.ahmadiyya-islam.org\/es\/wp-content\/uploads\/sites\/10\/2021\/06\/quienes-somos-introduccion-a-la-e1623862423105.jpg\" \/>\n\t<meta property=\"og:image:width\" content=\"1280\" \/>\n\t<meta property=\"og:image:height\" content=\"598\" \/>\n\t<meta property=\"og:image:type\" content=\"image\/jpeg\" \/>\n<meta name=\"twitter:card\" content=\"summary_large_image\" \/>\n<meta name=\"twitter:label1\" content=\"Est. reading time\" \/>\n\t<meta name=\"twitter:data1\" content=\"4 minutes\" \/>\n<script type=\"application\/ld+json\" class=\"yoast-schema-graph\">{\"@context\":\"https:\/\/schema.org\",\"@graph\":[{\"@type\":\"WebPage\",\"@id\":\"https:\/\/www.ahmadiyya-islam.org\/es\/ahmadia\/\",\"url\":\"https:\/\/www.ahmadiyya-islam.org\/es\/ahmadia\/\",\"name\":\"Ahmad\u00eda\",\"isPartOf\":{\"@id\":\"https:\/\/www.ahmadiyya-islam.org\/es\/#website\"},\"primaryImageOfPage\":{\"@id\":\"https:\/\/www.ahmadiyya-islam.org\/es\/ahmadia\/#primaryimage\"},\"image\":{\"@id\":\"https:\/\/www.ahmadiyya-islam.org\/es\/ahmadia\/#primaryimage\"},\"thumbnailUrl\":\"https:\/\/www.ahmadiyya-islam.org\/es\/wp-content\/uploads\/sites\/10\/2021\/06\/quienes-somos-introduccion-a-la-e1623862423105.jpg\",\"datePublished\":\"2015-06-18T14:58:27+00:00\",\"dateModified\":\"2021-06-16T16:53:57+00:00\",\"description\":\"La Comunidad musulmana Ahmad\u00eda es una organizaci\u00f3n religiosa de \u00e1mbito internacional, establecida en 206 pa\u00edses de \u00c1frica, Am\u00e9rica del Norte y del Sur, Asia Australia y Europa.\",\"breadcrumb\":{\"@id\":\"https:\/\/www.ahmadiyya-islam.org\/es\/ahmadia\/#breadcrumb\"},\"inLanguage\":\"es-ES\",\"potentialAction\":[{\"@type\":\"ReadAction\",\"target\":[\"https:\/\/www.ahmadiyya-islam.org\/es\/ahmadia\/\"]}]},{\"@type\":\"ImageObject\",\"inLanguage\":\"es-ES\",\"@id\":\"https:\/\/www.ahmadiyya-islam.org\/es\/ahmadia\/#primaryimage\",\"url\":\"https:\/\/www.ahmadiyya-islam.org\/es\/wp-content\/uploads\/sites\/10\/2021\/06\/quienes-somos-introduccion-a-la-e1623862423105.jpg\",\"contentUrl\":\"https:\/\/www.ahmadiyya-islam.org\/es\/wp-content\/uploads\/sites\/10\/2021\/06\/quienes-somos-introduccion-a-la-e1623862423105.jpg\",\"width\":1280,\"height\":598},{\"@type\":\"BreadcrumbList\",\"@id\":\"https:\/\/www.ahmadiyya-islam.org\/es\/ahmadia\/#breadcrumb\",\"itemListElement\":[{\"@type\":\"ListItem\",\"position\":1,\"name\":\"Home\",\"item\":\"https:\/\/www.ahmadiyya-islam.org\/es\/\"},{\"@type\":\"ListItem\",\"position\":2,\"name\":\"Ahmad\u00eda\"}]},{\"@type\":\"WebSite\",\"@id\":\"https:\/\/www.ahmadiyya-islam.org\/es\/#website\",\"url\":\"https:\/\/www.ahmadiyya-islam.org\/es\/\",\"name\":\"Comunidad Musulmana Ahmad\u00eda\",\"description\":\"Internacional\",\"publisher\":{\"@id\":\"https:\/\/www.ahmadiyya-islam.org\/es\/#organization\"},\"potentialAction\":[{\"@type\":\"SearchAction\",\"target\":{\"@type\":\"EntryPoint\",\"urlTemplate\":\"https:\/\/www.ahmadiyya-islam.org\/es\/?s={search_term_string}\"},\"query-input\":{\"@type\":\"PropertyValueSpecification\",\"valueRequired\":true,\"valueName\":\"search_term_string\"}}],\"inLanguage\":\"es-ES\"},{\"@type\":\"Organization\",\"@id\":\"https:\/\/www.ahmadiyya-islam.org\/es\/#organization\",\"name\":\"Comunidad Musulmana Ahmad\u00eda\",\"url\":\"https:\/\/www.ahmadiyya-islam.org\/es\/\",\"logo\":{\"@type\":\"ImageObject\",\"inLanguage\":\"es-ES\",\"@id\":\"https:\/\/www.ahmadiyya-islam.org\/es\/#\/schema\/logo\/image\/\",\"url\":\"https:\/\/www.ahmadiyya-islam.org\/es\/wp-content\/uploads\/sites\/10\/2015\/06\/alislam-logo.png\",\"contentUrl\":\"https:\/\/www.ahmadiyya-islam.org\/es\/wp-content\/uploads\/sites\/10\/2015\/06\/alislam-logo.png\",\"width\":1859,\"height\":1859,\"caption\":\"Comunidad Musulmana Ahmad\u00eda\"},\"image\":{\"@id\":\"https:\/\/www.ahmadiyya-islam.org\/es\/#\/schema\/logo\/image\/\"}}]}<\/script>\n<!-- \/ Yoast SEO Premium plugin. -->","yoast_head_json":{"title":"Ahmad\u00eda","description":"La Comunidad musulmana Ahmad\u00eda es una organizaci\u00f3n religiosa de \u00e1mbito internacional, establecida en 206 pa\u00edses de \u00c1frica, Am\u00e9rica del Norte y del Sur, Asia Australia y Europa.","robots":{"index":"index","follow":"follow","max-snippet":"max-snippet:-1","max-image-preview":"max-image-preview:large","max-video-preview":"max-video-preview:-1"},"canonical":"https:\/\/www.ahmadiyya-islam.org\/es\/ahmadia\/","og_locale":"es_ES","og_type":"article","og_title":"Ahmad\u00eda","og_description":"La Comunidad musulmana Ahmad\u00eda es una organizaci\u00f3n religiosa de \u00e1mbito internacional, establecida en 206 pa\u00edses de \u00c1frica, Am\u00e9rica del Norte y del Sur, Asia Australia y Europa.","og_url":"https:\/\/www.ahmadiyya-islam.org\/es\/ahmadia\/","og_site_name":"Comunidad Musulmana Ahmad\u00eda","article_modified_time":"2021-06-16T16:53:57+00:00","og_image":[{"width":1280,"height":598,"url":"https:\/\/www.ahmadiyya-islam.org\/es\/wp-content\/uploads\/sites\/10\/2021\/06\/quienes-somos-introduccion-a-la-e1623862423105.jpg","type":"image\/jpeg"}],"twitter_card":"summary_large_image","twitter_misc":{"Est. reading time":"4 minutes"},"schema":{"@context":"https:\/\/schema.org","@graph":[{"@type":"WebPage","@id":"https:\/\/www.ahmadiyya-islam.org\/es\/ahmadia\/","url":"https:\/\/www.ahmadiyya-islam.org\/es\/ahmadia\/","name":"Ahmad\u00eda","isPartOf":{"@id":"https:\/\/www.ahmadiyya-islam.org\/es\/#website"},"primaryImageOfPage":{"@id":"https:\/\/www.ahmadiyya-islam.org\/es\/ahmadia\/#primaryimage"},"image":{"@id":"https:\/\/www.ahmadiyya-islam.org\/es\/ahmadia\/#primaryimage"},"thumbnailUrl":"https:\/\/www.ahmadiyya-islam.org\/es\/wp-content\/uploads\/sites\/10\/2021\/06\/quienes-somos-introduccion-a-la-e1623862423105.jpg","datePublished":"2015-06-18T14:58:27+00:00","dateModified":"2021-06-16T16:53:57+00:00","description":"La Comunidad musulmana Ahmad\u00eda es una organizaci\u00f3n religiosa de \u00e1mbito internacional, establecida en 206 pa\u00edses de \u00c1frica, Am\u00e9rica del Norte y del Sur, Asia Australia y Europa.","breadcrumb":{"@id":"https:\/\/www.ahmadiyya-islam.org\/es\/ahmadia\/#breadcrumb"},"inLanguage":"es-ES","potentialAction":[{"@type":"ReadAction","target":["https:\/\/www.ahmadiyya-islam.org\/es\/ahmadia\/"]}]},{"@type":"ImageObject","inLanguage":"es-ES","@id":"https:\/\/www.ahmadiyya-islam.org\/es\/ahmadia\/#primaryimage","url":"https:\/\/www.ahmadiyya-islam.org\/es\/wp-content\/uploads\/sites\/10\/2021\/06\/quienes-somos-introduccion-a-la-e1623862423105.jpg","contentUrl":"https:\/\/www.ahmadiyya-islam.org\/es\/wp-content\/uploads\/sites\/10\/2021\/06\/quienes-somos-introduccion-a-la-e1623862423105.jpg","width":1280,"height":598},{"@type":"BreadcrumbList","@id":"https:\/\/www.ahmadiyya-islam.org\/es\/ahmadia\/#breadcrumb","itemListElement":[{"@type":"ListItem","position":1,"name":"Home","item":"https:\/\/www.ahmadiyya-islam.org\/es\/"},{"@type":"ListItem","position":2,"name":"Ahmad\u00eda"}]},{"@type":"WebSite","@id":"https:\/\/www.ahmadiyya-islam.org\/es\/#website","url":"https:\/\/www.ahmadiyya-islam.org\/es\/","name":"Comunidad Musulmana Ahmad\u00eda","description":"Internacional","publisher":{"@id":"https:\/\/www.ahmadiyya-islam.org\/es\/#organization"},"potentialAction":[{"@type":"SearchAction","target":{"@type":"EntryPoint","urlTemplate":"https:\/\/www.ahmadiyya-islam.org\/es\/?s={search_term_string}"},"query-input":{"@type":"PropertyValueSpecification","valueRequired":true,"valueName":"search_term_string"}}],"inLanguage":"es-ES"},{"@type":"Organization","@id":"https:\/\/www.ahmadiyya-islam.org\/es\/#organization","name":"Comunidad Musulmana Ahmad\u00eda","url":"https:\/\/www.ahmadiyya-islam.org\/es\/","logo":{"@type":"ImageObject","inLanguage":"es-ES","@id":"https:\/\/www.ahmadiyya-islam.org\/es\/#\/schema\/logo\/image\/","url":"https:\/\/www.ahmadiyya-islam.org\/es\/wp-content\/uploads\/sites\/10\/2015\/06\/alislam-logo.png","contentUrl":"https:\/\/www.ahmadiyya-islam.org\/es\/wp-content\/uploads\/sites\/10\/2015\/06\/alislam-logo.png","width":1859,"height":1859,"caption":"Comunidad Musulmana Ahmad\u00eda"},"image":{"@id":"https:\/\/www.ahmadiyya-islam.org\/es\/#\/schema\/logo\/image\/"}}]}},"_links":{"self":[{"href":"https:\/\/www.ahmadiyya-islam.org\/es\/wp-json\/wp\/v2\/pages\/91","targetHints":{"allow":["GET"]}}],"collection":[{"href":"https:\/\/www.ahmadiyya-islam.org\/es\/wp-json\/wp\/v2\/pages"}],"about":[{"href":"https:\/\/www.ahmadiyya-islam.org\/es\/wp-json\/wp\/v2\/types\/page"}],"author":[{"embeddable":true,"href":"https:\/\/www.ahmadiyya-islam.org\/es\/wp-json\/wp\/v2\/users\/1"}],"replies":[{"embeddable":true,"href":"https:\/\/www.ahmadiyya-islam.org\/es\/wp-json\/wp\/v2\/comments?post=91"}],"version-history":[{"count":0,"href":"https:\/\/www.ahmadiyya-islam.org\/es\/wp-json\/wp\/v2\/pages\/91\/revisions"}],"wp:featuredmedia":[{"embeddable":true,"href":"https:\/\/www.ahmadiyya-islam.org\/es\/wp-json\/wp\/v2\/media\/14673"}],"wp:attachment":[{"href":"https:\/\/www.ahmadiyya-islam.org\/es\/wp-json\/wp\/v2\/media?parent=91"}],"curies":[{"name":"wp","href":"https:\/\/api.w.org\/{rel}","templated":true}]}}