{"id":427,"date":"2015-07-09T10:31:17","date_gmt":"2015-07-09T10:31:17","guid":{"rendered":"http:\/\/www.ahmadiyya-islam.org\/es\/?page_id=427"},"modified":"2015-07-10T15:14:39","modified_gmt":"2015-07-10T15:14:39","slug":"jalifato-ahmadia","status":"publish","type":"page","link":"https:\/\/www.ahmadiyya-islam.org\/es\/ahmadia\/jalifato-ahmadia\/","title":{"rendered":"Jalifato Ahmad\u00eda"},"content":{"rendered":"<p>El <em>Jalifatul Masih<\/em> (sucesor del Mes\u00edas Prometido) es el Jefe Supremo de la Comunidad Ahmad\u00eda. Es elegido por el colegio electoral establecido para este prop\u00f3sito. Sin embargo, los \u00e1hmadis musulmanes creen firmemente que es Al-lah quien elige al <em>Jalifa<\/em>, como hizo con el <em>Jilafate Rashida<\/em>; pues cada vez que tiene lugar la elecci\u00f3n de un <em>Jalifa<\/em>, el coraz\u00f3n y la mente de los electores se inclinan hacia la misma persona. Esta creencia aumenta a\u00fan m\u00e1s el sentido de paz y seguridad que el <em>Jalifa<\/em> otorga a la Comunidad. Cuando se elige a un<em>Jalifa<\/em>, todos los hombres, mujeres y ni\u00f1os de la Comunidad deben mostrarle una completa obediencia y reafirmar el <em>Bai\u2019at<\/em> con \u00e9l.<\/p>\n<p>La presencia del <em>Jalifa<\/em> es una gran bendici\u00f3n de Dios para la Comunidad. \u00c9l es el l\u00edder y padre espiritual para cada \u00e1hmadi y una fuente de luz que gu\u00eda a cada miembro de la comunidad. Siempre que el <em>Jalifa<\/em> elabora un plan o esquema para la Comunidad, lo hace a trav\u00e9s de la direcci\u00f3n y asistencia divinas. Se preocupa del bienestar de cada miembro de la Comunidad y reza por ellos. En momentos de dificultad o enfermedad, los \u00e1hmadis escriben a menudo al <em>Jalifa<\/em> para que implore por ellos, quienes perciben un alivio inmediato de sus tribulaciones.<\/p>\n<p>Desde 1908, el a\u00f1o del fallecimiento del Mes\u00edas Prometido, ha habido cinco\u00a0<em>Jalifas.<\/em> Dios concedi\u00f3 Su favor especial a cada uno y la Comunidad ha florecido y prosperado durante cada Califato.<\/p>\n","protected":false},"excerpt":{"rendered":"<p>El Jalifatul Masih (sucesor del Mes\u00edas Prometido) es el Jefe Supremo de la Comunidad Ahmad\u00eda. Es elegido por el colegio electoral establecido para este prop\u00f3sito. Sin embargo, los \u00e1hmadis musulmanes creen firmemente que es Al-lah quien elige al Jalifa, como hizo con el Jilafate Rashida; pues cada vez que tiene lugar la elecci\u00f3n de un<\/p>\n","protected":false},"author":15,"featured_media":428,"parent":91,"menu_order":4,"comment_status":"closed","ping_status":"closed","template":"","meta":{"_acf_changed":false,"footnotes":""},"class_list":["post-427","page","type-page","status-publish","has-post-thumbnail","hentry"],"acf":[],"yoast_head":"<!-- This site is optimized with the Yoast SEO Premium plugin v21.1 (Yoast SEO v27.4) - https:\/\/yoast.com\/product\/yoast-seo-premium-wordpress\/ -->\n<title>Jalifato Ahmad\u00eda<\/title>\n<meta name=\"description\" content=\"El Jalifatul Masih (sucesor del Mes\u00edas Prometido) es el Jefe Supremo de la Comunidad Ahmad\u00eda. Es elegido por el colegio electoral establecido para este\" \/>\n<meta name=\"robots\" content=\"index, follow, max-snippet:-1, max-image-preview:large, max-video-preview:-1\" \/>\n<link rel=\"canonical\" href=\"https:\/\/www.ahmadiyya-islam.org\/es\/ahmadia\/jalifato-ahmadia\/\" \/>\n<meta property=\"og:locale\" content=\"es_ES\" \/>\n<meta property=\"og:type\" content=\"article\" \/>\n<meta property=\"og:title\" content=\"Jalifato Ahmad\u00eda\" \/>\n<meta property=\"og:description\" content=\"El Jalifatul Masih (sucesor del Mes\u00edas Prometido) es el Jefe Supremo de la Comunidad Ahmad\u00eda. Es elegido por el colegio electoral establecido para este\" \/>\n<meta property=\"og:url\" content=\"https:\/\/www.ahmadiyya-islam.org\/es\/ahmadia\/jalifato-ahmadia\/\" \/>\n<meta property=\"og:site_name\" content=\"Comunidad Musulmana Ahmad\u00eda\" \/>\n<meta property=\"article:modified_time\" content=\"2015-07-10T15:14:39+00:00\" \/>\n<meta property=\"og:image\" content=\"https:\/\/www.ahmadiyya-islam.org\/es\/wp-content\/uploads\/sites\/10\/2015\/07\/hands-21.jpg\" \/>\n\t<meta property=\"og:image:width\" content=\"640\" \/>\n\t<meta property=\"og:image:height\" content=\"427\" \/>\n\t<meta property=\"og:image:type\" content=\"image\/jpeg\" \/>\n<meta name=\"twitter:card\" content=\"summary_large_image\" \/>\n<meta name=\"twitter:label1\" content=\"Est. reading time\" \/>\n\t<meta name=\"twitter:data1\" content=\"1 minute\" \/>\n<script type=\"application\/ld+json\" class=\"yoast-schema-graph\">{\"@context\":\"https:\\\/\\\/schema.org\",\"@graph\":[{\"@type\":\"WebPage\",\"@id\":\"https:\\\/\\\/www.ahmadiyya-islam.org\\\/es\\\/ahmadia\\\/jalifato-ahmadia\\\/\",\"url\":\"https:\\\/\\\/www.ahmadiyya-islam.org\\\/es\\\/ahmadia\\\/jalifato-ahmadia\\\/\",\"name\":\"Jalifato Ahmad\u00eda\",\"isPartOf\":{\"@id\":\"https:\\\/\\\/www.ahmadiyya-islam.org\\\/es\\\/#website\"},\"primaryImageOfPage\":{\"@id\":\"https:\\\/\\\/www.ahmadiyya-islam.org\\\/es\\\/ahmadia\\\/jalifato-ahmadia\\\/#primaryimage\"},\"image\":{\"@id\":\"https:\\\/\\\/www.ahmadiyya-islam.org\\\/es\\\/ahmadia\\\/jalifato-ahmadia\\\/#primaryimage\"},\"thumbnailUrl\":\"https:\\\/\\\/www.ahmadiyya-islam.org\\\/es\\\/wp-content\\\/uploads\\\/sites\\\/10\\\/2015\\\/07\\\/hands-21.jpg\",\"datePublished\":\"2015-07-09T10:31:17+00:00\",\"dateModified\":\"2015-07-10T15:14:39+00:00\",\"description\":\"El Jalifatul Masih (sucesor del Mes\u00edas Prometido) es el Jefe Supremo de la Comunidad Ahmad\u00eda. Es elegido por el colegio electoral establecido para este\",\"breadcrumb\":{\"@id\":\"https:\\\/\\\/www.ahmadiyya-islam.org\\\/es\\\/ahmadia\\\/jalifato-ahmadia\\\/#breadcrumb\"},\"inLanguage\":\"es-ES\",\"potentialAction\":[{\"@type\":\"ReadAction\",\"target\":[\"https:\\\/\\\/www.ahmadiyya-islam.org\\\/es\\\/ahmadia\\\/jalifato-ahmadia\\\/\"]}]},{\"@type\":\"ImageObject\",\"inLanguage\":\"es-ES\",\"@id\":\"https:\\\/\\\/www.ahmadiyya-islam.org\\\/es\\\/ahmadia\\\/jalifato-ahmadia\\\/#primaryimage\",\"url\":\"https:\\\/\\\/www.ahmadiyya-islam.org\\\/es\\\/wp-content\\\/uploads\\\/sites\\\/10\\\/2015\\\/07\\\/hands-21.jpg\",\"contentUrl\":\"https:\\\/\\\/www.ahmadiyya-islam.org\\\/es\\\/wp-content\\\/uploads\\\/sites\\\/10\\\/2015\\\/07\\\/hands-21.jpg\",\"width\":640,\"height\":427},{\"@type\":\"BreadcrumbList\",\"@id\":\"https:\\\/\\\/www.ahmadiyya-islam.org\\\/es\\\/ahmadia\\\/jalifato-ahmadia\\\/#breadcrumb\",\"itemListElement\":[{\"@type\":\"ListItem\",\"position\":1,\"name\":\"Home\",\"item\":\"https:\\\/\\\/www.ahmadiyya-islam.org\\\/es\\\/\"},{\"@type\":\"ListItem\",\"position\":2,\"name\":\"Ahmad\u00eda\",\"item\":\"https:\\\/\\\/www.ahmadiyya-islam.org\\\/es\\\/ahmadia\\\/\"},{\"@type\":\"ListItem\",\"position\":3,\"name\":\"Jalifato Ahmad\u00eda\"}]},{\"@type\":\"WebSite\",\"@id\":\"https:\\\/\\\/www.ahmadiyya-islam.org\\\/es\\\/#website\",\"url\":\"https:\\\/\\\/www.ahmadiyya-islam.org\\\/es\\\/\",\"name\":\"Comunidad Musulmana Ahmad\u00eda\",\"description\":\"Internacional\",\"publisher\":{\"@id\":\"https:\\\/\\\/www.ahmadiyya-islam.org\\\/es\\\/#organization\"},\"potentialAction\":[{\"@type\":\"SearchAction\",\"target\":{\"@type\":\"EntryPoint\",\"urlTemplate\":\"https:\\\/\\\/www.ahmadiyya-islam.org\\\/es\\\/?s={search_term_string}\"},\"query-input\":{\"@type\":\"PropertyValueSpecification\",\"valueRequired\":true,\"valueName\":\"search_term_string\"}}],\"inLanguage\":\"es-ES\"},{\"@type\":\"Organization\",\"@id\":\"https:\\\/\\\/www.ahmadiyya-islam.org\\\/es\\\/#organization\",\"name\":\"Comunidad Musulmana Ahmad\u00eda\",\"url\":\"https:\\\/\\\/www.ahmadiyya-islam.org\\\/es\\\/\",\"logo\":{\"@type\":\"ImageObject\",\"inLanguage\":\"es-ES\",\"@id\":\"https:\\\/\\\/www.ahmadiyya-islam.org\\\/es\\\/#\\\/schema\\\/logo\\\/image\\\/\",\"url\":\"https:\\\/\\\/www.ahmadiyya-islam.org\\\/es\\\/wp-content\\\/uploads\\\/sites\\\/10\\\/2015\\\/06\\\/alislam-logo.png\",\"contentUrl\":\"https:\\\/\\\/www.ahmadiyya-islam.org\\\/es\\\/wp-content\\\/uploads\\\/sites\\\/10\\\/2015\\\/06\\\/alislam-logo.png\",\"width\":1859,\"height\":1859,\"caption\":\"Comunidad Musulmana Ahmad\u00eda\"},\"image\":{\"@id\":\"https:\\\/\\\/www.ahmadiyya-islam.org\\\/es\\\/#\\\/schema\\\/logo\\\/image\\\/\"}}]}<\/script>\n<!-- \/ Yoast SEO Premium plugin. -->","yoast_head_json":{"title":"Jalifato Ahmad\u00eda","description":"El Jalifatul Masih (sucesor del Mes\u00edas Prometido) es el Jefe Supremo de la Comunidad Ahmad\u00eda. Es elegido por el colegio electoral establecido para este","robots":{"index":"index","follow":"follow","max-snippet":"max-snippet:-1","max-image-preview":"max-image-preview:large","max-video-preview":"max-video-preview:-1"},"canonical":"https:\/\/www.ahmadiyya-islam.org\/es\/ahmadia\/jalifato-ahmadia\/","og_locale":"es_ES","og_type":"article","og_title":"Jalifato Ahmad\u00eda","og_description":"El Jalifatul Masih (sucesor del Mes\u00edas Prometido) es el Jefe Supremo de la Comunidad Ahmad\u00eda. Es elegido por el colegio electoral establecido para este","og_url":"https:\/\/www.ahmadiyya-islam.org\/es\/ahmadia\/jalifato-ahmadia\/","og_site_name":"Comunidad Musulmana Ahmad\u00eda","article_modified_time":"2015-07-10T15:14:39+00:00","og_image":[{"width":640,"height":427,"url":"https:\/\/www.ahmadiyya-islam.org\/es\/wp-content\/uploads\/sites\/10\/2015\/07\/hands-21.jpg","type":"image\/jpeg"}],"twitter_card":"summary_large_image","twitter_misc":{"Est. reading time":"1 minute"},"schema":{"@context":"https:\/\/schema.org","@graph":[{"@type":"WebPage","@id":"https:\/\/www.ahmadiyya-islam.org\/es\/ahmadia\/jalifato-ahmadia\/","url":"https:\/\/www.ahmadiyya-islam.org\/es\/ahmadia\/jalifato-ahmadia\/","name":"Jalifato Ahmad\u00eda","isPartOf":{"@id":"https:\/\/www.ahmadiyya-islam.org\/es\/#website"},"primaryImageOfPage":{"@id":"https:\/\/www.ahmadiyya-islam.org\/es\/ahmadia\/jalifato-ahmadia\/#primaryimage"},"image":{"@id":"https:\/\/www.ahmadiyya-islam.org\/es\/ahmadia\/jalifato-ahmadia\/#primaryimage"},"thumbnailUrl":"https:\/\/www.ahmadiyya-islam.org\/es\/wp-content\/uploads\/sites\/10\/2015\/07\/hands-21.jpg","datePublished":"2015-07-09T10:31:17+00:00","dateModified":"2015-07-10T15:14:39+00:00","description":"El Jalifatul Masih (sucesor del Mes\u00edas Prometido) es el Jefe Supremo de la Comunidad Ahmad\u00eda. Es elegido por el colegio electoral establecido para este","breadcrumb":{"@id":"https:\/\/www.ahmadiyya-islam.org\/es\/ahmadia\/jalifato-ahmadia\/#breadcrumb"},"inLanguage":"es-ES","potentialAction":[{"@type":"ReadAction","target":["https:\/\/www.ahmadiyya-islam.org\/es\/ahmadia\/jalifato-ahmadia\/"]}]},{"@type":"ImageObject","inLanguage":"es-ES","@id":"https:\/\/www.ahmadiyya-islam.org\/es\/ahmadia\/jalifato-ahmadia\/#primaryimage","url":"https:\/\/www.ahmadiyya-islam.org\/es\/wp-content\/uploads\/sites\/10\/2015\/07\/hands-21.jpg","contentUrl":"https:\/\/www.ahmadiyya-islam.org\/es\/wp-content\/uploads\/sites\/10\/2015\/07\/hands-21.jpg","width":640,"height":427},{"@type":"BreadcrumbList","@id":"https:\/\/www.ahmadiyya-islam.org\/es\/ahmadia\/jalifato-ahmadia\/#breadcrumb","itemListElement":[{"@type":"ListItem","position":1,"name":"Home","item":"https:\/\/www.ahmadiyya-islam.org\/es\/"},{"@type":"ListItem","position":2,"name":"Ahmad\u00eda","item":"https:\/\/www.ahmadiyya-islam.org\/es\/ahmadia\/"},{"@type":"ListItem","position":3,"name":"Jalifato Ahmad\u00eda"}]},{"@type":"WebSite","@id":"https:\/\/www.ahmadiyya-islam.org\/es\/#website","url":"https:\/\/www.ahmadiyya-islam.org\/es\/","name":"Comunidad Musulmana Ahmad\u00eda","description":"Internacional","publisher":{"@id":"https:\/\/www.ahmadiyya-islam.org\/es\/#organization"},"potentialAction":[{"@type":"SearchAction","target":{"@type":"EntryPoint","urlTemplate":"https:\/\/www.ahmadiyya-islam.org\/es\/?s={search_term_string}"},"query-input":{"@type":"PropertyValueSpecification","valueRequired":true,"valueName":"search_term_string"}}],"inLanguage":"es-ES"},{"@type":"Organization","@id":"https:\/\/www.ahmadiyya-islam.org\/es\/#organization","name":"Comunidad Musulmana Ahmad\u00eda","url":"https:\/\/www.ahmadiyya-islam.org\/es\/","logo":{"@type":"ImageObject","inLanguage":"es-ES","@id":"https:\/\/www.ahmadiyya-islam.org\/es\/#\/schema\/logo\/image\/","url":"https:\/\/www.ahmadiyya-islam.org\/es\/wp-content\/uploads\/sites\/10\/2015\/06\/alislam-logo.png","contentUrl":"https:\/\/www.ahmadiyya-islam.org\/es\/wp-content\/uploads\/sites\/10\/2015\/06\/alislam-logo.png","width":1859,"height":1859,"caption":"Comunidad Musulmana Ahmad\u00eda"},"image":{"@id":"https:\/\/www.ahmadiyya-islam.org\/es\/#\/schema\/logo\/image\/"}}]}},"_links":{"self":[{"href":"https:\/\/www.ahmadiyya-islam.org\/es\/wp-json\/wp\/v2\/pages\/427","targetHints":{"allow":["GET"]}}],"collection":[{"href":"https:\/\/www.ahmadiyya-islam.org\/es\/wp-json\/wp\/v2\/pages"}],"about":[{"href":"https:\/\/www.ahmadiyya-islam.org\/es\/wp-json\/wp\/v2\/types\/page"}],"author":[{"embeddable":true,"href":"https:\/\/www.ahmadiyya-islam.org\/es\/wp-json\/wp\/v2\/users\/15"}],"replies":[{"embeddable":true,"href":"https:\/\/www.ahmadiyya-islam.org\/es\/wp-json\/wp\/v2\/comments?post=427"}],"version-history":[{"count":0,"href":"https:\/\/www.ahmadiyya-islam.org\/es\/wp-json\/wp\/v2\/pages\/427\/revisions"}],"up":[{"embeddable":true,"href":"https:\/\/www.ahmadiyya-islam.org\/es\/wp-json\/wp\/v2\/pages\/91"}],"wp:featuredmedia":[{"embeddable":true,"href":"https:\/\/www.ahmadiyya-islam.org\/es\/wp-json\/wp\/v2\/media\/428"}],"wp:attachment":[{"href":"https:\/\/www.ahmadiyya-islam.org\/es\/wp-json\/wp\/v2\/media?parent=427"}],"curies":[{"name":"wp","href":"https:\/\/api.w.org\/{rel}","templated":true}]}}