{"id":422,"date":"2015-07-09T10:16:49","date_gmt":"2015-07-09T10:16:49","guid":{"rendered":"http:\/\/www.ahmadiyya-islam.org\/es\/?page_id=422"},"modified":"2015-07-10T15:14:52","modified_gmt":"2015-07-10T15:14:52","slug":"yalsa-salana-convenciones-anuales","status":"publish","type":"page","link":"https:\/\/www.ahmadiyya-islam.org\/es\/ahmadia\/yalsa-salana-convenciones-anuales\/","title":{"rendered":"Yalsa Salana (convenciones anuales)"},"content":{"rendered":"<p>El 27 de diciembre de 1891, tuvo lugar la primera reuni\u00f3n (Yalsa) del Movimiento Ahmad\u00eda en Qadi\u00e1n, India, en la que participaron 75 personas. La conferencia tuvo un gran \u00e9xito y el Fundador del la Comunidad Musulmana Ahmad\u00eda, Hazrat Mirza Ghulam Ahmad, el Mes\u00edas Prometido,as anunci\u00f3 que una reuni\u00f3n similar de la Comunidad, de tres d\u00edas, tendr\u00eda lugar cada a\u00f1o en lo sucesivo.<\/p>\n<p>Este acontecimiento es en la actualidad uno de los m\u00e1s destacados en el calendario de la Comunidad y tiene lugar en horarios distintos a lo largo de tres d\u00edas en un gran n\u00famero de pa\u00edses. La Convenci\u00f3n Anual del Reino Unido es una de las de m\u00e1s grandes, y atrae visitantes, dignatarios y otras personalidades de todo el mundo.<\/p>\n<p>El prop\u00f3sito de estas reuniones es analizar el trabajo realizado en el a\u00f1o anterior y sacar provecho de las conferencias pronunciadas por distinguidos eruditos y el propio Jalifa en temas que tratan de Dios, el Islam, el Ahmad\u00edat, el estudio comparativo religioso y los problemas econ\u00f3micos, sociales y pol\u00edticos y sus soluciones. Los musulmanes \u00e1hmadis participantes en estas reuniones proceden de todas las partes del mundo. Aprovechan esta ocasi\u00f3n para incrementar su conocimiento religioso y su energ\u00eda espiritual, y renovar sus antiguas amistades. M\u00e1s de 30.000 personas asisten al Yalsa del Reino Unido donde tienen tambi\u00e9n la ocasi\u00f3n de escuchar las palabras de personalidades reconocidas y de invitados no musulmanes.<\/p>\n<p>Los actos son transmitidos en directo a todo el mundo a trav\u00e9s de una televisi\u00f3n v\u00eda sat\u00e9lite propia <a href=\"http:\/\/www.islamahmadiyya.es\/ahmad%C3%ADa\/mta.html\">(<\/a>MTA<a href=\"http:\/\/www.islamahmadiyya.es\/ahmad%C3%ADa\/mta.html\">)<\/a> que retransmite los actos en ocho diferentes lenguas.<\/p>\n<blockquote>\n<p align=\"justify\"><strong><em>Sois una religi\u00f3n muy noble, que espero que el mundo llegue a entender, y que cada vez son m\u00e1s quienes la entienden, y es importante que sea escuchado lo que dec\u00eds. (Tony Colman, Miembro del Parlamento Brit\u00e1nico)<\/em><\/strong><\/p>\n<p align=\"justify\"><strong><em>Los \u00e1hmadis forman parte de una comunidad generosa, no s\u00f3lo en lo que a su dinero respecta, sino por el regalo que hacen de su tiempo y experiencia a los menos afortunados.<\/em>(<em>Lord Eric Averbur<\/em>)<\/strong><\/p>\n<p align=\"justify\"><strong><em>Mi colaboraci\u00f3n y mi afecto hacia la Comunidad Ahmad\u00eda ha venido existiendo desde hace muchos a\u00f1os y siempre continuar\u00e1\u2026 En cada continente del<\/em> <em>mundo existe la Comunidad Ahmad\u00eda que sigue sus principios religiosos: \u00a1Que principios tan nobles y maravillosos! Son principios de tolerancia, entendimiento, amistad y compasi\u00f3n.<\/em> (<em>Tom Cox, Miembro del Parlamento Brit\u00e1nico<\/em>)<\/strong><\/p>\n<\/blockquote>\n<p align=\"justify\">Uno de los aspectos m\u00e1s destacados de la Convenci\u00f3n Anual (Yalsa) son las conferencias y sesiones presididas por el l\u00edder de la Comunidad Ahmad\u00eda Internacional, Hazrat Mirza Masrur Ahmad, cuyas alocuciones en cada uno de los tres d\u00edas de la Conferencia, atraen a un n\u00famero record de asistentes.<\/p>\n<p align=\"justify\">Para m\u00e1s informaci\u00f3n visiten la p\u00e1gina web:<a href=\"http:\/\/www.jalsasalana.org\/\">http:\/\/www.jalsasalana.org<\/a><\/p>\n<p align=\"justify\">\n","protected":false},"excerpt":{"rendered":"<p>El 27 de diciembre de 1891, tuvo lugar la primera reuni\u00f3n (Yalsa) del Movimiento Ahmad\u00eda en Qadi\u00e1n, India, en la que participaron 75 personas. La conferencia tuvo un gran \u00e9xito y el Fundador del la Comunidad Musulmana Ahmad\u00eda, Hazrat Mirza Ghulam Ahmad, el Mes\u00edas Prometido,as anunci\u00f3 que una reuni\u00f3n similar de la Comunidad, de tres<\/p>\n","protected":false},"author":15,"featured_media":423,"parent":91,"menu_order":7,"comment_status":"closed","ping_status":"closed","template":"","meta":{"_acf_changed":false,"footnotes":""},"class_list":["post-422","page","type-page","status-publish","has-post-thumbnail","hentry"],"acf":[],"yoast_head":"<!-- This site is optimized with the Yoast SEO Premium plugin v21.1 (Yoast SEO v27.0) - https:\/\/yoast.com\/product\/yoast-seo-premium-wordpress\/ -->\n<title>Yalsa Salana (convenciones anuales)<\/title>\n<meta name=\"description\" content=\"El 27 de diciembre de 1891, tuvo lugar la primera reuni\u00f3n (Yalsa) del Movimiento Ahmad\u00eda en Qadi\u00e1n, India, en la que participaron 75 personas. La\" \/>\n<meta name=\"robots\" content=\"index, follow, max-snippet:-1, max-image-preview:large, max-video-preview:-1\" \/>\n<link rel=\"canonical\" href=\"https:\/\/www.ahmadiyya-islam.org\/es\/ahmadia\/yalsa-salana-convenciones-anuales\/\" \/>\n<meta property=\"og:locale\" content=\"es_ES\" \/>\n<meta property=\"og:type\" content=\"article\" \/>\n<meta property=\"og:title\" content=\"Yalsa Salana (convenciones anuales)\" \/>\n<meta property=\"og:description\" content=\"El 27 de diciembre de 1891, tuvo lugar la primera reuni\u00f3n (Yalsa) del Movimiento Ahmad\u00eda en Qadi\u00e1n, India, en la que participaron 75 personas. La\" \/>\n<meta property=\"og:url\" content=\"https:\/\/www.ahmadiyya-islam.org\/es\/ahmadia\/yalsa-salana-convenciones-anuales\/\" \/>\n<meta property=\"og:site_name\" content=\"Comunidad Musulmana Ahmad\u00eda\" \/>\n<meta property=\"article:modified_time\" content=\"2015-07-10T15:14:52+00:00\" \/>\n<meta property=\"og:image\" content=\"https:\/\/www.ahmadiyya-islam.org\/es\/wp-content\/uploads\/sites\/10\/2015\/07\/jalsa-salana.jpg\" \/>\n\t<meta property=\"og:image:width\" content=\"1280\" \/>\n\t<meta property=\"og:image:height\" content=\"720\" \/>\n\t<meta property=\"og:image:type\" content=\"image\/jpeg\" \/>\n<meta name=\"twitter:card\" content=\"summary_large_image\" \/>\n<meta name=\"twitter:label1\" content=\"Est. reading time\" \/>\n\t<meta name=\"twitter:data1\" content=\"2 minutes\" \/>\n<script type=\"application\/ld+json\" class=\"yoast-schema-graph\">{\"@context\":\"https:\/\/schema.org\",\"@graph\":[{\"@type\":\"WebPage\",\"@id\":\"https:\/\/www.ahmadiyya-islam.org\/es\/ahmadia\/yalsa-salana-convenciones-anuales\/\",\"url\":\"https:\/\/www.ahmadiyya-islam.org\/es\/ahmadia\/yalsa-salana-convenciones-anuales\/\",\"name\":\"Yalsa Salana (convenciones anuales)\",\"isPartOf\":{\"@id\":\"https:\/\/www.ahmadiyya-islam.org\/es\/#website\"},\"primaryImageOfPage\":{\"@id\":\"https:\/\/www.ahmadiyya-islam.org\/es\/ahmadia\/yalsa-salana-convenciones-anuales\/#primaryimage\"},\"image\":{\"@id\":\"https:\/\/www.ahmadiyya-islam.org\/es\/ahmadia\/yalsa-salana-convenciones-anuales\/#primaryimage\"},\"thumbnailUrl\":\"https:\/\/www.ahmadiyya-islam.org\/es\/wp-content\/uploads\/sites\/10\/2015\/07\/jalsa-salana.jpg\",\"datePublished\":\"2015-07-09T10:16:49+00:00\",\"dateModified\":\"2015-07-10T15:14:52+00:00\",\"description\":\"El 27 de diciembre de 1891, tuvo lugar la primera reuni\u00f3n (Yalsa) del Movimiento Ahmad\u00eda en Qadi\u00e1n, India, en la que participaron 75 personas. La\",\"breadcrumb\":{\"@id\":\"https:\/\/www.ahmadiyya-islam.org\/es\/ahmadia\/yalsa-salana-convenciones-anuales\/#breadcrumb\"},\"inLanguage\":\"es-ES\",\"potentialAction\":[{\"@type\":\"ReadAction\",\"target\":[\"https:\/\/www.ahmadiyya-islam.org\/es\/ahmadia\/yalsa-salana-convenciones-anuales\/\"]}]},{\"@type\":\"ImageObject\",\"inLanguage\":\"es-ES\",\"@id\":\"https:\/\/www.ahmadiyya-islam.org\/es\/ahmadia\/yalsa-salana-convenciones-anuales\/#primaryimage\",\"url\":\"https:\/\/www.ahmadiyya-islam.org\/es\/wp-content\/uploads\/sites\/10\/2015\/07\/jalsa-salana.jpg\",\"contentUrl\":\"https:\/\/www.ahmadiyya-islam.org\/es\/wp-content\/uploads\/sites\/10\/2015\/07\/jalsa-salana.jpg\",\"width\":1280,\"height\":720},{\"@type\":\"BreadcrumbList\",\"@id\":\"https:\/\/www.ahmadiyya-islam.org\/es\/ahmadia\/yalsa-salana-convenciones-anuales\/#breadcrumb\",\"itemListElement\":[{\"@type\":\"ListItem\",\"position\":1,\"name\":\"Home\",\"item\":\"https:\/\/www.ahmadiyya-islam.org\/es\/\"},{\"@type\":\"ListItem\",\"position\":2,\"name\":\"Ahmad\u00eda\",\"item\":\"https:\/\/www.ahmadiyya-islam.org\/es\/ahmadia\/\"},{\"@type\":\"ListItem\",\"position\":3,\"name\":\"Yalsa Salana (convenciones anuales)\"}]},{\"@type\":\"WebSite\",\"@id\":\"https:\/\/www.ahmadiyya-islam.org\/es\/#website\",\"url\":\"https:\/\/www.ahmadiyya-islam.org\/es\/\",\"name\":\"Comunidad Musulmana Ahmad\u00eda\",\"description\":\"Internacional\",\"publisher\":{\"@id\":\"https:\/\/www.ahmadiyya-islam.org\/es\/#organization\"},\"potentialAction\":[{\"@type\":\"SearchAction\",\"target\":{\"@type\":\"EntryPoint\",\"urlTemplate\":\"https:\/\/www.ahmadiyya-islam.org\/es\/?s={search_term_string}\"},\"query-input\":{\"@type\":\"PropertyValueSpecification\",\"valueRequired\":true,\"valueName\":\"search_term_string\"}}],\"inLanguage\":\"es-ES\"},{\"@type\":\"Organization\",\"@id\":\"https:\/\/www.ahmadiyya-islam.org\/es\/#organization\",\"name\":\"Comunidad Musulmana Ahmad\u00eda\",\"url\":\"https:\/\/www.ahmadiyya-islam.org\/es\/\",\"logo\":{\"@type\":\"ImageObject\",\"inLanguage\":\"es-ES\",\"@id\":\"https:\/\/www.ahmadiyya-islam.org\/es\/#\/schema\/logo\/image\/\",\"url\":\"https:\/\/www.ahmadiyya-islam.org\/es\/wp-content\/uploads\/sites\/10\/2015\/06\/alislam-logo.png\",\"contentUrl\":\"https:\/\/www.ahmadiyya-islam.org\/es\/wp-content\/uploads\/sites\/10\/2015\/06\/alislam-logo.png\",\"width\":1859,\"height\":1859,\"caption\":\"Comunidad Musulmana Ahmad\u00eda\"},\"image\":{\"@id\":\"https:\/\/www.ahmadiyya-islam.org\/es\/#\/schema\/logo\/image\/\"}}]}<\/script>\n<!-- \/ Yoast SEO Premium plugin. -->","yoast_head_json":{"title":"Yalsa Salana (convenciones anuales)","description":"El 27 de diciembre de 1891, tuvo lugar la primera reuni\u00f3n (Yalsa) del Movimiento Ahmad\u00eda en Qadi\u00e1n, India, en la que participaron 75 personas. La","robots":{"index":"index","follow":"follow","max-snippet":"max-snippet:-1","max-image-preview":"max-image-preview:large","max-video-preview":"max-video-preview:-1"},"canonical":"https:\/\/www.ahmadiyya-islam.org\/es\/ahmadia\/yalsa-salana-convenciones-anuales\/","og_locale":"es_ES","og_type":"article","og_title":"Yalsa Salana (convenciones anuales)","og_description":"El 27 de diciembre de 1891, tuvo lugar la primera reuni\u00f3n (Yalsa) del Movimiento Ahmad\u00eda en Qadi\u00e1n, India, en la que participaron 75 personas. La","og_url":"https:\/\/www.ahmadiyya-islam.org\/es\/ahmadia\/yalsa-salana-convenciones-anuales\/","og_site_name":"Comunidad Musulmana Ahmad\u00eda","article_modified_time":"2015-07-10T15:14:52+00:00","og_image":[{"width":1280,"height":720,"url":"https:\/\/www.ahmadiyya-islam.org\/es\/wp-content\/uploads\/sites\/10\/2015\/07\/jalsa-salana.jpg","type":"image\/jpeg"}],"twitter_card":"summary_large_image","twitter_misc":{"Est. reading time":"2 minutes"},"schema":{"@context":"https:\/\/schema.org","@graph":[{"@type":"WebPage","@id":"https:\/\/www.ahmadiyya-islam.org\/es\/ahmadia\/yalsa-salana-convenciones-anuales\/","url":"https:\/\/www.ahmadiyya-islam.org\/es\/ahmadia\/yalsa-salana-convenciones-anuales\/","name":"Yalsa Salana (convenciones anuales)","isPartOf":{"@id":"https:\/\/www.ahmadiyya-islam.org\/es\/#website"},"primaryImageOfPage":{"@id":"https:\/\/www.ahmadiyya-islam.org\/es\/ahmadia\/yalsa-salana-convenciones-anuales\/#primaryimage"},"image":{"@id":"https:\/\/www.ahmadiyya-islam.org\/es\/ahmadia\/yalsa-salana-convenciones-anuales\/#primaryimage"},"thumbnailUrl":"https:\/\/www.ahmadiyya-islam.org\/es\/wp-content\/uploads\/sites\/10\/2015\/07\/jalsa-salana.jpg","datePublished":"2015-07-09T10:16:49+00:00","dateModified":"2015-07-10T15:14:52+00:00","description":"El 27 de diciembre de 1891, tuvo lugar la primera reuni\u00f3n (Yalsa) del Movimiento Ahmad\u00eda en Qadi\u00e1n, India, en la que participaron 75 personas. La","breadcrumb":{"@id":"https:\/\/www.ahmadiyya-islam.org\/es\/ahmadia\/yalsa-salana-convenciones-anuales\/#breadcrumb"},"inLanguage":"es-ES","potentialAction":[{"@type":"ReadAction","target":["https:\/\/www.ahmadiyya-islam.org\/es\/ahmadia\/yalsa-salana-convenciones-anuales\/"]}]},{"@type":"ImageObject","inLanguage":"es-ES","@id":"https:\/\/www.ahmadiyya-islam.org\/es\/ahmadia\/yalsa-salana-convenciones-anuales\/#primaryimage","url":"https:\/\/www.ahmadiyya-islam.org\/es\/wp-content\/uploads\/sites\/10\/2015\/07\/jalsa-salana.jpg","contentUrl":"https:\/\/www.ahmadiyya-islam.org\/es\/wp-content\/uploads\/sites\/10\/2015\/07\/jalsa-salana.jpg","width":1280,"height":720},{"@type":"BreadcrumbList","@id":"https:\/\/www.ahmadiyya-islam.org\/es\/ahmadia\/yalsa-salana-convenciones-anuales\/#breadcrumb","itemListElement":[{"@type":"ListItem","position":1,"name":"Home","item":"https:\/\/www.ahmadiyya-islam.org\/es\/"},{"@type":"ListItem","position":2,"name":"Ahmad\u00eda","item":"https:\/\/www.ahmadiyya-islam.org\/es\/ahmadia\/"},{"@type":"ListItem","position":3,"name":"Yalsa Salana (convenciones anuales)"}]},{"@type":"WebSite","@id":"https:\/\/www.ahmadiyya-islam.org\/es\/#website","url":"https:\/\/www.ahmadiyya-islam.org\/es\/","name":"Comunidad Musulmana Ahmad\u00eda","description":"Internacional","publisher":{"@id":"https:\/\/www.ahmadiyya-islam.org\/es\/#organization"},"potentialAction":[{"@type":"SearchAction","target":{"@type":"EntryPoint","urlTemplate":"https:\/\/www.ahmadiyya-islam.org\/es\/?s={search_term_string}"},"query-input":{"@type":"PropertyValueSpecification","valueRequired":true,"valueName":"search_term_string"}}],"inLanguage":"es-ES"},{"@type":"Organization","@id":"https:\/\/www.ahmadiyya-islam.org\/es\/#organization","name":"Comunidad Musulmana Ahmad\u00eda","url":"https:\/\/www.ahmadiyya-islam.org\/es\/","logo":{"@type":"ImageObject","inLanguage":"es-ES","@id":"https:\/\/www.ahmadiyya-islam.org\/es\/#\/schema\/logo\/image\/","url":"https:\/\/www.ahmadiyya-islam.org\/es\/wp-content\/uploads\/sites\/10\/2015\/06\/alislam-logo.png","contentUrl":"https:\/\/www.ahmadiyya-islam.org\/es\/wp-content\/uploads\/sites\/10\/2015\/06\/alislam-logo.png","width":1859,"height":1859,"caption":"Comunidad Musulmana Ahmad\u00eda"},"image":{"@id":"https:\/\/www.ahmadiyya-islam.org\/es\/#\/schema\/logo\/image\/"}}]}},"_links":{"self":[{"href":"https:\/\/www.ahmadiyya-islam.org\/es\/wp-json\/wp\/v2\/pages\/422","targetHints":{"allow":["GET"]}}],"collection":[{"href":"https:\/\/www.ahmadiyya-islam.org\/es\/wp-json\/wp\/v2\/pages"}],"about":[{"href":"https:\/\/www.ahmadiyya-islam.org\/es\/wp-json\/wp\/v2\/types\/page"}],"author":[{"embeddable":true,"href":"https:\/\/www.ahmadiyya-islam.org\/es\/wp-json\/wp\/v2\/users\/15"}],"replies":[{"embeddable":true,"href":"https:\/\/www.ahmadiyya-islam.org\/es\/wp-json\/wp\/v2\/comments?post=422"}],"version-history":[{"count":0,"href":"https:\/\/www.ahmadiyya-islam.org\/es\/wp-json\/wp\/v2\/pages\/422\/revisions"}],"up":[{"embeddable":true,"href":"https:\/\/www.ahmadiyya-islam.org\/es\/wp-json\/wp\/v2\/pages\/91"}],"wp:featuredmedia":[{"embeddable":true,"href":"https:\/\/www.ahmadiyya-islam.org\/es\/wp-json\/wp\/v2\/media\/423"}],"wp:attachment":[{"href":"https:\/\/www.ahmadiyya-islam.org\/es\/wp-json\/wp\/v2\/media?parent=422"}],"curies":[{"name":"wp","href":"https:\/\/api.w.org\/{rel}","templated":true}]}}