{"id":414,"date":"2015-07-09T09:53:06","date_gmt":"2015-07-09T09:53:06","guid":{"rendered":"http:\/\/www.ahmadiyya-islam.org\/es\/?page_id=414"},"modified":"2015-07-11T13:03:19","modified_gmt":"2015-07-11T13:03:19","slug":"la-comunidad-humanitaria","status":"publish","type":"page","link":"https:\/\/www.ahmadiyya-islam.org\/es\/ahmadia\/la-comunidad-humanitaria\/","title":{"rendered":"La Comunidad Humanitaria"},"content":{"rendered":"<p>La Comunidad Ahmad\u00eda del Islam destaca por su compromiso activo en pro del bienestar social y en afrontar las demandas m\u00e9dicas y educativas, no s\u00f3lo para sus propios miembros, sino para toda las comunidades en la que se ubica. La Comunidad ha abierto un gran n\u00famero de cl\u00ednicas y hospitales que ofrecen asistencia m\u00e9dica gratuita. En \u00c1frica, estas instituciones vienen prestando servicio a las comunidades locales desde hace d\u00e9cadas.<\/p>\n<p>La Comunidad ha iniciado diversos proyectos sociales para ayudar a los pa\u00edses subdesarrollados de Asia y \u00c1frica, y para asistir a las v\u00edctimas de guerras y desastres naturales como los acontecidos en India, Kobe, Turqu\u00eda, Bosnia o Kosovo.<\/p>\n<p><strong>Humanity First <\/strong>es una organizaci\u00f3n caritativa radicada en el Reino Unido, establecida por la Comunidad Ahmad\u00eda con el fin de promover y salvaguardar la vida y la dignidad humana. Es una agencia de desarrollo y ayuda internacional, apol\u00edtica y no-sectaria, que trabaja con diversas comunidades, en todo el globo, para mejorar la calidad de vida de los m\u00e1s pobres y vulnerables. Los miembros de la Comunidad sirven a la humanidad mediante sacrificios desinteresados, afecto y devoci\u00f3n. Visite la p\u00e1gina web oficial: <a href=\"http:\/\/humanityfirst.org\/\">http:\/\/humanityfirst.org\/<\/a><\/p>\n<p>La Comunidad ha establecido escuelas, abiertas a todos, en diversos pa\u00edses del mundo. Algunas de estas escuelas se han convertido en las instituciones m\u00e1s solicitadas dentro de sus pa\u00edses respectivos.<\/p>\n","protected":false},"excerpt":{"rendered":"<p>La Comunidad Ahmad\u00eda del Islam destaca por su compromiso activo en pro del bienestar social y en afrontar las demandas m\u00e9dicas y educativas, no s\u00f3lo para sus propios miembros, sino para toda las comunidades en la que se ubica. La Comunidad ha abierto un gran n\u00famero de cl\u00ednicas y hospitales que ofrecen asistencia m\u00e9dica gratuita.<\/p>\n","protected":false},"author":15,"featured_media":527,"parent":91,"menu_order":12,"comment_status":"closed","ping_status":"closed","template":"","meta":{"_acf_changed":false,"footnotes":""},"class_list":["post-414","page","type-page","status-publish","has-post-thumbnail","hentry"],"acf":[],"yoast_head":"<!-- This site is optimized with the Yoast SEO Premium plugin v21.1 (Yoast SEO v27.0) - https:\/\/yoast.com\/product\/yoast-seo-premium-wordpress\/ -->\n<title>La Comunidad Humanitaria<\/title>\n<meta name=\"description\" content=\"La Comunidad Ahmad\u00eda del Islam destaca por su compromiso activo en pro del bienestar social y en afrontar las demandas m\u00e9dicas y educativas, no s\u00f3lo para\" \/>\n<meta name=\"robots\" content=\"index, follow, max-snippet:-1, max-image-preview:large, max-video-preview:-1\" \/>\n<link rel=\"canonical\" href=\"https:\/\/www.ahmadiyya-islam.org\/es\/ahmadia\/la-comunidad-humanitaria\/\" \/>\n<meta property=\"og:locale\" content=\"es_ES\" \/>\n<meta property=\"og:type\" content=\"article\" \/>\n<meta property=\"og:title\" content=\"La Comunidad Humanitaria\" \/>\n<meta property=\"og:description\" content=\"La Comunidad Ahmad\u00eda del Islam destaca por su compromiso activo en pro del bienestar social y en afrontar las demandas m\u00e9dicas y educativas, no s\u00f3lo para\" \/>\n<meta property=\"og:url\" content=\"https:\/\/www.ahmadiyya-islam.org\/es\/ahmadia\/la-comunidad-humanitaria\/\" \/>\n<meta property=\"og:site_name\" content=\"Comunidad Musulmana Ahmad\u00eda\" \/>\n<meta property=\"article:modified_time\" content=\"2015-07-11T13:03:19+00:00\" \/>\n<meta property=\"og:image\" content=\"https:\/\/www.ahmadiyya-islam.org\/es\/wp-content\/uploads\/sites\/10\/2015\/07\/water-for-life.jpg\" \/>\n\t<meta property=\"og:image:width\" content=\"1133\" \/>\n\t<meta property=\"og:image:height\" content=\"637\" \/>\n\t<meta property=\"og:image:type\" content=\"image\/jpeg\" \/>\n<meta name=\"twitter:card\" content=\"summary_large_image\" \/>\n<meta name=\"twitter:label1\" content=\"Est. reading time\" \/>\n\t<meta name=\"twitter:data1\" content=\"1 minute\" \/>\n<script type=\"application\/ld+json\" class=\"yoast-schema-graph\">{\"@context\":\"https:\/\/schema.org\",\"@graph\":[{\"@type\":\"WebPage\",\"@id\":\"https:\/\/www.ahmadiyya-islam.org\/es\/ahmadia\/la-comunidad-humanitaria\/\",\"url\":\"https:\/\/www.ahmadiyya-islam.org\/es\/ahmadia\/la-comunidad-humanitaria\/\",\"name\":\"La Comunidad Humanitaria\",\"isPartOf\":{\"@id\":\"https:\/\/www.ahmadiyya-islam.org\/es\/#website\"},\"primaryImageOfPage\":{\"@id\":\"https:\/\/www.ahmadiyya-islam.org\/es\/ahmadia\/la-comunidad-humanitaria\/#primaryimage\"},\"image\":{\"@id\":\"https:\/\/www.ahmadiyya-islam.org\/es\/ahmadia\/la-comunidad-humanitaria\/#primaryimage\"},\"thumbnailUrl\":\"https:\/\/www.ahmadiyya-islam.org\/es\/wp-content\/uploads\/sites\/10\/2015\/07\/water-for-life.jpg\",\"datePublished\":\"2015-07-09T09:53:06+00:00\",\"dateModified\":\"2015-07-11T13:03:19+00:00\",\"description\":\"La Comunidad Ahmad\u00eda del Islam destaca por su compromiso activo en pro del bienestar social y en afrontar las demandas m\u00e9dicas y educativas, no s\u00f3lo para\",\"breadcrumb\":{\"@id\":\"https:\/\/www.ahmadiyya-islam.org\/es\/ahmadia\/la-comunidad-humanitaria\/#breadcrumb\"},\"inLanguage\":\"es-ES\",\"potentialAction\":[{\"@type\":\"ReadAction\",\"target\":[\"https:\/\/www.ahmadiyya-islam.org\/es\/ahmadia\/la-comunidad-humanitaria\/\"]}]},{\"@type\":\"ImageObject\",\"inLanguage\":\"es-ES\",\"@id\":\"https:\/\/www.ahmadiyya-islam.org\/es\/ahmadia\/la-comunidad-humanitaria\/#primaryimage\",\"url\":\"https:\/\/www.ahmadiyya-islam.org\/es\/wp-content\/uploads\/sites\/10\/2015\/07\/water-for-life.jpg\",\"contentUrl\":\"https:\/\/www.ahmadiyya-islam.org\/es\/wp-content\/uploads\/sites\/10\/2015\/07\/water-for-life.jpg\",\"width\":1133,\"height\":637},{\"@type\":\"BreadcrumbList\",\"@id\":\"https:\/\/www.ahmadiyya-islam.org\/es\/ahmadia\/la-comunidad-humanitaria\/#breadcrumb\",\"itemListElement\":[{\"@type\":\"ListItem\",\"position\":1,\"name\":\"Home\",\"item\":\"https:\/\/www.ahmadiyya-islam.org\/es\/\"},{\"@type\":\"ListItem\",\"position\":2,\"name\":\"Ahmad\u00eda\",\"item\":\"https:\/\/www.ahmadiyya-islam.org\/es\/ahmadia\/\"},{\"@type\":\"ListItem\",\"position\":3,\"name\":\"La Comunidad Humanitaria\"}]},{\"@type\":\"WebSite\",\"@id\":\"https:\/\/www.ahmadiyya-islam.org\/es\/#website\",\"url\":\"https:\/\/www.ahmadiyya-islam.org\/es\/\",\"name\":\"Comunidad Musulmana Ahmad\u00eda\",\"description\":\"Internacional\",\"publisher\":{\"@id\":\"https:\/\/www.ahmadiyya-islam.org\/es\/#organization\"},\"potentialAction\":[{\"@type\":\"SearchAction\",\"target\":{\"@type\":\"EntryPoint\",\"urlTemplate\":\"https:\/\/www.ahmadiyya-islam.org\/es\/?s={search_term_string}\"},\"query-input\":{\"@type\":\"PropertyValueSpecification\",\"valueRequired\":true,\"valueName\":\"search_term_string\"}}],\"inLanguage\":\"es-ES\"},{\"@type\":\"Organization\",\"@id\":\"https:\/\/www.ahmadiyya-islam.org\/es\/#organization\",\"name\":\"Comunidad Musulmana Ahmad\u00eda\",\"url\":\"https:\/\/www.ahmadiyya-islam.org\/es\/\",\"logo\":{\"@type\":\"ImageObject\",\"inLanguage\":\"es-ES\",\"@id\":\"https:\/\/www.ahmadiyya-islam.org\/es\/#\/schema\/logo\/image\/\",\"url\":\"https:\/\/www.ahmadiyya-islam.org\/es\/wp-content\/uploads\/sites\/10\/2015\/06\/alislam-logo.png\",\"contentUrl\":\"https:\/\/www.ahmadiyya-islam.org\/es\/wp-content\/uploads\/sites\/10\/2015\/06\/alislam-logo.png\",\"width\":1859,\"height\":1859,\"caption\":\"Comunidad Musulmana Ahmad\u00eda\"},\"image\":{\"@id\":\"https:\/\/www.ahmadiyya-islam.org\/es\/#\/schema\/logo\/image\/\"}}]}<\/script>\n<!-- \/ Yoast SEO Premium plugin. -->","yoast_head_json":{"title":"La Comunidad Humanitaria","description":"La Comunidad Ahmad\u00eda del Islam destaca por su compromiso activo en pro del bienestar social y en afrontar las demandas m\u00e9dicas y educativas, no s\u00f3lo para","robots":{"index":"index","follow":"follow","max-snippet":"max-snippet:-1","max-image-preview":"max-image-preview:large","max-video-preview":"max-video-preview:-1"},"canonical":"https:\/\/www.ahmadiyya-islam.org\/es\/ahmadia\/la-comunidad-humanitaria\/","og_locale":"es_ES","og_type":"article","og_title":"La Comunidad Humanitaria","og_description":"La Comunidad Ahmad\u00eda del Islam destaca por su compromiso activo en pro del bienestar social y en afrontar las demandas m\u00e9dicas y educativas, no s\u00f3lo para","og_url":"https:\/\/www.ahmadiyya-islam.org\/es\/ahmadia\/la-comunidad-humanitaria\/","og_site_name":"Comunidad Musulmana Ahmad\u00eda","article_modified_time":"2015-07-11T13:03:19+00:00","og_image":[{"width":1133,"height":637,"url":"https:\/\/www.ahmadiyya-islam.org\/es\/wp-content\/uploads\/sites\/10\/2015\/07\/water-for-life.jpg","type":"image\/jpeg"}],"twitter_card":"summary_large_image","twitter_misc":{"Est. reading time":"1 minute"},"schema":{"@context":"https:\/\/schema.org","@graph":[{"@type":"WebPage","@id":"https:\/\/www.ahmadiyya-islam.org\/es\/ahmadia\/la-comunidad-humanitaria\/","url":"https:\/\/www.ahmadiyya-islam.org\/es\/ahmadia\/la-comunidad-humanitaria\/","name":"La Comunidad Humanitaria","isPartOf":{"@id":"https:\/\/www.ahmadiyya-islam.org\/es\/#website"},"primaryImageOfPage":{"@id":"https:\/\/www.ahmadiyya-islam.org\/es\/ahmadia\/la-comunidad-humanitaria\/#primaryimage"},"image":{"@id":"https:\/\/www.ahmadiyya-islam.org\/es\/ahmadia\/la-comunidad-humanitaria\/#primaryimage"},"thumbnailUrl":"https:\/\/www.ahmadiyya-islam.org\/es\/wp-content\/uploads\/sites\/10\/2015\/07\/water-for-life.jpg","datePublished":"2015-07-09T09:53:06+00:00","dateModified":"2015-07-11T13:03:19+00:00","description":"La Comunidad Ahmad\u00eda del Islam destaca por su compromiso activo en pro del bienestar social y en afrontar las demandas m\u00e9dicas y educativas, no s\u00f3lo para","breadcrumb":{"@id":"https:\/\/www.ahmadiyya-islam.org\/es\/ahmadia\/la-comunidad-humanitaria\/#breadcrumb"},"inLanguage":"es-ES","potentialAction":[{"@type":"ReadAction","target":["https:\/\/www.ahmadiyya-islam.org\/es\/ahmadia\/la-comunidad-humanitaria\/"]}]},{"@type":"ImageObject","inLanguage":"es-ES","@id":"https:\/\/www.ahmadiyya-islam.org\/es\/ahmadia\/la-comunidad-humanitaria\/#primaryimage","url":"https:\/\/www.ahmadiyya-islam.org\/es\/wp-content\/uploads\/sites\/10\/2015\/07\/water-for-life.jpg","contentUrl":"https:\/\/www.ahmadiyya-islam.org\/es\/wp-content\/uploads\/sites\/10\/2015\/07\/water-for-life.jpg","width":1133,"height":637},{"@type":"BreadcrumbList","@id":"https:\/\/www.ahmadiyya-islam.org\/es\/ahmadia\/la-comunidad-humanitaria\/#breadcrumb","itemListElement":[{"@type":"ListItem","position":1,"name":"Home","item":"https:\/\/www.ahmadiyya-islam.org\/es\/"},{"@type":"ListItem","position":2,"name":"Ahmad\u00eda","item":"https:\/\/www.ahmadiyya-islam.org\/es\/ahmadia\/"},{"@type":"ListItem","position":3,"name":"La Comunidad Humanitaria"}]},{"@type":"WebSite","@id":"https:\/\/www.ahmadiyya-islam.org\/es\/#website","url":"https:\/\/www.ahmadiyya-islam.org\/es\/","name":"Comunidad Musulmana Ahmad\u00eda","description":"Internacional","publisher":{"@id":"https:\/\/www.ahmadiyya-islam.org\/es\/#organization"},"potentialAction":[{"@type":"SearchAction","target":{"@type":"EntryPoint","urlTemplate":"https:\/\/www.ahmadiyya-islam.org\/es\/?s={search_term_string}"},"query-input":{"@type":"PropertyValueSpecification","valueRequired":true,"valueName":"search_term_string"}}],"inLanguage":"es-ES"},{"@type":"Organization","@id":"https:\/\/www.ahmadiyya-islam.org\/es\/#organization","name":"Comunidad Musulmana Ahmad\u00eda","url":"https:\/\/www.ahmadiyya-islam.org\/es\/","logo":{"@type":"ImageObject","inLanguage":"es-ES","@id":"https:\/\/www.ahmadiyya-islam.org\/es\/#\/schema\/logo\/image\/","url":"https:\/\/www.ahmadiyya-islam.org\/es\/wp-content\/uploads\/sites\/10\/2015\/06\/alislam-logo.png","contentUrl":"https:\/\/www.ahmadiyya-islam.org\/es\/wp-content\/uploads\/sites\/10\/2015\/06\/alislam-logo.png","width":1859,"height":1859,"caption":"Comunidad Musulmana Ahmad\u00eda"},"image":{"@id":"https:\/\/www.ahmadiyya-islam.org\/es\/#\/schema\/logo\/image\/"}}]}},"_links":{"self":[{"href":"https:\/\/www.ahmadiyya-islam.org\/es\/wp-json\/wp\/v2\/pages\/414","targetHints":{"allow":["GET"]}}],"collection":[{"href":"https:\/\/www.ahmadiyya-islam.org\/es\/wp-json\/wp\/v2\/pages"}],"about":[{"href":"https:\/\/www.ahmadiyya-islam.org\/es\/wp-json\/wp\/v2\/types\/page"}],"author":[{"embeddable":true,"href":"https:\/\/www.ahmadiyya-islam.org\/es\/wp-json\/wp\/v2\/users\/15"}],"replies":[{"embeddable":true,"href":"https:\/\/www.ahmadiyya-islam.org\/es\/wp-json\/wp\/v2\/comments?post=414"}],"version-history":[{"count":0,"href":"https:\/\/www.ahmadiyya-islam.org\/es\/wp-json\/wp\/v2\/pages\/414\/revisions"}],"up":[{"embeddable":true,"href":"https:\/\/www.ahmadiyya-islam.org\/es\/wp-json\/wp\/v2\/pages\/91"}],"wp:featuredmedia":[{"embeddable":true,"href":"https:\/\/www.ahmadiyya-islam.org\/es\/wp-json\/wp\/v2\/media\/527"}],"wp:attachment":[{"href":"https:\/\/www.ahmadiyya-islam.org\/es\/wp-json\/wp\/v2\/media?parent=414"}],"curies":[{"name":"wp","href":"https:\/\/api.w.org\/{rel}","templated":true}]}}