{"id":389,"date":"2015-07-08T18:04:42","date_gmt":"2015-07-08T18:04:42","guid":{"rendered":"http:\/\/www.ahmadiyya-islam.org\/es\/?page_id=389"},"modified":"2015-07-16T12:45:25","modified_gmt":"2015-07-16T12:45:25","slug":"la-universalidad-del-islam","status":"publish","type":"page","link":"https:\/\/www.ahmadiyya-islam.org\/es\/islam\/la-universalidad-del-islam\/","title":{"rendered":"La Universalidad del Islam"},"content":{"rendered":"<p align=\"justify\">Desgraciadamente, los medios de comunicaci\u00f3n y prensa presentan al Islam de forma distorsionada, creando una imagen de fundamentalismo r\u00edgido y fan\u00e1tico. Esto est\u00e1 lejos de la verdad. El Islam es una religi\u00f3n universal. Reclama ser el aut\u00e9ntico medio de acercamiento a Dios para toda la gente y todas las \u00e9pocas.<\/p>\n<p>El concepto de universalidad en una religi\u00f3n requiere que sobrepase no s\u00f3lo los l\u00edmites geogr\u00e1ficos y nacionales, sino tambi\u00e9n los l\u00edmites del tiempo. El Islam es la \u00fanica religi\u00f3n que hace esta reivindicaci\u00f3n, pues sus ense\u00f1anzas est\u00e1n unidas a la psique, alma y esp\u00edritu humanos. El Islam afirma que cualquier religi\u00f3n que se base en la mente humana transciende el tiempo y el espacio. Al ser la psique humana inalterable, la religi\u00f3n que est\u00e1 unida a ella tambi\u00e9n lo es. En otras palabras, aunque la humanidad siga progresando materialmente, las necesidades psicol\u00f3gicas del hombre seguir\u00e1n siendo las mismas, y el Islam siempre dispondr\u00e1 de medios para satisfacerlas. La universalidad del Islam queda demostrada de muchas formas y niveles diferentes:<\/p>\n<p class=\"p_azul\" align=\"justify\"><strong>La aceptaci\u00f3n de todas las ense\u00f1anzas<\/strong><\/p>\n<p align=\"justify\">El Islam es la \u00fanica religi\u00f3n que acepta todas las ense\u00f1anzas anteriores y a sus portadores como enviados de Dios. Sin embargo, afirma que estas ense\u00f1anzas han sido tergiversadas y no pueden considerarse fidedignas. El Islam ense\u00f1a que en el Santo Cor\u00e1n se incorpora el verdadero significado de estas ense\u00f1anzas y su integridad ser\u00e1 salvaguardada por el mismo Dios. Esta aceptaci\u00f3n y la incorporaci\u00f3n de otras Escrituras hacen que el Islam sea una religi\u00f3n universal verdadera.<\/p>\n<p class=\"p_azul\" align=\"justify\"><strong>Nada de compulsi\u00f3n en cuanto a religi\u00f3n<\/strong><\/p>\n<p class=\"p_azul\" align=\"justify\">\u00a0Para que una religi\u00f3n sea verdaderamente universal, ha de atraer a gentes de todas las razas y culturas. Esta ense\u00f1anza, pues, no puede imponerse por la fuerza. El Islam no permite el uso de la fuerza para la propagaci\u00f3n de su mensaje. El Santo Cor\u00e1n dice:<\/p>\n<blockquote><p><strong>\u201cNo debe haber coacci\u00f3n en la religi\u00f3n. Ciertamente, lo recto ha quedado separado de lo err\u00f3neo&#8230;\u201d (2:257).<\/strong><\/p><\/blockquote>\n<p align=\"justify\">\u00a0\u00a0 La palabra <em>\u201cyihad\u201d<\/em> se interpreta frecuentemente como \u201cemprender una guerra santa\u201d cuando en realidad, significa \u201cluchar, esforzarse\u201d. El <em>yihad<\/em> isl\u00e1mico no\u00a0 consiste en matar y ser matado, sino en esforzarse intensamente en obtener el agrado de Dios. La forma m\u00e1s elevada de <em>yihad<\/em> es la lucha interna del hombre por librarse de los vicios y las ligaduras del mundo material y conseguir elevar su esp\u00edritu para obtener la cercan\u00eda a Dios. Otro tipo de <em>yihad<\/em> puede adoptar la forma de predicaci\u00f3n y propagaci\u00f3n de las ense\u00f1anzas del Islam por medios pac\u00edficos. El tercer tipo de <em>yihad<\/em> consiste en defender el Islam contra una agresi\u00f3n no provocada o contra un intento de destrucci\u00f3n f\u00edsica del Islam.<\/p>\n<p class=\"p_azul\" align=\"justify\"><strong>La igualdad entre los hombres<\/strong><\/p>\n<p align=\"justify\">\u00a0\u00a0 El Islam transmite un mensaje firme de hermandad e igualdad entre los hombres que es el ingrediente esencial de la universalidad. El Islam ense\u00f1a amor para todos. El Santo Profeta (la paz y bendiciones de Dios sean con \u00e9l) djio:<\/p>\n<blockquote>\n<p align=\"justify\"><strong>\u201cDios es bondadoso con quien muestra bondad hacia Su creaci\u00f3n, por lo que de b\u00e9is ser amables con el pr\u00f3jimo, ya sean virtuosos o malvados. Pues la bondad hacia los malhechores les aparta de su maldad\u201d.<\/strong><\/p>\n<\/blockquote>\n<p align=\"justify\">El Islam ense\u00f1a que ante la vista de Dios todos los hombres son iguales sin diferencia de raza, estatus, posici\u00f3n o riqueza. \u00c9l les juzga solamente por sus buenas acciones. El \u00faltimo serm\u00f3n del Santo Profeta (la paz y bendiciones de Dios sean con \u00e9l) contiene esta bella alocuci\u00f3n:<\/p>\n<blockquote>\n<p align=\"justify\"><strong>\u201c\u00a1Oh humanos! Vuestro Se\u00f1or es Uno y vuestro antepasado es uno. Un \u00e1rabe no posee superioridad sobre un no-\u00e1rabe, ni un no-\u00e1rabe sobre un \u00e1rabe. El\u00a0 blanco no es en ning\u00fan modo superior al cobrizo, ni el cobrizo al blanco por el hecho de serlo, sino en la medida en la que cumple sus obligaciones hacia Dios y el hombre. El m\u00e1s honesto de entre vosotros ante la vista de Dios es el m\u00e1s justo.<\/strong><\/p>\n<p align=\"justify\"><strong>\u201c\u00a1Oh humanos, Deb\u00e9is escuchar y recordad todo cuanto os digo. Todos los musulmanes son hermanos entre s\u00ed. Todos vosotros sois iguales. Todos los\u00a0 hombres, sea cual fuere su posici\u00f3n, son iguales\u201d.<\/strong><\/p>\n<\/blockquote>\n<p align=\"justify\">\u00a0 Mientras hablaba, el Santo Profeta Mohammad (la paz y bendiciones de Dios sean con \u00e9l) alz\u00f3 sus manos y, uniendo los dedos de una mano con los de la otra, dijo:<\/p>\n<blockquote>\n<p align=\"justify\"><strong>&#8220;Los seres humanos son tan semejantes entre s\u00ed como los dedos de las manos. Nadie puede reivindicar derecho ni superioridad sobre los dem\u00e1s. Sois como hermanos&#8230; Lo que os ordeno no se limita al d\u00eda de hoy sino para todas las \u00e9pocas. Deb\u00e9is recordarlo y obrar en consecuencia hasta que abandon\u00e9is este mundo y part\u00e1is hacia el pr\u00f3ximo para encontrar a vuestro Creador.&#8221;<\/strong><\/p>\n<\/blockquote>\n<p align=\"justify\">\n<p align=\"justify\"><em>Imagen: cortes\u00eda de\u00a0<a href=\"https:\/\/www.flickr.com\/photos\/nasamarshall\/5091372229\/in\/photolist-8KUBzP-5fsbNS-72bcJo-iVtxQF-5JWng7-8JCGmL-3Nt1cv-ch8rkL-u8wfSi-8d5KvQ-9LSn4o-amWseb-dkpkpx-85NxvD-5kXfwN-c9RNrm-69fJxf-6hvK8R-9p6XPX-sfo7nK-hDWX8w-827obA-9jR7EH-86GqrJ-4VUDUs-8pdRmR-riVjBA-f4osi6-ch8t25-TigxB-dALj6n-d9BFhJ-hVe18-rh5QxY-pNShKT-aqaBa6-aFDQvc-fG1bjJ-cSmVzu-8Rc25g-ch8rAy-c8r8Fm-cjdJeU-eQTti5-eQG7ya-fAvVTT-ceDQ6f-fNWQTQ-5Do92i-5VvbPw\" target=\"_blank\">NASA&#8217;s Marshall Space Flight Center<\/a>;\u00a0<\/em><em>Licencia <a href=\"https:\/\/creativecommons.org\/licenses\/by-nc\/2.0\/\" target=\"_blank\">Creative Commons<\/a><\/em><\/p>\n","protected":false},"excerpt":{"rendered":"<p>Desgraciadamente, los medios de comunicaci\u00f3n y prensa presentan al Islam de forma distorsionada, creando una imagen de fundamentalismo r\u00edgido y fan\u00e1tico. Esto est\u00e1 lejos de la verdad. El Islam es una religi\u00f3n universal. Reclama ser el aut\u00e9ntico medio de acercamiento a Dios para toda la gente y todas las \u00e9pocas. El concepto de universalidad en<\/p>\n","protected":false},"author":15,"featured_media":524,"parent":89,"menu_order":7,"comment_status":"closed","ping_status":"closed","template":"","meta":{"_acf_changed":false,"footnotes":""},"class_list":["post-389","page","type-page","status-publish","has-post-thumbnail","hentry"],"acf":[],"yoast_head":"<!-- This site is optimized with the Yoast SEO Premium plugin v21.1 (Yoast SEO v27.0) - https:\/\/yoast.com\/product\/yoast-seo-premium-wordpress\/ -->\n<title>La Universalidad del Islam<\/title>\n<meta name=\"description\" content=\"Desgraciadamente, los medios de comunicaci\u00f3n y prensa presentan al Islam de forma distorsionada, creando una imagen de fundamentalismo r\u00edgido y fan\u00e1tico.\" \/>\n<meta name=\"robots\" content=\"index, follow, max-snippet:-1, max-image-preview:large, max-video-preview:-1\" \/>\n<link rel=\"canonical\" href=\"https:\/\/www.ahmadiyya-islam.org\/es\/islam\/la-universalidad-del-islam\/\" \/>\n<meta property=\"og:locale\" content=\"es_ES\" \/>\n<meta property=\"og:type\" content=\"article\" \/>\n<meta property=\"og:title\" content=\"La Universalidad del Islam\" \/>\n<meta property=\"og:description\" content=\"Desgraciadamente, los medios de comunicaci\u00f3n y prensa presentan al Islam de forma distorsionada, creando una imagen de fundamentalismo r\u00edgido y fan\u00e1tico.\" \/>\n<meta property=\"og:url\" content=\"https:\/\/www.ahmadiyya-islam.org\/es\/islam\/la-universalidad-del-islam\/\" \/>\n<meta property=\"og:site_name\" content=\"Comunidad Musulmana Ahmad\u00eda\" \/>\n<meta property=\"article:modified_time\" content=\"2015-07-16T12:45:25+00:00\" \/>\n<meta property=\"og:image\" content=\"https:\/\/www.ahmadiyya-islam.org\/es\/wp-content\/uploads\/sites\/10\/2015\/07\/earth.jpg\" \/>\n\t<meta property=\"og:image:width\" content=\"3032\" \/>\n\t<meta property=\"og:image:height\" content=\"1986\" \/>\n\t<meta property=\"og:image:type\" content=\"image\/jpeg\" \/>\n<meta name=\"twitter:card\" content=\"summary_large_image\" \/>\n<meta name=\"twitter:label1\" content=\"Est. reading time\" \/>\n\t<meta name=\"twitter:data1\" content=\"4 minutes\" \/>\n<script type=\"application\/ld+json\" class=\"yoast-schema-graph\">{\"@context\":\"https:\/\/schema.org\",\"@graph\":[{\"@type\":\"WebPage\",\"@id\":\"https:\/\/www.ahmadiyya-islam.org\/es\/islam\/la-universalidad-del-islam\/\",\"url\":\"https:\/\/www.ahmadiyya-islam.org\/es\/islam\/la-universalidad-del-islam\/\",\"name\":\"La Universalidad del Islam\",\"isPartOf\":{\"@id\":\"https:\/\/www.ahmadiyya-islam.org\/es\/#website\"},\"primaryImageOfPage\":{\"@id\":\"https:\/\/www.ahmadiyya-islam.org\/es\/islam\/la-universalidad-del-islam\/#primaryimage\"},\"image\":{\"@id\":\"https:\/\/www.ahmadiyya-islam.org\/es\/islam\/la-universalidad-del-islam\/#primaryimage\"},\"thumbnailUrl\":\"https:\/\/www.ahmadiyya-islam.org\/es\/wp-content\/uploads\/sites\/10\/2015\/07\/earth.jpg\",\"datePublished\":\"2015-07-08T18:04:42+00:00\",\"dateModified\":\"2015-07-16T12:45:25+00:00\",\"description\":\"Desgraciadamente, los medios de comunicaci\u00f3n y prensa presentan al Islam de forma distorsionada, creando una imagen de fundamentalismo r\u00edgido y fan\u00e1tico.\",\"breadcrumb\":{\"@id\":\"https:\/\/www.ahmadiyya-islam.org\/es\/islam\/la-universalidad-del-islam\/#breadcrumb\"},\"inLanguage\":\"es-ES\",\"potentialAction\":[{\"@type\":\"ReadAction\",\"target\":[\"https:\/\/www.ahmadiyya-islam.org\/es\/islam\/la-universalidad-del-islam\/\"]}]},{\"@type\":\"ImageObject\",\"inLanguage\":\"es-ES\",\"@id\":\"https:\/\/www.ahmadiyya-islam.org\/es\/islam\/la-universalidad-del-islam\/#primaryimage\",\"url\":\"https:\/\/www.ahmadiyya-islam.org\/es\/wp-content\/uploads\/sites\/10\/2015\/07\/earth.jpg\",\"contentUrl\":\"https:\/\/www.ahmadiyya-islam.org\/es\/wp-content\/uploads\/sites\/10\/2015\/07\/earth.jpg\",\"width\":3032,\"height\":1986},{\"@type\":\"BreadcrumbList\",\"@id\":\"https:\/\/www.ahmadiyya-islam.org\/es\/islam\/la-universalidad-del-islam\/#breadcrumb\",\"itemListElement\":[{\"@type\":\"ListItem\",\"position\":1,\"name\":\"Home\",\"item\":\"https:\/\/www.ahmadiyya-islam.org\/es\/\"},{\"@type\":\"ListItem\",\"position\":2,\"name\":\"Islam\",\"item\":\"https:\/\/www.ahmadiyya-islam.org\/es\/islam\/\"},{\"@type\":\"ListItem\",\"position\":3,\"name\":\"La Universalidad del Islam\"}]},{\"@type\":\"WebSite\",\"@id\":\"https:\/\/www.ahmadiyya-islam.org\/es\/#website\",\"url\":\"https:\/\/www.ahmadiyya-islam.org\/es\/\",\"name\":\"Comunidad Musulmana Ahmad\u00eda\",\"description\":\"Internacional\",\"publisher\":{\"@id\":\"https:\/\/www.ahmadiyya-islam.org\/es\/#organization\"},\"potentialAction\":[{\"@type\":\"SearchAction\",\"target\":{\"@type\":\"EntryPoint\",\"urlTemplate\":\"https:\/\/www.ahmadiyya-islam.org\/es\/?s={search_term_string}\"},\"query-input\":{\"@type\":\"PropertyValueSpecification\",\"valueRequired\":true,\"valueName\":\"search_term_string\"}}],\"inLanguage\":\"es-ES\"},{\"@type\":\"Organization\",\"@id\":\"https:\/\/www.ahmadiyya-islam.org\/es\/#organization\",\"name\":\"Comunidad Musulmana Ahmad\u00eda\",\"url\":\"https:\/\/www.ahmadiyya-islam.org\/es\/\",\"logo\":{\"@type\":\"ImageObject\",\"inLanguage\":\"es-ES\",\"@id\":\"https:\/\/www.ahmadiyya-islam.org\/es\/#\/schema\/logo\/image\/\",\"url\":\"https:\/\/www.ahmadiyya-islam.org\/es\/wp-content\/uploads\/sites\/10\/2015\/06\/alislam-logo.png\",\"contentUrl\":\"https:\/\/www.ahmadiyya-islam.org\/es\/wp-content\/uploads\/sites\/10\/2015\/06\/alislam-logo.png\",\"width\":1859,\"height\":1859,\"caption\":\"Comunidad Musulmana Ahmad\u00eda\"},\"image\":{\"@id\":\"https:\/\/www.ahmadiyya-islam.org\/es\/#\/schema\/logo\/image\/\"}}]}<\/script>\n<!-- \/ Yoast SEO Premium plugin. -->","yoast_head_json":{"title":"La Universalidad del Islam","description":"Desgraciadamente, los medios de comunicaci\u00f3n y prensa presentan al Islam de forma distorsionada, creando una imagen de fundamentalismo r\u00edgido y fan\u00e1tico.","robots":{"index":"index","follow":"follow","max-snippet":"max-snippet:-1","max-image-preview":"max-image-preview:large","max-video-preview":"max-video-preview:-1"},"canonical":"https:\/\/www.ahmadiyya-islam.org\/es\/islam\/la-universalidad-del-islam\/","og_locale":"es_ES","og_type":"article","og_title":"La Universalidad del Islam","og_description":"Desgraciadamente, los medios de comunicaci\u00f3n y prensa presentan al Islam de forma distorsionada, creando una imagen de fundamentalismo r\u00edgido y fan\u00e1tico.","og_url":"https:\/\/www.ahmadiyya-islam.org\/es\/islam\/la-universalidad-del-islam\/","og_site_name":"Comunidad Musulmana Ahmad\u00eda","article_modified_time":"2015-07-16T12:45:25+00:00","og_image":[{"width":3032,"height":1986,"url":"https:\/\/www.ahmadiyya-islam.org\/es\/wp-content\/uploads\/sites\/10\/2015\/07\/earth.jpg","type":"image\/jpeg"}],"twitter_card":"summary_large_image","twitter_misc":{"Est. reading time":"4 minutes"},"schema":{"@context":"https:\/\/schema.org","@graph":[{"@type":"WebPage","@id":"https:\/\/www.ahmadiyya-islam.org\/es\/islam\/la-universalidad-del-islam\/","url":"https:\/\/www.ahmadiyya-islam.org\/es\/islam\/la-universalidad-del-islam\/","name":"La Universalidad del Islam","isPartOf":{"@id":"https:\/\/www.ahmadiyya-islam.org\/es\/#website"},"primaryImageOfPage":{"@id":"https:\/\/www.ahmadiyya-islam.org\/es\/islam\/la-universalidad-del-islam\/#primaryimage"},"image":{"@id":"https:\/\/www.ahmadiyya-islam.org\/es\/islam\/la-universalidad-del-islam\/#primaryimage"},"thumbnailUrl":"https:\/\/www.ahmadiyya-islam.org\/es\/wp-content\/uploads\/sites\/10\/2015\/07\/earth.jpg","datePublished":"2015-07-08T18:04:42+00:00","dateModified":"2015-07-16T12:45:25+00:00","description":"Desgraciadamente, los medios de comunicaci\u00f3n y prensa presentan al Islam de forma distorsionada, creando una imagen de fundamentalismo r\u00edgido y fan\u00e1tico.","breadcrumb":{"@id":"https:\/\/www.ahmadiyya-islam.org\/es\/islam\/la-universalidad-del-islam\/#breadcrumb"},"inLanguage":"es-ES","potentialAction":[{"@type":"ReadAction","target":["https:\/\/www.ahmadiyya-islam.org\/es\/islam\/la-universalidad-del-islam\/"]}]},{"@type":"ImageObject","inLanguage":"es-ES","@id":"https:\/\/www.ahmadiyya-islam.org\/es\/islam\/la-universalidad-del-islam\/#primaryimage","url":"https:\/\/www.ahmadiyya-islam.org\/es\/wp-content\/uploads\/sites\/10\/2015\/07\/earth.jpg","contentUrl":"https:\/\/www.ahmadiyya-islam.org\/es\/wp-content\/uploads\/sites\/10\/2015\/07\/earth.jpg","width":3032,"height":1986},{"@type":"BreadcrumbList","@id":"https:\/\/www.ahmadiyya-islam.org\/es\/islam\/la-universalidad-del-islam\/#breadcrumb","itemListElement":[{"@type":"ListItem","position":1,"name":"Home","item":"https:\/\/www.ahmadiyya-islam.org\/es\/"},{"@type":"ListItem","position":2,"name":"Islam","item":"https:\/\/www.ahmadiyya-islam.org\/es\/islam\/"},{"@type":"ListItem","position":3,"name":"La Universalidad del Islam"}]},{"@type":"WebSite","@id":"https:\/\/www.ahmadiyya-islam.org\/es\/#website","url":"https:\/\/www.ahmadiyya-islam.org\/es\/","name":"Comunidad Musulmana Ahmad\u00eda","description":"Internacional","publisher":{"@id":"https:\/\/www.ahmadiyya-islam.org\/es\/#organization"},"potentialAction":[{"@type":"SearchAction","target":{"@type":"EntryPoint","urlTemplate":"https:\/\/www.ahmadiyya-islam.org\/es\/?s={search_term_string}"},"query-input":{"@type":"PropertyValueSpecification","valueRequired":true,"valueName":"search_term_string"}}],"inLanguage":"es-ES"},{"@type":"Organization","@id":"https:\/\/www.ahmadiyya-islam.org\/es\/#organization","name":"Comunidad Musulmana Ahmad\u00eda","url":"https:\/\/www.ahmadiyya-islam.org\/es\/","logo":{"@type":"ImageObject","inLanguage":"es-ES","@id":"https:\/\/www.ahmadiyya-islam.org\/es\/#\/schema\/logo\/image\/","url":"https:\/\/www.ahmadiyya-islam.org\/es\/wp-content\/uploads\/sites\/10\/2015\/06\/alislam-logo.png","contentUrl":"https:\/\/www.ahmadiyya-islam.org\/es\/wp-content\/uploads\/sites\/10\/2015\/06\/alislam-logo.png","width":1859,"height":1859,"caption":"Comunidad Musulmana Ahmad\u00eda"},"image":{"@id":"https:\/\/www.ahmadiyya-islam.org\/es\/#\/schema\/logo\/image\/"}}]}},"_links":{"self":[{"href":"https:\/\/www.ahmadiyya-islam.org\/es\/wp-json\/wp\/v2\/pages\/389","targetHints":{"allow":["GET"]}}],"collection":[{"href":"https:\/\/www.ahmadiyya-islam.org\/es\/wp-json\/wp\/v2\/pages"}],"about":[{"href":"https:\/\/www.ahmadiyya-islam.org\/es\/wp-json\/wp\/v2\/types\/page"}],"author":[{"embeddable":true,"href":"https:\/\/www.ahmadiyya-islam.org\/es\/wp-json\/wp\/v2\/users\/15"}],"replies":[{"embeddable":true,"href":"https:\/\/www.ahmadiyya-islam.org\/es\/wp-json\/wp\/v2\/comments?post=389"}],"version-history":[{"count":0,"href":"https:\/\/www.ahmadiyya-islam.org\/es\/wp-json\/wp\/v2\/pages\/389\/revisions"}],"up":[{"embeddable":true,"href":"https:\/\/www.ahmadiyya-islam.org\/es\/wp-json\/wp\/v2\/pages\/89"}],"wp:featuredmedia":[{"embeddable":true,"href":"https:\/\/www.ahmadiyya-islam.org\/es\/wp-json\/wp\/v2\/media\/524"}],"wp:attachment":[{"href":"https:\/\/www.ahmadiyya-islam.org\/es\/wp-json\/wp\/v2\/media?parent=389"}],"curies":[{"name":"wp","href":"https:\/\/api.w.org\/{rel}","templated":true}]}}