{"id":385,"date":"2015-07-08T17:51:43","date_gmt":"2015-07-08T17:51:43","guid":{"rendered":"http:\/\/www.ahmadiyya-islam.org\/es\/?page_id=385"},"modified":"2016-03-23T23:22:22","modified_gmt":"2016-03-23T23:22:22","slug":"los-cinco-pilares-del-islam","status":"publish","type":"page","link":"https:\/\/www.ahmadiyya-islam.org\/es\/islam\/los-cinco-pilares-del-islam\/","title":{"rendered":"Los Cinco Pilares del Islam"},"content":{"rendered":"<p>Los cinco pilares del Islam representan los actos principales de adoraci\u00f3n que se requieren para practicar su doctrina. La observancia y pr\u00e1ctica de estos actos es obligatoria para todos los musulmanes. \u00c9stos son:<\/p>\n<h2><strong>Declaraci\u00f3n de fe (Kalema Shahada)<\/strong><\/h2>\n<p>\u00c9ste es el primero y m\u00e1s importante pilar del Islam y todas las dem\u00e1s doctrinas derivan de \u00e9l. Un creyente declara su aceptaci\u00f3n del Islam recitando:<\/p>\n<blockquote><p><strong>\u201cAshado an-la ilaha il Al-laho wa ash hado anna Mohammadan abdohu wa rasulohu\u201d<\/strong><\/p><\/blockquote>\n<p>Soy testigo de que no hay Dios sino Al-lah y soy testigo de que Mohammad es Su siervo y Su mensajero.<\/p>\n<h2><strong>La oraci\u00f3n<\/strong><\/h2>\n<p>La oraci\u00f3n es el medio b\u00e1sico y m\u00e1s importante para la comunicaci\u00f3n del hombre con Dios y su acercamiento a \u00c9l. Su importancia no puede describirse con palabras. El concepto isl\u00e1mico de adoraci\u00f3n es la entrega del alma suplicante ante la divina Majestad. No existe ninguna necesidad, ni el Islam lo permite, de intermediarios entre Dios y el hombre. La oraci\u00f3n depara consuelo y confort,\u00a0 elevando al ser humano de un estado inferior a cimas insuperables. El Islam asegura al creyente que sus plegarias con escuchadas. El Santo Cor\u00e1n dice:<\/p>\n<blockquote><p><strong>\u201cCuando mis siervos te pregunten sobre M\u00ed, diles: \u201cEstoy cerca. Respondo a la plegaria del que suplica cuando Me invoca. Por tanto, deben escucharme y creer en M\u00ed, para que puedan seguir el camino recto\u201d. (2:187)<\/strong><\/p><\/blockquote>\n<p>La oraci\u00f3n tambi\u00e9n libra al creyente del pecado y purifica el coraz\u00f3n. El Santo Cor\u00e1n dice:<\/p>\n<blockquote><p><strong>\u201cRecita lo que te ha sido revelado del Libro, y cumple la Oraci\u00f3n. En verdad, la Oraci\u00f3n preserva a la persona de la obscenidad y del mal manifiesto, y el recuerdo de Al-lah es en verdad la mayor virtud\u201d. (29:46)<\/strong><\/p><\/blockquote>\n<p>La forma m\u00e1s importante de oraci\u00f3n en el Islam es el salat, la oraci\u00f3n diaria ritual. El salat ha sido prescrito cinco veces al d\u00eda, con un tiempo determinado para cada oraci\u00f3n. La observancia del salat con sus rituales prescritos es el mandamiento que m\u00e1s se repite en el Santo Cor\u00e1n. Las cinco oraciones diarias del salat son:<\/p>\n<p>F\u00e1yar (ma\u00f1ana): esta oraci\u00f3n debe ofrecerse por la ma\u00f1ana aproximadamente una hora antes de la salida del sol. Est\u00e1 prohibido rezar durante la salida del sol\u00a0 para evitar la impresi\u00f3n de rendir culto al sol.<\/p>\n<p>Z\u00f3hor (mediod\u00eda): el tiempo para esta oraci\u00f3n es la primera hora de la tarde,\u00a0desde que el sol comienza a descender hasta la media tarde.<\/p>\n<p>\u00c1sar (tarde): esta oraci\u00f3n se observa a \u00faltima hora de la tarde, hasta media hora antes de la puesta del sol.<\/p>\n<p>Maghrib (puesta del sol): esta oraci\u00f3n se ofrece inmediatamente despu\u00e9s de la puesta del sol. No debe efectuarse durante el ocaso.<\/p>\n<p>Isha (noche): la oraci\u00f3n de Isha debe ofrecerse por la noche. Se puede observar hasta la media noche.<\/p>\n<p>Estas oraciones deben observarse durante el horario prescrito y preferiblemente en congregaci\u00f3n. Sin embargo, si resulta imposible ofrecer las oraciones de la tarde en el momento adecuado, se permite combinar las oraciones de Z\u00f3hor y Asar. Las oraciones de Maghrib e Isha tambi\u00e9n pueden combinarse si es necesario. Para m\u00e1s informaci\u00f3n sobre las oraciones diarias, v\u00e9ase el cap\u00edtulo cuarto.<\/p>\n<p>Adem\u00e1s del salat, que es obligatorio para los creyentes, los musulmanes pueden ofrecer oraciones voluntarias (nawafil). La m\u00e1s importante de ellas es el Tahallud, que significa literalmente renuncia al sue\u00f1o. Por lo general, se ofrece durante la \u00faltima parte de la noche, y el Santo Cor\u00e1n alude especialmente a esta oraci\u00f3n como muy beneficiosa para el desarrollo espiritual del hombre y como m\u00e9todo para obtener la proximidad a Al-lah. (V\u00e9ase S. Cor\u00e1n, 17:79). El Santo Profeta (la paz y bendiciones de Dios sean con \u00e9l) se levantaba regularmente despu\u00e9s de la medianoche y dedicaba casi la mitad de la \u00faltima parte de la noche a la oraci\u00f3n de Tahallud.<\/p>\n<p>En el Islam hay plegarias para cada necesidad y ocasi\u00f3n. Otra forma de oraci\u00f3n es el recuerdo de Al-lah a lo largo del d\u00eda (Zikr-ilahi). El recuerdo de Al-lah y la meditaci\u00f3n sobre Sus atributos es otro medio de acercamiento a \u00c9l. Adem\u00e1s, un musulm\u00e1n puede rezar silenciosamente a Dios en cualquier momento. Esto se conoce como do\u00e1.<\/p>\n<h2><strong>El ayuno durante el Ramad\u00e1n (Saum)<\/strong><\/h2>\n<p>El tercer acto de adoraci\u00f3n en el Islam es el ayuno durante el mes isl\u00e1mico de Ramad\u00e1n, que cumplen todos los adultos musulmanes capacitados para ello. Mediante el ayuno, el musulm\u00e1n consigue purificarse espiritual y f\u00edsicamente, elevar su moral y obtener la cercan\u00eda a Dios. El ayuno consiste en la abstenci\u00f3n de alimento, bebida y relaciones conyugales desde el amanecer hasta la puesta del sol. Al sacrificar sus necesidades f\u00edsicas, el musulm\u00e1n se solidariza con el sufrimiento del pobre y el necesitado. Dios prescribi\u00f3 el Ramad\u00e1n para este ejercicio espiritual. Fue el mes en el que el Santo Cor\u00e1n fue revelado por primera vez al Santo Profeta (la paz y bendiciones de Dios sean con \u00e9l).<\/p>\n<p>El Santo Cor\u00e1n exime del ayuno a los ancianos, enfermos y ni\u00f1os, quienes pueden compensarlo dando alimento a los indigentes. Se permite la exenci\u00f3n temporal a los viajeros, enfermos, las embarazadas,\u00a0 las mujeres que amamantan y a las mujeres que tienen la menstruaci\u00f3n.<\/p>\n<p>Como esfuerzo adicional, los musulmanes dedican una gran parte de su tiempo a la recitaci\u00f3n del Santo Cor\u00e1n, reflexionando sobre su significado.<\/p>\n<h2><strong>Impuesto sobre la riqueza (Zakat)<\/strong><\/h2>\n<p>El Zakat es el cuarto pilar del Islam, que podr\u00eda llamarse m\u00e1s apropiadamente\u00a0 la purificaci\u00f3n de la riqueza. El musulm\u00e1n debe donar una parte de sus posesiones (21\/2%) para el bienestar del pobre y para quienes no disponen de medios, para los desvalidos, viajeros, para quienes sirven la causa del Islam y luchan en el camino de Dios, para comprar la libertad de los esclavos y para las buenas acciones. La cantidad var\u00eda seg\u00fan el tipo de propiedad. El impuesto se puede aplicar a terrenos, ganado y bienes activos (oro, plata, acciones,\u00a0 bonos, etc.).<\/p>\n<h2><strong>Peregrinaci\u00f3n (Hall)<\/strong><\/h2>\n<p>El quinto pilar del Islam es el Hall, o la peregrinaci\u00f3n a Meca que un\u00a0 musulm\u00e1n debe realizar al menos una vez en la vida si est\u00e1 capacitado f\u00edsicamente y dispone de medios para ello. Se trata de una serie de ritos religiosos que se efect\u00faan durante varios d\u00edas en la Sagrada Kaaba de la Meca (Arabia) y otros lugares especiales. El punto central de esta peregrinaci\u00f3n es la Kaaba, que seg\u00fan la creencia musulmana fue el primer centro construido para la adoraci\u00f3n del Dios \u00danico. Fue reconstruido por el profeta Abraham y su hijo Ismael, y despu\u00e9s por el mismo Santo Profeta Mohamad (la paz y bendiciones de Dios sean con \u00e9l). El Santo Profeta Mohammad (la paz y bendiciones de Dios sean con \u00e9l) realizaba esta peregrinaci\u00f3n. Los datos hist\u00f3ricos demuestran que otros profetas antes del Santo Profeta (la paz y bendiciones de Dios sean con \u00e9l) tambi\u00e9n realizaban la peregrinaci\u00f3n.<\/p>\n<p>El Hall es un claro recordatorio de la Unidad de Dios y enfatiza la hermandad e igualdad de los seres humanos, as\u00ed como la importancia del deseo de la voluntad del hombre de sacrificarse por la causa de Su Creador.<\/p>\n<p>&nbsp;<\/p>\n<p><em>Imagen: cortes\u00eda de <a href=\"https:\/\/www.flickr.com\/photos\/procsilas\/3689332175\/in\/photolist-6C1MVr-nDJD-9gW8at-geBA-nDHR-nDJd-nDJr-nDHo-8t31vT-61ioM-9gZdEY-ov42wW-2kmnZi-5BNrsh-4gxGv1-3jaEkR-mGyFT-bBfwEo-bCCWZp-2z4pAx-2z8LqG-bJGYyD-3ErJLK-bJaRG2-2z8D33-e3iGGL-7z42Ah-dzzgvy-6UeBDh-4gxMJb-o4E8qU-otYRXw-c3XrwS-3beaZ-bzu8Fu-2z8EoJ-2z4hkD-dyNPiJ-ox7UZA-owRZrS-8utANi-3been-3becv-3becT-3bebN-3bedW-kWrSnH-ofEz8q-8uttkX-ox9LWR\" target=\"_blank\">Procsilas Moscas<\/a>;\u00a0<\/em><em>Licencia <a href=\"https:\/\/creativecommons.org\/licenses\/by-nc\/2.0\/\" target=\"_blank\">Creative Commons<\/a><\/em><\/p>\n","protected":false},"excerpt":{"rendered":"<p>Los cinco pilares del Islam representan los actos principales de adoraci\u00f3n que se requieren para practicar su doctrina. La observancia y pr\u00e1ctica de estos actos es obligatoria para todos los musulmanes. \u00c9stos son: Declaraci\u00f3n de fe (Kalema Shahada) \u00c9ste es el primero y m\u00e1s importante pilar del Islam y todas las dem\u00e1s doctrinas derivan de<\/p>\n","protected":false},"author":15,"featured_media":2744,"parent":89,"menu_order":5,"comment_status":"closed","ping_status":"closed","template":"","meta":{"_acf_changed":false,"footnotes":""},"class_list":["post-385","page","type-page","status-publish","has-post-thumbnail","hentry"],"acf":[],"yoast_head":"<!-- This site is optimized with the Yoast SEO Premium plugin v21.1 (Yoast SEO v27.4) - https:\/\/yoast.com\/product\/yoast-seo-premium-wordpress\/ -->\n<title>Los Cinco Pilares del Islam<\/title>\n<meta name=\"description\" content=\"Los cinco pilares del Islam representan los actos principales de adoraci\u00f3n que se requieren para practicar su doctrina. La observancia y pr\u00e1ctica de estos\" \/>\n<meta name=\"robots\" content=\"index, follow, max-snippet:-1, max-image-preview:large, max-video-preview:-1\" \/>\n<link rel=\"canonical\" href=\"https:\/\/www.ahmadiyya-islam.org\/es\/islam\/los-cinco-pilares-del-islam\/\" \/>\n<meta property=\"og:locale\" content=\"es_ES\" \/>\n<meta property=\"og:type\" content=\"article\" \/>\n<meta property=\"og:title\" content=\"Los Cinco Pilares del Islam\" \/>\n<meta property=\"og:description\" content=\"Los cinco pilares del Islam representan los actos principales de adoraci\u00f3n que se requieren para practicar su doctrina. La observancia y pr\u00e1ctica de estos\" \/>\n<meta property=\"og:url\" content=\"https:\/\/www.ahmadiyya-islam.org\/es\/islam\/los-cinco-pilares-del-islam\/\" \/>\n<meta property=\"og:site_name\" content=\"Comunidad Musulmana Ahmad\u00eda\" \/>\n<meta property=\"article:modified_time\" content=\"2016-03-23T23:22:22+00:00\" \/>\n<meta property=\"og:image\" content=\"https:\/\/www.ahmadiyya-islam.org\/es\/wp-content\/uploads\/sites\/10\/2015\/07\/pilares-islam.jpg\" \/>\n\t<meta property=\"og:image:width\" content=\"1000\" \/>\n\t<meta property=\"og:image:height\" content=\"671\" \/>\n\t<meta property=\"og:image:type\" content=\"image\/jpeg\" \/>\n<meta name=\"twitter:card\" content=\"summary_large_image\" \/>\n<meta name=\"twitter:label1\" content=\"Est. reading time\" \/>\n\t<meta name=\"twitter:data1\" content=\"6 minutes\" \/>\n<script type=\"application\/ld+json\" class=\"yoast-schema-graph\">{\"@context\":\"https:\\\/\\\/schema.org\",\"@graph\":[{\"@type\":\"WebPage\",\"@id\":\"https:\\\/\\\/www.ahmadiyya-islam.org\\\/es\\\/islam\\\/los-cinco-pilares-del-islam\\\/\",\"url\":\"https:\\\/\\\/www.ahmadiyya-islam.org\\\/es\\\/islam\\\/los-cinco-pilares-del-islam\\\/\",\"name\":\"Los Cinco Pilares del Islam\",\"isPartOf\":{\"@id\":\"https:\\\/\\\/www.ahmadiyya-islam.org\\\/es\\\/#website\"},\"primaryImageOfPage\":{\"@id\":\"https:\\\/\\\/www.ahmadiyya-islam.org\\\/es\\\/islam\\\/los-cinco-pilares-del-islam\\\/#primaryimage\"},\"image\":{\"@id\":\"https:\\\/\\\/www.ahmadiyya-islam.org\\\/es\\\/islam\\\/los-cinco-pilares-del-islam\\\/#primaryimage\"},\"thumbnailUrl\":\"https:\\\/\\\/www.ahmadiyya-islam.org\\\/es\\\/wp-content\\\/uploads\\\/sites\\\/10\\\/2015\\\/07\\\/pilares-islam.jpg\",\"datePublished\":\"2015-07-08T17:51:43+00:00\",\"dateModified\":\"2016-03-23T23:22:22+00:00\",\"description\":\"Los cinco pilares del Islam representan los actos principales de adoraci\u00f3n que se requieren para practicar su doctrina. La observancia y pr\u00e1ctica de estos\",\"breadcrumb\":{\"@id\":\"https:\\\/\\\/www.ahmadiyya-islam.org\\\/es\\\/islam\\\/los-cinco-pilares-del-islam\\\/#breadcrumb\"},\"inLanguage\":\"es-ES\",\"potentialAction\":[{\"@type\":\"ReadAction\",\"target\":[\"https:\\\/\\\/www.ahmadiyya-islam.org\\\/es\\\/islam\\\/los-cinco-pilares-del-islam\\\/\"]}]},{\"@type\":\"ImageObject\",\"inLanguage\":\"es-ES\",\"@id\":\"https:\\\/\\\/www.ahmadiyya-islam.org\\\/es\\\/islam\\\/los-cinco-pilares-del-islam\\\/#primaryimage\",\"url\":\"https:\\\/\\\/www.ahmadiyya-islam.org\\\/es\\\/wp-content\\\/uploads\\\/sites\\\/10\\\/2015\\\/07\\\/pilares-islam.jpg\",\"contentUrl\":\"https:\\\/\\\/www.ahmadiyya-islam.org\\\/es\\\/wp-content\\\/uploads\\\/sites\\\/10\\\/2015\\\/07\\\/pilares-islam.jpg\",\"width\":1000,\"height\":671},{\"@type\":\"BreadcrumbList\",\"@id\":\"https:\\\/\\\/www.ahmadiyya-islam.org\\\/es\\\/islam\\\/los-cinco-pilares-del-islam\\\/#breadcrumb\",\"itemListElement\":[{\"@type\":\"ListItem\",\"position\":1,\"name\":\"Home\",\"item\":\"https:\\\/\\\/www.ahmadiyya-islam.org\\\/es\\\/\"},{\"@type\":\"ListItem\",\"position\":2,\"name\":\"Islam\",\"item\":\"https:\\\/\\\/www.ahmadiyya-islam.org\\\/es\\\/islam\\\/\"},{\"@type\":\"ListItem\",\"position\":3,\"name\":\"Los Cinco Pilares del Islam\"}]},{\"@type\":\"WebSite\",\"@id\":\"https:\\\/\\\/www.ahmadiyya-islam.org\\\/es\\\/#website\",\"url\":\"https:\\\/\\\/www.ahmadiyya-islam.org\\\/es\\\/\",\"name\":\"Comunidad Musulmana Ahmad\u00eda\",\"description\":\"Internacional\",\"publisher\":{\"@id\":\"https:\\\/\\\/www.ahmadiyya-islam.org\\\/es\\\/#organization\"},\"potentialAction\":[{\"@type\":\"SearchAction\",\"target\":{\"@type\":\"EntryPoint\",\"urlTemplate\":\"https:\\\/\\\/www.ahmadiyya-islam.org\\\/es\\\/?s={search_term_string}\"},\"query-input\":{\"@type\":\"PropertyValueSpecification\",\"valueRequired\":true,\"valueName\":\"search_term_string\"}}],\"inLanguage\":\"es-ES\"},{\"@type\":\"Organization\",\"@id\":\"https:\\\/\\\/www.ahmadiyya-islam.org\\\/es\\\/#organization\",\"name\":\"Comunidad Musulmana Ahmad\u00eda\",\"url\":\"https:\\\/\\\/www.ahmadiyya-islam.org\\\/es\\\/\",\"logo\":{\"@type\":\"ImageObject\",\"inLanguage\":\"es-ES\",\"@id\":\"https:\\\/\\\/www.ahmadiyya-islam.org\\\/es\\\/#\\\/schema\\\/logo\\\/image\\\/\",\"url\":\"https:\\\/\\\/www.ahmadiyya-islam.org\\\/es\\\/wp-content\\\/uploads\\\/sites\\\/10\\\/2015\\\/06\\\/alislam-logo.png\",\"contentUrl\":\"https:\\\/\\\/www.ahmadiyya-islam.org\\\/es\\\/wp-content\\\/uploads\\\/sites\\\/10\\\/2015\\\/06\\\/alislam-logo.png\",\"width\":1859,\"height\":1859,\"caption\":\"Comunidad Musulmana Ahmad\u00eda\"},\"image\":{\"@id\":\"https:\\\/\\\/www.ahmadiyya-islam.org\\\/es\\\/#\\\/schema\\\/logo\\\/image\\\/\"}}]}<\/script>\n<!-- \/ Yoast SEO Premium plugin. -->","yoast_head_json":{"title":"Los Cinco Pilares del Islam","description":"Los cinco pilares del Islam representan los actos principales de adoraci\u00f3n que se requieren para practicar su doctrina. La observancia y pr\u00e1ctica de estos","robots":{"index":"index","follow":"follow","max-snippet":"max-snippet:-1","max-image-preview":"max-image-preview:large","max-video-preview":"max-video-preview:-1"},"canonical":"https:\/\/www.ahmadiyya-islam.org\/es\/islam\/los-cinco-pilares-del-islam\/","og_locale":"es_ES","og_type":"article","og_title":"Los Cinco Pilares del Islam","og_description":"Los cinco pilares del Islam representan los actos principales de adoraci\u00f3n que se requieren para practicar su doctrina. La observancia y pr\u00e1ctica de estos","og_url":"https:\/\/www.ahmadiyya-islam.org\/es\/islam\/los-cinco-pilares-del-islam\/","og_site_name":"Comunidad Musulmana Ahmad\u00eda","article_modified_time":"2016-03-23T23:22:22+00:00","og_image":[{"width":1000,"height":671,"url":"https:\/\/www.ahmadiyya-islam.org\/es\/wp-content\/uploads\/sites\/10\/2015\/07\/pilares-islam.jpg","type":"image\/jpeg"}],"twitter_card":"summary_large_image","twitter_misc":{"Est. reading time":"6 minutes"},"schema":{"@context":"https:\/\/schema.org","@graph":[{"@type":"WebPage","@id":"https:\/\/www.ahmadiyya-islam.org\/es\/islam\/los-cinco-pilares-del-islam\/","url":"https:\/\/www.ahmadiyya-islam.org\/es\/islam\/los-cinco-pilares-del-islam\/","name":"Los Cinco Pilares del Islam","isPartOf":{"@id":"https:\/\/www.ahmadiyya-islam.org\/es\/#website"},"primaryImageOfPage":{"@id":"https:\/\/www.ahmadiyya-islam.org\/es\/islam\/los-cinco-pilares-del-islam\/#primaryimage"},"image":{"@id":"https:\/\/www.ahmadiyya-islam.org\/es\/islam\/los-cinco-pilares-del-islam\/#primaryimage"},"thumbnailUrl":"https:\/\/www.ahmadiyya-islam.org\/es\/wp-content\/uploads\/sites\/10\/2015\/07\/pilares-islam.jpg","datePublished":"2015-07-08T17:51:43+00:00","dateModified":"2016-03-23T23:22:22+00:00","description":"Los cinco pilares del Islam representan los actos principales de adoraci\u00f3n que se requieren para practicar su doctrina. La observancia y pr\u00e1ctica de estos","breadcrumb":{"@id":"https:\/\/www.ahmadiyya-islam.org\/es\/islam\/los-cinco-pilares-del-islam\/#breadcrumb"},"inLanguage":"es-ES","potentialAction":[{"@type":"ReadAction","target":["https:\/\/www.ahmadiyya-islam.org\/es\/islam\/los-cinco-pilares-del-islam\/"]}]},{"@type":"ImageObject","inLanguage":"es-ES","@id":"https:\/\/www.ahmadiyya-islam.org\/es\/islam\/los-cinco-pilares-del-islam\/#primaryimage","url":"https:\/\/www.ahmadiyya-islam.org\/es\/wp-content\/uploads\/sites\/10\/2015\/07\/pilares-islam.jpg","contentUrl":"https:\/\/www.ahmadiyya-islam.org\/es\/wp-content\/uploads\/sites\/10\/2015\/07\/pilares-islam.jpg","width":1000,"height":671},{"@type":"BreadcrumbList","@id":"https:\/\/www.ahmadiyya-islam.org\/es\/islam\/los-cinco-pilares-del-islam\/#breadcrumb","itemListElement":[{"@type":"ListItem","position":1,"name":"Home","item":"https:\/\/www.ahmadiyya-islam.org\/es\/"},{"@type":"ListItem","position":2,"name":"Islam","item":"https:\/\/www.ahmadiyya-islam.org\/es\/islam\/"},{"@type":"ListItem","position":3,"name":"Los Cinco Pilares del Islam"}]},{"@type":"WebSite","@id":"https:\/\/www.ahmadiyya-islam.org\/es\/#website","url":"https:\/\/www.ahmadiyya-islam.org\/es\/","name":"Comunidad Musulmana Ahmad\u00eda","description":"Internacional","publisher":{"@id":"https:\/\/www.ahmadiyya-islam.org\/es\/#organization"},"potentialAction":[{"@type":"SearchAction","target":{"@type":"EntryPoint","urlTemplate":"https:\/\/www.ahmadiyya-islam.org\/es\/?s={search_term_string}"},"query-input":{"@type":"PropertyValueSpecification","valueRequired":true,"valueName":"search_term_string"}}],"inLanguage":"es-ES"},{"@type":"Organization","@id":"https:\/\/www.ahmadiyya-islam.org\/es\/#organization","name":"Comunidad Musulmana Ahmad\u00eda","url":"https:\/\/www.ahmadiyya-islam.org\/es\/","logo":{"@type":"ImageObject","inLanguage":"es-ES","@id":"https:\/\/www.ahmadiyya-islam.org\/es\/#\/schema\/logo\/image\/","url":"https:\/\/www.ahmadiyya-islam.org\/es\/wp-content\/uploads\/sites\/10\/2015\/06\/alislam-logo.png","contentUrl":"https:\/\/www.ahmadiyya-islam.org\/es\/wp-content\/uploads\/sites\/10\/2015\/06\/alislam-logo.png","width":1859,"height":1859,"caption":"Comunidad Musulmana Ahmad\u00eda"},"image":{"@id":"https:\/\/www.ahmadiyya-islam.org\/es\/#\/schema\/logo\/image\/"}}]}},"_links":{"self":[{"href":"https:\/\/www.ahmadiyya-islam.org\/es\/wp-json\/wp\/v2\/pages\/385","targetHints":{"allow":["GET"]}}],"collection":[{"href":"https:\/\/www.ahmadiyya-islam.org\/es\/wp-json\/wp\/v2\/pages"}],"about":[{"href":"https:\/\/www.ahmadiyya-islam.org\/es\/wp-json\/wp\/v2\/types\/page"}],"author":[{"embeddable":true,"href":"https:\/\/www.ahmadiyya-islam.org\/es\/wp-json\/wp\/v2\/users\/15"}],"replies":[{"embeddable":true,"href":"https:\/\/www.ahmadiyya-islam.org\/es\/wp-json\/wp\/v2\/comments?post=385"}],"version-history":[{"count":0,"href":"https:\/\/www.ahmadiyya-islam.org\/es\/wp-json\/wp\/v2\/pages\/385\/revisions"}],"up":[{"embeddable":true,"href":"https:\/\/www.ahmadiyya-islam.org\/es\/wp-json\/wp\/v2\/pages\/89"}],"wp:featuredmedia":[{"embeddable":true,"href":"https:\/\/www.ahmadiyya-islam.org\/es\/wp-json\/wp\/v2\/media\/2744"}],"wp:attachment":[{"href":"https:\/\/www.ahmadiyya-islam.org\/es\/wp-json\/wp\/v2\/media?parent=385"}],"curies":[{"name":"wp","href":"https:\/\/api.w.org\/{rel}","templated":true}]}}