{"id":3308,"date":"2017-01-26T18:50:24","date_gmt":"2017-01-26T18:50:24","guid":{"rendered":"http:\/\/www.ahmadiyya-islam.org\/es\/?page_id=3308"},"modified":"2022-03-08T16:32:21","modified_gmt":"2022-03-08T16:32:21","slug":"contacto","status":"publish","type":"page","link":"https:\/\/www.ahmadiyya-islam.org\/es\/contacto\/","title":{"rendered":"Contacto"},"content":{"rendered":"<h1>Env\u00ede sus comentarios, preguntas o sugerencias a nuestra direcci\u00f3n de email:<\/h1>\n<p>spanish@ahmadiyya-islam.org<\/p>\n<h1><\/h1>\n<h1><strong>Direcciones de Mezquitas<\/strong><\/h1>\n<h2>Espa\u00f1a:<\/h2>\n<ul>\n<li>Mezquita Basharat,14630<br \/>\nPedro Abad, C\u00f3rdoba<br \/>\nEspa\u00f1a<\/li>\n<\/ul>\n<h2>M\u00e9xico:<\/h2>\n<ul>\n<li>Ciudad de M\u00e9xico (Mexico city)<br \/>\nCalle Presa Az\u00facar 81<br \/>\nColonia Irrigaci\u00f3n 11500 Ciudad de M\u00e9xico, M\u00e9xico<\/li>\n<li>Quer\u00e9taro<br \/>\nCalle Nicol\u00e1s campa 88 norte, Centro, Quer\u00e9taro 76000 Quer\u00e9taro, M\u00e9xico<\/li>\n<li>Yucat\u00e1n<br \/>\nCalle 60 453A x 51, Centro, 97000 M\u00e9rida, Yucat\u00e1n. M\u00e9xico<\/li>\n<\/ul>\n<h2>Guatemala:<\/h2>\n<ul>\n<li>Km. 20.3 carretera a San lucas.<br \/>\nLo de coy Mixco<br \/>\nGuatemala<\/li>\n<\/ul>\n<h2>Belice:<\/h2>\n<ul>\n<li>529 Buttonwood Bay Boulevard<br \/>\nBelize City<br \/>\nBelize<\/li>\n<\/ul>\n<h2>Puerto Rico:<\/h2>\n<ul>\n<li>F11 Ave Washington, Guaynabo,00969, PR.<\/li>\n<\/ul>\n<h2>Bolivia:<\/h2>\n<ul>\n<li>Radial 27, Calle 1, #15<br \/>\nBarrio Ende, Santa Cruz<br \/>\nBolivia<\/li>\n<\/ul>\n<h2>Ecuador:<\/h2>\n<ul>\n<li>Isla Seymour N43-146<br \/>\n170513 Quito Pichi<br \/>\nEcuador<\/li>\n<\/ul>\n<h2>Paraguay:<\/h2>\n<ul>\n<li>Republica Dominicana 739 casi Rca de Siria\u00a0Barrio Jara,<br \/>\nAsunci\u00f3n<br \/>\nParaguay<\/li>\n<\/ul>\n<h2>Argentina:<\/h2>\n<ul>\n<li>Darregueyra 2390, Palermo, (CABA)<br \/>\nBuenos Aires<br \/>\nArgentina<\/li>\n<\/ul>\n<h2>Uruguay:<\/h2>\n<ul>\n<li>892 apto 104 Colonia, esq Convenci\u00f3n<br \/>\nMontevideo<br \/>\nUruguay<br \/>\nTel\u00e9fono: +598 93396079<\/li>\n<\/ul>\n<h2>USA:<\/h2>\n<ul>\n<li>15000 Good Hope Rd<br \/>\nSilver Spring, MD 20905<br \/>\nUSA<\/li>\n<\/ul>\n","protected":false},"excerpt":{"rendered":"<p>Env\u00ede sus comentarios, preguntas o sugerencias a nuestra direcci\u00f3n de email: spanish@ahmadiyya-islam.org Direcciones de Mezquitas Espa\u00f1a: Mezquita Basharat,14630 Pedro Abad, C\u00f3rdoba Espa\u00f1a M\u00e9xico: Ciudad de M\u00e9xico (Mexico city) Calle Presa Az\u00facar 81 Colonia Irrigaci\u00f3n 11500 Ciudad de M\u00e9xico, M\u00e9xico Quer\u00e9taro Calle Nicol\u00e1s campa 88 norte, Centro, Quer\u00e9taro 76000 Quer\u00e9taro, M\u00e9xico Yucat\u00e1n Calle 60 453A x<\/p>\n","protected":false},"author":1,"featured_media":0,"parent":0,"menu_order":0,"comment_status":"closed","ping_status":"closed","template":"","meta":{"_acf_changed":false,"footnotes":""},"class_list":["post-3308","page","type-page","status-publish","hentry"],"acf":[],"yoast_head":"<!-- This site is optimized with the Yoast SEO Premium plugin v21.1 (Yoast SEO v27.0) - https:\/\/yoast.com\/product\/yoast-seo-premium-wordpress\/ -->\n<title>Contacto<\/title>\n<meta name=\"description\" content=\"Env\u00ede sus comentarios, preguntas o sugerencias a nuestra direcci\u00f3n de email: spanish@ahmadiyya-islam.org Direcciones de Mezquitas Espa\u00f1a: Mezquita\" \/>\n<meta name=\"robots\" content=\"index, follow, max-snippet:-1, max-image-preview:large, max-video-preview:-1\" \/>\n<link rel=\"canonical\" href=\"https:\/\/www.ahmadiyya-islam.org\/es\/contacto\/\" \/>\n<meta property=\"og:locale\" content=\"es_ES\" \/>\n<meta property=\"og:type\" content=\"article\" \/>\n<meta property=\"og:title\" content=\"Contacto\" \/>\n<meta property=\"og:description\" content=\"Env\u00ede sus comentarios, preguntas o sugerencias a nuestra direcci\u00f3n de email: spanish@ahmadiyya-islam.org Direcciones de Mezquitas Espa\u00f1a: Mezquita\" \/>\n<meta property=\"og:url\" content=\"https:\/\/www.ahmadiyya-islam.org\/es\/contacto\/\" \/>\n<meta property=\"og:site_name\" content=\"Comunidad Musulmana Ahmad\u00eda\" \/>\n<meta property=\"article:modified_time\" content=\"2022-03-08T16:32:21+00:00\" \/>\n<meta property=\"og:image\" content=\"https:\/\/www.ahmadiyya-islam.org\/es\/wp-content\/uploads\/sites\/10\/2019\/02\/ahmadiyya.png\" \/>\n\t<meta property=\"og:image:width\" content=\"917\" \/>\n\t<meta property=\"og:image:height\" content=\"410\" \/>\n\t<meta property=\"og:image:type\" content=\"image\/png\" \/>\n<meta name=\"twitter:card\" content=\"summary_large_image\" \/>\n<meta name=\"twitter:label1\" content=\"Est. reading time\" \/>\n\t<meta name=\"twitter:data1\" content=\"1 minute\" \/>\n<script type=\"application\/ld+json\" class=\"yoast-schema-graph\">{\"@context\":\"https:\/\/schema.org\",\"@graph\":[{\"@type\":\"WebPage\",\"@id\":\"https:\/\/www.ahmadiyya-islam.org\/es\/contacto\/\",\"url\":\"https:\/\/www.ahmadiyya-islam.org\/es\/contacto\/\",\"name\":\"Contacto\",\"isPartOf\":{\"@id\":\"https:\/\/www.ahmadiyya-islam.org\/es\/#website\"},\"datePublished\":\"2017-01-26T18:50:24+00:00\",\"dateModified\":\"2022-03-08T16:32:21+00:00\",\"description\":\"Env\u00ede sus comentarios, preguntas o sugerencias a nuestra direcci\u00f3n de email: spanish@ahmadiyya-islam.org Direcciones de Mezquitas Espa\u00f1a: Mezquita\",\"breadcrumb\":{\"@id\":\"https:\/\/www.ahmadiyya-islam.org\/es\/contacto\/#breadcrumb\"},\"inLanguage\":\"es-ES\",\"potentialAction\":[{\"@type\":\"ReadAction\",\"target\":[\"https:\/\/www.ahmadiyya-islam.org\/es\/contacto\/\"]}]},{\"@type\":\"BreadcrumbList\",\"@id\":\"https:\/\/www.ahmadiyya-islam.org\/es\/contacto\/#breadcrumb\",\"itemListElement\":[{\"@type\":\"ListItem\",\"position\":1,\"name\":\"Home\",\"item\":\"https:\/\/www.ahmadiyya-islam.org\/es\/\"},{\"@type\":\"ListItem\",\"position\":2,\"name\":\"Contacto\"}]},{\"@type\":\"WebSite\",\"@id\":\"https:\/\/www.ahmadiyya-islam.org\/es\/#website\",\"url\":\"https:\/\/www.ahmadiyya-islam.org\/es\/\",\"name\":\"Comunidad Musulmana Ahmad\u00eda\",\"description\":\"Internacional\",\"publisher\":{\"@id\":\"https:\/\/www.ahmadiyya-islam.org\/es\/#organization\"},\"potentialAction\":[{\"@type\":\"SearchAction\",\"target\":{\"@type\":\"EntryPoint\",\"urlTemplate\":\"https:\/\/www.ahmadiyya-islam.org\/es\/?s={search_term_string}\"},\"query-input\":{\"@type\":\"PropertyValueSpecification\",\"valueRequired\":true,\"valueName\":\"search_term_string\"}}],\"inLanguage\":\"es-ES\"},{\"@type\":\"Organization\",\"@id\":\"https:\/\/www.ahmadiyya-islam.org\/es\/#organization\",\"name\":\"Comunidad Musulmana Ahmad\u00eda\",\"url\":\"https:\/\/www.ahmadiyya-islam.org\/es\/\",\"logo\":{\"@type\":\"ImageObject\",\"inLanguage\":\"es-ES\",\"@id\":\"https:\/\/www.ahmadiyya-islam.org\/es\/#\/schema\/logo\/image\/\",\"url\":\"https:\/\/www.ahmadiyya-islam.org\/es\/wp-content\/uploads\/sites\/10\/2015\/06\/alislam-logo.png\",\"contentUrl\":\"https:\/\/www.ahmadiyya-islam.org\/es\/wp-content\/uploads\/sites\/10\/2015\/06\/alislam-logo.png\",\"width\":1859,\"height\":1859,\"caption\":\"Comunidad Musulmana Ahmad\u00eda\"},\"image\":{\"@id\":\"https:\/\/www.ahmadiyya-islam.org\/es\/#\/schema\/logo\/image\/\"}}]}<\/script>\n<!-- \/ Yoast SEO Premium plugin. -->","yoast_head_json":{"title":"Contacto","description":"Env\u00ede sus comentarios, preguntas o sugerencias a nuestra direcci\u00f3n de email: spanish@ahmadiyya-islam.org Direcciones de Mezquitas Espa\u00f1a: Mezquita","robots":{"index":"index","follow":"follow","max-snippet":"max-snippet:-1","max-image-preview":"max-image-preview:large","max-video-preview":"max-video-preview:-1"},"canonical":"https:\/\/www.ahmadiyya-islam.org\/es\/contacto\/","og_locale":"es_ES","og_type":"article","og_title":"Contacto","og_description":"Env\u00ede sus comentarios, preguntas o sugerencias a nuestra direcci\u00f3n de email: spanish@ahmadiyya-islam.org Direcciones de Mezquitas Espa\u00f1a: Mezquita","og_url":"https:\/\/www.ahmadiyya-islam.org\/es\/contacto\/","og_site_name":"Comunidad Musulmana Ahmad\u00eda","article_modified_time":"2022-03-08T16:32:21+00:00","og_image":[{"width":917,"height":410,"url":"https:\/\/www.ahmadiyya-islam.org\/es\/wp-content\/uploads\/sites\/10\/2019\/02\/ahmadiyya.png","type":"image\/png"}],"twitter_card":"summary_large_image","twitter_misc":{"Est. reading time":"1 minute"},"schema":{"@context":"https:\/\/schema.org","@graph":[{"@type":"WebPage","@id":"https:\/\/www.ahmadiyya-islam.org\/es\/contacto\/","url":"https:\/\/www.ahmadiyya-islam.org\/es\/contacto\/","name":"Contacto","isPartOf":{"@id":"https:\/\/www.ahmadiyya-islam.org\/es\/#website"},"datePublished":"2017-01-26T18:50:24+00:00","dateModified":"2022-03-08T16:32:21+00:00","description":"Env\u00ede sus comentarios, preguntas o sugerencias a nuestra direcci\u00f3n de email: spanish@ahmadiyya-islam.org Direcciones de Mezquitas Espa\u00f1a: Mezquita","breadcrumb":{"@id":"https:\/\/www.ahmadiyya-islam.org\/es\/contacto\/#breadcrumb"},"inLanguage":"es-ES","potentialAction":[{"@type":"ReadAction","target":["https:\/\/www.ahmadiyya-islam.org\/es\/contacto\/"]}]},{"@type":"BreadcrumbList","@id":"https:\/\/www.ahmadiyya-islam.org\/es\/contacto\/#breadcrumb","itemListElement":[{"@type":"ListItem","position":1,"name":"Home","item":"https:\/\/www.ahmadiyya-islam.org\/es\/"},{"@type":"ListItem","position":2,"name":"Contacto"}]},{"@type":"WebSite","@id":"https:\/\/www.ahmadiyya-islam.org\/es\/#website","url":"https:\/\/www.ahmadiyya-islam.org\/es\/","name":"Comunidad Musulmana Ahmad\u00eda","description":"Internacional","publisher":{"@id":"https:\/\/www.ahmadiyya-islam.org\/es\/#organization"},"potentialAction":[{"@type":"SearchAction","target":{"@type":"EntryPoint","urlTemplate":"https:\/\/www.ahmadiyya-islam.org\/es\/?s={search_term_string}"},"query-input":{"@type":"PropertyValueSpecification","valueRequired":true,"valueName":"search_term_string"}}],"inLanguage":"es-ES"},{"@type":"Organization","@id":"https:\/\/www.ahmadiyya-islam.org\/es\/#organization","name":"Comunidad Musulmana Ahmad\u00eda","url":"https:\/\/www.ahmadiyya-islam.org\/es\/","logo":{"@type":"ImageObject","inLanguage":"es-ES","@id":"https:\/\/www.ahmadiyya-islam.org\/es\/#\/schema\/logo\/image\/","url":"https:\/\/www.ahmadiyya-islam.org\/es\/wp-content\/uploads\/sites\/10\/2015\/06\/alislam-logo.png","contentUrl":"https:\/\/www.ahmadiyya-islam.org\/es\/wp-content\/uploads\/sites\/10\/2015\/06\/alislam-logo.png","width":1859,"height":1859,"caption":"Comunidad Musulmana Ahmad\u00eda"},"image":{"@id":"https:\/\/www.ahmadiyya-islam.org\/es\/#\/schema\/logo\/image\/"}}]}},"_links":{"self":[{"href":"https:\/\/www.ahmadiyya-islam.org\/es\/wp-json\/wp\/v2\/pages\/3308","targetHints":{"allow":["GET"]}}],"collection":[{"href":"https:\/\/www.ahmadiyya-islam.org\/es\/wp-json\/wp\/v2\/pages"}],"about":[{"href":"https:\/\/www.ahmadiyya-islam.org\/es\/wp-json\/wp\/v2\/types\/page"}],"author":[{"embeddable":true,"href":"https:\/\/www.ahmadiyya-islam.org\/es\/wp-json\/wp\/v2\/users\/1"}],"replies":[{"embeddable":true,"href":"https:\/\/www.ahmadiyya-islam.org\/es\/wp-json\/wp\/v2\/comments?post=3308"}],"version-history":[{"count":2,"href":"https:\/\/www.ahmadiyya-islam.org\/es\/wp-json\/wp\/v2\/pages\/3308\/revisions"}],"predecessor-version":[{"id":15379,"href":"https:\/\/www.ahmadiyya-islam.org\/es\/wp-json\/wp\/v2\/pages\/3308\/revisions\/15379"}],"wp:attachment":[{"href":"https:\/\/www.ahmadiyya-islam.org\/es\/wp-json\/wp\/v2\/media?parent=3308"}],"curies":[{"name":"wp","href":"https:\/\/api.w.org\/{rel}","templated":true}]}}