{"id":14549,"date":"2021-04-22T09:27:32","date_gmt":"2021-04-22T09:27:32","guid":{"rendered":"https:\/\/www.ahmadiyya-islam.org\/es\/?page_id=14549"},"modified":"2021-07-16T08:59:22","modified_gmt":"2021-07-16T08:59:22","slug":"ahmadia-espana","status":"publish","type":"page","link":"https:\/\/www.ahmadiyya-islam.org\/es\/ahmadia\/ahmadia-espana\/","title":{"rendered":"La Comunidad Musulmana Ahmad\u00eda en Espa\u00f1a"},"content":{"rendered":"<h2>&#8220;Amor para todos, odio para nadie&#8221;<\/h2>\n<ul>\n<li style=\"font-weight: 400\">La Comunidad Musulmana Ahmad\u00eda es una Comunidad religiosa, amante de la paz, fundada hace 130 a\u00f1os.<\/li>\n<li style=\"font-weight: 400\">Estamos comprometidos con los valores de paz y justicia, y <a href=\"https:\/\/www.diariocordoba.com\/buscador?text=basharat\" target=\"_blank\" rel=\"noopener\">respetamos y acatamos plenamente las leyes<\/a> de las naciones donde estamos asentados.<\/li>\n<li style=\"font-weight: 400\">Nuestra comunidad est\u00e1 establecida en 210 pa\u00edses, y cuenta con decenas de millones de fieles.<\/li>\n<li style=\"font-weight: 400\">Nuestro lema es \u201c<strong>amor para todos, odio hacia nadie<\/strong>\u201d.<\/li>\n<li>Destacamos por nuestro <a href=\"https:\/\/www.ahmadiyya-islam.org\/es\/ahmadia\/la-comunidad-humanitaria\/\" target=\"_blank\" rel=\"noopener\">compromiso activo en pro del bienestar social<\/a> y en afrontar las demandas m\u00e9dicas y educativas para toda las comunidades en la que nos ubicamos.<\/li>\n<\/ul>\n<p>Pulse aqu\u00ed si desea ver nuestro <a href=\"https:\/\/www.ahmadiyya-islam.org\/es\/ahmadia\/\" target=\"_blank\" rel=\"noopener\">v\u00eddeo de presentaci\u00f3n<\/a> de la Comunidad Musulmana Ahmad\u00eda.<\/p>\n<p><img loading=\"lazy\" decoding=\"async\" class=\"size-large wp-image-14559 aligncenter\" src=\"https:\/\/www.ahmadiyya-islam.org\/es\/wp-content\/uploads\/sites\/10\/2021\/04\/IMG_8918-1024x576.jpg\" alt=\"\" width=\"900\" height=\"506\" srcset=\"https:\/\/www.ahmadiyya-islam.org\/es\/wp-content\/uploads\/sites\/10\/2021\/04\/IMG_8918-1024x576.jpg 1024w, https:\/\/www.ahmadiyya-islam.org\/es\/wp-content\/uploads\/sites\/10\/2021\/04\/IMG_8918-300x169.jpg 300w, https:\/\/www.ahmadiyya-islam.org\/es\/wp-content\/uploads\/sites\/10\/2021\/04\/IMG_8918-150x84.jpg 150w, https:\/\/www.ahmadiyya-islam.org\/es\/wp-content\/uploads\/sites\/10\/2021\/04\/IMG_8918-768x432.jpg 768w, https:\/\/www.ahmadiyya-islam.org\/es\/wp-content\/uploads\/sites\/10\/2021\/04\/IMG_8918-400x225.jpg 400w, https:\/\/www.ahmadiyya-islam.org\/es\/wp-content\/uploads\/sites\/10\/2021\/04\/IMG_8918.jpg 1328w\" sizes=\"auto, (max-width: 900px) 100vw, 900px\" \/><\/p>\n<h2>Estamos en C\u00f3rdoba<\/h2>\n<ul>\n<li>En 1982 inauguramos la primera mezquita en Espa\u00f1a despu\u00e9s de m\u00e1s de seis siglos, en la localidad cordobesa de Pedro Abad, donde tenemos nuestra sede actual espa\u00f1ola.<\/li>\n<li>La mezquita &#8220;Basharat&#8221; es un <strong>centro cultural y social abierto al p\u00fablico<\/strong>, en el cual se realizan actividades de diversa naturaleza y que fomentan la integraci\u00f3n entre los habitantes de distintas religiones y culturas del pueblo y de su entorno.<\/li>\n<li>En su interior se encuentra una formidable biblioteca que guarda innumerables textos isl\u00e1micos en diferentes idiomas y dialectos. <a href=\"https:\/\/www.ahmadiyya-islam.org\/es\/publicaciones\/\" target=\"_blank\" rel=\"noopener\">Tambi\u00e9n disponemos de una biblioteca online<\/a>.<\/li>\n<\/ul>\n<p><img loading=\"lazy\" decoding=\"async\" class=\"size-large wp-image-14557 aligncenter\" src=\"https:\/\/www.ahmadiyya-islam.org\/es\/wp-content\/uploads\/sites\/10\/2021\/04\/mezquita-1024x335.jpg\" alt=\"\" width=\"900\" height=\"294\" srcset=\"https:\/\/www.ahmadiyya-islam.org\/es\/wp-content\/uploads\/sites\/10\/2021\/04\/mezquita-1024x335.jpg 1024w, https:\/\/www.ahmadiyya-islam.org\/es\/wp-content\/uploads\/sites\/10\/2021\/04\/mezquita-300x98.jpg 300w, https:\/\/www.ahmadiyya-islam.org\/es\/wp-content\/uploads\/sites\/10\/2021\/04\/mezquita-150x49.jpg 150w, https:\/\/www.ahmadiyya-islam.org\/es\/wp-content\/uploads\/sites\/10\/2021\/04\/mezquita-768x251.jpg 768w, https:\/\/www.ahmadiyya-islam.org\/es\/wp-content\/uploads\/sites\/10\/2021\/04\/mezquita.jpg 1200w\" sizes=\"auto, (max-width: 900px) 100vw, 900px\" \/><\/p>\n<h2>Estamos en Valencia<\/h2>\n<p>La mezquita de la Pobla de Vallbona es, a fecha de 2021, la mezquita m\u00e1s grande de la Comunidad Valenciana. Fue inaugurada en marzo de 2013 y tienen una capacidad de 600 fieles. Su nombre es mezquita Baitur Rahman.<\/p>\n<p><img loading=\"lazy\" decoding=\"async\" class=\"size-full wp-image-14558 aligncenter\" src=\"https:\/\/www.ahmadiyya-islam.org\/es\/wp-content\/uploads\/sites\/10\/2021\/04\/mezquita-baitur-rahman_poblavallbona.jpg\" alt=\"\" width=\"660\" height=\"495\" srcset=\"https:\/\/www.ahmadiyya-islam.org\/es\/wp-content\/uploads\/sites\/10\/2021\/04\/mezquita-baitur-rahman_poblavallbona.jpg 660w, https:\/\/www.ahmadiyya-islam.org\/es\/wp-content\/uploads\/sites\/10\/2021\/04\/mezquita-baitur-rahman_poblavallbona-300x225.jpg 300w, https:\/\/www.ahmadiyya-islam.org\/es\/wp-content\/uploads\/sites\/10\/2021\/04\/mezquita-baitur-rahman_poblavallbona-150x113.jpg 150w\" sizes=\"auto, (max-width: 660px) 100vw, 660px\" \/><\/p>\n<h2>\u00bfQu\u00e9 hacemos?<\/h2>\n<p>El islam ofrece a trav\u00e9s del Cor\u00e1n una amplia gama de valores, recomendaciones y gu\u00edas que nos pueden ayudar a desarrollarnos personalmente a nivel f\u00edsico, intelectual y espiritual.\u00a0Como\u00a0<strong>musulmanes espa\u00f1oles, <\/strong>queremos mostrar y compartir estos valores y ense\u00f1anzas\u00a0de una religi\u00f3n que desafortunadamente est\u00e1 siendo difamada por las acciones de extremistas. El comportamiento de algunas facciones denominadas \u201cisl\u00e1micas\u201d [que trabajan s\u00f3lo por intereses ego\u00edstas y partidistas], distorsiona la imagen de esta religi\u00f3n de tolerancia. Creemos en la integraci\u00f3n de los musulmanes en Occidente, porque un principio b\u00e1sico del islam es: \u201c<strong>Amar a la propia patria, es parte de la fe<\/strong>\u201d.<\/p>\n<h3 style=\"text-align: center\">Seminarios online y presenciales<\/h3>\n<p><img loading=\"lazy\" decoding=\"async\" class=\"size-full wp-image-14552 aligncenter\" src=\"https:\/\/www.ahmadiyya-islam.org\/es\/wp-content\/uploads\/sites\/10\/2021\/04\/seminario.jpg\" alt=\"\" width=\"835\" height=\"558\" srcset=\"https:\/\/www.ahmadiyya-islam.org\/es\/wp-content\/uploads\/sites\/10\/2021\/04\/seminario.jpg 835w, https:\/\/www.ahmadiyya-islam.org\/es\/wp-content\/uploads\/sites\/10\/2021\/04\/seminario-300x200.jpg 300w, https:\/\/www.ahmadiyya-islam.org\/es\/wp-content\/uploads\/sites\/10\/2021\/04\/seminario-150x100.jpg 150w, https:\/\/www.ahmadiyya-islam.org\/es\/wp-content\/uploads\/sites\/10\/2021\/04\/seminario-768x513.jpg 768w\" sizes=\"auto, (max-width: 835px) 100vw, 835px\" \/><\/p>\n<h3 style=\"text-align: center\">Cursos online y presenciales<\/h3>\n<p><img loading=\"lazy\" decoding=\"async\" class=\"size-large wp-image-14553 aligncenter\" src=\"https:\/\/www.ahmadiyya-islam.org\/es\/wp-content\/uploads\/sites\/10\/2021\/04\/curso-1024x474.jpg\" alt=\"\" width=\"900\" height=\"417\" srcset=\"https:\/\/www.ahmadiyya-islam.org\/es\/wp-content\/uploads\/sites\/10\/2021\/04\/curso-1024x474.jpg 1024w, https:\/\/www.ahmadiyya-islam.org\/es\/wp-content\/uploads\/sites\/10\/2021\/04\/curso-300x139.jpg 300w, https:\/\/www.ahmadiyya-islam.org\/es\/wp-content\/uploads\/sites\/10\/2021\/04\/curso-150x69.jpg 150w, https:\/\/www.ahmadiyya-islam.org\/es\/wp-content\/uploads\/sites\/10\/2021\/04\/curso-768x355.jpg 768w, https:\/\/www.ahmadiyya-islam.org\/es\/wp-content\/uploads\/sites\/10\/2021\/04\/curso-1536x711.jpg 1536w, https:\/\/www.ahmadiyya-islam.org\/es\/wp-content\/uploads\/sites\/10\/2021\/04\/curso.jpg 1744w\" sizes=\"auto, (max-width: 900px) 100vw, 900px\" \/><\/p>\n<h3 style=\"text-align: center\">Presentaciones en centros educativos y culturales<\/h3>\n<p><img loading=\"lazy\" decoding=\"async\" class=\"size-large wp-image-14555 aligncenter\" src=\"https:\/\/www.ahmadiyya-islam.org\/es\/wp-content\/uploads\/sites\/10\/2021\/04\/presentaciones-1024x768.jpg\" alt=\"\" width=\"900\" height=\"675\" srcset=\"https:\/\/www.ahmadiyya-islam.org\/es\/wp-content\/uploads\/sites\/10\/2021\/04\/presentaciones-1024x768.jpg 1024w, https:\/\/www.ahmadiyya-islam.org\/es\/wp-content\/uploads\/sites\/10\/2021\/04\/presentaciones-300x225.jpg 300w, https:\/\/www.ahmadiyya-islam.org\/es\/wp-content\/uploads\/sites\/10\/2021\/04\/presentaciones-150x113.jpg 150w, https:\/\/www.ahmadiyya-islam.org\/es\/wp-content\/uploads\/sites\/10\/2021\/04\/presentaciones-768x576.jpg 768w, https:\/\/www.ahmadiyya-islam.org\/es\/wp-content\/uploads\/sites\/10\/2021\/04\/presentaciones-1536x1152.jpg 1536w, https:\/\/www.ahmadiyya-islam.org\/es\/wp-content\/uploads\/sites\/10\/2021\/04\/presentaciones-2048x1536.jpg 2048w\" sizes=\"auto, (max-width: 900px) 100vw, 900px\" \/><\/p>\n<h3 style=\"text-align: center\">Visitas guiadas a la mezquita<\/h3>\n<p><img loading=\"lazy\" decoding=\"async\" class=\"size-large wp-image-14556 aligncenter\" src=\"https:\/\/www.ahmadiyya-islam.org\/es\/wp-content\/uploads\/sites\/10\/2021\/04\/safa-1024x680.jpg\" alt=\"\" width=\"900\" height=\"598\" srcset=\"https:\/\/www.ahmadiyya-islam.org\/es\/wp-content\/uploads\/sites\/10\/2021\/04\/safa-1024x680.jpg 1024w, https:\/\/www.ahmadiyya-islam.org\/es\/wp-content\/uploads\/sites\/10\/2021\/04\/safa-300x199.jpg 300w, https:\/\/www.ahmadiyya-islam.org\/es\/wp-content\/uploads\/sites\/10\/2021\/04\/safa-150x100.jpg 150w, https:\/\/www.ahmadiyya-islam.org\/es\/wp-content\/uploads\/sites\/10\/2021\/04\/safa-768x510.jpg 768w, https:\/\/www.ahmadiyya-islam.org\/es\/wp-content\/uploads\/sites\/10\/2021\/04\/safa-1536x1020.jpg 1536w, https:\/\/www.ahmadiyya-islam.org\/es\/wp-content\/uploads\/sites\/10\/2021\/04\/safa-2048x1360.jpg 2048w\" sizes=\"auto, (max-width: 900px) 100vw, 900px\" \/><\/p>\n<h3 style=\"text-align: center\">Exhibiciones<\/h3>\n<h3><img loading=\"lazy\" decoding=\"async\" class=\"size-large wp-image-14563 aligncenter\" src=\"https:\/\/www.ahmadiyya-islam.org\/es\/wp-content\/uploads\/sites\/10\/2021\/04\/feria1.jpg\" alt=\"\" width=\"292\" height=\"216\" srcset=\"https:\/\/www.ahmadiyya-islam.org\/es\/wp-content\/uploads\/sites\/10\/2021\/04\/feria1.jpg 292w, https:\/\/www.ahmadiyya-islam.org\/es\/wp-content\/uploads\/sites\/10\/2021\/04\/feria1-150x111.jpg 150w\" sizes=\"auto, (max-width: 292px) 100vw, 292px\" \/><\/h3>\n<h3><img loading=\"lazy\" decoding=\"async\" class=\"size-full wp-image-14562 aligncenter\" src=\"https:\/\/www.ahmadiyya-islam.org\/es\/wp-content\/uploads\/sites\/10\/2021\/04\/feria2.jpg\" alt=\"\" width=\"294\" height=\"225\" srcset=\"https:\/\/www.ahmadiyya-islam.org\/es\/wp-content\/uploads\/sites\/10\/2021\/04\/feria2.jpg 294w, https:\/\/www.ahmadiyya-islam.org\/es\/wp-content\/uploads\/sites\/10\/2021\/04\/feria2-150x115.jpg 150w\" sizes=\"auto, (max-width: 294px) 100vw, 294px\" \/><\/h3>\n<h2>Suscr\u00edbete a nuestra revista<\/h2>\n<p><a href=\"https:\/\/es.reviewofreligions.org\/\" target=\"_blank\" rel=\"noopener\">The Review of Religions<\/a> es una revista que se publica desde 1902, lo que la convierte en una de las revistas de estudios comparativos de religiones m\u00e1s antiguas.<\/p>\n<p>El objetivo de la revista es presentar las ense\u00f1anzas del islam, y mostrar su naturaleza racional, armoniosa e inspiradora. Tambi\u00e9n re\u00fane art\u00edculos y opiniones sobre diferentes credos con la finalidad de que la filosof\u00eda y los di\u00e1logos religiosos tengan una difusi\u00f3n m\u00e1s amplia.<\/p>\n<blockquote class=\"wp-embedded-content\" data-secret=\"gEWxBPzOoa\"><p><a href=\"https:\/\/es.reviewofreligions.org\/la-lengua-arabe-y-su-influencia-en-al-andalus\/\">La lengua \u00e1rabe y su influencia en Al-Andalus<\/a><\/p><\/blockquote>\n<p><iframe loading=\"lazy\" class=\"wp-embedded-content\" sandbox=\"allow-scripts\" security=\"restricted\" style=\"position: absolute; clip: rect(1px, 1px, 1px, 1px);\" title=\"&#8220;La lengua \u00e1rabe y su influencia en Al-Andalus&#8221; &#8212; Review of Religions en Espa\u00f1ol\" src=\"https:\/\/es.reviewofreligions.org\/la-lengua-arabe-y-su-influencia-en-al-andalus\/embed\/#?secret=gEWxBPzOoa\" data-secret=\"gEWxBPzOoa\" width=\"600\" height=\"338\" frameborder=\"0\" marginwidth=\"0\" marginheight=\"0\" scrolling=\"no\"><\/iframe><\/p>\n<h2>Visita nuestro canal de YouTube<\/h2>\n<p><a href=\"https:\/\/www.youtube.com\/c\/ComunidadMusulmanaAhmad\u00eda\/\" target=\"_blank\" rel=\"noopener\">Este canal<\/a> est\u00e1 dedicado a informar sobre temas actuales relacionados con las aut\u00e9nticas ense\u00f1anzas del islam de forma amena y que inciten a la reflexi\u00f3n. Suscr\u00edbete para ayudarnos a eliminar prejuicios y promover la educaci\u00f3n compartiendo nuestros contenidos.<\/p>\n<p><iframe loading=\"lazy\" title=\"\u00a15 cosas que no sab\u00edas sobre el Ramad\u00e1n!\" width=\"900\" height=\"506\" src=\"https:\/\/www.youtube.com\/embed\/tNRy1WmR-Ls?feature=oembed\" frameborder=\"0\" allow=\"accelerometer; autoplay; clipboard-write; encrypted-media; gyroscope; picture-in-picture\" allowfullscreen><\/iframe><\/p>\n<h2>Contacto<\/h2>\n<p>P\u00f3ngase en contacto con nosotros o env\u00ede sus comentarios, preguntas o sugerencias a nuestra direcci\u00f3n de email: spanish@ahmadiyya-islam.org<\/p>\n<p>Direcciones:<\/p>\n<ul>\n<li>Mezquita Basharat,14630Pedro Abad, C\u00f3rdoba, Espa\u00f1a<\/li>\n<li>Mezquita Baitur Rahman, C. Aig\u00fces Braves, 22, 46185 La Pobla de Vallbona, Valencia<\/li>\n<\/ul>\n","protected":false},"excerpt":{"rendered":"<p>&#8220;Amor para todos, odio para nadie&#8221; La Comunidad Musulmana Ahmad\u00eda es una Comunidad religiosa, amante de la paz, fundada hace 130 a\u00f1os. Estamos comprometidos con los valores de paz y justicia, y respetamos y acatamos plenamente las leyes de las naciones donde estamos asentados. Nuestra comunidad est\u00e1 establecida en 210 pa\u00edses, y cuenta con decenas<\/p>\n","protected":false},"author":15,"featured_media":14560,"parent":91,"menu_order":60,"comment_status":"closed","ping_status":"closed","template":"","meta":{"_acf_changed":false,"footnotes":""},"class_list":["post-14549","page","type-page","status-publish","has-post-thumbnail","hentry"],"acf":[],"yoast_head":"<!-- This site is optimized with the Yoast SEO Premium plugin v21.1 (Yoast SEO v27.4) - https:\/\/yoast.com\/product\/yoast-seo-premium-wordpress\/ -->\n<title>La Comunidad Musulmana Ahmad\u00eda en Espa\u00f1a<\/title>\n<meta name=\"description\" content=\"&quot;Amor para todos, odio para nadie&quot; La Comunidad Musulmana Ahmad\u00eda es una Comunidad religiosa, amante de la paz, fundada hace 130 a\u00f1os. Estamos\" \/>\n<meta name=\"robots\" content=\"index, follow, max-snippet:-1, max-image-preview:large, max-video-preview:-1\" \/>\n<link rel=\"canonical\" href=\"https:\/\/www.ahmadiyya-islam.org\/es\/ahmadia\/ahmadia-espana\/\" \/>\n<meta property=\"og:locale\" content=\"es_ES\" \/>\n<meta property=\"og:type\" content=\"article\" \/>\n<meta property=\"og:title\" content=\"La Comunidad Musulmana Ahmad\u00eda en Espa\u00f1a\" \/>\n<meta property=\"og:description\" content=\"&quot;Amor para todos, odio para nadie&quot; La Comunidad Musulmana Ahmad\u00eda es una Comunidad religiosa, amante de la paz, fundada hace 130 a\u00f1os. Estamos\" \/>\n<meta property=\"og:url\" content=\"https:\/\/www.ahmadiyya-islam.org\/es\/ahmadia\/ahmadia-espana\/\" \/>\n<meta property=\"og:site_name\" content=\"Comunidad Musulmana Ahmad\u00eda\" \/>\n<meta property=\"article:modified_time\" content=\"2021-07-16T08:59:22+00:00\" \/>\n<meta property=\"og:image\" content=\"https:\/\/www.ahmadiyya-islam.org\/es\/wp-content\/uploads\/sites\/10\/2021\/04\/safa2-e1619084462651.jpg\" \/>\n\t<meta property=\"og:image:width\" content=\"1000\" \/>\n\t<meta property=\"og:image:height\" content=\"664\" \/>\n\t<meta property=\"og:image:type\" content=\"image\/jpeg\" \/>\n<meta name=\"twitter:card\" content=\"summary_large_image\" \/>\n<meta name=\"twitter:label1\" content=\"Est. reading time\" \/>\n\t<meta name=\"twitter:data1\" content=\"5 minutes\" \/>\n<script type=\"application\/ld+json\" class=\"yoast-schema-graph\">{\"@context\":\"https:\\\/\\\/schema.org\",\"@graph\":[{\"@type\":\"WebPage\",\"@id\":\"https:\\\/\\\/www.ahmadiyya-islam.org\\\/es\\\/ahmadia\\\/ahmadia-espana\\\/\",\"url\":\"https:\\\/\\\/www.ahmadiyya-islam.org\\\/es\\\/ahmadia\\\/ahmadia-espana\\\/\",\"name\":\"La Comunidad Musulmana Ahmad\u00eda en Espa\u00f1a\",\"isPartOf\":{\"@id\":\"https:\\\/\\\/www.ahmadiyya-islam.org\\\/es\\\/#website\"},\"primaryImageOfPage\":{\"@id\":\"https:\\\/\\\/www.ahmadiyya-islam.org\\\/es\\\/ahmadia\\\/ahmadia-espana\\\/#primaryimage\"},\"image\":{\"@id\":\"https:\\\/\\\/www.ahmadiyya-islam.org\\\/es\\\/ahmadia\\\/ahmadia-espana\\\/#primaryimage\"},\"thumbnailUrl\":\"https:\\\/\\\/www.ahmadiyya-islam.org\\\/es\\\/wp-content\\\/uploads\\\/sites\\\/10\\\/2021\\\/04\\\/safa2-e1619084462651.jpg\",\"datePublished\":\"2021-04-22T09:27:32+00:00\",\"dateModified\":\"2021-07-16T08:59:22+00:00\",\"description\":\"\\\"Amor para todos, odio para nadie\\\" La Comunidad Musulmana Ahmad\u00eda es una Comunidad religiosa, amante de la paz, fundada hace 130 a\u00f1os. Estamos\",\"breadcrumb\":{\"@id\":\"https:\\\/\\\/www.ahmadiyya-islam.org\\\/es\\\/ahmadia\\\/ahmadia-espana\\\/#breadcrumb\"},\"inLanguage\":\"es-ES\",\"potentialAction\":[{\"@type\":\"ReadAction\",\"target\":[\"https:\\\/\\\/www.ahmadiyya-islam.org\\\/es\\\/ahmadia\\\/ahmadia-espana\\\/\"]}]},{\"@type\":\"ImageObject\",\"inLanguage\":\"es-ES\",\"@id\":\"https:\\\/\\\/www.ahmadiyya-islam.org\\\/es\\\/ahmadia\\\/ahmadia-espana\\\/#primaryimage\",\"url\":\"https:\\\/\\\/www.ahmadiyya-islam.org\\\/es\\\/wp-content\\\/uploads\\\/sites\\\/10\\\/2021\\\/04\\\/safa2-e1619084462651.jpg\",\"contentUrl\":\"https:\\\/\\\/www.ahmadiyya-islam.org\\\/es\\\/wp-content\\\/uploads\\\/sites\\\/10\\\/2021\\\/04\\\/safa2-e1619084462651.jpg\",\"width\":1000,\"height\":664},{\"@type\":\"BreadcrumbList\",\"@id\":\"https:\\\/\\\/www.ahmadiyya-islam.org\\\/es\\\/ahmadia\\\/ahmadia-espana\\\/#breadcrumb\",\"itemListElement\":[{\"@type\":\"ListItem\",\"position\":1,\"name\":\"Home\",\"item\":\"https:\\\/\\\/www.ahmadiyya-islam.org\\\/es\\\/\"},{\"@type\":\"ListItem\",\"position\":2,\"name\":\"Ahmad\u00eda\",\"item\":\"https:\\\/\\\/www.ahmadiyya-islam.org\\\/es\\\/ahmadia\\\/\"},{\"@type\":\"ListItem\",\"position\":3,\"name\":\"La Comunidad Musulmana Ahmad\u00eda en Espa\u00f1a\"}]},{\"@type\":\"WebSite\",\"@id\":\"https:\\\/\\\/www.ahmadiyya-islam.org\\\/es\\\/#website\",\"url\":\"https:\\\/\\\/www.ahmadiyya-islam.org\\\/es\\\/\",\"name\":\"Comunidad Musulmana Ahmad\u00eda\",\"description\":\"Internacional\",\"publisher\":{\"@id\":\"https:\\\/\\\/www.ahmadiyya-islam.org\\\/es\\\/#organization\"},\"potentialAction\":[{\"@type\":\"SearchAction\",\"target\":{\"@type\":\"EntryPoint\",\"urlTemplate\":\"https:\\\/\\\/www.ahmadiyya-islam.org\\\/es\\\/?s={search_term_string}\"},\"query-input\":{\"@type\":\"PropertyValueSpecification\",\"valueRequired\":true,\"valueName\":\"search_term_string\"}}],\"inLanguage\":\"es-ES\"},{\"@type\":\"Organization\",\"@id\":\"https:\\\/\\\/www.ahmadiyya-islam.org\\\/es\\\/#organization\",\"name\":\"Comunidad Musulmana Ahmad\u00eda\",\"url\":\"https:\\\/\\\/www.ahmadiyya-islam.org\\\/es\\\/\",\"logo\":{\"@type\":\"ImageObject\",\"inLanguage\":\"es-ES\",\"@id\":\"https:\\\/\\\/www.ahmadiyya-islam.org\\\/es\\\/#\\\/schema\\\/logo\\\/image\\\/\",\"url\":\"https:\\\/\\\/www.ahmadiyya-islam.org\\\/es\\\/wp-content\\\/uploads\\\/sites\\\/10\\\/2015\\\/06\\\/alislam-logo.png\",\"contentUrl\":\"https:\\\/\\\/www.ahmadiyya-islam.org\\\/es\\\/wp-content\\\/uploads\\\/sites\\\/10\\\/2015\\\/06\\\/alislam-logo.png\",\"width\":1859,\"height\":1859,\"caption\":\"Comunidad Musulmana Ahmad\u00eda\"},\"image\":{\"@id\":\"https:\\\/\\\/www.ahmadiyya-islam.org\\\/es\\\/#\\\/schema\\\/logo\\\/image\\\/\"}}]}<\/script>\n<!-- \/ Yoast SEO Premium plugin. -->","yoast_head_json":{"title":"La Comunidad Musulmana Ahmad\u00eda en Espa\u00f1a","description":"\"Amor para todos, odio para nadie\" La Comunidad Musulmana Ahmad\u00eda es una Comunidad religiosa, amante de la paz, fundada hace 130 a\u00f1os. Estamos","robots":{"index":"index","follow":"follow","max-snippet":"max-snippet:-1","max-image-preview":"max-image-preview:large","max-video-preview":"max-video-preview:-1"},"canonical":"https:\/\/www.ahmadiyya-islam.org\/es\/ahmadia\/ahmadia-espana\/","og_locale":"es_ES","og_type":"article","og_title":"La Comunidad Musulmana Ahmad\u00eda en Espa\u00f1a","og_description":"\"Amor para todos, odio para nadie\" La Comunidad Musulmana Ahmad\u00eda es una Comunidad religiosa, amante de la paz, fundada hace 130 a\u00f1os. Estamos","og_url":"https:\/\/www.ahmadiyya-islam.org\/es\/ahmadia\/ahmadia-espana\/","og_site_name":"Comunidad Musulmana Ahmad\u00eda","article_modified_time":"2021-07-16T08:59:22+00:00","og_image":[{"width":1000,"height":664,"url":"https:\/\/www.ahmadiyya-islam.org\/es\/wp-content\/uploads\/sites\/10\/2021\/04\/safa2-e1619084462651.jpg","type":"image\/jpeg"}],"twitter_card":"summary_large_image","twitter_misc":{"Est. reading time":"5 minutes"},"schema":{"@context":"https:\/\/schema.org","@graph":[{"@type":"WebPage","@id":"https:\/\/www.ahmadiyya-islam.org\/es\/ahmadia\/ahmadia-espana\/","url":"https:\/\/www.ahmadiyya-islam.org\/es\/ahmadia\/ahmadia-espana\/","name":"La Comunidad Musulmana Ahmad\u00eda en Espa\u00f1a","isPartOf":{"@id":"https:\/\/www.ahmadiyya-islam.org\/es\/#website"},"primaryImageOfPage":{"@id":"https:\/\/www.ahmadiyya-islam.org\/es\/ahmadia\/ahmadia-espana\/#primaryimage"},"image":{"@id":"https:\/\/www.ahmadiyya-islam.org\/es\/ahmadia\/ahmadia-espana\/#primaryimage"},"thumbnailUrl":"https:\/\/www.ahmadiyya-islam.org\/es\/wp-content\/uploads\/sites\/10\/2021\/04\/safa2-e1619084462651.jpg","datePublished":"2021-04-22T09:27:32+00:00","dateModified":"2021-07-16T08:59:22+00:00","description":"\"Amor para todos, odio para nadie\" La Comunidad Musulmana Ahmad\u00eda es una Comunidad religiosa, amante de la paz, fundada hace 130 a\u00f1os. Estamos","breadcrumb":{"@id":"https:\/\/www.ahmadiyya-islam.org\/es\/ahmadia\/ahmadia-espana\/#breadcrumb"},"inLanguage":"es-ES","potentialAction":[{"@type":"ReadAction","target":["https:\/\/www.ahmadiyya-islam.org\/es\/ahmadia\/ahmadia-espana\/"]}]},{"@type":"ImageObject","inLanguage":"es-ES","@id":"https:\/\/www.ahmadiyya-islam.org\/es\/ahmadia\/ahmadia-espana\/#primaryimage","url":"https:\/\/www.ahmadiyya-islam.org\/es\/wp-content\/uploads\/sites\/10\/2021\/04\/safa2-e1619084462651.jpg","contentUrl":"https:\/\/www.ahmadiyya-islam.org\/es\/wp-content\/uploads\/sites\/10\/2021\/04\/safa2-e1619084462651.jpg","width":1000,"height":664},{"@type":"BreadcrumbList","@id":"https:\/\/www.ahmadiyya-islam.org\/es\/ahmadia\/ahmadia-espana\/#breadcrumb","itemListElement":[{"@type":"ListItem","position":1,"name":"Home","item":"https:\/\/www.ahmadiyya-islam.org\/es\/"},{"@type":"ListItem","position":2,"name":"Ahmad\u00eda","item":"https:\/\/www.ahmadiyya-islam.org\/es\/ahmadia\/"},{"@type":"ListItem","position":3,"name":"La Comunidad Musulmana Ahmad\u00eda en Espa\u00f1a"}]},{"@type":"WebSite","@id":"https:\/\/www.ahmadiyya-islam.org\/es\/#website","url":"https:\/\/www.ahmadiyya-islam.org\/es\/","name":"Comunidad Musulmana Ahmad\u00eda","description":"Internacional","publisher":{"@id":"https:\/\/www.ahmadiyya-islam.org\/es\/#organization"},"potentialAction":[{"@type":"SearchAction","target":{"@type":"EntryPoint","urlTemplate":"https:\/\/www.ahmadiyya-islam.org\/es\/?s={search_term_string}"},"query-input":{"@type":"PropertyValueSpecification","valueRequired":true,"valueName":"search_term_string"}}],"inLanguage":"es-ES"},{"@type":"Organization","@id":"https:\/\/www.ahmadiyya-islam.org\/es\/#organization","name":"Comunidad Musulmana Ahmad\u00eda","url":"https:\/\/www.ahmadiyya-islam.org\/es\/","logo":{"@type":"ImageObject","inLanguage":"es-ES","@id":"https:\/\/www.ahmadiyya-islam.org\/es\/#\/schema\/logo\/image\/","url":"https:\/\/www.ahmadiyya-islam.org\/es\/wp-content\/uploads\/sites\/10\/2015\/06\/alislam-logo.png","contentUrl":"https:\/\/www.ahmadiyya-islam.org\/es\/wp-content\/uploads\/sites\/10\/2015\/06\/alislam-logo.png","width":1859,"height":1859,"caption":"Comunidad Musulmana Ahmad\u00eda"},"image":{"@id":"https:\/\/www.ahmadiyya-islam.org\/es\/#\/schema\/logo\/image\/"}}]}},"_links":{"self":[{"href":"https:\/\/www.ahmadiyya-islam.org\/es\/wp-json\/wp\/v2\/pages\/14549","targetHints":{"allow":["GET"]}}],"collection":[{"href":"https:\/\/www.ahmadiyya-islam.org\/es\/wp-json\/wp\/v2\/pages"}],"about":[{"href":"https:\/\/www.ahmadiyya-islam.org\/es\/wp-json\/wp\/v2\/types\/page"}],"author":[{"embeddable":true,"href":"https:\/\/www.ahmadiyya-islam.org\/es\/wp-json\/wp\/v2\/users\/15"}],"replies":[{"embeddable":true,"href":"https:\/\/www.ahmadiyya-islam.org\/es\/wp-json\/wp\/v2\/comments?post=14549"}],"version-history":[{"count":0,"href":"https:\/\/www.ahmadiyya-islam.org\/es\/wp-json\/wp\/v2\/pages\/14549\/revisions"}],"up":[{"embeddable":true,"href":"https:\/\/www.ahmadiyya-islam.org\/es\/wp-json\/wp\/v2\/pages\/91"}],"wp:featuredmedia":[{"embeddable":true,"href":"https:\/\/www.ahmadiyya-islam.org\/es\/wp-json\/wp\/v2\/media\/14560"}],"wp:attachment":[{"href":"https:\/\/www.ahmadiyya-islam.org\/es\/wp-json\/wp\/v2\/media?parent=14549"}],"curies":[{"name":"wp","href":"https:\/\/api.w.org\/{rel}","templated":true}]}}