{"id":11285,"date":"2022-01-01T06:00:07","date_gmt":"2022-01-01T05:00:07","guid":{"rendered":"https:\/\/www.ahmadiyya-islam.org\/be-nl\/?page_id=11285"},"modified":"2022-08-26T07:45:17","modified_gmt":"2022-08-26T05:45:17","slug":"sanat-o-tijarat1","status":"publish","type":"page","link":"https:\/\/www.ahmadiyya-islam.org\/be-nl\/sanat-o-tijarat1\/","title":{"rendered":"Sanat o Tijarat   &#8211;   Industrie en handel   &#8211;   Industrie et commerce"},"content":{"rendered":"<p>&nbsp;<\/p>\n<h3><a href=\"https:\/\/www.ahmadiyya-islam.org\/be-nl\/sanat-o-tijaratsanat-o-tijarat-industrie-en-handel-industrie-et-commerce-aanvraagformulier-formulaire-de-demande\/\" target=\"_blank\" rel=\"noopener\">Aanvraagformulier &#8211; Formulaire de demande<\/a><\/h3>\n<p><a href=\"https:\/\/www.ahmadiyya-islam.org\/be-nl\/sanat-o-tijarat-industrie-en-handel-industrie-et-commerce-richtlijnen-des-lignes-directrices\/\" target=\"_blank\" rel=\"noopener\">Richtlijnen &#8211; Des lignes directrices<\/a><\/p>\n<p>&nbsp;<\/p>\n<p><strong>INTRODUCTIE<\/strong><\/p>\n<p>De tweede Khalifa van de Beloofde Messias (AS), Hazrat Mirza Bashiruddin Mahmood Ahmad (RA), zei ooit:<\/p>\n<p>\u201c&#8230; Zondigen wordt ook veroorzaakt door luiheid en gebrek aan georganiseerde uren van het dagelijks leven. Een persoon heeft de neiging om het rustig aan te doen. Hij is zorgeloos. Hij heeft geen zin om te werken. Als de tijd daar is, heeft hij de neiging om licht te werpen op wat hij moet doen. De tijd verstrijkt en hij merkt plotseling dat hij verdrinkt. Eens was een oprechte metgezel van de Heilige Profeet (vzmh) bijna klaar om naar het slagveld te gaan, maar hij maakte er geen voorbereidingen voor. Hij had zichzelf ervan overtuigd dat hij, als de tijd daar was, gemakkelijk bij het gezelschap zou kunnen komen. Hij bleef zijn voorbereidingen tot het einde overlaten. Het resultaat was dat hij achterbleef en niet in het leger kon. Luiheid is daarom vaak de oorzaak van zonde. De mens is lui en gemakkelijk in de omgang en is niet in staat zichzelf te dwingen op te staan \u200b\u200ben te gaan.\u201d (uittreksel uit Way of the Seeker, oorspronkelijk uit Jalsa Salana Qadian 1925)<\/p>\n<p>Het is dan ook geen wonder dat toen Hazrat Khalifatul Masih II (RA) de grondwet formuleerde, werd voorzien in een afdeling die zich toelegde op het uitroeien van werkloosheid en ledigheid onder jonge Ahmadi-mannen. Zelfs in de huidige tijd waarin sommige jongeren in de samenleving worden beschouwd als lui en materialistischer te worden dan de generatie die hen voorafging, vanwege een cultuur die zelfrecht kweekt, is de rol die wordt vervuld door de afdeling voor Sanat-o-Tijarat nog nooit zo belangrijk geweest. Om de visie en doelstellingen van deze afdeling te helpen verwezenlijken, kan het departement Sanat-o-TijaratAMJB helpen bij het ontwikkelen en uitblinken in hun loopbaanplannen door advies te geven over banen en loopbaanpaden, en om vaardigheden op het gebied van inzetbaarheid te helpen ontwikkelen.<\/p>\n<p>Onze ondersteuning omvat alle aspecten van werkgelegenheid, waaronder:<\/p>\n<ul>\n<li>Loopbaanadvies<\/li>\n<li>Advies bij het vinden van een baan<\/li>\n<li>Begeleiding<\/li>\n<li>CV beoordeling<\/li>\n<li>Interviewtips<\/li>\n<li>Ondernemers\/start-up ondersteuning<\/li>\n<\/ul>\n<p>&nbsp;<\/p>\n<p><strong>INTRODUCTION<\/strong><\/p>\n<p>Le deuxi\u00e8me Khalifa du Messie Promis (as), Hazrat Mirza Bashiruddin Mahmood Ahmad (RA), a dit un jour :<\/p>\n<p>&#8220;&#8230; Le p\u00e9ch\u00e9 est \u00e9galement caus\u00e9 par la paresse et le manque d&#8217;heures organis\u00e9es de la vie quotidienne. Une personne a tendance \u00e0 se la couler douce. Il est insouciant. Il n&#8217;a pas envie de travailler. Le moment venu, il a tendance \u00e0 faire la lumi\u00e8re sur ce qu&#8217;il faut faire. Le temps passe et il se retrouve soudainement noy\u00e9. Une fois, un compagnon sinc\u00e8re du Saint Proph\u00e8te (psl) \u00e9tait presque pr\u00eat \u00e0 aller sur le champ de bataille, mais il n&#8217;a fait aucune pr\u00e9paration pour cela. Il s&#8217;\u00e9tait convaincu que le moment venu, il pourrait facilement rejoindre l&#8217;entreprise. Il a continu\u00e9 \u00e0 laisser ses pr\u00e9paratifs jusqu&#8217;au bout. En cons\u00e9quence, il a \u00e9t\u00e9 laiss\u00e9 pour compte et incapable de rejoindre l&#8217;arm\u00e9e. La paresse est donc souvent la cause du p\u00e9ch\u00e9. L&#8217;homme est paresseux et facile \u00e0 vivre et incapable de se forcer \u00e0 se lever et \u00e0 partir. (extrait de Way of the Seeker, originaire de Jalsa Salana Qadian 1925)<\/p>\n<p>Il n&#8217;est donc pas \u00e9tonnant que lorsque Hazrat Khalifatul Masih II (RA) a formul\u00e9 la constitution, un d\u00e9partement d\u00e9di\u00e9 \u00e0 l&#8217;\u00e9radication du ch\u00f4mage et de l&#8217;oisivet\u00e9 parmi les jeunes hommes ahmadis ait \u00e9t\u00e9 cr\u00e9\u00e9. M\u00eame \u00e0 notre \u00e9poque o\u00f9 certains jeunes dans la soci\u00e9t\u00e9 sont consid\u00e9r\u00e9s comme devenus paresseux et plus mat\u00e9rialistes que la g\u00e9n\u00e9ration qui les a pr\u00e9c\u00e9d\u00e9s, en raison d&#8217;une culture qui cultive l&#8217;autosatisfaction, le r\u00f4le jou\u00e9 par le d\u00e9partement de Sanat-o-Tijarat n&#8217;a jamais \u00e9t\u00e9 \u00e9t\u00e9 si important. Pour aider \u00e0 r\u00e9aliser la vision et les objectifs de ce d\u00e9partement, le D\u00e9partement de Sanat-o-Tijarat peut aider AMJB \u00e0 d\u00e9velopper et \u00e0 exceller dans ses plans de carri\u00e8re en fournissant des conseils sur les emplois et les cheminements de carri\u00e8re, ainsi qu&#8217;en aidant \u00e0 d\u00e9velopper des comp\u00e9tences d&#8217;employabilit\u00e9.<\/p>\n<p>Notre accompagnement couvre tous les aspects de l\u2019emploi, notamment :<\/p>\n<ul>\n<li>Conseil de carri\u00e8re<\/li>\n<li>Conseils pour trouver un emploi<\/li>\n<li>Encadrement<\/li>\n<li>Examen du CV<\/li>\n<li>Conseils d&#8217;entretien<\/li>\n<li>Accompagnement des entrepreneurs\/start-up<\/li>\n<\/ul>\n<p>&nbsp;<\/p>\n<p>&nbsp;<\/p>\n<p>&nbsp;<\/p>\n<p>&nbsp;<\/p>\n<p>&nbsp;<\/p>\n<p>&nbsp;<\/p>\n","protected":false},"excerpt":{"rendered":"<p>&nbsp; Aanvraagformulier &#8211; Formulaire de demande Richtlijnen &#8211; Des lignes directrices &nbsp; INTRODUCTIE De tweede Khalifa van de Beloofde Messias (AS), Hazrat Mirza Bashiruddin Mahmood Ahmad (RA), zei ooit: \u201c&#8230;&#8230;<\/p>\n<p><a class='more-link' href='https:\/\/www.ahmadiyya-islam.org\/be-nl\/sanat-o-tijarat1\/'>Lees meer <span class='screen-reader-text'>Sanat o Tijarat   &#8211;   Industrie en handel   &#8211;   Industrie et commerce<\/span><\/a><\/p>","protected":false},"author":11,"featured_media":11287,"parent":0,"menu_order":0,"comment_status":"closed","ping_status":"closed","template":"","meta":{"_acf_changed":false,"footnotes":""},"class_list":{"1":"page","2":"publish","3":"author-beadmin","4":"post-11285","6":"has-post-thumbnail","7":"excerpt"},"acf":[],"yoast_head":"<!-- This site is optimized with the Yoast SEO Premium plugin v21.1 (Yoast SEO v27.4) - https:\/\/yoast.com\/product\/yoast-seo-premium-wordpress\/ -->\n<title>Sanat o Tijarat  -  Industrie en handel  -  Industrie et commerce - Ahmadiyya Moslim Gemeenschap Belgi\u00eb<\/title>\n<meta name=\"robots\" content=\"index, follow, max-snippet:-1, max-image-preview:large, max-video-preview:-1\" \/>\n<link rel=\"canonical\" href=\"https:\/\/www.ahmadiyya-islam.org\/be-nl\/sanat-o-tijarat1\/\" \/>\n<meta property=\"og:locale\" content=\"nl_BE\" \/>\n<meta property=\"og:type\" content=\"article\" \/>\n<meta property=\"og:title\" content=\"Sanat o Tijarat  -  Industrie en handel  -  Industrie et commerce\" \/>\n<meta property=\"og:description\" content=\"&nbsp; Aanvraagformulier &#8211; Formulaire de demande Richtlijnen &#8211; Des lignes directrices &nbsp; INTRODUCTIE De tweede Khalifa van de Beloofde Messias (AS), Hazrat Mirza Bashiruddin Mahmood Ahmad (RA), zei ooit: \u201c&#8230;&#8230;\" \/>\n<meta property=\"og:url\" content=\"https:\/\/www.ahmadiyya-islam.org\/be-nl\/sanat-o-tijarat1\/\" \/>\n<meta property=\"og:site_name\" content=\"Ahmadiyya Moslim Gemeenschap Belgi\u00eb\" \/>\n<meta property=\"article:modified_time\" content=\"2022-08-26T05:45:17+00:00\" \/>\n<meta property=\"og:image\" content=\"https:\/\/www.ahmadiyya-islam.org\/be-nl\/wp-content\/uploads\/sites\/7\/2022\/08\/Banner-Rizq-e-Halal-01b.jpg\" \/>\n\t<meta property=\"og:image:width\" content=\"1128\" \/>\n\t<meta property=\"og:image:height\" content=\"504\" \/>\n\t<meta property=\"og:image:type\" content=\"image\/jpeg\" \/>\n<meta name=\"twitter:card\" content=\"summary_large_image\" \/>\n<meta name=\"twitter:label1\" content=\"Geschatte leestijd\" \/>\n\t<meta name=\"twitter:data1\" content=\"4 minuten\" \/>\n<script type=\"application\/ld+json\" class=\"yoast-schema-graph\">{\"@context\":\"https:\\\/\\\/schema.org\",\"@graph\":[{\"@type\":\"WebPage\",\"@id\":\"https:\\\/\\\/www.ahmadiyya-islam.org\\\/be-nl\\\/sanat-o-tijarat1\\\/\",\"url\":\"https:\\\/\\\/www.ahmadiyya-islam.org\\\/be-nl\\\/sanat-o-tijarat1\\\/\",\"name\":\"Sanat o Tijarat - Industrie en handel - Industrie et commerce - Ahmadiyya Moslim Gemeenschap Belgi\u00eb\",\"isPartOf\":{\"@id\":\"https:\\\/\\\/www.ahmadiyya-islam.org\\\/be-nl\\\/#website\"},\"primaryImageOfPage\":{\"@id\":\"https:\\\/\\\/www.ahmadiyya-islam.org\\\/be-nl\\\/sanat-o-tijarat1\\\/#primaryimage\"},\"image\":{\"@id\":\"https:\\\/\\\/www.ahmadiyya-islam.org\\\/be-nl\\\/sanat-o-tijarat1\\\/#primaryimage\"},\"thumbnailUrl\":\"https:\\\/\\\/www.ahmadiyya-islam.org\\\/be-nl\\\/wp-content\\\/uploads\\\/sites\\\/7\\\/2022\\\/08\\\/Banner-Rizq-e-Halal-01b.jpg\",\"datePublished\":\"2022-01-01T05:00:07+00:00\",\"dateModified\":\"2022-08-26T05:45:17+00:00\",\"breadcrumb\":{\"@id\":\"https:\\\/\\\/www.ahmadiyya-islam.org\\\/be-nl\\\/sanat-o-tijarat1\\\/#breadcrumb\"},\"inLanguage\":\"nl-BE\",\"potentialAction\":[{\"@type\":\"ReadAction\",\"target\":[\"https:\\\/\\\/www.ahmadiyya-islam.org\\\/be-nl\\\/sanat-o-tijarat1\\\/\"]}]},{\"@type\":\"ImageObject\",\"inLanguage\":\"nl-BE\",\"@id\":\"https:\\\/\\\/www.ahmadiyya-islam.org\\\/be-nl\\\/sanat-o-tijarat1\\\/#primaryimage\",\"url\":\"https:\\\/\\\/www.ahmadiyya-islam.org\\\/be-nl\\\/wp-content\\\/uploads\\\/sites\\\/7\\\/2022\\\/08\\\/Banner-Rizq-e-Halal-01b.jpg\",\"contentUrl\":\"https:\\\/\\\/www.ahmadiyya-islam.org\\\/be-nl\\\/wp-content\\\/uploads\\\/sites\\\/7\\\/2022\\\/08\\\/Banner-Rizq-e-Halal-01b.jpg\",\"width\":1128,\"height\":504},{\"@type\":\"BreadcrumbList\",\"@id\":\"https:\\\/\\\/www.ahmadiyya-islam.org\\\/be-nl\\\/sanat-o-tijarat1\\\/#breadcrumb\",\"itemListElement\":[{\"@type\":\"ListItem\",\"position\":1,\"name\":\"Home\",\"item\":\"https:\\\/\\\/www.ahmadiyya-islam.org\\\/be-nl\\\/\"},{\"@type\":\"ListItem\",\"position\":2,\"name\":\"Sanat o Tijarat &#8211; Industrie en handel &#8211; Industrie et commerce\"}]},{\"@type\":\"WebSite\",\"@id\":\"https:\\\/\\\/www.ahmadiyya-islam.org\\\/be-nl\\\/#website\",\"url\":\"https:\\\/\\\/www.ahmadiyya-islam.org\\\/be-nl\\\/\",\"name\":\"Ahmadiyya Moslim Gemeenschap Belgi\u00eb\",\"description\":\"\",\"potentialAction\":[{\"@type\":\"SearchAction\",\"target\":{\"@type\":\"EntryPoint\",\"urlTemplate\":\"https:\\\/\\\/www.ahmadiyya-islam.org\\\/be-nl\\\/?s={search_term_string}\"},\"query-input\":{\"@type\":\"PropertyValueSpecification\",\"valueRequired\":true,\"valueName\":\"search_term_string\"}}],\"inLanguage\":\"nl-BE\"}]}<\/script>\n<!-- \/ Yoast SEO Premium plugin. -->","yoast_head_json":{"title":"Sanat o Tijarat  -  Industrie en handel  -  Industrie et commerce - Ahmadiyya Moslim Gemeenschap Belgi\u00eb","robots":{"index":"index","follow":"follow","max-snippet":"max-snippet:-1","max-image-preview":"max-image-preview:large","max-video-preview":"max-video-preview:-1"},"canonical":"https:\/\/www.ahmadiyya-islam.org\/be-nl\/sanat-o-tijarat1\/","og_locale":"nl_BE","og_type":"article","og_title":"Sanat o Tijarat  -  Industrie en handel  -  Industrie et commerce","og_description":"&nbsp; Aanvraagformulier &#8211; Formulaire de demande Richtlijnen &#8211; Des lignes directrices &nbsp; INTRODUCTIE De tweede Khalifa van de Beloofde Messias (AS), Hazrat Mirza Bashiruddin Mahmood Ahmad (RA), zei ooit: \u201c&#8230;&#8230;","og_url":"https:\/\/www.ahmadiyya-islam.org\/be-nl\/sanat-o-tijarat1\/","og_site_name":"Ahmadiyya Moslim Gemeenschap Belgi\u00eb","article_modified_time":"2022-08-26T05:45:17+00:00","og_image":[{"width":1128,"height":504,"url":"https:\/\/www.ahmadiyya-islam.org\/be-nl\/wp-content\/uploads\/sites\/7\/2022\/08\/Banner-Rizq-e-Halal-01b.jpg","type":"image\/jpeg"}],"twitter_card":"summary_large_image","twitter_misc":{"Geschatte leestijd":"4 minuten"},"schema":{"@context":"https:\/\/schema.org","@graph":[{"@type":"WebPage","@id":"https:\/\/www.ahmadiyya-islam.org\/be-nl\/sanat-o-tijarat1\/","url":"https:\/\/www.ahmadiyya-islam.org\/be-nl\/sanat-o-tijarat1\/","name":"Sanat o Tijarat - Industrie en handel - Industrie et commerce - Ahmadiyya Moslim Gemeenschap Belgi\u00eb","isPartOf":{"@id":"https:\/\/www.ahmadiyya-islam.org\/be-nl\/#website"},"primaryImageOfPage":{"@id":"https:\/\/www.ahmadiyya-islam.org\/be-nl\/sanat-o-tijarat1\/#primaryimage"},"image":{"@id":"https:\/\/www.ahmadiyya-islam.org\/be-nl\/sanat-o-tijarat1\/#primaryimage"},"thumbnailUrl":"https:\/\/www.ahmadiyya-islam.org\/be-nl\/wp-content\/uploads\/sites\/7\/2022\/08\/Banner-Rizq-e-Halal-01b.jpg","datePublished":"2022-01-01T05:00:07+00:00","dateModified":"2022-08-26T05:45:17+00:00","breadcrumb":{"@id":"https:\/\/www.ahmadiyya-islam.org\/be-nl\/sanat-o-tijarat1\/#breadcrumb"},"inLanguage":"nl-BE","potentialAction":[{"@type":"ReadAction","target":["https:\/\/www.ahmadiyya-islam.org\/be-nl\/sanat-o-tijarat1\/"]}]},{"@type":"ImageObject","inLanguage":"nl-BE","@id":"https:\/\/www.ahmadiyya-islam.org\/be-nl\/sanat-o-tijarat1\/#primaryimage","url":"https:\/\/www.ahmadiyya-islam.org\/be-nl\/wp-content\/uploads\/sites\/7\/2022\/08\/Banner-Rizq-e-Halal-01b.jpg","contentUrl":"https:\/\/www.ahmadiyya-islam.org\/be-nl\/wp-content\/uploads\/sites\/7\/2022\/08\/Banner-Rizq-e-Halal-01b.jpg","width":1128,"height":504},{"@type":"BreadcrumbList","@id":"https:\/\/www.ahmadiyya-islam.org\/be-nl\/sanat-o-tijarat1\/#breadcrumb","itemListElement":[{"@type":"ListItem","position":1,"name":"Home","item":"https:\/\/www.ahmadiyya-islam.org\/be-nl\/"},{"@type":"ListItem","position":2,"name":"Sanat o Tijarat &#8211; Industrie en handel &#8211; Industrie et commerce"}]},{"@type":"WebSite","@id":"https:\/\/www.ahmadiyya-islam.org\/be-nl\/#website","url":"https:\/\/www.ahmadiyya-islam.org\/be-nl\/","name":"Ahmadiyya Moslim Gemeenschap Belgi\u00eb","description":"","potentialAction":[{"@type":"SearchAction","target":{"@type":"EntryPoint","urlTemplate":"https:\/\/www.ahmadiyya-islam.org\/be-nl\/?s={search_term_string}"},"query-input":{"@type":"PropertyValueSpecification","valueRequired":true,"valueName":"search_term_string"}}],"inLanguage":"nl-BE"}]}},"_links":{"self":[{"href":"https:\/\/www.ahmadiyya-islam.org\/be-nl\/wp-json\/wp\/v2\/pages\/11285","targetHints":{"allow":["GET"]}}],"collection":[{"href":"https:\/\/www.ahmadiyya-islam.org\/be-nl\/wp-json\/wp\/v2\/pages"}],"about":[{"href":"https:\/\/www.ahmadiyya-islam.org\/be-nl\/wp-json\/wp\/v2\/types\/page"}],"author":[{"embeddable":true,"href":"https:\/\/www.ahmadiyya-islam.org\/be-nl\/wp-json\/wp\/v2\/users\/11"}],"replies":[{"embeddable":true,"href":"https:\/\/www.ahmadiyya-islam.org\/be-nl\/wp-json\/wp\/v2\/comments?post=11285"}],"version-history":[{"count":2,"href":"https:\/\/www.ahmadiyya-islam.org\/be-nl\/wp-json\/wp\/v2\/pages\/11285\/revisions"}],"predecessor-version":[{"id":11299,"href":"https:\/\/www.ahmadiyya-islam.org\/be-nl\/wp-json\/wp\/v2\/pages\/11285\/revisions\/11299"}],"wp:featuredmedia":[{"embeddable":true,"href":"https:\/\/www.ahmadiyya-islam.org\/be-nl\/wp-json\/wp\/v2\/media\/11287"}],"wp:attachment":[{"href":"https:\/\/www.ahmadiyya-islam.org\/be-nl\/wp-json\/wp\/v2\/media?parent=11285"}],"curies":[{"name":"wp","href":"https:\/\/api.w.org\/{rel}","templated":true}]}}