{"id":2867,"date":"2020-04-09T19:01:31","date_gmt":"2020-04-09T19:01:31","guid":{"rendered":"https:\/\/www.ahmadiyya-islam.org\/ba\/?page_id=2867"},"modified":"2020-04-09T19:12:12","modified_gmt":"2020-04-09T19:12:12","slug":"halifat","status":"publish","type":"page","link":"https:\/\/www.ahmadiyya-islam.org\/ba\/ahmedija-dzemaat\/halifat\/","title":{"rendered":"Halifat u ahmedijatu"},"content":{"rendered":"<p>Rije\u010d \u201chalifa\u201d zna\u010di naslje\u0111ivanje ili preuzimanje slu\u017ebe, i halifa je nasljednik Allahovom Poslaniku i njegov cilj je da dovr\u0161i za-datke reforme i moralne obuke kojima je sjeme bilo zasa\u0111eno od Poslanika. Zajednica sljedbenika Allahovog Poslanika nastav-lja da uzgaja svoju vjeru i dr\u017eanje propisa pod blagoslovljenom institucijom halifata toliko dugo koliko Allah \u017eeli. Allah ka\u017ee u\u010casnom Kur\u2019anu:<\/p>\n<blockquote><p>Allah je \u010dvrsto obe\u0107ao onima od vas koji vjeruju i \u010dine dobradjela da \u0107e ih On sigurno odrediti halifama (nasljednicima) naZemlji, kao \u0161to je odredio halifama one prije njih; i da \u0107e im Onu\u010dvrstiti njihovu vjeru koju je On odabrao za njih; i da \u0107e im On nakon straha njihova u zamjenu dati sigurnost; oni \u0107e obo\u017eavati Mene, (i) ne\u0107e nikoga Meni pridru\u017eivati. I onaj koji bude nezah-valan poslije toga, pa to su oni koji su neposlu\u0161ni. (\u010casni Kur'an 24:56)<\/p><\/blockquote>\n<p>Ba\u0161 kao \u0161to Allah odre\u0111uje poslanike, On je taj koji tako\u0111er odre\u0111uje halife. On odabire osobu koja je najprikladnija da post-ane halifa, i upu\u0107uje grupu pobo\u017enih vjernika u manifestovanje Njegove volje kroz proces izbora halife. Prema tome, mo\u017ee priv-idno izgledati da je halifa odabran od grupe pobo\u017enih ljudi, ali je to ustvari Allahova volja koja upu\u0107uje njihove sposobnosti u odabiranju halife Njegovog izbora. Kad je halifa izabran, on os-taje halifa za cijeli \u017eivot kao \u017eiva oporuka Bo\u017eije volje.<\/p>\n<p>Halifat utemeljuje Allahovu vlast na Zemlji, i halifa se bori da tuvlast odr\u017ei tu unutar zajednice sljedbenika. Za vjernike halifat je utjelovljenje Allahovog jedinstva, po\u0161to oni odabiru da pri-hvataju Bo\u017eiju vlast kroz osobu halife. Vjernici sudjeluju u bla-goslovima halifata dr\u017ee\u0107i se \u010dvrsto svoje vjere i dr\u017eanja pravila, ujedinjeni pod njim.<\/p>\n","protected":false},"excerpt":{"rendered":"<p>Rije\u010d \u201chalifa\u201d zna\u010di naslje\u0111ivanje ili preuzimanje slu\u017ebe, i halifa je nasljednik Allahovom Poslaniku i njegov cilj je da dovr\u0161i za-datke reforme i moralne obuke kojima je sjeme bilo zasa\u0111eno od Poslanika. Zajednica sljedbenika Allahovog Poslanika nastav-lja da uzgaja svoju vjeru i dr\u017eanje propisa pod blagoslovljenom institucijom halifata toliko dugo koliko Allah \u017eeli. Allah ka\u017ee u\u010casnom<\/p>\n","protected":false},"author":36,"featured_media":2042,"parent":1958,"menu_order":3,"comment_status":"closed","ping_status":"closed","template":"","meta":{"_acf_changed":false,"footnotes":""},"class_list":["post-2867","page","type-page","status-publish","has-post-thumbnail","hentry"],"acf":[],"yoast_head":"<!-- This site is optimized with the Yoast SEO Premium plugin v21.1 (Yoast SEO v27.0) - https:\/\/yoast.com\/product\/yoast-seo-premium-wordpress\/ -->\n<title>Halifat<\/title>\n<meta name=\"description\" content=\"Rije\u010d \u201chalifa\u201d zna\u010di naslje\u0111ivanje ili preuzimanje slu\u017ebe, i halifa je nasljednik Allahovom Poslaniku i njegov cilj je da dovr\u0161i za-datke reforme i moralne obuke kojima je sjeme bilo zasa\u0111eno od Poslanika. Zajednica sljedbenika Allahovog Poslanika nastav-lja da uzgaja svoju vjeru i dr\u017eanje propisa pod blagoslovljenom institucijom halifata toliko dugo koliko Allah \u017eeli.\" \/>\n<meta name=\"robots\" content=\"index, follow, max-snippet:-1, max-image-preview:large, max-video-preview:-1\" \/>\n<link rel=\"canonical\" href=\"https:\/\/www.ahmadiyya-islam.org\/ba\/ahmedija-dzemaat\/halifat\/\" \/>\n<meta property=\"og:locale\" content=\"bs_BA\" \/>\n<meta property=\"og:type\" content=\"article\" \/>\n<meta property=\"og:title\" content=\"Halifat u ahmedijatu\" \/>\n<meta property=\"og:description\" content=\"Rije\u010d \u201chalifa\u201d zna\u010di naslje\u0111ivanje ili preuzimanje slu\u017ebe, i halifa je nasljednik Allahovom Poslaniku i njegov cilj je da dovr\u0161i za-datke reforme i moralne obuke kojima je sjeme bilo zasa\u0111eno od Poslanika. Zajednica sljedbenika Allahovog Poslanika nastav-lja da uzgaja svoju vjeru i dr\u017eanje propisa pod blagoslovljenom institucijom halifata toliko dugo koliko Allah \u017eeli.\" \/>\n<meta property=\"og:url\" content=\"https:\/\/www.ahmadiyya-islam.org\/ba\/ahmedija-dzemaat\/halifat\/\" \/>\n<meta property=\"og:site_name\" content=\"Ahmadija muslimanski d\u017eemat\" \/>\n<meta property=\"article:modified_time\" content=\"2020-04-09T19:12:12+00:00\" \/>\n<meta property=\"og:image\" content=\"https:\/\/www.ahmadiyya-islam.org\/ba\/wp-content\/uploads\/sites\/16\/2020\/02\/crop1.jpg\" \/>\n\t<meta property=\"og:image:width\" content=\"648\" \/>\n\t<meta property=\"og:image:height\" content=\"576\" \/>\n\t<meta property=\"og:image:type\" content=\"image\/jpeg\" \/>\n<meta name=\"twitter:card\" content=\"summary_large_image\" \/>\n<meta name=\"twitter:label1\" content=\"Est. reading time\" \/>\n\t<meta name=\"twitter:data1\" content=\"1 minuta\" \/>\n<script type=\"application\/ld+json\" class=\"yoast-schema-graph\">{\"@context\":\"https:\/\/schema.org\",\"@graph\":[{\"@type\":\"WebPage\",\"@id\":\"https:\/\/www.ahmadiyya-islam.org\/ba\/ahmedija-dzemaat\/halifat\/\",\"url\":\"https:\/\/www.ahmadiyya-islam.org\/ba\/ahmedija-dzemaat\/halifat\/\",\"name\":\"Halifat\",\"isPartOf\":{\"@id\":\"https:\/\/www.ahmadiyya-islam.org\/ba\/#website\"},\"primaryImageOfPage\":{\"@id\":\"https:\/\/www.ahmadiyya-islam.org\/ba\/ahmedija-dzemaat\/halifat\/#primaryimage\"},\"image\":{\"@id\":\"https:\/\/www.ahmadiyya-islam.org\/ba\/ahmedija-dzemaat\/halifat\/#primaryimage\"},\"thumbnailUrl\":\"https:\/\/www.ahmadiyya-islam.org\/ba\/wp-content\/uploads\/sites\/16\/2020\/02\/crop1.jpg\",\"datePublished\":\"2020-04-09T19:01:31+00:00\",\"dateModified\":\"2020-04-09T19:12:12+00:00\",\"description\":\"Rije\u010d \u201chalifa\u201d zna\u010di naslje\u0111ivanje ili preuzimanje slu\u017ebe, i halifa je nasljednik Allahovom Poslaniku i njegov cilj je da dovr\u0161i za-datke reforme i moralne obuke kojima je sjeme bilo zasa\u0111eno od Poslanika. Zajednica sljedbenika Allahovog Poslanika nastav-lja da uzgaja svoju vjeru i dr\u017eanje propisa pod blagoslovljenom institucijom halifata toliko dugo koliko Allah \u017eeli.\",\"breadcrumb\":{\"@id\":\"https:\/\/www.ahmadiyya-islam.org\/ba\/ahmedija-dzemaat\/halifat\/#breadcrumb\"},\"inLanguage\":\"bs-BA\",\"potentialAction\":[{\"@type\":\"ReadAction\",\"target\":[\"https:\/\/www.ahmadiyya-islam.org\/ba\/ahmedija-dzemaat\/halifat\/\"]}]},{\"@type\":\"ImageObject\",\"inLanguage\":\"bs-BA\",\"@id\":\"https:\/\/www.ahmadiyya-islam.org\/ba\/ahmedija-dzemaat\/halifat\/#primaryimage\",\"url\":\"https:\/\/www.ahmadiyya-islam.org\/ba\/wp-content\/uploads\/sites\/16\/2020\/02\/crop1.jpg\",\"contentUrl\":\"https:\/\/www.ahmadiyya-islam.org\/ba\/wp-content\/uploads\/sites\/16\/2020\/02\/crop1.jpg\",\"width\":648,\"height\":576,\"caption\":\"Dova, Molitva, Islam,\"},{\"@type\":\"BreadcrumbList\",\"@id\":\"https:\/\/www.ahmadiyya-islam.org\/ba\/ahmedija-dzemaat\/halifat\/#breadcrumb\",\"itemListElement\":[{\"@type\":\"ListItem\",\"position\":1,\"name\":\"Home\",\"item\":\"https:\/\/www.ahmadiyya-islam.org\/ba\/\"},{\"@type\":\"ListItem\",\"position\":2,\"name\":\"Ahmedija\",\"item\":\"https:\/\/www.ahmadiyya-islam.org\/ba\/ahmedija-dzemaat\/\"},{\"@type\":\"ListItem\",\"position\":3,\"name\":\"Halifat u ahmedijatu\"}]},{\"@type\":\"WebSite\",\"@id\":\"https:\/\/www.ahmadiyya-islam.org\/ba\/#website\",\"url\":\"https:\/\/www.ahmadiyya-islam.org\/ba\/\",\"name\":\"Ahmadija muslimanski d\u017eemat\",\"description\":\"BiH\",\"publisher\":{\"@id\":\"https:\/\/www.ahmadiyya-islam.org\/ba\/#organization\"},\"potentialAction\":[{\"@type\":\"SearchAction\",\"target\":{\"@type\":\"EntryPoint\",\"urlTemplate\":\"https:\/\/www.ahmadiyya-islam.org\/ba\/?s={search_term_string}\"},\"query-input\":{\"@type\":\"PropertyValueSpecification\",\"valueRequired\":true,\"valueName\":\"search_term_string\"}}],\"inLanguage\":\"bs-BA\"},{\"@type\":\"Organization\",\"@id\":\"https:\/\/www.ahmadiyya-islam.org\/ba\/#organization\",\"name\":\"Ahmadija muslimanski d\u017eemat\",\"url\":\"https:\/\/www.ahmadiyya-islam.org\/ba\/\",\"logo\":{\"@type\":\"ImageObject\",\"inLanguage\":\"bs-BA\",\"@id\":\"https:\/\/www.ahmadiyya-islam.org\/ba\/#\/schema\/logo\/image\/\",\"url\":\"https:\/\/www.ahmadiyya-islam.org\/ba\/wp-content\/uploads\/sites\/16\/2018\/03\/cropped-alislam-logo.jpg\",\"contentUrl\":\"https:\/\/www.ahmadiyya-islam.org\/ba\/wp-content\/uploads\/sites\/16\/2018\/03\/cropped-alislam-logo.jpg\",\"width\":512,\"height\":512,\"caption\":\"Ahmadija muslimanski d\u017eemat\"},\"image\":{\"@id\":\"https:\/\/www.ahmadiyya-islam.org\/ba\/#\/schema\/logo\/image\/\"}}]}<\/script>\n<!-- \/ Yoast SEO Premium plugin. -->","yoast_head_json":{"title":"Halifat","description":"Rije\u010d \u201chalifa\u201d zna\u010di naslje\u0111ivanje ili preuzimanje slu\u017ebe, i halifa je nasljednik Allahovom Poslaniku i njegov cilj je da dovr\u0161i za-datke reforme i moralne obuke kojima je sjeme bilo zasa\u0111eno od Poslanika. Zajednica sljedbenika Allahovog Poslanika nastav-lja da uzgaja svoju vjeru i dr\u017eanje propisa pod blagoslovljenom institucijom halifata toliko dugo koliko Allah \u017eeli.","robots":{"index":"index","follow":"follow","max-snippet":"max-snippet:-1","max-image-preview":"max-image-preview:large","max-video-preview":"max-video-preview:-1"},"canonical":"https:\/\/www.ahmadiyya-islam.org\/ba\/ahmedija-dzemaat\/halifat\/","og_locale":"bs_BA","og_type":"article","og_title":"Halifat u ahmedijatu","og_description":"Rije\u010d \u201chalifa\u201d zna\u010di naslje\u0111ivanje ili preuzimanje slu\u017ebe, i halifa je nasljednik Allahovom Poslaniku i njegov cilj je da dovr\u0161i za-datke reforme i moralne obuke kojima je sjeme bilo zasa\u0111eno od Poslanika. Zajednica sljedbenika Allahovog Poslanika nastav-lja da uzgaja svoju vjeru i dr\u017eanje propisa pod blagoslovljenom institucijom halifata toliko dugo koliko Allah \u017eeli.","og_url":"https:\/\/www.ahmadiyya-islam.org\/ba\/ahmedija-dzemaat\/halifat\/","og_site_name":"Ahmadija muslimanski d\u017eemat","article_modified_time":"2020-04-09T19:12:12+00:00","og_image":[{"width":648,"height":576,"url":"https:\/\/www.ahmadiyya-islam.org\/ba\/wp-content\/uploads\/sites\/16\/2020\/02\/crop1.jpg","type":"image\/jpeg"}],"twitter_card":"summary_large_image","twitter_misc":{"Est. reading time":"1 minuta"},"schema":{"@context":"https:\/\/schema.org","@graph":[{"@type":"WebPage","@id":"https:\/\/www.ahmadiyya-islam.org\/ba\/ahmedija-dzemaat\/halifat\/","url":"https:\/\/www.ahmadiyya-islam.org\/ba\/ahmedija-dzemaat\/halifat\/","name":"Halifat","isPartOf":{"@id":"https:\/\/www.ahmadiyya-islam.org\/ba\/#website"},"primaryImageOfPage":{"@id":"https:\/\/www.ahmadiyya-islam.org\/ba\/ahmedija-dzemaat\/halifat\/#primaryimage"},"image":{"@id":"https:\/\/www.ahmadiyya-islam.org\/ba\/ahmedija-dzemaat\/halifat\/#primaryimage"},"thumbnailUrl":"https:\/\/www.ahmadiyya-islam.org\/ba\/wp-content\/uploads\/sites\/16\/2020\/02\/crop1.jpg","datePublished":"2020-04-09T19:01:31+00:00","dateModified":"2020-04-09T19:12:12+00:00","description":"Rije\u010d \u201chalifa\u201d zna\u010di naslje\u0111ivanje ili preuzimanje slu\u017ebe, i halifa je nasljednik Allahovom Poslaniku i njegov cilj je da dovr\u0161i za-datke reforme i moralne obuke kojima je sjeme bilo zasa\u0111eno od Poslanika. Zajednica sljedbenika Allahovog Poslanika nastav-lja da uzgaja svoju vjeru i dr\u017eanje propisa pod blagoslovljenom institucijom halifata toliko dugo koliko Allah \u017eeli.","breadcrumb":{"@id":"https:\/\/www.ahmadiyya-islam.org\/ba\/ahmedija-dzemaat\/halifat\/#breadcrumb"},"inLanguage":"bs-BA","potentialAction":[{"@type":"ReadAction","target":["https:\/\/www.ahmadiyya-islam.org\/ba\/ahmedija-dzemaat\/halifat\/"]}]},{"@type":"ImageObject","inLanguage":"bs-BA","@id":"https:\/\/www.ahmadiyya-islam.org\/ba\/ahmedija-dzemaat\/halifat\/#primaryimage","url":"https:\/\/www.ahmadiyya-islam.org\/ba\/wp-content\/uploads\/sites\/16\/2020\/02\/crop1.jpg","contentUrl":"https:\/\/www.ahmadiyya-islam.org\/ba\/wp-content\/uploads\/sites\/16\/2020\/02\/crop1.jpg","width":648,"height":576,"caption":"Dova, Molitva, Islam,"},{"@type":"BreadcrumbList","@id":"https:\/\/www.ahmadiyya-islam.org\/ba\/ahmedija-dzemaat\/halifat\/#breadcrumb","itemListElement":[{"@type":"ListItem","position":1,"name":"Home","item":"https:\/\/www.ahmadiyya-islam.org\/ba\/"},{"@type":"ListItem","position":2,"name":"Ahmedija","item":"https:\/\/www.ahmadiyya-islam.org\/ba\/ahmedija-dzemaat\/"},{"@type":"ListItem","position":3,"name":"Halifat u ahmedijatu"}]},{"@type":"WebSite","@id":"https:\/\/www.ahmadiyya-islam.org\/ba\/#website","url":"https:\/\/www.ahmadiyya-islam.org\/ba\/","name":"Ahmadija muslimanski d\u017eemat","description":"BiH","publisher":{"@id":"https:\/\/www.ahmadiyya-islam.org\/ba\/#organization"},"potentialAction":[{"@type":"SearchAction","target":{"@type":"EntryPoint","urlTemplate":"https:\/\/www.ahmadiyya-islam.org\/ba\/?s={search_term_string}"},"query-input":{"@type":"PropertyValueSpecification","valueRequired":true,"valueName":"search_term_string"}}],"inLanguage":"bs-BA"},{"@type":"Organization","@id":"https:\/\/www.ahmadiyya-islam.org\/ba\/#organization","name":"Ahmadija muslimanski d\u017eemat","url":"https:\/\/www.ahmadiyya-islam.org\/ba\/","logo":{"@type":"ImageObject","inLanguage":"bs-BA","@id":"https:\/\/www.ahmadiyya-islam.org\/ba\/#\/schema\/logo\/image\/","url":"https:\/\/www.ahmadiyya-islam.org\/ba\/wp-content\/uploads\/sites\/16\/2018\/03\/cropped-alislam-logo.jpg","contentUrl":"https:\/\/www.ahmadiyya-islam.org\/ba\/wp-content\/uploads\/sites\/16\/2018\/03\/cropped-alislam-logo.jpg","width":512,"height":512,"caption":"Ahmadija muslimanski d\u017eemat"},"image":{"@id":"https:\/\/www.ahmadiyya-islam.org\/ba\/#\/schema\/logo\/image\/"}}]}},"_links":{"self":[{"href":"https:\/\/www.ahmadiyya-islam.org\/ba\/wp-json\/wp\/v2\/pages\/2867","targetHints":{"allow":["GET"]}}],"collection":[{"href":"https:\/\/www.ahmadiyya-islam.org\/ba\/wp-json\/wp\/v2\/pages"}],"about":[{"href":"https:\/\/www.ahmadiyya-islam.org\/ba\/wp-json\/wp\/v2\/types\/page"}],"author":[{"embeddable":true,"href":"https:\/\/www.ahmadiyya-islam.org\/ba\/wp-json\/wp\/v2\/users\/36"}],"replies":[{"embeddable":true,"href":"https:\/\/www.ahmadiyya-islam.org\/ba\/wp-json\/wp\/v2\/comments?post=2867"}],"version-history":[{"count":0,"href":"https:\/\/www.ahmadiyya-islam.org\/ba\/wp-json\/wp\/v2\/pages\/2867\/revisions"}],"up":[{"embeddable":true,"href":"https:\/\/www.ahmadiyya-islam.org\/ba\/wp-json\/wp\/v2\/pages\/1958"}],"wp:featuredmedia":[{"embeddable":true,"href":"https:\/\/www.ahmadiyya-islam.org\/ba\/wp-json\/wp\/v2\/media\/2042"}],"wp:attachment":[{"href":"https:\/\/www.ahmadiyya-islam.org\/ba\/wp-json\/wp\/v2\/media?parent=2867"}],"curies":[{"name":"wp","href":"https:\/\/api.w.org\/{rel}","templated":true}]}}