{"id":2865,"date":"2020-04-09T18:47:55","date_gmt":"2020-04-09T18:47:55","guid":{"rendered":"https:\/\/www.ahmadiyya-islam.org\/ba\/?page_id=2865"},"modified":"2020-04-09T19:08:25","modified_gmt":"2020-04-09T19:08:25","slug":"deset-uvjeti-baiata","status":"publish","type":"page","link":"https:\/\/www.ahmadiyya-islam.org\/ba\/ahmedija-dzemaat\/deset-uvjeti-baiata\/","title":{"rendered":"Deset uvjeti Bai'ata"},"content":{"rendered":"<p style=\"text-align: center\">Pristup u Ahmadija muslimanski d\u017eemat<\/p>\n<ol>\n<li>Onaj koji ulazi\u00a0 sve\u010dano \u0107e obe\u0107ati da \u0107e se uzdr\u017eati od \u0161irka(pripisivanja partnera Bogu) sve do groba.<\/li>\n<li>Obe\u0107at \u0107e da \u0107e se \u010duvati bluda, brakolomstva, grijeha o\u010diju, razvrata, razuzdanosti, okrutnosti, neiskrenosti, stvaranja nereda i bune i da sebi ne\u0107e dopustiti da bude zaveden strastima nafsa koliko god jake bile.<\/li>\n<li>Obe\u0107at \u0107e da \u0107e redovno obavljati pet dnevnih namaza prema Bo\u017eijim naredbama i naredbama \u010casnog Poslanika Muhammeda s.a.v.s. i da \u0107e nastojati koliko najvi\u0161e mo\u017ee da bude redovan u obavljanju tahad\u017euda i prizivanju daruuda (salavata) na svog \u010casnog Poslanika s.a.v.s.; da \u0107e redovno i neprestano tra\u017eiti oprost za svoje grijehe i \u010diniti istighfar, da \u0107e se sje\u0107ati Bo\u017eijih blagodati i da \u0107e Ga hvaliti i veli\u010dati.<\/li>\n<li>Obe\u0107at \u0107e da pod utjecajem bilo koje strasti ne\u0107e izazvati \u0161tetu bilo kojem Allahovom stvorenju uop\u0107e, a muslimanima posebno ni svojim jezikom, ni rukama, ni na bilo koji drugi na\u010din.<\/li>\n<li>Obe\u0107at \u0107e da \u0107e ostati vjeran Bogu u svim \u017eivotnim uvjetima, u \u017ealosti i radosti, u te\u0161ko\u0107i i udobnosti, u blagostanju i ku\u0161njama, da \u0107e u svim uvjetima biti zadovoljan Allahovom odredbom i da \u0107e biti spreman suo\u010diti se sa svim vrstama poni\u017eenja i patnji na Njegovom putu i da se nikada ne\u0107e okrenuti od Njega pod naletom nevolje, da \u0107e, nasuprot tome, uvijek mar\u0161irati naprijed.<\/li>\n<li>Obe\u0107at \u0107e da \u0107e se uzdr\u017eati od povo\u0111enja za novotarijama i po\u017eudnim sklonostima i da \u0107e se potpuno podvr\u0107i vlasti \u010casnog Kur\u2019ana, i da \u0107e Bo\u017eiju Rije\u010d i rije\u010di \u010casnog Poslanika s.a.v.s. u\u010diniti vode\u0107im principima u svakom svom \u017eivotnom polo\u017eaju.<\/li>\n<li>Obe\u0107at \u0107e da \u0107e potpuno napustiti ponos i samodopadanje i da \u0107e svoj \u017eivot provesti u skromnosti, poniznosti, vedrini, popustljivosti(strpljivosti) i krotkosti(blagosti).<\/li>\n<li>Obe\u0107at \u0107e da \u0107e mu vjera, \u010dast vjere i ljubav prema islamu biti dra\u017ei od njegovog \u017eivota, imetka, \u010dasti, djece i svega drugog \u0161to mu je drago.<\/li>\n<li>Obe\u0107at \u0107e da \u0107e slu\u017eiti Bo\u017eijim stvorenjima samo radi Allaha, i da \u0107e \u010diniti korist \u010dovje\u010danstvu koliko god mu je sposobnosti i mo\u0107i Allah podario.<\/li>\n<li>Obe\u0107at \u0107e da \u0107e stupiti u ovu vezu bratstva s ovim poniznim Bo\u017eijim slugom, obavezuju\u0107i se na poslu\u0161nost meni, u svemu dobrom, u ime Allaha, i da \u0107e tome ostati vjeran do dana svoje smrti; da \u0107e pokazati tako veliku odanost u ovoj vezi bratstva kakva se ne mo\u017ee na\u0107i u bilo kojim drugim ovosvjetskim odnosima i vezama, \u0161to zahtijeva vjernu poslu\u0161nost.<\/li>\n<\/ol>\n","protected":false},"excerpt":{"rendered":"<p>Pristup u Ahmadija muslimanski d\u017eemat Onaj koji ulazi\u00a0 sve\u010dano \u0107e obe\u0107ati da \u0107e se uzdr\u017eati od \u0161irka(pripisivanja partnera Bogu) sve do groba. Obe\u0107at \u0107e da \u0107e se \u010duvati bluda, brakolomstva, grijeha o\u010diju, razvrata, razuzdanosti, okrutnosti, neiskrenosti, stvaranja nereda i bune i da sebi ne\u0107e dopustiti da bude zaveden strastima nafsa koliko god jake bile. Obe\u0107at<\/p>\n","protected":false},"author":36,"featured_media":2063,"parent":1958,"menu_order":2,"comment_status":"closed","ping_status":"closed","template":"","meta":{"_acf_changed":false,"footnotes":""},"class_list":["post-2865","page","type-page","status-publish","has-post-thumbnail","hentry"],"acf":[],"yoast_head":"<!-- This site is optimized with the Yoast SEO Premium plugin v21.1 (Yoast SEO v27.4) - https:\/\/yoast.com\/product\/yoast-seo-premium-wordpress\/ -->\n<title>Deset uvjeti Bai&#039;ata-Pristup u Ahmadija muslimanski d\u017eemat<\/title>\n<meta name=\"description\" content=\"Obe\u0107at \u0107e da \u0107e stupiti u ovu vezu bratstva s ovim poniznim Bo\u017eijim slugom, obavezuju\u0107i se na poslu\u0161nost meni, u svemu dobrom, u ime Allaha, i da \u0107e tome ostati vjeran do dana svoje smrti; da \u0107e pokazati tako veliku odanost u ovoj vezi bratstva kakva se ne mo\u017ee na\u0107i u bilo kojim drugim ovosvjetskim odnosima i vezama, \u0161to zahtijeva vjernu poslu\u0161nost.\" \/>\n<meta name=\"robots\" content=\"index, follow, max-snippet:-1, max-image-preview:large, max-video-preview:-1\" \/>\n<link rel=\"canonical\" href=\"https:\/\/www.ahmadiyya-islam.org\/ba\/ahmedija-dzemaat\/deset-uvjeti-baiata\/\" \/>\n<meta property=\"og:locale\" content=\"bs_BA\" \/>\n<meta property=\"og:type\" content=\"article\" \/>\n<meta property=\"og:title\" content=\"Deset uvjeti Bai&#039;ata\" \/>\n<meta property=\"og:description\" content=\"Obe\u0107at \u0107e da \u0107e stupiti u ovu vezu bratstva s ovim poniznim Bo\u017eijim slugom, obavezuju\u0107i se na poslu\u0161nost meni, u svemu dobrom, u ime Allaha, i da \u0107e tome ostati vjeran do dana svoje smrti; da \u0107e pokazati tako veliku odanost u ovoj vezi bratstva kakva se ne mo\u017ee na\u0107i u bilo kojim drugim ovosvjetskim odnosima i vezama, \u0161to zahtijeva vjernu poslu\u0161nost.\" \/>\n<meta property=\"og:url\" content=\"https:\/\/www.ahmadiyya-islam.org\/ba\/ahmedija-dzemaat\/deset-uvjeti-baiata\/\" \/>\n<meta property=\"og:site_name\" content=\"Ahmadija muslimanski d\u017eemat\" \/>\n<meta property=\"article:modified_time\" content=\"2020-04-09T19:08:25+00:00\" \/>\n<meta property=\"og:image\" content=\"https:\/\/www.ahmadiyya-islam.org\/ba\/wp-content\/uploads\/sites\/16\/2020\/03\/baiat-new.jpg\" \/>\n\t<meta property=\"og:image:width\" content=\"1200\" \/>\n\t<meta property=\"og:image:height\" content=\"801\" \/>\n\t<meta property=\"og:image:type\" content=\"image\/jpeg\" \/>\n<meta name=\"twitter:card\" content=\"summary_large_image\" \/>\n<meta name=\"twitter:label1\" content=\"Est. reading time\" \/>\n\t<meta name=\"twitter:data1\" content=\"2 minute\" \/>\n<script type=\"application\/ld+json\" class=\"yoast-schema-graph\">{\"@context\":\"https:\\\/\\\/schema.org\",\"@graph\":[{\"@type\":\"WebPage\",\"@id\":\"https:\\\/\\\/www.ahmadiyya-islam.org\\\/ba\\\/ahmedija-dzemaat\\\/deset-uvjeti-baiata\\\/\",\"url\":\"https:\\\/\\\/www.ahmadiyya-islam.org\\\/ba\\\/ahmedija-dzemaat\\\/deset-uvjeti-baiata\\\/\",\"name\":\"Deset uvjeti Bai'ata-Pristup u Ahmadija muslimanski d\u017eemat\",\"isPartOf\":{\"@id\":\"https:\\\/\\\/www.ahmadiyya-islam.org\\\/ba\\\/#website\"},\"primaryImageOfPage\":{\"@id\":\"https:\\\/\\\/www.ahmadiyya-islam.org\\\/ba\\\/ahmedija-dzemaat\\\/deset-uvjeti-baiata\\\/#primaryimage\"},\"image\":{\"@id\":\"https:\\\/\\\/www.ahmadiyya-islam.org\\\/ba\\\/ahmedija-dzemaat\\\/deset-uvjeti-baiata\\\/#primaryimage\"},\"thumbnailUrl\":\"https:\\\/\\\/www.ahmadiyya-islam.org\\\/ba\\\/wp-content\\\/uploads\\\/sites\\\/16\\\/2020\\\/03\\\/baiat-new.jpg\",\"datePublished\":\"2020-04-09T18:47:55+00:00\",\"dateModified\":\"2020-04-09T19:08:25+00:00\",\"description\":\"Obe\u0107at \u0107e da \u0107e stupiti u ovu vezu bratstva s ovim poniznim Bo\u017eijim slugom, obavezuju\u0107i se na poslu\u0161nost meni, u svemu dobrom, u ime Allaha, i da \u0107e tome ostati vjeran do dana svoje smrti; da \u0107e pokazati tako veliku odanost u ovoj vezi bratstva kakva se ne mo\u017ee na\u0107i u bilo kojim drugim ovosvjetskim odnosima i vezama, \u0161to zahtijeva vjernu poslu\u0161nost.\",\"breadcrumb\":{\"@id\":\"https:\\\/\\\/www.ahmadiyya-islam.org\\\/ba\\\/ahmedija-dzemaat\\\/deset-uvjeti-baiata\\\/#breadcrumb\"},\"inLanguage\":\"bs-BA\",\"potentialAction\":[{\"@type\":\"ReadAction\",\"target\":[\"https:\\\/\\\/www.ahmadiyya-islam.org\\\/ba\\\/ahmedija-dzemaat\\\/deset-uvjeti-baiata\\\/\"]}]},{\"@type\":\"ImageObject\",\"inLanguage\":\"bs-BA\",\"@id\":\"https:\\\/\\\/www.ahmadiyya-islam.org\\\/ba\\\/ahmedija-dzemaat\\\/deset-uvjeti-baiata\\\/#primaryimage\",\"url\":\"https:\\\/\\\/www.ahmadiyya-islam.org\\\/ba\\\/wp-content\\\/uploads\\\/sites\\\/16\\\/2020\\\/03\\\/baiat-new.jpg\",\"contentUrl\":\"https:\\\/\\\/www.ahmadiyya-islam.org\\\/ba\\\/wp-content\\\/uploads\\\/sites\\\/16\\\/2020\\\/03\\\/baiat-new.jpg\",\"width\":1200,\"height\":801,\"caption\":\"Bai'at u islamu\"},{\"@type\":\"BreadcrumbList\",\"@id\":\"https:\\\/\\\/www.ahmadiyya-islam.org\\\/ba\\\/ahmedija-dzemaat\\\/deset-uvjeti-baiata\\\/#breadcrumb\",\"itemListElement\":[{\"@type\":\"ListItem\",\"position\":1,\"name\":\"Home\",\"item\":\"https:\\\/\\\/www.ahmadiyya-islam.org\\\/ba\\\/\"},{\"@type\":\"ListItem\",\"position\":2,\"name\":\"Ahmedija\",\"item\":\"https:\\\/\\\/www.ahmadiyya-islam.org\\\/ba\\\/ahmedija-dzemaat\\\/\"},{\"@type\":\"ListItem\",\"position\":3,\"name\":\"Deset uvjeti Bai'ata\"}]},{\"@type\":\"WebSite\",\"@id\":\"https:\\\/\\\/www.ahmadiyya-islam.org\\\/ba\\\/#website\",\"url\":\"https:\\\/\\\/www.ahmadiyya-islam.org\\\/ba\\\/\",\"name\":\"Ahmadija muslimanski d\u017eemat\",\"description\":\"BiH\",\"publisher\":{\"@id\":\"https:\\\/\\\/www.ahmadiyya-islam.org\\\/ba\\\/#organization\"},\"potentialAction\":[{\"@type\":\"SearchAction\",\"target\":{\"@type\":\"EntryPoint\",\"urlTemplate\":\"https:\\\/\\\/www.ahmadiyya-islam.org\\\/ba\\\/?s={search_term_string}\"},\"query-input\":{\"@type\":\"PropertyValueSpecification\",\"valueRequired\":true,\"valueName\":\"search_term_string\"}}],\"inLanguage\":\"bs-BA\"},{\"@type\":\"Organization\",\"@id\":\"https:\\\/\\\/www.ahmadiyya-islam.org\\\/ba\\\/#organization\",\"name\":\"Ahmadija muslimanski d\u017eemat\",\"url\":\"https:\\\/\\\/www.ahmadiyya-islam.org\\\/ba\\\/\",\"logo\":{\"@type\":\"ImageObject\",\"inLanguage\":\"bs-BA\",\"@id\":\"https:\\\/\\\/www.ahmadiyya-islam.org\\\/ba\\\/#\\\/schema\\\/logo\\\/image\\\/\",\"url\":\"https:\\\/\\\/www.ahmadiyya-islam.org\\\/ba\\\/wp-content\\\/uploads\\\/sites\\\/16\\\/2018\\\/03\\\/cropped-alislam-logo.jpg\",\"contentUrl\":\"https:\\\/\\\/www.ahmadiyya-islam.org\\\/ba\\\/wp-content\\\/uploads\\\/sites\\\/16\\\/2018\\\/03\\\/cropped-alislam-logo.jpg\",\"width\":512,\"height\":512,\"caption\":\"Ahmadija muslimanski d\u017eemat\"},\"image\":{\"@id\":\"https:\\\/\\\/www.ahmadiyya-islam.org\\\/ba\\\/#\\\/schema\\\/logo\\\/image\\\/\"}}]}<\/script>\n<!-- \/ Yoast SEO Premium plugin. -->","yoast_head_json":{"title":"Deset uvjeti Bai'ata-Pristup u Ahmadija muslimanski d\u017eemat","description":"Obe\u0107at \u0107e da \u0107e stupiti u ovu vezu bratstva s ovim poniznim Bo\u017eijim slugom, obavezuju\u0107i se na poslu\u0161nost meni, u svemu dobrom, u ime Allaha, i da \u0107e tome ostati vjeran do dana svoje smrti; da \u0107e pokazati tako veliku odanost u ovoj vezi bratstva kakva se ne mo\u017ee na\u0107i u bilo kojim drugim ovosvjetskim odnosima i vezama, \u0161to zahtijeva vjernu poslu\u0161nost.","robots":{"index":"index","follow":"follow","max-snippet":"max-snippet:-1","max-image-preview":"max-image-preview:large","max-video-preview":"max-video-preview:-1"},"canonical":"https:\/\/www.ahmadiyya-islam.org\/ba\/ahmedija-dzemaat\/deset-uvjeti-baiata\/","og_locale":"bs_BA","og_type":"article","og_title":"Deset uvjeti Bai'ata","og_description":"Obe\u0107at \u0107e da \u0107e stupiti u ovu vezu bratstva s ovim poniznim Bo\u017eijim slugom, obavezuju\u0107i se na poslu\u0161nost meni, u svemu dobrom, u ime Allaha, i da \u0107e tome ostati vjeran do dana svoje smrti; da \u0107e pokazati tako veliku odanost u ovoj vezi bratstva kakva se ne mo\u017ee na\u0107i u bilo kojim drugim ovosvjetskim odnosima i vezama, \u0161to zahtijeva vjernu poslu\u0161nost.","og_url":"https:\/\/www.ahmadiyya-islam.org\/ba\/ahmedija-dzemaat\/deset-uvjeti-baiata\/","og_site_name":"Ahmadija muslimanski d\u017eemat","article_modified_time":"2020-04-09T19:08:25+00:00","og_image":[{"width":1200,"height":801,"url":"https:\/\/www.ahmadiyya-islam.org\/ba\/wp-content\/uploads\/sites\/16\/2020\/03\/baiat-new.jpg","type":"image\/jpeg"}],"twitter_card":"summary_large_image","twitter_misc":{"Est. reading time":"2 minute"},"schema":{"@context":"https:\/\/schema.org","@graph":[{"@type":"WebPage","@id":"https:\/\/www.ahmadiyya-islam.org\/ba\/ahmedija-dzemaat\/deset-uvjeti-baiata\/","url":"https:\/\/www.ahmadiyya-islam.org\/ba\/ahmedija-dzemaat\/deset-uvjeti-baiata\/","name":"Deset uvjeti Bai'ata-Pristup u Ahmadija muslimanski d\u017eemat","isPartOf":{"@id":"https:\/\/www.ahmadiyya-islam.org\/ba\/#website"},"primaryImageOfPage":{"@id":"https:\/\/www.ahmadiyya-islam.org\/ba\/ahmedija-dzemaat\/deset-uvjeti-baiata\/#primaryimage"},"image":{"@id":"https:\/\/www.ahmadiyya-islam.org\/ba\/ahmedija-dzemaat\/deset-uvjeti-baiata\/#primaryimage"},"thumbnailUrl":"https:\/\/www.ahmadiyya-islam.org\/ba\/wp-content\/uploads\/sites\/16\/2020\/03\/baiat-new.jpg","datePublished":"2020-04-09T18:47:55+00:00","dateModified":"2020-04-09T19:08:25+00:00","description":"Obe\u0107at \u0107e da \u0107e stupiti u ovu vezu bratstva s ovim poniznim Bo\u017eijim slugom, obavezuju\u0107i se na poslu\u0161nost meni, u svemu dobrom, u ime Allaha, i da \u0107e tome ostati vjeran do dana svoje smrti; da \u0107e pokazati tako veliku odanost u ovoj vezi bratstva kakva se ne mo\u017ee na\u0107i u bilo kojim drugim ovosvjetskim odnosima i vezama, \u0161to zahtijeva vjernu poslu\u0161nost.","breadcrumb":{"@id":"https:\/\/www.ahmadiyya-islam.org\/ba\/ahmedija-dzemaat\/deset-uvjeti-baiata\/#breadcrumb"},"inLanguage":"bs-BA","potentialAction":[{"@type":"ReadAction","target":["https:\/\/www.ahmadiyya-islam.org\/ba\/ahmedija-dzemaat\/deset-uvjeti-baiata\/"]}]},{"@type":"ImageObject","inLanguage":"bs-BA","@id":"https:\/\/www.ahmadiyya-islam.org\/ba\/ahmedija-dzemaat\/deset-uvjeti-baiata\/#primaryimage","url":"https:\/\/www.ahmadiyya-islam.org\/ba\/wp-content\/uploads\/sites\/16\/2020\/03\/baiat-new.jpg","contentUrl":"https:\/\/www.ahmadiyya-islam.org\/ba\/wp-content\/uploads\/sites\/16\/2020\/03\/baiat-new.jpg","width":1200,"height":801,"caption":"Bai'at u islamu"},{"@type":"BreadcrumbList","@id":"https:\/\/www.ahmadiyya-islam.org\/ba\/ahmedija-dzemaat\/deset-uvjeti-baiata\/#breadcrumb","itemListElement":[{"@type":"ListItem","position":1,"name":"Home","item":"https:\/\/www.ahmadiyya-islam.org\/ba\/"},{"@type":"ListItem","position":2,"name":"Ahmedija","item":"https:\/\/www.ahmadiyya-islam.org\/ba\/ahmedija-dzemaat\/"},{"@type":"ListItem","position":3,"name":"Deset uvjeti Bai'ata"}]},{"@type":"WebSite","@id":"https:\/\/www.ahmadiyya-islam.org\/ba\/#website","url":"https:\/\/www.ahmadiyya-islam.org\/ba\/","name":"Ahmadija muslimanski d\u017eemat","description":"BiH","publisher":{"@id":"https:\/\/www.ahmadiyya-islam.org\/ba\/#organization"},"potentialAction":[{"@type":"SearchAction","target":{"@type":"EntryPoint","urlTemplate":"https:\/\/www.ahmadiyya-islam.org\/ba\/?s={search_term_string}"},"query-input":{"@type":"PropertyValueSpecification","valueRequired":true,"valueName":"search_term_string"}}],"inLanguage":"bs-BA"},{"@type":"Organization","@id":"https:\/\/www.ahmadiyya-islam.org\/ba\/#organization","name":"Ahmadija muslimanski d\u017eemat","url":"https:\/\/www.ahmadiyya-islam.org\/ba\/","logo":{"@type":"ImageObject","inLanguage":"bs-BA","@id":"https:\/\/www.ahmadiyya-islam.org\/ba\/#\/schema\/logo\/image\/","url":"https:\/\/www.ahmadiyya-islam.org\/ba\/wp-content\/uploads\/sites\/16\/2018\/03\/cropped-alislam-logo.jpg","contentUrl":"https:\/\/www.ahmadiyya-islam.org\/ba\/wp-content\/uploads\/sites\/16\/2018\/03\/cropped-alislam-logo.jpg","width":512,"height":512,"caption":"Ahmadija muslimanski d\u017eemat"},"image":{"@id":"https:\/\/www.ahmadiyya-islam.org\/ba\/#\/schema\/logo\/image\/"}}]}},"_links":{"self":[{"href":"https:\/\/www.ahmadiyya-islam.org\/ba\/wp-json\/wp\/v2\/pages\/2865","targetHints":{"allow":["GET"]}}],"collection":[{"href":"https:\/\/www.ahmadiyya-islam.org\/ba\/wp-json\/wp\/v2\/pages"}],"about":[{"href":"https:\/\/www.ahmadiyya-islam.org\/ba\/wp-json\/wp\/v2\/types\/page"}],"author":[{"embeddable":true,"href":"https:\/\/www.ahmadiyya-islam.org\/ba\/wp-json\/wp\/v2\/users\/36"}],"replies":[{"embeddable":true,"href":"https:\/\/www.ahmadiyya-islam.org\/ba\/wp-json\/wp\/v2\/comments?post=2865"}],"version-history":[{"count":0,"href":"https:\/\/www.ahmadiyya-islam.org\/ba\/wp-json\/wp\/v2\/pages\/2865\/revisions"}],"up":[{"embeddable":true,"href":"https:\/\/www.ahmadiyya-islam.org\/ba\/wp-json\/wp\/v2\/pages\/1958"}],"wp:featuredmedia":[{"embeddable":true,"href":"https:\/\/www.ahmadiyya-islam.org\/ba\/wp-json\/wp\/v2\/media\/2063"}],"wp:attachment":[{"href":"https:\/\/www.ahmadiyya-islam.org\/ba\/wp-json\/wp\/v2\/media?parent=2865"}],"curies":[{"name":"wp","href":"https:\/\/api.w.org\/{rel}","templated":true}]}}