{"id":2861,"date":"2020-04-09T18:28:01","date_gmt":"2020-04-09T18:28:01","guid":{"rendered":"https:\/\/www.ahmadiyya-islam.org\/ba\/?page_id=2861"},"modified":"2020-04-10T18:44:33","modified_gmt":"2020-04-10T18:44:33","slug":"obecani-mesija-a-s","status":"publish","type":"page","link":"https:\/\/www.ahmadiyya-islam.org\/ba\/ahmedija-dzemaat\/obecani-mesija-a-s\/","title":{"rendered":"Obe\u0107ani Mesija a.s."},"content":{"rendered":"<p>Puno ime Ahmada a.s., osniva\u010da Ahmadija pokreta, bilo je hazreti Mirza Ghulam Ahmad a.s. Ro\u0111en je 1835. godine\u00a0 u poljoprivrednom Pend\u017eabu, Kadijanu, Indija. \u00a0Njegov otac je bio Mirza Ghulam Murtaza. Bio je ro\u0111en kao blizanac, u petak. Njegova sestra bliznakinja umrla je malo poslije ro\u0111enja.On je bio ro\u0111en u doba mraka d\u017eahilijeta, kada se malo brige pridavalo u\u010denju.<\/p>\n<p>U vrijeme vladavine Sika, ako bi osoba primila pismo od prijatelja, morao bi sebe izlo\u017eiti prili\u010dnom naporu da ga pro\u010dita i pisma bi \u010desto ostajala zadugo nede\u0161ifrirana zbog toga. Mnogi iz vi\u0161e klase su ostali nepismeni tokom cijelog \u017eivota. Ali kako je to bila volja Sveznaju\u0107eg da je hazreti Ahmad a.s. trebao biti pripremljen da provede va\u017enu Bo\u017eiju misiju, on je usadio u glavu Ahmadovog oca da treba osigurati neku mogu\u0107nost za njegovo obrazovanje.<\/p>\n<p>Tako se dogodilo da, uprkos svim ovosvjetskim brigama, \u010dak u to vrijeme neznanja, njegov otac nije zanemario potrebu da osigura sredstva za njegovo obrazovanje koje je smatrano dovoljnim u to vrijeme. \u00a0On je jo\u0161 bio dijete kad je njegov otac uposlio jednog u\u010ditelja po imenu FazilIlahi. Od njega je nau\u010dio \u010ditati \u010casni Kur\u2019an i nekoliko pezijskih knjiga.<\/p>\n<p>Kada je imao 10 godina, za njega je bio unajmljen drugi u\u010ditelj, Fazal Ahmad, koji je bio vrlo dobar i pobo\u017ean \u010dovjek i prema hazreti Ahmadovoj a.s. vlastitoj procjeni, u\u010dio ga s velikom marljivo\u0161\u0107u i pa\u017enjom. S ovim gospodinom on je pro\u010ditao nekoliko knjiga arapske gramatike. Kad je imao 17 ili 18 godina, bio mu je unajmljen jo\u0161 jedan u\u010ditelj po imenu Gul Ali \u0160ah. Od njega je nau\u010dio vi\u0161e o arapskoj gramatici, a tako\u0111er je prou\u010davao logiku i filozofiju.<\/p>\n<p>Hazreti Mirza Ghulam Ahmed a.s., je sve svoje vrijeme posvetio prou\u010davanju \u010casnog Kur'ana i \u017eivotu u molitvi i predanosti. Bio je duboko zadubljen u prou\u010davanje Kur'ana i \u010desto je bio vi\u0111en u d\u017eamiji \u017earko i ponizno se mole\u0107i Bogu, tako da su ga ljudi imali obi\u010daj zvati &#8216;Maseetar&#8217;, \u0161to zna\u010di osoba koja je zaljubljena u d\u017eamiju. \u00a0Bilo mu je samo 40 godina kad se 1876. godine njegov otac razbolio i premda bolest nije bila ozbiljna, od Boga mu je do\u0161la objava na arapskom jeziku, koja je u prijevodu zna\u010dila:&#8221;Kunem se no\u0107u; a \u0161ta ti zna\u0161 \u0161ta \u0107e se dogoditi u toku no\u0107i.\u201d<\/p>\n<p>Iz ovog je razumio da je ova objava predskazivala smrt njegovog \u00a0oca, koja je trebala da se dogodi poslije ak\u0161ama. Ovo je bila prva usmena objava koja mu je do\u0161la, premda je prije ovog imao mnoge istinske snove, koji su se jasno ispunili u svoja odgovaraju\u0107a vremena, a \u010demu su bili svjedoci \u010dak pripadnici hindu i sik vjera, od kojih su mnogi jo\u0161 \u017eivi.<\/p>\n<p>Njegove moralne osobine su bile na viskom nivou. Njegova redovna navika da najve\u0107i dio svoje hrane razdijeli siroma\u0161nima. Ponekad bi za sebe ostavio samo mali dio \u0107apati (pljosnata lepinja), ne vi\u0161e od 70 grama po te\u017eini. Drugi put bi opet podijelio svu svoju hranu i sam bi ostao s nekoliko zrna pe\u010denog sjemena. Tako se oko njega skupljalo nekoliko siroma\u0161nih ljudi koji su postali njegovi stalni drugovi.U ovo vrijeme Obe\u0107ani Mesija je zapo\u010deo svoj rad u slu\u017ebi islama \u0161alju\u0107i \u010dlanke raznim novinama u kojima je opovrgavao napade kr\u0161\u0107ana i arijasa protiv islama. Ovim je njegovo ime postalo popularno u narodu, ali je on nastavio \u017eivjeti povu\u010den i rijetko bi se pojavljivao u javnosti. Sve svoje vrijeme je provodio u malom natkrivenom d\u017eamijskom prolazu ili u ku\u0107i.<\/p>\n<p>Godine 1882. hazreti Mirza Ghulam Ahmed a.s. je prvi put saznao, putem objave, da je Allah njega odredio da bude uzvi\u0161eni Reformator i da pred njim stoji dug i te\u017eak zadatak. Godine 1889. on je, po Bo\u017eijoj naredbi, utemeljio pobo\u017enu\u00a0 zajednicu poznatu kao Ahmedija pokret u islamu.<\/p>\n<p>Uvi\u0111aju\u0107i da je Islam napadnut sa svih strana, blagostanje muslimana na niskim granama, da vjera uzmi\u010de sumnjama, a da je religija samo povr\u0161na, on je poduzeo odbranu i tuma\u010denje Islama, prvo u svom epohalnom djelu Braheen-e -Ahmadija, koje je kasnije pro\u0161ireno u pet toma.<\/p>\n<p>On je rekao da je Islam \u017eiva religija, da \u010dovjek koji je slijedi mo\u017ee uspostaviti kontakt sa svojim Stvaraocem. U\u010denja sadr\u017eana u \u010casnom Kur'anu i Zakonu nastalom iz Islama imaju za cilj podi\u0107i \u010dovjeka do moralnog, intelektualnog i duhovnog savr\u0161enstva.<\/p>\n<p>On je zatim objavio da ga je Bog odredio za Mesiju, kako je i spomenuto u predskazanjima Biblije i \u010casnog Kur'ana. U 1889. godini po\u010deo je primati prve pristalice u svoju Zajednicu, koja je sada uspostavljena u vi\u0161e od 213 zemalja \u0161irom svijeta.<br \/>\nNapisao je preko 80 knjiga od kojih je ve\u0107ina na urdu, dok su neke napisane na arapskom i perzijskom jeziku. Godine 1901. vr\u0161en je popis stanovni\u0161tva. Obe\u0107ani Mesija a.s. je izdao nalog svojim sljedbenicima s uputom da se u popisni materijal izja\u0161njavaju pod titulom Ahmadi muslimani. Tako je razlikovao svoje sljedbenike me\u0111u ostalim muslimanima dodjeljuju\u0107i im titulu Ahmadi.<\/p>\n<p>U deset sati i trideset minuta, ujutru, 26.maja 1908. godine njegova \u010dasna du\u0161a je oti\u0161la svome Uzvi\u0161enom Gospodaru, \u010dijoj religiji je posvetio sav svoj \u017eivot, slu\u017ee\u0107i na tom putu. Allahu pripadamo i Njemu \u0107emo se vratiti. Sve vrijeme na njegovim usnama bila je samo jedna rije\u010d, a ta rije\u010d je bila \u201cAllah\u201d. Bio je poslan od Boga kao ispunjenje predskazanja sadr\u017eanih u Bibliji, \u010casnom Kur\u2019anu i hadisima, sa posebnim zadatkom ponovnog otkrivanja islama u njegovoj prvobitnoj \u010disto\u0107i i ljepoti, i da ljude vrati natrag njihovom Stvaraocu.<\/p>\n","protected":false},"excerpt":{"rendered":"<p>Puno ime Ahmada a.s., osniva\u010da Ahmadija pokreta, bilo je hazreti Mirza Ghulam Ahmad a.s. Ro\u0111en je 1835. godine\u00a0 u poljoprivrednom Pend\u017eabu, Kadijanu, Indija. \u00a0Njegov otac je bio Mirza Ghulam Murtaza. Bio je ro\u0111en kao blizanac, u petak. Njegova sestra bliznakinja umrla je malo poslije ro\u0111enja.On je bio ro\u0111en u doba mraka d\u017eahilijeta, kada se malo<\/p>\n","protected":false},"author":36,"featured_media":2863,"parent":1958,"menu_order":1,"comment_status":"closed","ping_status":"closed","template":"","meta":{"_acf_changed":false,"footnotes":""},"class_list":["post-2861","page","type-page","status-publish","has-post-thumbnail","hentry"],"acf":[],"yoast_head":"<!-- This site is optimized with the Yoast SEO Premium plugin v21.1 (Yoast SEO v27.4) - https:\/\/yoast.com\/product\/yoast-seo-premium-wordpress\/ -->\n<title>Obe\u0107ani Mesija a.s.<\/title>\n<meta name=\"description\" content=\"On je bio darovan Bo\u017eijim objavama. Jedna od Njegovih objava je glasila: \u2018Ja \u0107u tebi dati veliko udru\u017eenje islama.\u2019 U to vrijeme je samo \u0161a\u010dica ljudi prihvatilo Ahmadijat, no danas broj sljedbenika Obe\u0107anog Mesije prelazi 200 miliona. Obe\u0107ani Mesija napisao je 85 knjiga da bi nepobitno dokazao prednost islama nad svim drugim vjerama, ukljucujuci njegovo remek-djelo, monografiju \u2018Brahin-i-Ahmadiyya\u2019.\" \/>\n<meta name=\"robots\" content=\"index, follow, max-snippet:-1, max-image-preview:large, max-video-preview:-1\" \/>\n<link rel=\"canonical\" href=\"https:\/\/www.ahmadiyya-islam.org\/ba\/ahmedija-dzemaat\/obecani-mesija-a-s\/\" \/>\n<meta property=\"og:locale\" content=\"bs_BA\" \/>\n<meta property=\"og:type\" content=\"article\" \/>\n<meta property=\"og:title\" content=\"Obe\u0107ani Mesija a.s.\" \/>\n<meta property=\"og:description\" content=\"On je bio darovan Bo\u017eijim objavama. Jedna od Njegovih objava je glasila: \u2018Ja \u0107u tebi dati veliko udru\u017eenje islama.\u2019 U to vrijeme je samo \u0161a\u010dica ljudi prihvatilo Ahmadijat, no danas broj sljedbenika Obe\u0107anog Mesije prelazi 200 miliona. Obe\u0107ani Mesija napisao je 85 knjiga da bi nepobitno dokazao prednost islama nad svim drugim vjerama, ukljucujuci njegovo remek-djelo, monografiju \u2018Brahin-i-Ahmadiyya\u2019.\" \/>\n<meta property=\"og:url\" content=\"https:\/\/www.ahmadiyya-islam.org\/ba\/ahmedija-dzemaat\/obecani-mesija-a-s\/\" \/>\n<meta property=\"og:site_name\" content=\"Ahmadija muslimanski d\u017eemat\" \/>\n<meta property=\"article:modified_time\" content=\"2020-04-10T18:44:33+00:00\" \/>\n<meta property=\"og:image\" content=\"https:\/\/www.ahmadiyya-islam.org\/ba\/wp-content\/uploads\/sites\/16\/2020\/04\/Mesihu-i-premtuar-imam-mehdiu.jpg\" \/>\n\t<meta property=\"og:image:width\" content=\"1200\" \/>\n\t<meta property=\"og:image:height\" content=\"630\" \/>\n\t<meta property=\"og:image:type\" content=\"image\/jpeg\" \/>\n<meta name=\"twitter:card\" content=\"summary_large_image\" \/>\n<meta name=\"twitter:label1\" content=\"Est. reading time\" \/>\n\t<meta name=\"twitter:data1\" content=\"5 minuta\" \/>\n<script type=\"application\/ld+json\" class=\"yoast-schema-graph\">{\"@context\":\"https:\\\/\\\/schema.org\",\"@graph\":[{\"@type\":\"WebPage\",\"@id\":\"https:\\\/\\\/www.ahmadiyya-islam.org\\\/ba\\\/ahmedija-dzemaat\\\/obecani-mesija-a-s\\\/\",\"url\":\"https:\\\/\\\/www.ahmadiyya-islam.org\\\/ba\\\/ahmedija-dzemaat\\\/obecani-mesija-a-s\\\/\",\"name\":\"Obe\u0107ani Mesija a.s.\",\"isPartOf\":{\"@id\":\"https:\\\/\\\/www.ahmadiyya-islam.org\\\/ba\\\/#website\"},\"primaryImageOfPage\":{\"@id\":\"https:\\\/\\\/www.ahmadiyya-islam.org\\\/ba\\\/ahmedija-dzemaat\\\/obecani-mesija-a-s\\\/#primaryimage\"},\"image\":{\"@id\":\"https:\\\/\\\/www.ahmadiyya-islam.org\\\/ba\\\/ahmedija-dzemaat\\\/obecani-mesija-a-s\\\/#primaryimage\"},\"thumbnailUrl\":\"https:\\\/\\\/www.ahmadiyya-islam.org\\\/ba\\\/wp-content\\\/uploads\\\/sites\\\/16\\\/2020\\\/04\\\/Mesihu-i-premtuar-imam-mehdiu.jpg\",\"datePublished\":\"2020-04-09T18:28:01+00:00\",\"dateModified\":\"2020-04-10T18:44:33+00:00\",\"description\":\"On je bio darovan Bo\u017eijim objavama. Jedna od Njegovih objava je glasila: \u2018Ja \u0107u tebi dati veliko udru\u017eenje islama.\u2019 U to vrijeme je samo \u0161a\u010dica ljudi prihvatilo Ahmadijat, no danas broj sljedbenika Obe\u0107anog Mesije prelazi 200 miliona. Obe\u0107ani Mesija napisao je 85 knjiga da bi nepobitno dokazao prednost islama nad svim drugim vjerama, ukljucujuci njegovo remek-djelo, monografiju \u2018Brahin-i-Ahmadiyya\u2019.\",\"breadcrumb\":{\"@id\":\"https:\\\/\\\/www.ahmadiyya-islam.org\\\/ba\\\/ahmedija-dzemaat\\\/obecani-mesija-a-s\\\/#breadcrumb\"},\"inLanguage\":\"bs-BA\",\"potentialAction\":[{\"@type\":\"ReadAction\",\"target\":[\"https:\\\/\\\/www.ahmadiyya-islam.org\\\/ba\\\/ahmedija-dzemaat\\\/obecani-mesija-a-s\\\/\"]}]},{\"@type\":\"ImageObject\",\"inLanguage\":\"bs-BA\",\"@id\":\"https:\\\/\\\/www.ahmadiyya-islam.org\\\/ba\\\/ahmedija-dzemaat\\\/obecani-mesija-a-s\\\/#primaryimage\",\"url\":\"https:\\\/\\\/www.ahmadiyya-islam.org\\\/ba\\\/wp-content\\\/uploads\\\/sites\\\/16\\\/2020\\\/04\\\/Mesihu-i-premtuar-imam-mehdiu.jpg\",\"contentUrl\":\"https:\\\/\\\/www.ahmadiyya-islam.org\\\/ba\\\/wp-content\\\/uploads\\\/sites\\\/16\\\/2020\\\/04\\\/Mesihu-i-premtuar-imam-mehdiu.jpg\",\"width\":1200,\"height\":630,\"caption\":\"Mirza Ghulam Ahmad\"},{\"@type\":\"BreadcrumbList\",\"@id\":\"https:\\\/\\\/www.ahmadiyya-islam.org\\\/ba\\\/ahmedija-dzemaat\\\/obecani-mesija-a-s\\\/#breadcrumb\",\"itemListElement\":[{\"@type\":\"ListItem\",\"position\":1,\"name\":\"Home\",\"item\":\"https:\\\/\\\/www.ahmadiyya-islam.org\\\/ba\\\/\"},{\"@type\":\"ListItem\",\"position\":2,\"name\":\"Ahmedija\",\"item\":\"https:\\\/\\\/www.ahmadiyya-islam.org\\\/ba\\\/ahmedija-dzemaat\\\/\"},{\"@type\":\"ListItem\",\"position\":3,\"name\":\"Obe\u0107ani Mesija a.s.\"}]},{\"@type\":\"WebSite\",\"@id\":\"https:\\\/\\\/www.ahmadiyya-islam.org\\\/ba\\\/#website\",\"url\":\"https:\\\/\\\/www.ahmadiyya-islam.org\\\/ba\\\/\",\"name\":\"Ahmadija muslimanski d\u017eemat\",\"description\":\"BiH\",\"publisher\":{\"@id\":\"https:\\\/\\\/www.ahmadiyya-islam.org\\\/ba\\\/#organization\"},\"potentialAction\":[{\"@type\":\"SearchAction\",\"target\":{\"@type\":\"EntryPoint\",\"urlTemplate\":\"https:\\\/\\\/www.ahmadiyya-islam.org\\\/ba\\\/?s={search_term_string}\"},\"query-input\":{\"@type\":\"PropertyValueSpecification\",\"valueRequired\":true,\"valueName\":\"search_term_string\"}}],\"inLanguage\":\"bs-BA\"},{\"@type\":\"Organization\",\"@id\":\"https:\\\/\\\/www.ahmadiyya-islam.org\\\/ba\\\/#organization\",\"name\":\"Ahmadija muslimanski d\u017eemat\",\"url\":\"https:\\\/\\\/www.ahmadiyya-islam.org\\\/ba\\\/\",\"logo\":{\"@type\":\"ImageObject\",\"inLanguage\":\"bs-BA\",\"@id\":\"https:\\\/\\\/www.ahmadiyya-islam.org\\\/ba\\\/#\\\/schema\\\/logo\\\/image\\\/\",\"url\":\"https:\\\/\\\/www.ahmadiyya-islam.org\\\/ba\\\/wp-content\\\/uploads\\\/sites\\\/16\\\/2018\\\/03\\\/cropped-alislam-logo.jpg\",\"contentUrl\":\"https:\\\/\\\/www.ahmadiyya-islam.org\\\/ba\\\/wp-content\\\/uploads\\\/sites\\\/16\\\/2018\\\/03\\\/cropped-alislam-logo.jpg\",\"width\":512,\"height\":512,\"caption\":\"Ahmadija muslimanski d\u017eemat\"},\"image\":{\"@id\":\"https:\\\/\\\/www.ahmadiyya-islam.org\\\/ba\\\/#\\\/schema\\\/logo\\\/image\\\/\"}}]}<\/script>\n<!-- \/ Yoast SEO Premium plugin. -->","yoast_head_json":{"title":"Obe\u0107ani Mesija a.s.","description":"On je bio darovan Bo\u017eijim objavama. Jedna od Njegovih objava je glasila: \u2018Ja \u0107u tebi dati veliko udru\u017eenje islama.\u2019 U to vrijeme je samo \u0161a\u010dica ljudi prihvatilo Ahmadijat, no danas broj sljedbenika Obe\u0107anog Mesije prelazi 200 miliona. Obe\u0107ani Mesija napisao je 85 knjiga da bi nepobitno dokazao prednost islama nad svim drugim vjerama, ukljucujuci njegovo remek-djelo, monografiju \u2018Brahin-i-Ahmadiyya\u2019.","robots":{"index":"index","follow":"follow","max-snippet":"max-snippet:-1","max-image-preview":"max-image-preview:large","max-video-preview":"max-video-preview:-1"},"canonical":"https:\/\/www.ahmadiyya-islam.org\/ba\/ahmedija-dzemaat\/obecani-mesija-a-s\/","og_locale":"bs_BA","og_type":"article","og_title":"Obe\u0107ani Mesija a.s.","og_description":"On je bio darovan Bo\u017eijim objavama. Jedna od Njegovih objava je glasila: \u2018Ja \u0107u tebi dati veliko udru\u017eenje islama.\u2019 U to vrijeme je samo \u0161a\u010dica ljudi prihvatilo Ahmadijat, no danas broj sljedbenika Obe\u0107anog Mesije prelazi 200 miliona. Obe\u0107ani Mesija napisao je 85 knjiga da bi nepobitno dokazao prednost islama nad svim drugim vjerama, ukljucujuci njegovo remek-djelo, monografiju \u2018Brahin-i-Ahmadiyya\u2019.","og_url":"https:\/\/www.ahmadiyya-islam.org\/ba\/ahmedija-dzemaat\/obecani-mesija-a-s\/","og_site_name":"Ahmadija muslimanski d\u017eemat","article_modified_time":"2020-04-10T18:44:33+00:00","og_image":[{"width":1200,"height":630,"url":"https:\/\/www.ahmadiyya-islam.org\/ba\/wp-content\/uploads\/sites\/16\/2020\/04\/Mesihu-i-premtuar-imam-mehdiu.jpg","type":"image\/jpeg"}],"twitter_card":"summary_large_image","twitter_misc":{"Est. reading time":"5 minuta"},"schema":{"@context":"https:\/\/schema.org","@graph":[{"@type":"WebPage","@id":"https:\/\/www.ahmadiyya-islam.org\/ba\/ahmedija-dzemaat\/obecani-mesija-a-s\/","url":"https:\/\/www.ahmadiyya-islam.org\/ba\/ahmedija-dzemaat\/obecani-mesija-a-s\/","name":"Obe\u0107ani Mesija a.s.","isPartOf":{"@id":"https:\/\/www.ahmadiyya-islam.org\/ba\/#website"},"primaryImageOfPage":{"@id":"https:\/\/www.ahmadiyya-islam.org\/ba\/ahmedija-dzemaat\/obecani-mesija-a-s\/#primaryimage"},"image":{"@id":"https:\/\/www.ahmadiyya-islam.org\/ba\/ahmedija-dzemaat\/obecani-mesija-a-s\/#primaryimage"},"thumbnailUrl":"https:\/\/www.ahmadiyya-islam.org\/ba\/wp-content\/uploads\/sites\/16\/2020\/04\/Mesihu-i-premtuar-imam-mehdiu.jpg","datePublished":"2020-04-09T18:28:01+00:00","dateModified":"2020-04-10T18:44:33+00:00","description":"On je bio darovan Bo\u017eijim objavama. Jedna od Njegovih objava je glasila: \u2018Ja \u0107u tebi dati veliko udru\u017eenje islama.\u2019 U to vrijeme je samo \u0161a\u010dica ljudi prihvatilo Ahmadijat, no danas broj sljedbenika Obe\u0107anog Mesije prelazi 200 miliona. Obe\u0107ani Mesija napisao je 85 knjiga da bi nepobitno dokazao prednost islama nad svim drugim vjerama, ukljucujuci njegovo remek-djelo, monografiju \u2018Brahin-i-Ahmadiyya\u2019.","breadcrumb":{"@id":"https:\/\/www.ahmadiyya-islam.org\/ba\/ahmedija-dzemaat\/obecani-mesija-a-s\/#breadcrumb"},"inLanguage":"bs-BA","potentialAction":[{"@type":"ReadAction","target":["https:\/\/www.ahmadiyya-islam.org\/ba\/ahmedija-dzemaat\/obecani-mesija-a-s\/"]}]},{"@type":"ImageObject","inLanguage":"bs-BA","@id":"https:\/\/www.ahmadiyya-islam.org\/ba\/ahmedija-dzemaat\/obecani-mesija-a-s\/#primaryimage","url":"https:\/\/www.ahmadiyya-islam.org\/ba\/wp-content\/uploads\/sites\/16\/2020\/04\/Mesihu-i-premtuar-imam-mehdiu.jpg","contentUrl":"https:\/\/www.ahmadiyya-islam.org\/ba\/wp-content\/uploads\/sites\/16\/2020\/04\/Mesihu-i-premtuar-imam-mehdiu.jpg","width":1200,"height":630,"caption":"Mirza Ghulam Ahmad"},{"@type":"BreadcrumbList","@id":"https:\/\/www.ahmadiyya-islam.org\/ba\/ahmedija-dzemaat\/obecani-mesija-a-s\/#breadcrumb","itemListElement":[{"@type":"ListItem","position":1,"name":"Home","item":"https:\/\/www.ahmadiyya-islam.org\/ba\/"},{"@type":"ListItem","position":2,"name":"Ahmedija","item":"https:\/\/www.ahmadiyya-islam.org\/ba\/ahmedija-dzemaat\/"},{"@type":"ListItem","position":3,"name":"Obe\u0107ani Mesija a.s."}]},{"@type":"WebSite","@id":"https:\/\/www.ahmadiyya-islam.org\/ba\/#website","url":"https:\/\/www.ahmadiyya-islam.org\/ba\/","name":"Ahmadija muslimanski d\u017eemat","description":"BiH","publisher":{"@id":"https:\/\/www.ahmadiyya-islam.org\/ba\/#organization"},"potentialAction":[{"@type":"SearchAction","target":{"@type":"EntryPoint","urlTemplate":"https:\/\/www.ahmadiyya-islam.org\/ba\/?s={search_term_string}"},"query-input":{"@type":"PropertyValueSpecification","valueRequired":true,"valueName":"search_term_string"}}],"inLanguage":"bs-BA"},{"@type":"Organization","@id":"https:\/\/www.ahmadiyya-islam.org\/ba\/#organization","name":"Ahmadija muslimanski d\u017eemat","url":"https:\/\/www.ahmadiyya-islam.org\/ba\/","logo":{"@type":"ImageObject","inLanguage":"bs-BA","@id":"https:\/\/www.ahmadiyya-islam.org\/ba\/#\/schema\/logo\/image\/","url":"https:\/\/www.ahmadiyya-islam.org\/ba\/wp-content\/uploads\/sites\/16\/2018\/03\/cropped-alislam-logo.jpg","contentUrl":"https:\/\/www.ahmadiyya-islam.org\/ba\/wp-content\/uploads\/sites\/16\/2018\/03\/cropped-alislam-logo.jpg","width":512,"height":512,"caption":"Ahmadija muslimanski d\u017eemat"},"image":{"@id":"https:\/\/www.ahmadiyya-islam.org\/ba\/#\/schema\/logo\/image\/"}}]}},"_links":{"self":[{"href":"https:\/\/www.ahmadiyya-islam.org\/ba\/wp-json\/wp\/v2\/pages\/2861","targetHints":{"allow":["GET"]}}],"collection":[{"href":"https:\/\/www.ahmadiyya-islam.org\/ba\/wp-json\/wp\/v2\/pages"}],"about":[{"href":"https:\/\/www.ahmadiyya-islam.org\/ba\/wp-json\/wp\/v2\/types\/page"}],"author":[{"embeddable":true,"href":"https:\/\/www.ahmadiyya-islam.org\/ba\/wp-json\/wp\/v2\/users\/36"}],"replies":[{"embeddable":true,"href":"https:\/\/www.ahmadiyya-islam.org\/ba\/wp-json\/wp\/v2\/comments?post=2861"}],"version-history":[{"count":0,"href":"https:\/\/www.ahmadiyya-islam.org\/ba\/wp-json\/wp\/v2\/pages\/2861\/revisions"}],"up":[{"embeddable":true,"href":"https:\/\/www.ahmadiyya-islam.org\/ba\/wp-json\/wp\/v2\/pages\/1958"}],"wp:featuredmedia":[{"embeddable":true,"href":"https:\/\/www.ahmadiyya-islam.org\/ba\/wp-json\/wp\/v2\/media\/2863"}],"wp:attachment":[{"href":"https:\/\/www.ahmadiyya-islam.org\/ba\/wp-json\/wp\/v2\/media?parent=2861"}],"curies":[{"name":"wp","href":"https:\/\/api.w.org\/{rel}","templated":true}]}}