{"id":2849,"date":"2020-04-09T12:42:26","date_gmt":"2020-04-09T12:42:26","guid":{"rendered":"https:\/\/www.ahmadiyya-islam.org\/ba\/?page_id=2849"},"modified":"2020-04-09T18:09:58","modified_gmt":"2020-04-09T18:09:58","slug":"casni-poslanik-muhammed-s-a-v-s","status":"publish","type":"page","link":"https:\/\/www.ahmadiyya-islam.org\/ba\/islam\/casni-poslanik-muhammed-s-a-v-s\/","title":{"rendered":"\u010casni Poslanik Muhammed s.a.v.s."},"content":{"rendered":"<p>Muhammed s.a.v.s. Odabrani od Boga; odba\u010den od njegovog vlastitog naroda, protjerivan; uskratili su mu svu opskrbu i odnose; protjeran iz njegovor rodnog mjesta, \u017eiv ili mrtav; protjerivan sa mr\u017enjom \u010dak i u drugi grad; protjerivani; pravovjerni, odani, \u010dvrsti, plemeniti,poslu\u0161ni sluga Allahu; Njegov Poslanik: ljubazan, pravedan, onaj koji je volio i mlade i stare, siroma\u0161ne i bogate, \u017eive i umiru\u0107e, ljudska bi\u0107a i \u017eivotinje, istiniti i po\u0161teni bilo u siroma\u0161tvu ili kao vladar; dare\u017eljiv i jednostavan; uistinu, bez obzira koje standarde koristili da ocijenimo, Muhammed s.a.v.s. je bio najve\u0107i \u010dovjek. Promijenio je cijelokupnu historiju \u010dovje\u010danstva.<\/p>\n<p>Muhammed s.a.v.s. se rodio \u00a0u Mekki 20. aprila 570.godine, \u00a0koju su Arapi nazivali Slonova godina.\u00a0Njegov otac Abdullah umro je dok je on bio u maj\u010dinoj utrobi. Njegova majka se zvala Amina bint Vehb. I ona i Abdullah su poticali iz uglednih i cijenjenih porodica. Bog je utje\u0161io Aminu u to vrijeme. Ona je u snu vidjela svjetlo koje ju je obasjalo i palo na nju, i pro\u0161irilo se cijelim svijetom. San se ostvario kada je ona blagoslovljena sinom \u010dije je u\u010denje postalo vodilja za \u010dovje\u010danstvo. Nekoliko dana nakon tog sna Bog joj je podario prelijepog sina \u010dije je ime bilo Muhammed s.a.v.s, \u0161to zna\u010di &#8216;hvale vrijedan&#8217;. Obi\u010daj je bio da kurej\u0161ijske \u017eene ne doje svoju djecu. Zatim je njegov djed Abdul Mutalib povjerio Muhammeda s.a.v.s. na dojenje dojilji Halimi Sa\u2019dijji.<\/p>\n<p>\u017divio je Muhammed\u00a0 s.a.v.s. \u010detiri godine kod dojilje Halime, daleko od Mekke, u Haliminom plemenu. Prve \u010detiri godine svoga djetinjstva Poslanik, s.a.v.s., je proveo u pustinji plemena Benu Sa\u2019d. To mu je pomoglo da bude stasit, zdrava tijela, odva\u017ena srca te da jo\u0161 u ranoj mladosti upozna klasi\u010dni arapski jezik i vje\u0161tinu jahanja.<\/p>\n<p>Nakon povratka u Mekku, Muhammed s.a.v.s. je bio sa majkom dvije godine, nakon \u010dega je preselila na Ahiret i njegova majka Amina. Tako je Muhammed s.a.v.s. ostao siro\u010de, bez oca i bez majke.\u00a0 \u00a0Kada je Muhammedu s.a.v.s. bilo osam godina, umro mu je i djed Abdulmutalib, a o njemu je preuzeo brigu amid\u017ea Ebu Talib. Kad je napunio dvadeset pet godina zaposlio se kod Hatid\u017ee bint Huvejlid kao trgovac uz odre\u0111enu nadoknadu.<\/p>\n<p>Jo\u0161 u mladosti Muhammed s.a.v.s. se u svom narodu pro\u010duo kao iskren i povjerljiv (As-Sadik, Al-Emin), zatim po svom lijepom pona\u0161anju, vjernosti, uzornu \u017eivotu i \u010dasti. To je potaklo Hatid\u017eu da mu predlo\u017ei da preuzme trgovinu njenim imetkom u karavani koja je svake godine odlazila u Busru. Po povratku u Mekku Hatid\u017ein sluga je stao kazivati svojoj gazdarici o Muhammedovu s.a.v.s. po\u0161tenju i predanosti u radu. Kad se i sama uvjerila da su prihodi bili izuzetni, plati mu vi\u0161e nego \u0161to je bila obe\u0107ala, a uz to mu predlo\u017ei i brak, \u0161to on prihvati, iako je bio mla\u0111i od nje punih petnaest godina. S njom je dobio \u010detiri k\u0107eri i nekoliko sinova, koji su umrli kao mala djeca. Najbolja potvrda njegovog visokog morala su Hatid\u017eine rije\u010di izgovorene kad mu je iznenada do\u0161la prva objava u pe\u0107ini Hira, poslije \u010dega se on sav upla\u0161en vratio ku\u0107i:<\/p>\n<blockquote><p>\u201cNe! Tako mi Boga, on te nikada ne\u0107e poniziti i ostaviti, jer ti pazi\u0161 rodbinu, poma\u017ee\u0161 slabe, daje\u0161 siromasima, \u010dasti\u0161 gosta i poma\u017ee\u0161 onoga ko je u pravu.\u201d, tje\u0161ila ga je tada Hatid\u017ea.<\/p><\/blockquote>\n<p>U \u010detrdesetoj godini po\u010deo je primati Objavu. Po\u010detak Objave bio je u mjesecu ramazanu, u pe\u0107ini Hira, na brdu Nur. Prve rije\u010di koje su objavljene Muhammedu, \u2019alejhi-sselam, bile su rije\u010di:<\/p>\n<blockquote><p>&#8216;Ikre bismi rabbike&#8217; (\u010citaj u ime Tvoga Gospodara, \u010citaj, Plemenit je Tvoj Gospodar).<\/p><\/blockquote>\n<p>Mekkanlije to nisu prihvatile i pru\u017eale su veliki otpor \u0161irenju nove vjere. Oni su voljeli obo\u017eavati stotine svojih idola, i u\u017eivati u kockanju, ispijanju vina, i \u010dinjenju ostalih nemoralnih djela. Prire\u0111ivali su Allahovom poslaniku Muhammedu s.a.v. s.velike neprijatnosti i pote\u0161ko\u0107e.Nakon trinaest godina patnje i mr\u017enje u Mekki i uskra\u0107ivanja opskrbe, neprijatelji su ga protjerali iz rodnog mjesta. Preseljenje Muhammeda s.a.v.s. iz Mekke u Medinu naziva se Hid\u017erom.<\/p>\n<p>U Medini se islam brzo \u0161irio i svakim danom rastao je broj muslimana. Mekkanski neprijatelji nisu Muhammeda s.a.v.s. ostavljali na miru \u010dak ni u Medini. Vodili su nekoliko pohoda i bitaka s ciljem da onemogu\u0107e \u0161irenje islama, ali Allah, d\u017e.\u0161., htio je da se svjetlo islama ra\u0161iri i prenese i u druge krajeve. Poznate su bitke na Bedru, Uhudu i Hendeku. Pored Mekkanskih idolopoklonika, Muhammed s.a.v.s. imao je protivnike i u jevrejskim plemenima koja su nastanjivala Medinu. S ovim plemenima je Muhammed s.a.v.s. bio postigao sporazum da se me\u0111usobno uva\u017eavaju i brane jedni druge pri vanjskim napadima. Me\u0111utim, Jevreji su pogazili i prekr\u0161ili taj ugovor udru\u017euju\u0107i se sa Mekkanskim idolopoklonicima i \u010dak poku\u0161avaju\u0107i ubiti Muhammeda s.a.v.s.<\/p>\n<p>Dugogodi\u0161nje neprijateljstvo i sukobljavanje sa Mekkanskim idolopoklonicima je zavr\u0161eno historijskim osvajanjem Mekke. Godina 630. klju\u010dna je i ona ne\u0107e nikad biti zaboravljena. Te godine Poslanik s.a.v.s. je na \u010delu pobjedonosnih muslimanskih trupa u\u0161ao u Mekku, nakon \u010dega je Muhammed s.a.vs. vratio svetost i \u010dast Kabe. Snagom svog duha, vjere i sabura \u00a0Poslanik s.a.v.s pobje\u0111uje svoje neprijatelje. Proglasio je op\u0107u amnestiju i kona\u010dno uklonio idole Mekanskih bo\u017eanstava, naro\u010dito Lata, Uzzaa i Menata.<\/p>\n<p>Svi u Mekki tada su primili islam. Tada je islam primio i Ebu Sufjan i njegova \u017eena Hind, a oni su bili vo\u0111e i poglavari Mekanlija. Nakon osvojenja Mekke, Muhammed s.a.v.s. obavio je Oprosni had\u017ed\u017e s kojim je upotpunjeni propisi islama.<\/p>\n<p>Kona\u010dno se pribli\u017eio dan s kojim se svaki \u010dovjek mora suo\u010diti. Poslanikov posao je bio obavljen. Sve \u0161to mu je Bog objavio objavljeno je za dobro \u010dovjeka. Duh Muhammeda s.a.v.s. ulio je novi \u017eivot u njegov narod. Uzdigao se novi narod, novi pogled na \u017eivot i nove institucije; ukratko, novo nebo i nova Zemlja.<\/p>\n<p>U 63. godini \u017eivota Muhammed s.a.v.s. preselio je na Ahiret nakon \u0161to je za 23 godine potpuno izvr\u0161io misiju s kojom ga je Allah d\u017e.\u0161. zadu\u017eio. \u00a0On je poslan kao milost svim svjetovima.<\/p>\n","protected":false},"excerpt":{"rendered":"<p>Muhammed s.a.v.s. Odabrani od Boga; odba\u010den od njegovog vlastitog naroda, protjerivan; uskratili su mu svu opskrbu i odnose; protjeran iz njegovor rodnog mjesta, \u017eiv ili mrtav; protjerivan sa mr\u017enjom \u010dak i u drugi grad; protjerivani; pravovjerni, odani, \u010dvrsti, plemeniti,poslu\u0161ni sluga Allahu; Njegov Poslanik: ljubazan, pravedan, onaj koji je volio i mlade i stare, siroma\u0161ne i<\/p>\n","protected":false},"author":36,"featured_media":2111,"parent":103,"menu_order":0,"comment_status":"closed","ping_status":"closed","template":"","meta":{"_acf_changed":false,"footnotes":""},"class_list":["post-2849","page","type-page","status-publish","has-post-thumbnail","hentry"],"acf":[],"yoast_head":"<!-- This site is optimized with the Yoast SEO Premium plugin v21.1 (Yoast SEO v27.4) - https:\/\/yoast.com\/product\/yoast-seo-premium-wordpress\/ -->\n<title>\u010casni Poslanik Muhammed s.a.v.s.<\/title>\n<meta name=\"robots\" content=\"index, follow, max-snippet:-1, max-image-preview:large, max-video-preview:-1\" \/>\n<link rel=\"canonical\" href=\"https:\/\/www.ahmadiyya-islam.org\/ba\/islam\/casni-poslanik-muhammed-s-a-v-s\/\" \/>\n<meta property=\"og:locale\" content=\"bs_BA\" \/>\n<meta property=\"og:type\" content=\"article\" \/>\n<meta property=\"og:title\" content=\"\u010casni Poslanik Muhammed s.a.v.s.\" \/>\n<meta property=\"og:description\" content=\"Muhammed s.a.v.s. Odabrani od Boga; odba\u010den od njegovog vlastitog naroda, protjerivan; uskratili su mu svu opskrbu i odnose; protjeran iz njegovor rodnog mjesta, \u017eiv ili mrtav; protjerivan sa mr\u017enjom \u010dak i u drugi grad; protjerivani; pravovjerni, odani, \u010dvrsti, plemeniti,poslu\u0161ni sluga Allahu; Njegov Poslanik: ljubazan, pravedan, onaj koji je volio i mlade i stare, siroma\u0161ne i\" \/>\n<meta property=\"og:url\" content=\"https:\/\/www.ahmadiyya-islam.org\/ba\/islam\/casni-poslanik-muhammed-s-a-v-s\/\" \/>\n<meta property=\"og:site_name\" content=\"Ahmadija muslimanski d\u017eemat\" \/>\n<meta property=\"article:modified_time\" content=\"2020-04-09T18:09:58+00:00\" \/>\n<meta property=\"og:image\" content=\"https:\/\/www.ahmadiyya-islam.org\/ba\/wp-content\/uploads\/sites\/16\/2020\/03\/Dark_vignette_Al-Masjid_AL-Nabawi_Door800x600x300.jpg\" \/>\n\t<meta property=\"og:image:width\" content=\"800\" \/>\n\t<meta property=\"og:image:height\" content=\"600\" \/>\n\t<meta property=\"og:image:type\" content=\"image\/jpeg\" \/>\n<meta name=\"twitter:card\" content=\"summary_large_image\" \/>\n<meta name=\"twitter:label1\" content=\"Est. reading time\" \/>\n\t<meta name=\"twitter:data1\" content=\"6 minuta\" \/>\n<script type=\"application\/ld+json\" class=\"yoast-schema-graph\">{\"@context\":\"https:\\\/\\\/schema.org\",\"@graph\":[{\"@type\":\"WebPage\",\"@id\":\"https:\\\/\\\/www.ahmadiyya-islam.org\\\/ba\\\/islam\\\/casni-poslanik-muhammed-s-a-v-s\\\/\",\"url\":\"https:\\\/\\\/www.ahmadiyya-islam.org\\\/ba\\\/islam\\\/casni-poslanik-muhammed-s-a-v-s\\\/\",\"name\":\"\u010casni Poslanik Muhammed s.a.v.s.\",\"isPartOf\":{\"@id\":\"https:\\\/\\\/www.ahmadiyya-islam.org\\\/ba\\\/#website\"},\"primaryImageOfPage\":{\"@id\":\"https:\\\/\\\/www.ahmadiyya-islam.org\\\/ba\\\/islam\\\/casni-poslanik-muhammed-s-a-v-s\\\/#primaryimage\"},\"image\":{\"@id\":\"https:\\\/\\\/www.ahmadiyya-islam.org\\\/ba\\\/islam\\\/casni-poslanik-muhammed-s-a-v-s\\\/#primaryimage\"},\"thumbnailUrl\":\"https:\\\/\\\/www.ahmadiyya-islam.org\\\/ba\\\/wp-content\\\/uploads\\\/sites\\\/16\\\/2020\\\/03\\\/Dark_vignette_Al-Masjid_AL-Nabawi_Door800x600x300.jpg\",\"datePublished\":\"2020-04-09T12:42:26+00:00\",\"dateModified\":\"2020-04-09T18:09:58+00:00\",\"breadcrumb\":{\"@id\":\"https:\\\/\\\/www.ahmadiyya-islam.org\\\/ba\\\/islam\\\/casni-poslanik-muhammed-s-a-v-s\\\/#breadcrumb\"},\"inLanguage\":\"bs-BA\",\"potentialAction\":[{\"@type\":\"ReadAction\",\"target\":[\"https:\\\/\\\/www.ahmadiyya-islam.org\\\/ba\\\/islam\\\/casni-poslanik-muhammed-s-a-v-s\\\/\"]}]},{\"@type\":\"ImageObject\",\"inLanguage\":\"bs-BA\",\"@id\":\"https:\\\/\\\/www.ahmadiyya-islam.org\\\/ba\\\/islam\\\/casni-poslanik-muhammed-s-a-v-s\\\/#primaryimage\",\"url\":\"https:\\\/\\\/www.ahmadiyya-islam.org\\\/ba\\\/wp-content\\\/uploads\\\/sites\\\/16\\\/2020\\\/03\\\/Dark_vignette_Al-Masjid_AL-Nabawi_Door800x600x300.jpg\",\"contentUrl\":\"https:\\\/\\\/www.ahmadiyya-islam.org\\\/ba\\\/wp-content\\\/uploads\\\/sites\\\/16\\\/2020\\\/03\\\/Dark_vignette_Al-Masjid_AL-Nabawi_Door800x600x300.jpg\",\"width\":800,\"height\":600,\"caption\":\"Muhammed Bo\u017eiji Poslanik\"},{\"@type\":\"BreadcrumbList\",\"@id\":\"https:\\\/\\\/www.ahmadiyya-islam.org\\\/ba\\\/islam\\\/casni-poslanik-muhammed-s-a-v-s\\\/#breadcrumb\",\"itemListElement\":[{\"@type\":\"ListItem\",\"position\":1,\"name\":\"Home\",\"item\":\"https:\\\/\\\/www.ahmadiyya-islam.org\\\/ba\\\/\"},{\"@type\":\"ListItem\",\"position\":2,\"name\":\"Islam\",\"item\":\"https:\\\/\\\/www.ahmadiyya-islam.org\\\/ba\\\/islam\\\/\"},{\"@type\":\"ListItem\",\"position\":3,\"name\":\"\u010casni Poslanik Muhammed s.a.v.s.\"}]},{\"@type\":\"WebSite\",\"@id\":\"https:\\\/\\\/www.ahmadiyya-islam.org\\\/ba\\\/#website\",\"url\":\"https:\\\/\\\/www.ahmadiyya-islam.org\\\/ba\\\/\",\"name\":\"Ahmadija muslimanski d\u017eemat\",\"description\":\"BiH\",\"publisher\":{\"@id\":\"https:\\\/\\\/www.ahmadiyya-islam.org\\\/ba\\\/#organization\"},\"potentialAction\":[{\"@type\":\"SearchAction\",\"target\":{\"@type\":\"EntryPoint\",\"urlTemplate\":\"https:\\\/\\\/www.ahmadiyya-islam.org\\\/ba\\\/?s={search_term_string}\"},\"query-input\":{\"@type\":\"PropertyValueSpecification\",\"valueRequired\":true,\"valueName\":\"search_term_string\"}}],\"inLanguage\":\"bs-BA\"},{\"@type\":\"Organization\",\"@id\":\"https:\\\/\\\/www.ahmadiyya-islam.org\\\/ba\\\/#organization\",\"name\":\"Ahmadija muslimanski d\u017eemat\",\"url\":\"https:\\\/\\\/www.ahmadiyya-islam.org\\\/ba\\\/\",\"logo\":{\"@type\":\"ImageObject\",\"inLanguage\":\"bs-BA\",\"@id\":\"https:\\\/\\\/www.ahmadiyya-islam.org\\\/ba\\\/#\\\/schema\\\/logo\\\/image\\\/\",\"url\":\"https:\\\/\\\/www.ahmadiyya-islam.org\\\/ba\\\/wp-content\\\/uploads\\\/sites\\\/16\\\/2018\\\/03\\\/cropped-alislam-logo.jpg\",\"contentUrl\":\"https:\\\/\\\/www.ahmadiyya-islam.org\\\/ba\\\/wp-content\\\/uploads\\\/sites\\\/16\\\/2018\\\/03\\\/cropped-alislam-logo.jpg\",\"width\":512,\"height\":512,\"caption\":\"Ahmadija muslimanski d\u017eemat\"},\"image\":{\"@id\":\"https:\\\/\\\/www.ahmadiyya-islam.org\\\/ba\\\/#\\\/schema\\\/logo\\\/image\\\/\"}}]}<\/script>\n<!-- \/ Yoast SEO Premium plugin. -->","yoast_head_json":{"title":"\u010casni Poslanik Muhammed s.a.v.s.","robots":{"index":"index","follow":"follow","max-snippet":"max-snippet:-1","max-image-preview":"max-image-preview:large","max-video-preview":"max-video-preview:-1"},"canonical":"https:\/\/www.ahmadiyya-islam.org\/ba\/islam\/casni-poslanik-muhammed-s-a-v-s\/","og_locale":"bs_BA","og_type":"article","og_title":"\u010casni Poslanik Muhammed s.a.v.s.","og_description":"Muhammed s.a.v.s. Odabrani od Boga; odba\u010den od njegovog vlastitog naroda, protjerivan; uskratili su mu svu opskrbu i odnose; protjeran iz njegovor rodnog mjesta, \u017eiv ili mrtav; protjerivan sa mr\u017enjom \u010dak i u drugi grad; protjerivani; pravovjerni, odani, \u010dvrsti, plemeniti,poslu\u0161ni sluga Allahu; Njegov Poslanik: ljubazan, pravedan, onaj koji je volio i mlade i stare, siroma\u0161ne i","og_url":"https:\/\/www.ahmadiyya-islam.org\/ba\/islam\/casni-poslanik-muhammed-s-a-v-s\/","og_site_name":"Ahmadija muslimanski d\u017eemat","article_modified_time":"2020-04-09T18:09:58+00:00","og_image":[{"width":800,"height":600,"url":"https:\/\/www.ahmadiyya-islam.org\/ba\/wp-content\/uploads\/sites\/16\/2020\/03\/Dark_vignette_Al-Masjid_AL-Nabawi_Door800x600x300.jpg","type":"image\/jpeg"}],"twitter_card":"summary_large_image","twitter_misc":{"Est. reading time":"6 minuta"},"schema":{"@context":"https:\/\/schema.org","@graph":[{"@type":"WebPage","@id":"https:\/\/www.ahmadiyya-islam.org\/ba\/islam\/casni-poslanik-muhammed-s-a-v-s\/","url":"https:\/\/www.ahmadiyya-islam.org\/ba\/islam\/casni-poslanik-muhammed-s-a-v-s\/","name":"\u010casni Poslanik Muhammed s.a.v.s.","isPartOf":{"@id":"https:\/\/www.ahmadiyya-islam.org\/ba\/#website"},"primaryImageOfPage":{"@id":"https:\/\/www.ahmadiyya-islam.org\/ba\/islam\/casni-poslanik-muhammed-s-a-v-s\/#primaryimage"},"image":{"@id":"https:\/\/www.ahmadiyya-islam.org\/ba\/islam\/casni-poslanik-muhammed-s-a-v-s\/#primaryimage"},"thumbnailUrl":"https:\/\/www.ahmadiyya-islam.org\/ba\/wp-content\/uploads\/sites\/16\/2020\/03\/Dark_vignette_Al-Masjid_AL-Nabawi_Door800x600x300.jpg","datePublished":"2020-04-09T12:42:26+00:00","dateModified":"2020-04-09T18:09:58+00:00","breadcrumb":{"@id":"https:\/\/www.ahmadiyya-islam.org\/ba\/islam\/casni-poslanik-muhammed-s-a-v-s\/#breadcrumb"},"inLanguage":"bs-BA","potentialAction":[{"@type":"ReadAction","target":["https:\/\/www.ahmadiyya-islam.org\/ba\/islam\/casni-poslanik-muhammed-s-a-v-s\/"]}]},{"@type":"ImageObject","inLanguage":"bs-BA","@id":"https:\/\/www.ahmadiyya-islam.org\/ba\/islam\/casni-poslanik-muhammed-s-a-v-s\/#primaryimage","url":"https:\/\/www.ahmadiyya-islam.org\/ba\/wp-content\/uploads\/sites\/16\/2020\/03\/Dark_vignette_Al-Masjid_AL-Nabawi_Door800x600x300.jpg","contentUrl":"https:\/\/www.ahmadiyya-islam.org\/ba\/wp-content\/uploads\/sites\/16\/2020\/03\/Dark_vignette_Al-Masjid_AL-Nabawi_Door800x600x300.jpg","width":800,"height":600,"caption":"Muhammed Bo\u017eiji Poslanik"},{"@type":"BreadcrumbList","@id":"https:\/\/www.ahmadiyya-islam.org\/ba\/islam\/casni-poslanik-muhammed-s-a-v-s\/#breadcrumb","itemListElement":[{"@type":"ListItem","position":1,"name":"Home","item":"https:\/\/www.ahmadiyya-islam.org\/ba\/"},{"@type":"ListItem","position":2,"name":"Islam","item":"https:\/\/www.ahmadiyya-islam.org\/ba\/islam\/"},{"@type":"ListItem","position":3,"name":"\u010casni Poslanik Muhammed s.a.v.s."}]},{"@type":"WebSite","@id":"https:\/\/www.ahmadiyya-islam.org\/ba\/#website","url":"https:\/\/www.ahmadiyya-islam.org\/ba\/","name":"Ahmadija muslimanski d\u017eemat","description":"BiH","publisher":{"@id":"https:\/\/www.ahmadiyya-islam.org\/ba\/#organization"},"potentialAction":[{"@type":"SearchAction","target":{"@type":"EntryPoint","urlTemplate":"https:\/\/www.ahmadiyya-islam.org\/ba\/?s={search_term_string}"},"query-input":{"@type":"PropertyValueSpecification","valueRequired":true,"valueName":"search_term_string"}}],"inLanguage":"bs-BA"},{"@type":"Organization","@id":"https:\/\/www.ahmadiyya-islam.org\/ba\/#organization","name":"Ahmadija muslimanski d\u017eemat","url":"https:\/\/www.ahmadiyya-islam.org\/ba\/","logo":{"@type":"ImageObject","inLanguage":"bs-BA","@id":"https:\/\/www.ahmadiyya-islam.org\/ba\/#\/schema\/logo\/image\/","url":"https:\/\/www.ahmadiyya-islam.org\/ba\/wp-content\/uploads\/sites\/16\/2018\/03\/cropped-alislam-logo.jpg","contentUrl":"https:\/\/www.ahmadiyya-islam.org\/ba\/wp-content\/uploads\/sites\/16\/2018\/03\/cropped-alislam-logo.jpg","width":512,"height":512,"caption":"Ahmadija muslimanski d\u017eemat"},"image":{"@id":"https:\/\/www.ahmadiyya-islam.org\/ba\/#\/schema\/logo\/image\/"}}]}},"_links":{"self":[{"href":"https:\/\/www.ahmadiyya-islam.org\/ba\/wp-json\/wp\/v2\/pages\/2849","targetHints":{"allow":["GET"]}}],"collection":[{"href":"https:\/\/www.ahmadiyya-islam.org\/ba\/wp-json\/wp\/v2\/pages"}],"about":[{"href":"https:\/\/www.ahmadiyya-islam.org\/ba\/wp-json\/wp\/v2\/types\/page"}],"author":[{"embeddable":true,"href":"https:\/\/www.ahmadiyya-islam.org\/ba\/wp-json\/wp\/v2\/users\/36"}],"replies":[{"embeddable":true,"href":"https:\/\/www.ahmadiyya-islam.org\/ba\/wp-json\/wp\/v2\/comments?post=2849"}],"version-history":[{"count":0,"href":"https:\/\/www.ahmadiyya-islam.org\/ba\/wp-json\/wp\/v2\/pages\/2849\/revisions"}],"up":[{"embeddable":true,"href":"https:\/\/www.ahmadiyya-islam.org\/ba\/wp-json\/wp\/v2\/pages\/103"}],"wp:featuredmedia":[{"embeddable":true,"href":"https:\/\/www.ahmadiyya-islam.org\/ba\/wp-json\/wp\/v2\/media\/2111"}],"wp:attachment":[{"href":"https:\/\/www.ahmadiyya-islam.org\/ba\/wp-json\/wp\/v2\/media?parent=2849"}],"curies":[{"name":"wp","href":"https:\/\/api.w.org\/{rel}","templated":true}]}}