{"id":2847,"date":"2020-04-09T11:52:11","date_gmt":"2020-04-09T11:52:11","guid":{"rendered":"https:\/\/www.ahmadiyya-islam.org\/ba\/?page_id=2847"},"modified":"2020-04-09T12:45:38","modified_gmt":"2020-04-09T12:45:38","slug":"casni-kuran","status":"publish","type":"page","link":"https:\/\/www.ahmadiyya-islam.org\/ba\/islam\/casni-kuran\/","title":{"rendered":"\u010casni Kur'an"},"content":{"rendered":"<p>\u010casni Kur\u2019an je Rije\u010d \u017eivog Boga, koja \u0107e upu\u0107ivati \u010dovje\u010danstvo do krajasvijeta. Korijen ove rije\u010di je \u010dvrsto usa\u0111en u prirodu \u010dovjeka i njene grane dosti\u017eu visoko u nebo. Ovo \u010disto drvo donosi svoje plodove u svako doba. Riznice ove Bo\u017eije upute i milosti opskrbljuju \u010dovje\u010danstvo prema njihovim potrebama i prema njihovom razumu i shvatanju i prema njihovom dubokom znanju o ovom svemiru. Kao \u0161to je re\u010deno u \u010casnom Kur\u2019anu:<\/p>\n<blockquote><p>I ne postoji ni jedna stvar a da njene riznice nisu kod Nas i Mi tospu\u0161tamo samo u poznatoj mjeri. (Al-Hid\u017er 15:22)<\/p><\/blockquote>\n<p>\u010casni Kur\u2019an je bio objavljen na\u0161em voljenom poslaniku hazreti Muhammedu s.a.v.s. rije\u010d po rije\u010d. Ova objava trajala je 23 godine. Od svih knjiga samo \u010casni Kur\u2019an tvrdi da je objavljen od Boga na taj na\u010din.<\/p>\n<p>Ovo je \u010casna knjiga muslimana i u njoj je potpuna uputa ne samo za muslimane nego i za druge tako\u017eer. Bog je obe\u0107ao da \u0107e On zauvijek sa\u010duvati njegov tekst. I zato nema nikakve promjene u originalnom arapskom tekstu. On je i danas onakav je kakav je bio objavljen hazreti Muhammedu s.a.v.s. prije vi\u0161e od 14 stotina godina.<\/p>\n<p>\u010casni Kur'an sadr\u017ei 6.348 ajeta koji su razvrstani u 114 sura (poglavlja). Suprotno \u010desto zastupanom mi\u0161ljenju, sure nisu razvrstane po du\u017eini. One su rasporedene po jednom unutra\u0161njem odnosu kojeg je Allah saop\u0161tio Poslaniku s.a.v.s. Objava \u010casnog Kur'ana je po\u010dela u svetom mjesecu ramazanu, islamskom mjesecu posta, kada je jednom Bo\u017eji traga\u010d, Muhammed, kao i mnogo puta do tada, u jednoj zaba\u010denoj pe\u0107ini u okolici Meke, meditirao i razmi\u0161ljao o Bogu. Odjednom je ugledao lik koji mu je naredivao da \u010dita (arapski: \u201eIqre\u201c, zna\u010di: \u201e u\u010di\u201c, \u201e\u010ditaj\u201c,\u201erecitiraj\u201c!).<\/p>\n<p>Muhammed s.a.v.s. odgovori da ne zna da \u010dita, ali ga je taj melek ponovo tjerao da \u010dita. Naposljetku je melek objasnio da je on melek (andeo) D\u017eibril (Gabriel) koji je od Boga poslan. On je Muhammedu s.a.v.s. takoder saop\u0161tio da je on (Muhammed) odabran za \u010dovje\u010danstvu kao Bo\u017eiji poslanik, prenese zaklju\u010dni Bo\u017eiji zakon, \u010casni Kur'an. Po\u0161tovati ovaj zakon zna\u010di na\u0107i svoj mir, postati sre\u0107nim kao i postati stanovnikom D\u017eenneta. Prvi ajeti koje je melek D\u017eibril saop\u0161tio Poslaniku s.a.v.s. glase:<\/p>\n<blockquote><p><em>\u2018U ime Allaha, Milostivog, Darovaoca bez tra\u017eenja, Samilosnog.\u00a0<\/em>\u010c<em>itaj u ime Gospodara svoga koji je stvorio, On je stvorio\u00a0<\/em>\u010d<em>ovjeka od ljepljivog ugru\u0161ka.\u00a0<\/em>\u010c<em>itaj! A Gospodar tvoj je najplemenitiji. Koji je pou<\/em>\u010d<em>io perom. Pou<\/em>\u010d<em>io je\u00a0<\/em>\u010d<em>ovjeka onome \u0161to on nije znao\u2019.\u00a0<\/em>(\u010casni Kur'an 96:1-6)<\/p><\/blockquote>\n","protected":false},"excerpt":{"rendered":"<p>\u010casni Kur\u2019an je Rije\u010d \u017eivog Boga, koja \u0107e upu\u0107ivati \u010dovje\u010danstvo do krajasvijeta. Korijen ove rije\u010di je \u010dvrsto usa\u0111en u prirodu \u010dovjeka i njene grane dosti\u017eu visoko u nebo. Ovo \u010disto drvo donosi svoje plodove u svako doba. Riznice ove Bo\u017eije upute i milosti opskrbljuju \u010dovje\u010danstvo prema njihovim potrebama i prema njihovom razumu i shvatanju i<\/p>\n","protected":false},"author":36,"featured_media":2066,"parent":103,"menu_order":0,"comment_status":"closed","ping_status":"closed","template":"","meta":{"_acf_changed":false,"footnotes":""},"class_list":["post-2847","page","type-page","status-publish","has-post-thumbnail","hentry"],"acf":[],"yoast_head":"<!-- This site is optimized with the Yoast SEO Premium plugin v21.1 (Yoast SEO v27.0) - https:\/\/yoast.com\/product\/yoast-seo-premium-wordpress\/ -->\n<title>\u010casni Kur&#039;an<\/title>\n<meta name=\"description\" content=\"\u010casni Kur\u2019an je Rije\u010d \u017eivog Boga, koja \u0107e upu\u0107ivati \u010dovje\u010danstvo do krajasvijeta. Korijen ove rije\u010di je \u010dvrsto usa\u0111en u prirodu \u010dovjeka i njene grane dosti\u017eu visoko u nebo. Ovo \u010disto drvo donosi svoje plodove u svako doba.\" \/>\n<meta name=\"robots\" content=\"index, follow, max-snippet:-1, max-image-preview:large, max-video-preview:-1\" \/>\n<link rel=\"canonical\" href=\"https:\/\/www.ahmadiyya-islam.org\/ba\/islam\/casni-kuran\/\" \/>\n<meta property=\"og:locale\" content=\"bs_BA\" \/>\n<meta property=\"og:type\" content=\"article\" \/>\n<meta property=\"og:title\" content=\"\u010casni Kur&#039;an\" \/>\n<meta property=\"og:description\" content=\"\u010casni Kur\u2019an je Rije\u010d \u017eivog Boga, koja \u0107e upu\u0107ivati \u010dovje\u010danstvo do krajasvijeta. Korijen ove rije\u010di je \u010dvrsto usa\u0111en u prirodu \u010dovjeka i njene grane dosti\u017eu visoko u nebo. Ovo \u010disto drvo donosi svoje plodove u svako doba.\" \/>\n<meta property=\"og:url\" content=\"https:\/\/www.ahmadiyya-islam.org\/ba\/islam\/casni-kuran\/\" \/>\n<meta property=\"og:site_name\" content=\"Ahmadija muslimanski d\u017eemat\" \/>\n<meta property=\"article:modified_time\" content=\"2020-04-09T12:45:38+00:00\" \/>\n<meta property=\"og:image\" content=\"https:\/\/www.ahmadiyya-islam.org\/ba\/wp-content\/uploads\/sites\/16\/2020\/03\/\u010casni-Kuran-uvod.jpg\" \/>\n\t<meta property=\"og:image:width\" content=\"1200\" \/>\n\t<meta property=\"og:image:height\" content=\"684\" \/>\n\t<meta property=\"og:image:type\" content=\"image\/jpeg\" \/>\n<meta name=\"twitter:card\" content=\"summary_large_image\" \/>\n<meta name=\"twitter:label1\" content=\"Est. reading time\" \/>\n\t<meta name=\"twitter:data1\" content=\"2 minute\" \/>\n<script type=\"application\/ld+json\" class=\"yoast-schema-graph\">{\"@context\":\"https:\/\/schema.org\",\"@graph\":[{\"@type\":\"WebPage\",\"@id\":\"https:\/\/www.ahmadiyya-islam.org\/ba\/islam\/casni-kuran\/\",\"url\":\"https:\/\/www.ahmadiyya-islam.org\/ba\/islam\/casni-kuran\/\",\"name\":\"\u010casni Kur'an\",\"isPartOf\":{\"@id\":\"https:\/\/www.ahmadiyya-islam.org\/ba\/#website\"},\"primaryImageOfPage\":{\"@id\":\"https:\/\/www.ahmadiyya-islam.org\/ba\/islam\/casni-kuran\/#primaryimage\"},\"image\":{\"@id\":\"https:\/\/www.ahmadiyya-islam.org\/ba\/islam\/casni-kuran\/#primaryimage\"},\"thumbnailUrl\":\"https:\/\/www.ahmadiyya-islam.org\/ba\/wp-content\/uploads\/sites\/16\/2020\/03\/\u010casni-Kuran-uvod.jpg\",\"datePublished\":\"2020-04-09T11:52:11+00:00\",\"dateModified\":\"2020-04-09T12:45:38+00:00\",\"description\":\"\u010casni Kur\u2019an je Rije\u010d \u017eivog Boga, koja \u0107e upu\u0107ivati \u010dovje\u010danstvo do krajasvijeta. Korijen ove rije\u010di je \u010dvrsto usa\u0111en u prirodu \u010dovjeka i njene grane dosti\u017eu visoko u nebo. Ovo \u010disto drvo donosi svoje plodove u svako doba.\",\"breadcrumb\":{\"@id\":\"https:\/\/www.ahmadiyya-islam.org\/ba\/islam\/casni-kuran\/#breadcrumb\"},\"inLanguage\":\"bs-BA\",\"potentialAction\":[{\"@type\":\"ReadAction\",\"target\":[\"https:\/\/www.ahmadiyya-islam.org\/ba\/islam\/casni-kuran\/\"]}]},{\"@type\":\"ImageObject\",\"inLanguage\":\"bs-BA\",\"@id\":\"https:\/\/www.ahmadiyya-islam.org\/ba\/islam\/casni-kuran\/#primaryimage\",\"url\":\"https:\/\/www.ahmadiyya-islam.org\/ba\/wp-content\/uploads\/sites\/16\/2020\/03\/\u010casni-Kuran-uvod.jpg\",\"contentUrl\":\"https:\/\/www.ahmadiyya-islam.org\/ba\/wp-content\/uploads\/sites\/16\/2020\/03\/\u010casni-Kuran-uvod.jpg\",\"width\":1200,\"height\":684,\"caption\":\"\u010casni Kuran,O \u010casnom Kuranu,\"},{\"@type\":\"BreadcrumbList\",\"@id\":\"https:\/\/www.ahmadiyya-islam.org\/ba\/islam\/casni-kuran\/#breadcrumb\",\"itemListElement\":[{\"@type\":\"ListItem\",\"position\":1,\"name\":\"Home\",\"item\":\"https:\/\/www.ahmadiyya-islam.org\/ba\/\"},{\"@type\":\"ListItem\",\"position\":2,\"name\":\"Islam\",\"item\":\"https:\/\/www.ahmadiyya-islam.org\/ba\/islam\/\"},{\"@type\":\"ListItem\",\"position\":3,\"name\":\"\u010casni Kur'an\"}]},{\"@type\":\"WebSite\",\"@id\":\"https:\/\/www.ahmadiyya-islam.org\/ba\/#website\",\"url\":\"https:\/\/www.ahmadiyya-islam.org\/ba\/\",\"name\":\"Ahmadija muslimanski d\u017eemat\",\"description\":\"BiH\",\"publisher\":{\"@id\":\"https:\/\/www.ahmadiyya-islam.org\/ba\/#organization\"},\"potentialAction\":[{\"@type\":\"SearchAction\",\"target\":{\"@type\":\"EntryPoint\",\"urlTemplate\":\"https:\/\/www.ahmadiyya-islam.org\/ba\/?s={search_term_string}\"},\"query-input\":{\"@type\":\"PropertyValueSpecification\",\"valueRequired\":true,\"valueName\":\"search_term_string\"}}],\"inLanguage\":\"bs-BA\"},{\"@type\":\"Organization\",\"@id\":\"https:\/\/www.ahmadiyya-islam.org\/ba\/#organization\",\"name\":\"Ahmadija muslimanski d\u017eemat\",\"url\":\"https:\/\/www.ahmadiyya-islam.org\/ba\/\",\"logo\":{\"@type\":\"ImageObject\",\"inLanguage\":\"bs-BA\",\"@id\":\"https:\/\/www.ahmadiyya-islam.org\/ba\/#\/schema\/logo\/image\/\",\"url\":\"https:\/\/www.ahmadiyya-islam.org\/ba\/wp-content\/uploads\/sites\/16\/2018\/03\/cropped-alislam-logo.jpg\",\"contentUrl\":\"https:\/\/www.ahmadiyya-islam.org\/ba\/wp-content\/uploads\/sites\/16\/2018\/03\/cropped-alislam-logo.jpg\",\"width\":512,\"height\":512,\"caption\":\"Ahmadija muslimanski d\u017eemat\"},\"image\":{\"@id\":\"https:\/\/www.ahmadiyya-islam.org\/ba\/#\/schema\/logo\/image\/\"}}]}<\/script>\n<!-- \/ Yoast SEO Premium plugin. -->","yoast_head_json":{"title":"\u010casni Kur'an","description":"\u010casni Kur\u2019an je Rije\u010d \u017eivog Boga, koja \u0107e upu\u0107ivati \u010dovje\u010danstvo do krajasvijeta. Korijen ove rije\u010di je \u010dvrsto usa\u0111en u prirodu \u010dovjeka i njene grane dosti\u017eu visoko u nebo. Ovo \u010disto drvo donosi svoje plodove u svako doba.","robots":{"index":"index","follow":"follow","max-snippet":"max-snippet:-1","max-image-preview":"max-image-preview:large","max-video-preview":"max-video-preview:-1"},"canonical":"https:\/\/www.ahmadiyya-islam.org\/ba\/islam\/casni-kuran\/","og_locale":"bs_BA","og_type":"article","og_title":"\u010casni Kur'an","og_description":"\u010casni Kur\u2019an je Rije\u010d \u017eivog Boga, koja \u0107e upu\u0107ivati \u010dovje\u010danstvo do krajasvijeta. Korijen ove rije\u010di je \u010dvrsto usa\u0111en u prirodu \u010dovjeka i njene grane dosti\u017eu visoko u nebo. Ovo \u010disto drvo donosi svoje plodove u svako doba.","og_url":"https:\/\/www.ahmadiyya-islam.org\/ba\/islam\/casni-kuran\/","og_site_name":"Ahmadija muslimanski d\u017eemat","article_modified_time":"2020-04-09T12:45:38+00:00","og_image":[{"width":1200,"height":684,"url":"https:\/\/www.ahmadiyya-islam.org\/ba\/wp-content\/uploads\/sites\/16\/2020\/03\/\u010casni-Kuran-uvod.jpg","type":"image\/jpeg"}],"twitter_card":"summary_large_image","twitter_misc":{"Est. reading time":"2 minute"},"schema":{"@context":"https:\/\/schema.org","@graph":[{"@type":"WebPage","@id":"https:\/\/www.ahmadiyya-islam.org\/ba\/islam\/casni-kuran\/","url":"https:\/\/www.ahmadiyya-islam.org\/ba\/islam\/casni-kuran\/","name":"\u010casni Kur'an","isPartOf":{"@id":"https:\/\/www.ahmadiyya-islam.org\/ba\/#website"},"primaryImageOfPage":{"@id":"https:\/\/www.ahmadiyya-islam.org\/ba\/islam\/casni-kuran\/#primaryimage"},"image":{"@id":"https:\/\/www.ahmadiyya-islam.org\/ba\/islam\/casni-kuran\/#primaryimage"},"thumbnailUrl":"https:\/\/www.ahmadiyya-islam.org\/ba\/wp-content\/uploads\/sites\/16\/2020\/03\/\u010casni-Kuran-uvod.jpg","datePublished":"2020-04-09T11:52:11+00:00","dateModified":"2020-04-09T12:45:38+00:00","description":"\u010casni Kur\u2019an je Rije\u010d \u017eivog Boga, koja \u0107e upu\u0107ivati \u010dovje\u010danstvo do krajasvijeta. Korijen ove rije\u010di je \u010dvrsto usa\u0111en u prirodu \u010dovjeka i njene grane dosti\u017eu visoko u nebo. Ovo \u010disto drvo donosi svoje plodove u svako doba.","breadcrumb":{"@id":"https:\/\/www.ahmadiyya-islam.org\/ba\/islam\/casni-kuran\/#breadcrumb"},"inLanguage":"bs-BA","potentialAction":[{"@type":"ReadAction","target":["https:\/\/www.ahmadiyya-islam.org\/ba\/islam\/casni-kuran\/"]}]},{"@type":"ImageObject","inLanguage":"bs-BA","@id":"https:\/\/www.ahmadiyya-islam.org\/ba\/islam\/casni-kuran\/#primaryimage","url":"https:\/\/www.ahmadiyya-islam.org\/ba\/wp-content\/uploads\/sites\/16\/2020\/03\/\u010casni-Kuran-uvod.jpg","contentUrl":"https:\/\/www.ahmadiyya-islam.org\/ba\/wp-content\/uploads\/sites\/16\/2020\/03\/\u010casni-Kuran-uvod.jpg","width":1200,"height":684,"caption":"\u010casni Kuran,O \u010casnom Kuranu,"},{"@type":"BreadcrumbList","@id":"https:\/\/www.ahmadiyya-islam.org\/ba\/islam\/casni-kuran\/#breadcrumb","itemListElement":[{"@type":"ListItem","position":1,"name":"Home","item":"https:\/\/www.ahmadiyya-islam.org\/ba\/"},{"@type":"ListItem","position":2,"name":"Islam","item":"https:\/\/www.ahmadiyya-islam.org\/ba\/islam\/"},{"@type":"ListItem","position":3,"name":"\u010casni Kur'an"}]},{"@type":"WebSite","@id":"https:\/\/www.ahmadiyya-islam.org\/ba\/#website","url":"https:\/\/www.ahmadiyya-islam.org\/ba\/","name":"Ahmadija muslimanski d\u017eemat","description":"BiH","publisher":{"@id":"https:\/\/www.ahmadiyya-islam.org\/ba\/#organization"},"potentialAction":[{"@type":"SearchAction","target":{"@type":"EntryPoint","urlTemplate":"https:\/\/www.ahmadiyya-islam.org\/ba\/?s={search_term_string}"},"query-input":{"@type":"PropertyValueSpecification","valueRequired":true,"valueName":"search_term_string"}}],"inLanguage":"bs-BA"},{"@type":"Organization","@id":"https:\/\/www.ahmadiyya-islam.org\/ba\/#organization","name":"Ahmadija muslimanski d\u017eemat","url":"https:\/\/www.ahmadiyya-islam.org\/ba\/","logo":{"@type":"ImageObject","inLanguage":"bs-BA","@id":"https:\/\/www.ahmadiyya-islam.org\/ba\/#\/schema\/logo\/image\/","url":"https:\/\/www.ahmadiyya-islam.org\/ba\/wp-content\/uploads\/sites\/16\/2018\/03\/cropped-alislam-logo.jpg","contentUrl":"https:\/\/www.ahmadiyya-islam.org\/ba\/wp-content\/uploads\/sites\/16\/2018\/03\/cropped-alislam-logo.jpg","width":512,"height":512,"caption":"Ahmadija muslimanski d\u017eemat"},"image":{"@id":"https:\/\/www.ahmadiyya-islam.org\/ba\/#\/schema\/logo\/image\/"}}]}},"_links":{"self":[{"href":"https:\/\/www.ahmadiyya-islam.org\/ba\/wp-json\/wp\/v2\/pages\/2847","targetHints":{"allow":["GET"]}}],"collection":[{"href":"https:\/\/www.ahmadiyya-islam.org\/ba\/wp-json\/wp\/v2\/pages"}],"about":[{"href":"https:\/\/www.ahmadiyya-islam.org\/ba\/wp-json\/wp\/v2\/types\/page"}],"author":[{"embeddable":true,"href":"https:\/\/www.ahmadiyya-islam.org\/ba\/wp-json\/wp\/v2\/users\/36"}],"replies":[{"embeddable":true,"href":"https:\/\/www.ahmadiyya-islam.org\/ba\/wp-json\/wp\/v2\/comments?post=2847"}],"version-history":[{"count":0,"href":"https:\/\/www.ahmadiyya-islam.org\/ba\/wp-json\/wp\/v2\/pages\/2847\/revisions"}],"up":[{"embeddable":true,"href":"https:\/\/www.ahmadiyya-islam.org\/ba\/wp-json\/wp\/v2\/pages\/103"}],"wp:featuredmedia":[{"embeddable":true,"href":"https:\/\/www.ahmadiyya-islam.org\/ba\/wp-json\/wp\/v2\/media\/2066"}],"wp:attachment":[{"href":"https:\/\/www.ahmadiyya-islam.org\/ba\/wp-json\/wp\/v2\/media?parent=2847"}],"curies":[{"name":"wp","href":"https:\/\/api.w.org\/{rel}","templated":true}]}}