{"id":1958,"date":"2020-02-23T21:06:45","date_gmt":"2020-02-23T21:06:45","guid":{"rendered":"https:\/\/www.ahmadiyya-islam.org\/ba\/?page_id=1958"},"modified":"2020-04-09T18:48:37","modified_gmt":"2020-04-09T18:48:37","slug":"ahmedija-dzemaat","status":"publish","type":"page","link":"https:\/\/www.ahmadiyya-islam.org\/ba\/ahmedija-dzemaat\/","title":{"rendered":"Ahmedija"},"content":{"rendered":"<p>Ahmadija pokret u islamu je vjerska organizacija, internacionalna u svom djelokrugu, sa ograncima u preko 213 zemalja u Africi, sjevernoj Americi, ju\u017enoj Americi, Aziji, Australiji i Evropi. Trenutno ukupan broj \u010dlanova prelazi <strong>200 miliona \u0161irom svijeta<\/strong>, i ovi brojevi se iz dana u dan pove\u0107avaju. Ovo je najdinami\u010dnija denominacija islama u modernoj historiji. Ahmadija pokret je osnovao Hazret Mirza Ghulam Ahmad (1835-1908) u 1889. godini u malom i udaljenom selu Kadian, u Pend\u017eabu, Indija. On je tvrdio da je o\u010dekivani reformator kasnijeg doba, onaj Kojeg su is\u010dekivale svijetske zajednice religija (Mehdi i Mesija). Pokret koji je zapo\u010deo utjelovljenje je dobrotvorne poruke islama \u2013 mira, univerzalnog bratstva i pokornosti Bo\u017eijoj volji \u2013 u njenoj prvobitnoj \u010disto\u0107i. Hazret Ahmad je islam proglasio religijom \u010dovjeka: \u201dReligija ljudi pravog puta\u201d (98:6)<\/p>\n<p>Sa\u00a0 ovim\u00a0 ubje\u0111enjem,\u00a0 Ahmadija\u00a0 pokret\u00a0 je,\u00a0 u\u00a0 toku\u00a0 stolje\u0107a,\u00a0 dopro\u00a0 do najudaljenijih krajeva Zemlje. Gdje god je Pokret osnovan, on nastoji da vr\u0161i konstruktivan uticaj islama kroz dru\u0161tvene projekte, obrazovne institucije, zdravstvene usluge, islamska izdanja i gradnju d\u017eamija, uprkos toga \u0161to je o\u0161tro proganjan u nekim zemljama. Ahmadi muslimani su zaradili raspoznatljivost kao oni koji po\u0161tuju zakon, kao miroljubiva, \u010dvrsto stoje\u0107a i dobro\u010diniteljska zajednica.<\/p>\n<p>Ahmadija pokret u islamu je bio osnovan pod Bo\u017eijom uputom s ciljem da podmladi islamski moral i duhovne vrijednosti. On poti\u010de me\u0111uvjerski dijalog, i marljivo brani islam i nastoji da ispravi pogre\u0161no shvatanje o islamu na zapadu. On zagovara mir, toleranciju, ljubav i razumijevanje me\u0111u sljedbenicima razli\u010ditih vjera. Pokret \u010dvrsto vjeruje u, i postupa prema Kur\u2019anskom u\u010denju:\u00a0<strong>\u2018U vjeri nema prisile.\u2019<\/strong>\u00a0(2:257). On\u00a0<strong>o\u0161tro odbija nasilje i terorizam<\/strong>\u00a0u bilo kojem obliku i zbog bilo kakvog razloga.<\/p>\n<ul>\n<li><a href=\"https:\/\/www.ahmadiyya-islam.org\/ba\/%C4%8Dlanci\/ahmadija-pokret-u-islamu\/\" target=\"_blank\" rel=\"noopener noreferrer\">Pro\u010ditajte op\u0161irnije u na\u0161oj bro\u0161uri \u201cAhmadija pokret u Islamu\u201d.\u00a0<\/a><\/li>\n<li><a href=\"https:\/\/www.ahmadiyya-islam.org\/ba\/biblioteka\/istina-o-ahmadija-muslimanskom-dzamatu-i-njihovom-casnom-osnivacu\/\" target=\"_blank\" rel=\"noopener noreferrer\">Istaina o Ahmadija muslimanskom d\u017eamatu i njihovom \u010dasnom osniva\u010du.<\/a><\/li>\n<li><a href=\"https:\/\/www.ahmadiyya-islam.org\/ba\/biblioteka\/historija-ahmadijata-2\/\" target=\"_blank\" rel=\"noopener noreferrer\">Kompletna historija Ahmadija muslimanskog d\u017eemata od 1889. do 1965.<\/a><\/li>\n<li><a href=\"https:\/\/www.ahmadiyya-islam.org\/ba\/biblioteka\/osnovne-i-bitne-informacije-o-ahmadijatu\/\" target=\"_blank\" rel=\"noopener noreferrer\">Osnovne i bitne informacije o ahmadijatu.<\/a><\/li>\n<\/ul>\n","protected":false},"excerpt":{"rendered":"<p>Ahmadija pokret u islamu je vjerska organizacija, internacionalna u svom djelokrugu, sa ograncima u preko 213 zemalja u Africi, sjevernoj Americi, ju\u017enoj Americi, Aziji, Australiji i Evropi. Trenutno ukupan broj \u010dlanova prelazi 200 miliona \u0161irom svijeta, i ovi brojevi se iz dana u dan pove\u0107avaju. Ovo je najdinami\u010dnija denominacija islama u modernoj historiji. Ahmadija pokret<\/p>\n","protected":false},"author":36,"featured_media":2061,"parent":0,"menu_order":0,"comment_status":"closed","ping_status":"closed","template":"","meta":{"_acf_changed":false,"footnotes":""},"class_list":["post-1958","page","type-page","status-publish","has-post-thumbnail","hentry"],"acf":[],"yoast_head":"<!-- This site is optimized with the Yoast SEO Premium plugin v21.1 (Yoast SEO v27.4) - https:\/\/yoast.com\/product\/yoast-seo-premium-wordpress\/ -->\n<title>Ahmedija Muslimanski D\u017eemat<\/title>\n<meta name=\"robots\" content=\"index, follow, max-snippet:-1, max-image-preview:large, max-video-preview:-1\" \/>\n<link rel=\"canonical\" href=\"https:\/\/www.ahmadiyya-islam.org\/ba\/ahmedija-dzemaat\/\" \/>\n<meta property=\"og:locale\" content=\"bs_BA\" \/>\n<meta property=\"og:type\" content=\"article\" \/>\n<meta property=\"og:title\" content=\"Ahmedija\" \/>\n<meta property=\"og:description\" content=\"Ahmadija pokret u islamu je vjerska organizacija, internacionalna u svom djelokrugu, sa ograncima u preko 213 zemalja u Africi, sjevernoj Americi, ju\u017enoj Americi, Aziji, Australiji i Evropi. Trenutno ukupan broj \u010dlanova prelazi 200 miliona \u0161irom svijeta, i ovi brojevi se iz dana u dan pove\u0107avaju. Ovo je najdinami\u010dnija denominacija islama u modernoj historiji. Ahmadija pokret\" \/>\n<meta property=\"og:url\" content=\"https:\/\/www.ahmadiyya-islam.org\/ba\/ahmedija-dzemaat\/\" \/>\n<meta property=\"og:site_name\" content=\"Ahmadija muslimanski d\u017eemat\" \/>\n<meta property=\"article:modified_time\" content=\"2020-04-09T18:48:37+00:00\" \/>\n<meta property=\"og:image\" content=\"https:\/\/www.ahmadiyya-islam.org\/ba\/wp-content\/uploads\/sites\/16\/2020\/03\/qadian-Darul-Aman.jpg\" \/>\n\t<meta property=\"og:image:width\" content=\"1200\" \/>\n\t<meta property=\"og:image:height\" content=\"800\" \/>\n\t<meta property=\"og:image:type\" content=\"image\/jpeg\" \/>\n<meta name=\"twitter:card\" content=\"summary_large_image\" \/>\n<meta name=\"twitter:label1\" content=\"Est. reading time\" \/>\n\t<meta name=\"twitter:data1\" content=\"2 minute\" \/>\n<script type=\"application\/ld+json\" class=\"yoast-schema-graph\">{\"@context\":\"https:\\\/\\\/schema.org\",\"@graph\":[{\"@type\":\"WebPage\",\"@id\":\"https:\\\/\\\/www.ahmadiyya-islam.org\\\/ba\\\/ahmedija-dzemaat\\\/\",\"url\":\"https:\\\/\\\/www.ahmadiyya-islam.org\\\/ba\\\/ahmedija-dzemaat\\\/\",\"name\":\"Ahmedija Muslimanski D\u017eemat\",\"isPartOf\":{\"@id\":\"https:\\\/\\\/www.ahmadiyya-islam.org\\\/ba\\\/#website\"},\"primaryImageOfPage\":{\"@id\":\"https:\\\/\\\/www.ahmadiyya-islam.org\\\/ba\\\/ahmedija-dzemaat\\\/#primaryimage\"},\"image\":{\"@id\":\"https:\\\/\\\/www.ahmadiyya-islam.org\\\/ba\\\/ahmedija-dzemaat\\\/#primaryimage\"},\"thumbnailUrl\":\"https:\\\/\\\/www.ahmadiyya-islam.org\\\/ba\\\/wp-content\\\/uploads\\\/sites\\\/16\\\/2020\\\/03\\\/qadian-Darul-Aman.jpg\",\"datePublished\":\"2020-02-23T21:06:45+00:00\",\"dateModified\":\"2020-04-09T18:48:37+00:00\",\"breadcrumb\":{\"@id\":\"https:\\\/\\\/www.ahmadiyya-islam.org\\\/ba\\\/ahmedija-dzemaat\\\/#breadcrumb\"},\"inLanguage\":\"bs-BA\",\"potentialAction\":[{\"@type\":\"ReadAction\",\"target\":[\"https:\\\/\\\/www.ahmadiyya-islam.org\\\/ba\\\/ahmedija-dzemaat\\\/\"]}]},{\"@type\":\"ImageObject\",\"inLanguage\":\"bs-BA\",\"@id\":\"https:\\\/\\\/www.ahmadiyya-islam.org\\\/ba\\\/ahmedija-dzemaat\\\/#primaryimage\",\"url\":\"https:\\\/\\\/www.ahmadiyya-islam.org\\\/ba\\\/wp-content\\\/uploads\\\/sites\\\/16\\\/2020\\\/03\\\/qadian-Darul-Aman.jpg\",\"contentUrl\":\"https:\\\/\\\/www.ahmadiyya-islam.org\\\/ba\\\/wp-content\\\/uploads\\\/sites\\\/16\\\/2020\\\/03\\\/qadian-Darul-Aman.jpg\",\"width\":1200,\"height\":800,\"caption\":\"Imam Mahdi,Kadijan\"},{\"@type\":\"BreadcrumbList\",\"@id\":\"https:\\\/\\\/www.ahmadiyya-islam.org\\\/ba\\\/ahmedija-dzemaat\\\/#breadcrumb\",\"itemListElement\":[{\"@type\":\"ListItem\",\"position\":1,\"name\":\"Home\",\"item\":\"https:\\\/\\\/www.ahmadiyya-islam.org\\\/ba\\\/\"},{\"@type\":\"ListItem\",\"position\":2,\"name\":\"Ahmedija\"}]},{\"@type\":\"WebSite\",\"@id\":\"https:\\\/\\\/www.ahmadiyya-islam.org\\\/ba\\\/#website\",\"url\":\"https:\\\/\\\/www.ahmadiyya-islam.org\\\/ba\\\/\",\"name\":\"Ahmadija muslimanski d\u017eemat\",\"description\":\"BiH\",\"publisher\":{\"@id\":\"https:\\\/\\\/www.ahmadiyya-islam.org\\\/ba\\\/#organization\"},\"potentialAction\":[{\"@type\":\"SearchAction\",\"target\":{\"@type\":\"EntryPoint\",\"urlTemplate\":\"https:\\\/\\\/www.ahmadiyya-islam.org\\\/ba\\\/?s={search_term_string}\"},\"query-input\":{\"@type\":\"PropertyValueSpecification\",\"valueRequired\":true,\"valueName\":\"search_term_string\"}}],\"inLanguage\":\"bs-BA\"},{\"@type\":\"Organization\",\"@id\":\"https:\\\/\\\/www.ahmadiyya-islam.org\\\/ba\\\/#organization\",\"name\":\"Ahmadija muslimanski d\u017eemat\",\"url\":\"https:\\\/\\\/www.ahmadiyya-islam.org\\\/ba\\\/\",\"logo\":{\"@type\":\"ImageObject\",\"inLanguage\":\"bs-BA\",\"@id\":\"https:\\\/\\\/www.ahmadiyya-islam.org\\\/ba\\\/#\\\/schema\\\/logo\\\/image\\\/\",\"url\":\"https:\\\/\\\/www.ahmadiyya-islam.org\\\/ba\\\/wp-content\\\/uploads\\\/sites\\\/16\\\/2018\\\/03\\\/cropped-alislam-logo.jpg\",\"contentUrl\":\"https:\\\/\\\/www.ahmadiyya-islam.org\\\/ba\\\/wp-content\\\/uploads\\\/sites\\\/16\\\/2018\\\/03\\\/cropped-alislam-logo.jpg\",\"width\":512,\"height\":512,\"caption\":\"Ahmadija muslimanski d\u017eemat\"},\"image\":{\"@id\":\"https:\\\/\\\/www.ahmadiyya-islam.org\\\/ba\\\/#\\\/schema\\\/logo\\\/image\\\/\"}}]}<\/script>\n<!-- \/ Yoast SEO Premium plugin. -->","yoast_head_json":{"title":"Ahmedija Muslimanski D\u017eemat","robots":{"index":"index","follow":"follow","max-snippet":"max-snippet:-1","max-image-preview":"max-image-preview:large","max-video-preview":"max-video-preview:-1"},"canonical":"https:\/\/www.ahmadiyya-islam.org\/ba\/ahmedija-dzemaat\/","og_locale":"bs_BA","og_type":"article","og_title":"Ahmedija","og_description":"Ahmadija pokret u islamu je vjerska organizacija, internacionalna u svom djelokrugu, sa ograncima u preko 213 zemalja u Africi, sjevernoj Americi, ju\u017enoj Americi, Aziji, Australiji i Evropi. Trenutno ukupan broj \u010dlanova prelazi 200 miliona \u0161irom svijeta, i ovi brojevi se iz dana u dan pove\u0107avaju. Ovo je najdinami\u010dnija denominacija islama u modernoj historiji. Ahmadija pokret","og_url":"https:\/\/www.ahmadiyya-islam.org\/ba\/ahmedija-dzemaat\/","og_site_name":"Ahmadija muslimanski d\u017eemat","article_modified_time":"2020-04-09T18:48:37+00:00","og_image":[{"width":1200,"height":800,"url":"https:\/\/www.ahmadiyya-islam.org\/ba\/wp-content\/uploads\/sites\/16\/2020\/03\/qadian-Darul-Aman.jpg","type":"image\/jpeg"}],"twitter_card":"summary_large_image","twitter_misc":{"Est. reading time":"2 minute"},"schema":{"@context":"https:\/\/schema.org","@graph":[{"@type":"WebPage","@id":"https:\/\/www.ahmadiyya-islam.org\/ba\/ahmedija-dzemaat\/","url":"https:\/\/www.ahmadiyya-islam.org\/ba\/ahmedija-dzemaat\/","name":"Ahmedija Muslimanski D\u017eemat","isPartOf":{"@id":"https:\/\/www.ahmadiyya-islam.org\/ba\/#website"},"primaryImageOfPage":{"@id":"https:\/\/www.ahmadiyya-islam.org\/ba\/ahmedija-dzemaat\/#primaryimage"},"image":{"@id":"https:\/\/www.ahmadiyya-islam.org\/ba\/ahmedija-dzemaat\/#primaryimage"},"thumbnailUrl":"https:\/\/www.ahmadiyya-islam.org\/ba\/wp-content\/uploads\/sites\/16\/2020\/03\/qadian-Darul-Aman.jpg","datePublished":"2020-02-23T21:06:45+00:00","dateModified":"2020-04-09T18:48:37+00:00","breadcrumb":{"@id":"https:\/\/www.ahmadiyya-islam.org\/ba\/ahmedija-dzemaat\/#breadcrumb"},"inLanguage":"bs-BA","potentialAction":[{"@type":"ReadAction","target":["https:\/\/www.ahmadiyya-islam.org\/ba\/ahmedija-dzemaat\/"]}]},{"@type":"ImageObject","inLanguage":"bs-BA","@id":"https:\/\/www.ahmadiyya-islam.org\/ba\/ahmedija-dzemaat\/#primaryimage","url":"https:\/\/www.ahmadiyya-islam.org\/ba\/wp-content\/uploads\/sites\/16\/2020\/03\/qadian-Darul-Aman.jpg","contentUrl":"https:\/\/www.ahmadiyya-islam.org\/ba\/wp-content\/uploads\/sites\/16\/2020\/03\/qadian-Darul-Aman.jpg","width":1200,"height":800,"caption":"Imam Mahdi,Kadijan"},{"@type":"BreadcrumbList","@id":"https:\/\/www.ahmadiyya-islam.org\/ba\/ahmedija-dzemaat\/#breadcrumb","itemListElement":[{"@type":"ListItem","position":1,"name":"Home","item":"https:\/\/www.ahmadiyya-islam.org\/ba\/"},{"@type":"ListItem","position":2,"name":"Ahmedija"}]},{"@type":"WebSite","@id":"https:\/\/www.ahmadiyya-islam.org\/ba\/#website","url":"https:\/\/www.ahmadiyya-islam.org\/ba\/","name":"Ahmadija muslimanski d\u017eemat","description":"BiH","publisher":{"@id":"https:\/\/www.ahmadiyya-islam.org\/ba\/#organization"},"potentialAction":[{"@type":"SearchAction","target":{"@type":"EntryPoint","urlTemplate":"https:\/\/www.ahmadiyya-islam.org\/ba\/?s={search_term_string}"},"query-input":{"@type":"PropertyValueSpecification","valueRequired":true,"valueName":"search_term_string"}}],"inLanguage":"bs-BA"},{"@type":"Organization","@id":"https:\/\/www.ahmadiyya-islam.org\/ba\/#organization","name":"Ahmadija muslimanski d\u017eemat","url":"https:\/\/www.ahmadiyya-islam.org\/ba\/","logo":{"@type":"ImageObject","inLanguage":"bs-BA","@id":"https:\/\/www.ahmadiyya-islam.org\/ba\/#\/schema\/logo\/image\/","url":"https:\/\/www.ahmadiyya-islam.org\/ba\/wp-content\/uploads\/sites\/16\/2018\/03\/cropped-alislam-logo.jpg","contentUrl":"https:\/\/www.ahmadiyya-islam.org\/ba\/wp-content\/uploads\/sites\/16\/2018\/03\/cropped-alislam-logo.jpg","width":512,"height":512,"caption":"Ahmadija muslimanski d\u017eemat"},"image":{"@id":"https:\/\/www.ahmadiyya-islam.org\/ba\/#\/schema\/logo\/image\/"}}]}},"_links":{"self":[{"href":"https:\/\/www.ahmadiyya-islam.org\/ba\/wp-json\/wp\/v2\/pages\/1958","targetHints":{"allow":["GET"]}}],"collection":[{"href":"https:\/\/www.ahmadiyya-islam.org\/ba\/wp-json\/wp\/v2\/pages"}],"about":[{"href":"https:\/\/www.ahmadiyya-islam.org\/ba\/wp-json\/wp\/v2\/types\/page"}],"author":[{"embeddable":true,"href":"https:\/\/www.ahmadiyya-islam.org\/ba\/wp-json\/wp\/v2\/users\/36"}],"replies":[{"embeddable":true,"href":"https:\/\/www.ahmadiyya-islam.org\/ba\/wp-json\/wp\/v2\/comments?post=1958"}],"version-history":[{"count":0,"href":"https:\/\/www.ahmadiyya-islam.org\/ba\/wp-json\/wp\/v2\/pages\/1958\/revisions"}],"wp:featuredmedia":[{"embeddable":true,"href":"https:\/\/www.ahmadiyya-islam.org\/ba\/wp-json\/wp\/v2\/media\/2061"}],"wp:attachment":[{"href":"https:\/\/www.ahmadiyya-islam.org\/ba\/wp-json\/wp\/v2\/media?parent=1958"}],"curies":[{"name":"wp","href":"https:\/\/api.w.org\/{rel}","templated":true}]}}