{"id":1083,"date":"2019-06-12T10:17:54","date_gmt":"2019-06-12T10:17:54","guid":{"rendered":"https:\/\/www.ahmadiyya-islam.org\/ba\/?page_id=1083"},"modified":"2024-04-01T04:02:18","modified_gmt":"2024-04-01T04:02:18","slug":"vaktija-za-namaz","status":"publish","type":"page","link":"https:\/\/www.ahmadiyya-islam.org\/ba\/vaktija-za-namaz\/","title":{"rendered":"Vaktija za namaz"},"content":{"rendered":"<h2><span style=\"vertical-align: inherit;\"><span style=\"vertical-align: inherit;\"><span style=\"vertical-align: inherit;\"><span style=\"vertical-align: inherit;\">Obavijest<\/span><\/span><\/span><\/span><\/h2>\n<p><span style=\"vertical-align: inherit;\"><span style=\"vertical-align: inherit;\"><span style=\"vertical-align: inherit;\"><span style=\"vertical-align: inherit;\">Funkcionalno vrijeme molitve \u0107e, ako Bog da, uskoro biti uspostavljeno. <\/span><\/span><\/span><span style=\"vertical-align: inherit;\"><span style=\"vertical-align: inherit;\"><span style=\"vertical-align: inherit;\">Hvala vam na posjeti. <\/span><\/span><\/span><span style=\"vertical-align: inherit;\"><span style=\"vertical-align: inherit;\"><span style=\"vertical-align: inherit;\">U me\u0111uvremenu, mo\u017eete iskoristiti prednosti ovih linkova:<\/span><\/span><\/span><\/span><\/p>\n<ul>\n<li><a href=\"https:\/\/www.ahmadiyya-islam.org\/ba\/dove\/\" rel=\"\"><strong><span style=\"vertical-align: inherit;\"><span style=\"vertical-align: inherit;\"><span style=\"vertical-align: inherit;\"><span style=\"vertical-align: inherit;\">GDJE JE<\/span><\/span><\/span><\/span><\/strong><\/a><\/li>\n<li><strong><a href=\"https:\/\/www.ahmadiyya-islam.org\/ba\/clanci\/\" rel=\"\"><span style=\"vertical-align: inherit;\"><span style=\"vertical-align: inherit;\"><span style=\"vertical-align: inherit;\"><span style=\"vertical-align: inherit;\">\u010cLANCI<\/span><\/span><\/span><\/span><\/a><\/strong><\/li>\n<li><strong><a href=\"https:\/\/www.ahmadiyya-islam.org\/ba\/pitanja\/\" rel=\"\"><span style=\"vertical-align: inherit;\"><span style=\"vertical-align: inherit;\"><span style=\"vertical-align: inherit;\"><span style=\"vertical-align: inherit;\">PITANJA<\/span><\/span><\/span><\/span><\/a><\/strong><\/li>\n<\/ul>\n","protected":false},"excerpt":{"rendered":"<p>Obavijest Funkcionalno vrijeme molitve \u0107e, ako Bog da, uskoro biti uspostavljeno. Hvala vam na posjeti. U me\u0111uvremenu, mo\u017eete iskoristiti prednosti ovih linkova: GDJE JE \u010cLANCI PITANJA<\/p>\n","protected":false},"author":5,"featured_media":0,"parent":0,"menu_order":0,"comment_status":"closed","ping_status":"closed","template":"pages\/template-namazplan-new.php","meta":{"_acf_changed":false,"footnotes":""},"class_list":["post-1083","page","type-page","status-publish","hentry"],"acf":[],"yoast_head":"<!-- This site is optimized with the Yoast SEO Premium plugin v21.1 (Yoast SEO v27.0) - https:\/\/yoast.com\/product\/yoast-seo-premium-wordpress\/ -->\n<title>Vaktija za namaz - Vaktija za Bosnu i Hercegovinu i cijeli svijet<\/title>\n<meta name=\"description\" content=\"Vaktija za Bosnu i Hercegovinu i cijeli svijet. Mo\u017ete pratiti vrijeme namaza iz cijelog svijeta. Pratite Online ili preuzmite PDF-a.\" \/>\n<meta name=\"robots\" content=\"index, follow, max-snippet:-1, max-image-preview:large, max-video-preview:-1\" \/>\n<link rel=\"canonical\" href=\"https:\/\/www.ahmadiyya-islam.org\/ba\/vaktija-za-namaz\/\" \/>\n<meta property=\"og:locale\" content=\"bs_BA\" \/>\n<meta property=\"og:type\" content=\"article\" \/>\n<meta property=\"og:title\" content=\"Vaktija za namaz\" \/>\n<meta property=\"og:description\" content=\"Vaktija za Bosnu i Hercegovinu i cijeli svijet. Mo\u017ete pratiti vrijeme namaza iz cijelog svijeta. Pratite Online ili preuzmite PDF-a.\" \/>\n<meta property=\"og:url\" content=\"https:\/\/www.ahmadiyya-islam.org\/ba\/vaktija-za-namaz\/\" \/>\n<meta property=\"og:site_name\" content=\"Ahmadija muslimanski d\u017eemat\" \/>\n<meta property=\"article:modified_time\" content=\"2024-04-01T04:02:18+00:00\" \/>\n<meta name=\"twitter:card\" content=\"summary_large_image\" \/>\n<meta name=\"twitter:label1\" content=\"Est. reading time\" \/>\n\t<meta name=\"twitter:data1\" content=\"1 minuta\" \/>\n<script type=\"application\/ld+json\" class=\"yoast-schema-graph\">{\"@context\":\"https:\/\/schema.org\",\"@graph\":[{\"@type\":\"WebPage\",\"@id\":\"https:\/\/www.ahmadiyya-islam.org\/ba\/vaktija-za-namaz\/\",\"url\":\"https:\/\/www.ahmadiyya-islam.org\/ba\/vaktija-za-namaz\/\",\"name\":\"Vaktija za namaz - Vaktija za Bosnu i Hercegovinu i cijeli svijet\",\"isPartOf\":{\"@id\":\"https:\/\/www.ahmadiyya-islam.org\/ba\/#website\"},\"datePublished\":\"2019-06-12T10:17:54+00:00\",\"dateModified\":\"2024-04-01T04:02:18+00:00\",\"description\":\"Vaktija za Bosnu i Hercegovinu i cijeli svijet. Mo\u017ete pratiti vrijeme namaza iz cijelog svijeta. Pratite Online ili preuzmite PDF-a.\",\"breadcrumb\":{\"@id\":\"https:\/\/www.ahmadiyya-islam.org\/ba\/vaktija-za-namaz\/#breadcrumb\"},\"inLanguage\":\"bs-BA\",\"potentialAction\":[{\"@type\":\"ReadAction\",\"target\":[\"https:\/\/www.ahmadiyya-islam.org\/ba\/vaktija-za-namaz\/\"]}]},{\"@type\":\"BreadcrumbList\",\"@id\":\"https:\/\/www.ahmadiyya-islam.org\/ba\/vaktija-za-namaz\/#breadcrumb\",\"itemListElement\":[{\"@type\":\"ListItem\",\"position\":1,\"name\":\"Home\",\"item\":\"https:\/\/www.ahmadiyya-islam.org\/ba\/\"},{\"@type\":\"ListItem\",\"position\":2,\"name\":\"Vaktija za namaz\"}]},{\"@type\":\"WebSite\",\"@id\":\"https:\/\/www.ahmadiyya-islam.org\/ba\/#website\",\"url\":\"https:\/\/www.ahmadiyya-islam.org\/ba\/\",\"name\":\"Ahmadija muslimanski d\u017eemat\",\"description\":\"BiH\",\"publisher\":{\"@id\":\"https:\/\/www.ahmadiyya-islam.org\/ba\/#organization\"},\"potentialAction\":[{\"@type\":\"SearchAction\",\"target\":{\"@type\":\"EntryPoint\",\"urlTemplate\":\"https:\/\/www.ahmadiyya-islam.org\/ba\/?s={search_term_string}\"},\"query-input\":{\"@type\":\"PropertyValueSpecification\",\"valueRequired\":true,\"valueName\":\"search_term_string\"}}],\"inLanguage\":\"bs-BA\"},{\"@type\":\"Organization\",\"@id\":\"https:\/\/www.ahmadiyya-islam.org\/ba\/#organization\",\"name\":\"Ahmadija muslimanski d\u017eemat\",\"url\":\"https:\/\/www.ahmadiyya-islam.org\/ba\/\",\"logo\":{\"@type\":\"ImageObject\",\"inLanguage\":\"bs-BA\",\"@id\":\"https:\/\/www.ahmadiyya-islam.org\/ba\/#\/schema\/logo\/image\/\",\"url\":\"https:\/\/www.ahmadiyya-islam.org\/ba\/wp-content\/uploads\/sites\/16\/2018\/03\/cropped-alislam-logo.jpg\",\"contentUrl\":\"https:\/\/www.ahmadiyya-islam.org\/ba\/wp-content\/uploads\/sites\/16\/2018\/03\/cropped-alislam-logo.jpg\",\"width\":512,\"height\":512,\"caption\":\"Ahmadija muslimanski d\u017eemat\"},\"image\":{\"@id\":\"https:\/\/www.ahmadiyya-islam.org\/ba\/#\/schema\/logo\/image\/\"}}]}<\/script>\n<!-- \/ Yoast SEO Premium plugin. -->","yoast_head_json":{"title":"Vaktija za namaz - Vaktija za Bosnu i Hercegovinu i cijeli svijet","description":"Vaktija za Bosnu i Hercegovinu i cijeli svijet. Mo\u017ete pratiti vrijeme namaza iz cijelog svijeta. Pratite Online ili preuzmite PDF-a.","robots":{"index":"index","follow":"follow","max-snippet":"max-snippet:-1","max-image-preview":"max-image-preview:large","max-video-preview":"max-video-preview:-1"},"canonical":"https:\/\/www.ahmadiyya-islam.org\/ba\/vaktija-za-namaz\/","og_locale":"bs_BA","og_type":"article","og_title":"Vaktija za namaz","og_description":"Vaktija za Bosnu i Hercegovinu i cijeli svijet. Mo\u017ete pratiti vrijeme namaza iz cijelog svijeta. Pratite Online ili preuzmite PDF-a.","og_url":"https:\/\/www.ahmadiyya-islam.org\/ba\/vaktija-za-namaz\/","og_site_name":"Ahmadija muslimanski d\u017eemat","article_modified_time":"2024-04-01T04:02:18+00:00","twitter_card":"summary_large_image","twitter_misc":{"Est. reading time":"1 minuta"},"schema":{"@context":"https:\/\/schema.org","@graph":[{"@type":"WebPage","@id":"https:\/\/www.ahmadiyya-islam.org\/ba\/vaktija-za-namaz\/","url":"https:\/\/www.ahmadiyya-islam.org\/ba\/vaktija-za-namaz\/","name":"Vaktija za namaz - Vaktija za Bosnu i Hercegovinu i cijeli svijet","isPartOf":{"@id":"https:\/\/www.ahmadiyya-islam.org\/ba\/#website"},"datePublished":"2019-06-12T10:17:54+00:00","dateModified":"2024-04-01T04:02:18+00:00","description":"Vaktija za Bosnu i Hercegovinu i cijeli svijet. Mo\u017ete pratiti vrijeme namaza iz cijelog svijeta. Pratite Online ili preuzmite PDF-a.","breadcrumb":{"@id":"https:\/\/www.ahmadiyya-islam.org\/ba\/vaktija-za-namaz\/#breadcrumb"},"inLanguage":"bs-BA","potentialAction":[{"@type":"ReadAction","target":["https:\/\/www.ahmadiyya-islam.org\/ba\/vaktija-za-namaz\/"]}]},{"@type":"BreadcrumbList","@id":"https:\/\/www.ahmadiyya-islam.org\/ba\/vaktija-za-namaz\/#breadcrumb","itemListElement":[{"@type":"ListItem","position":1,"name":"Home","item":"https:\/\/www.ahmadiyya-islam.org\/ba\/"},{"@type":"ListItem","position":2,"name":"Vaktija za namaz"}]},{"@type":"WebSite","@id":"https:\/\/www.ahmadiyya-islam.org\/ba\/#website","url":"https:\/\/www.ahmadiyya-islam.org\/ba\/","name":"Ahmadija muslimanski d\u017eemat","description":"BiH","publisher":{"@id":"https:\/\/www.ahmadiyya-islam.org\/ba\/#organization"},"potentialAction":[{"@type":"SearchAction","target":{"@type":"EntryPoint","urlTemplate":"https:\/\/www.ahmadiyya-islam.org\/ba\/?s={search_term_string}"},"query-input":{"@type":"PropertyValueSpecification","valueRequired":true,"valueName":"search_term_string"}}],"inLanguage":"bs-BA"},{"@type":"Organization","@id":"https:\/\/www.ahmadiyya-islam.org\/ba\/#organization","name":"Ahmadija muslimanski d\u017eemat","url":"https:\/\/www.ahmadiyya-islam.org\/ba\/","logo":{"@type":"ImageObject","inLanguage":"bs-BA","@id":"https:\/\/www.ahmadiyya-islam.org\/ba\/#\/schema\/logo\/image\/","url":"https:\/\/www.ahmadiyya-islam.org\/ba\/wp-content\/uploads\/sites\/16\/2018\/03\/cropped-alislam-logo.jpg","contentUrl":"https:\/\/www.ahmadiyya-islam.org\/ba\/wp-content\/uploads\/sites\/16\/2018\/03\/cropped-alislam-logo.jpg","width":512,"height":512,"caption":"Ahmadija muslimanski d\u017eemat"},"image":{"@id":"https:\/\/www.ahmadiyya-islam.org\/ba\/#\/schema\/logo\/image\/"}}]}},"_links":{"self":[{"href":"https:\/\/www.ahmadiyya-islam.org\/ba\/wp-json\/wp\/v2\/pages\/1083","targetHints":{"allow":["GET"]}}],"collection":[{"href":"https:\/\/www.ahmadiyya-islam.org\/ba\/wp-json\/wp\/v2\/pages"}],"about":[{"href":"https:\/\/www.ahmadiyya-islam.org\/ba\/wp-json\/wp\/v2\/types\/page"}],"author":[{"embeddable":true,"href":"https:\/\/www.ahmadiyya-islam.org\/ba\/wp-json\/wp\/v2\/users\/5"}],"replies":[{"embeddable":true,"href":"https:\/\/www.ahmadiyya-islam.org\/ba\/wp-json\/wp\/v2\/comments?post=1083"}],"version-history":[{"count":1,"href":"https:\/\/www.ahmadiyya-islam.org\/ba\/wp-json\/wp\/v2\/pages\/1083\/revisions"}],"predecessor-version":[{"id":10904,"href":"https:\/\/www.ahmadiyya-islam.org\/ba\/wp-json\/wp\/v2\/pages\/1083\/revisions\/10904"}],"wp:attachment":[{"href":"https:\/\/www.ahmadiyya-islam.org\/ba\/wp-json\/wp\/v2\/media?parent=1083"}],"curies":[{"name":"wp","href":"https:\/\/api.w.org\/{rel}","templated":true}]}}