{"id":103,"date":"2018-04-11T20:31:53","date_gmt":"2018-04-11T20:31:53","guid":{"rendered":"https:\/\/www.ahmadiyya-islam.org\/ba\/?page_id=103"},"modified":"2020-04-09T10:31:15","modified_gmt":"2020-04-09T10:31:15","slug":"islam","status":"publish","type":"page","link":"https:\/\/www.ahmadiyya-islam.org\/ba\/islam\/","title":{"rendered":"Islam"},"content":{"rendered":"<p><strong>Islam<\/strong>, naziv koji je Allah dao ovoj religiji (Kur\u2019an 5:4), je rije\u010d arapskog porijekla koja doslovno zna\u010di pokornost i mir. ISLAM je izvedeno iz arapske rije\u010di \u201eSALEMA\u201c: mir, \u010disto\u0107a, odanost i pokornost. Dakle, Islam bi zna\u010dio put onih koji su pokorni Allahu i koji uspostavljaju mir s Njim i Njegovim stvorenjima. Sljedbenici Islama nazivaju se muslimani.<\/p>\n<p>Islam nije nova religija. To je, u su\u0161tini, ista ona poruka i usmjerenje koje je Allah podijelio svim poslanicima prije Muhammeda a.s., mir Bo\u017eiji neka je s njim. Allah ka\u017ee u Kur\u2019anu:<\/p>\n<blockquote><p><em>\u201eTi reci: \u201cMi vjerujemo u Allaha i u ono \u0161to je nama objavljeno, i u ono \u0161to je objavljeno Ibrahimu, i Ismailu i Ishaku, i Jakubu i (njegovim) potomcima, i u ono \u0161to je dato Musau i Isau i poslanicima od Gospodara njihovoga. Mi ne pravimo razlike ni me\u00f0u jednim od njih, i Njemu se mi pokoravamo.\u201d (Kur\u2019an 3:85)<\/em><\/p><\/blockquote>\n<p><strong>\u0160est glavnih vjerovanja u Islamu:<\/strong><\/p>\n<ol>\n<li>Vjerovanje u Bo\u017eije jedinstvo<\/li>\n<li>Vjerovanje u Bo\u017eije meleke<\/li>\n<li>Vjerovanje u Bo\u017eije knjige<\/li>\n<li>Vjerovanje u Bo\u017eije poslanike<\/li>\n<li>Vjerovanje u Sudnji dan<\/li>\n<li>Vjerovanje u Allahove odredbe<\/li>\n<\/ol>\n<p><strong>Pet stubova Islama:<\/strong><\/p>\n<ol>\n<li>LA ILLAHE ILALLAH MUHAMMEDU RESULULLAH \u2013 NEMA DRUGOG BOGA OSIM ALLAHA I MUHAMMED (s.a.v.s.) JE NJEGOV POSLANIK,<\/li>\n<li>Obavljati pet dnevnih namaza u odre\u0111eno vrijeme,<\/li>\n<li>Postiti mjesec ramazana,<\/li>\n<li>Davati zekata,<\/li>\n<li>Obaviti had\u017ed\u017e, ukoliko je to u mogu\u0107nosti.<\/li>\n<\/ol>\n","protected":false},"excerpt":{"rendered":"<p>Islam, naziv koji je Allah dao ovoj religiji (Kur\u2019an 5:4), je rije\u010d arapskog porijekla koja doslovno zna\u010di pokornost i mir. ISLAM je izvedeno iz arapske rije\u010di \u201eSALEMA\u201c: mir, \u010disto\u0107a, odanost i pokornost. Dakle, Islam bi zna\u010dio put onih koji su pokorni Allahu i koji uspostavljaju mir s Njim i Njegovim stvorenjima. Sljedbenici Islama nazivaju se<\/p>\n","protected":false},"author":36,"featured_media":104,"parent":0,"menu_order":0,"comment_status":"closed","ping_status":"closed","template":"","meta":{"_acf_changed":false,"footnotes":""},"class_list":["post-103","page","type-page","status-publish","has-post-thumbnail","hentry"],"acf":[],"yoast_head":"<!-- This site is optimized with the Yoast SEO Premium plugin v21.1 (Yoast SEO v27.4) - https:\/\/yoast.com\/product\/yoast-seo-premium-wordpress\/ -->\n<title>Islam &#8226;<\/title>\n<meta name=\"robots\" content=\"index, follow, max-snippet:-1, max-image-preview:large, max-video-preview:-1\" \/>\n<link rel=\"canonical\" href=\"https:\/\/www.ahmadiyya-islam.org\/ba\/islam\/\" \/>\n<meta property=\"og:locale\" content=\"bs_BA\" \/>\n<meta property=\"og:type\" content=\"article\" \/>\n<meta property=\"og:title\" content=\"Islam\" \/>\n<meta property=\"og:description\" content=\"Islam, naziv koji je Allah dao ovoj religiji (Kur\u2019an 5:4), je rije\u010d arapskog porijekla koja doslovno zna\u010di pokornost i mir. ISLAM je izvedeno iz arapske rije\u010di \u201eSALEMA\u201c: mir, \u010disto\u0107a, odanost i pokornost. Dakle, Islam bi zna\u010dio put onih koji su pokorni Allahu i koji uspostavljaju mir s Njim i Njegovim stvorenjima. Sljedbenici Islama nazivaju se\" \/>\n<meta property=\"og:url\" content=\"https:\/\/www.ahmadiyya-islam.org\/ba\/islam\/\" \/>\n<meta property=\"og:site_name\" content=\"Ahmadija muslimanski d\u017eemat\" \/>\n<meta property=\"article:modified_time\" content=\"2020-04-09T10:31:15+00:00\" \/>\n<meta property=\"og:image\" content=\"https:\/\/www.ahmadiyya-islam.org\/ba\/wp-content\/uploads\/sites\/16\/2018\/04\/Kaba.jpg\" \/>\n\t<meta property=\"og:image:width\" content=\"1200\" \/>\n\t<meta property=\"og:image:height\" content=\"572\" \/>\n\t<meta property=\"og:image:type\" content=\"image\/jpeg\" \/>\n<meta name=\"twitter:card\" content=\"summary_large_image\" \/>\n<meta name=\"twitter:label1\" content=\"Est. reading time\" \/>\n\t<meta name=\"twitter:data1\" content=\"1 minuta\" \/>\n<script type=\"application\/ld+json\" class=\"yoast-schema-graph\">{\"@context\":\"https:\\\/\\\/schema.org\",\"@graph\":[{\"@type\":\"WebPage\",\"@id\":\"https:\\\/\\\/www.ahmadiyya-islam.org\\\/ba\\\/islam\\\/\",\"url\":\"https:\\\/\\\/www.ahmadiyya-islam.org\\\/ba\\\/islam\\\/\",\"name\":\"Islam &#8226;\",\"isPartOf\":{\"@id\":\"https:\\\/\\\/www.ahmadiyya-islam.org\\\/ba\\\/#website\"},\"primaryImageOfPage\":{\"@id\":\"https:\\\/\\\/www.ahmadiyya-islam.org\\\/ba\\\/islam\\\/#primaryimage\"},\"image\":{\"@id\":\"https:\\\/\\\/www.ahmadiyya-islam.org\\\/ba\\\/islam\\\/#primaryimage\"},\"thumbnailUrl\":\"https:\\\/\\\/www.ahmadiyya-islam.org\\\/ba\\\/wp-content\\\/uploads\\\/sites\\\/16\\\/2018\\\/04\\\/Kaba.jpg\",\"datePublished\":\"2018-04-11T20:31:53+00:00\",\"dateModified\":\"2020-04-09T10:31:15+00:00\",\"breadcrumb\":{\"@id\":\"https:\\\/\\\/www.ahmadiyya-islam.org\\\/ba\\\/islam\\\/#breadcrumb\"},\"inLanguage\":\"bs-BA\",\"potentialAction\":[{\"@type\":\"ReadAction\",\"target\":[\"https:\\\/\\\/www.ahmadiyya-islam.org\\\/ba\\\/islam\\\/\"]}]},{\"@type\":\"ImageObject\",\"inLanguage\":\"bs-BA\",\"@id\":\"https:\\\/\\\/www.ahmadiyya-islam.org\\\/ba\\\/islam\\\/#primaryimage\",\"url\":\"https:\\\/\\\/www.ahmadiyya-islam.org\\\/ba\\\/wp-content\\\/uploads\\\/sites\\\/16\\\/2018\\\/04\\\/Kaba.jpg\",\"contentUrl\":\"https:\\\/\\\/www.ahmadiyya-islam.org\\\/ba\\\/wp-content\\\/uploads\\\/sites\\\/16\\\/2018\\\/04\\\/Kaba.jpg\",\"width\":1200,\"height\":572,\"caption\":\"Kaba,islam,poruka,mir\"},{\"@type\":\"BreadcrumbList\",\"@id\":\"https:\\\/\\\/www.ahmadiyya-islam.org\\\/ba\\\/islam\\\/#breadcrumb\",\"itemListElement\":[{\"@type\":\"ListItem\",\"position\":1,\"name\":\"Home\",\"item\":\"https:\\\/\\\/www.ahmadiyya-islam.org\\\/ba\\\/\"},{\"@type\":\"ListItem\",\"position\":2,\"name\":\"Islam\"}]},{\"@type\":\"WebSite\",\"@id\":\"https:\\\/\\\/www.ahmadiyya-islam.org\\\/ba\\\/#website\",\"url\":\"https:\\\/\\\/www.ahmadiyya-islam.org\\\/ba\\\/\",\"name\":\"Ahmadija muslimanski d\u017eemat\",\"description\":\"BiH\",\"publisher\":{\"@id\":\"https:\\\/\\\/www.ahmadiyya-islam.org\\\/ba\\\/#organization\"},\"potentialAction\":[{\"@type\":\"SearchAction\",\"target\":{\"@type\":\"EntryPoint\",\"urlTemplate\":\"https:\\\/\\\/www.ahmadiyya-islam.org\\\/ba\\\/?s={search_term_string}\"},\"query-input\":{\"@type\":\"PropertyValueSpecification\",\"valueRequired\":true,\"valueName\":\"search_term_string\"}}],\"inLanguage\":\"bs-BA\"},{\"@type\":\"Organization\",\"@id\":\"https:\\\/\\\/www.ahmadiyya-islam.org\\\/ba\\\/#organization\",\"name\":\"Ahmadija muslimanski d\u017eemat\",\"url\":\"https:\\\/\\\/www.ahmadiyya-islam.org\\\/ba\\\/\",\"logo\":{\"@type\":\"ImageObject\",\"inLanguage\":\"bs-BA\",\"@id\":\"https:\\\/\\\/www.ahmadiyya-islam.org\\\/ba\\\/#\\\/schema\\\/logo\\\/image\\\/\",\"url\":\"https:\\\/\\\/www.ahmadiyya-islam.org\\\/ba\\\/wp-content\\\/uploads\\\/sites\\\/16\\\/2018\\\/03\\\/cropped-alislam-logo.jpg\",\"contentUrl\":\"https:\\\/\\\/www.ahmadiyya-islam.org\\\/ba\\\/wp-content\\\/uploads\\\/sites\\\/16\\\/2018\\\/03\\\/cropped-alislam-logo.jpg\",\"width\":512,\"height\":512,\"caption\":\"Ahmadija muslimanski d\u017eemat\"},\"image\":{\"@id\":\"https:\\\/\\\/www.ahmadiyya-islam.org\\\/ba\\\/#\\\/schema\\\/logo\\\/image\\\/\"}}]}<\/script>\n<!-- \/ Yoast SEO Premium plugin. -->","yoast_head_json":{"title":"Islam &#8226;","robots":{"index":"index","follow":"follow","max-snippet":"max-snippet:-1","max-image-preview":"max-image-preview:large","max-video-preview":"max-video-preview:-1"},"canonical":"https:\/\/www.ahmadiyya-islam.org\/ba\/islam\/","og_locale":"bs_BA","og_type":"article","og_title":"Islam","og_description":"Islam, naziv koji je Allah dao ovoj religiji (Kur\u2019an 5:4), je rije\u010d arapskog porijekla koja doslovno zna\u010di pokornost i mir. ISLAM je izvedeno iz arapske rije\u010di \u201eSALEMA\u201c: mir, \u010disto\u0107a, odanost i pokornost. Dakle, Islam bi zna\u010dio put onih koji su pokorni Allahu i koji uspostavljaju mir s Njim i Njegovim stvorenjima. Sljedbenici Islama nazivaju se","og_url":"https:\/\/www.ahmadiyya-islam.org\/ba\/islam\/","og_site_name":"Ahmadija muslimanski d\u017eemat","article_modified_time":"2020-04-09T10:31:15+00:00","og_image":[{"width":1200,"height":572,"url":"https:\/\/www.ahmadiyya-islam.org\/ba\/wp-content\/uploads\/sites\/16\/2018\/04\/Kaba.jpg","type":"image\/jpeg"}],"twitter_card":"summary_large_image","twitter_misc":{"Est. reading time":"1 minuta"},"schema":{"@context":"https:\/\/schema.org","@graph":[{"@type":"WebPage","@id":"https:\/\/www.ahmadiyya-islam.org\/ba\/islam\/","url":"https:\/\/www.ahmadiyya-islam.org\/ba\/islam\/","name":"Islam &#8226;","isPartOf":{"@id":"https:\/\/www.ahmadiyya-islam.org\/ba\/#website"},"primaryImageOfPage":{"@id":"https:\/\/www.ahmadiyya-islam.org\/ba\/islam\/#primaryimage"},"image":{"@id":"https:\/\/www.ahmadiyya-islam.org\/ba\/islam\/#primaryimage"},"thumbnailUrl":"https:\/\/www.ahmadiyya-islam.org\/ba\/wp-content\/uploads\/sites\/16\/2018\/04\/Kaba.jpg","datePublished":"2018-04-11T20:31:53+00:00","dateModified":"2020-04-09T10:31:15+00:00","breadcrumb":{"@id":"https:\/\/www.ahmadiyya-islam.org\/ba\/islam\/#breadcrumb"},"inLanguage":"bs-BA","potentialAction":[{"@type":"ReadAction","target":["https:\/\/www.ahmadiyya-islam.org\/ba\/islam\/"]}]},{"@type":"ImageObject","inLanguage":"bs-BA","@id":"https:\/\/www.ahmadiyya-islam.org\/ba\/islam\/#primaryimage","url":"https:\/\/www.ahmadiyya-islam.org\/ba\/wp-content\/uploads\/sites\/16\/2018\/04\/Kaba.jpg","contentUrl":"https:\/\/www.ahmadiyya-islam.org\/ba\/wp-content\/uploads\/sites\/16\/2018\/04\/Kaba.jpg","width":1200,"height":572,"caption":"Kaba,islam,poruka,mir"},{"@type":"BreadcrumbList","@id":"https:\/\/www.ahmadiyya-islam.org\/ba\/islam\/#breadcrumb","itemListElement":[{"@type":"ListItem","position":1,"name":"Home","item":"https:\/\/www.ahmadiyya-islam.org\/ba\/"},{"@type":"ListItem","position":2,"name":"Islam"}]},{"@type":"WebSite","@id":"https:\/\/www.ahmadiyya-islam.org\/ba\/#website","url":"https:\/\/www.ahmadiyya-islam.org\/ba\/","name":"Ahmadija muslimanski d\u017eemat","description":"BiH","publisher":{"@id":"https:\/\/www.ahmadiyya-islam.org\/ba\/#organization"},"potentialAction":[{"@type":"SearchAction","target":{"@type":"EntryPoint","urlTemplate":"https:\/\/www.ahmadiyya-islam.org\/ba\/?s={search_term_string}"},"query-input":{"@type":"PropertyValueSpecification","valueRequired":true,"valueName":"search_term_string"}}],"inLanguage":"bs-BA"},{"@type":"Organization","@id":"https:\/\/www.ahmadiyya-islam.org\/ba\/#organization","name":"Ahmadija muslimanski d\u017eemat","url":"https:\/\/www.ahmadiyya-islam.org\/ba\/","logo":{"@type":"ImageObject","inLanguage":"bs-BA","@id":"https:\/\/www.ahmadiyya-islam.org\/ba\/#\/schema\/logo\/image\/","url":"https:\/\/www.ahmadiyya-islam.org\/ba\/wp-content\/uploads\/sites\/16\/2018\/03\/cropped-alislam-logo.jpg","contentUrl":"https:\/\/www.ahmadiyya-islam.org\/ba\/wp-content\/uploads\/sites\/16\/2018\/03\/cropped-alislam-logo.jpg","width":512,"height":512,"caption":"Ahmadija muslimanski d\u017eemat"},"image":{"@id":"https:\/\/www.ahmadiyya-islam.org\/ba\/#\/schema\/logo\/image\/"}}]}},"_links":{"self":[{"href":"https:\/\/www.ahmadiyya-islam.org\/ba\/wp-json\/wp\/v2\/pages\/103","targetHints":{"allow":["GET"]}}],"collection":[{"href":"https:\/\/www.ahmadiyya-islam.org\/ba\/wp-json\/wp\/v2\/pages"}],"about":[{"href":"https:\/\/www.ahmadiyya-islam.org\/ba\/wp-json\/wp\/v2\/types\/page"}],"author":[{"embeddable":true,"href":"https:\/\/www.ahmadiyya-islam.org\/ba\/wp-json\/wp\/v2\/users\/36"}],"replies":[{"embeddable":true,"href":"https:\/\/www.ahmadiyya-islam.org\/ba\/wp-json\/wp\/v2\/comments?post=103"}],"version-history":[{"count":0,"href":"https:\/\/www.ahmadiyya-islam.org\/ba\/wp-json\/wp\/v2\/pages\/103\/revisions"}],"wp:featuredmedia":[{"embeddable":true,"href":"https:\/\/www.ahmadiyya-islam.org\/ba\/wp-json\/wp\/v2\/media\/104"}],"wp:attachment":[{"href":"https:\/\/www.ahmadiyya-islam.org\/ba\/wp-json\/wp\/v2\/media?parent=103"}],"curies":[{"name":"wp","href":"https:\/\/api.w.org\/{rel}","templated":true}]}}