{"id":9,"date":"2015-04-07T20:57:03","date_gmt":"2015-04-07T20:57:03","guid":{"rendered":"http:\/\/www.ahmadiyya-islam.org\/al\/?page_id=9"},"modified":"2019-06-10T13:00:07","modified_gmt":"2019-06-10T13:00:07","slug":"kurani-famelarte","status":"publish","type":"page","link":"https:\/\/www.ahmadiyya-islam.org\/al\/islami\/kurani-famelarte\/","title":{"rendered":"Kurani Fam\u00eblart\u00eb"},"content":{"rendered":"<p>Kurani Fam\u00eblart\u00eb p\u00ebrb\u00ebhet nga shpalljet q\u00eb Zoti i Lart\u00ebsuar i d\u00ebrgoi Profetit Muhammed s.a.v.s. p\u00ebrgjat\u00eb nj\u00eb periudhe prej 22 vjet\u00ebsh. Ai \u00ebsht\u00eb Libri i shenjt\u00eb i musliman\u00ebve, q\u00eb p\u00ebrmban ligjet, urdh\u00ebresat, kodet e duhura p\u00ebr jet\u00ebn e tyre shoq\u00ebrore, morale dhe gjithashtu nj\u00eb filozofi t\u00eb p\u00ebrsosur t\u00eb fes\u00eb. Gjuha n\u00eb t\u00eb cil\u00ebn zbriti Kurani Fam\u00eblart\u00eb \u00ebsht\u00eb arabishtja.<\/p>\n<p>P\u00ebrve\u00e7 emrit t\u00eb tij t\u00eb p\u00ebrve\u00e7\u00ebm, Kurani njihet edhe me k\u00ebta emra: el-Furkan (Dalluesi); edh-Dhikr (K\u00ebshilla); el-Bajan (Shprehja); err-Rahmah (M\u00ebshira) en-Nur (Drita) el-Burhan (Argumenti); el-Hak (E v\u00ebrteta); et-Tenzil (Shpallja); el-Hikmah (Urt\u00ebsia); el-Huda (Udh\u00ebzimi); el-Hakam (Vendimi); el-Kitab (Libri); etj.<br \/>\nKurani Fam\u00eblart\u00eb \u00ebsht\u00eb ndar\u00eb n\u00eb 114 sure (kapituj) dhe \u00e7do sure p\u00ebrb\u00ebhet nga ajete (vargje). Disa nga suret\u00eb e Kuranit jan\u00eb relativisht t\u00eb gjata, kurse disa jan\u00eb edhe t\u00eb shkurtra. P\u00ebr shembull, sureja e dyt\u00eb El-Bekare ka 287 ajete, kurse sureja 108, e quajtur El-Keuther ka vet\u00ebm 4 ajete.<\/p>\n<p>Teksti i Kuranit Fam\u00eblart\u00eb mbetet i pandryshuar q\u00eb nga koha kur ai i ishte zbritur Profetit Muhammed s.a.v.s., pra, q\u00eb para 14 shekujve. Kjo do t\u00eb thot\u00eb q\u00eb miliona kopje t\u00eb Kuranit Fam\u00eblart\u00eb q\u00eb gjenden sot n\u00eb bot\u00eb, jo vet\u00ebm q\u00eb jan\u00eb identike n\u00eb gjuh\u00ebn arabe, por teksti i tyre \u00ebsht\u00eb po ai q\u00eb Profeti Muhammed s.a.v.s. ia paraqiti bot\u00ebs. Kjo nuk \u00ebsht\u00eb e \u00e7uditshme, po t\u00eb kihet parasysh premtimi i Zotit t\u00eb Lart\u00ebsuar q\u00eb Ai b\u00ebn n\u00eb Kuran p\u00ebr mbrojtjen e tij, duke th\u00ebn\u00eb:<\/p>\n<blockquote><p><strong>Padyshim, Ne e kemi zbritur k\u00ebt\u00eb K\u00ebshill\u00eb dhe Ne patjet\u00ebr e mbrojm\u00eb at\u00eb.<\/strong><\/p>\n<p style=\"text-align: right\">(Kurani Fam\u00eblart\u00eb 15:10)<\/p>\n<\/blockquote>\n<p>Mbrojtja e Kuranit Fam\u00eblart\u00eb prej Zotit Vet\u00eb tregon edhe faktin q\u00eb, si lib\u00ebr i shenjt\u00eb, ai do t\u00eb mbetet i fundit deri n\u00eb fund t\u00eb bot\u00ebs. Si i till\u00eb, padyshim, ai duhet t\u00eb jet\u00eb i pajisur me dijet e plota e bind\u00ebse q\u00eb mund t\u2019i nevojiten njeriut p\u00ebr jet\u00ebn e tij trupore dhe shpirt\u00ebrore, duke praktikuar t\u00eb cilat, njeriu t\u00eb arrij\u00eb synimin m\u00eb t\u00eb lart\u00eb t\u00eb krijimit t\u00eb tij, q\u00eb \u00ebsht\u00eb komunikimi me Krijuesin e Madh\u00ebrish\u00ebm.<\/p>\n<ul>\n<li><strong><a href=\"https:\/\/www.ahmadiyya-islam.org\/al\/temat\/komentimi-i-kuranit\/\" target=\"_blank\" rel=\"noopener noreferrer\">Shfletoni Komentim bashk\u00ebkohor t\u00eb Kuranit Fam\u00eblart\u00eb<\/a><\/strong><\/li>\n<\/ul>\n","protected":false},"excerpt":{"rendered":"<p>Kurani Fam\u00eblart\u00eb p\u00ebrb\u00ebhet nga shpalljet q\u00eb Zoti i Lart\u00ebsuar i d\u00ebrgoi Profetit Muhammed s.a.v.s. p\u00ebrgjat\u00eb nj\u00eb periudhe prej 22 vjet\u00ebsh. Ai \u00ebsht\u00eb Libri i shenjt\u00eb i musliman\u00ebve, q\u00eb p\u00ebrmban ligjet, urdh\u00ebresat, kodet e duhura p\u00ebr jet\u00ebn e tyre shoq\u00ebrore, morale dhe gjithashtu nj\u00eb filozofi t\u00eb p\u00ebrsosur t\u00eb fes\u00eb. Gjuha n\u00eb t\u00eb cil\u00ebn zbriti Kurani Fam\u00eblart\u00eb<\/p>\n","protected":false},"author":5,"featured_media":0,"parent":7,"menu_order":17,"comment_status":"closed","ping_status":"closed","template":"","meta":{"_acf_changed":false,"footnotes":""},"class_list":["post-9","page","type-page","status-publish","hentry"],"acf":[],"yoast_head":"<!-- This site is optimized with the Yoast SEO Premium plugin v21.1 (Yoast SEO v27.0) - https:\/\/yoast.com\/product\/yoast-seo-premium-wordpress\/ -->\n<title>Kurani Fam\u00eblart\u00eb<\/title>\n<meta name=\"robots\" content=\"index, follow, max-snippet:-1, max-image-preview:large, max-video-preview:-1\" \/>\n<link rel=\"canonical\" href=\"https:\/\/www.ahmadiyya-islam.org\/al\/islami\/kurani-famelarte\/\" \/>\n<meta property=\"og:locale\" content=\"sq_AL\" \/>\n<meta property=\"og:type\" content=\"article\" \/>\n<meta property=\"og:title\" content=\"Kurani Fam\u00eblart\u00eb\" \/>\n<meta property=\"og:description\" content=\"Kurani Fam\u00eblart\u00eb p\u00ebrb\u00ebhet nga shpalljet q\u00eb Zoti i Lart\u00ebsuar i d\u00ebrgoi Profetit Muhammed s.a.v.s. p\u00ebrgjat\u00eb nj\u00eb periudhe prej 22 vjet\u00ebsh. Ai \u00ebsht\u00eb Libri i shenjt\u00eb i musliman\u00ebve, q\u00eb p\u00ebrmban ligjet, urdh\u00ebresat, kodet e duhura p\u00ebr jet\u00ebn e tyre shoq\u00ebrore, morale dhe gjithashtu nj\u00eb filozofi t\u00eb p\u00ebrsosur t\u00eb fes\u00eb. Gjuha n\u00eb t\u00eb cil\u00ebn zbriti Kurani Fam\u00eblart\u00eb\" \/>\n<meta property=\"og:url\" content=\"https:\/\/www.ahmadiyya-islam.org\/al\/islami\/kurani-famelarte\/\" \/>\n<meta property=\"og:site_name\" content=\"Xhemati Musliman Ahmedia\" \/>\n<meta property=\"article:modified_time\" content=\"2019-06-10T13:00:07+00:00\" \/>\n<meta property=\"og:image\" content=\"https:\/\/www.ahmadiyya-islam.org\/al\/wp-content\/uploads\/sites\/3\/2019\/02\/ahmadiyya.png\" \/>\n\t<meta property=\"og:image:width\" content=\"917\" \/>\n\t<meta property=\"og:image:height\" content=\"410\" \/>\n\t<meta property=\"og:image:type\" content=\"image\/png\" \/>\n<meta name=\"twitter:card\" content=\"summary_large_image\" \/>\n<meta name=\"twitter:label1\" content=\"Est. reading time\" \/>\n\t<meta name=\"twitter:data1\" content=\"2 minutes\" \/>\n<script type=\"application\/ld+json\" class=\"yoast-schema-graph\">{\"@context\":\"https:\/\/schema.org\",\"@graph\":[{\"@type\":\"WebPage\",\"@id\":\"https:\/\/www.ahmadiyya-islam.org\/al\/islami\/kurani-famelarte\/\",\"url\":\"https:\/\/www.ahmadiyya-islam.org\/al\/islami\/kurani-famelarte\/\",\"name\":\"Kurani Fam\u00eblart\u00eb\",\"isPartOf\":{\"@id\":\"https:\/\/www.ahmadiyya-islam.org\/al\/#website\"},\"datePublished\":\"2015-04-07T20:57:03+00:00\",\"dateModified\":\"2019-06-10T13:00:07+00:00\",\"breadcrumb\":{\"@id\":\"https:\/\/www.ahmadiyya-islam.org\/al\/islami\/kurani-famelarte\/#breadcrumb\"},\"inLanguage\":\"sq-AL\",\"potentialAction\":[{\"@type\":\"ReadAction\",\"target\":[\"https:\/\/www.ahmadiyya-islam.org\/al\/islami\/kurani-famelarte\/\"]}]},{\"@type\":\"BreadcrumbList\",\"@id\":\"https:\/\/www.ahmadiyya-islam.org\/al\/islami\/kurani-famelarte\/#breadcrumb\",\"itemListElement\":[{\"@type\":\"ListItem\",\"position\":1,\"name\":\"Home\",\"item\":\"https:\/\/www.ahmadiyya-islam.org\/al\/\"},{\"@type\":\"ListItem\",\"position\":2,\"name\":\"Islami\",\"item\":\"https:\/\/www.ahmadiyya-islam.org\/al\/islami\/\"},{\"@type\":\"ListItem\",\"position\":3,\"name\":\"Kurani Fam\u00eblart\u00eb\"}]},{\"@type\":\"WebSite\",\"@id\":\"https:\/\/www.ahmadiyya-islam.org\/al\/#website\",\"url\":\"https:\/\/www.ahmadiyya-islam.org\/al\/\",\"name\":\"Xhemati Musliman Ahmedia\",\"description\":\"Albania\",\"potentialAction\":[{\"@type\":\"SearchAction\",\"target\":{\"@type\":\"EntryPoint\",\"urlTemplate\":\"https:\/\/www.ahmadiyya-islam.org\/al\/?s={search_term_string}\"},\"query-input\":{\"@type\":\"PropertyValueSpecification\",\"valueRequired\":true,\"valueName\":\"search_term_string\"}}],\"inLanguage\":\"sq-AL\"}]}<\/script>\n<!-- \/ Yoast SEO Premium plugin. -->","yoast_head_json":{"title":"Kurani Fam\u00eblart\u00eb","robots":{"index":"index","follow":"follow","max-snippet":"max-snippet:-1","max-image-preview":"max-image-preview:large","max-video-preview":"max-video-preview:-1"},"canonical":"https:\/\/www.ahmadiyya-islam.org\/al\/islami\/kurani-famelarte\/","og_locale":"sq_AL","og_type":"article","og_title":"Kurani Fam\u00eblart\u00eb","og_description":"Kurani Fam\u00eblart\u00eb p\u00ebrb\u00ebhet nga shpalljet q\u00eb Zoti i Lart\u00ebsuar i d\u00ebrgoi Profetit Muhammed s.a.v.s. p\u00ebrgjat\u00eb nj\u00eb periudhe prej 22 vjet\u00ebsh. Ai \u00ebsht\u00eb Libri i shenjt\u00eb i musliman\u00ebve, q\u00eb p\u00ebrmban ligjet, urdh\u00ebresat, kodet e duhura p\u00ebr jet\u00ebn e tyre shoq\u00ebrore, morale dhe gjithashtu nj\u00eb filozofi t\u00eb p\u00ebrsosur t\u00eb fes\u00eb. Gjuha n\u00eb t\u00eb cil\u00ebn zbriti Kurani Fam\u00eblart\u00eb","og_url":"https:\/\/www.ahmadiyya-islam.org\/al\/islami\/kurani-famelarte\/","og_site_name":"Xhemati Musliman Ahmedia","article_modified_time":"2019-06-10T13:00:07+00:00","og_image":[{"width":917,"height":410,"url":"https:\/\/www.ahmadiyya-islam.org\/al\/wp-content\/uploads\/sites\/3\/2019\/02\/ahmadiyya.png","type":"image\/png"}],"twitter_card":"summary_large_image","twitter_misc":{"Est. reading time":"2 minutes"},"schema":{"@context":"https:\/\/schema.org","@graph":[{"@type":"WebPage","@id":"https:\/\/www.ahmadiyya-islam.org\/al\/islami\/kurani-famelarte\/","url":"https:\/\/www.ahmadiyya-islam.org\/al\/islami\/kurani-famelarte\/","name":"Kurani Fam\u00eblart\u00eb","isPartOf":{"@id":"https:\/\/www.ahmadiyya-islam.org\/al\/#website"},"datePublished":"2015-04-07T20:57:03+00:00","dateModified":"2019-06-10T13:00:07+00:00","breadcrumb":{"@id":"https:\/\/www.ahmadiyya-islam.org\/al\/islami\/kurani-famelarte\/#breadcrumb"},"inLanguage":"sq-AL","potentialAction":[{"@type":"ReadAction","target":["https:\/\/www.ahmadiyya-islam.org\/al\/islami\/kurani-famelarte\/"]}]},{"@type":"BreadcrumbList","@id":"https:\/\/www.ahmadiyya-islam.org\/al\/islami\/kurani-famelarte\/#breadcrumb","itemListElement":[{"@type":"ListItem","position":1,"name":"Home","item":"https:\/\/www.ahmadiyya-islam.org\/al\/"},{"@type":"ListItem","position":2,"name":"Islami","item":"https:\/\/www.ahmadiyya-islam.org\/al\/islami\/"},{"@type":"ListItem","position":3,"name":"Kurani Fam\u00eblart\u00eb"}]},{"@type":"WebSite","@id":"https:\/\/www.ahmadiyya-islam.org\/al\/#website","url":"https:\/\/www.ahmadiyya-islam.org\/al\/","name":"Xhemati Musliman Ahmedia","description":"Albania","potentialAction":[{"@type":"SearchAction","target":{"@type":"EntryPoint","urlTemplate":"https:\/\/www.ahmadiyya-islam.org\/al\/?s={search_term_string}"},"query-input":{"@type":"PropertyValueSpecification","valueRequired":true,"valueName":"search_term_string"}}],"inLanguage":"sq-AL"}]}},"_links":{"self":[{"href":"https:\/\/www.ahmadiyya-islam.org\/al\/wp-json\/wp\/v2\/pages\/9","targetHints":{"allow":["GET"]}}],"collection":[{"href":"https:\/\/www.ahmadiyya-islam.org\/al\/wp-json\/wp\/v2\/pages"}],"about":[{"href":"https:\/\/www.ahmadiyya-islam.org\/al\/wp-json\/wp\/v2\/types\/page"}],"author":[{"embeddable":true,"href":"https:\/\/www.ahmadiyya-islam.org\/al\/wp-json\/wp\/v2\/users\/5"}],"replies":[{"embeddable":true,"href":"https:\/\/www.ahmadiyya-islam.org\/al\/wp-json\/wp\/v2\/comments?post=9"}],"version-history":[{"count":0,"href":"https:\/\/www.ahmadiyya-islam.org\/al\/wp-json\/wp\/v2\/pages\/9\/revisions"}],"up":[{"embeddable":true,"href":"https:\/\/www.ahmadiyya-islam.org\/al\/wp-json\/wp\/v2\/pages\/7"}],"wp:attachment":[{"href":"https:\/\/www.ahmadiyya-islam.org\/al\/wp-json\/wp\/v2\/media?parent=9"}],"curies":[{"name":"wp","href":"https:\/\/api.w.org\/{rel}","templated":true}]}}