{"id":7173,"date":"2018-01-05T21:24:49","date_gmt":"2018-01-05T21:24:49","guid":{"rendered":"https:\/\/www.ahmadiyya-islam.org\/al\/?page_id=7173"},"modified":"2025-02-01T11:48:06","modified_gmt":"2025-02-01T11:48:06","slug":"kalendari-i-namazit-kalendari-i-faljeve","status":"publish","type":"page","link":"https:\/\/www.ahmadiyya-islam.org\/al\/kalendari-i-namazit-kalendari-i-faljeve\/","title":{"rendered":"Kalendari i namazit"},"content":{"rendered":"<p><strong>Njoftim:<\/strong><!--more--><\/p>\n<p>Kalendari dinamik i koh\u00ebve t\u00eb namazit, n\u00eb dasht\u00eb Zoti, do t\u00eb rikthehet s\u00eb shpejti. Nd\u00ebrkoh\u00eb, ju lutemi, p\u00ebrfitoni nga linqet e m\u00ebposhtme. Zoti ju shp\u00ebrbleft\u00eb!<\/p>\n<ul>\n<li><a href=\"https:\/\/www.ahmadiyya-islam.org\/al\/artikuj\/si-te-falim-namazin\/\" rel=\"noopener noreferrer\"><strong>Si t\u00eb m\u00ebsoj Namazin, n\u00eb arabisht dhe shqip?<\/strong><\/a><\/li>\n<li><a href=\"https:\/\/www.ahmadiyya-islam.org\/al\/lutjet\/lutje-per-te-semurin-per-sherim-nga-kurani-profeti-e-mesihu\/\" rel=\"\"><strong>LUTJE t\u00eb ndryshme p\u00ebr SH\u00cbRIM<\/strong><\/a><\/li>\n<li><strong><a href=\"https:\/\/www.ahmadiyya-islam.org\/al\/artikuj\/namazi-esenca-dhe-filozofia-e-tij\/\" rel=\"noopener noreferrer\">Cila \u00ebsht\u00eb esenca dhe filozofia e namazit?<\/a><\/strong><\/li>\n<li><strong><a href=\"https:\/\/www.ahmadiyya-islam.org\/al\/pyetje\/\" rel=\"noopener noreferrer\">PYETJE dhe P\u00cbRGJIGJE p\u00ebr shum\u00eb \u00e7\u00ebshtje<\/a><\/strong><\/li>\n<li><strong><a href=\"https:\/\/www.ahmadiyya-islam.org\/al\/librat\/filozofia-e-mesimeve-te-islamit\/\" rel=\"noopener noreferrer\">Filozofia e m\u00ebsimeve t\u00eb Islamit<\/a><\/strong><\/li>\n<li><strong><a href=\"https:\/\/www.ahmadiyya-islam.org\/al\/librat\/jeta-e-muhammedit-sa\/\" rel=\"noopener noreferrer\">Jeta e Profetit Muhammed s.a.v.s.<\/a><\/strong><\/li>\n<li><strong><a href=\"https:\/\/www.ahmadiyya-islam.org\/al\/lutjet\/\" rel=\"noopener noreferrer\">Thesari i lutjeve<\/a><\/strong><\/li>\n<\/ul>\n","protected":false},"excerpt":{"rendered":"<p>Njoftim:<\/p>\n","protected":false},"author":5,"featured_media":0,"parent":0,"menu_order":0,"comment_status":"closed","ping_status":"closed","template":"pages\/template-namazplan-new.php","meta":{"_acf_changed":false,"footnotes":""},"class_list":["post-7173","page","type-page","status-publish","hentry"],"acf":[],"yoast_head":"<!-- This site is optimized with the Yoast SEO Premium plugin v21.1 (Yoast SEO v27.4) - https:\/\/yoast.com\/product\/yoast-seo-premium-wordpress\/ -->\n<title>Kalendari i namazit - Kalendari i faljeve p\u00ebr t\u00eb gjith\u00eb bot\u00ebn<\/title>\n<meta name=\"description\" content=\"Kalendari i namazit - Kalendari i faljeve p\u00ebr t\u00eb gjith\u00eb bot\u00ebn. Vaktia e namazit. M\u00ebsoni dhe printoni orarin e namazeve dhe kiblen p\u00ebr kurdo dhe kudo q\u00eb jeni. Zoti thot\u00eb: P\u00ebrmes namazit b\u00ebni dua. Dhe Profeti a.s.tha: Namazi \u00ebsht\u00eb miraxhi i besimtarit.\" \/>\n<meta name=\"robots\" content=\"index, follow, max-snippet:-1, max-image-preview:large, max-video-preview:-1\" \/>\n<link rel=\"canonical\" href=\"https:\/\/www.ahmadiyya-islam.org\/al\/kalendari-i-namazit-kalendari-i-faljeve\/\" \/>\n<meta property=\"og:locale\" content=\"sq_AL\" \/>\n<meta property=\"og:type\" content=\"article\" \/>\n<meta property=\"og:title\" content=\"Kalendari i namazit\" \/>\n<meta property=\"og:description\" content=\"Kalendari i namazit - Kalendari i faljeve p\u00ebr t\u00eb gjith\u00eb bot\u00ebn. Vaktia e namazit. M\u00ebsoni dhe printoni orarin e namazeve dhe kiblen p\u00ebr kurdo dhe kudo q\u00eb jeni. Zoti thot\u00eb: P\u00ebrmes namazit b\u00ebni dua. Dhe Profeti a.s.tha: Namazi \u00ebsht\u00eb miraxhi i besimtarit.\" \/>\n<meta property=\"og:url\" content=\"https:\/\/www.ahmadiyya-islam.org\/al\/kalendari-i-namazit-kalendari-i-faljeve\/\" \/>\n<meta property=\"og:site_name\" content=\"Xhemati Musliman Ahmedia\" \/>\n<meta property=\"article:modified_time\" content=\"2025-02-01T11:48:06+00:00\" \/>\n<meta property=\"og:image\" content=\"https:\/\/www.ahmadiyya-islam.org\/al\/wp-content\/uploads\/sites\/3\/2019\/02\/ahmadiyya.png\" \/>\n\t<meta property=\"og:image:width\" content=\"917\" \/>\n\t<meta property=\"og:image:height\" content=\"410\" \/>\n\t<meta property=\"og:image:type\" content=\"image\/png\" \/>\n<meta name=\"twitter:card\" content=\"summary_large_image\" \/>\n<meta name=\"twitter:label1\" content=\"Est. reading time\" \/>\n\t<meta name=\"twitter:data1\" content=\"2 minutes\" \/>\n<script type=\"application\/ld+json\" class=\"yoast-schema-graph\">{\"@context\":\"https:\\\/\\\/schema.org\",\"@graph\":[{\"@type\":\"WebPage\",\"@id\":\"https:\\\/\\\/www.ahmadiyya-islam.org\\\/al\\\/kalendari-i-namazit-kalendari-i-faljeve\\\/\",\"url\":\"https:\\\/\\\/www.ahmadiyya-islam.org\\\/al\\\/kalendari-i-namazit-kalendari-i-faljeve\\\/\",\"name\":\"Kalendari i namazit - Kalendari i faljeve p\u00ebr t\u00eb gjith\u00eb bot\u00ebn\",\"isPartOf\":{\"@id\":\"https:\\\/\\\/www.ahmadiyya-islam.org\\\/al\\\/#website\"},\"datePublished\":\"2018-01-05T21:24:49+00:00\",\"dateModified\":\"2025-02-01T11:48:06+00:00\",\"description\":\"Kalendari i namazit - Kalendari i faljeve p\u00ebr t\u00eb gjith\u00eb bot\u00ebn. Vaktia e namazit. M\u00ebsoni dhe printoni orarin e namazeve dhe kiblen p\u00ebr kurdo dhe kudo q\u00eb jeni. Zoti thot\u00eb: P\u00ebrmes namazit b\u00ebni dua. Dhe Profeti a.s.tha: Namazi \u00ebsht\u00eb miraxhi i besimtarit.\",\"breadcrumb\":{\"@id\":\"https:\\\/\\\/www.ahmadiyya-islam.org\\\/al\\\/kalendari-i-namazit-kalendari-i-faljeve\\\/#breadcrumb\"},\"inLanguage\":\"sq-AL\",\"potentialAction\":[{\"@type\":\"ReadAction\",\"target\":[\"https:\\\/\\\/www.ahmadiyya-islam.org\\\/al\\\/kalendari-i-namazit-kalendari-i-faljeve\\\/\"]}]},{\"@type\":\"BreadcrumbList\",\"@id\":\"https:\\\/\\\/www.ahmadiyya-islam.org\\\/al\\\/kalendari-i-namazit-kalendari-i-faljeve\\\/#breadcrumb\",\"itemListElement\":[{\"@type\":\"ListItem\",\"position\":1,\"name\":\"Home\",\"item\":\"https:\\\/\\\/www.ahmadiyya-islam.org\\\/al\\\/\"},{\"@type\":\"ListItem\",\"position\":2,\"name\":\"Kalendari i namazit\"}]},{\"@type\":\"WebSite\",\"@id\":\"https:\\\/\\\/www.ahmadiyya-islam.org\\\/al\\\/#website\",\"url\":\"https:\\\/\\\/www.ahmadiyya-islam.org\\\/al\\\/\",\"name\":\"Xhemati Musliman Ahmedia\",\"description\":\"Albania\",\"potentialAction\":[{\"@type\":\"SearchAction\",\"target\":{\"@type\":\"EntryPoint\",\"urlTemplate\":\"https:\\\/\\\/www.ahmadiyya-islam.org\\\/al\\\/?s={search_term_string}\"},\"query-input\":{\"@type\":\"PropertyValueSpecification\",\"valueRequired\":true,\"valueName\":\"search_term_string\"}}],\"inLanguage\":\"sq-AL\"}]}<\/script>\n<!-- \/ Yoast SEO Premium plugin. -->","yoast_head_json":{"title":"Kalendari i namazit - Kalendari i faljeve p\u00ebr t\u00eb gjith\u00eb bot\u00ebn","description":"Kalendari i namazit - Kalendari i faljeve p\u00ebr t\u00eb gjith\u00eb bot\u00ebn. Vaktia e namazit. M\u00ebsoni dhe printoni orarin e namazeve dhe kiblen p\u00ebr kurdo dhe kudo q\u00eb jeni. Zoti thot\u00eb: P\u00ebrmes namazit b\u00ebni dua. Dhe Profeti a.s.tha: Namazi \u00ebsht\u00eb miraxhi i besimtarit.","robots":{"index":"index","follow":"follow","max-snippet":"max-snippet:-1","max-image-preview":"max-image-preview:large","max-video-preview":"max-video-preview:-1"},"canonical":"https:\/\/www.ahmadiyya-islam.org\/al\/kalendari-i-namazit-kalendari-i-faljeve\/","og_locale":"sq_AL","og_type":"article","og_title":"Kalendari i namazit","og_description":"Kalendari i namazit - Kalendari i faljeve p\u00ebr t\u00eb gjith\u00eb bot\u00ebn. Vaktia e namazit. M\u00ebsoni dhe printoni orarin e namazeve dhe kiblen p\u00ebr kurdo dhe kudo q\u00eb jeni. Zoti thot\u00eb: P\u00ebrmes namazit b\u00ebni dua. Dhe Profeti a.s.tha: Namazi \u00ebsht\u00eb miraxhi i besimtarit.","og_url":"https:\/\/www.ahmadiyya-islam.org\/al\/kalendari-i-namazit-kalendari-i-faljeve\/","og_site_name":"Xhemati Musliman Ahmedia","article_modified_time":"2025-02-01T11:48:06+00:00","og_image":[{"width":917,"height":410,"url":"https:\/\/www.ahmadiyya-islam.org\/al\/wp-content\/uploads\/sites\/3\/2019\/02\/ahmadiyya.png","type":"image\/png"}],"twitter_card":"summary_large_image","twitter_misc":{"Est. reading time":"2 minutes"},"schema":{"@context":"https:\/\/schema.org","@graph":[{"@type":"WebPage","@id":"https:\/\/www.ahmadiyya-islam.org\/al\/kalendari-i-namazit-kalendari-i-faljeve\/","url":"https:\/\/www.ahmadiyya-islam.org\/al\/kalendari-i-namazit-kalendari-i-faljeve\/","name":"Kalendari i namazit - Kalendari i faljeve p\u00ebr t\u00eb gjith\u00eb bot\u00ebn","isPartOf":{"@id":"https:\/\/www.ahmadiyya-islam.org\/al\/#website"},"datePublished":"2018-01-05T21:24:49+00:00","dateModified":"2025-02-01T11:48:06+00:00","description":"Kalendari i namazit - Kalendari i faljeve p\u00ebr t\u00eb gjith\u00eb bot\u00ebn. Vaktia e namazit. M\u00ebsoni dhe printoni orarin e namazeve dhe kiblen p\u00ebr kurdo dhe kudo q\u00eb jeni. Zoti thot\u00eb: P\u00ebrmes namazit b\u00ebni dua. Dhe Profeti a.s.tha: Namazi \u00ebsht\u00eb miraxhi i besimtarit.","breadcrumb":{"@id":"https:\/\/www.ahmadiyya-islam.org\/al\/kalendari-i-namazit-kalendari-i-faljeve\/#breadcrumb"},"inLanguage":"sq-AL","potentialAction":[{"@type":"ReadAction","target":["https:\/\/www.ahmadiyya-islam.org\/al\/kalendari-i-namazit-kalendari-i-faljeve\/"]}]},{"@type":"BreadcrumbList","@id":"https:\/\/www.ahmadiyya-islam.org\/al\/kalendari-i-namazit-kalendari-i-faljeve\/#breadcrumb","itemListElement":[{"@type":"ListItem","position":1,"name":"Home","item":"https:\/\/www.ahmadiyya-islam.org\/al\/"},{"@type":"ListItem","position":2,"name":"Kalendari i namazit"}]},{"@type":"WebSite","@id":"https:\/\/www.ahmadiyya-islam.org\/al\/#website","url":"https:\/\/www.ahmadiyya-islam.org\/al\/","name":"Xhemati Musliman Ahmedia","description":"Albania","potentialAction":[{"@type":"SearchAction","target":{"@type":"EntryPoint","urlTemplate":"https:\/\/www.ahmadiyya-islam.org\/al\/?s={search_term_string}"},"query-input":{"@type":"PropertyValueSpecification","valueRequired":true,"valueName":"search_term_string"}}],"inLanguage":"sq-AL"}]}},"_links":{"self":[{"href":"https:\/\/www.ahmadiyya-islam.org\/al\/wp-json\/wp\/v2\/pages\/7173","targetHints":{"allow":["GET"]}}],"collection":[{"href":"https:\/\/www.ahmadiyya-islam.org\/al\/wp-json\/wp\/v2\/pages"}],"about":[{"href":"https:\/\/www.ahmadiyya-islam.org\/al\/wp-json\/wp\/v2\/types\/page"}],"author":[{"embeddable":true,"href":"https:\/\/www.ahmadiyya-islam.org\/al\/wp-json\/wp\/v2\/users\/5"}],"replies":[{"embeddable":true,"href":"https:\/\/www.ahmadiyya-islam.org\/al\/wp-json\/wp\/v2\/comments?post=7173"}],"version-history":[{"count":2,"href":"https:\/\/www.ahmadiyya-islam.org\/al\/wp-json\/wp\/v2\/pages\/7173\/revisions"}],"predecessor-version":[{"id":19302,"href":"https:\/\/www.ahmadiyya-islam.org\/al\/wp-json\/wp\/v2\/pages\/7173\/revisions\/19302"}],"wp:attachment":[{"href":"https:\/\/www.ahmadiyya-islam.org\/al\/wp-json\/wp\/v2\/media?parent=7173"}],"curies":[{"name":"wp","href":"https:\/\/api.w.org\/{rel}","templated":true}]}}