{"id":7,"date":"2015-04-07T20:55:24","date_gmt":"2015-04-07T20:55:24","guid":{"rendered":"http:\/\/www.ahmadiyya-islam.org\/al\/?page_id=7"},"modified":"2022-10-15T12:34:26","modified_gmt":"2022-10-15T12:34:26","slug":"islami","status":"publish","type":"page","link":"https:\/\/www.ahmadiyya-islam.org\/al\/islami\/","title":{"rendered":"Islami"},"content":{"rendered":"<p>K\u00ebsaj feje, emri Islam, iu dha nga Zoti (El-Maideh 5:4), \u00ebsht\u00eb fjal\u00eb arabe q\u00eb do t\u00eb thot\u00eb bindje dhe paqe. Fjala <em>islam<\/em>\u00a0rrjedh nga rr\u00ebnja e fjal\u00ebs arabe <em>\u2018salema\u2019<\/em> q\u00eb do t\u00eb thot\u00eb: paqe, d\u00eblir\u00ebsi, past\u00ebrti, n\u00ebnshtrim, dhe bindje. Pra <em>\u2018islam\u2019<\/em> do t\u00eb thot\u00eb: rruga e atyre q\u00eb jan\u00eb t\u00eb bindur ndaj Allahut dhe t\u00eb cil\u00ebt vendosin paqen p\u00ebrmes Tij dhe krijesave t\u00eb Tij, ata q\u00eb e ndjekin k\u00ebt\u00eb rrug\u00eb quhen Mysliman\u00eb.<\/p>\n<p>Islami nuk \u00ebsht\u00eb nj\u00eb fe e re. N\u00eb thelb \u00ebsht\u00eb i nj\u00ebjti mesazh dhe m\u00ebsim q\u00eb Allahu iu dha edhe t\u00eb gjith\u00eb profet\u00ebve t\u00eb tjer\u00eb para Profetit Muhamed paqja e m\u00ebshira e zotit qofshin me t\u00eb.<\/p>\n<p>N\u00eb Kuran Allahu thot\u00eb:<\/p>\n<blockquote><p><strong>\u201cThuaj (o Muhamed): Ne besojm\u00eb Allahun, at\u00eb q\u00eb na \u00ebsht\u00eb shpallur neve, at\u00eb q\u00eb i ishte shapallur Ibrahimit, Ismailit, Is\u2019hakut dhe Jakubit dhe fiseve t\u00eb tyre, dhe n\u00eb at\u00eb q\u00eb Zoti i tyre u kishte dh\u00ebn\u00eb Musait, Isait dhe profet\u00ebve t\u00eb tjer\u00eb. Ne nuk b\u00ebjm\u00eb asnj\u00eb dallim midis tyre dhe ne vet\u00ebm Atij (Allahut) i bindemi.\u201d<\/strong><\/p>\n<p style=\"text-align: right;\">[Kurani Fam\u00eblart\u00eb 3:85]<\/p>\n<\/blockquote>\n<h2>\u00a0Islami dhe paqja<\/h2>\n<p>Islami k\u00ebrkon t\u00eb shp\u00ebrndaj\u00eb paqen me t\u00eb gjitha m\u00ebnyrat. Kurani Fam\u00eblart\u00eb fillon me k\u00ebt\u00eb ajet: <strong>Elhamdulilahi Rabbil alamin<\/strong>,\u00a0do t\u00eb thot\u00eb se Zoti q\u00eb na paraqet Islami, nuk \u00ebsht\u00eb vet\u00ebm Zoti i Lindjes apo i Per\u00ebndimit, i ndonj\u00eb kaste apo i ndonj\u00eb vendi t\u00eb ve\u00e7ant\u00eb, por <strong>Ai \u00ebsht\u00eb\u00a0Zot i t\u00eb gjith\u00eb bot\u00ebve\u00a0dhe i m\u00ebshiron t\u00eb gjitha ato.<\/strong>Islami \u00ebsht\u00eb e vetmja fe, t\u00eb cil\u00ebn Vet\u00eb Zoti e ka em\u00ebrtuar si <strong>Islam<\/strong>, q\u00eb do t\u00eb thot\u00eb\u00a0<strong>dh\u00ebnie e siguris\u00eb<\/strong>, nd\u00ebrsa ai q\u00eb ndjek k\u00ebt\u00eb fe, quhet\u00a0<strong>muslim<\/strong>\u00a0(musliman), dometh\u00ebn\u00eb\u00a0<strong>ai q\u00eb mund\u00ebson sigurin\u00eb<\/strong>. T\u00eb praktikuarit e t\u00eb gjitha rregullave dhe udh\u00ebzimeve t\u00eb k\u00ebsaj feje quhet\u00a0<strong>iman<\/strong>, q\u00eb do t\u00eb thot\u00eb\u00a0<strong>p\u00ebrhapje e paqes<\/strong>, dhe personi q\u00eb e pranon k\u00ebt\u00eb Iman quhet\u00a0<strong>mu\u2019min<\/strong>, dometh\u00ebn\u00eb\u00a0<strong>ai q\u00eb p\u00ebrhap paqen me t\u00eb gjitha mund\u00ebsit\u00eb e tij<\/strong>.<\/p>\n<p>S\u00ebrish, Zoti q\u00eb paraqet Islami ka shum\u00eb emra t\u00eb bukur, nj\u00ebri prej tyre \u00ebsht\u00eb\u00a0<strong>Es-Selam<\/strong>, q\u00eb do t\u00eb thot\u00eb,\u00a0<strong>Paqe e plot\u00eb<\/strong>.\u00a0Themeluesit t\u00eb Islamit i \u00ebsht\u00eb dh\u00ebn\u00eb emri\u00a0<strong>Rrahmat-ul-lil-alemin<\/strong>, q\u00eb do t\u00eb thot\u00eb se\u00a0<strong>ai \u00ebsht\u00eb m\u00ebshir\u00eb p\u00ebr t\u00ebr\u00eb universin<\/strong>.\u00a0P\u00ebrpara se t\u00eb shpallej profet nga Zoti, kund\u00ebrshtar\u00ebt e profetit e th\u00ebrrisnin me titullin\u00a0<strong>El-Emin<\/strong>, dometh\u00ebn\u00eb,\u00a0<strong>besnik dhe shp\u00ebrndar\u00ebs i paqes<\/strong>.\u00a0Edhe engj\u00eblli q\u00eb i solli shpalljen hyjnore, Kuranin paq\u00ebsor Profetit Muhammeds.a., n\u00eb Kuran quhet\u00a0<strong>Ruh-ul-Emin<\/strong>, q\u00eb gjithashtu do t\u00eb thot\u00eb,\u00a0<strong>shpirt i besueshm\u00ebris\u00eb dhe i paqes<\/strong>. P\u00ebrsh\u00ebndetja islame q\u00eb m\u00ebson Zoti me an\u00eb t\u00eb Kuranit Fam\u00eblart\u00eb n\u00eb suren En-Nur \u00ebsht\u00eb\u00a0<strong>Selam alejkum ue rrahmatullahi ue barakatuhu<\/strong>, q\u00eb n\u00eb shqip do t\u00eb thot\u00eb, <strong>paqja, m\u00ebshira dhe bekimet e Allahut qofshin mbi ju<\/strong>.\u00a0Vall\u00eb, a mund t\u00eb jet\u00eb kjo fe q\u00eb m\u00ebson dhun\u00ebn dhe terrorizmin?!<\/p>\n<p>Besimtar\u00ebt e v\u00ebrtet\u00eb, padyshim jan\u00eb ata q\u00eb jan\u00eb t\u00eb angazhuar t\u00ebr\u00ebsisht duke p\u00ebrhapur e shp\u00ebrndar\u00eb asgj\u00eb tjet\u00ebr p\u00ebrve\u00e7 paqes, n\u00eb shpirtin e tyre, n\u00eb familjen e tyre, n\u00eb shoq\u00ebrin\u00eb e tyre dhe n\u00eb bot\u00ebn e tyre.<\/p>\n","protected":false},"excerpt":{"rendered":"<p>K\u00ebsaj feje, emri Islam, iu dha nga Zoti (El-Maideh 5:4), \u00ebsht\u00eb fjal\u00eb arabe q\u00eb do t\u00eb thot\u00eb bindje dhe paqe. Fjala islam\u00a0rrjedh nga rr\u00ebnja e fjal\u00ebs arabe \u2018salema\u2019 q\u00eb do t\u00eb thot\u00eb: paqe, d\u00eblir\u00ebsi, past\u00ebrti, n\u00ebnshtrim, dhe bindje. Pra \u2018islam\u2019 do t\u00eb thot\u00eb: rruga e atyre q\u00eb jan\u00eb t\u00eb bindur ndaj Allahut dhe t\u00eb cil\u00ebt<\/p>\n","protected":false},"author":5,"featured_media":0,"parent":0,"menu_order":18,"comment_status":"closed","ping_status":"closed","template":"","meta":{"_acf_changed":false,"footnotes":""},"class_list":["post-7","page","type-page","status-publish","hentry"],"acf":[],"yoast_head":"<!-- This site is optimized with the Yoast SEO Premium plugin v21.1 (Yoast SEO v27.4) - https:\/\/yoast.com\/product\/yoast-seo-premium-wordpress\/ -->\n<title>Islami<\/title>\n<meta name=\"robots\" content=\"index, follow, max-snippet:-1, max-image-preview:large, max-video-preview:-1\" \/>\n<link rel=\"canonical\" href=\"https:\/\/www.ahmadiyya-islam.org\/al\/islami\/\" \/>\n<meta property=\"og:locale\" content=\"sq_AL\" \/>\n<meta property=\"og:type\" content=\"article\" \/>\n<meta property=\"og:title\" content=\"Islami\" \/>\n<meta property=\"og:description\" content=\"K\u00ebsaj feje, emri Islam, iu dha nga Zoti (El-Maideh 5:4), \u00ebsht\u00eb fjal\u00eb arabe q\u00eb do t\u00eb thot\u00eb bindje dhe paqe. Fjala islam\u00a0rrjedh nga rr\u00ebnja e fjal\u00ebs arabe \u2018salema\u2019 q\u00eb do t\u00eb thot\u00eb: paqe, d\u00eblir\u00ebsi, past\u00ebrti, n\u00ebnshtrim, dhe bindje. Pra \u2018islam\u2019 do t\u00eb thot\u00eb: rruga e atyre q\u00eb jan\u00eb t\u00eb bindur ndaj Allahut dhe t\u00eb cil\u00ebt\" \/>\n<meta property=\"og:url\" content=\"https:\/\/www.ahmadiyya-islam.org\/al\/islami\/\" \/>\n<meta property=\"og:site_name\" content=\"Xhemati Musliman Ahmedia\" \/>\n<meta property=\"article:modified_time\" content=\"2022-10-15T12:34:26+00:00\" \/>\n<meta property=\"og:image\" content=\"https:\/\/www.ahmadiyya-islam.org\/al\/wp-content\/uploads\/sites\/3\/2019\/02\/ahmadiyya.png\" \/>\n\t<meta property=\"og:image:width\" content=\"917\" \/>\n\t<meta property=\"og:image:height\" content=\"410\" \/>\n\t<meta property=\"og:image:type\" content=\"image\/png\" \/>\n<meta name=\"twitter:card\" content=\"summary_large_image\" \/>\n<meta name=\"twitter:label1\" content=\"Est. reading time\" \/>\n\t<meta name=\"twitter:data1\" content=\"3 minutes\" \/>\n<script type=\"application\/ld+json\" class=\"yoast-schema-graph\">{\"@context\":\"https:\\\/\\\/schema.org\",\"@graph\":[{\"@type\":\"WebPage\",\"@id\":\"https:\\\/\\\/www.ahmadiyya-islam.org\\\/al\\\/islami\\\/\",\"url\":\"https:\\\/\\\/www.ahmadiyya-islam.org\\\/al\\\/islami\\\/\",\"name\":\"Islami\",\"isPartOf\":{\"@id\":\"https:\\\/\\\/www.ahmadiyya-islam.org\\\/al\\\/#website\"},\"datePublished\":\"2015-04-07T20:55:24+00:00\",\"dateModified\":\"2022-10-15T12:34:26+00:00\",\"breadcrumb\":{\"@id\":\"https:\\\/\\\/www.ahmadiyya-islam.org\\\/al\\\/islami\\\/#breadcrumb\"},\"inLanguage\":\"sq-AL\",\"potentialAction\":[{\"@type\":\"ReadAction\",\"target\":[\"https:\\\/\\\/www.ahmadiyya-islam.org\\\/al\\\/islami\\\/\"]}]},{\"@type\":\"BreadcrumbList\",\"@id\":\"https:\\\/\\\/www.ahmadiyya-islam.org\\\/al\\\/islami\\\/#breadcrumb\",\"itemListElement\":[{\"@type\":\"ListItem\",\"position\":1,\"name\":\"Home\",\"item\":\"https:\\\/\\\/www.ahmadiyya-islam.org\\\/al\\\/\"},{\"@type\":\"ListItem\",\"position\":2,\"name\":\"Islami\"}]},{\"@type\":\"WebSite\",\"@id\":\"https:\\\/\\\/www.ahmadiyya-islam.org\\\/al\\\/#website\",\"url\":\"https:\\\/\\\/www.ahmadiyya-islam.org\\\/al\\\/\",\"name\":\"Xhemati Musliman Ahmedia\",\"description\":\"Albania\",\"potentialAction\":[{\"@type\":\"SearchAction\",\"target\":{\"@type\":\"EntryPoint\",\"urlTemplate\":\"https:\\\/\\\/www.ahmadiyya-islam.org\\\/al\\\/?s={search_term_string}\"},\"query-input\":{\"@type\":\"PropertyValueSpecification\",\"valueRequired\":true,\"valueName\":\"search_term_string\"}}],\"inLanguage\":\"sq-AL\"}]}<\/script>\n<!-- \/ Yoast SEO Premium plugin. -->","yoast_head_json":{"title":"Islami","robots":{"index":"index","follow":"follow","max-snippet":"max-snippet:-1","max-image-preview":"max-image-preview:large","max-video-preview":"max-video-preview:-1"},"canonical":"https:\/\/www.ahmadiyya-islam.org\/al\/islami\/","og_locale":"sq_AL","og_type":"article","og_title":"Islami","og_description":"K\u00ebsaj feje, emri Islam, iu dha nga Zoti (El-Maideh 5:4), \u00ebsht\u00eb fjal\u00eb arabe q\u00eb do t\u00eb thot\u00eb bindje dhe paqe. Fjala islam\u00a0rrjedh nga rr\u00ebnja e fjal\u00ebs arabe \u2018salema\u2019 q\u00eb do t\u00eb thot\u00eb: paqe, d\u00eblir\u00ebsi, past\u00ebrti, n\u00ebnshtrim, dhe bindje. Pra \u2018islam\u2019 do t\u00eb thot\u00eb: rruga e atyre q\u00eb jan\u00eb t\u00eb bindur ndaj Allahut dhe t\u00eb cil\u00ebt","og_url":"https:\/\/www.ahmadiyya-islam.org\/al\/islami\/","og_site_name":"Xhemati Musliman Ahmedia","article_modified_time":"2022-10-15T12:34:26+00:00","og_image":[{"width":917,"height":410,"url":"https:\/\/www.ahmadiyya-islam.org\/al\/wp-content\/uploads\/sites\/3\/2019\/02\/ahmadiyya.png","type":"image\/png"}],"twitter_card":"summary_large_image","twitter_misc":{"Est. reading time":"3 minutes"},"schema":{"@context":"https:\/\/schema.org","@graph":[{"@type":"WebPage","@id":"https:\/\/www.ahmadiyya-islam.org\/al\/islami\/","url":"https:\/\/www.ahmadiyya-islam.org\/al\/islami\/","name":"Islami","isPartOf":{"@id":"https:\/\/www.ahmadiyya-islam.org\/al\/#website"},"datePublished":"2015-04-07T20:55:24+00:00","dateModified":"2022-10-15T12:34:26+00:00","breadcrumb":{"@id":"https:\/\/www.ahmadiyya-islam.org\/al\/islami\/#breadcrumb"},"inLanguage":"sq-AL","potentialAction":[{"@type":"ReadAction","target":["https:\/\/www.ahmadiyya-islam.org\/al\/islami\/"]}]},{"@type":"BreadcrumbList","@id":"https:\/\/www.ahmadiyya-islam.org\/al\/islami\/#breadcrumb","itemListElement":[{"@type":"ListItem","position":1,"name":"Home","item":"https:\/\/www.ahmadiyya-islam.org\/al\/"},{"@type":"ListItem","position":2,"name":"Islami"}]},{"@type":"WebSite","@id":"https:\/\/www.ahmadiyya-islam.org\/al\/#website","url":"https:\/\/www.ahmadiyya-islam.org\/al\/","name":"Xhemati Musliman Ahmedia","description":"Albania","potentialAction":[{"@type":"SearchAction","target":{"@type":"EntryPoint","urlTemplate":"https:\/\/www.ahmadiyya-islam.org\/al\/?s={search_term_string}"},"query-input":{"@type":"PropertyValueSpecification","valueRequired":true,"valueName":"search_term_string"}}],"inLanguage":"sq-AL"}]}},"_links":{"self":[{"href":"https:\/\/www.ahmadiyya-islam.org\/al\/wp-json\/wp\/v2\/pages\/7","targetHints":{"allow":["GET"]}}],"collection":[{"href":"https:\/\/www.ahmadiyya-islam.org\/al\/wp-json\/wp\/v2\/pages"}],"about":[{"href":"https:\/\/www.ahmadiyya-islam.org\/al\/wp-json\/wp\/v2\/types\/page"}],"author":[{"embeddable":true,"href":"https:\/\/www.ahmadiyya-islam.org\/al\/wp-json\/wp\/v2\/users\/5"}],"replies":[{"embeddable":true,"href":"https:\/\/www.ahmadiyya-islam.org\/al\/wp-json\/wp\/v2\/comments?post=7"}],"version-history":[{"count":1,"href":"https:\/\/www.ahmadiyya-islam.org\/al\/wp-json\/wp\/v2\/pages\/7\/revisions"}],"predecessor-version":[{"id":18762,"href":"https:\/\/www.ahmadiyya-islam.org\/al\/wp-json\/wp\/v2\/pages\/7\/revisions\/18762"}],"wp:attachment":[{"href":"https:\/\/www.ahmadiyya-islam.org\/al\/wp-json\/wp\/v2\/media?parent=7"}],"curies":[{"name":"wp","href":"https:\/\/api.w.org\/{rel}","templated":true}]}}