{"id":480,"date":"2015-04-14T07:04:52","date_gmt":"2015-04-14T07:04:52","guid":{"rendered":"http:\/\/www.ahmadiyya-islam.org\/al\/?page_id=480"},"modified":"2026-04-17T09:34:47","modified_gmt":"2026-04-17T09:34:47","slug":"home","status":"publish","type":"page","link":"https:\/\/www.ahmadiyya-islam.org\/al\/","title":{"rendered":"Kreu"},"content":{"rendered":"","protected":false},"excerpt":{"rendered":"","protected":false},"author":1,"featured_media":7945,"parent":0,"menu_order":3,"comment_status":"closed","ping_status":"closed","template":"pages\/template-home.php","meta":{"_acf_changed":false,"footnotes":""},"class_list":["post-480","page","type-page","status-publish","has-post-thumbnail","hentry"],"acf":[],"yoast_head":"<!-- This site is optimized with the Yoast SEO Premium plugin v21.1 (Yoast SEO v27.4) - https:\/\/yoast.com\/product\/yoast-seo-premium-wordpress\/ -->\n<title>Islami i v\u00ebrtet\u00eb Online<\/title>\n<meta name=\"description\" content=\"Islam-Ahmediati. M\u00ebsimet e v\u00ebrteta t\u00eb Islamit q\u00eb burojn\u00eb nga Kurani dhe Profeti Muhammed a.s. Gjeni komentime mahnit\u00ebse t\u00eb Kuranit dhe t\u00eb haditheve, lutje etj.\" \/>\n<meta name=\"robots\" content=\"index, follow, max-snippet:-1, max-image-preview:large, max-video-preview:-1\" \/>\n<link rel=\"canonical\" href=\"https:\/\/www.ahmadiyya-islam.org\/al\/\" \/>\n<meta property=\"og:locale\" content=\"sq_AL\" \/>\n<meta property=\"og:type\" content=\"article\" \/>\n<meta property=\"og:title\" content=\"Kreu\" \/>\n<meta property=\"og:description\" content=\"Islam-Ahmediati. M\u00ebsimet e v\u00ebrteta t\u00eb Islamit q\u00eb burojn\u00eb nga Kurani dhe Profeti Muhammed a.s. Gjeni komentime mahnit\u00ebse t\u00eb Kuranit dhe t\u00eb haditheve, lutje etj.\" \/>\n<meta property=\"og:url\" content=\"https:\/\/www.ahmadiyya-islam.org\/al\/\" \/>\n<meta property=\"og:site_name\" content=\"Xhemati Musliman Ahmedia\" \/>\n<meta property=\"article:modified_time\" content=\"2026-04-17T09:34:47+00:00\" \/>\n<meta property=\"og:image\" content=\"https:\/\/www.ahmadiyya-islam.org\/al\/wp-content\/uploads\/sites\/3\/2018\/08\/Ura-e-Mesit-2.jpg\" \/>\n\t<meta property=\"og:image:width\" content=\"1600\" \/>\n\t<meta property=\"og:image:height\" content=\"800\" \/>\n\t<meta property=\"og:image:type\" content=\"image\/jpeg\" \/>\n<meta name=\"twitter:card\" content=\"summary_large_image\" \/>\n<meta name=\"twitter:label1\" content=\"Est. reading time\" \/>\n\t<meta name=\"twitter:data1\" content=\"2 minutes\" \/>\n<script type=\"application\/ld+json\" class=\"yoast-schema-graph\">{\"@context\":\"https:\\\/\\\/schema.org\",\"@graph\":[{\"@type\":\"WebPage\",\"@id\":\"https:\\\/\\\/www.ahmadiyya-islam.org\\\/al\\\/\",\"url\":\"https:\\\/\\\/www.ahmadiyya-islam.org\\\/al\\\/\",\"name\":\"Islami i v\u00ebrtet\u00eb Online\",\"isPartOf\":{\"@id\":\"https:\\\/\\\/www.ahmadiyya-islam.org\\\/al\\\/#website\"},\"primaryImageOfPage\":{\"@id\":\"https:\\\/\\\/www.ahmadiyya-islam.org\\\/al\\\/#primaryimage\"},\"image\":{\"@id\":\"https:\\\/\\\/www.ahmadiyya-islam.org\\\/al\\\/#primaryimage\"},\"thumbnailUrl\":\"https:\\\/\\\/www.ahmadiyya-islam.org\\\/al\\\/wp-content\\\/uploads\\\/sites\\\/3\\\/2018\\\/08\\\/Ura-e-Mesit-2.jpg\",\"datePublished\":\"2015-04-14T07:04:52+00:00\",\"dateModified\":\"2026-04-17T09:34:47+00:00\",\"description\":\"Islam-Ahmediati. M\u00ebsimet e v\u00ebrteta t\u00eb Islamit q\u00eb burojn\u00eb nga Kurani dhe Profeti Muhammed a.s. Gjeni komentime mahnit\u00ebse t\u00eb Kuranit dhe t\u00eb haditheve, lutje etj.\",\"breadcrumb\":{\"@id\":\"https:\\\/\\\/www.ahmadiyya-islam.org\\\/al\\\/#breadcrumb\"},\"inLanguage\":\"sq-AL\",\"potentialAction\":[{\"@type\":\"ReadAction\",\"target\":[\"https:\\\/\\\/www.ahmadiyya-islam.org\\\/al\\\/\"]}]},{\"@type\":\"ImageObject\",\"inLanguage\":\"sq-AL\",\"@id\":\"https:\\\/\\\/www.ahmadiyya-islam.org\\\/al\\\/#primaryimage\",\"url\":\"https:\\\/\\\/www.ahmadiyya-islam.org\\\/al\\\/wp-content\\\/uploads\\\/sites\\\/3\\\/2018\\\/08\\\/Ura-e-Mesit-2.jpg\",\"contentUrl\":\"https:\\\/\\\/www.ahmadiyya-islam.org\\\/al\\\/wp-content\\\/uploads\\\/sites\\\/3\\\/2018\\\/08\\\/Ura-e-Mesit-2.jpg\",\"width\":1600,\"height\":800,\"caption\":\"ura e mesit\"},{\"@type\":\"BreadcrumbList\",\"@id\":\"https:\\\/\\\/www.ahmadiyya-islam.org\\\/al\\\/#breadcrumb\",\"itemListElement\":[{\"@type\":\"ListItem\",\"position\":1,\"name\":\"Home\",\"item\":\"https:\\\/\\\/www.ahmadiyya-islam.org\\\/al\\\/\"},{\"@type\":\"ListItem\",\"position\":2,\"name\":\"Kreu\"}]},{\"@type\":\"WebSite\",\"@id\":\"https:\\\/\\\/www.ahmadiyya-islam.org\\\/al\\\/#website\",\"url\":\"https:\\\/\\\/www.ahmadiyya-islam.org\\\/al\\\/\",\"name\":\"Xhemati Musliman Ahmedia\",\"description\":\"Albania\",\"potentialAction\":[{\"@type\":\"SearchAction\",\"target\":{\"@type\":\"EntryPoint\",\"urlTemplate\":\"https:\\\/\\\/www.ahmadiyya-islam.org\\\/al\\\/?s={search_term_string}\"},\"query-input\":{\"@type\":\"PropertyValueSpecification\",\"valueRequired\":true,\"valueName\":\"search_term_string\"}}],\"inLanguage\":\"sq-AL\"}]}<\/script>\n<!-- \/ Yoast SEO Premium plugin. -->","yoast_head_json":{"title":"Islami i v\u00ebrtet\u00eb Online","description":"Islam-Ahmediati. M\u00ebsimet e v\u00ebrteta t\u00eb Islamit q\u00eb burojn\u00eb nga Kurani dhe Profeti Muhammed a.s. Gjeni komentime mahnit\u00ebse t\u00eb Kuranit dhe t\u00eb haditheve, lutje etj.","robots":{"index":"index","follow":"follow","max-snippet":"max-snippet:-1","max-image-preview":"max-image-preview:large","max-video-preview":"max-video-preview:-1"},"canonical":"https:\/\/www.ahmadiyya-islam.org\/al\/","og_locale":"sq_AL","og_type":"article","og_title":"Kreu","og_description":"Islam-Ahmediati. M\u00ebsimet e v\u00ebrteta t\u00eb Islamit q\u00eb burojn\u00eb nga Kurani dhe Profeti Muhammed a.s. Gjeni komentime mahnit\u00ebse t\u00eb Kuranit dhe t\u00eb haditheve, lutje etj.","og_url":"https:\/\/www.ahmadiyya-islam.org\/al\/","og_site_name":"Xhemati Musliman Ahmedia","article_modified_time":"2026-04-17T09:34:47+00:00","og_image":[{"width":1600,"height":800,"url":"https:\/\/www.ahmadiyya-islam.org\/al\/wp-content\/uploads\/sites\/3\/2018\/08\/Ura-e-Mesit-2.jpg","type":"image\/jpeg"}],"twitter_card":"summary_large_image","twitter_misc":{"Est. reading time":"2 minutes"},"schema":{"@context":"https:\/\/schema.org","@graph":[{"@type":"WebPage","@id":"https:\/\/www.ahmadiyya-islam.org\/al\/","url":"https:\/\/www.ahmadiyya-islam.org\/al\/","name":"Islami i v\u00ebrtet\u00eb Online","isPartOf":{"@id":"https:\/\/www.ahmadiyya-islam.org\/al\/#website"},"primaryImageOfPage":{"@id":"https:\/\/www.ahmadiyya-islam.org\/al\/#primaryimage"},"image":{"@id":"https:\/\/www.ahmadiyya-islam.org\/al\/#primaryimage"},"thumbnailUrl":"https:\/\/www.ahmadiyya-islam.org\/al\/wp-content\/uploads\/sites\/3\/2018\/08\/Ura-e-Mesit-2.jpg","datePublished":"2015-04-14T07:04:52+00:00","dateModified":"2026-04-17T09:34:47+00:00","description":"Islam-Ahmediati. M\u00ebsimet e v\u00ebrteta t\u00eb Islamit q\u00eb burojn\u00eb nga Kurani dhe Profeti Muhammed a.s. Gjeni komentime mahnit\u00ebse t\u00eb Kuranit dhe t\u00eb haditheve, lutje etj.","breadcrumb":{"@id":"https:\/\/www.ahmadiyya-islam.org\/al\/#breadcrumb"},"inLanguage":"sq-AL","potentialAction":[{"@type":"ReadAction","target":["https:\/\/www.ahmadiyya-islam.org\/al\/"]}]},{"@type":"ImageObject","inLanguage":"sq-AL","@id":"https:\/\/www.ahmadiyya-islam.org\/al\/#primaryimage","url":"https:\/\/www.ahmadiyya-islam.org\/al\/wp-content\/uploads\/sites\/3\/2018\/08\/Ura-e-Mesit-2.jpg","contentUrl":"https:\/\/www.ahmadiyya-islam.org\/al\/wp-content\/uploads\/sites\/3\/2018\/08\/Ura-e-Mesit-2.jpg","width":1600,"height":800,"caption":"ura e mesit"},{"@type":"BreadcrumbList","@id":"https:\/\/www.ahmadiyya-islam.org\/al\/#breadcrumb","itemListElement":[{"@type":"ListItem","position":1,"name":"Home","item":"https:\/\/www.ahmadiyya-islam.org\/al\/"},{"@type":"ListItem","position":2,"name":"Kreu"}]},{"@type":"WebSite","@id":"https:\/\/www.ahmadiyya-islam.org\/al\/#website","url":"https:\/\/www.ahmadiyya-islam.org\/al\/","name":"Xhemati Musliman Ahmedia","description":"Albania","potentialAction":[{"@type":"SearchAction","target":{"@type":"EntryPoint","urlTemplate":"https:\/\/www.ahmadiyya-islam.org\/al\/?s={search_term_string}"},"query-input":{"@type":"PropertyValueSpecification","valueRequired":true,"valueName":"search_term_string"}}],"inLanguage":"sq-AL"}]}},"_links":{"self":[{"href":"https:\/\/www.ahmadiyya-islam.org\/al\/wp-json\/wp\/v2\/pages\/480","targetHints":{"allow":["GET"]}}],"collection":[{"href":"https:\/\/www.ahmadiyya-islam.org\/al\/wp-json\/wp\/v2\/pages"}],"about":[{"href":"https:\/\/www.ahmadiyya-islam.org\/al\/wp-json\/wp\/v2\/types\/page"}],"author":[{"embeddable":true,"href":"https:\/\/www.ahmadiyya-islam.org\/al\/wp-json\/wp\/v2\/users\/1"}],"replies":[{"embeddable":true,"href":"https:\/\/www.ahmadiyya-islam.org\/al\/wp-json\/wp\/v2\/comments?post=480"}],"version-history":[{"count":1,"href":"https:\/\/www.ahmadiyya-islam.org\/al\/wp-json\/wp\/v2\/pages\/480\/revisions"}],"predecessor-version":[{"id":19868,"href":"https:\/\/www.ahmadiyya-islam.org\/al\/wp-json\/wp\/v2\/pages\/480\/revisions\/19868"}],"wp:featuredmedia":[{"embeddable":true,"href":"https:\/\/www.ahmadiyya-islam.org\/al\/wp-json\/wp\/v2\/media\/7945"}],"wp:attachment":[{"href":"https:\/\/www.ahmadiyya-islam.org\/al\/wp-json\/wp\/v2\/media?parent=480"}],"curies":[{"name":"wp","href":"https:\/\/api.w.org\/{rel}","templated":true}]}}