{"id":2440,"date":"2015-05-29T15:37:42","date_gmt":"2015-05-29T15:37:42","guid":{"rendered":"http:\/\/www.ahmadiyya-islam.org\/al\/?page_id=2440"},"modified":"2022-06-18T13:34:09","modified_gmt":"2022-06-18T13:34:09","slug":"kontaktoni","status":"publish","type":"page","link":"https:\/\/www.ahmadiyya-islam.org\/al\/kontaktoni\/","title":{"rendered":"Kontaktoni"},"content":{"rendered":"<p>Ju lutemi, na kontaktoni:<\/p>\n<p>Me SMS ose p\u00ebrmes <strong>Whatsapp<\/strong>, <strong>Viber<\/strong> a <strong>Telegram<\/strong> n\u00eb numrin ton\u00eb <strong>+355694644888<\/strong><\/p>\n<p>Emal:\u00a0<span style=\"color: #3366ff;\">amj.albania@gmail.com\u00a0<\/span>ose\u00a0<span style=\"color: #3366ff;\">albanian@ahmadiyya-islam.org<\/span><\/p>\n<p>ose na gjeni n\u00eb adresat e posht\u00ebsh\u00ebnuara. Ju mir\u00ebpresim!<\/p>\n<p><strong>Shqip\u00ebri:<\/strong><br \/>\nXhemati Musliman Ahmedia i Shqip\u00ebris\u00eb,<br \/>\nRr. \u201cPavar\u00ebsia\u201d, M\u00ebzez,<br \/>\nKutia Postare 8176,<br \/>\nTiran\u00eb, Shqip\u00ebri (Albania)<br \/>\nKontakt<\/p>\n<p><strong>Kosov\u00eb:<\/strong><br \/>\nXhemati Musliman Ahmedia i Kosov\u00ebs<br \/>\nRr. \u201cHolger Pedersen\u201d, Lagjja e Spitalit, Prishtin\u00eb<br \/>\nKontakte n\u00eb Kosov\u00eb:\u00a0+38349271305;\u00a0+38344578886<\/p>\n<ul>\n<li>Webfaqja e Xhematit nd\u00ebrkomb\u00ebtar: <a href=\"https:\/\/www.alislam.org\/\" target=\"_blank\" rel=\"noopener\">www.alislam.org<\/a><\/li>\n<li>Ndiqni Live kanalin e Xhematit Musilman Ahmedia nd\u00ebrkomb\u00ebtar: <a href=\"https:\/\/www.mta.tv\/live\" target=\"_blank\" rel=\"noopener\">www.mta.tv\/live<\/a><\/li>\n<li>Webfaqja e Xhematit t\u00eb Gjermanis\u00eb: <a href=\"https:\/\/ahmadiyya.de\/home\/\" target=\"_blank\" rel=\"noopener\">www.ahmadiyya.de<\/a><\/li>\n<\/ul>\n","protected":false},"excerpt":{"rendered":"<p>Ju lutemi, na kontaktoni: Me SMS ose p\u00ebrmes Whatsapp, Viber a Telegram n\u00eb numrin ton\u00eb +355694644888 Emal:\u00a0amj.albania@gmail.com\u00a0ose\u00a0albanian@ahmadiyya-islam.org ose na gjeni n\u00eb adresat e posht\u00ebsh\u00ebnuara. Ju mir\u00ebpresim! Shqip\u00ebri: Xhemati Musliman Ahmedia i Shqip\u00ebris\u00eb, Rr. \u201cPavar\u00ebsia\u201d, M\u00ebzez, Kutia Postare 8176, Tiran\u00eb, Shqip\u00ebri (Albania) Kontakt Kosov\u00eb: Xhemati Musliman Ahmedia i Kosov\u00ebs Rr. \u201cHolger Pedersen\u201d, Lagjja e Spitalit, Prishtin\u00eb<\/p>\n","protected":false},"author":5,"featured_media":0,"parent":0,"menu_order":0,"comment_status":"closed","ping_status":"closed","template":"","meta":{"_acf_changed":false,"footnotes":""},"class_list":["post-2440","page","type-page","status-publish","hentry"],"acf":[],"yoast_head":"<!-- This site is optimized with the Yoast SEO Premium plugin v21.1 (Yoast SEO v27.0) - https:\/\/yoast.com\/product\/yoast-seo-premium-wordpress\/ -->\n<title>Kontaktoni<\/title>\n<meta name=\"robots\" content=\"index, follow, max-snippet:-1, max-image-preview:large, max-video-preview:-1\" \/>\n<link rel=\"canonical\" href=\"https:\/\/www.ahmadiyya-islam.org\/al\/kontaktoni\/\" \/>\n<meta property=\"og:locale\" content=\"sq_AL\" \/>\n<meta property=\"og:type\" content=\"article\" \/>\n<meta property=\"og:title\" content=\"Kontaktoni\" \/>\n<meta property=\"og:description\" content=\"Ju lutemi, na kontaktoni: Me SMS ose p\u00ebrmes Whatsapp, Viber a Telegram n\u00eb numrin ton\u00eb +355694644888 Emal:\u00a0amj.albania@gmail.com\u00a0ose\u00a0albanian@ahmadiyya-islam.org ose na gjeni n\u00eb adresat e posht\u00ebsh\u00ebnuara. Ju mir\u00ebpresim! Shqip\u00ebri: Xhemati Musliman Ahmedia i Shqip\u00ebris\u00eb, Rr. \u201cPavar\u00ebsia\u201d, M\u00ebzez, Kutia Postare 8176, Tiran\u00eb, Shqip\u00ebri (Albania) Kontakt Kosov\u00eb: Xhemati Musliman Ahmedia i Kosov\u00ebs Rr. \u201cHolger Pedersen\u201d, Lagjja e Spitalit, Prishtin\u00eb\" \/>\n<meta property=\"og:url\" content=\"https:\/\/www.ahmadiyya-islam.org\/al\/kontaktoni\/\" \/>\n<meta property=\"og:site_name\" content=\"Xhemati Musliman Ahmedia\" \/>\n<meta property=\"article:modified_time\" content=\"2022-06-18T13:34:09+00:00\" \/>\n<meta property=\"og:image\" content=\"https:\/\/www.ahmadiyya-islam.org\/al\/wp-content\/uploads\/sites\/3\/2019\/02\/ahmadiyya.png\" \/>\n\t<meta property=\"og:image:width\" content=\"917\" \/>\n\t<meta property=\"og:image:height\" content=\"410\" \/>\n\t<meta property=\"og:image:type\" content=\"image\/png\" \/>\n<meta name=\"twitter:card\" content=\"summary_large_image\" \/>\n<meta name=\"twitter:label1\" content=\"Est. reading time\" \/>\n\t<meta name=\"twitter:data1\" content=\"1 minute\" \/>\n<script type=\"application\/ld+json\" class=\"yoast-schema-graph\">{\"@context\":\"https:\/\/schema.org\",\"@graph\":[{\"@type\":\"WebPage\",\"@id\":\"https:\/\/www.ahmadiyya-islam.org\/al\/kontaktoni\/\",\"url\":\"https:\/\/www.ahmadiyya-islam.org\/al\/kontaktoni\/\",\"name\":\"Kontaktoni\",\"isPartOf\":{\"@id\":\"https:\/\/www.ahmadiyya-islam.org\/al\/#website\"},\"datePublished\":\"2015-05-29T15:37:42+00:00\",\"dateModified\":\"2022-06-18T13:34:09+00:00\",\"breadcrumb\":{\"@id\":\"https:\/\/www.ahmadiyya-islam.org\/al\/kontaktoni\/#breadcrumb\"},\"inLanguage\":\"sq-AL\",\"potentialAction\":[{\"@type\":\"ReadAction\",\"target\":[\"https:\/\/www.ahmadiyya-islam.org\/al\/kontaktoni\/\"]}]},{\"@type\":\"BreadcrumbList\",\"@id\":\"https:\/\/www.ahmadiyya-islam.org\/al\/kontaktoni\/#breadcrumb\",\"itemListElement\":[{\"@type\":\"ListItem\",\"position\":1,\"name\":\"Home\",\"item\":\"https:\/\/www.ahmadiyya-islam.org\/al\/\"},{\"@type\":\"ListItem\",\"position\":2,\"name\":\"Kontaktoni\"}]},{\"@type\":\"WebSite\",\"@id\":\"https:\/\/www.ahmadiyya-islam.org\/al\/#website\",\"url\":\"https:\/\/www.ahmadiyya-islam.org\/al\/\",\"name\":\"Xhemati Musliman Ahmedia\",\"description\":\"Albania\",\"potentialAction\":[{\"@type\":\"SearchAction\",\"target\":{\"@type\":\"EntryPoint\",\"urlTemplate\":\"https:\/\/www.ahmadiyya-islam.org\/al\/?s={search_term_string}\"},\"query-input\":{\"@type\":\"PropertyValueSpecification\",\"valueRequired\":true,\"valueName\":\"search_term_string\"}}],\"inLanguage\":\"sq-AL\"}]}<\/script>\n<!-- \/ Yoast SEO Premium plugin. -->","yoast_head_json":{"title":"Kontaktoni","robots":{"index":"index","follow":"follow","max-snippet":"max-snippet:-1","max-image-preview":"max-image-preview:large","max-video-preview":"max-video-preview:-1"},"canonical":"https:\/\/www.ahmadiyya-islam.org\/al\/kontaktoni\/","og_locale":"sq_AL","og_type":"article","og_title":"Kontaktoni","og_description":"Ju lutemi, na kontaktoni: Me SMS ose p\u00ebrmes Whatsapp, Viber a Telegram n\u00eb numrin ton\u00eb +355694644888 Emal:\u00a0amj.albania@gmail.com\u00a0ose\u00a0albanian@ahmadiyya-islam.org ose na gjeni n\u00eb adresat e posht\u00ebsh\u00ebnuara. Ju mir\u00ebpresim! Shqip\u00ebri: Xhemati Musliman Ahmedia i Shqip\u00ebris\u00eb, Rr. \u201cPavar\u00ebsia\u201d, M\u00ebzez, Kutia Postare 8176, Tiran\u00eb, Shqip\u00ebri (Albania) Kontakt Kosov\u00eb: Xhemati Musliman Ahmedia i Kosov\u00ebs Rr. \u201cHolger Pedersen\u201d, Lagjja e Spitalit, Prishtin\u00eb","og_url":"https:\/\/www.ahmadiyya-islam.org\/al\/kontaktoni\/","og_site_name":"Xhemati Musliman Ahmedia","article_modified_time":"2022-06-18T13:34:09+00:00","og_image":[{"width":917,"height":410,"url":"https:\/\/www.ahmadiyya-islam.org\/al\/wp-content\/uploads\/sites\/3\/2019\/02\/ahmadiyya.png","type":"image\/png"}],"twitter_card":"summary_large_image","twitter_misc":{"Est. reading time":"1 minute"},"schema":{"@context":"https:\/\/schema.org","@graph":[{"@type":"WebPage","@id":"https:\/\/www.ahmadiyya-islam.org\/al\/kontaktoni\/","url":"https:\/\/www.ahmadiyya-islam.org\/al\/kontaktoni\/","name":"Kontaktoni","isPartOf":{"@id":"https:\/\/www.ahmadiyya-islam.org\/al\/#website"},"datePublished":"2015-05-29T15:37:42+00:00","dateModified":"2022-06-18T13:34:09+00:00","breadcrumb":{"@id":"https:\/\/www.ahmadiyya-islam.org\/al\/kontaktoni\/#breadcrumb"},"inLanguage":"sq-AL","potentialAction":[{"@type":"ReadAction","target":["https:\/\/www.ahmadiyya-islam.org\/al\/kontaktoni\/"]}]},{"@type":"BreadcrumbList","@id":"https:\/\/www.ahmadiyya-islam.org\/al\/kontaktoni\/#breadcrumb","itemListElement":[{"@type":"ListItem","position":1,"name":"Home","item":"https:\/\/www.ahmadiyya-islam.org\/al\/"},{"@type":"ListItem","position":2,"name":"Kontaktoni"}]},{"@type":"WebSite","@id":"https:\/\/www.ahmadiyya-islam.org\/al\/#website","url":"https:\/\/www.ahmadiyya-islam.org\/al\/","name":"Xhemati Musliman Ahmedia","description":"Albania","potentialAction":[{"@type":"SearchAction","target":{"@type":"EntryPoint","urlTemplate":"https:\/\/www.ahmadiyya-islam.org\/al\/?s={search_term_string}"},"query-input":{"@type":"PropertyValueSpecification","valueRequired":true,"valueName":"search_term_string"}}],"inLanguage":"sq-AL"}]}},"_links":{"self":[{"href":"https:\/\/www.ahmadiyya-islam.org\/al\/wp-json\/wp\/v2\/pages\/2440","targetHints":{"allow":["GET"]}}],"collection":[{"href":"https:\/\/www.ahmadiyya-islam.org\/al\/wp-json\/wp\/v2\/pages"}],"about":[{"href":"https:\/\/www.ahmadiyya-islam.org\/al\/wp-json\/wp\/v2\/types\/page"}],"author":[{"embeddable":true,"href":"https:\/\/www.ahmadiyya-islam.org\/al\/wp-json\/wp\/v2\/users\/5"}],"replies":[{"embeddable":true,"href":"https:\/\/www.ahmadiyya-islam.org\/al\/wp-json\/wp\/v2\/comments?post=2440"}],"version-history":[{"count":2,"href":"https:\/\/www.ahmadiyya-islam.org\/al\/wp-json\/wp\/v2\/pages\/2440\/revisions"}],"predecessor-version":[{"id":18654,"href":"https:\/\/www.ahmadiyya-islam.org\/al\/wp-json\/wp\/v2\/pages\/2440\/revisions\/18654"}],"wp:attachment":[{"href":"https:\/\/www.ahmadiyya-islam.org\/al\/wp-json\/wp\/v2\/media?parent=2440"}],"curies":[{"name":"wp","href":"https:\/\/api.w.org\/{rel}","templated":true}]}}